{"id":1194,"date":"2021-03-10T06:21:42","date_gmt":"2021-03-10T06:21:42","guid":{"rendered":"https:\/\/codeofbusinessconduct.equinix.com\/?page_id=1194"},"modified":"2025-12-15T09:53:17","modified_gmt":"2025-12-15T09:53:17","slug":"our-community","status":"publish","type":"page","link":"https:\/\/codeofbusinessconduct.equinix.com\/tr\/our-community\/","title":{"rendered":"TOPLULU\u011eUMUZ"},"content":{"rendered":"<section class=\"wpb-content-wrapper\"><p>[vc_row css_animation=&#8221;&#8221; row_type=&#8221;row&#8221; use_row_as_full_screen_section=&#8221;no&#8221; type=&#8221;full_width&#8221; angled_section=&#8221;no&#8221; text_align=&#8221;left&#8221; background_image_as_pattern=&#8221;without_pattern&#8221;][vc_column][vc_single_image image=&#8221;4118&#8243; img_size=&#8221;full&#8221; qode_css_animation=&#8221;&#8221;][vc_empty_space height=&#8221;8px&#8221;][vc_column_text]<\/p>\n<h3>TOPLULU\u011eUMUZ<\/h3>\n<div class=\"lead\">Topluluklar\u0131m\u0131zda ve d\u00fcnya geneline pozitif etki yaratmak<\/div>\n<p>[\/vc_column_text][\/vc_column][\/vc_row][vc_row css_animation=&#8221;&#8221; row_type=&#8221;row&#8221; use_row_as_full_screen_section=&#8221;no&#8221; type=&#8221;full_width&#8221; angled_section=&#8221;no&#8221; text_align=&#8221;left&#8221; background_image_as_pattern=&#8221;without_pattern&#8221; z_index=&#8221;&#8221; padding_top=&#8221;34&#8243; padding_bottom=&#8221;20&#8243; anchor=&#8221;Human_rights&#8221;][vc_column width=&#8221;1\/3&#8243; css=&#8221;.vc_custom_1616046555280{padding-bottom: 20px !important;}&#8221;][vc_column_text]<\/p>\n<h4>\u0130NSAN HAKLARI<\/h4>\n<p>Equinix d\u00fcnya genelinde her t\u00fcrl\u00fc insan hakk\u0131n\u0131n korunmas\u0131n\u0131 destekler ve bu haklara sayg\u0131 duyar. \u00c7al\u0131\u015fanlar\u0131m\u0131z\u0131n ve birlikte \u00e7al\u0131\u015ft\u0131\u011f\u0131m\u0131z \u015firketlerin \u00e7al\u0131\u015fanlar\u0131n\u0131n temel insan haklar\u0131n\u0131 korumak ilkemizdir. \u00dcr\u00fcn ve hizmet sa\u011flay\u0131c\u0131lar\u0131m\u0131zdan ve i\u015f ortaklar\u0131m\u0131zdan da ayn\u0131 y\u00fcksek standartlara uymalar\u0131n\u0131 bekleriz.[\/vc_column_text][\/vc_column][vc_column width=&#8221;2\/3&#8243; css=&#8221;.vc_custom_1615547407753{padding-bottom: 20px !important;}&#8221;][vc_single_image image=&#8221;1196&#8243; img_size=&#8221;full&#8221; alignment=&#8221;center&#8221; qode_css_animation=&#8221;&#8221;][\/vc_column][\/vc_row][vc_row css_animation=&#8221;&#8221; row_type=&#8221;row&#8221; use_row_as_full_screen_section=&#8221;no&#8221; type=&#8221;full_width&#8221; angled_section=&#8221;no&#8221; text_align=&#8221;left&#8221; background_image_as_pattern=&#8221;without_pattern&#8221; z_index=&#8221;&#8221; padding_bottom=&#8221;30&#8243; anchor=&#8221;Charitable_contributions&#8221;][vc_column width=&#8221;1\/2&#8243; el_class=&#8221;purpose_values&#8221;][vc_column_text]<\/p>\n<h4>HAYIR KURUMLARINA YAPILAN YARDIMLAR<\/h4>\n<p><strong>Toplumdan ald\u0131klar\u0131m\u0131z\u0131 topluma geri vermek.<\/strong> Equinix, \u00e7al\u0131\u015fanlar\u0131n i\u00e7inde ya\u015fad\u0131klar\u0131 ve \u00e7al\u0131\u015ft\u0131klar\u0131 topluluklar \u00fczerinde pozitif etki yaratmalar\u0131n\u0131 te\u015fvik eder. Ayr\u0131ca Equinix olarak i\u015fletmemiz, \u00e7al\u0131\u015fanlar\u0131m\u0131z ve topluluklar\u0131m\u0131z i\u00e7in en \u00f6nemli sosyal ve ekonomik sorunlar ile s\u00fcrd\u00fcr\u00fclebilirlik sorunlar\u0131 konusunda destek sa\u011flamakta kararl\u0131y\u0131z. Equinix, hay\u0131r ama\u00e7l\u0131 yard\u0131mlar ba\u011flam\u0131nda, kendi faaliyetleriyle alaka d\u00fczeyine de bakarak, \u015eirket ba\u011f\u0131\u015flar\u0131 yoluyla destekleyece\u011fi baz\u0131 odak alanlar\u0131 belirlemi\u015ftir. Odak alanlar\u0131m\u0131z g\u00f6z \u00f6n\u00fcne al\u0131nd\u0131\u011f\u0131nda, genellikle ilk ad\u0131m\u0131n\u0131 bizzat atmad\u0131\u011f\u0131m\u0131z maddi destek taleplerini kabul etmeyiz. Bunun yerine stratejik program alanlar\u0131m\u0131z ve finansman \u00f6nceliklerimize katk\u0131 sa\u011flayan teklif talepleri almak i\u00e7in davette bulunuruz. Kurumsal Sosyal Sorumluluk ekibi bu talepleri inceleyip de\u011ferlendirmekten sorumludur.<\/p>\n<p>Equinix, \u00e7al\u0131\u015fanlar\u0131n\u0131 hay\u0131r kurumlar\u0131na bireysel olarak ba\u011f\u0131\u015fta bulunmaya te\u015fvik eder. Ancak Equinix hi\u00e7bir ko\u015ful alt\u0131nda \u00e7al\u0131\u015fanlar\u0131n\u0131n yard\u0131m kurulu\u015flar\u0131na, k\u00e2r amac\u0131 g\u00fctmeyen kurulu\u015flara veya sivil toplum kurulu\u015flar\u0131na yapt\u0131klar\u0131 bireysel veya ki\u015fisel yard\u0131mlar\u0131 onlara geri \u00f6demez. Buna ek olarak, etkinlik biletleri dahil olmak \u00fczere, Equinix ad\u0131na herhangi bir yard\u0131m kurulu\u015fu, okul, k\u00e2r amac\u0131 g\u00fctmeyen kurulu\u015fa veya STK\u2019ya ki\u015fisel bir \u00f6deme yapmamal\u0131s\u0131n\u0131z zira Equinix bu masraflar\u0131 kar\u015f\u0131lamayacakt\u0131r. Bu y\u00f6nergelerle ilgili her t\u00fcrl\u00fc istisna, b\u00f6lge Denet\u00e7isi ve\/veya Kurumsal Sosyal Sorumluluk Ekibit araf\u0131ndan onaylanmal\u0131d\u0131r.[\/vc_column_text][\/vc_column][vc_column width=&#8221;1\/2&#8243; el_class=&#8221;purpose_values&#8221; css=&#8221;.vc_custom_1615789919910{padding-top: 35px !important;}&#8221;][vc_column_text]Ba\u011f\u0131\u015f verme stratejimiz hakk\u0131nda daha fazla bilgi i\u00e7in Global Ba\u011f\u0131\u015f Verme Politikam\u0131za ba\u015fvurun veya Kurumsal Sosyal Sorumluluk ekibimizle ileti\u015fime ge\u00e7in.[\/vc_column_text][vc_empty_space height=&#8221;20px&#8221;]<a class=\"recom-read-link\" href=\"\/tr\/additional-resources\/#recommended_readings\" target=\"_self\"><div class=\"recommend_book\"><div class=\"recommend_icon\"><img decoding=\"async\" src=\"https:\/\/codeofbusinessconduct.equinix.com\/wp-content\/uploads\/2021\/03\/recommend_book.svg\" \/><\/div><div class=\"recommend_content\"><h4>\u00d6NER\u0130LEN KAYNAKLAR:<br>EQUINIX GLOBAL BA\u011eI\u015e VERME POL\u0130T\u0130KASI<\/h4><\/div><\/div><\/a>[vc_empty_space height=&#8221;10px&#8221;][vc_column_text]<strong>Denk hediyeler.<\/strong> Equinix, \u00e7al\u0131\u015fanlar\u0131n\u0131n ki\u015fisel hay\u0131r i\u015flerini, yard\u0131m \u00e7al\u0131\u015fmalar\u0131n\u0131 ve g\u00f6n\u00fcll\u00fc faaliyetlerini desteklemek i\u00e7in bir Denk Hediyeler Program\u0131 olu\u015fturmu\u015ftur. Uygun bir kurulu\u015fa para yard\u0131m\u0131 sunar veya g\u00f6n\u00fcll\u00fc olarak \u00e7al\u0131\u015fmak i\u00e7in zaman ay\u0131r\u0131rsan\u0131z, Equinix de sizin parasal veya zamansal katk\u0131n\u0131za denk bir parasal yard\u0131m sa\u011flayacakt\u0131r.<\/p>\n<p>Additional information and requirements of the Matching Gifts Policy and Program, including specific eligibility requirements for employees and organizations, are outlined in the Equinix Matching Gifts Program.[\/vc_column_text][vc_empty_space height=&#8221;15px&#8221;]<a class=\"recom-read-link\" href=\"\/tr\/additional-resources\/#recommended_readings\" target=\"_self\"><div class=\"recommend_book\"><div class=\"recommend_icon\"><img decoding=\"async\" src=\"https:\/\/codeofbusinessconduct.equinix.com\/wp-content\/uploads\/2021\/03\/recommend_book.svg\" \/><\/div><div class=\"recommend_content\"><h4>\u00d6NER\u0130LEN KAYNAKLAR:<br>EQUINIX DENK HED\u0130YELER PROGRAMI<\/h4><\/div><\/div><\/a>[\/vc_column][\/vc_row][vc_row css_animation=&#8221;&#8221; row_type=&#8221;row&#8221; use_row_as_full_screen_section=&#8221;no&#8221; type=&#8221;full_width&#8221; angled_section=&#8221;no&#8221; text_align=&#8221;left&#8221; background_image_as_pattern=&#8221;without_pattern&#8221; z_index=&#8221;&#8221; padding_top=&#8221;20&#8243; padding_bottom=&#8221;30&#8243;][vc_column][vc_single_image image=&#8221;1197&#8243; img_size=&#8221;full&#8221; alignment=&#8221;center&#8221; qode_css_animation=&#8221;&#8221; el_class=&#8221;w-100&#8243;][\/vc_column][\/vc_row][vc_row css_animation=&#8221;&#8221; row_type=&#8221;row&#8221; use_row_as_full_screen_section=&#8221;no&#8221; type=&#8221;full_width&#8221; angled_section=&#8221;no&#8221; text_align=&#8221;left&#8221; background_image_as_pattern=&#8221;without_pattern&#8221; z_index=&#8221;&#8221; padding_bottom=&#8221;160&#8243; el_class=&#8221;purpose_values political_space&#8221; anchor=&#8221;Political_activities_and_contributions&#8221;][vc_column width=&#8221;2\/3&#8243;][vc_column_text]<\/p>\n<h4 id=\"The_environment\">S\u0130YAS\u0130 FAAL\u0130YETLER VE BA\u011eI\u015eLAR<\/h4>\n<p>Faaliyet g\u00f6sterdi\u011fimiz topluluklarla iyi ili\u015fkiler kurulmas\u0131n\u0131 destekleriz. \u0130\u00e7inde ya\u015fad\u0131\u011f\u0131n\u0131z ve \u00e7al\u0131\u015ft\u0131\u011f\u0131n\u0131z topluluklar\u0131n ihtiya\u00e7lar\u0131na hitap eden yerel aktivitelere kat\u0131labilirsiniz. Sivil bir vatanda\u015f olarak, ki\u015fisel ba\u011f\u0131\u015flar veya mesai saatleriniz d\u0131\u015f\u0131nda kat\u0131laca\u011f\u0131n\u0131z g\u00f6n\u00fcll\u00fc faaliyetlerle, b\u00f6lgenizdeki siyasi s\u00fcre\u00e7leri de destekleyebilirsiniz Ancak bu aktiviteler \u015eirkete ay\u0131rd\u0131\u011f\u0131n\u0131z mesai s\u00fcreleri i\u00e7inde ger\u00e7ekle\u015ftirilmemeli ve bunlar i\u00e7in \u015eirket kaynaklar\u0131 kullan\u0131lmamal\u0131d\u0131r. Equinix ad\u0131na siyasi ba\u011f\u0131\u015f yapamaz veya bu y\u00f6nde bir taahh\u00fctte bulunamazs\u0131n\u0131z.<\/p>\n<p>Siyasi faaliyetlere kat\u0131l\u0131m\u0131n\u0131z\u0131n ABD yasalar\u0131 ve yerel yasalara uygun oldu\u011fundan ve di\u011fer Equinix politikalar\u0131 taraf\u0131ndan yasaklanmad\u0131\u011f\u0131ndan emin olun.[\/vc_column_text][vc_row_inner row_type=&#8221;row&#8221; type=&#8221;full_width&#8221; text_align=&#8221;left&#8221; css_animation=&#8221;&#8221; anchor=&#8221;The_environment&#8221;][vc_column_inner][vc_empty_space height=&#8221;25px&#8221;][vc_column_text]<\/p>\n<h4>\u00c7EVRE<\/h4>\n<p>Equinix olarak, karbon ayak izimizi olabildi\u011fince k\u00fc\u00e7\u00fcltmek i\u00e7in \u00e7evreyi ve t\u00fcketti\u011fimiz kaynaklar\u0131 korumaya gayret ederiz. Bu ama\u00e7la \u015fu noktalara odaklan\u0131r\u0131z:<\/p>\n<ul>\n<li>Elektrik, su, do\u011fal gaz, dizel ve so\u011futucular dahil t\u00fcm kaynaklar\u0131 t\u00fcketimimizi azaltmak i\u00e7in verimli bir \u015fekilde tasarlamak, in\u015fa etmek ve i\u015fletmek<\/li>\n<li>\u0130\u015fletmemizi \u201c\u00e7evre dostu\u201d k\u0131lmak ve yenilik\u00e7i \u00e7\u00f6z\u00fcmlerin de\u011ferlendirilip hayata ge\u00e7irilmesine liderlik etmek<\/li>\n<li>Kendimizi sekt\u00f6rdeki en iyi uygulamalar\u0131n yan\u0131 s\u0131ra Equinix\u2019e \u00f6zel kilit performans g\u00f6stergeleri (KPI) ve kamuoyuyla payla\u015f\u0131lan hedefler \u0131\u015f\u0131\u011f\u0131nda \u00f6l\u00e7mek ve ilerlememizi \u015feffaf bir \u015fekilde rapor etmek<\/li>\n<\/ul>\n<p>[\/vc_column_text][\/vc_column_inner][\/vc_row_inner][vc_empty_space height=&#8221;25px&#8221;]<a class=\"recom-read-link\" href=\"\/tr\/additional-resources\/#recommended_readings\" target=\"_self\"><div class=\"recommend_book\"><div class=\"recommend_icon\"><img decoding=\"async\" src=\"https:\/\/codeofbusinessconduct.equinix.com\/wp-content\/uploads\/2021\/03\/recommend_book.svg\" \/><\/div><div class=\"recommend_content\"><h4>\u00d6NER\u0130LEN KAYNAKLAR:<br>EQUINIX VE S\u00dcRD\u00dcR\u00dcLEB\u0130L\u0130RL\u0130K<\/h4><\/div><\/div><\/a>[\/vc_column][vc_column width=&#8221;1\/3&#8243;][\/vc_column][\/vc_row]<\/p>\n<\/section>","protected":false},"excerpt":{"rendered":"<p>[vc_row css_animation=&#8221;&#8221; row_type=&#8221;row&#8221; use_row_as_full_screen_section=&#8221;no&#8221; type=&#8221;full_width&#8221; angled_section=&#8221;no&#8221; text_align=&#8221;left&#8221; background_image_as_pattern=&#8221;without_pattern&#8221;][vc_column][vc_single_image image=&#8221;4118&#8243; img_size=&#8221;full&#8221; qode_css_animation=&#8221;&#8221;][vc_empty_space height=&#8221;8px&#8221;][vc_column_text] TOPLULU\u011eUMUZ Topluluklar\u0131m\u0131zda ve d\u00fcnya geneline pozitif etki yaratmak [\/vc_column_text][\/vc_column][\/vc_row][vc_row css_animation=&#8221;&#8221; row_type=&#8221;row&#8221; use_row_as_full_screen_section=&#8221;no&#8221; type=&#8221;full_width&#8221; angled_section=&#8221;no&#8221; text_align=&#8221;left&#8221; background_image_as_pattern=&#8221;without_pattern&#8221; z_index=&#8221;&#8221; padding_top=&#8221;34&#8243; padding_bottom=&#8221;20&#8243; anchor=&#8221;Human_rights&#8221;][vc_column width=&#8221;1\/3&#8243; css=&#8221;.vc_custom_1616046555280{padding-bottom: 20px !important;}&#8221;][vc_column_text] \u0130NSAN HAKLARI Equinix d\u00fcnya genelinde her t\u00fcrl\u00fc insan hakk\u0131n\u0131n&#8230;<\/p>\n","protected":false},"author":1,"featured_media":0,"parent":0,"menu_order":0,"comment_status":"closed","ping_status":"closed","template":"","meta":{"inline_featured_image":false,"footnotes":""},"class_list":["post-1194","page","type-page","status-publish","hentry"],"yoast_head":"<!-- This site is optimized with the Yoast SEO plugin v25.8 - https:\/\/yoast.com\/wordpress\/plugins\/seo\/ -->\n<title>TOPLULU\u011eUMUZ - Equinix Code of Business Conduct<\/title>\n<meta name=\"robots\" content=\"index, follow, max-snippet:-1, max-image-preview:large, max-video-preview:-1\" \/>\n<link rel=\"canonical\" href=\"https:\/\/169.254.129.2\/our-community\/\" \/>\n<meta property=\"og:locale\" content=\"tr_TR\" \/>\n<meta property=\"og:type\" content=\"article\" \/>\n<meta property=\"og:title\" content=\"TOPLULU\u011eUMUZ - Equinix Code of Business Conduct\" \/>\n<meta property=\"og:description\" content=\"[vc_row css_animation=&#8221;&#8221; row_type=&#8221;row&#8221; use_row_as_full_screen_section=&#8221;no&#8221; type=&#8221;full_width&#8221; angled_section=&#8221;no&#8221; text_align=&#8221;left&#8221; background_image_as_pattern=&#8221;without_pattern&#8221;][vc_column][vc_single_image image=&#8221;4118&#8243; img_size=&#8221;full&#8221; qode_css_animation=&#8221;&#8221;][vc_empty_space height=&#8221;8px&#8221;][vc_column_text] TOPLULU\u011eUMUZ Topluluklar\u0131m\u0131zda ve d\u00fcnya geneline pozitif etki yaratmak [\/vc_column_text][\/vc_column][\/vc_row][vc_row css_animation=&#8221;&#8221; row_type=&#8221;row&#8221; use_row_as_full_screen_section=&#8221;no&#8221; type=&#8221;full_width&#8221; angled_section=&#8221;no&#8221; text_align=&#8221;left&#8221; background_image_as_pattern=&#8221;without_pattern&#8221; z_index=&#8221;&#8221; padding_top=&#8221;34&#8243; padding_bottom=&#8221;20&#8243; anchor=&#8221;Human_rights&#8221;][vc_column width=&#8221;1\/3&#8243; css=&#8221;.vc_custom_1616046555280{padding-bottom: 20px !important;}&#8221;][vc_column_text] \u0130NSAN HAKLARI Equinix d\u00fcnya genelinde her t\u00fcrl\u00fc insan hakk\u0131n\u0131n...\" \/>\n<meta property=\"og:url\" content=\"https:\/\/169.254.129.2\/our-community\/\" \/>\n<meta property=\"og:site_name\" content=\"Equinix Code of Business Conduct\" \/>\n<meta property=\"article:modified_time\" content=\"2025-12-15T09:53:17+00:00\" \/>\n<meta name=\"twitter:card\" content=\"summary_large_image\" \/>\n<meta name=\"twitter:label1\" content=\"Tahmini okuma s\u00fcresi\" \/>\n\t<meta name=\"twitter:data1\" content=\"4 dakika\" \/>\n<script type=\"application\/ld+json\" class=\"yoast-schema-graph\">{\"@context\":\"https:\/\/schema.org\",\"@graph\":[{\"@type\":\"WebPage\",\"@id\":\"https:\/\/169.254.129.2\/our-community\/\",\"url\":\"https:\/\/169.254.129.2\/our-community\/\",\"name\":\"TOPLULU\u011eUMUZ - Equinix Code of Business Conduct\",\"isPartOf\":{\"@id\":\"https:\/\/cobc-prod.azurewebsites.net\/#website\"},\"datePublished\":\"2021-03-10T06:21:42+00:00\",\"dateModified\":\"2025-12-15T09:53:17+00:00\",\"breadcrumb\":{\"@id\":\"https:\/\/169.254.129.2\/our-community\/#breadcrumb\"},\"inLanguage\":\"tr\",\"potentialAction\":[{\"@type\":\"ReadAction\",\"target\":[\"https:\/\/169.254.129.2\/our-community\/\"]}]},{\"@type\":\"BreadcrumbList\",\"@id\":\"https:\/\/169.254.129.2\/our-community\/#breadcrumb\",\"itemListElement\":[{\"@type\":\"ListItem\",\"position\":1,\"name\":\"Home\",\"item\":\"https:\/\/169.254.129.2\/\"},{\"@type\":\"ListItem\",\"position\":2,\"name\":\"TOPLULU\u011eUMUZ\"}]},{\"@type\":\"WebSite\",\"@id\":\"https:\/\/cobc-prod.azurewebsites.net\/#website\",\"url\":\"https:\/\/cobc-prod.azurewebsites.net\/\",\"name\":\"Equinix Code of Business Conduct\",\"description\":\"\",\"potentialAction\":[{\"@type\":\"SearchAction\",\"target\":{\"@type\":\"EntryPoint\",\"urlTemplate\":\"https:\/\/cobc-prod.azurewebsites.net\/?s={search_term_string}\"},\"query-input\":{\"@type\":\"PropertyValueSpecification\",\"valueRequired\":true,\"valueName\":\"search_term_string\"}}],\"inLanguage\":\"tr\"}]}<\/script>\n<!-- \/ Yoast SEO plugin. -->","yoast_head_json":{"title":"TOPLULU\u011eUMUZ - Equinix Code of Business Conduct","robots":{"index":"index","follow":"follow","max-snippet":"max-snippet:-1","max-image-preview":"max-image-preview:large","max-video-preview":"max-video-preview:-1"},"canonical":"https:\/\/169.254.129.2\/our-community\/","og_locale":"tr_TR","og_type":"article","og_title":"TOPLULU\u011eUMUZ - Equinix Code of Business Conduct","og_description":"[vc_row css_animation=&#8221;&#8221; row_type=&#8221;row&#8221; use_row_as_full_screen_section=&#8221;no&#8221; type=&#8221;full_width&#8221; angled_section=&#8221;no&#8221; text_align=&#8221;left&#8221; background_image_as_pattern=&#8221;without_pattern&#8221;][vc_column][vc_single_image image=&#8221;4118&#8243; img_size=&#8221;full&#8221; qode_css_animation=&#8221;&#8221;][vc_empty_space height=&#8221;8px&#8221;][vc_column_text] TOPLULU\u011eUMUZ Topluluklar\u0131m\u0131zda ve d\u00fcnya geneline pozitif etki yaratmak [\/vc_column_text][\/vc_column][\/vc_row][vc_row css_animation=&#8221;&#8221; row_type=&#8221;row&#8221; use_row_as_full_screen_section=&#8221;no&#8221; type=&#8221;full_width&#8221; angled_section=&#8221;no&#8221; text_align=&#8221;left&#8221; background_image_as_pattern=&#8221;without_pattern&#8221; z_index=&#8221;&#8221; padding_top=&#8221;34&#8243; padding_bottom=&#8221;20&#8243; anchor=&#8221;Human_rights&#8221;][vc_column width=&#8221;1\/3&#8243; css=&#8221;.vc_custom_1616046555280{padding-bottom: 20px !important;}&#8221;][vc_column_text] \u0130NSAN HAKLARI Equinix d\u00fcnya genelinde her t\u00fcrl\u00fc insan hakk\u0131n\u0131n...","og_url":"https:\/\/169.254.129.2\/our-community\/","og_site_name":"Equinix Code of Business Conduct","article_modified_time":"2025-12-15T09:53:17+00:00","twitter_card":"summary_large_image","twitter_misc":{"Tahmini okuma s\u00fcresi":"4 dakika"},"schema":{"@context":"https:\/\/schema.org","@graph":[{"@type":"WebPage","@id":"https:\/\/169.254.129.2\/our-community\/","url":"https:\/\/169.254.129.2\/our-community\/","name":"TOPLULU\u011eUMUZ - Equinix Code of Business Conduct","isPartOf":{"@id":"https:\/\/cobc-prod.azurewebsites.net\/#website"},"datePublished":"2021-03-10T06:21:42+00:00","dateModified":"2025-12-15T09:53:17+00:00","breadcrumb":{"@id":"https:\/\/169.254.129.2\/our-community\/#breadcrumb"},"inLanguage":"tr","potentialAction":[{"@type":"ReadAction","target":["https:\/\/169.254.129.2\/our-community\/"]}]},{"@type":"BreadcrumbList","@id":"https:\/\/169.254.129.2\/our-community\/#breadcrumb","itemListElement":[{"@type":"ListItem","position":1,"name":"Home","item":"https:\/\/169.254.129.2\/"},{"@type":"ListItem","position":2,"name":"TOPLULU\u011eUMUZ"}]},{"@type":"WebSite","@id":"https:\/\/cobc-prod.azurewebsites.net\/#website","url":"https:\/\/cobc-prod.azurewebsites.net\/","name":"Equinix Code of Business Conduct","description":"","potentialAction":[{"@type":"SearchAction","target":{"@type":"EntryPoint","urlTemplate":"https:\/\/cobc-prod.azurewebsites.net\/?s={search_term_string}"},"query-input":{"@type":"PropertyValueSpecification","valueRequired":true,"valueName":"search_term_string"}}],"inLanguage":"tr"}]}},"_links":{"self":[{"href":"https:\/\/codeofbusinessconduct.equinix.com\/tr\/wp-json\/wp\/v2\/pages\/1194","targetHints":{"allow":["GET"]}}],"collection":[{"href":"https:\/\/codeofbusinessconduct.equinix.com\/tr\/wp-json\/wp\/v2\/pages"}],"about":[{"href":"https:\/\/codeofbusinessconduct.equinix.com\/tr\/wp-json\/wp\/v2\/types\/page"}],"author":[{"embeddable":true,"href":"https:\/\/codeofbusinessconduct.equinix.com\/tr\/wp-json\/wp\/v2\/users\/1"}],"replies":[{"embeddable":true,"href":"https:\/\/codeofbusinessconduct.equinix.com\/tr\/wp-json\/wp\/v2\/comments?post=1194"}],"version-history":[{"count":13,"href":"https:\/\/codeofbusinessconduct.equinix.com\/tr\/wp-json\/wp\/v2\/pages\/1194\/revisions"}],"predecessor-version":[{"id":5292,"href":"https:\/\/codeofbusinessconduct.equinix.com\/tr\/wp-json\/wp\/v2\/pages\/1194\/revisions\/5292"}],"wp:attachment":[{"href":"https:\/\/codeofbusinessconduct.equinix.com\/tr\/wp-json\/wp\/v2\/media?parent=1194"}],"curies":[{"name":"wp","href":"https:\/\/api.w.org\/{rel}","templated":true}]}}