{"id":1166,"date":"2021-03-10T06:22:20","date_gmt":"2021-03-10T06:22:20","guid":{"rendered":"https:\/\/codeofbusinessconduct.equinix.com\/?page_id=1166"},"modified":"2025-12-15T09:46:07","modified_gmt":"2025-12-15T09:46:07","slug":"additional-resources","status":"publish","type":"page","link":"https:\/\/codeofbusinessconduct.equinix.com\/tr\/additional-resources\/","title":{"rendered":"Additional Resources"},"content":{"rendered":"<section class=\"wpb-content-wrapper\"><p>[vc_row css_animation=&#8221;&#8221; row_type=&#8221;row&#8221; use_row_as_full_screen_section=&#8221;no&#8221; type=&#8221;full_width&#8221; angled_section=&#8221;no&#8221; text_align=&#8221;left&#8221; background_image_as_pattern=&#8221;without_pattern&#8221;][vc_column][vc_raw_html]JTNDZGl2JTIwY2xhc3MlM0QlMjJkLWZsZXglMjIlMjBzdHlsZSUzRCUyMmRpc3BsYXklM0FmbGV4JTIyJTIwJTIxaW1wb3J0YW50JTNCJTNFJTBBJTNDaW1nJTIwc3JjJTNEJTIyJTJGd3AtY29udGVudCUyRnVwbG9hZHMlMkYyMDI1JTJGMTIlMkZQaWN0dXJlMl9pbXJlc2l6ZXItMi5qcGclMjIlM0UlMEElM0NoMSUyMHN0eWxlJTNEJTIyJTIwY29sb3IlM0ElMjByZWQlM0IlMjBwYWRkaW5nJTNBJTIwMTBweCUyMiUzRUVLJTIwS0FZTkFLTEFSJTIwJTNDJTJGaDElM0UlMEElM0MlMkZkaXYlM0U=[\/vc_raw_html][\/vc_column][\/vc_row][vc_row css_animation=&#8221;&#8221; row_type=&#8221;row&#8221; use_row_as_full_screen_section=&#8221;no&#8221; type=&#8221;full_width&#8221; angled_section=&#8221;no&#8221; text_align=&#8221;left&#8221; background_image_as_pattern=&#8221;without_pattern&#8221; z_index=&#8221;&#8221; padding_top=&#8221;30&#8243; padding_bottom=&#8221;20&#8243;][vc_column css=&#8221;.vc_custom_1615550437479{padding-bottom: 20px !important;}&#8221;][vc_column_text]<\/p>\n<p style=\"width: 105%;\">Equinix&#8217;te do\u011fruluk ve etik yapt\u0131\u011f\u0131m\u0131z her \u015feyin merkezinde yer al\u0131r. Her birimiz, g\u00fcven ve \u015feffafl\u0131k \u00fczerine kurulu bir k\u00fclt\u00fcr\u00fcn \u015fekillenmesinde \u00e7ok \u00f6nemliyiz. \u0130\u015f Eti\u011fi Kurallar\u0131m\u0131z g\u00fcnl\u00fck pusulan\u0131zd\u0131r ve her g\u00f6revde, her kararda ve gitti\u011finiz her yerde bu ilkeleri benimsemeniz, desteklemeniz ve bunlarla liderlik etmeniz i\u00e7in size g\u00fc\u00e7 verir. Etik se\u00e7imlerinizi g\u00fcvenle yapman\u0131z i\u00e7in ihtiya\u00e7 duydu\u011funuz kaynaklar ve destekle buraday\u0131z.<\/p>\n<p>[\/vc_column_text][\/vc_column][\/vc_row][vc_row css_animation=&#8221;&#8221; row_type=&#8221;row&#8221; use_row_as_full_screen_section=&#8221;no&#8221; type=&#8221;full_width&#8221; angled_section=&#8221;no&#8221; text_align=&#8221;left&#8221; background_image_as_pattern=&#8221;without_pattern&#8221; z_index=&#8221;&#8221; padding_bottom=&#8221;140&#8243; el_class=&#8221;addition_resource addition_space&#8221; anchor=&#8221;recommended_readings&#8221;][vc_column width=&#8221;1\/3&#8243; el_class=&#8221;purpose_values&#8221; css=&#8221;.vc_custom_1615786880429{padding-bottom: 40px !important;}&#8221;][vc_column_text]<\/p>\n<h4 style=\"color: red;\">SORUMLULUKLARINIZ<\/h4>\n<p><span style=\"color: red;\">Kurallar\u0131 Bilin:<\/span> Equinix politikalar\u0131 ve<br \/>\nk\u0131lavuzlar\u0131n\u0131 anlay\u0131n ve uyun.<\/p>\n<p><span style=\"color: red;\">Harekete ge\u00e7in:<\/span> Sorunlar\u0131 bildirin, sorular<br \/>\nsorun ve etik k\u00fclt\u00fcr\u00fcm\u00fcz\u00fcn korunmas\u0131na yard\u0131mc\u0131 olun.<\/p>\n<p><span style=\"color: red;\">En \u0130yi Kanal\u0131 Se\u00e7in:<\/span> Anonim Yard\u0131m Hatt\u0131, e-posta veya yenilenen \u00e7evrimi\u00e7i portal\u0131m\u0131z arac\u0131l\u0131\u011f\u0131yla, size en uygun \u015fekilde bizimle ileti\u015fime ge\u00e7in.[\/vc_column_text][vc_empty_space height=&#8221;35px&#8221;][vc_column_text]<\/p>\n<h4 style=\"color: red;\">END\u0130\u015eELER\u0130 VEYA \u0130HLALLER\u0130 B\u0130LD\u0130R\u0130N<\/h4>\n<p>Uyum sorunlar\u0131n\u0131z\u0131 ve endi\u015felerinizi bildirmek<br \/>\ni\u00e7in a\u015fa\u011f\u0131daki se\u00e7eneklerden birini kullan\u0131n:[\/vc_column_text][vc_empty_space height=&#8221;10px&#8221;][vc_column_text]<\/p>\n<h4><span style=\"color: red;\">UYUM B\u0130LD\u0130R\u0130M\u0130 YARDIM HATTI<\/span><\/h4>\n<p>(anonim se\u00e7enekle):<br \/>\n<a style=\"text-decoration: none; color: black;\" href=\"https:\/\/secure.ethicspoint.com\/domain\/media\/en\/gui\/54104\/index.html\"><span style=\"text-decoration-color: black; color: black;\">www.equinix.ethicspoint.com<\/span><\/a>[\/vc_column_text][vc_empty_space height=&#8221;20px&#8221;][vc_column_text]<\/p>\n<h4><span style=\"color: red;\">\u00c7IKAR \u00c7ATI\u015eMASI \u0130ST\u0130SNALARI<\/span><\/h4>\n<p><a style=\"text-decoration: none; color: black;\" href=\"https:\/\/equinix.ethicspointvp.com\/custom\/equinix\/forms\/coi\/form_data.asp\"><span style=\"color: black;\">www.equinix.ethicspoint.com<\/span><\/a>[\/vc_column_text][vc_empty_space height=&#8221;15px&#8221;][vc_column_text]<\/p>\n<h4><span style=\"color: red;\">UYUM EK\u0130B\u0130 \u0130LE \u0130LET\u0130\u015e\u0130M<\/span><\/h4>\n<p><a style=\"text-decoration: none; color: black;\" href=\"mailto: ethicsandcompliance@equinix.com\"> <span style=\"color: black;\">E-post: ethicsandcompliance@equinix.com<\/span><\/a>[\/vc_column_text][\/vc_column][vc_column width=&#8221;1\/3&#8243;][vc_column_text]<\/p>\n<h4 style=\"color: red;\">KAYNAKLAR \u0130LE \u0130LET\u0130\u015e\u0130M<\/h4>\n<p><strong> Hukuki sorular\u0131n\u0131z i\u00e7in l\u00fctfen ileti\u015fime<br \/>\nge\u00e7in:<\/strong><\/p>\n<ul>\n<li>Ba\u015f Hukuk Sorumlusu<\/li>\n<li>Yerel Hukuk Ba\u015fkan Yard\u0131mc\u0131n\u0131z<br \/>\n(Amerika, Asya-Pasifik veya EMEA)<\/li>\n<li>Ba\u015fkan Yard\u0131mc\u0131s\u0131, Risk ve Uyum Yetkilisi<\/li>\n<\/ul>\n<p>[\/vc_column_text][vc_empty_space][vc_column_text]<strong>\u0130nsan Kaynaklar\u0131 i\u00e7in l\u00fctfen ileti\u015fime<br \/>\nge\u00e7in:<\/strong><\/p>\n<ul>\n<li>\u0130nsan Kaynaklar\u0131 Direkt\u00f6r\u00fc<\/li>\n<li>\u0130K (Harici) ile ileti\u015fime ge\u00e7in &#8211; bu ba\u011flant\u0131y\u0131 <a href=\"mailto: HRServices@equinix.com\"><span style=\"text-decoration: underline; text-decoration-color: black; color: black;\"> kullanarak e-posta yoluyla.<\/span><\/a><\/li>\n<li>\u0130K ile \u0130leti\u015fime Ge\u00e7in (Dahili) -Dahili olarak bir talepte bulunmak i\u00e7in l\u00fctfen bu <a href=\"https:\/\/myhresc.equinix.com\/\"><span style=\"text-decoration: underline; text-decoration-color: black; color: black;\">ba\u011flant\u0131y\u0131 kullan\u0131n.<\/span><\/a><\/li>\n<\/ul>\n<p>[\/vc_column_text][vc_empty_space][vc_column_text]<strong>Bilgi g\u00fcvenli\u011fi ile ilgili sorular\u0131n\u0131z i\u00e7in<br \/>\nl\u00fctfen ileti\u015fime ge\u00e7in:<\/strong><\/p>\n<ul>\n<li>K\u00fcresel Bilgi G\u00fcvenli\u011fi ekibi: E-posta:<a href=\"mailto: infosec@equinix.com\"> <span style=\"text-decoration: underline; text-decoration-color: black; color: black;\">infosec@equinix.com<\/span><\/a><\/li>\n<li>Bilgi g\u00fcvenli\u011fi yetkilisi<\/li>\n<\/ul>\n<p>[\/vc_column_text][vc_empty_space][vc_column_text]<strong> Hay\u0131r kurumlar\u0131na yap\u0131lan katk\u0131larla ilgili sorular\u0131n\u0131z i\u00e7in l\u00fctfen ileti\u015fime ge\u00e7in:<\/strong><br \/>\n<a href=\"mailto: EquinixImpact@equinix.com\"> <span style=\"text-decoration: underline; text-decoration-color: black; color: black;\">EquinixImpact@equinix.com<\/span><\/a>[\/vc_column_text][\/vc_column][vc_column width=&#8221;1\/3&#8243; el_class=&#8221;purpose_values&#8221; css=&#8221;.vc_custom_1615786886049{padding-bottom: 40px !important;}&#8221;][vc_single_image image=&#8221;5188&#8243; img_size=&#8221;full&#8221; qode_css_animation=&#8221;&#8221; el_class=&#8221;w-100&#8243;][vc_empty_space height=&#8221;20px&#8221;][vc_column_text]<\/p>\n<h4>\u0130LG\u0130L\u0130 POL\u0130T\u0130KALAR VE TAVS\u0130YE ED\u0130LEN KAYNAKLAR<\/h4>\n<ul>\n<li><a href=\"https:\/\/brand.equinix.com\/\" target=\"_blank\" rel=\"noopener\">Markam\u0131z<\/a><\/li>\n<li><a href=\"https:\/\/d1io3yog0oux5.cloudfront.net\/_6516f53b171c92a82cc4310bc5d7b1d4\/equinix\/db\/2170\/20630\/file\/Equinix+Whistleblower+Policy+%281%29.pdf\" target=\"_blank\" rel=\"noopener\">Ayk\u0131r\u0131l\u0131klar\u0131 Bildirenleri (Whistleblower) Koruma Politikas\u0131 <\/a><\/li>\n<\/ul>\n<p>[\/vc_column_text][vc_empty_space height=&#8221;20px&#8221;]\n        <div class=\"resources_login\">\n            <p>A\u015fa\u011f\u0131daki dosyalar Equinix \u00e7al\u0131\u015fanlar\u0131 ile s\u0131n\u0131rl\u0131d\u0131r. Mobil cihaz eri\u015fimi de k\u0131s\u0131tlanabilir. A\u015fa\u011f\u0131daki ek ba\u011flant\u0131lara eri\u015fmek i\u00e7in l\u00fctfen bir \u015firket taraf\u0131ndan verilen masa\u00fcst\u00fc veya diz\u00fcst\u00fc bilgisayar arac\u0131l\u0131\u011f\u0131yla Hub'\u0131 ziyaret edin.<\/p>\n            <div class=\"resouce_btn\">\n                <a href=\"https:\/\/codeofbusinessconduct.equinix.com\/?option=saml_user_login&redirect_to=https%3A%2F%2Fcodeofbusinessconduct.equinix.com%2Fadditional-resources%2F\">Giri\u015f yapmak<\/a>\n                <a href=\"https:\/\/intranet.equinix.com\/Pages\/Home.aspx\" target=\"_self\">g\u00f6be\u011fe git<\/a>\n            <\/div>\n        <\/div>\n        <div class=\"log_list disabled dlog\"><\/p>\n<ul>\n<li><a href=\"https:\/\/equinixinc.sharepoint.com\/sites\/Intranet\/SitePages\/Equinix%20Impact\/Employee-Philanthropy-and-Volunteering.aspx?web=1\" target=\"_blank\" rel=\"noopener\">Equinix E\u015fle\u015fen Hediyeler Program\u0131<\/a><\/li>\n<li><a href=\"https:\/\/equinix.service-now.com\/hr?id=eqx_emp_taxonomy_topic&amp;topic_id=de107691477cee18224c460e436d43a4&amp;in_context=true\" target=\"_blank\" rel=\"noopener\">K\u00fcresel \u00c7al\u0131\u015fan El Kitab\u0131<\/a><\/li>\n<li><a href=\"https:\/\/equinixinc.sharepoint.com\/sites\/Intranet\/Company\/Forms\/AllItems.aspx?id=%2Fsites%2FIntranet%2FCompany%2FEquinix%20Foundation%2FThe%20Equinix%20Foundation%20Global%20Giving%20Policy%2Epdf&amp;parent=%2Fsites%2FIntranet%2FCompany%2FEquinix%20Foundation\" target=\"_blank\" rel=\"noopener\">K\u00fcresel Ba\u011f\u0131\u015f Politikas\u0131<\/a><\/li>\n<li><a href=\"https:\/\/equinixinc.sharepoint.com\/sites\/TechITHub\/SitePages\/InfoSec-Resources.aspx\" target=\"_blank\" rel=\"noopener\">K\u00fcresel InfoSec Kaynaklar\u0131<\/a><\/li>\n<li><a href=\"https:\/\/equinix.service-now.com\/epp?sys_kb_id=28fdfe2f8350ee906bc77a10feaad3dd&amp;id=kb_article_view&amp;sysparm_rank=1&amp;sysparm_tsqueryId=a65ff768c3576214e86ed7dc05013115\" target=\"_blank\" rel=\"noopener\">K\u00fcresel Bilgi G\u00fcvenli\u011fi Kabul Edilebilir Kullan\u0131m Politikas\u0131<\/a><\/li>\n<li><a href=\"https:\/\/equinixinc.sharepoint.com\/:w:\/r\/sites\/Intranet\/_layouts\/15\/Doc.aspx?sourcedoc=%7BE4B7ECB7-6BC0-4E45-BA5A-83DAFCBF45FA%7D&amp;file=Record%20Management%20Policy.docm&amp;action=default&amp;mobileredirect=true\">K\u00fcresel Kay\u0131t Y\u00f6netimi Politikas\u0131<\/a><\/li>\n<li><a href=\"https:\/\/equinixinc.sharepoint.com\/sites\/Intranet\/SitePages\/Marketing\/Social-Media.aspx?web=1\" target=\"_blank\" rel=\"noopener\">K\u00fcresel Sosyal Medya K\u0131lavuzlar\u0131<\/a><\/li>\n<li><a href=\"https:\/\/equinixinc.sharepoint.com\/sites\/Intranet\/Procurement\/Forms\/AllItems.aspx?id=%2Fsites%2FIntranet%2FProcurement%2FTravel%20HUB%2FGlobal%20Travel%20%26%20Expense%20Policy%20%2Epdf&amp;parent=%2Fsites%2FIntranet%2FProcurement%2FTravel%20HUB\" target=\"_blank\" rel=\"noopener\">K\u00fcresel Seyahat ve Harcama Politikas\u0131<\/a><\/li>\n<li><a href=\"https:\/\/equinixinc.sharepoint.com\/sites\/Intranet\/SitePages\/Legal\/Securities-Trading-Policies.aspx?web=1&amp;CT=1720547444662&amp;OR=OWA-NT-Calendar&amp;CID=35e2a192-187f-cca2-9782-d1bf1730510d\" target=\"_blank\" rel=\"noopener\">Menkul K\u0131ymet Al\u0131m Sat\u0131m Politikas\u0131 <\/a><\/li>\n<li><a href=\"https:\/\/equinixinc.sharepoint.com\/sites\/Intranet\/SitePages\/Sustainability.aspx?web=1\" target=\"_blank\" rel=\"noopener\">S\u00fcrd\u00fcr\u00fclebilirlik<\/a><\/li>\n<\/ul>\n<p><\/div>[vc_empty_space height=&#8221;26px&#8221;][vc_column_text][\/vc_column_text][vc_column_text][\/vc_column_text][\/vc_column][\/vc_row]<\/p>\n<\/section>","protected":false},"excerpt":{"rendered":"<p>[vc_row css_animation=&#8221;&#8221; row_type=&#8221;row&#8221; use_row_as_full_screen_section=&#8221;no&#8221; type=&#8221;full_width&#8221; angled_section=&#8221;no&#8221; text_align=&#8221;left&#8221; background_image_as_pattern=&#8221;without_pattern&#8221;][vc_column][vc_raw_html]JTNDZGl2JTIwY2xhc3MlM0QlMjJkLWZsZXglMjIlMjBzdHlsZSUzRCUyMmRpc3BsYXklM0FmbGV4JTIyJTIwJTIxaW1wb3J0YW50JTNCJTNFJTBBJTNDaW1nJTIwc3JjJTNEJTIyJTJGd3AtY29udGVudCUyRnVwbG9hZHMlMkYyMDI1JTJGMTIlMkZQaWN0dXJlMl9pbXJlc2l6ZXItMi5qcGclMjIlM0UlMEElM0NoMSUyMHN0eWxlJTNEJTIyJTIwY29sb3IlM0ElMjByZWQlM0IlMjBwYWRkaW5nJTNBJTIwMTBweCUyMiUzRUVLJTIwS0FZTkFLTEFSJTIwJTNDJTJGaDElM0UlMEElM0MlMkZkaXYlM0U=[\/vc_raw_html][\/vc_column][\/vc_row][vc_row css_animation=&#8221;&#8221; row_type=&#8221;row&#8221; use_row_as_full_screen_section=&#8221;no&#8221; type=&#8221;full_width&#8221; angled_section=&#8221;no&#8221; text_align=&#8221;left&#8221; background_image_as_pattern=&#8221;without_pattern&#8221; z_index=&#8221;&#8221; padding_top=&#8221;30&#8243; padding_bottom=&#8221;20&#8243;][vc_column css=&#8221;.vc_custom_1615550437479{padding-bottom: 20px !important;}&#8221;][vc_column_text] Equinix&#8217;te do\u011fruluk ve etik yapt\u0131\u011f\u0131m\u0131z her \u015feyin merkezinde yer al\u0131r. Her birimiz, g\u00fcven ve \u015feffafl\u0131k \u00fczerine kurulu bir k\u00fclt\u00fcr\u00fcn \u015fekillenmesinde \u00e7ok \u00f6nemliyiz. \u0130\u015f Eti\u011fi&#8230;<\/p>\n","protected":false},"author":1,"featured_media":0,"parent":0,"menu_order":0,"comment_status":"closed","ping_status":"closed","template":"","meta":{"inline_featured_image":false,"footnotes":""},"class_list":["post-1166","page","type-page","status-publish","hentry"],"yoast_head":"<!-- This site is optimized with the Yoast SEO plugin v25.8 - https:\/\/yoast.com\/wordpress\/plugins\/seo\/ -->\n<title>Additional Resources - Equinix Code of Business Conduct<\/title>\n<meta name=\"robots\" content=\"index, follow, max-snippet:-1, max-image-preview:large, max-video-preview:-1\" \/>\n<link rel=\"canonical\" href=\"https:\/\/169.254.129.2\/additional-resources\/\" \/>\n<meta property=\"og:locale\" content=\"tr_TR\" \/>\n<meta property=\"og:type\" content=\"article\" \/>\n<meta property=\"og:title\" content=\"Additional Resources - Equinix Code of Business Conduct\" \/>\n<meta property=\"og:description\" content=\"[vc_row css_animation=&#8221;&#8221; row_type=&#8221;row&#8221; use_row_as_full_screen_section=&#8221;no&#8221; type=&#8221;full_width&#8221; angled_section=&#8221;no&#8221; text_align=&#8221;left&#8221; background_image_as_pattern=&#8221;without_pattern&#8221;][vc_column][vc_raw_html]JTNDZGl2JTIwY2xhc3MlM0QlMjJkLWZsZXglMjIlMjBzdHlsZSUzRCUyMmRpc3BsYXklM0FmbGV4JTIyJTIwJTIxaW1wb3J0YW50JTNCJTNFJTBBJTNDaW1nJTIwc3JjJTNEJTIyJTJGd3AtY29udGVudCUyRnVwbG9hZHMlMkYyMDI1JTJGMTIlMkZQaWN0dXJlMl9pbXJlc2l6ZXItMi5qcGclMjIlM0UlMEElM0NoMSUyMHN0eWxlJTNEJTIyJTIwY29sb3IlM0ElMjByZWQlM0IlMjBwYWRkaW5nJTNBJTIwMTBweCUyMiUzRUVLJTIwS0FZTkFLTEFSJTIwJTNDJTJGaDElM0UlMEElM0MlMkZkaXYlM0U=[\/vc_raw_html][\/vc_column][\/vc_row][vc_row css_animation=&#8221;&#8221; row_type=&#8221;row&#8221; use_row_as_full_screen_section=&#8221;no&#8221; type=&#8221;full_width&#8221; angled_section=&#8221;no&#8221; text_align=&#8221;left&#8221; background_image_as_pattern=&#8221;without_pattern&#8221; z_index=&#8221;&#8221; padding_top=&#8221;30&#8243; padding_bottom=&#8221;20&#8243;][vc_column css=&#8221;.vc_custom_1615550437479{padding-bottom: 20px !important;}&#8221;][vc_column_text] Equinix&#8217;te do\u011fruluk ve etik yapt\u0131\u011f\u0131m\u0131z her \u015feyin merkezinde yer al\u0131r. Her birimiz, g\u00fcven ve \u015feffafl\u0131k \u00fczerine kurulu bir k\u00fclt\u00fcr\u00fcn \u015fekillenmesinde \u00e7ok \u00f6nemliyiz. \u0130\u015f Eti\u011fi...\" \/>\n<meta property=\"og:url\" content=\"https:\/\/169.254.129.2\/additional-resources\/\" \/>\n<meta property=\"og:site_name\" content=\"Equinix Code of Business Conduct\" \/>\n<meta property=\"article:modified_time\" content=\"2025-12-15T09:46:07+00:00\" \/>\n<meta name=\"twitter:card\" content=\"summary_large_image\" \/>\n<meta name=\"twitter:label1\" content=\"Tahmini okuma s\u00fcresi\" \/>\n\t<meta name=\"twitter:data1\" content=\"3 dakika\" \/>\n<script type=\"application\/ld+json\" class=\"yoast-schema-graph\">{\"@context\":\"https:\/\/schema.org\",\"@graph\":[{\"@type\":\"WebPage\",\"@id\":\"https:\/\/169.254.129.2\/additional-resources\/\",\"url\":\"https:\/\/169.254.129.2\/additional-resources\/\",\"name\":\"Additional Resources - Equinix Code of Business Conduct\",\"isPartOf\":{\"@id\":\"https:\/\/cobc-prod.azurewebsites.net\/#website\"},\"datePublished\":\"2021-03-10T06:22:20+00:00\",\"dateModified\":\"2025-12-15T09:46:07+00:00\",\"breadcrumb\":{\"@id\":\"https:\/\/169.254.129.2\/additional-resources\/#breadcrumb\"},\"inLanguage\":\"tr\",\"potentialAction\":[{\"@type\":\"ReadAction\",\"target\":[\"https:\/\/169.254.129.2\/additional-resources\/\"]}]},{\"@type\":\"BreadcrumbList\",\"@id\":\"https:\/\/169.254.129.2\/additional-resources\/#breadcrumb\",\"itemListElement\":[{\"@type\":\"ListItem\",\"position\":1,\"name\":\"Home\",\"item\":\"https:\/\/169.254.129.2\/\"},{\"@type\":\"ListItem\",\"position\":2,\"name\":\"Additional Resources\"}]},{\"@type\":\"WebSite\",\"@id\":\"https:\/\/cobc-prod.azurewebsites.net\/#website\",\"url\":\"https:\/\/cobc-prod.azurewebsites.net\/\",\"name\":\"Equinix Code of Business Conduct\",\"description\":\"\",\"potentialAction\":[{\"@type\":\"SearchAction\",\"target\":{\"@type\":\"EntryPoint\",\"urlTemplate\":\"https:\/\/cobc-prod.azurewebsites.net\/?s={search_term_string}\"},\"query-input\":{\"@type\":\"PropertyValueSpecification\",\"valueRequired\":true,\"valueName\":\"search_term_string\"}}],\"inLanguage\":\"tr\"}]}<\/script>\n<!-- \/ Yoast SEO plugin. -->","yoast_head_json":{"title":"Additional Resources - Equinix Code of Business Conduct","robots":{"index":"index","follow":"follow","max-snippet":"max-snippet:-1","max-image-preview":"max-image-preview:large","max-video-preview":"max-video-preview:-1"},"canonical":"https:\/\/169.254.129.2\/additional-resources\/","og_locale":"tr_TR","og_type":"article","og_title":"Additional Resources - Equinix Code of Business Conduct","og_description":"[vc_row css_animation=&#8221;&#8221; row_type=&#8221;row&#8221; use_row_as_full_screen_section=&#8221;no&#8221; type=&#8221;full_width&#8221; angled_section=&#8221;no&#8221; text_align=&#8221;left&#8221; background_image_as_pattern=&#8221;without_pattern&#8221;][vc_column][vc_raw_html]JTNDZGl2JTIwY2xhc3MlM0QlMjJkLWZsZXglMjIlMjBzdHlsZSUzRCUyMmRpc3BsYXklM0FmbGV4JTIyJTIwJTIxaW1wb3J0YW50JTNCJTNFJTBBJTNDaW1nJTIwc3JjJTNEJTIyJTJGd3AtY29udGVudCUyRnVwbG9hZHMlMkYyMDI1JTJGMTIlMkZQaWN0dXJlMl9pbXJlc2l6ZXItMi5qcGclMjIlM0UlMEElM0NoMSUyMHN0eWxlJTNEJTIyJTIwY29sb3IlM0ElMjByZWQlM0IlMjBwYWRkaW5nJTNBJTIwMTBweCUyMiUzRUVLJTIwS0FZTkFLTEFSJTIwJTNDJTJGaDElM0UlMEElM0MlMkZkaXYlM0U=[\/vc_raw_html][\/vc_column][\/vc_row][vc_row css_animation=&#8221;&#8221; row_type=&#8221;row&#8221; use_row_as_full_screen_section=&#8221;no&#8221; type=&#8221;full_width&#8221; angled_section=&#8221;no&#8221; text_align=&#8221;left&#8221; background_image_as_pattern=&#8221;without_pattern&#8221; z_index=&#8221;&#8221; padding_top=&#8221;30&#8243; padding_bottom=&#8221;20&#8243;][vc_column css=&#8221;.vc_custom_1615550437479{padding-bottom: 20px !important;}&#8221;][vc_column_text] Equinix&#8217;te do\u011fruluk ve etik yapt\u0131\u011f\u0131m\u0131z her \u015feyin merkezinde yer al\u0131r. Her birimiz, g\u00fcven ve \u015feffafl\u0131k \u00fczerine kurulu bir k\u00fclt\u00fcr\u00fcn \u015fekillenmesinde \u00e7ok \u00f6nemliyiz. \u0130\u015f Eti\u011fi...","og_url":"https:\/\/169.254.129.2\/additional-resources\/","og_site_name":"Equinix Code of Business Conduct","article_modified_time":"2025-12-15T09:46:07+00:00","twitter_card":"summary_large_image","twitter_misc":{"Tahmini okuma s\u00fcresi":"3 dakika"},"schema":{"@context":"https:\/\/schema.org","@graph":[{"@type":"WebPage","@id":"https:\/\/169.254.129.2\/additional-resources\/","url":"https:\/\/169.254.129.2\/additional-resources\/","name":"Additional Resources - Equinix Code of Business Conduct","isPartOf":{"@id":"https:\/\/cobc-prod.azurewebsites.net\/#website"},"datePublished":"2021-03-10T06:22:20+00:00","dateModified":"2025-12-15T09:46:07+00:00","breadcrumb":{"@id":"https:\/\/169.254.129.2\/additional-resources\/#breadcrumb"},"inLanguage":"tr","potentialAction":[{"@type":"ReadAction","target":["https:\/\/169.254.129.2\/additional-resources\/"]}]},{"@type":"BreadcrumbList","@id":"https:\/\/169.254.129.2\/additional-resources\/#breadcrumb","itemListElement":[{"@type":"ListItem","position":1,"name":"Home","item":"https:\/\/169.254.129.2\/"},{"@type":"ListItem","position":2,"name":"Additional Resources"}]},{"@type":"WebSite","@id":"https:\/\/cobc-prod.azurewebsites.net\/#website","url":"https:\/\/cobc-prod.azurewebsites.net\/","name":"Equinix Code of Business Conduct","description":"","potentialAction":[{"@type":"SearchAction","target":{"@type":"EntryPoint","urlTemplate":"https:\/\/cobc-prod.azurewebsites.net\/?s={search_term_string}"},"query-input":{"@type":"PropertyValueSpecification","valueRequired":true,"valueName":"search_term_string"}}],"inLanguage":"tr"}]}},"_links":{"self":[{"href":"https:\/\/codeofbusinessconduct.equinix.com\/tr\/wp-json\/wp\/v2\/pages\/1166","targetHints":{"allow":["GET"]}}],"collection":[{"href":"https:\/\/codeofbusinessconduct.equinix.com\/tr\/wp-json\/wp\/v2\/pages"}],"about":[{"href":"https:\/\/codeofbusinessconduct.equinix.com\/tr\/wp-json\/wp\/v2\/types\/page"}],"author":[{"embeddable":true,"href":"https:\/\/codeofbusinessconduct.equinix.com\/tr\/wp-json\/wp\/v2\/users\/1"}],"replies":[{"embeddable":true,"href":"https:\/\/codeofbusinessconduct.equinix.com\/tr\/wp-json\/wp\/v2\/comments?post=1166"}],"version-history":[{"count":11,"href":"https:\/\/codeofbusinessconduct.equinix.com\/tr\/wp-json\/wp\/v2\/pages\/1166\/revisions"}],"predecessor-version":[{"id":5289,"href":"https:\/\/codeofbusinessconduct.equinix.com\/tr\/wp-json\/wp\/v2\/pages\/1166\/revisions\/5289"}],"wp:attachment":[{"href":"https:\/\/codeofbusinessconduct.equinix.com\/tr\/wp-json\/wp\/v2\/media?parent=1166"}],"curies":[{"name":"wp","href":"https:\/\/api.w.org\/{rel}","templated":true}]}}