{"id":1143,"date":"2021-03-10T05:32:20","date_gmt":"2021-03-10T05:32:20","guid":{"rendered":"https:\/\/codeofbusinessconduct.equinix.com\/?page_id=1143"},"modified":"2024-11-27T00:46:39","modified_gmt":"2024-11-27T00:46:39","slug":"homepage","status":"publish","type":"page","link":"https:\/\/codeofbusinessconduct.equinix.com\/tr\/","title":{"rendered":"Homepage"},"content":{"rendered":"<section class=\"wpb-content-wrapper\"><p>[vc_row css_animation=&#8221;&#8221; row_type=&#8221;row&#8221; use_row_as_full_screen_section=&#8221;no&#8221; type=&#8221;full_width&#8221; angled_section=&#8221;no&#8221; text_align=&#8221;center&#8221; background_image_as_pattern=&#8221;without_pattern&#8221; z_index=&#8221;&#8221; background_image=&#8221;469&#8243; el_class=&#8221;slider-image&#8221;][vc_column][vc_column_text]<\/p>\n<h1>EQUINIX \u0130\u015e ET\u0130\u011e\u0130 KURALLARI<\/h1>\n<p>[\/vc_column_text][\/vc_column][\/vc_row][vc_row css_animation=&#8221;&#8221; row_type=&#8221;row&#8221; use_row_as_full_screen_section=&#8221;no&#8221; type=&#8221;grid&#8221; angled_section=&#8221;no&#8221; text_align=&#8221;left&#8221; background_image_as_pattern=&#8221;without_pattern&#8221; z_index=&#8221;&#8221; padding_top=&#8221;50&#8243; padding_bottom=&#8221;32&#8243; el_class=&#8221;our-message&#8221;][vc_column width=&#8221;2\/3&#8243;][vc_single_image image=&#8221;1151&#8243; img_size=&#8221;full&#8221; qode_css_animation=&#8221;&#8221;][vc_empty_space height=&#8221;8px&#8221;][vc_column_text]<\/p>\n<h3>MESAJIMIZ<\/h3>\n<div class=\"lead\">\n<p><span data-contrast=\"auto\">De\u011ferli Meslekta\u015flar\u0131m\u0131z,<\/span><span data-ccp-props=\"{}\">\u00a0<\/span><\/p>\n<p><span data-contrast=\"auto\">\u202f<\/span><span data-contrast=\"auto\">Equinix&#8217;te, birlikte olu\u015fturdu\u011fumuz ba\u015far\u0131l\u0131 organizasyonla inan\u0131lmaz derecede gurur duyuyoruz. K\u00fcresel ve sekt\u00f6r lideri bir \u015firket olarak Equinix, m\u00fc\u015fterilerimizin ve ortaklar\u0131m\u0131z\u0131n \u015firketimize ve sundu\u011fumuz \u00fcr\u00fcn ve hizmetlere g\u00fcvenebileceklerini bilmelerini sa\u011flayan etik i\u015f uygulamalar\u0131 i\u00e7in bir standart belirleme \u015fans\u0131na ve sorumlulu\u011funa sahiptir. Etik itibar\u0131m\u0131z en g\u00fc\u00e7l\u00fc farkl\u0131la\u015ft\u0131r\u0131c\u0131 unsurlar\u0131m\u0131zdan biridir ve hepimizin desteklemesi gereken bir etkendir.\u202f<\/span><span data-ccp-props=\"{}\">\u00a0<\/span><\/p>\n<p><span data-contrast=\"auto\">\u0130\u015f Davran\u0131\u015f Kurallar\u0131m\u0131z, Equinix&#8217;in temelini olu\u015fturan etik de\u011ferleri ve standartlar\u0131 yans\u0131tmaktad\u0131r. Etik i\u015f davran\u0131\u015flar\u0131 ve yasalara uyum konusunda a\u00e7\u0131k, tutarl\u0131 k\u00fcresel standartlar olu\u015fturmak i\u00e7in ihtiya\u00e7 duydu\u011fumuz bilgi, kaynak ve ara\u00e7lar\u0131 sa\u011flamaktad\u0131r. Hepimizden Kurallar\u0131m\u0131z\u0131 bilmemiz ve \u015firket ad\u0131na \u00e7abalar\u0131m\u0131za rehberlik etmesi i\u00e7in kullanmam\u0131z beklenmektedir. Zorlu etik durumlarla kar\u015f\u0131la\u015ft\u0131\u011f\u0131m\u0131zda do\u011fru se\u00e7imleri yapmam\u0131za yard\u0131mc\u0131 olmak i\u00e7in tasarlanm\u0131\u015ft\u0131r.\u202f<\/span><span data-ccp-props=\"{}\">\u00a0<\/span><\/p>\n<p><span data-contrast=\"auto\">Equinix \u00e7al\u0131\u015fanlar\u0131 olarak hepimiz, \u015eirket k\u00fclt\u00fcr\u00fcm\u00fcz\u00fc de\u011ferlerimizi tehdit eden veya itibar\u0131m\u0131za zarar veren her t\u00fcrl\u00fc davran\u0131\u015fa kar\u015f\u0131 koruma hakk\u0131na ve sorumlulu\u011funa sahibiz. De\u011ferlerimizi ya\u015famak i\u00e7in birbirimizi sorumlu tutmak, Equinix&#8217;i \u00f6zel bir yer yapan b\u00fct\u00fcn\u00fcn bir par\u00e7as\u0131d\u0131r. \u0130\u015f Davran\u0131\u015f Kurallar\u0131m\u0131z\u0131n ihlal edildi\u011fine dair sorular\u0131n\u0131z veya endi\u015feleriniz olursa, l\u00fctfen bunu dile getirin. Y\u00f6neticiniz, Equinix&#8217;in uyum direkt\u00f6r\u00fc, k\u00fcresel genel hukuk dan\u0131\u015fman\u0131 veya hukuk direkt\u00f6r\u00fc ve \u0130K sorumlusu ile konu\u015fman\u0131z te\u015fvik edilmektedir. Ayr\u0131ca \u00e7evrimi\u00e7i etik formumuzu veya \u00e7ok dilde hizmet veren telefon hizmetimizi kullanarak anonim olarak da bildirimde bulunabilirsiniz.\u202f<\/span><span data-ccp-props=\"{}\">\u00a0<\/span><\/p>\n<p><span data-contrast=\"auto\">Equinix&#8217;te etik de\u011ferlere ba\u011fl\u0131, i\u015fe odakl\u0131 ve g\u00fc\u00e7lendirilmi\u015f insanlar olmaktan gurur duyuyoruz. \u00c7al\u0131\u015fanlar\u0131m\u0131z ve k\u00fclt\u00fcr\u00fcm\u00fcz, Equinix&#8217;i bug\u00fcn oldu\u011fu lider konumuna ta\u015f\u0131m\u0131\u015ft\u0131r ve devam eden ba\u015far\u0131m\u0131z\u0131 \u00fczerine in\u015fa etti\u011fimiz temel de yine onlar olacakt\u0131r.<\/span><span data-ccp-props=\"{}\">\u00a0<\/span><\/p>\n<p><span data-contrast=\"auto\">\u202f<\/span><strong>Adaire Fox-Martin\u00a0<\/strong><\/p>\n<p><span data-contrast=\"auto\">\u0130cra Kurulu Ba\u015fkan\u0131 ve Genel M\u00fcd\u00fcr<\/span><span data-ccp-props=\"{}\">\u00a0<\/span><\/p>\n<p><strong>\u202fCharles Meyers\u00a0<\/strong><\/p>\n<p><span data-contrast=\"auto\">Y\u00f6netim Kurulu Ba\u015fkan\u0131<\/span><span data-ccp-props=\"{}\">\u00a0<\/span><\/p>\n<\/div>\n<p>[\/vc_column_text][\/vc_column][vc_column width=&#8221;1\/3&#8243; el_class=&#8221;chief-images&#8221;][vc_single_image image=&#8221;4742&#8243; img_size=&#8221;full&#8221; qode_css_animation=&#8221;&#8221;][vc_single_image image=&#8221;4662&#8243; img_size=&#8221;full&#8221; qode_css_animation=&#8221;&#8221;][vc_column_text el_class=&#8221;team_header&#8221;]<strong>Adaire Fox-Martin\u00a0<\/strong><\/p>\n<p><span data-contrast=\"auto\">\u0130cra Kurulu Ba\u015fkan\u0131 ve Genel M\u00fcd\u00fcr<\/span><span data-ccp-props=\"{}\">\u00a0<\/span>[\/vc_column_text][vc_empty_space height=&#8221;30px&#8221;][vc_single_image image=&#8221;4782&#8243; img_size=&#8221;full&#8221; qode_css_animation=&#8221;&#8221;][vc_single_image image=&#8221;4802&#8243; img_size=&#8221;full&#8221; qode_css_animation=&#8221;&#8221;][vc_column_text el_class=&#8221;team_header&#8221;]<strong>Charles Meyers\u00a0<\/strong><\/p>\n<p><span data-contrast=\"auto\">Y\u00f6netim Kurulu Ba\u015fkan\u0131<\/span><span data-ccp-props=\"{}\">\u00a0<\/span>[\/vc_column_text][\/vc_column][\/vc_row][vc_row css_animation=&#8221;&#8221; row_type=&#8221;row&#8221; use_row_as_full_screen_section=&#8221;yes&#8221; type=&#8221;grid&#8221; angled_section=&#8221;no&#8221; text_align=&#8221;left&#8221; background_image_as_pattern=&#8221;without_pattern&#8221; z_index=&#8221;&#8221; background_color=&#8221;#eeeeee&#8221; padding_top=&#8221;34&#8243; padding_bottom=&#8221;68&#8243; el_class=&#8221;table-of-contents&#8221;][vc_column][vc_column_text]<\/p>\n<h3>\u0130\u00e7indekiler<\/h3>\n<p>[\/vc_column_text][vc_row_inner row_type=&#8221;row&#8221; type=&#8221;full_width&#8221; text_align=&#8221;left&#8221; css_animation=&#8221;&#8221;][vc_column_inner width=&#8221;1\/2&#8243;][vc_column_text]<a class=\"anchor\" href=\"#Our_Purpose_and_Values\"><strong>AMACIMIZ VE DE\u011eERLER\u0130M\u0130Z<\/strong><\/a><\/p>\n<p><a href=\"https:\/\/codeofbusinessconduct.equinix.com\/tr\/our-code\"><strong>KURALLARIMIZ<\/strong><\/a><\/p>\n<ul>\n<li><a href=\"https:\/\/codeofbusinessconduct.equinix.com\/tr\/our-code\/#why_we_have_a_code_of_business_conduct\">Neden \u0130\u015f Eti\u011fi Kurallar\u0131m\u0131z var?<\/a><\/li>\n<li><a href=\"https:\/\/codeofbusinessconduct.equinix.com\/tr\/our-code\/#who_is_required_to_follow_our_code\">Kimlerin kurallar\u0131m\u0131za uymas\u0131 gerekiyor?<\/a><\/li>\n<li><a href=\"https:\/\/codeofbusinessconduct.equinix.com\/tr\/our-code\/#ethics_in_action:_what_our_code_means_for_you\">Uygulamada \u0130\u015f Eti\u011fi: Kurallar\u0131m\u0131z sizin i\u00e7in ne ifade ediyor?<\/a><\/li>\n<\/ul>\n<p><a href=\"https:\/\/codeofbusinessconduct.equinix.com\/tr\/our-people\"><strong>\u00c7ALI\u015eANLARIMIZ<\/strong><\/a><\/p>\n<ul>\n<li><a href=\"https:\/\/codeofbusinessconduct.equinix.com\/tr\/our-people\/#diversity\">\u00c7e\u015fitlilik<\/a><\/li>\n<li><a href=\"https:\/\/codeofbusinessconduct.equinix.com\/tr\/our-people\/#dignity_and_respect\">Onur ve Sayg\u0131<\/a><\/li>\n<li><a href=\"https:\/\/codeofbusinessconduct.equinix.com\/tr\/our-people\/#safety\">G\u00fcvenlik<\/a><\/li>\n<\/ul>\n<p><a href=\"https:\/\/codeofbusinessconduct.equinix.com\/tr\/our-business-relationships\"><strong>\u0130\u015e \u0130L\u0130\u015eK\u0130LER\u0130M\u0130Z<\/strong><\/a><\/p>\n<ul>\n<li><a href=\"https:\/\/codeofbusinessconduct.equinix.com\/tr\/our-business-relationships\/#Conflicts_of_interest\">\u00c7\u0131kar \u00c7at\u0131\u015fmalar\u0131<\/a><\/li>\n<li><a href=\"https:\/\/codeofbusinessconduct.equinix.com\/tr\/our-business-relationships\/#Gifts_and_entertainment\">Hediyeler ve E\u011flence<\/a><\/li>\n<li><a href=\"https:\/\/codeofbusinessconduct.equinix.com\/tr\/our-business-relationships\/#Prohibited_payments_and_gifts_to_government_personnel\">Devlet G\u00f6revlilerine Y\u00f6nelik Yasaklanm\u0131\u015f \u00d6demeler ve Hediyeler<\/a><\/li>\n<li><a href=\"https:\/\/codeofbusinessconduct.equinix.com\/tr\/our-business-relationships\/#Protecting_our_reputation_and_property\">\u0130tibar\u0131m\u0131z\u0131n ve M\u00fclkiyetimizin<\/a><\/li>\n<li><a href=\"https:\/\/codeofbusinessconduct.equinix.com\/tr\/our-business-relationships\/#Speaking_on_behalf_of_our_company\">Korunmas\u0131 \u015eirketimiz Ad\u0131na Konu\u015fmak<\/a><\/li>\n<\/ul>\n<p>[\/vc_column_text][\/vc_column_inner][vc_column_inner width=&#8221;1\/2&#8243;][vc_column_text]<a href=\"https:\/\/codeofbusinessconduct.equinix.com\/tr\/our-commitment-to-the-law\/#Competition_and_fair_dealing\"><strong>YASALARA BA\u011eLILI\u011eIMIZ<\/strong><\/a><\/p>\n<ul>\n<li><a href=\"https:\/\/codeofbusinessconduct.equinix.com\/tr\/our-commitment-to-the-law\/#Competition_and_fair_dealing\">Rekabet ve Adil Anla\u015fmalar<\/a><\/li>\n<li><a href=\"https:\/\/codeofbusinessconduct.equinix.com\/tr\/our-commitment-to-the-law\/#Daily_privacy\">Veri Gizlili\u011fi<\/a><\/li>\n<li><a href=\"https:\/\/codeofbusinessconduct.equinix.com\/tr\/our-commitment-to-the-law\/#Anti-bribery_and_corruption\">R\u00fc\u015fvet ve Yolsuzlukla M\u00fccadele<\/a><\/li>\n<li><a href=\"https:\/\/codeofbusinessconduct.equinix.com\/tr\/our-commitment-to-the-law\/#Intellectual_property\">Fikri M\u00fclkiyet<\/a><\/li>\n<li><a href=\"https:\/\/codeofbusinessconduct.equinix.com\/tr\/our-commitment-to-the-law\/#Inside_information_and_securities_trading\">\u0130\u00e7eriden Al\u0131nan Bilgiler ve Menkul K\u0131ymet \u0130\u015flemleri<\/a><\/li>\n<\/ul>\n<p><a href=\"https:\/\/codeofbusinessconduct.equinix.com\/tr\/our-community\/\"><strong>TOPLULU\u011eUMUZ<\/strong><\/a><\/p>\n<ul>\n<li><a href=\"https:\/\/codeofbusinessconduct.equinix.com\/tr\/our-community\/#Human_rights\">\u0130nsan Haklar\u0131<\/a><\/li>\n<li><a href=\"https:\/\/codeofbusinessconduct.equinix.com\/tr\/our-community\/#Charitable_contributions\">Hay\u0131r Kurumlar\u0131na Yap\u0131lan Yard\u0131mlar<\/a><\/li>\n<li><a href=\"https:\/\/codeofbusinessconduct.equinix.com\/tr\/our-community\/#Political_activities_and_contributions\">Siyasi Faaliyetler ve Ba\u011f\u0131\u015flar<\/a><\/li>\n<li><a href=\"https:\/\/codeofbusinessconduct.equinix.com\/tr\/our-community\/#The_environment\">\u00c7evre<\/a><\/li>\n<\/ul>\n<p><a href=\"https:\/\/codeofbusinessconduct.equinix.com\/tr\/our-responsibility\"><strong>SORUMLULU\u011eUMUZ<\/strong><\/a><\/p>\n<ul>\n<li><a href=\"https:\/\/codeofbusinessconduct.equinix.com\/tr\/our-responsibility\/#Your_voice_matters\">S\u00f6yledikleriniz \u00d6nemlidir <\/a><\/li>\n<li><a href=\"https:\/\/codeofbusinessconduct.equinix.com\/tr\/our-responsibility\/#Ways_to_speak_up\">Sesinizi Duyurman\u0131z i\u00e7in Yollar<\/a><\/li>\n<li><a href=\"https:\/\/codeofbusinessconduct.equinix.com\/tr\/our-responsibility\/#Whistleblower_protection_policy\">\u0130hbarc\u0131lar\u0131 Koruma Politikas\u0131<\/a><\/li>\n<li><a href=\"https:\/\/codeofbusinessconduct.equinix.com\/tr\/our-responsibility\/#Code_of_business_conduct_waivers\">\u0130\u015f Eti\u011fi Kurallar\u0131 A\u00e7\u0131s\u0131ndan \u0130stisnai Durumlar<\/a><\/li>\n<\/ul>\n<p><a href=\"https:\/\/codeofbusinessconduct.equinix.com\/tr\/additional-resources\/\"><strong>EK KAYNAKLAR<\/strong><\/a>[\/vc_column_text][\/vc_column_inner][\/vc_row_inner][\/vc_column][\/vc_row][vc_row css_animation=&#8221;&#8221; row_type=&#8221;row&#8221; use_row_as_full_screen_section=&#8221;no&#8221; type=&#8221;grid&#8221; angled_section=&#8221;no&#8221; text_align=&#8221;left&#8221; background_image_as_pattern=&#8221;without_pattern&#8221; z_index=&#8221;&#8221; padding_top=&#8221;32&#8243; padding_bottom=&#8221;50&#8243; el_class=&#8221;purpose_values our_space&#8221; anchor=&#8221;Our_Purpose_and_Values&#8221;][vc_column width=&#8221;1\/2&#8243; css=&#8221;.vc_custom_1615551557750{padding-bottom: 40px !important;}&#8221;][vc_single_image image=&#8221;1149&#8243; img_size=&#8221;full&#8221; alignment=&#8221;center&#8221; qode_css_animation=&#8221;&#8221; el_class=&#8221;w-100&#8243;][\/vc_column][vc_column width=&#8221;1\/2&#8243; css=&#8221;.vc_custom_1615792034246{padding-bottom: 40px !important;}&#8221;][vc_single_image image=&#8221;1150&#8243; img_size=&#8221;full&#8221; qode_css_animation=&#8221;&#8221;][vc_empty_space height=&#8221;8px&#8221;][vc_column_text]<\/p>\n<h3>AMACIMIZ, HAYAL\u0130M\u0130Z VE DE\u011eERLER\u0130M\u0130Z<\/h3>\n<div class=\"lead\">Equinix\u2019in S\u00f6z\u00fc<\/div>\n<h4>AMACIMIZ<\/h4>\n<p>D\u00fcnyan\u0131n bir araya geldi\u011fi; i\u015fimize, ya\u015fam\u0131m\u0131za ve gezegenimize de\u011fer katan yenilikleri m\u00fcmk\u00fcn k\u0131lan bir platform olmak.<\/p>\n<h4>DE\u011eERLER\u0130M\u0130Z<\/h4>\n<ul>\n<li>M\u00fc\u015fteriler, taahh\u00fctlerimizi yerine getirece\u011fimiz konusunda bize g\u00fcvenir.<\/li>\n<li>Equinix\u2019i Equinix yapan, kendini i\u015fine adam\u0131\u015f ve mesai arkada\u015flar\u0131n\u0131 da i\u015flerini en iyi \u015fekilde yapmakla sorumlu tutan \u00e7al\u0131\u015fanlar\u0131d\u0131r<\/li>\n<li>Disiplinli bir d\u00fc\u015f\u00fcnce ve eylem k\u00fclt\u00fcr\u00fcne b\u00fcy\u00fck de\u011fer veririz.<\/li>\n<li>Equinix olarak, m\u00fckemmellik standartlar\u0131m\u0131z y\u00fcksektir.<\/li>\n<li>Bir numaral\u0131 \u00f6nceli\u011fimiz, ayaklar\u0131 yere sa\u011flam basan harikulade bir \u015firket yaratma arzumuzdur.<\/li>\n<\/ul>\n<p>[\/vc_column_text][\/vc_column][\/vc_row]<\/p>\n<\/section>","protected":false},"excerpt":{"rendered":"<p>[vc_row css_animation=&#8221;&#8221; row_type=&#8221;row&#8221; use_row_as_full_screen_section=&#8221;no&#8221; type=&#8221;full_width&#8221; angled_section=&#8221;no&#8221; text_align=&#8221;center&#8221; background_image_as_pattern=&#8221;without_pattern&#8221; z_index=&#8221;&#8221; background_image=&#8221;469&#8243; el_class=&#8221;slider-image&#8221;][vc_column][vc_column_text] EQUINIX \u0130\u015e ET\u0130\u011e\u0130 KURALLARI [\/vc_column_text][\/vc_column][\/vc_row][vc_row css_animation=&#8221;&#8221; row_type=&#8221;row&#8221; use_row_as_full_screen_section=&#8221;no&#8221; type=&#8221;grid&#8221; angled_section=&#8221;no&#8221; text_align=&#8221;left&#8221; background_image_as_pattern=&#8221;without_pattern&#8221; z_index=&#8221;&#8221; padding_top=&#8221;50&#8243; padding_bottom=&#8221;32&#8243; el_class=&#8221;our-message&#8221;][vc_column width=&#8221;2\/3&#8243;][vc_single_image image=&#8221;1151&#8243; img_size=&#8221;full&#8221; qode_css_animation=&#8221;&#8221;][vc_empty_space height=&#8221;8px&#8221;][vc_column_text] MESAJIMIZ De\u011ferli Meslekta\u015flar\u0131m\u0131z,\u00a0 \u202fEquinix&#8217;te, birlikte olu\u015fturdu\u011fumuz ba\u015far\u0131l\u0131 organizasyonla inan\u0131lmaz derecede gurur duyuyoruz. K\u00fcresel&#8230;<\/p>\n","protected":false},"author":1,"featured_media":0,"parent":0,"menu_order":0,"comment_status":"closed","ping_status":"closed","template":"full_width.php","meta":{"inline_featured_image":false,"footnotes":""},"class_list":["post-1143","page","type-page","status-publish","hentry"],"yoast_head":"<!-- This site is optimized with the Yoast SEO plugin v25.8 - https:\/\/yoast.com\/wordpress\/plugins\/seo\/ -->\n<title>Homepage - Equinix Code of Business Conduct<\/title>\n<meta name=\"robots\" content=\"index, follow, max-snippet:-1, max-image-preview:large, max-video-preview:-1\" \/>\n<link rel=\"canonical\" href=\"https:\/\/169.254.129.2\/\" \/>\n<meta property=\"og:locale\" content=\"tr_TR\" \/>\n<meta property=\"og:type\" content=\"article\" \/>\n<meta property=\"og:title\" content=\"Homepage - Equinix Code of Business Conduct\" \/>\n<meta property=\"og:description\" content=\"[vc_row css_animation=&#8221;&#8221; row_type=&#8221;row&#8221; use_row_as_full_screen_section=&#8221;no&#8221; type=&#8221;full_width&#8221; angled_section=&#8221;no&#8221; text_align=&#8221;center&#8221; background_image_as_pattern=&#8221;without_pattern&#8221; z_index=&#8221;&#8221; background_image=&#8221;469&#8243; el_class=&#8221;slider-image&#8221;][vc_column][vc_column_text] EQUINIX \u0130\u015e ET\u0130\u011e\u0130 KURALLARI [\/vc_column_text][\/vc_column][\/vc_row][vc_row css_animation=&#8221;&#8221; row_type=&#8221;row&#8221; use_row_as_full_screen_section=&#8221;no&#8221; type=&#8221;grid&#8221; angled_section=&#8221;no&#8221; text_align=&#8221;left&#8221; background_image_as_pattern=&#8221;without_pattern&#8221; z_index=&#8221;&#8221; padding_top=&#8221;50&#8243; padding_bottom=&#8221;32&#8243; el_class=&#8221;our-message&#8221;][vc_column width=&#8221;2\/3&#8243;][vc_single_image image=&#8221;1151&#8243; img_size=&#8221;full&#8221; qode_css_animation=&#8221;&#8221;][vc_empty_space height=&#8221;8px&#8221;][vc_column_text] MESAJIMIZ De\u011ferli Meslekta\u015flar\u0131m\u0131z,\u00a0 \u202fEquinix&#8217;te, birlikte olu\u015fturdu\u011fumuz ba\u015far\u0131l\u0131 organizasyonla inan\u0131lmaz derecede gurur duyuyoruz. K\u00fcresel...\" \/>\n<meta property=\"og:url\" content=\"https:\/\/169.254.129.2\/\" \/>\n<meta property=\"og:site_name\" content=\"Equinix Code of Business Conduct\" \/>\n<meta property=\"article:modified_time\" content=\"2024-11-27T00:46:39+00:00\" \/>\n<meta name=\"twitter:card\" content=\"summary_large_image\" \/>\n<meta name=\"twitter:label1\" content=\"Tahmini okuma s\u00fcresi\" \/>\n\t<meta name=\"twitter:data1\" content=\"4 dakika\" \/>\n<script type=\"application\/ld+json\" class=\"yoast-schema-graph\">{\"@context\":\"https:\/\/schema.org\",\"@graph\":[{\"@type\":\"WebPage\",\"@id\":\"https:\/\/169.254.129.2\/\",\"url\":\"https:\/\/169.254.129.2\/\",\"name\":\"Homepage - Equinix Code of Business Conduct\",\"isPartOf\":{\"@id\":\"https:\/\/cobc-prod.azurewebsites.net\/#website\"},\"datePublished\":\"2021-03-10T05:32:20+00:00\",\"dateModified\":\"2024-11-27T00:46:39+00:00\",\"breadcrumb\":{\"@id\":\"https:\/\/169.254.129.2\/#breadcrumb\"},\"inLanguage\":\"tr\",\"potentialAction\":[{\"@type\":\"ReadAction\",\"target\":[\"https:\/\/169.254.129.2\/\"]}]},{\"@type\":\"BreadcrumbList\",\"@id\":\"https:\/\/169.254.129.2\/#breadcrumb\",\"itemListElement\":[{\"@type\":\"ListItem\",\"position\":1,\"name\":\"Home\",\"item\":\"https:\/\/169.254.129.2\/\"},{\"@type\":\"ListItem\",\"position\":2,\"name\":\"Homepage\"}]},{\"@type\":\"WebSite\",\"@id\":\"https:\/\/cobc-prod.azurewebsites.net\/#website\",\"url\":\"https:\/\/cobc-prod.azurewebsites.net\/\",\"name\":\"Equinix Code of Business Conduct\",\"description\":\"\",\"potentialAction\":[{\"@type\":\"SearchAction\",\"target\":{\"@type\":\"EntryPoint\",\"urlTemplate\":\"https:\/\/cobc-prod.azurewebsites.net\/?s={search_term_string}\"},\"query-input\":{\"@type\":\"PropertyValueSpecification\",\"valueRequired\":true,\"valueName\":\"search_term_string\"}}],\"inLanguage\":\"tr\"}]}<\/script>\n<!-- \/ Yoast SEO plugin. -->","yoast_head_json":{"title":"Homepage - Equinix Code of Business Conduct","robots":{"index":"index","follow":"follow","max-snippet":"max-snippet:-1","max-image-preview":"max-image-preview:large","max-video-preview":"max-video-preview:-1"},"canonical":"https:\/\/169.254.129.2\/","og_locale":"tr_TR","og_type":"article","og_title":"Homepage - Equinix Code of Business Conduct","og_description":"[vc_row css_animation=&#8221;&#8221; row_type=&#8221;row&#8221; use_row_as_full_screen_section=&#8221;no&#8221; type=&#8221;full_width&#8221; angled_section=&#8221;no&#8221; text_align=&#8221;center&#8221; background_image_as_pattern=&#8221;without_pattern&#8221; z_index=&#8221;&#8221; background_image=&#8221;469&#8243; el_class=&#8221;slider-image&#8221;][vc_column][vc_column_text] EQUINIX \u0130\u015e ET\u0130\u011e\u0130 KURALLARI [\/vc_column_text][\/vc_column][\/vc_row][vc_row css_animation=&#8221;&#8221; row_type=&#8221;row&#8221; use_row_as_full_screen_section=&#8221;no&#8221; type=&#8221;grid&#8221; angled_section=&#8221;no&#8221; text_align=&#8221;left&#8221; background_image_as_pattern=&#8221;without_pattern&#8221; z_index=&#8221;&#8221; padding_top=&#8221;50&#8243; padding_bottom=&#8221;32&#8243; el_class=&#8221;our-message&#8221;][vc_column width=&#8221;2\/3&#8243;][vc_single_image image=&#8221;1151&#8243; img_size=&#8221;full&#8221; qode_css_animation=&#8221;&#8221;][vc_empty_space height=&#8221;8px&#8221;][vc_column_text] MESAJIMIZ De\u011ferli Meslekta\u015flar\u0131m\u0131z,\u00a0 \u202fEquinix&#8217;te, birlikte olu\u015fturdu\u011fumuz ba\u015far\u0131l\u0131 organizasyonla inan\u0131lmaz derecede gurur duyuyoruz. K\u00fcresel...","og_url":"https:\/\/169.254.129.2\/","og_site_name":"Equinix Code of Business Conduct","article_modified_time":"2024-11-27T00:46:39+00:00","twitter_card":"summary_large_image","twitter_misc":{"Tahmini okuma s\u00fcresi":"4 dakika"},"schema":{"@context":"https:\/\/schema.org","@graph":[{"@type":"WebPage","@id":"https:\/\/169.254.129.2\/","url":"https:\/\/169.254.129.2\/","name":"Homepage - Equinix Code of Business Conduct","isPartOf":{"@id":"https:\/\/cobc-prod.azurewebsites.net\/#website"},"datePublished":"2021-03-10T05:32:20+00:00","dateModified":"2024-11-27T00:46:39+00:00","breadcrumb":{"@id":"https:\/\/169.254.129.2\/#breadcrumb"},"inLanguage":"tr","potentialAction":[{"@type":"ReadAction","target":["https:\/\/169.254.129.2\/"]}]},{"@type":"BreadcrumbList","@id":"https:\/\/169.254.129.2\/#breadcrumb","itemListElement":[{"@type":"ListItem","position":1,"name":"Home","item":"https:\/\/169.254.129.2\/"},{"@type":"ListItem","position":2,"name":"Homepage"}]},{"@type":"WebSite","@id":"https:\/\/cobc-prod.azurewebsites.net\/#website","url":"https:\/\/cobc-prod.azurewebsites.net\/","name":"Equinix Code of Business Conduct","description":"","potentialAction":[{"@type":"SearchAction","target":{"@type":"EntryPoint","urlTemplate":"https:\/\/cobc-prod.azurewebsites.net\/?s={search_term_string}"},"query-input":{"@type":"PropertyValueSpecification","valueRequired":true,"valueName":"search_term_string"}}],"inLanguage":"tr"}]}},"_links":{"self":[{"href":"https:\/\/codeofbusinessconduct.equinix.com\/tr\/wp-json\/wp\/v2\/pages\/1143","targetHints":{"allow":["GET"]}}],"collection":[{"href":"https:\/\/codeofbusinessconduct.equinix.com\/tr\/wp-json\/wp\/v2\/pages"}],"about":[{"href":"https:\/\/codeofbusinessconduct.equinix.com\/tr\/wp-json\/wp\/v2\/types\/page"}],"author":[{"embeddable":true,"href":"https:\/\/codeofbusinessconduct.equinix.com\/tr\/wp-json\/wp\/v2\/users\/1"}],"replies":[{"embeddable":true,"href":"https:\/\/codeofbusinessconduct.equinix.com\/tr\/wp-json\/wp\/v2\/comments?post=1143"}],"version-history":[{"count":11,"href":"https:\/\/codeofbusinessconduct.equinix.com\/tr\/wp-json\/wp\/v2\/pages\/1143\/revisions"}],"predecessor-version":[{"id":4893,"href":"https:\/\/codeofbusinessconduct.equinix.com\/tr\/wp-json\/wp\/v2\/pages\/1143\/revisions\/4893"}],"wp:attachment":[{"href":"https:\/\/codeofbusinessconduct.equinix.com\/tr\/wp-json\/wp\/v2\/media?parent=1143"}],"curies":[{"name":"wp","href":"https:\/\/api.w.org\/{rel}","templated":true}]}}