{"id":1322,"date":"2021-03-10T06:22:20","date_gmt":"2021-03-10T06:22:20","guid":{"rendered":"https:\/\/codeofbusinessconduct.equinix.com\/additional-resources\/"},"modified":"2025-12-15T13:19:13","modified_gmt":"2025-12-15T13:19:13","slug":"additional-resources","status":"publish","type":"page","link":"https:\/\/codeofbusinessconduct.equinix.com\/sv\/additional-resources\/","title":{"rendered":"YTTERLIGARE RESURSER"},"content":{"rendered":"<section class=\"wpb-content-wrapper\"><p>[vc_row css_animation=&#8221;&#8221; row_type=&#8221;row&#8221; use_row_as_full_screen_section=&#8221;no&#8221; type=&#8221;full_width&#8221; angled_section=&#8221;no&#8221; text_align=&#8221;left&#8221; background_image_as_pattern=&#8221;without_pattern&#8221;][vc_column][vc_raw_html]JTNDZGl2JTIwY2xhc3MlM0QlMjJkLWZsZXglMjIlMjBzdHlsZSUzRCUyMmRpc3BsYXklM0FmbGV4JTIyJTIwJTIxaW1wb3J0YW50JTNCJTNFJTBBJTNDaW1nJTIwc3JjJTNEJTIyJTJGd3AtY29udGVudCUyRnVwbG9hZHMlMkYyMDI1JTJGMTIlMkZQaWN0dXJlMl9pbXJlc2l6ZXItMi5qcGclMjIlM0UlMEElM0NoMSUyMHN0eWxlJTNEJTIyJTIwY29sb3IlM0ElMjByZWQlM0IlMjBwYWRkaW5nJTNBJTIwMTBweCUyMiUzRVlUVEVSTElHQVJFJTIwUkVTVVJTRVIlMjAlM0MlMkZoMSUzRSUwQSUzQyUyRmRpdiUzRQ==[\/vc_raw_html][\/vc_column][\/vc_row][vc_row css_animation=&#8221;&#8221; row_type=&#8221;row&#8221; use_row_as_full_screen_section=&#8221;no&#8221; type=&#8221;full_width&#8221; angled_section=&#8221;no&#8221; text_align=&#8221;left&#8221; background_image_as_pattern=&#8221;without_pattern&#8221; z_index=&#8221;&#8221; padding_top=&#8221;30&#8243; padding_bottom=&#8221;20&#8243;][vc_column css=&#8221;.vc_custom_1615550437479{padding-bottom: 20px !important;}&#8221;][vc_column_text]<\/p>\n<p style=\"width: 105%;\">P\u00e5 Equinix \u00e4r integritet och etik k\u00e4rnan i allt vi g\u00f6r. Var och en av oss \u00e4r viktig f\u00f6r att forma en kultur som bygger p\u00e5 f\u00f6rtroende och \u00f6ppenhet. V\u00e5r uppf\u00f6randekod \u00e4r din dagliga kompass som ger dig m\u00f6jlighet att omfamna, uppr\u00e4tth\u00e5lla och leda med dessa principer i varje roll, varje beslut och vart du \u00e4n g\u00e5r. Vi finns h\u00e4r med de resurser och det st\u00f6d du beh\u00f6ver f\u00f6r att g\u00f6ra etiska val p\u00e5 ett tryggt s\u00e4tt<\/p>\n<p>[\/vc_column_text][\/vc_column][\/vc_row][vc_row css_animation=&#8221;&#8221; row_type=&#8221;row&#8221; use_row_as_full_screen_section=&#8221;no&#8221; type=&#8221;full_width&#8221; angled_section=&#8221;no&#8221; text_align=&#8221;left&#8221; background_image_as_pattern=&#8221;without_pattern&#8221; z_index=&#8221;&#8221; padding_bottom=&#8221;140&#8243; el_class=&#8221;addition_resource addition_space&#8221; anchor=&#8221;recommended_readings&#8221;][vc_column width=&#8221;1\/3&#8243; el_class=&#8221;purpose_values&#8221; css=&#8221;.vc_custom_1615786880429{padding-bottom: 40px !important;}&#8221;][vc_column_text]<\/p>\n<h4 style=\"color: red;\">DITT ANSVAR<\/h4>\n<p><span style=\"color: red;\">K\u00e4nn till koden: <\/span> F\u00f6rst\u00e5 och f\u00f6lj Equinix policyer och riktlinjer.<\/p>\n<p><span style=\"color: red;\">Agera:<\/span> Rapportera problem, st\u00e4ll fr\u00e5gor och hj\u00e4lp till att uppr\u00e4tth\u00e5lla v\u00e5r etiska kultur.<\/p>\n<p><span style=\"color: red;\">V\u00e4lj den b\u00e4sta kanalen:<\/span> Kontakta oss p\u00e5 det s\u00e4tt som fungerar f\u00f6r dig \u2013 via anonym hj\u00e4lplinje, e-post eller v\u00e5r uppgraderade onlineportal.[\/vc_column_text][vc_empty_space height=&#8221;35px&#8221;][vc_column_text]<\/p>\n<h4 style=\"color: red;\">RAPPORTERA PROBLEM ELLER \u00d6VERTR\u00c4DELSER<\/h4>\n<p>Anv\u00e4nd n\u00e5got av f\u00f6ljande alternativ f\u00f6r att rapportera dina efterlevnadsproblem och &#8211; funderingar:[\/vc_column_text][vc_empty_space height=&#8221;10px&#8221;][vc_column_text]<\/p>\n<h4><span style=\"color: red;\">HJ\u00c4LPLINJE F\u00d6R RAPPORTERING AV EFTERLEVNAD<\/span><\/h4>\n<p>(med anonymt alternativ):<br \/>\n<a style=\"text-decoration: none; color: black;\" href=\"https:\/\/secure.ethicspoint.com\/domain\/media\/en\/gui\/54104\/index.html\"><span style=\"text-decoration-color: black; color: black;\">www.equinix.ethicspoint.com<\/span><\/a>[\/vc_column_text][vc_empty_space height=&#8221;20px&#8221;][vc_column_text]<\/p>\n<h4><span style=\"color: red;\">FORMUL\u00c4R VID INTRESSEKONFLIKTER<\/span><\/h4>\n<p><a style=\"text-decoration: none; color: black;\" href=\"https:\/\/equinix.ethicspointvp.com\/custom\/equinix\/forms\/coi\/form_data.asp\"><span style=\"color: black;\">www.equinix.ethicspoint.com<\/span><\/a>[\/vc_column_text][vc_empty_space height=&#8221;15px&#8221;][vc_column_text]<\/p>\n<h4><span style=\"color: red;\">KONTAKTA EFTERLEVNADS-TEAMET<\/span><\/h4>\n<p><a style=\"text-decoration: none; color: black;\" href=\"mailto: ethicsandcompliance@equinix.com\"> <span style=\"color: black;\">E-post: ethicsandcompliance@equinix.com<\/span><\/a><\/p>\n<p>[\/vc_column_text][\/vc_column][vc_column width=&#8221;1\/3&#8243;][vc_column_text]<\/p>\n<h4>KONTAKTRESURSER<\/h4>\n<p><strong> F\u00f6r juridiska fr\u00e5gor, v\u00e4nligen kontakta<\/strong><\/p>\n<ul>\n<li>Chefsjurist<\/li>\n<li>Din lokala vice-VD f\u00f6r den juridiska<br \/>\navdelningen (Amerika, Asien- Stillahavsomr\u00e5det eller EMEA)<\/li>\n<li>Vice-VD, risk- och efterlevnadschef<\/li>\n<\/ul>\n<p>[\/vc_column_text][vc_empty_space][vc_column_text]<strong>F\u00f6r personalfr\u00e5gor, v\u00e4nligen kontakta:<\/strong><\/p>\n<ul>\n<li>Personalchef<\/li>\n<li>Kontakta HR (extern) via e-post via denna <a href=\"mailto: HRServices@equinix.com\"><span style=\"text-decoration: underline; text-decoration-color: black; color: black;\">l\u00e4nk.<\/span><\/a><\/li>\n<li>Kontakta HR (internt) &#8211; F\u00f6r att g\u00f6ra en<br \/>\nf\u00f6rfr\u00e5gan internt, anv\u00e4nd den h\u00e4r <a href=\"https:\/\/myhresc.equinix.com\/\"><span style=\"text-decoration: underline; text-decoration-color: black; color: black;\">l\u00e4nken.<\/span><\/a><\/li>\n<\/ul>\n<p>[\/vc_column_text][vc_empty_space][vc_column_text]<strong>F\u00f6r fr\u00e5gor om informationss\u00e4kerhet,<br \/>\nv\u00e4nligen kontakta:<\/strong><\/p>\n<ul>\n<li>Teamet f\u00f6r global informationss\u00e4kerhet:<br \/>\nE-post:<a href=\"mailto: infosec@equinix.com\"> <span style=\"text-decoration: underline; text-decoration-color: black; color: black;\">infosec@equinix.com<\/span><\/a><\/li>\n<li>Den informationss\u00e4kerhetsansvarige<\/li>\n<\/ul>\n<p>[\/vc_column_text][vc_empty_space][vc_column_text]<strong> Om du har fr\u00e5gor om bidrag till v\u00e4lg\u00f6renhet kan du kontakta:<\/strong><br \/>\n<a href=\"mailto: EquinixImpact@equinix.com\"> <span style=\"text-decoration: underline; text-decoration-color: black; color: black;\">EquinixImpact@equinix.com<\/span><\/a>[\/vc_column_text][\/vc_column][vc_column width=&#8221;1\/3&#8243; el_class=&#8221;purpose_values&#8221; css=&#8221;.vc_custom_1615786886049{padding-bottom: 40px !important;}&#8221;][vc_single_image image=&#8221;5187&#8243; img_size=&#8221;full&#8221; qode_css_animation=&#8221;&#8221; el_class=&#8221;w-100&#8243;][vc_empty_space height=&#8221;20px&#8221;][vc_column_text]<\/p>\n<h4>RELATERADE POLICYER OCH REKOMMENDERAD L\u00c4SNING<\/h4>\n<ul>\n<li><a href=\"https:\/\/brand.equinix.com\/\" target=\"_blank\" rel=\"noopener\">V\u00e5rt varum\u00e4rke<\/a><\/li>\n<li><a href=\"https:\/\/d1io3yog0oux5.cloudfront.net\/_6516f53b171c92a82cc4310bc5d7b1d4\/equinix\/db\/2170\/20630\/file\/Equinix+Whistleblower+Policy+%281%29.pdf\" target=\"_blank\" rel=\"noopener\">Policy f\u00f6r skydd av visselbl\u00e5sare<\/a><\/li>\n<\/ul>\n<p>[\/vc_column_text][vc_empty_space height=&#8221;20px&#8221;]\n        <div class=\"resources_login\">\n            <p>Filerna nedan \u00e4r begr\u00e4nsade till anst\u00e4llda vid Equinix. Tillg\u00e5ngen till mobila enheter kan ocks\u00e5 vara begr\u00e4nsad. Bes\u00f6k navet via en station\u00e4r eller b\u00e4rbar dator som utf\u00e4rdats av f\u00f6retaget f\u00f6r att komma \u00e5t de ytterligare l\u00e4nkarna nedan.<\/p>\n            <div class=\"resouce_btn\">\n                <a href=\"https:\/\/codeofbusinessconduct.equinix.com\/?option=saml_user_login&redirect_to=https%3A%2F%2Fcodeofbusinessconduct.equinix.com%2Fadditional-resources%2F\">Logga in<\/a>\n                <a href=\"https:\/\/intranet.equinix.com\/Pages\/Home.aspx\" target=\"_self\">G\u00e5 till navet<\/a>\n            <\/div>\n        <\/div>\n        <div class=\"log_list disabled dlog\"><\/p>\n<ul>\n<li><a href=\"https:\/\/equinixinc.sharepoint.com\/sites\/Intranet\/SitePages\/Equinix%20Impact\/Employee-Philanthropy-and-Volunteering.aspx?web=1\" target=\"_blank\" rel=\"noopener\">Equinix program f\u00f6r matchande g\u00e5vor<\/a><\/li>\n<li><a href=\"https:\/\/equinix.service-now.com\/hr?id=eqx_emp_taxonomy_topic&amp;topic_id=de107691477cee18224c460e436d43a4&amp;in_context=true\" target=\"_blank\" rel=\"noopener\">Global handbok f\u00f6r anst\u00e4llda<\/a><\/li>\n<li><a href=\"https:\/\/equinixinc.sharepoint.com\/sites\/Intranet\/Company\/Forms\/AllItems.aspx?id=%2Fsites%2FIntranet%2FCompany%2FEquinix%20Foundation%2FThe%20Equinix%20Foundation%20Global%20Giving%20Policy%2Epdf&amp;parent=%2Fsites%2FIntranet%2FCompany%2FEquinix%20Foundation\" target=\"_blank\" rel=\"noopener\">Global g\u00e5vopolicy<\/a><\/li>\n<li><a href=\"https:\/\/equinixinc.sharepoint.com\/sites\/TechITHub\/SitePages\/InfoSec-Resources.aspx\" target=\"_blank\" rel=\"noopener\">Globala resurser f\u00f6r informationss\u00e4kerhet<\/a><\/li>\n<li><a href=\"https:\/\/equinix.service-now.com\/epp?sys_kb_id=28fdfe2f8350ee906bc77a10feaad3dd&amp;id=kb_article_view&amp;sysparm_rank=1&amp;sysparm_tsqueryId=a65ff768c3576214e86ed7dc05013115\" target=\"_blank\" rel=\"noopener\">Global informationss\u00e4kerhetspolicy f\u00f6r godtagbar anv\u00e4ndning<\/a><\/li>\n<li><a href=\"https:\/\/equinixinc.sharepoint.com\/:w:\/r\/sites\/Intranet\/_layouts\/15\/Doc.aspx?sourcedoc=%7BE4B7ECB7-6BC0-4E45-BA5A-83DAFCBF45FA%7D&amp;file=Record%20Management%20Policy.docm&amp;action=default&amp;mobileredirect=true\">Policy f\u00f6r dokumenthantering<\/a><\/li>\n<li><a href=\"https:\/\/equinixinc.sharepoint.com\/sites\/Intranet\/SitePages\/Marketing\/Social-Media.aspx?web=1\" target=\"_blank\" rel=\"noopener\">Globala riktlinjer f\u00f6r sociala medier<\/a><\/li>\n<li><a href=\"https:\/\/equinixinc.sharepoint.com\/sites\/Intranet\/Procurement\/Forms\/AllItems.aspx?id=%2Fsites%2FIntranet%2FProcurement%2FTravel%20HUB%2FGlobal%20Travel%20%26%20Expense%20Policy%20%2Epdf&amp;parent=%2Fsites%2FIntranet%2FProcurement%2FTravel%20HUB\" target=\"_blank\" rel=\"noopener\">Global rese- och utgiftspolicy<\/a><\/li>\n<li><a href=\"https:\/\/equinixinc.sharepoint.com\/sites\/Intranet\/SitePages\/Legal\/Securities-Trading-Policies.aspx?web=1&amp;CT=1720547444662&amp;OR=OWA-NT-Calendar&amp;CID=35e2a192-187f-cca2-9782-d1bf1730510d\" target=\"_blank\" rel=\"noopener\">Policy f\u00f6r v\u00e4rdepappershandel <\/a><\/li>\n<li><a href=\"https:\/\/equinixinc.sharepoint.com\/sites\/Intranet\/SitePages\/Sustainability.aspx?web=1\" target=\"_blank\" rel=\"noopener\">H\u00e5llbarhet<\/a><\/li>\n<\/ul>\n<p><\/div>[vc_empty_space height=&#8221;26px&#8221;][vc_column_text][\/vc_column_text][vc_column_text][\/vc_column_text][\/vc_column][\/vc_row]<\/p>\n<\/section>","protected":false},"excerpt":{"rendered":"<p>[vc_row css_animation=&#8221;&#8221; row_type=&#8221;row&#8221; use_row_as_full_screen_section=&#8221;no&#8221; type=&#8221;full_width&#8221; angled_section=&#8221;no&#8221; text_align=&#8221;left&#8221; background_image_as_pattern=&#8221;without_pattern&#8221;][vc_column][vc_raw_html]JTNDZGl2JTIwY2xhc3MlM0QlMjJkLWZsZXglMjIlMjBzdHlsZSUzRCUyMmRpc3BsYXklM0FmbGV4JTIyJTIwJTIxaW1wb3J0YW50JTNCJTNFJTBBJTNDaW1nJTIwc3JjJTNEJTIyJTJGd3AtY29udGVudCUyRnVwbG9hZHMlMkYyMDI1JTJGMTIlMkZQaWN0dXJlMl9pbXJlc2l6ZXItMi5qcGclMjIlM0UlMEElM0NoMSUyMHN0eWxlJTNEJTIyJTIwY29sb3IlM0ElMjByZWQlM0IlMjBwYWRkaW5nJTNBJTIwMTBweCUyMiUzRVlUVEVSTElHQVJFJTIwUkVTVVJTRVIlMjAlM0MlMkZoMSUzRSUwQSUzQyUyRmRpdiUzRQ==[\/vc_raw_html][\/vc_column][\/vc_row][vc_row css_animation=&#8221;&#8221; row_type=&#8221;row&#8221; use_row_as_full_screen_section=&#8221;no&#8221; type=&#8221;full_width&#8221; angled_section=&#8221;no&#8221; text_align=&#8221;left&#8221; background_image_as_pattern=&#8221;without_pattern&#8221; z_index=&#8221;&#8221; padding_top=&#8221;30&#8243; padding_bottom=&#8221;20&#8243;][vc_column css=&#8221;.vc_custom_1615550437479{padding-bottom: 20px !important;}&#8221;][vc_column_text] P\u00e5 Equinix \u00e4r integritet och etik k\u00e4rnan i allt vi g\u00f6r. Var och en av oss \u00e4r viktig f\u00f6r att forma en kultur som&#8230;<\/p>\n","protected":false},"author":1,"featured_media":0,"parent":0,"menu_order":0,"comment_status":"closed","ping_status":"closed","template":"","meta":{"inline_featured_image":false,"footnotes":""},"class_list":["post-1322","page","type-page","status-publish","hentry"],"yoast_head":"<!-- This site is optimized with the Yoast SEO plugin v25.8 - https:\/\/yoast.com\/wordpress\/plugins\/seo\/ -->\n<title>YTTERLIGARE RESURSER - Equinix Code of Business Conduct<\/title>\n<meta name=\"robots\" content=\"index, follow, max-snippet:-1, max-image-preview:large, max-video-preview:-1\" \/>\n<link rel=\"canonical\" href=\"https:\/\/169.254.129.2\/additional-resources\/\" \/>\n<meta property=\"og:locale\" content=\"sv_SE\" \/>\n<meta property=\"og:type\" content=\"article\" \/>\n<meta property=\"og:title\" content=\"YTTERLIGARE RESURSER - Equinix Code of Business Conduct\" \/>\n<meta property=\"og:description\" content=\"[vc_row css_animation=&#8221;&#8221; row_type=&#8221;row&#8221; use_row_as_full_screen_section=&#8221;no&#8221; type=&#8221;full_width&#8221; angled_section=&#8221;no&#8221; text_align=&#8221;left&#8221; background_image_as_pattern=&#8221;without_pattern&#8221;][vc_column][vc_raw_html]JTNDZGl2JTIwY2xhc3MlM0QlMjJkLWZsZXglMjIlMjBzdHlsZSUzRCUyMmRpc3BsYXklM0FmbGV4JTIyJTIwJTIxaW1wb3J0YW50JTNCJTNFJTBBJTNDaW1nJTIwc3JjJTNEJTIyJTJGd3AtY29udGVudCUyRnVwbG9hZHMlMkYyMDI1JTJGMTIlMkZQaWN0dXJlMl9pbXJlc2l6ZXItMi5qcGclMjIlM0UlMEElM0NoMSUyMHN0eWxlJTNEJTIyJTIwY29sb3IlM0ElMjByZWQlM0IlMjBwYWRkaW5nJTNBJTIwMTBweCUyMiUzRVlUVEVSTElHQVJFJTIwUkVTVVJTRVIlMjAlM0MlMkZoMSUzRSUwQSUzQyUyRmRpdiUzRQ==[\/vc_raw_html][\/vc_column][\/vc_row][vc_row css_animation=&#8221;&#8221; row_type=&#8221;row&#8221; use_row_as_full_screen_section=&#8221;no&#8221; type=&#8221;full_width&#8221; angled_section=&#8221;no&#8221; text_align=&#8221;left&#8221; background_image_as_pattern=&#8221;without_pattern&#8221; z_index=&#8221;&#8221; padding_top=&#8221;30&#8243; padding_bottom=&#8221;20&#8243;][vc_column css=&#8221;.vc_custom_1615550437479{padding-bottom: 20px !important;}&#8221;][vc_column_text] P\u00e5 Equinix \u00e4r integritet och etik k\u00e4rnan i allt vi g\u00f6r. Var och en av oss \u00e4r viktig f\u00f6r att forma en kultur som...\" \/>\n<meta property=\"og:url\" content=\"https:\/\/169.254.129.2\/additional-resources\/\" \/>\n<meta property=\"og:site_name\" content=\"Equinix Code of Business Conduct\" \/>\n<meta property=\"article:modified_time\" content=\"2025-12-15T13:19:13+00:00\" \/>\n<meta name=\"twitter:card\" content=\"summary_large_image\" \/>\n<meta name=\"twitter:label1\" content=\"Ber\u00e4knad l\u00e4stid\" \/>\n\t<meta name=\"twitter:data1\" content=\"2 minuter\" \/>\n<script type=\"application\/ld+json\" class=\"yoast-schema-graph\">{\"@context\":\"https:\/\/schema.org\",\"@graph\":[{\"@type\":\"WebPage\",\"@id\":\"https:\/\/169.254.129.2\/additional-resources\/\",\"url\":\"https:\/\/169.254.129.2\/additional-resources\/\",\"name\":\"YTTERLIGARE RESURSER - Equinix Code of Business Conduct\",\"isPartOf\":{\"@id\":\"https:\/\/cobc-prod.azurewebsites.net\/#website\"},\"datePublished\":\"2021-03-10T06:22:20+00:00\",\"dateModified\":\"2025-12-15T13:19:13+00:00\",\"breadcrumb\":{\"@id\":\"https:\/\/169.254.129.2\/additional-resources\/#breadcrumb\"},\"inLanguage\":\"sv-SE\",\"potentialAction\":[{\"@type\":\"ReadAction\",\"target\":[\"https:\/\/169.254.129.2\/additional-resources\/\"]}]},{\"@type\":\"BreadcrumbList\",\"@id\":\"https:\/\/169.254.129.2\/additional-resources\/#breadcrumb\",\"itemListElement\":[{\"@type\":\"ListItem\",\"position\":1,\"name\":\"Home\",\"item\":\"https:\/\/codeofbusinessconduct.equinix.com\/sv\/\"},{\"@type\":\"ListItem\",\"position\":2,\"name\":\"YTTERLIGARE RESURSER\"}]},{\"@type\":\"WebSite\",\"@id\":\"https:\/\/cobc-prod.azurewebsites.net\/#website\",\"url\":\"https:\/\/cobc-prod.azurewebsites.net\/\",\"name\":\"Equinix Code of Business Conduct\",\"description\":\"\",\"potentialAction\":[{\"@type\":\"SearchAction\",\"target\":{\"@type\":\"EntryPoint\",\"urlTemplate\":\"https:\/\/cobc-prod.azurewebsites.net\/?s={search_term_string}\"},\"query-input\":{\"@type\":\"PropertyValueSpecification\",\"valueRequired\":true,\"valueName\":\"search_term_string\"}}],\"inLanguage\":\"sv-SE\"}]}<\/script>\n<!-- \/ Yoast SEO plugin. -->","yoast_head_json":{"title":"YTTERLIGARE RESURSER - Equinix Code of Business Conduct","robots":{"index":"index","follow":"follow","max-snippet":"max-snippet:-1","max-image-preview":"max-image-preview:large","max-video-preview":"max-video-preview:-1"},"canonical":"https:\/\/169.254.129.2\/additional-resources\/","og_locale":"sv_SE","og_type":"article","og_title":"YTTERLIGARE RESURSER - Equinix Code of Business Conduct","og_description":"[vc_row css_animation=&#8221;&#8221; row_type=&#8221;row&#8221; use_row_as_full_screen_section=&#8221;no&#8221; type=&#8221;full_width&#8221; angled_section=&#8221;no&#8221; text_align=&#8221;left&#8221; background_image_as_pattern=&#8221;without_pattern&#8221;][vc_column][vc_raw_html]JTNDZGl2JTIwY2xhc3MlM0QlMjJkLWZsZXglMjIlMjBzdHlsZSUzRCUyMmRpc3BsYXklM0FmbGV4JTIyJTIwJTIxaW1wb3J0YW50JTNCJTNFJTBBJTNDaW1nJTIwc3JjJTNEJTIyJTJGd3AtY29udGVudCUyRnVwbG9hZHMlMkYyMDI1JTJGMTIlMkZQaWN0dXJlMl9pbXJlc2l6ZXItMi5qcGclMjIlM0UlMEElM0NoMSUyMHN0eWxlJTNEJTIyJTIwY29sb3IlM0ElMjByZWQlM0IlMjBwYWRkaW5nJTNBJTIwMTBweCUyMiUzRVlUVEVSTElHQVJFJTIwUkVTVVJTRVIlMjAlM0MlMkZoMSUzRSUwQSUzQyUyRmRpdiUzRQ==[\/vc_raw_html][\/vc_column][\/vc_row][vc_row css_animation=&#8221;&#8221; row_type=&#8221;row&#8221; use_row_as_full_screen_section=&#8221;no&#8221; type=&#8221;full_width&#8221; angled_section=&#8221;no&#8221; text_align=&#8221;left&#8221; background_image_as_pattern=&#8221;without_pattern&#8221; z_index=&#8221;&#8221; padding_top=&#8221;30&#8243; padding_bottom=&#8221;20&#8243;][vc_column css=&#8221;.vc_custom_1615550437479{padding-bottom: 20px !important;}&#8221;][vc_column_text] P\u00e5 Equinix \u00e4r integritet och etik k\u00e4rnan i allt vi g\u00f6r. Var och en av oss \u00e4r viktig f\u00f6r att forma en kultur som...","og_url":"https:\/\/169.254.129.2\/additional-resources\/","og_site_name":"Equinix Code of Business Conduct","article_modified_time":"2025-12-15T13:19:13+00:00","twitter_card":"summary_large_image","twitter_misc":{"Ber\u00e4knad l\u00e4stid":"2 minuter"},"schema":{"@context":"https:\/\/schema.org","@graph":[{"@type":"WebPage","@id":"https:\/\/169.254.129.2\/additional-resources\/","url":"https:\/\/169.254.129.2\/additional-resources\/","name":"YTTERLIGARE RESURSER - Equinix Code of Business Conduct","isPartOf":{"@id":"https:\/\/cobc-prod.azurewebsites.net\/#website"},"datePublished":"2021-03-10T06:22:20+00:00","dateModified":"2025-12-15T13:19:13+00:00","breadcrumb":{"@id":"https:\/\/169.254.129.2\/additional-resources\/#breadcrumb"},"inLanguage":"sv-SE","potentialAction":[{"@type":"ReadAction","target":["https:\/\/169.254.129.2\/additional-resources\/"]}]},{"@type":"BreadcrumbList","@id":"https:\/\/169.254.129.2\/additional-resources\/#breadcrumb","itemListElement":[{"@type":"ListItem","position":1,"name":"Home","item":"https:\/\/codeofbusinessconduct.equinix.com\/sv\/"},{"@type":"ListItem","position":2,"name":"YTTERLIGARE RESURSER"}]},{"@type":"WebSite","@id":"https:\/\/cobc-prod.azurewebsites.net\/#website","url":"https:\/\/cobc-prod.azurewebsites.net\/","name":"Equinix Code of Business Conduct","description":"","potentialAction":[{"@type":"SearchAction","target":{"@type":"EntryPoint","urlTemplate":"https:\/\/cobc-prod.azurewebsites.net\/?s={search_term_string}"},"query-input":{"@type":"PropertyValueSpecification","valueRequired":true,"valueName":"search_term_string"}}],"inLanguage":"sv-SE"}]}},"_links":{"self":[{"href":"https:\/\/codeofbusinessconduct.equinix.com\/sv\/wp-json\/wp\/v2\/pages\/1322","targetHints":{"allow":["GET"]}}],"collection":[{"href":"https:\/\/codeofbusinessconduct.equinix.com\/sv\/wp-json\/wp\/v2\/pages"}],"about":[{"href":"https:\/\/codeofbusinessconduct.equinix.com\/sv\/wp-json\/wp\/v2\/types\/page"}],"author":[{"embeddable":true,"href":"https:\/\/codeofbusinessconduct.equinix.com\/sv\/wp-json\/wp\/v2\/users\/1"}],"replies":[{"embeddable":true,"href":"https:\/\/codeofbusinessconduct.equinix.com\/sv\/wp-json\/wp\/v2\/comments?post=1322"}],"version-history":[{"count":11,"href":"https:\/\/codeofbusinessconduct.equinix.com\/sv\/wp-json\/wp\/v2\/pages\/1322\/revisions"}],"predecessor-version":[{"id":5335,"href":"https:\/\/codeofbusinessconduct.equinix.com\/sv\/wp-json\/wp\/v2\/pages\/1322\/revisions\/5335"}],"wp:attachment":[{"href":"https:\/\/codeofbusinessconduct.equinix.com\/sv\/wp-json\/wp\/v2\/media?parent=1322"}],"curies":[{"name":"wp","href":"https:\/\/api.w.org\/{rel}","templated":true}]}}