{"id":1315,"date":"2021-03-10T06:21:58","date_gmt":"2021-03-10T06:21:58","guid":{"rendered":"https:\/\/codeofbusinessconduct.equinix.com\/our-responsibility\/"},"modified":"2025-12-15T13:04:52","modified_gmt":"2025-12-15T13:04:52","slug":"our-responsibility","status":"publish","type":"page","link":"https:\/\/codeofbusinessconduct.equinix.com\/sv\/our-responsibility\/","title":{"rendered":"V\u00c5RT ANSVAR"},"content":{"rendered":"<section class=\"wpb-content-wrapper\"><p>[vc_row css_animation=&#8221;&#8221; row_type=&#8221;row&#8221; use_row_as_full_screen_section=&#8221;no&#8221; type=&#8221;full_width&#8221; angled_section=&#8221;no&#8221; text_align=&#8221;left&#8221; background_image_as_pattern=&#8221;without_pattern&#8221;][vc_column][vc_single_image image=&#8221;1319&#8243; img_size=&#8221;full&#8221; qode_css_animation=&#8221;&#8221;][vc_empty_space height=&#8221;8px&#8221;][vc_column_text]<\/p>\n<h3>V\u00c5RT ANSVAR<\/h3>\n<div class=\"lead\">Leva upp till uppf\u00f6randekoden och g\u00f6ra din r\u00f6st h\u00f6rd om du har n\u00e5gon fr\u00e5ga eller misstanke<\/div>\n<p>[\/vc_column_text][\/vc_column][\/vc_row][vc_row css_animation=&#8221;&#8221; row_type=&#8221;row&#8221; use_row_as_full_screen_section=&#8221;no&#8221; type=&#8221;full_width&#8221; angled_section=&#8221;no&#8221; text_align=&#8221;left&#8221; background_image_as_pattern=&#8221;without_pattern&#8221; z_index=&#8221;&#8221; padding_top=&#8221;32&#8243; padding_bottom=&#8221;24&#8243;][vc_column][vc_single_image image=&#8221;1316&#8243; img_size=&#8221;full&#8221; alignment=&#8221;center&#8221; qode_css_animation=&#8221;&#8221; el_class=&#8221;w-100&#8243;][\/vc_column][\/vc_row][vc_row css_animation=&#8221;&#8221; row_type=&#8221;row&#8221; use_row_as_full_screen_section=&#8221;no&#8221; type=&#8221;full_width&#8221; angled_section=&#8221;no&#8221; text_align=&#8221;left&#8221; background_image_as_pattern=&#8221;without_pattern&#8221; z_index=&#8221;&#8221; padding_bottom=&#8221;32&#8243; anchor=&#8221;Your_voice_matters&#8221;][vc_column width=&#8221;2\/3&#8243; el_class=&#8221;purpose_values&#8221;][vc_column_text]<\/p>\n<h4>DIN R\u00d6ST \u00c4R VIKTIG<\/h4>\n<p>V\u00e5rt anseende som ett etiskt f\u00f6retag \u00e4r beroende av att vi arbetar tillsammans f\u00f6r att se till att v\u00e5ra h\u00f6ga etiska normer efterlevs. Ibland kan det k\u00e4nnas l\u00e4ttare att inte s\u00e4ga n\u00e5got om du ser n\u00e5gon bryta mot v\u00e5r kod, men om du inte g\u00f6r n\u00e5got kan det f\u00e5 allvarliga konsekvenser. Att s\u00e4ga ifr\u00e5n n\u00e4r du ser n\u00e5got olagligt eller oetiskt beteende inneb\u00e4r att du bryr dig om att se till att vi forts\u00e4tter att vara en etisk arbetsplats.[\/vc_column_text][vc_row_inner row_type=&#8221;row&#8221; type=&#8221;full_width&#8221; text_align=&#8221;left&#8221; css_animation=&#8221;&#8221; css=&#8221;.vc_custom_1616046857132{padding-top: 20px !important;}&#8221; anchor=&#8221;Ways_to_speak_up&#8221;][vc_column_inner][vc_column_text]<\/p>\n<h4>HUR DU KAN G\u00d6RA DIN R\u00d6ST H\u00d6RD<\/h4>\n<p>Du har b\u00e5de r\u00e4tt och skyldighet att skydda v\u00e5rt f\u00f6retag mot beteenden som bryter mot v\u00e5r kod. Om du uppm\u00e4rksammar n\u00e5gra \u00f6vertr\u00e4delser mot koden litar vi p\u00e5 att du omg\u00e5ende rapporterar dem. N\u00e4r du g\u00f6r din r\u00f6st h\u00f6rd kan du vara s\u00e4ker p\u00e5 att din fr\u00e5ga kommer att behandlas snabbt och i f\u00f6rtroende.<\/p>\n<p>P\u00e5 Equinix finns det flera l\u00e4mpliga s\u00e4tt f\u00f6r dig att tala om fr\u00e5gor eller problem som du kan ha, bland annat:[\/vc_column_text][\/vc_column_inner][\/vc_row_inner][\/vc_column][vc_column width=&#8221;1\/3&#8243;][\/vc_column][\/vc_row][vc_row css_animation=&#8221;&#8221; row_type=&#8221;row&#8221; use_row_as_full_screen_section=&#8221;no&#8221; type=&#8221;full_width&#8221; angled_section=&#8221;no&#8221; text_align=&#8221;left&#8221; background_image_as_pattern=&#8221;without_pattern&#8221;][vc_column width=&#8221;2\/3&#8243; el_class=&#8221;purpose_values&#8221;][vc_column_text]<\/p>\n<ul>\n<li>Prata med din chef<\/li>\n<li>Kontakta din HR-representant eller <a href=\"mailto:HRDirect@equinix.com\">HRDirect@equinix.com<\/a><\/li>\n<li>Kontakta Equinix Compliance Officer<\/li>\n<li>Skicka ett e-postmeddelande till Compliance Office: <a href=\"mailto:ethicsandcompliance@equinix.com\">ethicsandcompliance@equinix.com<\/a><\/li>\n<li>Kontakta din lokala juridiska representant<\/li>\n<li><a href=\"http:\/\/www.equinix.ethicspoint.com\">www.equinix.ethicspoint.com<\/a><\/li>\n<\/ul>\n<p>[\/vc_column_text][\/vc_column][vc_column width=&#8221;1\/3&#8243;][\/vc_column][\/vc_row][vc_row css_animation=&#8221;&#8221; row_type=&#8221;row&#8221; use_row_as_full_screen_section=&#8221;no&#8221; type=&#8221;full_width&#8221; angled_section=&#8221;no&#8221; text_align=&#8221;left&#8221; background_image_as_pattern=&#8221;without_pattern&#8221; z_index=&#8221;&#8221; padding_top=&#8221;45&#8243; padding_bottom=&#8221;90&#8243; el_class=&#8221;purpose_values whistle_space&#8221; anchor=&#8221;Whistleblower_protection_policy&#8221;][vc_column width=&#8221;1\/4&#8243; css=&#8221;.vc_custom_1615548595586{padding-bottom: 36px !important;}&#8221;][vc_single_image image=&#8221;1318&#8243; img_size=&#8221;full&#8221; alignment=&#8221;center&#8221; qode_css_animation=&#8221;&#8221;][\/vc_column][vc_column width=&#8221;3\/4&#8243; css=&#8221;.vc_custom_1615548601728{padding-bottom: 36px !important;}&#8221;][vc_column_text]<\/p>\n<h4>POLICY F\u00d6R SKYDD AV VISSELBL\u00c5SARE<\/h4>\n<p>Vi anser att det \u00e4r viktigt att skapa en milj\u00f6 d\u00e4r man kan ta upp alla fr\u00e5gor som leder till oro och att man kan g\u00f6ra det utan att vara r\u00e4dd f\u00f6r repressalier. Det \u00e4r viktigt att v\u00e5ra medarbetare har f\u00f6rtroende f\u00f6r att deras fr\u00e5gor tas p\u00e5 allvar och att f\u00f6retaget vidtar \u00e5tg\u00e4rder.<\/p>\n<p>Equinix har en nolltoleranspolicy n\u00e4r det g\u00e4ller repressalier mot medarbetare som i god tro rapporterar ett potentiellt missf\u00f6rh\u00e5llande eller hj\u00e4lper till med en utredning. Vi vill att du ska k\u00e4nna att du kan st\u00e4lla fr\u00e5gor och ta upp problem utan att vara r\u00e4dd f\u00f6r repressalier och veta att du har gjort det r\u00e4tta genom att tr\u00e4da fram.[\/vc_column_text][vc_empty_space height=&#8221;20px&#8221;][vc_row_inner row_type=&#8221;row&#8221; type=&#8221;full_width&#8221; text_align=&#8221;left&#8221; css_animation=&#8221;&#8221; anchor=&#8221;Code_of_business_conduct_waivers&#8221;][vc_column_inner width=&#8221;2\/3&#8243; css=&#8221;.vc_custom_1616046913170{padding-bottom: 30px !important;}&#8221;][vc_column_text]<\/p>\n<h4>UNDANTAG FR\u00c5N KODEN<\/h4>\n<p>Det \u00e4r alla medarbetares ansvar att f\u00f6rst\u00e5 och f\u00f6lja uppf\u00f6randekoden. Om du bryter mot n\u00e5gra policyer och rutiner i v\u00e5r kod kan du bli f\u00f6rem\u00e5l f\u00f6r disciplin\u00e4ra \u00e5tg\u00e4rder, inklusive upps\u00e4gning, i enlighet med till\u00e4mplig lag. Om du tror att dina handlingar kan bryta mot koden m\u00e5ste du ta upp fr\u00e5gan med din chef och Compliance Office.<\/p>\n<p>Equinix kan endast g\u00f6ra undantag fr\u00e5n de principer som anges i v\u00e5r kod om omst\u00e4ndigheterna r\u00e4ttf\u00e4rdigar det baserat p\u00e5 Equinix och aktie\u00e4garnas b\u00e4sta intressen.[\/vc_column_text][\/vc_column_inner][vc_column_inner width=&#8221;1\/3&#8243; css=&#8221;.vc_custom_1615549566388{padding-bottom: 30px !important;}&#8221;][vc_column_text]<\/p>\n<h4 class=\"exclaimation\">Kom ih\u00e5g:<\/h4>\n<div class=\"lead\">Uppf\u00f6randekoden finns i appen Equinix Mobile One och alla policyer finns p\u00e5 <a href=\"https:\/\/equinixinc.sharepoint.com\/sites\/Intranet\/SitePages\/Company-Policies.aspx?web=1\" target=\"_blank\" rel=\"noopener\">Equinix intranet<\/a>.<\/div>\n<p>[\/vc_column_text][\/vc_column_inner][\/vc_row_inner][vc_row_inner row_type=&#8221;row&#8221; type=&#8221;full_width&#8221; text_align=&#8221;left&#8221; css_animation=&#8221;&#8221;][vc_column_inner][vc_column_text]Undantag fr\u00e5n Equinix policy eller n\u00e5got avsnitt i koden som en medarbetare har beg\u00e4rt m\u00e5ste godk\u00e4nnas av medarbetarens chef och av Compliance Officer. Beg\u00e4ran om undantag som medarbetare g\u00f6r granskas och beviljas fr\u00e5n fall till fall.<\/p>\n<p>Undantag fr\u00e5n koden f\u00f6r direkt\u00f6rer och ledande befattningshavare m\u00e5ste godk\u00e4nnas av opartiska direkt\u00f6rer och kommer att offentligg\u00f6ras i enlighet med till\u00e4mpliga lagar och f\u00f6rordningar. Underlag f\u00f6r beg\u00e4ran om undantag fr\u00e5n koden finns h\u00e4r:<\/p>\n<p><a href=\"http:\/\/www.equinix.ethicspoint.com\">www.equinix.ethicspoint.com<\/a>[\/vc_column_text][\/vc_column_inner][\/vc_row_inner][vc_empty_space height=&#8221;35px&#8221;]<a class=\"recom-read-link\" href=\"\/sv\/additional-resources\/#recommended_readings\" target=\"_self\"><div class=\"recommend_book\"><div class=\"recommend_icon\"><img decoding=\"async\" src=\"https:\/\/codeofbusinessconduct.equinix.com\/wp-content\/uploads\/2021\/03\/recommend_book.svg\" \/><\/div><div class=\"recommend_content\"><h4>REKOMMENDERAD L\u00c4SNING:<br>EQUINIX POLICY F\u00d6R SKYDD AV VISSELBL\u00c5SARE<\/h4><\/div><\/div><\/a>[\/vc_column][\/vc_row]<\/p>\n<\/section>","protected":false},"excerpt":{"rendered":"<p>[vc_row css_animation=&#8221;&#8221; row_type=&#8221;row&#8221; use_row_as_full_screen_section=&#8221;no&#8221; type=&#8221;full_width&#8221; angled_section=&#8221;no&#8221; text_align=&#8221;left&#8221; background_image_as_pattern=&#8221;without_pattern&#8221;][vc_column][vc_single_image image=&#8221;1319&#8243; img_size=&#8221;full&#8221; qode_css_animation=&#8221;&#8221;][vc_empty_space height=&#8221;8px&#8221;][vc_column_text] V\u00c5RT ANSVAR Leva upp till uppf\u00f6randekoden och g\u00f6ra din r\u00f6st h\u00f6rd om du har n\u00e5gon fr\u00e5ga eller misstanke [\/vc_column_text][\/vc_column][\/vc_row][vc_row css_animation=&#8221;&#8221; row_type=&#8221;row&#8221; use_row_as_full_screen_section=&#8221;no&#8221; type=&#8221;full_width&#8221; angled_section=&#8221;no&#8221; text_align=&#8221;left&#8221; background_image_as_pattern=&#8221;without_pattern&#8221; z_index=&#8221;&#8221; padding_top=&#8221;32&#8243; padding_bottom=&#8221;24&#8243;][vc_column][vc_single_image image=&#8221;1316&#8243; img_size=&#8221;full&#8221; alignment=&#8221;center&#8221; qode_css_animation=&#8221;&#8221;&#8230;<\/p>\n","protected":false},"author":1,"featured_media":0,"parent":0,"menu_order":0,"comment_status":"closed","ping_status":"closed","template":"","meta":{"inline_featured_image":false,"footnotes":""},"class_list":["post-1315","page","type-page","status-publish","hentry"],"yoast_head":"<!-- This site is optimized with the Yoast SEO plugin v25.8 - https:\/\/yoast.com\/wordpress\/plugins\/seo\/ -->\n<title>V\u00c5RT ANSVAR - Equinix Code of Business Conduct<\/title>\n<meta name=\"robots\" content=\"index, follow, max-snippet:-1, max-image-preview:large, max-video-preview:-1\" \/>\n<link rel=\"canonical\" href=\"https:\/\/codeofbusinessconduct.equinix.com\/sv\/our-responsibility\/\" \/>\n<meta property=\"og:locale\" content=\"sv_SE\" \/>\n<meta property=\"og:type\" content=\"article\" \/>\n<meta property=\"og:title\" content=\"V\u00c5RT ANSVAR - Equinix Code of Business Conduct\" \/>\n<meta property=\"og:description\" content=\"[vc_row css_animation=&#8221;&#8221; row_type=&#8221;row&#8221; use_row_as_full_screen_section=&#8221;no&#8221; type=&#8221;full_width&#8221; angled_section=&#8221;no&#8221; text_align=&#8221;left&#8221; background_image_as_pattern=&#8221;without_pattern&#8221;][vc_column][vc_single_image image=&#8221;1319&#8243; img_size=&#8221;full&#8221; qode_css_animation=&#8221;&#8221;][vc_empty_space height=&#8221;8px&#8221;][vc_column_text] V\u00c5RT ANSVAR Leva upp till uppf\u00f6randekoden och g\u00f6ra din r\u00f6st h\u00f6rd om du har n\u00e5gon fr\u00e5ga eller misstanke [\/vc_column_text][\/vc_column][\/vc_row][vc_row css_animation=&#8221;&#8221; row_type=&#8221;row&#8221; use_row_as_full_screen_section=&#8221;no&#8221; type=&#8221;full_width&#8221; angled_section=&#8221;no&#8221; text_align=&#8221;left&#8221; background_image_as_pattern=&#8221;without_pattern&#8221; z_index=&#8221;&#8221; padding_top=&#8221;32&#8243; padding_bottom=&#8221;24&#8243;][vc_column][vc_single_image image=&#8221;1316&#8243; img_size=&#8221;full&#8221; alignment=&#8221;center&#8221; qode_css_animation=&#8221;&#8221;...\" \/>\n<meta property=\"og:url\" content=\"https:\/\/codeofbusinessconduct.equinix.com\/sv\/our-responsibility\/\" \/>\n<meta property=\"og:site_name\" content=\"Equinix Code of Business Conduct\" \/>\n<meta property=\"article:modified_time\" content=\"2025-12-15T13:04:52+00:00\" \/>\n<meta name=\"twitter:card\" content=\"summary_large_image\" \/>\n<meta name=\"twitter:label1\" content=\"Ber\u00e4knad l\u00e4stid\" \/>\n\t<meta name=\"twitter:data1\" content=\"4 minuter\" \/>\n<script type=\"application\/ld+json\" class=\"yoast-schema-graph\">{\"@context\":\"https:\/\/schema.org\",\"@graph\":[{\"@type\":\"WebPage\",\"@id\":\"https:\/\/codeofbusinessconduct.equinix.com\/sv\/our-responsibility\/\",\"url\":\"https:\/\/codeofbusinessconduct.equinix.com\/sv\/our-responsibility\/\",\"name\":\"V\u00c5RT ANSVAR - Equinix Code of Business Conduct\",\"isPartOf\":{\"@id\":\"https:\/\/cobc-prod.azurewebsites.net\/#website\"},\"datePublished\":\"2021-03-10T06:21:58+00:00\",\"dateModified\":\"2025-12-15T13:04:52+00:00\",\"breadcrumb\":{\"@id\":\"https:\/\/codeofbusinessconduct.equinix.com\/sv\/our-responsibility\/#breadcrumb\"},\"inLanguage\":\"sv-SE\",\"potentialAction\":[{\"@type\":\"ReadAction\",\"target\":[\"https:\/\/codeofbusinessconduct.equinix.com\/sv\/our-responsibility\/\"]}]},{\"@type\":\"BreadcrumbList\",\"@id\":\"https:\/\/codeofbusinessconduct.equinix.com\/sv\/our-responsibility\/#breadcrumb\",\"itemListElement\":[{\"@type\":\"ListItem\",\"position\":1,\"name\":\"Home\",\"item\":\"https:\/\/codeofbusinessconduct.equinix.com\/sv\/\"},{\"@type\":\"ListItem\",\"position\":2,\"name\":\"V\u00c5RT ANSVAR\"}]},{\"@type\":\"WebSite\",\"@id\":\"https:\/\/cobc-prod.azurewebsites.net\/#website\",\"url\":\"https:\/\/cobc-prod.azurewebsites.net\/\",\"name\":\"Equinix Code of Business Conduct\",\"description\":\"\",\"potentialAction\":[{\"@type\":\"SearchAction\",\"target\":{\"@type\":\"EntryPoint\",\"urlTemplate\":\"https:\/\/cobc-prod.azurewebsites.net\/?s={search_term_string}\"},\"query-input\":{\"@type\":\"PropertyValueSpecification\",\"valueRequired\":true,\"valueName\":\"search_term_string\"}}],\"inLanguage\":\"sv-SE\"}]}<\/script>\n<!-- \/ Yoast SEO plugin. -->","yoast_head_json":{"title":"V\u00c5RT ANSVAR - Equinix Code of Business Conduct","robots":{"index":"index","follow":"follow","max-snippet":"max-snippet:-1","max-image-preview":"max-image-preview:large","max-video-preview":"max-video-preview:-1"},"canonical":"https:\/\/codeofbusinessconduct.equinix.com\/sv\/our-responsibility\/","og_locale":"sv_SE","og_type":"article","og_title":"V\u00c5RT ANSVAR - Equinix Code of Business Conduct","og_description":"[vc_row css_animation=&#8221;&#8221; row_type=&#8221;row&#8221; use_row_as_full_screen_section=&#8221;no&#8221; type=&#8221;full_width&#8221; angled_section=&#8221;no&#8221; text_align=&#8221;left&#8221; background_image_as_pattern=&#8221;without_pattern&#8221;][vc_column][vc_single_image image=&#8221;1319&#8243; img_size=&#8221;full&#8221; qode_css_animation=&#8221;&#8221;][vc_empty_space height=&#8221;8px&#8221;][vc_column_text] V\u00c5RT ANSVAR Leva upp till uppf\u00f6randekoden och g\u00f6ra din r\u00f6st h\u00f6rd om du har n\u00e5gon fr\u00e5ga eller misstanke [\/vc_column_text][\/vc_column][\/vc_row][vc_row css_animation=&#8221;&#8221; row_type=&#8221;row&#8221; use_row_as_full_screen_section=&#8221;no&#8221; type=&#8221;full_width&#8221; angled_section=&#8221;no&#8221; text_align=&#8221;left&#8221; background_image_as_pattern=&#8221;without_pattern&#8221; z_index=&#8221;&#8221; padding_top=&#8221;32&#8243; padding_bottom=&#8221;24&#8243;][vc_column][vc_single_image image=&#8221;1316&#8243; img_size=&#8221;full&#8221; alignment=&#8221;center&#8221; qode_css_animation=&#8221;&#8221;...","og_url":"https:\/\/codeofbusinessconduct.equinix.com\/sv\/our-responsibility\/","og_site_name":"Equinix Code of Business Conduct","article_modified_time":"2025-12-15T13:04:52+00:00","twitter_card":"summary_large_image","twitter_misc":{"Ber\u00e4knad l\u00e4stid":"4 minuter"},"schema":{"@context":"https:\/\/schema.org","@graph":[{"@type":"WebPage","@id":"https:\/\/codeofbusinessconduct.equinix.com\/sv\/our-responsibility\/","url":"https:\/\/codeofbusinessconduct.equinix.com\/sv\/our-responsibility\/","name":"V\u00c5RT ANSVAR - Equinix Code of Business Conduct","isPartOf":{"@id":"https:\/\/cobc-prod.azurewebsites.net\/#website"},"datePublished":"2021-03-10T06:21:58+00:00","dateModified":"2025-12-15T13:04:52+00:00","breadcrumb":{"@id":"https:\/\/codeofbusinessconduct.equinix.com\/sv\/our-responsibility\/#breadcrumb"},"inLanguage":"sv-SE","potentialAction":[{"@type":"ReadAction","target":["https:\/\/codeofbusinessconduct.equinix.com\/sv\/our-responsibility\/"]}]},{"@type":"BreadcrumbList","@id":"https:\/\/codeofbusinessconduct.equinix.com\/sv\/our-responsibility\/#breadcrumb","itemListElement":[{"@type":"ListItem","position":1,"name":"Home","item":"https:\/\/codeofbusinessconduct.equinix.com\/sv\/"},{"@type":"ListItem","position":2,"name":"V\u00c5RT ANSVAR"}]},{"@type":"WebSite","@id":"https:\/\/cobc-prod.azurewebsites.net\/#website","url":"https:\/\/cobc-prod.azurewebsites.net\/","name":"Equinix Code of Business Conduct","description":"","potentialAction":[{"@type":"SearchAction","target":{"@type":"EntryPoint","urlTemplate":"https:\/\/cobc-prod.azurewebsites.net\/?s={search_term_string}"},"query-input":{"@type":"PropertyValueSpecification","valueRequired":true,"valueName":"search_term_string"}}],"inLanguage":"sv-SE"}]}},"_links":{"self":[{"href":"https:\/\/codeofbusinessconduct.equinix.com\/sv\/wp-json\/wp\/v2\/pages\/1315","targetHints":{"allow":["GET"]}}],"collection":[{"href":"https:\/\/codeofbusinessconduct.equinix.com\/sv\/wp-json\/wp\/v2\/pages"}],"about":[{"href":"https:\/\/codeofbusinessconduct.equinix.com\/sv\/wp-json\/wp\/v2\/types\/page"}],"author":[{"embeddable":true,"href":"https:\/\/codeofbusinessconduct.equinix.com\/sv\/wp-json\/wp\/v2\/users\/1"}],"replies":[{"embeddable":true,"href":"https:\/\/codeofbusinessconduct.equinix.com\/sv\/wp-json\/wp\/v2\/comments?post=1315"}],"version-history":[{"count":8,"href":"https:\/\/codeofbusinessconduct.equinix.com\/sv\/wp-json\/wp\/v2\/pages\/1315\/revisions"}],"predecessor-version":[{"id":5332,"href":"https:\/\/codeofbusinessconduct.equinix.com\/sv\/wp-json\/wp\/v2\/pages\/1315\/revisions\/5332"}],"wp:attachment":[{"href":"https:\/\/codeofbusinessconduct.equinix.com\/sv\/wp-json\/wp\/v2\/media?parent=1315"}],"curies":[{"name":"wp","href":"https:\/\/api.w.org\/{rel}","templated":true}]}}