{"id":1303,"date":"2021-03-10T06:21:42","date_gmt":"2021-03-10T06:21:42","guid":{"rendered":"https:\/\/codeofbusinessconduct.equinix.com\/our-community\/"},"modified":"2025-12-15T13:07:08","modified_gmt":"2025-12-15T13:07:08","slug":"our-community","status":"publish","type":"page","link":"https:\/\/codeofbusinessconduct.equinix.com\/sv\/our-community\/","title":{"rendered":"V\u00c5RT SAMH\u00c4LLE"},"content":{"rendered":"<section class=\"wpb-content-wrapper\"><p>[vc_row css_animation=&#8221;&#8221; row_type=&#8221;row&#8221; use_row_as_full_screen_section=&#8221;no&#8221; type=&#8221;full_width&#8221; angled_section=&#8221;no&#8221; text_align=&#8221;left&#8221; background_image_as_pattern=&#8221;without_pattern&#8221;][vc_column][vc_single_image image=&#8221;4117&#8243; img_size=&#8221;full&#8221; qode_css_animation=&#8221;&#8221;][vc_empty_space height=&#8221;8px&#8221;][vc_column_text]<\/p>\n<h3>V\u00c5RT SAMH\u00c4LLE<\/h3>\n<div class=\"lead\">Att g\u00f6ra en positiv skillnad i v\u00e5ra samh\u00e4llen och runt om i v\u00e4rlden<\/div>\n<p>[\/vc_column_text][\/vc_column][\/vc_row][vc_row css_animation=&#8221;&#8221; row_type=&#8221;row&#8221; use_row_as_full_screen_section=&#8221;no&#8221; type=&#8221;full_width&#8221; angled_section=&#8221;no&#8221; text_align=&#8221;left&#8221; background_image_as_pattern=&#8221;without_pattern&#8221; z_index=&#8221;&#8221; padding_top=&#8221;34&#8243; padding_bottom=&#8221;20&#8243; anchor=&#8221;Human_rights&#8221;][vc_column width=&#8221;1\/3&#8243; css=&#8221;.vc_custom_1616046555280{padding-bottom: 20px !important;}&#8221;][vc_column_text]<\/p>\n<h4>M\u00c4NSKLIGA R\u00c4TTIGHETER<\/h4>\n<p>Equinix st\u00f6der och respekterar m\u00e4nskliga r\u00e4ttigheter i hela v\u00e4rlden. Vi \u00e4r fast beslutna att uppr\u00e4tth\u00e5lla grundl\u00e4ggande m\u00e4nskliga r\u00e4ttigheter f\u00f6r v\u00e5ra medarbetare och f\u00f6r medarbetarna i de f\u00f6retag som vi samarbetar med. Vi f\u00f6rv\u00e4ntar oss att v\u00e5ra leverant\u00f6rer och partner f\u00f6ljer samma h\u00f6ga standard.[\/vc_column_text][\/vc_column][vc_column width=&#8221;2\/3&#8243; css=&#8221;.vc_custom_1615547407753{padding-bottom: 20px !important;}&#8221;][vc_single_image image=&#8221;1304&#8243; img_size=&#8221;full&#8221; alignment=&#8221;center&#8221; qode_css_animation=&#8221;&#8221;][\/vc_column][\/vc_row][vc_row css_animation=&#8221;&#8221; row_type=&#8221;row&#8221; use_row_as_full_screen_section=&#8221;no&#8221; type=&#8221;full_width&#8221; angled_section=&#8221;no&#8221; text_align=&#8221;left&#8221; background_image_as_pattern=&#8221;without_pattern&#8221; z_index=&#8221;&#8221; padding_bottom=&#8221;30&#8243; anchor=&#8221;Charitable_contributions&#8221;][vc_column width=&#8221;1\/2&#8243; el_class=&#8221;purpose_values&#8221;][vc_column_text]<\/p>\n<h4>BIDRAG TILL V\u00c4LG\u00d6RENHET<\/h4>\n<p><strong>Att ge tillbaka till v\u00e5ra samh\u00e4llen.<\/strong> Equinix uppmuntrar medarbetare att bidra till de samh\u00e4llen d\u00e4r de bor och arbetar. Equinix str\u00e4var \u00e4ven efter att st\u00f6dja relevanta sociala, ekonomiska och h\u00e5llbarhetsrelaterade fr\u00e5gor som \u00e4r viktiga f\u00f6r v\u00e5r verksamhet, v\u00e5ra medarbetare och de samh\u00e4llen d\u00e4r vi \u00e4r verksamma. Equinix har identifierat ett antal fokusomr\u00e5den f\u00f6r v\u00e4lg\u00f6renhet som \u00e4r viktiga f\u00f6r v\u00e5r verksamhet som vi st\u00f6ttar genom f\u00f6retagsdonationer. Vi har ett antal fokusomr\u00e5den och d\u00e4rf\u00f6r svarar vi normalt inte p\u00e5 f\u00f6rfr\u00e5gningar om olika bidrag. Vi f\u00f6redrar ist\u00e4llet att beg\u00e4ra in f\u00f6rslag p\u00e5 olika projekt som kan bidra till v\u00e5ra strategiska programomr\u00e5den och finansieringsprioriteringar. Corporate Social Responsibility har ansvar f\u00f6r att granska och v\u00e4rdera f\u00f6rslagen.<\/p>\n<p>Equinix uppmuntrar att enskildamedarbetare ger bidrag till olika v\u00e4lg\u00f6renhetsorganisationer. Men Equinix kommer aldrig ers\u00e4tta enskilda och privata bidrag som medarbetare g\u00f6r till v\u00e4lg\u00f6renhet, skolor, icke vinstdrivande eller icke-statliga organisationer (NGO).<\/p>\n<p>Det \u00e4r heller inte till\u00e5tet att g\u00f6ra en privat inbetalning f\u00f6r Equinix r\u00e4kning till n\u00e5gon v\u00e4lg\u00f6renhetsorganisation, skola, ideellt organ eller en icke-statlig organisation &#8211; inklusive betalningar f\u00f6r evenemangsbiljetter &#8211; eftersom Equinix inte kommer att ers\u00e4tta dessa utgifter. Eventuella undantag mot riktlinjerna m\u00e5ste godk\u00e4nnas av regionscontrollern och\/eller Corporate Social Responsibility.[\/vc_column_text][\/vc_column][vc_column width=&#8221;1\/2&#8243; el_class=&#8221;purpose_values&#8221; css=&#8221;.vc_custom_1615789919910{padding-top: 35px !important;}&#8221;][vc_column_text]F\u00f6r mer information om bidragstrategin, se Global Policy for bidrag eller kontakta Corporate Social Responsibility.[\/vc_column_text][vc_empty_space height=&#8221;20px&#8221;]<a class=\"recom-read-link\" href=\"\/sv\/additional-resources\/#recommended_readings\" target=\"_self\"><div class=\"recommend_book\"><div class=\"recommend_icon\"><img decoding=\"async\" src=\"https:\/\/codeofbusinessconduct.equinix.com\/wp-content\/uploads\/2021\/03\/recommend_book.svg\" \/><\/div><div class=\"recommend_content\"><h4>REKOMMENDERAD L\u00c4SNING:<br>EQUINIX GLOBALA POLICY F\u00d6R BIDRAG<\/h4><\/div><\/div><\/a>[vc_empty_space height=&#8221;10px&#8221;][vc_column_text]<strong>Att matcha g\u00e5vor<\/strong>. Equinix har inr\u00e4ttat ett program f\u00f6r att matcha g\u00e5vor som st\u00f6d f\u00f6r v\u00e5ra medarbetares privata filantropi, v\u00e4lg\u00f6renhet och volont\u00e4rarbete. Om du bidrar med pengar eller din tid till en bidragsber\u00e4ttigad organisation kommer Equinix matcha pengarna eller tiden med ett ekonomiskt bidrag.<\/p>\n<p>Mer information och kraven i programmet och Policyn f\u00f6r att matcha g\u00e5vor, inklusive s\u00e4rskilda beh\u00f6righetskrav f\u00f6r medarbetare och organisationer finns i Equinix Policy f\u00f6r att matcha g\u00e5vor.[\/vc_column_text][vc_empty_space height=&#8221;15px&#8221;]<a class=\"recom-read-link\" href=\"\/sv\/additional-resources\/#recommended_readings\" target=\"_self\"><div class=\"recommend_book\"><div class=\"recommend_icon\"><img decoding=\"async\" src=\"https:\/\/codeofbusinessconduct.equinix.com\/wp-content\/uploads\/2021\/03\/recommend_book.svg\" \/><\/div><div class=\"recommend_content\"><h4>REKOMMENDERAD L\u00c4SNING:<br>EQUINIX PROGRAM F\u00d6R ATT MATCHA G\u00c5VOR<\/h4><\/div><\/div><\/a>[\/vc_column][\/vc_row][vc_row css_animation=&#8221;&#8221; row_type=&#8221;row&#8221; use_row_as_full_screen_section=&#8221;no&#8221; type=&#8221;full_width&#8221; angled_section=&#8221;no&#8221; text_align=&#8221;left&#8221; background_image_as_pattern=&#8221;without_pattern&#8221; z_index=&#8221;&#8221; padding_top=&#8221;20&#8243; padding_bottom=&#8221;30&#8243;][vc_column][vc_single_image image=&#8221;1306&#8243; img_size=&#8221;full&#8221; alignment=&#8221;center&#8221; qode_css_animation=&#8221;&#8221; el_class=&#8221;w-100&#8243;][\/vc_column][\/vc_row][vc_row css_animation=&#8221;&#8221; row_type=&#8221;row&#8221; use_row_as_full_screen_section=&#8221;no&#8221; type=&#8221;full_width&#8221; angled_section=&#8221;no&#8221; text_align=&#8221;left&#8221; background_image_as_pattern=&#8221;without_pattern&#8221; z_index=&#8221;&#8221; padding_bottom=&#8221;160&#8243; el_class=&#8221;purpose_values political_space&#8221; anchor=&#8221;Political_activities_and_contributions&#8221;][vc_column width=&#8221;2\/3&#8243;][vc_column_text]<\/p>\n<h4>POLITISKA AKTIVITETER OCH BIDRAG<\/h4>\n<p>Vi st\u00f6djer goda relationer med de samh\u00e4llen d\u00e4r vi \u00e4r verksamma. Du f\u00e5r g\u00e4rna delta i olika lokala verksamheter som tar hand om behov som finns i samh\u00e4llet d\u00e4r du bor och arbetar. Som privatperson kan du \u00e4ven st\u00f6dja din lokalpolitiska process med privata bidrag eller genom att st\u00e4lla upp med oavl\u00f6nat arbete. Aktiviteterna f\u00e5r dock inte utf\u00f6ras p\u00e5 arbetstid och inte ta f\u00f6retagets resurser i anspr\u00e5k. Det \u00e4r inte till\u00e5tet att ge eller ge l\u00f6ften om politiska bidrag p\u00e5 Equinix v\u00e4gnar.<\/p>\n<p>All politisk verksamhet du engagerar dig i m\u00e5ste f\u00f6lja g\u00e4llande amerikanska och lokala lagar och f\u00e5r inte heller vara f\u00f6rbjuden i n\u00e5gon annan Equinix-policy.[\/vc_column_text][vc_row_inner row_type=&#8221;row&#8221; type=&#8221;full_width&#8221; text_align=&#8221;left&#8221; css_animation=&#8221;&#8221; anchor=&#8221;The_environment&#8221;][vc_column_inner][vc_empty_space height=&#8221;25px&#8221;][vc_column_text]<\/p>\n<h4>MILJ\u00d6N<\/h4>\n<p>P\u00e5 Equinix str\u00e4var vi efter att ta hand om v\u00e5r milj\u00f6 och de resurser vi f\u00f6rbrukar. V\u00e5rt m\u00e5l \u00e4r att minimera v\u00e5rt koldioxidavtryck. Det g\u00f6r vi genom att fokusera p\u00e5:<\/p>\n<ul>\n<li>Att utforma, bygga och driva verksamheten p\u00e5 ett effektivt s\u00e4tt f\u00f6r att minska v\u00e5r f\u00f6rbrukning av alla resurser, inklusive el, vatten, naturgas, diesel och k\u00f6ldmedier<\/li>\n<li>Vara aktiva n\u00e4r det g\u00e4ller att g\u00f6ra v\u00e5r verksamhet mer milj\u00f6v\u00e4nlig och vara ledande n\u00e4r det g\u00e4ller att utv\u00e4rdera och anv\u00e4nda innovativa l\u00f6sningar.<\/li>\n<li>Vi m\u00e4ter oss sj\u00e4lva med hj\u00e4lp av branschens b\u00e4sta praxis och Equinix-specifika KPI:er, s\u00e4tter upp offentliga m\u00e5l och rapporterar framsteg p\u00e5 ett \u00f6ppet s\u00e4tt.<\/li>\n<\/ul>\n<p>[\/vc_column_text][\/vc_column_inner][\/vc_row_inner][vc_empty_space height=&#8221;25px&#8221;]<a class=\"recom-read-link\" href=\"\/sv\/additional-resources\/#recommended_readings\" target=\"_self\"><div class=\"recommend_book\"><div class=\"recommend_icon\"><img decoding=\"async\" src=\"https:\/\/codeofbusinessconduct.equinix.com\/wp-content\/uploads\/2021\/03\/recommend_book.svg\" \/><\/div><div class=\"recommend_content\"><h4>REKOMMENDERAD L\u00c4SNING:<br>EQUINIX H\u00c5LLBARHET<\/h4><\/div><\/div><\/a>[\/vc_column][vc_column width=&#8221;1\/3&#8243;][\/vc_column][\/vc_row]<\/p>\n<\/section>","protected":false},"excerpt":{"rendered":"<p>[vc_row css_animation=&#8221;&#8221; row_type=&#8221;row&#8221; use_row_as_full_screen_section=&#8221;no&#8221; type=&#8221;full_width&#8221; angled_section=&#8221;no&#8221; text_align=&#8221;left&#8221; background_image_as_pattern=&#8221;without_pattern&#8221;][vc_column][vc_single_image image=&#8221;4117&#8243; img_size=&#8221;full&#8221; qode_css_animation=&#8221;&#8221;][vc_empty_space height=&#8221;8px&#8221;][vc_column_text] V\u00c5RT SAMH\u00c4LLE Att g\u00f6ra en positiv skillnad i v\u00e5ra samh\u00e4llen och runt om i v\u00e4rlden [\/vc_column_text][\/vc_column][\/vc_row][vc_row css_animation=&#8221;&#8221; row_type=&#8221;row&#8221; use_row_as_full_screen_section=&#8221;no&#8221; type=&#8221;full_width&#8221; angled_section=&#8221;no&#8221; text_align=&#8221;left&#8221; background_image_as_pattern=&#8221;without_pattern&#8221; z_index=&#8221;&#8221; padding_top=&#8221;34&#8243; padding_bottom=&#8221;20&#8243; anchor=&#8221;Human_rights&#8221;][vc_column width=&#8221;1\/3&#8243; css=&#8221;.vc_custom_1616046555280{padding-bottom: 20px !important;}&#8221;][vc_column_text] M\u00c4NSKLIGA R\u00c4TTIGHETER&#8230;<\/p>\n","protected":false},"author":1,"featured_media":0,"parent":0,"menu_order":0,"comment_status":"closed","ping_status":"closed","template":"","meta":{"inline_featured_image":false,"footnotes":""},"class_list":["post-1303","page","type-page","status-publish","hentry"],"yoast_head":"<!-- This site is optimized with the Yoast SEO plugin v25.8 - https:\/\/yoast.com\/wordpress\/plugins\/seo\/ -->\n<title>V\u00c5RT SAMH\u00c4LLE - Equinix Code of Business Conduct<\/title>\n<meta name=\"robots\" content=\"index, follow, max-snippet:-1, max-image-preview:large, max-video-preview:-1\" \/>\n<link rel=\"canonical\" href=\"https:\/\/169.254.129.2\/our-community\/\" \/>\n<meta property=\"og:locale\" content=\"sv_SE\" \/>\n<meta property=\"og:type\" content=\"article\" \/>\n<meta property=\"og:title\" content=\"V\u00c5RT SAMH\u00c4LLE - Equinix Code of Business Conduct\" \/>\n<meta property=\"og:description\" content=\"[vc_row css_animation=&#8221;&#8221; row_type=&#8221;row&#8221; use_row_as_full_screen_section=&#8221;no&#8221; type=&#8221;full_width&#8221; angled_section=&#8221;no&#8221; text_align=&#8221;left&#8221; background_image_as_pattern=&#8221;without_pattern&#8221;][vc_column][vc_single_image image=&#8221;4117&#8243; img_size=&#8221;full&#8221; qode_css_animation=&#8221;&#8221;][vc_empty_space height=&#8221;8px&#8221;][vc_column_text] V\u00c5RT SAMH\u00c4LLE Att g\u00f6ra en positiv skillnad i v\u00e5ra samh\u00e4llen och runt om i v\u00e4rlden [\/vc_column_text][\/vc_column][\/vc_row][vc_row css_animation=&#8221;&#8221; row_type=&#8221;row&#8221; use_row_as_full_screen_section=&#8221;no&#8221; type=&#8221;full_width&#8221; angled_section=&#8221;no&#8221; text_align=&#8221;left&#8221; background_image_as_pattern=&#8221;without_pattern&#8221; z_index=&#8221;&#8221; padding_top=&#8221;34&#8243; padding_bottom=&#8221;20&#8243; anchor=&#8221;Human_rights&#8221;][vc_column width=&#8221;1\/3&#8243; css=&#8221;.vc_custom_1616046555280{padding-bottom: 20px !important;}&#8221;][vc_column_text] M\u00c4NSKLIGA R\u00c4TTIGHETER...\" \/>\n<meta property=\"og:url\" content=\"https:\/\/169.254.129.2\/our-community\/\" \/>\n<meta property=\"og:site_name\" content=\"Equinix Code of Business Conduct\" \/>\n<meta property=\"article:modified_time\" content=\"2025-12-15T13:07:08+00:00\" \/>\n<meta name=\"twitter:card\" content=\"summary_large_image\" \/>\n<meta name=\"twitter:label1\" content=\"Ber\u00e4knad l\u00e4stid\" \/>\n\t<meta name=\"twitter:data1\" content=\"4 minuter\" \/>\n<script type=\"application\/ld+json\" class=\"yoast-schema-graph\">{\"@context\":\"https:\/\/schema.org\",\"@graph\":[{\"@type\":\"WebPage\",\"@id\":\"https:\/\/169.254.129.2\/our-community\/\",\"url\":\"https:\/\/169.254.129.2\/our-community\/\",\"name\":\"V\u00c5RT SAMH\u00c4LLE - Equinix Code of Business Conduct\",\"isPartOf\":{\"@id\":\"https:\/\/cobc-prod.azurewebsites.net\/#website\"},\"datePublished\":\"2021-03-10T06:21:42+00:00\",\"dateModified\":\"2025-12-15T13:07:08+00:00\",\"breadcrumb\":{\"@id\":\"https:\/\/169.254.129.2\/our-community\/#breadcrumb\"},\"inLanguage\":\"sv-SE\",\"potentialAction\":[{\"@type\":\"ReadAction\",\"target\":[\"https:\/\/169.254.129.2\/our-community\/\"]}]},{\"@type\":\"BreadcrumbList\",\"@id\":\"https:\/\/169.254.129.2\/our-community\/#breadcrumb\",\"itemListElement\":[{\"@type\":\"ListItem\",\"position\":1,\"name\":\"Home\",\"item\":\"https:\/\/codeofbusinessconduct.equinix.com\/sv\/\"},{\"@type\":\"ListItem\",\"position\":2,\"name\":\"V\u00c5RT SAMH\u00c4LLE\"}]},{\"@type\":\"WebSite\",\"@id\":\"https:\/\/cobc-prod.azurewebsites.net\/#website\",\"url\":\"https:\/\/cobc-prod.azurewebsites.net\/\",\"name\":\"Equinix Code of Business Conduct\",\"description\":\"\",\"potentialAction\":[{\"@type\":\"SearchAction\",\"target\":{\"@type\":\"EntryPoint\",\"urlTemplate\":\"https:\/\/cobc-prod.azurewebsites.net\/?s={search_term_string}\"},\"query-input\":{\"@type\":\"PropertyValueSpecification\",\"valueRequired\":true,\"valueName\":\"search_term_string\"}}],\"inLanguage\":\"sv-SE\"}]}<\/script>\n<!-- \/ Yoast SEO plugin. -->","yoast_head_json":{"title":"V\u00c5RT SAMH\u00c4LLE - Equinix Code of Business Conduct","robots":{"index":"index","follow":"follow","max-snippet":"max-snippet:-1","max-image-preview":"max-image-preview:large","max-video-preview":"max-video-preview:-1"},"canonical":"https:\/\/169.254.129.2\/our-community\/","og_locale":"sv_SE","og_type":"article","og_title":"V\u00c5RT SAMH\u00c4LLE - Equinix Code of Business Conduct","og_description":"[vc_row css_animation=&#8221;&#8221; row_type=&#8221;row&#8221; use_row_as_full_screen_section=&#8221;no&#8221; type=&#8221;full_width&#8221; angled_section=&#8221;no&#8221; text_align=&#8221;left&#8221; background_image_as_pattern=&#8221;without_pattern&#8221;][vc_column][vc_single_image image=&#8221;4117&#8243; img_size=&#8221;full&#8221; qode_css_animation=&#8221;&#8221;][vc_empty_space height=&#8221;8px&#8221;][vc_column_text] V\u00c5RT SAMH\u00c4LLE Att g\u00f6ra en positiv skillnad i v\u00e5ra samh\u00e4llen och runt om i v\u00e4rlden [\/vc_column_text][\/vc_column][\/vc_row][vc_row css_animation=&#8221;&#8221; row_type=&#8221;row&#8221; use_row_as_full_screen_section=&#8221;no&#8221; type=&#8221;full_width&#8221; angled_section=&#8221;no&#8221; text_align=&#8221;left&#8221; background_image_as_pattern=&#8221;without_pattern&#8221; z_index=&#8221;&#8221; padding_top=&#8221;34&#8243; padding_bottom=&#8221;20&#8243; anchor=&#8221;Human_rights&#8221;][vc_column width=&#8221;1\/3&#8243; css=&#8221;.vc_custom_1616046555280{padding-bottom: 20px !important;}&#8221;][vc_column_text] M\u00c4NSKLIGA R\u00c4TTIGHETER...","og_url":"https:\/\/169.254.129.2\/our-community\/","og_site_name":"Equinix Code of Business Conduct","article_modified_time":"2025-12-15T13:07:08+00:00","twitter_card":"summary_large_image","twitter_misc":{"Ber\u00e4knad l\u00e4stid":"4 minuter"},"schema":{"@context":"https:\/\/schema.org","@graph":[{"@type":"WebPage","@id":"https:\/\/169.254.129.2\/our-community\/","url":"https:\/\/169.254.129.2\/our-community\/","name":"V\u00c5RT SAMH\u00c4LLE - Equinix Code of Business Conduct","isPartOf":{"@id":"https:\/\/cobc-prod.azurewebsites.net\/#website"},"datePublished":"2021-03-10T06:21:42+00:00","dateModified":"2025-12-15T13:07:08+00:00","breadcrumb":{"@id":"https:\/\/169.254.129.2\/our-community\/#breadcrumb"},"inLanguage":"sv-SE","potentialAction":[{"@type":"ReadAction","target":["https:\/\/169.254.129.2\/our-community\/"]}]},{"@type":"BreadcrumbList","@id":"https:\/\/169.254.129.2\/our-community\/#breadcrumb","itemListElement":[{"@type":"ListItem","position":1,"name":"Home","item":"https:\/\/codeofbusinessconduct.equinix.com\/sv\/"},{"@type":"ListItem","position":2,"name":"V\u00c5RT SAMH\u00c4LLE"}]},{"@type":"WebSite","@id":"https:\/\/cobc-prod.azurewebsites.net\/#website","url":"https:\/\/cobc-prod.azurewebsites.net\/","name":"Equinix Code of Business Conduct","description":"","potentialAction":[{"@type":"SearchAction","target":{"@type":"EntryPoint","urlTemplate":"https:\/\/cobc-prod.azurewebsites.net\/?s={search_term_string}"},"query-input":{"@type":"PropertyValueSpecification","valueRequired":true,"valueName":"search_term_string"}}],"inLanguage":"sv-SE"}]}},"_links":{"self":[{"href":"https:\/\/codeofbusinessconduct.equinix.com\/sv\/wp-json\/wp\/v2\/pages\/1303","targetHints":{"allow":["GET"]}}],"collection":[{"href":"https:\/\/codeofbusinessconduct.equinix.com\/sv\/wp-json\/wp\/v2\/pages"}],"about":[{"href":"https:\/\/codeofbusinessconduct.equinix.com\/sv\/wp-json\/wp\/v2\/types\/page"}],"author":[{"embeddable":true,"href":"https:\/\/codeofbusinessconduct.equinix.com\/sv\/wp-json\/wp\/v2\/users\/1"}],"replies":[{"embeddable":true,"href":"https:\/\/codeofbusinessconduct.equinix.com\/sv\/wp-json\/wp\/v2\/comments?post=1303"}],"version-history":[{"count":13,"href":"https:\/\/codeofbusinessconduct.equinix.com\/sv\/wp-json\/wp\/v2\/pages\/1303\/revisions"}],"predecessor-version":[{"id":5333,"href":"https:\/\/codeofbusinessconduct.equinix.com\/sv\/wp-json\/wp\/v2\/pages\/1303\/revisions\/5333"}],"wp:attachment":[{"href":"https:\/\/codeofbusinessconduct.equinix.com\/sv\/wp-json\/wp\/v2\/media?parent=1303"}],"curies":[{"name":"wp","href":"https:\/\/api.w.org\/{rel}","templated":true}]}}