{"id":1296,"date":"2021-03-10T06:21:26","date_gmt":"2021-03-10T06:21:26","guid":{"rendered":"https:\/\/codeofbusinessconduct.equinix.com\/our-commitment-to-the-law\/"},"modified":"2025-12-15T13:01:09","modified_gmt":"2025-12-15T13:01:09","slug":"our-commitment-to-the-law","status":"publish","type":"page","link":"https:\/\/codeofbusinessconduct.equinix.com\/sv\/our-commitment-to-the-law\/","title":{"rendered":"V\u00c5R F\u00d6RPLIKTELSE ENLIGT LAG"},"content":{"rendered":"<section class=\"wpb-content-wrapper\"><p>[vc_row css_animation=&#8221;&#8221; row_type=&#8221;row&#8221; use_row_as_full_screen_section=&#8221;no&#8221; type=&#8221;full_width&#8221; angled_section=&#8221;no&#8221; text_align=&#8221;left&#8221; background_image_as_pattern=&#8221;without_pattern&#8221;][vc_column][vc_single_image image=&#8221;4098&#8243; img_size=&#8221;full&#8221; qode_css_animation=&#8221;&#8221;][vc_empty_space height=&#8221;8px&#8221;][vc_column_text]<\/p>\n<h3>V\u00c5R F\u00d6RPLIKTELSE ENLIGT LAG<\/h3>\n<div class=\"lead\">F\u00f6rst\u00e5 och f\u00f6lja lagliga aff\u00e4rsmetoder<\/div>\n<p>[\/vc_column_text][\/vc_column][\/vc_row][vc_row css_animation=&#8221;&#8221; row_type=&#8221;row&#8221; use_row_as_full_screen_section=&#8221;no&#8221; type=&#8221;full_width&#8221; angled_section=&#8221;no&#8221; text_align=&#8221;left&#8221; background_image_as_pattern=&#8221;without_pattern&#8221; z_index=&#8221;&#8221; padding_top=&#8221;32&#8243; padding_bottom=&#8221;40&#8243;][vc_column][vc_single_image image=&#8221;1297&#8243; img_size=&#8221;full&#8221; alignment=&#8221;center&#8221; qode_css_animation=&#8221;&#8221; el_class=&#8221;w-100&#8243;][\/vc_column][\/vc_row][vc_row css_animation=&#8221;&#8221; row_type=&#8221;row&#8221; use_row_as_full_screen_section=&#8221;no&#8221; type=&#8221;full_width&#8221; angled_section=&#8221;no&#8221; text_align=&#8221;left&#8221; background_image_as_pattern=&#8221;without_pattern&#8221; z_index=&#8221;&#8221; anchor=&#8221;Competition_and_fair_dealing&#8221;][vc_column width=&#8221;2\/3&#8243; el_class=&#8221;purpose_values&#8221; css=&#8221;.vc_custom_1615545389684{padding-bottom: 30px !important;}&#8221;][vc_column_text css=&#8221;.vc_custom_1648143680425{margin-bottom: 20px !important;}&#8221;]Att vara ett etiskt och \u00e4rligt f\u00f6retag inneb\u00e4r att vi f\u00f6ljer de lagar som g\u00e4ller. Som ett globalt f\u00f6retag m\u00e5ste vi f\u00f6lja lagarna p\u00e5 alla de platser d\u00e4r vi bedriver verksamhet. Som medarbetare p\u00e5 Equinix \u00e4r vi skyldiga att f\u00f6rst\u00e5 och f\u00f6lja alla lagar och f\u00f6rordningar som p\u00e5verkar v\u00e5ra arbeten.<\/p>\n<h4>KONKURRENS OCH GOD AFF\u00c4RSSED<\/h4>\n<p>P\u00e5 Equinix v\u00e4rdes\u00e4tter vi en fri och \u00f6ppen marknad och str\u00e4var efter att vara b\u00e4ttre \u00e4n v\u00e5ra konkurrenter p\u00e5 ett r\u00e4ttvist och \u00e4rligt s\u00e4tt. Vi f\u00f6rs\u00f6ker inte komma \u00f6ver andras konfidentiella information, inneha aff\u00e4rshemligheter som erh\u00e5llits utan \u00e4garens samtycke, eller be tidigare eller nuvarande medarbetare p\u00e5 andra f\u00f6retag att dela med sig av ett annat f\u00f6retags konfidentiella information till oss.<\/p>\n<p>Vi str\u00e4var efter att behandla alla v\u00e5ra leverant\u00f6rer p\u00e5 ett r\u00e4ttvist och \u00e4rligt s\u00e4tt, oavsett var de befinner sig eller vilken typ av produkter eller tj\u00e4nster de tillhandah\u00e5ller. Vi genomf\u00f6r \u00f6ppna och r\u00e4ttvisa upphandlingar d\u00e4r leverant\u00f6rerna v\u00e4ljs ut p\u00e5 konkurrensm\u00e4ssiga grunder och skapar ett \u00f6msesidigt f\u00f6rdelaktigt f\u00f6rh\u00e5llande baserat p\u00e5 n\u00e4ra samarbete och \u00f6ppen kommunikation.[\/vc_column_text][vc_row_inner row_type=&#8221;row&#8221; type=&#8221;full_width&#8221; text_align=&#8221;left&#8221; css_animation=&#8221;&#8221; anchor=&#8221;Daily_privacy&#8221;][vc_column_inner][vc_column_text]<\/p>\n<h4>DATASKYDD<\/h4>\n<p>Lagar och best\u00e4mmelser om dataskydd kan vara komplexa och de varierar fr\u00e5n land till land. P\u00e5 Equinix respekterar vi att anst\u00e4lldas personuppgifter ska hanteras med sekretess och arbetar f\u00f6r att h\u00e5lla den privat och endast anv\u00e4nda personuppgifter p\u00e5 ett rimligt och l\u00e4mpligt s\u00e4tt inom ramen f\u00f6r din anst\u00e4llning p\u00e5 Equinix. Du f\u00f6rv\u00e4ntas f\u00f6lja alla f\u00f6retagets riktlinjer f\u00f6r hantering och lagring av personuppgifter. F\u00f6r fr\u00e5gor om dataskydd kan du kontakta ditt lokala dataskyddsombud.[\/vc_column_text][\/vc_column_inner][\/vc_row_inner][\/vc_column][vc_column width=&#8221;1\/3&#8243; css=&#8221;.vc_custom_1615545397340{padding-bottom: 30px !important;}&#8221;][vc_column_text]<\/p>\n<h4 class=\"exclaimation\">Kom ih\u00e5g:<\/h4>\n<div class=\"lead\">Respektera och skydda alltid konfidentiell och \u00e4gander\u00e4ttsskyddad information som v\u00e5ra leverant\u00f6rer delar med dig &#8211; och informera dem om att vi f\u00f6rv\u00e4ntar oss att de ska hantera v\u00e5r information med samma omsorg.<\/div>\n<p>[\/vc_column_text][\/vc_column][\/vc_row][vc_row css_animation=&#8221;&#8221; row_type=&#8221;row&#8221; use_row_as_full_screen_section=&#8221;no&#8221; type=&#8221;full_width&#8221; angled_section=&#8221;no&#8221; text_align=&#8221;left&#8221; background_image_as_pattern=&#8221;without_pattern&#8221; z_index=&#8221;&#8221; anchor=&#8221;Anti-bribery_and_corruption&#8221;][vc_column width=&#8221;1\/2&#8243; el_class=&#8221;purpose_values&#8221; css=&#8221;.vc_custom_1616046403361{padding-bottom: 20px !important;}&#8221;][vc_column_text]<\/p>\n<h4>F\u00d6RHINDRANDE AV MUTOR OCH KORRUPTION<\/h4>\n<p>P\u00e5 Equinix bygger v\u00e5r aff\u00e4rspraxis p\u00e5 \u00e4rlighet och integritet. Vi erbjuder eller ger inte n\u00e5gra mutor, kickback eller andra ol\u00e4mpliga betalningar av n\u00e5gon anledning.<\/p>\n<p>Vi \u00e4r ett globalt f\u00f6retag och vi omfattas av lagar mot mutor och korruption i de l\u00e4nder d\u00e4r vi \u00e4r verksamma, inklusive U.S. Foreign Corrupt Practices Act (FCPA) och U.K. Bribery Act. Enligt dessa lagar \u00e4r mutor och korruption str\u00e4ngt f\u00f6rbjudna, s\u00e4rskilt n\u00e4r myndighetstj\u00e4nstem\u00e4n \u00e4r inblandade. P\u00e5 Equinix f\u00e5r ingen anst\u00e4lld, tj\u00e4nsteman, ombud eller oberoende entrepren\u00f6r som agerar f\u00f6r v\u00e5r r\u00e4kning erbjuda eller ge n\u00e5got av v\u00e4rde till n\u00e5gon annan f\u00f6r att g\u00f6ra aff\u00e4rer eller f\u00e5 en or\u00e4ttvis f\u00f6rdel. \u00d6vertr\u00e4delser kan leda till att b\u00e5de du och Equinix kan f\u00e5 h\u00f6ga b\u00f6ter och det kan skada v\u00e5rt anseende.<\/p>\n<p>De amerikanska lagarna som f\u00f6rbjuder mutor \u00e4r mycket omfattande, vilket betyder att m\u00e5nga typer av g\u00e5vor och representation som ges till myndighetsanst\u00e4llda kan anses vara ol\u00e4mpliga. D\u00e4rf\u00f6r f\u00e5r inte v\u00e5ra medarbetare ge, erbjuda, lova eller godk\u00e4nna n\u00e5gon betalning, f\u00f6rm\u00e5n eller g\u00e5va i form av pengar eller n\u00e5got annat av v\u00e4rde till en statlig eller offentlig tj\u00e4nsteman, utom under de mycket begr\u00e4nsade omst\u00e4ndigheterna nedan. Den h\u00e4r regeln g\u00e4ller oavsett om du ger g\u00e5van eller andra f\u00f6rm\u00e5ner sj\u00e4lv eller genom en tredje part, t.ex. en leverant\u00f6r eller en oberoende entrepren\u00f6r.<\/p>\n<p>Den h\u00e4r regeln g\u00e4ller oavsett om du f\u00f6rs\u00f6ker s\u00e4kra en aff\u00e4r eller om du f\u00f6rs\u00f6ker f\u00e5 en f\u00f6rdel gentemot andra (t.ex. s\u00e4rskild f\u00f6rm\u00e5nlig behandling som inte erbjuds konkurrenter). G\u00e5vor och representation till en statlig eller offentlig tj\u00e4nsteman m\u00e5ste uppfylla f\u00f6ljande s\u00e4rskilda kriterier:[\/vc_column_text][\/vc_column][vc_column width=&#8221;1\/2&#8243; el_class=&#8221;purpose_values&#8221; css=&#8221;.vc_custom_1615545765099{padding-bottom: 20px !important;}&#8221;][vc_single_image image=&#8221;1299&#8243; img_size=&#8221;full&#8221; alignment=&#8221;center&#8221; qode_css_animation=&#8221;&#8221; el_class=&#8221;w-100&#8243;][vc_empty_space height=&#8221;65px&#8221;][vc_column_text]<\/p>\n<ul>\n<li>Eventuell representation m\u00e5ste vara rimlig, ske i god tro och vara direkt kopplad till marknadsf\u00f6ring, demonstration eller f\u00f6rklaring av produkter eller tj\u00e4nster &#8211; eller kopplad till genomf\u00f6randet av ett kontrakt mellan Equinix och myndigheten eller den offentliga organisationen.<\/li>\n<li>Alla g\u00e5vor och representation m\u00e5ste f\u00f6lja alla Equinix policyer, inklusive v\u00e5rPolicy f\u00f6r resor och omkostnader.<\/li>\n<li>G\u00e5vor och representation till en statlig tj\u00e4nsteman f\u00e5r aldrig ges f\u00f6r att erh\u00e5lla en ol\u00e4mplig konkurrensf\u00f6rdel.<\/li>\n<\/ul>\n<p>[\/vc_column_text][\/vc_column][\/vc_row][vc_row css_animation=&#8221;&#8221; row_type=&#8221;row&#8221; use_row_as_full_screen_section=&#8221;no&#8221; type=&#8221;full_width&#8221; angled_section=&#8221;no&#8221; text_align=&#8221;left&#8221; background_image_as_pattern=&#8221;without_pattern&#8221; z_index=&#8221;&#8221;][vc_column width=&#8221;1\/2&#8243; css=&#8221;.vc_custom_1615545826324{padding-bottom: 26px !important;}&#8221;][vc_single_image image=&#8221;1300&#8243; img_size=&#8221;full&#8221; alignment=&#8221;center&#8221; qode_css_animation=&#8221;&#8221; el_class=&#8221;w-100&#8243;][\/vc_column][vc_column width=&#8221;1\/2&#8243; el_class=&#8221;purpose_values&#8221; css=&#8221;.vc_custom_1615545831124{padding-bottom: 26px !important;}&#8221;][vc_column_text]Du m\u00e5ste s\u00e4kerst\u00e4lla att g\u00e5vor som du ger i samband med ditt arbete \u00e4r transparenta, korrekt registrerade i v\u00e5r f\u00f6retagsbokf\u00f6ring och till\u00e5tna enligt v\u00e5r policy. N\u00e4r du rapporterar g\u00e5van m\u00e5ste du ange syftet med den och vem som \u00e4r mottagare. Om g\u00e5van \u00e4r till en myndighetstj\u00e4nsteman m\u00e5ste du alltid inh\u00e4mta godk\u00e4nnande fr\u00e5n Compliance Office.<\/p>\n<p>Om du har n\u00e5gra fr\u00e5gor eller beh\u00f6ver r\u00e5d om g\u00e5vor och representation ska du kontakta Equinix Compliance Office. Om du f\u00e5r k\u00e4nnedom om n\u00e5got misst\u00e4nkt eller faktiskt brott mot denna policy har du ett ansvar att rapportera det omg\u00e5ende.[\/vc_column_text][\/vc_column][\/vc_row][vc_row css_animation=&#8221;&#8221; row_type=&#8221;row&#8221; use_row_as_full_screen_section=&#8221;no&#8221; type=&#8221;full_width&#8221; angled_section=&#8221;no&#8221; text_align=&#8221;left&#8221; background_image_as_pattern=&#8221;without_pattern&#8221; z_index=&#8221;&#8221; anchor=&#8221;Intellectual_property&#8221;][vc_column width=&#8221;2\/3&#8243; el_class=&#8221;purpose_values&#8221;][vc_column_text]<\/p>\n<h4>IMMATERIALR\u00c4TT<\/h4>\n<p>Immateriella r\u00e4ttigheter omfattar upphovsr\u00e4tt, patent, varum\u00e4rken, aff\u00e4rshemligheter och annan immateriell egendom. Vi vidtar aktiva \u00e5tg\u00e4rder f\u00f6r att skydda och uppr\u00e4tth\u00e5lla v\u00e5ra egna immateriella r\u00e4ttigheter, och vi m\u00e5ste vidta liknande \u00e5tg\u00e4rder f\u00f6r att skydda tredje parters immateriella r\u00e4ttigheter. N\u00e4r vi delar v\u00e5r immateriella egendom med tredje part m\u00e5ste vi f\u00f6rs\u00e4kra oss om att de samtycker till att anv\u00e4nda och skydda v\u00e5r egendom i enlighet med Equinix policyer.<\/p>\n<p>Mycket av de material som du anv\u00e4nder varje dag skyddas av upphovsr\u00e4ttslagar, till exempel dataprogram, b\u00f6cker, handb\u00f6cker, ljud- och videoresurser, facktidskrifter och andra tidskrifter. Andra mindre uppenbara exempel p\u00e5 upphovsr\u00e4ttsligt skyddade verk \u00e4r presentationsbilder, utbildningsmaterial, ledningsmodeller och metoder f\u00f6r probleml\u00f6sning. Det \u00e4r aldrig till\u00e5tet att bryta mot andras immateriella r\u00e4ttigheter. Equinix f\u00f6rbjuder str\u00e4ngt all reproduktion, distribution eller \u00e4ndring av upphovsr\u00e4ttsskyddat material utan tillst\u00e5nd fr\u00e5n \u00e4garen eller auktoriserat ombud. Du m\u00e5ste ocks\u00e5 se till att du aldrig olagligt kopierar eller anv\u00e4nder datorprogram som \u00e4r licensierade av f\u00f6retaget f\u00f6r personligt eller aff\u00e4rsm\u00e4ssigt bruk.[\/vc_column_text][\/vc_column][vc_column width=&#8221;1\/3&#8243;][\/vc_column][\/vc_row][vc_row css_animation=&#8221;&#8221; row_type=&#8221;row&#8221; use_row_as_full_screen_section=&#8221;no&#8221; type=&#8221;full_width&#8221; angled_section=&#8221;no&#8221; text_align=&#8221;left&#8221; background_image_as_pattern=&#8221;without_pattern&#8221; z_index=&#8221;&#8221; padding_top=&#8221;16&#8243; padding_bottom=&#8221;142&#8243; el_class=&#8221;inside_space&#8221; anchor=&#8221;Inside_information_and_securities_trading&#8221;][vc_column width=&#8221;2\/3&#8243; el_class=&#8221;purpose_values&#8221;][vc_column_text]<\/p>\n<h4>INSIDERINFORMATION OCH V\u00c4RDEPAPPERSHANDEL<\/h4>\n<p>Det \u00e4r inte till\u00e5tet att k\u00f6pa eller s\u00e4lja Equinix-aktier om du har n\u00e5gon \u201dv\u00e4sentlig information\u201d om f\u00f6retaget som inte \u00e4r offentlig (\u00e4ven kallad insiderinformation). Det g\u00e4ller ocks\u00e5 om du har insiderinformation om andra f\u00f6retag, till exempel kunder eller leverant\u00f6rer. D\u00e5 f\u00e5r du inte k\u00f6pa eller s\u00e4lja det f\u00f6retagets aktier. Om du delar med dig av insiderinformation eller ger \u201dinsidertips&#8221; till tredje part som sedan handlar med informationen som underlag kan du h\u00e5llas ansvarig f\u00f6r den olagliga handeln. Du kan ocks\u00e5 h\u00e5llas ansvarig f\u00f6r handel som g\u00f6rs av n\u00e5gon annan p\u00e5 grundval av konfidentiell information som du har delat med n\u00e5gon utomst\u00e5ende part, inklusive familj och v\u00e4nner. Om du delar med dig av insiderinformation som p\u00e5verkar en familjemedlem eller v\u00e4n att k\u00f6pa eller s\u00e4lja Equinix-aktier kan du bli straffr\u00e4ttsligt ansvarig som &#8220;tipsare&#8221; enligt federala v\u00e4rdepapperslagar.<\/p>\n<p>Det \u00e4r Equinix uppfattning att det \u00e4r ol\u00e4mpligt att medarbetare eller personer med koppling till Equinix deltar i kortsiktiga eller spekulativa transaktioner med Equinix v\u00e4rdepapper eller andra transaktioner med Equinix v\u00e4rdepapper som kan leda till oavsiktliga brott mot lagar om insiderhandel. D\u00e4rf\u00f6r omfattas din handel med Equinix v\u00e4rdepapper av ytterligare riktlinjer som beskriv mer i detalj i Equinix Policy f\u00f6r v\u00e4rdepappershandel.<\/p>\n<p>F\u00f6r att vara s\u00e4ker p\u00e5 att du f\u00f6ljer lagar om insiderhandel, se Equinix Policy f\u00f6r v\u00e4rdepappershandel Kontakta Compliance Office f\u00f6r fr\u00e5gor.[\/vc_column_text][vc_empty_space height=&#8221;24px&#8221;]<a class=\"recom-read-link\" href=\"\/sv\/additional-resources\/#recommended_readings\" target=\"_self\"><div class=\"recommend_book\"><div class=\"recommend_icon\"><img decoding=\"async\" src=\"https:\/\/codeofbusinessconduct.equinix.com\/wp-content\/uploads\/2021\/03\/recommend_book.svg\" \/><\/div><div class=\"recommend_content\"><h4>REKOMMENDERAD L\u00c4SNING:<br>EQUINIX POLICY F\u00d6R V\u00c4RDEPAPPERSHANDEL<\/h4><\/div><\/div><\/a>[\/vc_column][vc_column width=&#8221;1\/3&#8243; css=&#8221;.vc_custom_1615790628304{padding-top: 35px !important;}&#8221;][vc_column_text]<\/p>\n<h4 class=\"exclaimation\">Kom ih\u00e5g:<\/h4>\n<div class=\"lead\">Insiderinformation \u00e4r konfidentiell information som, om den offentliggjordes, skulle p\u00e5verka en investerares beslut att k\u00f6pa, s\u00e4lja eller beh\u00e5lla Equinix-aktier.<\/div>\n<p>[\/vc_column_text][\/vc_column][\/vc_row]<\/p>\n<\/section>","protected":false},"excerpt":{"rendered":"<p>[vc_row css_animation=&#8221;&#8221; row_type=&#8221;row&#8221; use_row_as_full_screen_section=&#8221;no&#8221; type=&#8221;full_width&#8221; angled_section=&#8221;no&#8221; text_align=&#8221;left&#8221; background_image_as_pattern=&#8221;without_pattern&#8221;][vc_column][vc_single_image image=&#8221;4098&#8243; img_size=&#8221;full&#8221; qode_css_animation=&#8221;&#8221;][vc_empty_space height=&#8221;8px&#8221;][vc_column_text] V\u00c5R F\u00d6RPLIKTELSE ENLIGT LAG F\u00f6rst\u00e5 och f\u00f6lja lagliga aff\u00e4rsmetoder [\/vc_column_text][\/vc_column][\/vc_row][vc_row css_animation=&#8221;&#8221; row_type=&#8221;row&#8221; use_row_as_full_screen_section=&#8221;no&#8221; type=&#8221;full_width&#8221; angled_section=&#8221;no&#8221; text_align=&#8221;left&#8221; background_image_as_pattern=&#8221;without_pattern&#8221; z_index=&#8221;&#8221; padding_top=&#8221;32&#8243; padding_bottom=&#8221;40&#8243;][vc_column][vc_single_image image=&#8221;1297&#8243; img_size=&#8221;full&#8221; alignment=&#8221;center&#8221; qode_css_animation=&#8221;&#8221; el_class=&#8221;w-100&#8243;][\/vc_column][\/vc_row][vc_row css_animation=&#8221;&#8221; row_type=&#8221;row&#8221; use_row_as_full_screen_section=&#8221;no&#8221; type=&#8221;full_width&#8221; angled_section=&#8221;no&#8221; text_align=&#8221;left&#8221; background_image_as_pattern=&#8221;without_pattern&#8221; z_index=&#8221;&#8221;&#8230;<\/p>\n","protected":false},"author":1,"featured_media":0,"parent":0,"menu_order":0,"comment_status":"closed","ping_status":"closed","template":"","meta":{"inline_featured_image":false,"footnotes":""},"class_list":["post-1296","page","type-page","status-publish","hentry"],"yoast_head":"<!-- This site is optimized with the Yoast SEO plugin v25.8 - https:\/\/yoast.com\/wordpress\/plugins\/seo\/ -->\n<title>V\u00c5R F\u00d6RPLIKTELSE ENLIGT LAG - Equinix Code of Business Conduct<\/title>\n<meta name=\"robots\" content=\"index, follow, max-snippet:-1, max-image-preview:large, max-video-preview:-1\" \/>\n<link rel=\"canonical\" href=\"https:\/\/169.254.129.2\/our-commitment-to-the-law\/\" \/>\n<meta property=\"og:locale\" content=\"sv_SE\" \/>\n<meta property=\"og:type\" content=\"article\" \/>\n<meta property=\"og:title\" content=\"V\u00c5R F\u00d6RPLIKTELSE ENLIGT LAG - Equinix Code of Business Conduct\" \/>\n<meta property=\"og:description\" content=\"[vc_row css_animation=&#8221;&#8221; row_type=&#8221;row&#8221; use_row_as_full_screen_section=&#8221;no&#8221; type=&#8221;full_width&#8221; angled_section=&#8221;no&#8221; text_align=&#8221;left&#8221; background_image_as_pattern=&#8221;without_pattern&#8221;][vc_column][vc_single_image image=&#8221;4098&#8243; img_size=&#8221;full&#8221; qode_css_animation=&#8221;&#8221;][vc_empty_space height=&#8221;8px&#8221;][vc_column_text] V\u00c5R F\u00d6RPLIKTELSE ENLIGT LAG F\u00f6rst\u00e5 och f\u00f6lja lagliga aff\u00e4rsmetoder [\/vc_column_text][\/vc_column][\/vc_row][vc_row css_animation=&#8221;&#8221; row_type=&#8221;row&#8221; use_row_as_full_screen_section=&#8221;no&#8221; type=&#8221;full_width&#8221; angled_section=&#8221;no&#8221; text_align=&#8221;left&#8221; background_image_as_pattern=&#8221;without_pattern&#8221; z_index=&#8221;&#8221; padding_top=&#8221;32&#8243; padding_bottom=&#8221;40&#8243;][vc_column][vc_single_image image=&#8221;1297&#8243; img_size=&#8221;full&#8221; alignment=&#8221;center&#8221; qode_css_animation=&#8221;&#8221; el_class=&#8221;w-100&#8243;][\/vc_column][\/vc_row][vc_row css_animation=&#8221;&#8221; row_type=&#8221;row&#8221; use_row_as_full_screen_section=&#8221;no&#8221; type=&#8221;full_width&#8221; angled_section=&#8221;no&#8221; text_align=&#8221;left&#8221; background_image_as_pattern=&#8221;without_pattern&#8221; z_index=&#8221;&#8221;...\" \/>\n<meta property=\"og:url\" content=\"https:\/\/169.254.129.2\/our-commitment-to-the-law\/\" \/>\n<meta property=\"og:site_name\" content=\"Equinix Code of Business Conduct\" \/>\n<meta property=\"article:modified_time\" content=\"2025-12-15T13:01:09+00:00\" \/>\n<meta name=\"twitter:card\" content=\"summary_large_image\" \/>\n<meta name=\"twitter:label1\" content=\"Ber\u00e4knad l\u00e4stid\" \/>\n\t<meta name=\"twitter:data1\" content=\"7 minuter\" \/>\n<script type=\"application\/ld+json\" class=\"yoast-schema-graph\">{\"@context\":\"https:\/\/schema.org\",\"@graph\":[{\"@type\":\"WebPage\",\"@id\":\"https:\/\/169.254.129.2\/our-commitment-to-the-law\/\",\"url\":\"https:\/\/169.254.129.2\/our-commitment-to-the-law\/\",\"name\":\"V\u00c5R F\u00d6RPLIKTELSE ENLIGT LAG - Equinix Code of Business Conduct\",\"isPartOf\":{\"@id\":\"https:\/\/cobc-prod.azurewebsites.net\/#website\"},\"datePublished\":\"2021-03-10T06:21:26+00:00\",\"dateModified\":\"2025-12-15T13:01:09+00:00\",\"breadcrumb\":{\"@id\":\"https:\/\/169.254.129.2\/our-commitment-to-the-law\/#breadcrumb\"},\"inLanguage\":\"sv-SE\",\"potentialAction\":[{\"@type\":\"ReadAction\",\"target\":[\"https:\/\/169.254.129.2\/our-commitment-to-the-law\/\"]}]},{\"@type\":\"BreadcrumbList\",\"@id\":\"https:\/\/169.254.129.2\/our-commitment-to-the-law\/#breadcrumb\",\"itemListElement\":[{\"@type\":\"ListItem\",\"position\":1,\"name\":\"Home\",\"item\":\"https:\/\/codeofbusinessconduct.equinix.com\/sv\/\"},{\"@type\":\"ListItem\",\"position\":2,\"name\":\"V\u00c5R F\u00d6RPLIKTELSE ENLIGT LAG\"}]},{\"@type\":\"WebSite\",\"@id\":\"https:\/\/cobc-prod.azurewebsites.net\/#website\",\"url\":\"https:\/\/cobc-prod.azurewebsites.net\/\",\"name\":\"Equinix Code of Business Conduct\",\"description\":\"\",\"potentialAction\":[{\"@type\":\"SearchAction\",\"target\":{\"@type\":\"EntryPoint\",\"urlTemplate\":\"https:\/\/cobc-prod.azurewebsites.net\/?s={search_term_string}\"},\"query-input\":{\"@type\":\"PropertyValueSpecification\",\"valueRequired\":true,\"valueName\":\"search_term_string\"}}],\"inLanguage\":\"sv-SE\"}]}<\/script>\n<!-- \/ Yoast SEO plugin. -->","yoast_head_json":{"title":"V\u00c5R F\u00d6RPLIKTELSE ENLIGT LAG - Equinix Code of Business Conduct","robots":{"index":"index","follow":"follow","max-snippet":"max-snippet:-1","max-image-preview":"max-image-preview:large","max-video-preview":"max-video-preview:-1"},"canonical":"https:\/\/169.254.129.2\/our-commitment-to-the-law\/","og_locale":"sv_SE","og_type":"article","og_title":"V\u00c5R F\u00d6RPLIKTELSE ENLIGT LAG - Equinix Code of Business Conduct","og_description":"[vc_row css_animation=&#8221;&#8221; row_type=&#8221;row&#8221; use_row_as_full_screen_section=&#8221;no&#8221; type=&#8221;full_width&#8221; angled_section=&#8221;no&#8221; text_align=&#8221;left&#8221; background_image_as_pattern=&#8221;without_pattern&#8221;][vc_column][vc_single_image image=&#8221;4098&#8243; img_size=&#8221;full&#8221; qode_css_animation=&#8221;&#8221;][vc_empty_space height=&#8221;8px&#8221;][vc_column_text] V\u00c5R F\u00d6RPLIKTELSE ENLIGT LAG F\u00f6rst\u00e5 och f\u00f6lja lagliga aff\u00e4rsmetoder [\/vc_column_text][\/vc_column][\/vc_row][vc_row css_animation=&#8221;&#8221; row_type=&#8221;row&#8221; use_row_as_full_screen_section=&#8221;no&#8221; type=&#8221;full_width&#8221; angled_section=&#8221;no&#8221; text_align=&#8221;left&#8221; background_image_as_pattern=&#8221;without_pattern&#8221; z_index=&#8221;&#8221; padding_top=&#8221;32&#8243; padding_bottom=&#8221;40&#8243;][vc_column][vc_single_image image=&#8221;1297&#8243; img_size=&#8221;full&#8221; alignment=&#8221;center&#8221; qode_css_animation=&#8221;&#8221; el_class=&#8221;w-100&#8243;][\/vc_column][\/vc_row][vc_row css_animation=&#8221;&#8221; row_type=&#8221;row&#8221; use_row_as_full_screen_section=&#8221;no&#8221; type=&#8221;full_width&#8221; angled_section=&#8221;no&#8221; text_align=&#8221;left&#8221; background_image_as_pattern=&#8221;without_pattern&#8221; z_index=&#8221;&#8221;...","og_url":"https:\/\/169.254.129.2\/our-commitment-to-the-law\/","og_site_name":"Equinix Code of Business Conduct","article_modified_time":"2025-12-15T13:01:09+00:00","twitter_card":"summary_large_image","twitter_misc":{"Ber\u00e4knad l\u00e4stid":"7 minuter"},"schema":{"@context":"https:\/\/schema.org","@graph":[{"@type":"WebPage","@id":"https:\/\/169.254.129.2\/our-commitment-to-the-law\/","url":"https:\/\/169.254.129.2\/our-commitment-to-the-law\/","name":"V\u00c5R F\u00d6RPLIKTELSE ENLIGT LAG - Equinix Code of Business Conduct","isPartOf":{"@id":"https:\/\/cobc-prod.azurewebsites.net\/#website"},"datePublished":"2021-03-10T06:21:26+00:00","dateModified":"2025-12-15T13:01:09+00:00","breadcrumb":{"@id":"https:\/\/169.254.129.2\/our-commitment-to-the-law\/#breadcrumb"},"inLanguage":"sv-SE","potentialAction":[{"@type":"ReadAction","target":["https:\/\/169.254.129.2\/our-commitment-to-the-law\/"]}]},{"@type":"BreadcrumbList","@id":"https:\/\/169.254.129.2\/our-commitment-to-the-law\/#breadcrumb","itemListElement":[{"@type":"ListItem","position":1,"name":"Home","item":"https:\/\/codeofbusinessconduct.equinix.com\/sv\/"},{"@type":"ListItem","position":2,"name":"V\u00c5R F\u00d6RPLIKTELSE ENLIGT LAG"}]},{"@type":"WebSite","@id":"https:\/\/cobc-prod.azurewebsites.net\/#website","url":"https:\/\/cobc-prod.azurewebsites.net\/","name":"Equinix Code of Business Conduct","description":"","potentialAction":[{"@type":"SearchAction","target":{"@type":"EntryPoint","urlTemplate":"https:\/\/cobc-prod.azurewebsites.net\/?s={search_term_string}"},"query-input":{"@type":"PropertyValueSpecification","valueRequired":true,"valueName":"search_term_string"}}],"inLanguage":"sv-SE"}]}},"_links":{"self":[{"href":"https:\/\/codeofbusinessconduct.equinix.com\/sv\/wp-json\/wp\/v2\/pages\/1296","targetHints":{"allow":["GET"]}}],"collection":[{"href":"https:\/\/codeofbusinessconduct.equinix.com\/sv\/wp-json\/wp\/v2\/pages"}],"about":[{"href":"https:\/\/codeofbusinessconduct.equinix.com\/sv\/wp-json\/wp\/v2\/types\/page"}],"author":[{"embeddable":true,"href":"https:\/\/codeofbusinessconduct.equinix.com\/sv\/wp-json\/wp\/v2\/users\/1"}],"replies":[{"embeddable":true,"href":"https:\/\/codeofbusinessconduct.equinix.com\/sv\/wp-json\/wp\/v2\/comments?post=1296"}],"version-history":[{"count":10,"href":"https:\/\/codeofbusinessconduct.equinix.com\/sv\/wp-json\/wp\/v2\/pages\/1296\/revisions"}],"predecessor-version":[{"id":5330,"href":"https:\/\/codeofbusinessconduct.equinix.com\/sv\/wp-json\/wp\/v2\/pages\/1296\/revisions\/5330"}],"wp:attachment":[{"href":"https:\/\/codeofbusinessconduct.equinix.com\/sv\/wp-json\/wp\/v2\/media?parent=1296"}],"curies":[{"name":"wp","href":"https:\/\/api.w.org\/{rel}","templated":true}]}}