{"id":1268,"date":"2021-03-10T05:32:20","date_gmt":"2021-03-10T05:32:20","guid":{"rendered":"https:\/\/codeofbusinessconduct.equinix.com\/homepage\/"},"modified":"2024-11-27T00:40:52","modified_gmt":"2024-11-27T00:40:52","slug":"homepage","status":"publish","type":"page","link":"https:\/\/codeofbusinessconduct.equinix.com\/sv\/","title":{"rendered":"Homepage"},"content":{"rendered":"<section class=\"wpb-content-wrapper\"><p>[vc_row css_animation=&#8221;&#8221; row_type=&#8221;row&#8221; use_row_as_full_screen_section=&#8221;no&#8221; type=&#8221;full_width&#8221; angled_section=&#8221;no&#8221; text_align=&#8221;center&#8221; background_image_as_pattern=&#8221;without_pattern&#8221; z_index=&#8221;&#8221; background_image=&#8221;469&#8243; el_class=&#8221;slider-image&#8221;][vc_column][vc_column_text]<\/p>\n<h1>EQUINIX UPPF\u00d6RANDEKOD<\/h1>\n<p>[\/vc_column_text][\/vc_column][\/vc_row][vc_row css_animation=&#8221;&#8221; row_type=&#8221;row&#8221; use_row_as_full_screen_section=&#8221;no&#8221; type=&#8221;grid&#8221; angled_section=&#8221;no&#8221; text_align=&#8221;left&#8221; background_image_as_pattern=&#8221;without_pattern&#8221; z_index=&#8221;&#8221; padding_top=&#8221;50&#8243; padding_bottom=&#8221;32&#8243; el_class=&#8221;our-message&#8221;][vc_column width=&#8221;2\/3&#8243;][vc_single_image image=&#8221;1276&#8243; img_size=&#8221;full&#8221; qode_css_animation=&#8221;&#8221;][vc_empty_space height=&#8221;8px&#8221;][vc_column_text]<\/p>\n<h3>V\u00c5RT MEDDELANDE<\/h3>\n<div class=\"lead\">\n<p>&nbsp;<\/p>\n<p><span data-contrast=\"auto\">K\u00e4ra kollegor<\/span><span data-ccp-props=\"{}\">\u00a0<\/span><\/p>\n<p><span data-contrast=\"auto\">\u202f<\/span><span data-contrast=\"auto\">P\u00e5 Equinix \u00e4r vi otroligt stolta \u00f6ver den framg\u00e5ngsrika organisation vi har byggt upp tillsammans. Som ett globalt, branschledande f\u00f6retag har Equinix en m\u00f6jlighet men ocks\u00e5 ett ansvar att s\u00e4kerst\u00e4lla en standard f\u00f6r etiska aff\u00e4rsmetoder som l\u00e5ter v\u00e5ra kunder och partners veta att de kan lita p\u00e5 v\u00e5rt f\u00f6retag och de produkter och tj\u00e4nster vi tillhandah\u00e5ller. V\u00e5rt etiska rykte \u00e4r en av v\u00e5ra viktigaste s\u00e4rskiljande faktorer som vi alla m\u00e5ste uppr\u00e4tth\u00e5lla.\u202f<\/span><span data-ccp-props=\"{}\">\u00a0<\/span><\/p>\n<p><span data-contrast=\"auto\">\u202f<\/span><span data-contrast=\"auto\">V\u00e5r uppf\u00f6randekod \u00e5terspeglar de etiska v\u00e4rderingar och standarder som \u00e4r grundl\u00e4ggande f\u00f6r Equinix. Den ger oss den information, de resurser och verktyg vi beh\u00f6ver f\u00f6r att kunna skapa tydliga och konsekventa globala standarder f\u00f6r etiskt aff\u00e4rsuppf\u00f6rande och efterlevnad av lagar. Vi f\u00f6rv\u00e4ntas alla k\u00e4nna till v\u00e5r kod och anv\u00e4nda den n\u00e4r vi arbetar p\u00e5 uppdrag av f\u00f6retaget. Den \u00e4r utformad f\u00f6r att hj\u00e4lpa oss att g\u00f6ra r\u00e4tt val n\u00e4r vi st\u00e4lls inf\u00f6r utmanande etiska situationer.\u202f<\/span><span data-ccp-props=\"{}\">\u00a0<\/span><\/p>\n<p><span data-contrast=\"auto\">\u202f<\/span><span data-contrast=\"auto\">Som anst\u00e4llda p\u00e5 Equinix har vi alla r\u00e4tt och skyldighet att skydda v\u00e5r f\u00f6retagskultur fr\u00e5n allt beteende som skulle kunna hota v\u00e5ra v\u00e4rderingar eller skada v\u00e5rt rykte. Att h\u00e5lla varandra ansvariga och leva upp till v\u00e5ra v\u00e4rderingar \u00e4r en del av det som g\u00f6r Equinix till en speciell arbetsplats. Om du har fr\u00e5gor eller om du oroar dig f\u00f6r att v\u00e5r uppf\u00f6randekod har \u00f6vertr\u00e4tts \u00e4r du v\u00e4lkommen att anm\u00e4la detta. Du uppmuntras att prata med din chef, Equinix Chief Compliance Officer, den globala chefsjuristen eller chefsjuristen och HR-chefen. Du kan ocks\u00e5 rapportera anonymt med hj\u00e4lp av v\u00e5rt onlineformul\u00e4r f\u00f6r etik eller via v\u00e5r flerspr\u00e5kiga telefontj\u00e4nst.\u202f<\/span><span data-ccp-props=\"{}\">\u00a0<\/span><\/p>\n<p><span data-contrast=\"auto\">\u202f<\/span><span data-contrast=\"auto\">P\u00e5 Equinix \u00e4r vi stolta \u00f6ver att kunna s\u00e4ga att vi \u00e4r etiska, engagerade och b\u00e4ttre rustade medarbetare. V\u00e5ra medarbetare och v\u00e5r kultur har gjort Equinix till den marknadsledare vi \u00e4r idag &#8211; och kommer att vara grunden p\u00e5 vilken vi bygger v\u00e5r fortsatta framg\u00e5ng.<\/span><span data-ccp-props=\"{}\">\u00a0<\/span><\/p>\n<p><strong>\u202f<\/strong><\/p>\n<p><strong>Adaire Fox-Martin\u00a0<\/strong><\/p>\n<p><span data-contrast=\"auto\">Verkst\u00e4llande direkt\u00f6r och koncernchef<\/span><span data-ccp-props=\"{}\">\u00a0<\/span><\/p>\n<p><span data-contrast=\"auto\">\u202f<\/span><strong>Charles Meyers\u00a0<\/strong><\/p>\n<p><span data-contrast=\"auto\">Styrelseordf\u00f6rande<\/span><span data-ccp-props=\"{}\">\u00a0<\/span><\/p>\n<\/div>\n<p>[\/vc_column_text][\/vc_column][vc_column width=&#8221;1\/3&#8243; el_class=&#8221;chief-images&#8221;][vc_single_image image=&#8221;4741&#8243; img_size=&#8221;full&#8221; qode_css_animation=&#8221;&#8221;][vc_single_image image=&#8221;4661&#8243; img_size=&#8221;full&#8221; qode_css_animation=&#8221;&#8221;][vc_column_text el_class=&#8221;team_header&#8221;]<strong>Adaire Fox-Martin\u00a0<\/strong><\/p>\n<p><span data-contrast=\"auto\">Verkst\u00e4llande direkt\u00f6r och koncernchef<\/span><span data-ccp-props=\"{}\">\u00a0<\/span>[\/vc_column_text][vc_empty_space height=&#8221;30px&#8221;][vc_single_image image=&#8221;4781&#8243; img_size=&#8221;full&#8221; qode_css_animation=&#8221;&#8221;][vc_single_image image=&#8221;4801&#8243; img_size=&#8221;full&#8221; qode_css_animation=&#8221;&#8221;][vc_column_text el_class=&#8221;team_header&#8221;]<strong>Charles Meyers\u00a0<\/strong><\/p>\n<p><span data-contrast=\"auto\">Styrelseordf\u00f6rande<\/span><span data-ccp-props=\"{}\">\u00a0<\/span>[\/vc_column_text][\/vc_column][\/vc_row][vc_row css_animation=&#8221;&#8221; row_type=&#8221;row&#8221; use_row_as_full_screen_section=&#8221;yes&#8221; type=&#8221;grid&#8221; angled_section=&#8221;no&#8221; text_align=&#8221;left&#8221; background_image_as_pattern=&#8221;without_pattern&#8221; z_index=&#8221;&#8221; background_color=&#8221;#eeeeee&#8221; padding_top=&#8221;34&#8243; padding_bottom=&#8221;68&#8243; el_class=&#8221;table-of-contents&#8221;][vc_column][vc_column_text]<\/p>\n<h3>Inneh\u00e5llsf\u00f6rteckning<\/h3>\n<p>[\/vc_column_text][vc_row_inner row_type=&#8221;row&#8221; type=&#8221;full_width&#8221; text_align=&#8221;left&#8221; css_animation=&#8221;&#8221;][vc_column_inner width=&#8221;1\/2&#8243;][vc_column_text]<a class=\"anchor\" href=\"#Our_Purpose_and_Values\"><strong>V\u00c5RT SYFTE OCH V\u00c5RA V\u00c4RDERINGAR<\/strong><\/a><\/p>\n<p><a href=\"\/sv\/our-code\"><strong>V\u00c5R KOD<\/strong><\/a><\/p>\n<ul>\n<li><a href=\"\/sv\/our-code\/#why_we_have_a_code_of_business_conduct\">Varf\u00f6r vi har en uppf\u00f6randekod<\/a><\/li>\n<li><a href=\"\/sv\/our-code\/#who_is_required_to_follow_our_code\">Vem \u00e4r skyldig att f\u00f6lja uppf\u00f6randekoden?<\/a><\/li>\n<li><a href=\"\/sv\/our-code\/#ethics_in_action:_what_our_code_means_for_you\">Etik i praktiken: Vad v\u00e5r kod inneb\u00e4r f\u00f6r dig<\/a><\/li>\n<\/ul>\n<p><a href=\"\/sv\/our-people\"><strong>V\u00c5RA MEDARBETARE<\/strong><\/a><\/p>\n<ul>\n<li><a href=\"\/sv\/our-people\/#diversity\">M\u00e5ngfald<\/a><\/li>\n<li><a href=\"\/sv\/our-people\/#dignity_and_respect\">V\u00e4rdighet och respekt<\/a><\/li>\n<li><a href=\"\/sv\/our-people\/#safety\">S\u00e4kerhet<\/a><\/li>\n<\/ul>\n<p><a href=\"\/sv\/our-business-relationships\"><strong>V\u00c5RA AFF\u00c4RSRELATIONER<\/strong><\/a><\/p>\n<ul>\n<li><a href=\"\/sv\/our-business-relationships\/#Conflicts_of_interest\">Intressekonflikter<\/a><\/li>\n<li><a href=\"\/sv\/our-business-relationships\/#Gifts_and_entertainment\">G\u00e5vor och representation<\/a><\/li>\n<li><a href=\"\/sv\/our-business-relationships\/#Prohibited_payments_and_gifts_to_government_personnel\">F\u00f6rbjudna betalningar och g\u00e5vor till myndighetspersonal<\/a><\/li>\n<li><a href=\"\/sv\/our-business-relationships\/#Protecting_our_reputation_and_property\">Skydd av v\u00e5rt anseende och v\u00e5r egendom<\/a><\/li>\n<li><a href=\"\/sv\/our-business-relationships\/#Speaking_on_behalf_of_our_company\">Att uttala sig p\u00e5 f\u00f6retagets v\u00e4gnar<\/a><\/li>\n<\/ul>\n<p>[\/vc_column_text][\/vc_column_inner][vc_column_inner width=&#8221;1\/2&#8243;][vc_column_text]<a href=\"\/sv\/our-commitment-to-the-law\/#Competition_and_fair_dealing\"><strong>V\u00c5R F\u00d6RPLIKTELSE ENLIGT LAG<\/strong><\/a><\/p>\n<ul>\n<li><a href=\"\/sv\/our-commitment-to-the-law\/#Competition_and_fair_dealing\">Konkurrens och god aff\u00e4rssed<\/a><\/li>\n<li><a href=\"\/sv\/our-commitment-to-the-law\/#Daily_privacy\">Dataskydd<\/a><\/li>\n<li><a href=\"\/sv\/our-commitment-to-the-law\/#Anti-bribery_and_corruption\">F\u00f6rhindrande av mutor och korruption<\/a><\/li>\n<li><a href=\"\/sv\/our-commitment-to-the-law\/#Intellectual_property\">Immateriella tillg\u00e5ngar<\/a><\/li>\n<li><a href=\"\/sv\/our-commitment-to-the-law\/#Inside_information_and_securities_trading\">Insiderinformation och v\u00e4rdepappershandel<\/a><\/li>\n<\/ul>\n<p><a href=\"\/sv\/our-community\/\"><strong>V\u00c5RT SAMH\u00c4LLE<\/strong><\/a><\/p>\n<ul>\n<li><a href=\"\/sv\/our-community\/#Human_rights\">M\u00e4nskliga r\u00e4ttigheter<\/a><\/li>\n<li><a href=\"\/sv\/our-community\/#Charitable_contributions\">Bidrag till v\u00e4lg\u00f6renhet<\/a><\/li>\n<li><a href=\"\/sv\/our-community\/#Political_activities_and_contributions\">Politiska aktiviteter och bidrag<\/a><\/li>\n<li><a href=\"\/sv\/our-community\/#The_environment\">Milj\u00f6n<\/a><\/li>\n<\/ul>\n<p><a href=\"\/sv\/our-responsibility\"><strong>V\u00c5RT ANSVAR<\/strong><\/a><\/p>\n<ul>\n<li><a href=\"\/sv\/our-responsibility\/#Your_voice_matters\">Din r\u00f6st \u00e4r viktig<\/a><\/li>\n<li><a href=\"\/sv\/our-responsibility\/#Ways_to_speak_up\">Hur du kan g\u00f6ra din r\u00f6st h\u00f6rd<\/a><\/li>\n<li><a href=\"\/sv\/our-responsibility\/#Whistleblower_protection_policy\">Policy f\u00f6r skydd av visselbl\u00e5sare<\/a><\/li>\n<li><a href=\"\/sv\/our-responsibility\/#Code_of_business_conduct_waivers\">Undantag fr\u00e5n aff\u00e4rskoden<\/a><\/li>\n<\/ul>\n<p><a href=\"\/sv\/additional-resources\/\"><strong>YTTERLIGARE RESURSER<\/strong><\/a>[\/vc_column_text][\/vc_column_inner][\/vc_row_inner][\/vc_column][\/vc_row][vc_row css_animation=&#8221;&#8221; row_type=&#8221;row&#8221; use_row_as_full_screen_section=&#8221;no&#8221; type=&#8221;grid&#8221; angled_section=&#8221;no&#8221; text_align=&#8221;left&#8221; background_image_as_pattern=&#8221;without_pattern&#8221; z_index=&#8221;&#8221; padding_top=&#8221;32&#8243; padding_bottom=&#8221;50&#8243; el_class=&#8221;purpose_values our_space&#8221; anchor=&#8221;Our_Purpose_and_Values&#8221;][vc_column width=&#8221;1\/2&#8243; css=&#8221;.vc_custom_1615551557750{padding-bottom: 40px !important;}&#8221;][vc_single_image image=&#8221;1274&#8243; img_size=&#8221;full&#8221; alignment=&#8221;center&#8221; qode_css_animation=&#8221;&#8221; el_class=&#8221;w-100&#8243;][\/vc_column][vc_column width=&#8221;1\/2&#8243; css=&#8221;.vc_custom_1615792034246{padding-bottom: 40px !important;}&#8221;][vc_single_image image=&#8221;1275&#8243; img_size=&#8221;full&#8221; qode_css_animation=&#8221;&#8221;][vc_empty_space height=&#8221;8px&#8221;][vc_column_text]<\/p>\n<h3>V\u00c5RT SYFTE, V\u00c5R DR\u00d6M OCH V\u00c5RA V\u00c4RDERINGAR<\/h3>\n<div class=\"lead\">Equinix l\u00f6fte<\/div>\n<h4>V\u00c5RT SYFTE<\/h4>\n<p>Att vara den plattform d\u00e4r v\u00e4rlden m\u00f6ts f\u00f6r att m\u00f6jligg\u00f6ra innovationer som berikar v\u00e5rt arbete, v\u00e5rt liv och v\u00e5r planet.<\/p>\n<h4>V\u00c5RA V\u00c4RDERINGAR<\/h4>\n<ul>\n<li>Kunderna litar p\u00e5 att vi levererar enligt v\u00e5ra \u00e5taganden.<\/li>\n<li>Equinix handlar om engagerade medarbetare som h\u00e5ller varandra ansvariga f\u00f6r att utf\u00f6ra ett \u00f6verl\u00e4gset jobb.<\/li>\n<li>Vi v\u00e4rdes\u00e4tter en kultur med disciplinerade tankar och handlingar.<\/li>\n<li>P\u00e5 Equinix har vi h\u00f6ga kvalitetskrav.<\/li>\n<li>V\u00e5r passion och h\u00f6gsta prioritet \u00e4r att skapa ett uth\u00e5lligt och fantastiskt f\u00f6retag.<\/li>\n<\/ul>\n<p>[\/vc_column_text][\/vc_column][\/vc_row]<\/p>\n<\/section>","protected":false},"excerpt":{"rendered":"<p>[vc_row css_animation=&#8221;&#8221; row_type=&#8221;row&#8221; use_row_as_full_screen_section=&#8221;no&#8221; type=&#8221;full_width&#8221; angled_section=&#8221;no&#8221; text_align=&#8221;center&#8221; background_image_as_pattern=&#8221;without_pattern&#8221; z_index=&#8221;&#8221; background_image=&#8221;469&#8243; el_class=&#8221;slider-image&#8221;][vc_column][vc_column_text] EQUINIX UPPF\u00d6RANDEKOD [\/vc_column_text][\/vc_column][\/vc_row][vc_row css_animation=&#8221;&#8221; row_type=&#8221;row&#8221; use_row_as_full_screen_section=&#8221;no&#8221; type=&#8221;grid&#8221; angled_section=&#8221;no&#8221; text_align=&#8221;left&#8221; background_image_as_pattern=&#8221;without_pattern&#8221; z_index=&#8221;&#8221; padding_top=&#8221;50&#8243; padding_bottom=&#8221;32&#8243; el_class=&#8221;our-message&#8221;][vc_column width=&#8221;2\/3&#8243;][vc_single_image image=&#8221;1276&#8243; img_size=&#8221;full&#8221; qode_css_animation=&#8221;&#8221;][vc_empty_space height=&#8221;8px&#8221;][vc_column_text] V\u00c5RT MEDDELANDE &nbsp; K\u00e4ra kollegor\u00a0 \u202fP\u00e5 Equinix \u00e4r vi otroligt stolta \u00f6ver den framg\u00e5ngsrika organisation&#8230;<\/p>\n","protected":false},"author":1,"featured_media":0,"parent":0,"menu_order":0,"comment_status":"closed","ping_status":"closed","template":"full_width.php","meta":{"inline_featured_image":false,"footnotes":""},"class_list":["post-1268","page","type-page","status-publish","hentry"],"yoast_head":"<!-- This site is optimized with the Yoast SEO plugin v25.8 - https:\/\/yoast.com\/wordpress\/plugins\/seo\/ -->\n<title>Homepage - Equinix Code of Business Conduct<\/title>\n<meta name=\"robots\" content=\"index, follow, max-snippet:-1, max-image-preview:large, max-video-preview:-1\" \/>\n<link rel=\"canonical\" href=\"https:\/\/codeofbusinessconduct.equinix.com\/sv\/\" \/>\n<meta property=\"og:locale\" content=\"sv_SE\" \/>\n<meta property=\"og:type\" content=\"article\" \/>\n<meta property=\"og:title\" content=\"Homepage - Equinix Code of Business Conduct\" \/>\n<meta property=\"og:description\" content=\"[vc_row css_animation=&#8221;&#8221; row_type=&#8221;row&#8221; use_row_as_full_screen_section=&#8221;no&#8221; type=&#8221;full_width&#8221; angled_section=&#8221;no&#8221; text_align=&#8221;center&#8221; background_image_as_pattern=&#8221;without_pattern&#8221; z_index=&#8221;&#8221; background_image=&#8221;469&#8243; el_class=&#8221;slider-image&#8221;][vc_column][vc_column_text] EQUINIX UPPF\u00d6RANDEKOD [\/vc_column_text][\/vc_column][\/vc_row][vc_row css_animation=&#8221;&#8221; row_type=&#8221;row&#8221; use_row_as_full_screen_section=&#8221;no&#8221; type=&#8221;grid&#8221; angled_section=&#8221;no&#8221; text_align=&#8221;left&#8221; background_image_as_pattern=&#8221;without_pattern&#8221; z_index=&#8221;&#8221; padding_top=&#8221;50&#8243; padding_bottom=&#8221;32&#8243; el_class=&#8221;our-message&#8221;][vc_column width=&#8221;2\/3&#8243;][vc_single_image image=&#8221;1276&#8243; img_size=&#8221;full&#8221; qode_css_animation=&#8221;&#8221;][vc_empty_space height=&#8221;8px&#8221;][vc_column_text] V\u00c5RT MEDDELANDE &nbsp; K\u00e4ra kollegor\u00a0 \u202fP\u00e5 Equinix \u00e4r vi otroligt stolta \u00f6ver den framg\u00e5ngsrika organisation...\" \/>\n<meta property=\"og:url\" content=\"https:\/\/codeofbusinessconduct.equinix.com\/sv\/\" \/>\n<meta property=\"og:site_name\" content=\"Equinix Code of Business Conduct\" \/>\n<meta property=\"article:modified_time\" content=\"2024-11-27T00:40:52+00:00\" \/>\n<meta name=\"twitter:card\" content=\"summary_large_image\" \/>\n<meta name=\"twitter:label1\" content=\"Ber\u00e4knad l\u00e4stid\" \/>\n\t<meta name=\"twitter:data1\" content=\"5 minuter\" \/>\n<script type=\"application\/ld+json\" class=\"yoast-schema-graph\">{\"@context\":\"https:\/\/schema.org\",\"@graph\":[{\"@type\":\"WebPage\",\"@id\":\"https:\/\/codeofbusinessconduct.equinix.com\/sv\/\",\"url\":\"https:\/\/codeofbusinessconduct.equinix.com\/sv\/\",\"name\":\"Homepage - Equinix Code of Business Conduct\",\"isPartOf\":{\"@id\":\"https:\/\/cobc-prod.azurewebsites.net\/#website\"},\"datePublished\":\"2021-03-10T05:32:20+00:00\",\"dateModified\":\"2024-11-27T00:40:52+00:00\",\"breadcrumb\":{\"@id\":\"https:\/\/codeofbusinessconduct.equinix.com\/sv\/#breadcrumb\"},\"inLanguage\":\"sv-SE\",\"potentialAction\":[{\"@type\":\"ReadAction\",\"target\":[\"https:\/\/codeofbusinessconduct.equinix.com\/sv\/\"]}]},{\"@type\":\"BreadcrumbList\",\"@id\":\"https:\/\/codeofbusinessconduct.equinix.com\/sv\/#breadcrumb\",\"itemListElement\":[{\"@type\":\"ListItem\",\"position\":1,\"name\":\"Home\",\"item\":\"https:\/\/codeofbusinessconduct.equinix.com\/sv\/\"},{\"@type\":\"ListItem\",\"position\":2,\"name\":\"Homepage\"}]},{\"@type\":\"WebSite\",\"@id\":\"https:\/\/cobc-prod.azurewebsites.net\/#website\",\"url\":\"https:\/\/cobc-prod.azurewebsites.net\/\",\"name\":\"Equinix Code of Business Conduct\",\"description\":\"\",\"potentialAction\":[{\"@type\":\"SearchAction\",\"target\":{\"@type\":\"EntryPoint\",\"urlTemplate\":\"https:\/\/cobc-prod.azurewebsites.net\/?s={search_term_string}\"},\"query-input\":{\"@type\":\"PropertyValueSpecification\",\"valueRequired\":true,\"valueName\":\"search_term_string\"}}],\"inLanguage\":\"sv-SE\"}]}<\/script>\n<!-- \/ Yoast SEO plugin. -->","yoast_head_json":{"title":"Homepage - Equinix Code of Business Conduct","robots":{"index":"index","follow":"follow","max-snippet":"max-snippet:-1","max-image-preview":"max-image-preview:large","max-video-preview":"max-video-preview:-1"},"canonical":"https:\/\/codeofbusinessconduct.equinix.com\/sv\/","og_locale":"sv_SE","og_type":"article","og_title":"Homepage - Equinix Code of Business Conduct","og_description":"[vc_row css_animation=&#8221;&#8221; row_type=&#8221;row&#8221; use_row_as_full_screen_section=&#8221;no&#8221; type=&#8221;full_width&#8221; angled_section=&#8221;no&#8221; text_align=&#8221;center&#8221; background_image_as_pattern=&#8221;without_pattern&#8221; z_index=&#8221;&#8221; background_image=&#8221;469&#8243; el_class=&#8221;slider-image&#8221;][vc_column][vc_column_text] EQUINIX UPPF\u00d6RANDEKOD [\/vc_column_text][\/vc_column][\/vc_row][vc_row css_animation=&#8221;&#8221; row_type=&#8221;row&#8221; use_row_as_full_screen_section=&#8221;no&#8221; type=&#8221;grid&#8221; angled_section=&#8221;no&#8221; text_align=&#8221;left&#8221; background_image_as_pattern=&#8221;without_pattern&#8221; z_index=&#8221;&#8221; padding_top=&#8221;50&#8243; padding_bottom=&#8221;32&#8243; el_class=&#8221;our-message&#8221;][vc_column width=&#8221;2\/3&#8243;][vc_single_image image=&#8221;1276&#8243; img_size=&#8221;full&#8221; qode_css_animation=&#8221;&#8221;][vc_empty_space height=&#8221;8px&#8221;][vc_column_text] V\u00c5RT MEDDELANDE &nbsp; K\u00e4ra kollegor\u00a0 \u202fP\u00e5 Equinix \u00e4r vi otroligt stolta \u00f6ver den framg\u00e5ngsrika organisation...","og_url":"https:\/\/codeofbusinessconduct.equinix.com\/sv\/","og_site_name":"Equinix Code of Business Conduct","article_modified_time":"2024-11-27T00:40:52+00:00","twitter_card":"summary_large_image","twitter_misc":{"Ber\u00e4knad l\u00e4stid":"5 minuter"},"schema":{"@context":"https:\/\/schema.org","@graph":[{"@type":"WebPage","@id":"https:\/\/codeofbusinessconduct.equinix.com\/sv\/","url":"https:\/\/codeofbusinessconduct.equinix.com\/sv\/","name":"Homepage - Equinix Code of Business Conduct","isPartOf":{"@id":"https:\/\/cobc-prod.azurewebsites.net\/#website"},"datePublished":"2021-03-10T05:32:20+00:00","dateModified":"2024-11-27T00:40:52+00:00","breadcrumb":{"@id":"https:\/\/codeofbusinessconduct.equinix.com\/sv\/#breadcrumb"},"inLanguage":"sv-SE","potentialAction":[{"@type":"ReadAction","target":["https:\/\/codeofbusinessconduct.equinix.com\/sv\/"]}]},{"@type":"BreadcrumbList","@id":"https:\/\/codeofbusinessconduct.equinix.com\/sv\/#breadcrumb","itemListElement":[{"@type":"ListItem","position":1,"name":"Home","item":"https:\/\/codeofbusinessconduct.equinix.com\/sv\/"},{"@type":"ListItem","position":2,"name":"Homepage"}]},{"@type":"WebSite","@id":"https:\/\/cobc-prod.azurewebsites.net\/#website","url":"https:\/\/cobc-prod.azurewebsites.net\/","name":"Equinix Code of Business Conduct","description":"","potentialAction":[{"@type":"SearchAction","target":{"@type":"EntryPoint","urlTemplate":"https:\/\/cobc-prod.azurewebsites.net\/?s={search_term_string}"},"query-input":{"@type":"PropertyValueSpecification","valueRequired":true,"valueName":"search_term_string"}}],"inLanguage":"sv-SE"}]}},"_links":{"self":[{"href":"https:\/\/codeofbusinessconduct.equinix.com\/sv\/wp-json\/wp\/v2\/pages\/1268","targetHints":{"allow":["GET"]}}],"collection":[{"href":"https:\/\/codeofbusinessconduct.equinix.com\/sv\/wp-json\/wp\/v2\/pages"}],"about":[{"href":"https:\/\/codeofbusinessconduct.equinix.com\/sv\/wp-json\/wp\/v2\/types\/page"}],"author":[{"embeddable":true,"href":"https:\/\/codeofbusinessconduct.equinix.com\/sv\/wp-json\/wp\/v2\/users\/1"}],"replies":[{"embeddable":true,"href":"https:\/\/codeofbusinessconduct.equinix.com\/sv\/wp-json\/wp\/v2\/comments?post=1268"}],"version-history":[{"count":11,"href":"https:\/\/codeofbusinessconduct.equinix.com\/sv\/wp-json\/wp\/v2\/pages\/1268\/revisions"}],"predecessor-version":[{"id":4891,"href":"https:\/\/codeofbusinessconduct.equinix.com\/sv\/wp-json\/wp\/v2\/pages\/1268\/revisions\/4891"}],"wp:attachment":[{"href":"https:\/\/codeofbusinessconduct.equinix.com\/sv\/wp-json\/wp\/v2\/media?parent=1268"}],"curies":[{"name":"wp","href":"https:\/\/api.w.org\/{rel}","templated":true}]}}