{"id":595,"date":"2021-03-10T06:21:42","date_gmt":"2021-03-10T06:21:42","guid":{"rendered":"https:\/\/codeofbusinessconduct.equinix.com\/our-community\/"},"modified":"2025-12-15T07:04:13","modified_gmt":"2025-12-15T07:04:13","slug":"our-community","status":"publish","type":"page","link":"https:\/\/codeofbusinessconduct.equinix.com\/pt-br\/our-community\/","title":{"rendered":"NOSSA COMUNIDADE"},"content":{"rendered":"<section class=\"wpb-content-wrapper\"><p>[vc_row css_animation=&#8221;&#8221; row_type=&#8221;row&#8221; use_row_as_full_screen_section=&#8221;no&#8221; type=&#8221;full_width&#8221; angled_section=&#8221;no&#8221; text_align=&#8221;left&#8221; background_image_as_pattern=&#8221;without_pattern&#8221;][vc_column][vc_single_image image=&#8221;4115&#8243; img_size=&#8221;full&#8221; qode_css_animation=&#8221;&#8221;][vc_empty_space height=&#8221;8px&#8221;][vc_column_text]<\/p>\n<h3>NOSSA COMUNIDADE<\/h3>\n<div class=\"lead\">Como fazer uma diferen\u00e7a positiva em nossas comunidades e em todo o mundo<\/div>\n<p>[\/vc_column_text][\/vc_column][\/vc_row][vc_row css_animation=&#8221;&#8221; row_type=&#8221;row&#8221; use_row_as_full_screen_section=&#8221;no&#8221; type=&#8221;full_width&#8221; angled_section=&#8221;no&#8221; text_align=&#8221;left&#8221; background_image_as_pattern=&#8221;without_pattern&#8221; z_index=&#8221;&#8221; padding_top=&#8221;34&#8243; padding_bottom=&#8221;20&#8243; anchor=&#8221;Human_rights&#8221;][vc_column width=&#8221;1\/3&#8243; css=&#8221;.vc_custom_1616046555280{padding-bottom: 20px !important;}&#8221;][vc_column_text]<\/p>\n<h4>DIREITOS HUMANOS<\/h4>\n<p>A Equinix respalda e respeita a prote\u00e7\u00e3o de todos os direitos humanos em todo o mundo. Temos o compromisso de sustentar os direitos humanos fundamentais de nossos funcion\u00e1rios e dos trabalhadores das empresas que contratamos. Da mesma forma, esperamos que nossos fornecedores e parceiros adotem os mesmos padr\u00f5es elevados.[\/vc_column_text][\/vc_column][vc_column width=&#8221;2\/3&#8243; css=&#8221;.vc_custom_1615547407753{padding-bottom: 20px !important;}&#8221;][vc_single_image image=&#8221;596&#8243; img_size=&#8221;full&#8221; alignment=&#8221;center&#8221; qode_css_animation=&#8221;&#8221;][\/vc_column][\/vc_row][vc_row css_animation=&#8221;&#8221; row_type=&#8221;row&#8221; use_row_as_full_screen_section=&#8221;no&#8221; type=&#8221;full_width&#8221; angled_section=&#8221;no&#8221; text_align=&#8221;left&#8221; background_image_as_pattern=&#8221;without_pattern&#8221; z_index=&#8221;&#8221; padding_bottom=&#8221;30&#8243; anchor=&#8221;Charitable_contributions&#8221;][vc_column width=&#8221;1\/2&#8243; el_class=&#8221;purpose_values&#8221;][vc_column_text]<\/p>\n<h4>CONTRIBUI\u00c7\u00d5ES DE CARIDADE<\/h4>\n<p>A retribui\u00e7\u00e3o \u00e0s nossas comunidades. A Equinix incentiva os funcion\u00e1rios a fazer contribui\u00e7\u00f5es positivas nas comunidades onde vivem e trabalham. A Equinix tamb\u00e9m est\u00e1 comprometida em apoiar as quest\u00f5es sociais, econ\u00f4micas e de sustentabilidade relevantes que mais importam \u00e0 nossa Empresa, nossos funcion\u00e1rios e nossas comunidades. A Equinix identificou diversas \u00e1reas de enfoque para fins de contribui\u00e7\u00e3o de caridade com base na relev\u00e2ncia de cada uma para nossa Empresa, e as apoiaremos por meio de doa\u00e7\u00f5es da Empresa. Considerando nossas \u00e1reas de enfoque, n\u00f3s usualmente n\u00e3o aceitamos pedidos de financiamento n\u00e3o solicitados. Em vez disso, preferimos pedir a apresenta\u00e7\u00e3o de solicita\u00e7\u00f5es de propostas que contribuam para nossas \u00e1reas de programas estrat\u00e9gicos e prioridades de financiamento. A equipe de responsabilidade social corporativa \u00e9 respons\u00e1vel por analisar e avaliar essas solicita\u00e7\u00f5es.<\/p>\n<p>A Equinix incentiva os funcion\u00e1rios a fazer contribui\u00e7\u00f5es individuais para institui\u00e7\u00f5es de caridade. Entretanto, sob nenhuma circunst\u00e2ncia a Equinix reembolsar\u00e1 contribui\u00e7\u00f5es individuais ou pessoais feitas pelos funcion\u00e1rios a institui\u00e7\u00f5es de caridade, escolas, organiza\u00e7\u00f5es sem fins lucrativos ou organiza\u00e7\u00f5es n\u00e3o governamentais (ONGs).<\/p>\n<p>Al\u00e9m disso, voc\u00ea nunca deve fazer pessoalmente um pagamento a uma institui\u00e7\u00e3o de caridade, escola, organiza\u00e7\u00e3o sem fins lucrativos ou ONG em nome da Equinix, incluindo o pagamento de ingressos para eventos, pois a Equinix n\u00e3o reembolsar\u00e1 tais despesas. Todas as exce\u00e7\u00f5es a estas diretrizes dever\u00e3o ser aprovada pelo controlador regional e\/ou pela equipe de responsabilidade social corporativa.[\/vc_column_text][\/vc_column][vc_column width=&#8221;1\/2&#8243; el_class=&#8221;purpose_values&#8221; css=&#8221;.vc_custom_1615789919910{padding-top: 35px !important;}&#8221;][vc_column_text]Para obter mais informa\u00e7\u00f5es sobre nossas diretrizes de doa\u00e7\u00f5es, consulte a Pol\u00edtica Global de Doa\u00e7\u00f5es ou entre em contato com a equipe de responsabilidade social corporativa.[\/vc_column_text][vc_empty_space height=&#8221;20px&#8221;]<a class=\"recom-read-link\" href=\"\/pt-br\/additional-resources\/#recommended_readings\" target=\"_self\"><div class=\"recommend_book\"><div class=\"recommend_icon\"><img decoding=\"async\" src=\"https:\/\/codeofbusinessconduct.equinix.com\/wp-content\/uploads\/2021\/03\/recommend_book.svg\" \/><\/div><div class=\"recommend_content\"><h4>LEITURA RECOMENDADA:<br>POL\u00cdTICA GLOBAL DE DOA\u00c7\u00d5ES DA EQUINIX<\/h4><\/div><\/div><\/a>[vc_empty_space height=&#8221;10px&#8221;][vc_column_text]<strong>Equipara\u00e7\u00e3o de doa\u00e7\u00f5es.<\/strong> A Equinix criou um programa de equipara\u00e7\u00e3o de doa\u00e7\u00f5es para respaldar os funcion\u00e1rios em suas a\u00e7\u00f5es filantr\u00f3picas, doa\u00e7\u00f5es de caridade e iniciativas de voluntariado pessoais. Quando voc\u00ea faz uma contribui\u00e7\u00e3o monet\u00e1ria ou trabalha como volunt\u00e1rio em seu tempo livre para uma organiza\u00e7\u00e3o eleg\u00edvel, a Equinix equipara essa contribui\u00e7\u00e3o em dinheiro ou tempo com uma contribui\u00e7\u00e3o monet\u00e1ria da Empresa.<\/p>\n<p>Informa\u00e7\u00f5es sobre a Pol\u00edtica e Programa de Equipara\u00e7\u00e3o de Doa\u00e7\u00f5es e seus requisitos, incluindo as condi\u00e7\u00f5es espec\u00edficas de elegibilidade para funcion\u00e1rios e organiza\u00e7\u00f5es, podem ser encontradas no Programa de Equipara\u00e7\u00e3o de Doa\u00e7\u00f5es da Equinix.[\/vc_column_text][vc_empty_space height=&#8221;15px&#8221;]<a class=\"recom-read-link\" href=\"\/pt-br\/additional-resources\/#recommended_readings\" target=\"_self\"><div class=\"recommend_book\"><div class=\"recommend_icon\"><img decoding=\"async\" src=\"https:\/\/codeofbusinessconduct.equinix.com\/wp-content\/uploads\/2021\/03\/recommend_book.svg\" \/><\/div><div class=\"recommend_content\"><h4>LEITURA RECOMENDADA:<br>PROGRAMA DE EQUIPARA\u00c7\u00c3O DE DOA\u00c7\u00d5ES DA EQUINIX<\/h4><\/div><\/div><\/a>[\/vc_column][\/vc_row][vc_row css_animation=&#8221;&#8221; row_type=&#8221;row&#8221; use_row_as_full_screen_section=&#8221;no&#8221; type=&#8221;full_width&#8221; angled_section=&#8221;no&#8221; text_align=&#8221;left&#8221; background_image_as_pattern=&#8221;without_pattern&#8221; z_index=&#8221;&#8221; padding_top=&#8221;20&#8243; padding_bottom=&#8221;30&#8243;][vc_column][vc_single_image image=&#8221;604&#8243; img_size=&#8221;full&#8221; alignment=&#8221;center&#8221; qode_css_animation=&#8221;&#8221; el_class=&#8221;w-100&#8243;][\/vc_column][\/vc_row][vc_row css_animation=&#8221;&#8221; row_type=&#8221;row&#8221; use_row_as_full_screen_section=&#8221;no&#8221; type=&#8221;full_width&#8221; angled_section=&#8221;no&#8221; text_align=&#8221;left&#8221; background_image_as_pattern=&#8221;without_pattern&#8221; z_index=&#8221;&#8221; padding_bottom=&#8221;160&#8243; el_class=&#8221;purpose_values political_space&#8221; anchor=&#8221;Political_activities_and_contributions&#8221;][vc_column width=&#8221;2\/3&#8243;][vc_column_text]<\/p>\n<h4 id=\"The_environment\">ATIVIDADES E CONTRIBUI\u00c7\u00d5ES POL\u00cdTICAS<\/h4>\n<p>N\u00f3s encorajamos a manuten\u00e7\u00e3o de boas rela\u00e7\u00f5es com as comunidades onde operamos. Voc\u00ea pode participar de atividades locais que tratem das necessidades das comunidades onde voc\u00ea mora e trabalha. Como cidad\u00e3o, voc\u00ea tamb\u00e9m pode respaldar o processo pol\u00edtico local por meio de contribui\u00e7\u00f5es pessoais ou atrav\u00e9s do trabalho volunt\u00e1rio durante seu tempo livre pessoal. No entanto, essas atividades n\u00e3o dever\u00e3o ser conduzidas durante o hor\u00e1rio de trabalho, nem envolver o uso de recursos da Empresa. Voc\u00ea n\u00e3o pode fazer ou se comprometer a fazer contribui\u00e7\u00f5es pol\u00edticas em nome da Equinix.<\/p>\n<p>Certifique-se de que seu envolvimento em atividades pol\u00edticas atenda \u00e0s leis norte-americanas e locais aplic\u00e1veis, e n\u00e3o seja proibido por outras pol\u00edticas da Equinix.[\/vc_column_text][vc_row_inner row_type=&#8221;row&#8221; type=&#8221;full_width&#8221; text_align=&#8221;left&#8221; css_animation=&#8221;&#8221; anchor=&#8221;The_environment&#8221;][vc_column_inner][vc_empty_space height=&#8221;25px&#8221;][vc_column_text]<\/p>\n<h4>O MEIO AMBIENTE<\/h4>\n<p>Na Equinix, buscamos ser bons gestores do meio ambiente e dos recursos que consumimos, tendo como meta a minimiza\u00e7\u00e3o de nossa pegada de carbono. Para fazer isso, concentramo-nos em:<\/p>\n<ul>\n<li>Projetar, desenvolver e operar com efici\u00eancia, com o objetivo de reduzir nosso consumo de todos os recursos, incluindo eletricidade, \u00e1gua, g\u00e1s natural, \u00f3leo diesel e refrigerantes.<\/li>\n<li>Desempenhar um papel ativo na \u201cecologiza\u00e7\u00e3o\u201d de nossos neg\u00f3cios e manter uma posi\u00e7\u00e3o de lideran\u00e7a na avalia\u00e7\u00e3o e implanta\u00e7\u00e3o de solu\u00e7\u00f5es inovadoras.<\/li>\n<li>Praticar o automonitoramento, utilizando as melhores pr\u00e1ticas do setor, indicadores-chave de desempenho (KPIs) espec\u00edficos da Equinix e metas publicamente definidas, reportando nosso progresso de maneira transparente.<\/li>\n<\/ul>\n<p>[\/vc_column_text][\/vc_column_inner][\/vc_row_inner][vc_empty_space height=&#8221;25px&#8221;]<a class=\"recom-read-link\" href=\"\/pt-br\/additional-resources\/#recommended_readings\" target=\"_self\"><div class=\"recommend_book\"><div class=\"recommend_icon\"><img decoding=\"async\" src=\"https:\/\/codeofbusinessconduct.equinix.com\/wp-content\/uploads\/2021\/03\/recommend_book.svg\" \/><\/div><div class=\"recommend_content\"><h4>LEITURA RECOMENDADA:<br>SUSTENTABILIDADE DA EQUINIX<\/h4><\/div><\/div><\/a>[\/vc_column][vc_column width=&#8221;1\/3&#8243;][\/vc_column][\/vc_row]<\/p>\n<\/section>","protected":false},"excerpt":{"rendered":"<p>[vc_row css_animation=&#8221;&#8221; row_type=&#8221;row&#8221; use_row_as_full_screen_section=&#8221;no&#8221; type=&#8221;full_width&#8221; angled_section=&#8221;no&#8221; text_align=&#8221;left&#8221; background_image_as_pattern=&#8221;without_pattern&#8221;][vc_column][vc_single_image image=&#8221;4115&#8243; img_size=&#8221;full&#8221; qode_css_animation=&#8221;&#8221;][vc_empty_space height=&#8221;8px&#8221;][vc_column_text] NOSSA COMUNIDADE Como fazer uma diferen\u00e7a positiva em nossas comunidades e em todo o mundo [\/vc_column_text][\/vc_column][\/vc_row][vc_row css_animation=&#8221;&#8221; row_type=&#8221;row&#8221; use_row_as_full_screen_section=&#8221;no&#8221; type=&#8221;full_width&#8221; angled_section=&#8221;no&#8221; text_align=&#8221;left&#8221; background_image_as_pattern=&#8221;without_pattern&#8221; z_index=&#8221;&#8221; padding_top=&#8221;34&#8243; padding_bottom=&#8221;20&#8243; anchor=&#8221;Human_rights&#8221;][vc_column width=&#8221;1\/3&#8243; css=&#8221;.vc_custom_1616046555280{padding-bottom: 20px !important;}&#8221;][vc_column_text] DIREITOS HUMANOS&#8230;<\/p>\n","protected":false},"author":1,"featured_media":0,"parent":0,"menu_order":0,"comment_status":"closed","ping_status":"closed","template":"","meta":{"inline_featured_image":false,"footnotes":""},"class_list":["post-595","page","type-page","status-publish","hentry"],"yoast_head":"<!-- This site is optimized with the Yoast SEO plugin v25.8 - https:\/\/yoast.com\/wordpress\/plugins\/seo\/ -->\n<title>NOSSA COMUNIDADE - Equinix Code of Business Conduct<\/title>\n<meta name=\"robots\" content=\"index, follow, max-snippet:-1, max-image-preview:large, max-video-preview:-1\" \/>\n<link rel=\"canonical\" href=\"https:\/\/169.254.129.2\/our-community\/\" \/>\n<meta property=\"og:locale\" content=\"pt_BR\" \/>\n<meta property=\"og:type\" content=\"article\" \/>\n<meta property=\"og:title\" content=\"NOSSA COMUNIDADE - Equinix Code of Business Conduct\" \/>\n<meta property=\"og:description\" content=\"[vc_row css_animation=&#8221;&#8221; row_type=&#8221;row&#8221; use_row_as_full_screen_section=&#8221;no&#8221; type=&#8221;full_width&#8221; angled_section=&#8221;no&#8221; text_align=&#8221;left&#8221; background_image_as_pattern=&#8221;without_pattern&#8221;][vc_column][vc_single_image image=&#8221;4115&#8243; img_size=&#8221;full&#8221; qode_css_animation=&#8221;&#8221;][vc_empty_space height=&#8221;8px&#8221;][vc_column_text] NOSSA COMUNIDADE Como fazer uma diferen\u00e7a positiva em nossas comunidades e em todo o mundo [\/vc_column_text][\/vc_column][\/vc_row][vc_row css_animation=&#8221;&#8221; row_type=&#8221;row&#8221; use_row_as_full_screen_section=&#8221;no&#8221; type=&#8221;full_width&#8221; angled_section=&#8221;no&#8221; text_align=&#8221;left&#8221; background_image_as_pattern=&#8221;without_pattern&#8221; z_index=&#8221;&#8221; padding_top=&#8221;34&#8243; padding_bottom=&#8221;20&#8243; anchor=&#8221;Human_rights&#8221;][vc_column width=&#8221;1\/3&#8243; css=&#8221;.vc_custom_1616046555280{padding-bottom: 20px !important;}&#8221;][vc_column_text] DIREITOS HUMANOS...\" \/>\n<meta property=\"og:url\" content=\"https:\/\/169.254.129.2\/our-community\/\" \/>\n<meta property=\"og:site_name\" content=\"Equinix Code of Business Conduct\" \/>\n<meta property=\"article:modified_time\" content=\"2025-12-15T07:04:13+00:00\" \/>\n<meta name=\"twitter:card\" content=\"summary_large_image\" \/>\n<meta name=\"twitter:label1\" content=\"Est. tempo de leitura\" \/>\n\t<meta name=\"twitter:data1\" content=\"4 minutos\" \/>\n<script type=\"application\/ld+json\" class=\"yoast-schema-graph\">{\"@context\":\"https:\/\/schema.org\",\"@graph\":[{\"@type\":\"WebPage\",\"@id\":\"https:\/\/169.254.129.2\/our-community\/\",\"url\":\"https:\/\/169.254.129.2\/our-community\/\",\"name\":\"NOSSA COMUNIDADE - Equinix Code of Business Conduct\",\"isPartOf\":{\"@id\":\"https:\/\/cobc-prod.azurewebsites.net\/#website\"},\"datePublished\":\"2021-03-10T06:21:42+00:00\",\"dateModified\":\"2025-12-15T07:04:13+00:00\",\"breadcrumb\":{\"@id\":\"https:\/\/169.254.129.2\/our-community\/#breadcrumb\"},\"inLanguage\":\"pt-BR\",\"potentialAction\":[{\"@type\":\"ReadAction\",\"target\":[\"https:\/\/169.254.129.2\/our-community\/\"]}]},{\"@type\":\"BreadcrumbList\",\"@id\":\"https:\/\/169.254.129.2\/our-community\/#breadcrumb\",\"itemListElement\":[{\"@type\":\"ListItem\",\"position\":1,\"name\":\"Home\",\"item\":\"https:\/\/169.254.129.2\/\"},{\"@type\":\"ListItem\",\"position\":2,\"name\":\"NOSSA COMUNIDADE\"}]},{\"@type\":\"WebSite\",\"@id\":\"https:\/\/cobc-prod.azurewebsites.net\/#website\",\"url\":\"https:\/\/cobc-prod.azurewebsites.net\/\",\"name\":\"Equinix Code of Business Conduct\",\"description\":\"\",\"potentialAction\":[{\"@type\":\"SearchAction\",\"target\":{\"@type\":\"EntryPoint\",\"urlTemplate\":\"https:\/\/cobc-prod.azurewebsites.net\/?s={search_term_string}\"},\"query-input\":{\"@type\":\"PropertyValueSpecification\",\"valueRequired\":true,\"valueName\":\"search_term_string\"}}],\"inLanguage\":\"pt-BR\"}]}<\/script>\n<!-- \/ Yoast SEO plugin. -->","yoast_head_json":{"title":"NOSSA COMUNIDADE - Equinix Code of Business Conduct","robots":{"index":"index","follow":"follow","max-snippet":"max-snippet:-1","max-image-preview":"max-image-preview:large","max-video-preview":"max-video-preview:-1"},"canonical":"https:\/\/169.254.129.2\/our-community\/","og_locale":"pt_BR","og_type":"article","og_title":"NOSSA COMUNIDADE - Equinix Code of Business Conduct","og_description":"[vc_row css_animation=&#8221;&#8221; row_type=&#8221;row&#8221; use_row_as_full_screen_section=&#8221;no&#8221; type=&#8221;full_width&#8221; angled_section=&#8221;no&#8221; text_align=&#8221;left&#8221; background_image_as_pattern=&#8221;without_pattern&#8221;][vc_column][vc_single_image image=&#8221;4115&#8243; img_size=&#8221;full&#8221; qode_css_animation=&#8221;&#8221;][vc_empty_space height=&#8221;8px&#8221;][vc_column_text] NOSSA COMUNIDADE Como fazer uma diferen\u00e7a positiva em nossas comunidades e em todo o mundo [\/vc_column_text][\/vc_column][\/vc_row][vc_row css_animation=&#8221;&#8221; row_type=&#8221;row&#8221; use_row_as_full_screen_section=&#8221;no&#8221; type=&#8221;full_width&#8221; angled_section=&#8221;no&#8221; text_align=&#8221;left&#8221; background_image_as_pattern=&#8221;without_pattern&#8221; z_index=&#8221;&#8221; padding_top=&#8221;34&#8243; padding_bottom=&#8221;20&#8243; anchor=&#8221;Human_rights&#8221;][vc_column width=&#8221;1\/3&#8243; css=&#8221;.vc_custom_1616046555280{padding-bottom: 20px !important;}&#8221;][vc_column_text] DIREITOS HUMANOS...","og_url":"https:\/\/169.254.129.2\/our-community\/","og_site_name":"Equinix Code of Business Conduct","article_modified_time":"2025-12-15T07:04:13+00:00","twitter_card":"summary_large_image","twitter_misc":{"Est. tempo de leitura":"4 minutos"},"schema":{"@context":"https:\/\/schema.org","@graph":[{"@type":"WebPage","@id":"https:\/\/169.254.129.2\/our-community\/","url":"https:\/\/169.254.129.2\/our-community\/","name":"NOSSA COMUNIDADE - Equinix Code of Business Conduct","isPartOf":{"@id":"https:\/\/cobc-prod.azurewebsites.net\/#website"},"datePublished":"2021-03-10T06:21:42+00:00","dateModified":"2025-12-15T07:04:13+00:00","breadcrumb":{"@id":"https:\/\/169.254.129.2\/our-community\/#breadcrumb"},"inLanguage":"pt-BR","potentialAction":[{"@type":"ReadAction","target":["https:\/\/169.254.129.2\/our-community\/"]}]},{"@type":"BreadcrumbList","@id":"https:\/\/169.254.129.2\/our-community\/#breadcrumb","itemListElement":[{"@type":"ListItem","position":1,"name":"Home","item":"https:\/\/169.254.129.2\/"},{"@type":"ListItem","position":2,"name":"NOSSA COMUNIDADE"}]},{"@type":"WebSite","@id":"https:\/\/cobc-prod.azurewebsites.net\/#website","url":"https:\/\/cobc-prod.azurewebsites.net\/","name":"Equinix Code of Business Conduct","description":"","potentialAction":[{"@type":"SearchAction","target":{"@type":"EntryPoint","urlTemplate":"https:\/\/cobc-prod.azurewebsites.net\/?s={search_term_string}"},"query-input":{"@type":"PropertyValueSpecification","valueRequired":true,"valueName":"search_term_string"}}],"inLanguage":"pt-BR"}]}},"_links":{"self":[{"href":"https:\/\/codeofbusinessconduct.equinix.com\/pt-br\/wp-json\/wp\/v2\/pages\/595","targetHints":{"allow":["GET"]}}],"collection":[{"href":"https:\/\/codeofbusinessconduct.equinix.com\/pt-br\/wp-json\/wp\/v2\/pages"}],"about":[{"href":"https:\/\/codeofbusinessconduct.equinix.com\/pt-br\/wp-json\/wp\/v2\/types\/page"}],"author":[{"embeddable":true,"href":"https:\/\/codeofbusinessconduct.equinix.com\/pt-br\/wp-json\/wp\/v2\/users\/1"}],"replies":[{"embeddable":true,"href":"https:\/\/codeofbusinessconduct.equinix.com\/pt-br\/wp-json\/wp\/v2\/comments?post=595"}],"version-history":[{"count":11,"href":"https:\/\/codeofbusinessconduct.equinix.com\/pt-br\/wp-json\/wp\/v2\/pages\/595\/revisions"}],"predecessor-version":[{"id":5258,"href":"https:\/\/codeofbusinessconduct.equinix.com\/pt-br\/wp-json\/wp\/v2\/pages\/595\/revisions\/5258"}],"wp:attachment":[{"href":"https:\/\/codeofbusinessconduct.equinix.com\/pt-br\/wp-json\/wp\/v2\/media?parent=595"}],"curies":[{"name":"wp","href":"https:\/\/api.w.org\/{rel}","templated":true}]}}