{"id":575,"date":"2021-03-10T06:21:26","date_gmt":"2021-03-10T06:21:26","guid":{"rendered":"https:\/\/codeofbusinessconduct.equinix.com\/our-commitment-to-the-law\/"},"modified":"2025-12-15T07:10:45","modified_gmt":"2025-12-15T07:10:45","slug":"our-commitment-to-the-law","status":"publish","type":"page","link":"https:\/\/codeofbusinessconduct.equinix.com\/pt-br\/our-commitment-to-the-law\/","title":{"rendered":"NOSSO COMPROMISSO COM A LEI"},"content":{"rendered":"<section class=\"wpb-content-wrapper\"><p>[vc_row css_animation=&#8221;&#8221; row_type=&#8221;row&#8221; use_row_as_full_screen_section=&#8221;no&#8221; type=&#8221;full_width&#8221; angled_section=&#8221;no&#8221; text_align=&#8221;left&#8221; background_image_as_pattern=&#8221;without_pattern&#8221;][vc_column][vc_single_image image=&#8221;4096&#8243; img_size=&#8221;full&#8221; qode_css_animation=&#8221;&#8221;][vc_empty_space height=&#8221;8px&#8221;][vc_column_text]<\/p>\n<h3>NOSSO COMPROMISSO COM A LEI<\/h3>\n<div class=\"lead\">Compreens\u00e3o e cumprimento de pr\u00e1ticas comerciais l\u00edcitas<\/div>\n<p>[\/vc_column_text][\/vc_column][\/vc_row][vc_row css_animation=&#8221;&#8221; row_type=&#8221;row&#8221; use_row_as_full_screen_section=&#8221;no&#8221; type=&#8221;full_width&#8221; angled_section=&#8221;no&#8221; text_align=&#8221;left&#8221; background_image_as_pattern=&#8221;without_pattern&#8221; z_index=&#8221;&#8221; padding_top=&#8221;32&#8243; padding_bottom=&#8221;40&#8243;][vc_column][vc_single_image image=&#8221;576&#8243; img_size=&#8221;full&#8221; alignment=&#8221;center&#8221; qode_css_animation=&#8221;&#8221; el_class=&#8221;w-100&#8243;][\/vc_column][\/vc_row][vc_row css_animation=&#8221;&#8221; row_type=&#8221;row&#8221; use_row_as_full_screen_section=&#8221;no&#8221; type=&#8221;full_width&#8221; angled_section=&#8221;no&#8221; text_align=&#8221;left&#8221; background_image_as_pattern=&#8221;without_pattern&#8221; z_index=&#8221;&#8221; anchor=&#8221;Competition_and_fair_dealing&#8221;][vc_column width=&#8221;2\/3&#8243; el_class=&#8221;purpose_values&#8221; css=&#8221;.vc_custom_1615545389684{padding-bottom: 30px !important;}&#8221;][vc_column_text css=&#8221;.vc_custom_1648109884525{margin-bottom: 20px !important;}&#8221;]Ser uma Empresa \u00e9tica e honesta tamb\u00e9m significa seguir a lei. Como uma Empresa global, devemos cumprir com as leis em todos os locais onde fazemos neg\u00f3cios. Por sua vez, como funcion\u00e1rios da Equinix, somos respons\u00e1veis por compreender e cumprir com todas as leis e regulamentos que afetam nosso trabalho.<\/p>\n<h4>CONCORR\u00caNCIA E NEGOCIA\u00c7\u00d5ES JUSTAS<\/h4>\n<p>Na Equinix, n\u00f3s valorizamos um mercado de trabalho livre e aberto, e buscamos superar nossa concorr\u00eancia de maneira justa e honesta. N\u00e3o procuramos obter informa\u00e7\u00f5es exclusivas de outros, possuir informa\u00e7\u00f5es de segredos comerciais que tenham sido adquiridas sem o consentimento de seus propriet\u00e1rios, nem pedir a funcion\u00e1rios antigos ou atuais de outras empresas que compartilhem informa\u00e7\u00f5es exclusivas dessas empresas conosco.<\/p>\n<p>Temos o compromisso de negociar de maneira justa e honesta com todos os nossos fornecedores, a despeito de onde estejam localizados ou do tipo de produtos ou servi\u00e7os que forne\u00e7am. Os processos de compras que praticamos s\u00e3o claros e justos, com fornecedores selecionados de acordo com crit\u00e9rios de concorr\u00eancia, e relacionamentos mutuamente favor\u00e1veis estabelecidos com base na coopera\u00e7\u00e3o pr\u00f3xima e em comunica\u00e7\u00f5es abertas.[\/vc_column_text][vc_row_inner row_type=&#8221;row&#8221; type=&#8221;full_width&#8221; text_align=&#8221;left&#8221; css_animation=&#8221;&#8221; anchor=&#8221;Daily_privacy&#8221;][vc_column_inner][vc_column_text]<\/p>\n<h4>PRIVACIDADE DE DADOS<\/h4>\n<p>As leis e regulamenta\u00e7\u00f5es de privacidade de dados podem ser complexas, e variam de pa\u00eds para pa\u00eds. Na Equinix, respeitamos a confidencialidade das informa\u00e7\u00f5es pessoais de nossos funcion\u00e1rios, trabalhamos para manter essas informa\u00e7\u00f5es privadas, e as usamos apenas de forma condizente e apropriada aos prop\u00f3sitos de seu v\u00ednculo empregat\u00edcio com a Equinix. Espera-se que voc\u00ea siga todas as pol\u00edticas da Empresa sobre o tratamento e reten\u00e7\u00e3o dessas informa\u00e7\u00f5es pessoais. Se voc\u00ea tiver d\u00favidas sobre privacidade de dados, deve entrar em contato com o respons\u00e1vel local de privacidade.[\/vc_column_text][\/vc_column_inner][\/vc_row_inner][\/vc_column][vc_column width=&#8221;1\/3&#8243; css=&#8221;.vc_custom_1615545397340{padding-bottom: 30px !important;}&#8221;][vc_column_text]<\/p>\n<h4 class=\"exclaimation\">Lembre-se:<\/h4>\n<div class=\"lead\">Respeite e proteja sempre as informa\u00e7\u00f5es confidenciais ou exclusivas que nossos fornecedores compartilharem com voc\u00ea, e deixe claro que esperamos deles que tenham o mesmo cuidado com as nossas informa\u00e7\u00f5es.<\/div>\n<p>[\/vc_column_text][\/vc_column][\/vc_row][vc_row css_animation=&#8221;&#8221; row_type=&#8221;row&#8221; use_row_as_full_screen_section=&#8221;no&#8221; type=&#8221;full_width&#8221; angled_section=&#8221;no&#8221; text_align=&#8221;left&#8221; background_image_as_pattern=&#8221;without_pattern&#8221; z_index=&#8221;&#8221; anchor=&#8221;Anti-bribery_and_corruption&#8221;][vc_column width=&#8221;1\/2&#8243; el_class=&#8221;purpose_values&#8221; css=&#8221;.vc_custom_1616046403361{padding-bottom: 20px !important;}&#8221;][vc_column_text]<\/p>\n<h4>ANTISSUBORNO E ANTICORRUP\u00c7\u00c3O<\/h4>\n<p>Na Equinix, nossas pr\u00e1ticas de neg\u00f3cios baseiam-se na honestidade e integridade. N\u00e3o oferecemos ou fazemos pagamentos de propinas, subornos ou outros valores indevidos por nenhum motivo.<\/p>\n<p>Como uma Empresa global, devemos cumprir as leis antissuborno e anticorrup\u00e7\u00e3o dos pa\u00edses onde conduzimos neg\u00f3cios, incluindo a lei norte-americana sobre pr\u00e1ticas de corrup\u00e7\u00e3o no exterior (Foreign Corrupt Practices Act, FCPA) e a lei antissuborno (Bribery Act) do Reino Unido. Essas leis pro\u00edbem rigorosamente o suborno e a corrup\u00e7\u00e3o, especialmente quando h\u00e1 funcion\u00e1rios governamentais envolvidos. Nenhum funcion\u00e1rio, executivo ou agente da Equinix, ou ainda qualquer parte contratada independente que esteja agindo em nosso nome, pode oferecer ou dar qualquer coisa de valor a ningu\u00e9m com a finalidade de obter neg\u00f3cios ou vantagens indevidas. As viola\u00e7\u00f5es podem sujeitar voc\u00ea e a Equinix a penalidades graves e causar danos \u00e0 nossa reputa\u00e7\u00e3o.<\/p>\n<p>As leis norte-americanas que pro\u00edbem subornos s\u00e3o bastante amplas, o que significa que muitos tipos de presentes ou itens de entretenimento oferecidos a funcion\u00e1rios governamentais podem ser considerados impr\u00f3prios. Por essa raz\u00e3o, nossos funcion\u00e1rios n\u00e3o devem dar, oferecer, prometer ou autorizar nenhum pagamento, benef\u00edcio, presente em dinheiro ou qualquer outra coisa de valor a um funcion\u00e1rio governamental ou p\u00fablico, exceto sob as circunst\u00e2ncias muito limitadas indicadas a seguir. Essa regra se aplica a despeito de voc\u00ea dar o presente ou outro benef\u00edcio pessoalmente ou atrav\u00e9s de um terceiro, tal como um distribuidor ou contratado independente.<\/p>\n<p>Ela tamb\u00e9m se aplica independentemente de voc\u00ea estar tentando obter um neg\u00f3cio ou conseguir uma vantagem sobre outros (tal como um tratamento especial ou preferencial n\u00e3o oferecido a concorrentes). Qualquer presente ou item de entretenimento oferecido a um funcion\u00e1rio governamental ou p\u00fablico deve atender aos seguintes crit\u00e9rios espec\u00edficos:[\/vc_column_text][\/vc_column][vc_column width=&#8221;1\/2&#8243; el_class=&#8221;purpose_values&#8221; css=&#8221;.vc_custom_1615545765099{padding-bottom: 20px !important;}&#8221;][vc_single_image image=&#8221;587&#8243; img_size=&#8221;full&#8221; alignment=&#8221;center&#8221; qode_css_animation=&#8221;&#8221; el_class=&#8221;w-100&#8243;][vc_empty_space height=&#8221;65px&#8221;][vc_column_text]<\/p>\n<ul>\n<li>Qualquer item de entretenimento deve ser adequado, de boa-f\u00e9 e diretamente relacionado \u00e0 promo\u00e7\u00e3o, demonstra\u00e7\u00e3o ou explica\u00e7\u00e3o de produtos ou servi\u00e7os, ou ainda vinculado \u00e0 execu\u00e7\u00e3o de um contrato entre a Equinix e uma entidade governamental ou p\u00fablica.<\/li>\n<li>Todos os presentes e itens de entretenimento devem atender a todas as pol\u00edticas da Equinix, incluindo a Pol\u00edtica de Viagens e Despesas.<\/li>\n<li>Nenhum presente ou item de entretenimento deve ser oferecido a um funcion\u00e1rio governamental com o objetivo de obter uma vantagem de neg\u00f3cios indevida.<\/li>\n<\/ul>\n<p>[\/vc_column_text][\/vc_column][\/vc_row][vc_row css_animation=&#8221;&#8221; row_type=&#8221;row&#8221; use_row_as_full_screen_section=&#8221;no&#8221; type=&#8221;full_width&#8221; angled_section=&#8221;no&#8221; text_align=&#8221;left&#8221; background_image_as_pattern=&#8221;without_pattern&#8221; z_index=&#8221;&#8221;][vc_column width=&#8221;1\/2&#8243; css=&#8221;.vc_custom_1615545826324{padding-bottom: 26px !important;}&#8221;][vc_single_image image=&#8221;588&#8243; img_size=&#8221;full&#8221; alignment=&#8221;center&#8221; qode_css_animation=&#8221;&#8221; el_class=&#8221;w-100&#8243;][\/vc_column][vc_column width=&#8221;1\/2&#8243; el_class=&#8221;purpose_values&#8221; css=&#8221;.vc_custom_1615545831124{padding-bottom: 26px !important;}&#8221;][vc_column_text]Voc\u00ea deve se assegurar de que todo presente oferecido em associa\u00e7\u00e3o ao seu trabalho seja claro, devidamente lan\u00e7ado em nossos registros corporativos, e permitido por nossas pol\u00edticas. Quando reportar o presente, voc\u00ea deve informar a finalidade dele e a pessoa a quem foi dado. Se o presente se destinar a um funcion\u00e1rio governamental, voc\u00ea dever\u00e1 obter aprova\u00e7\u00e3o antecipada do escrit\u00f3rio de conformidade.<\/p>\n<p>Se voc\u00ea tiver d\u00favidas ou precisar de orienta\u00e7\u00e3o neste assunto, entre em contato com a diretora de conformidade da Equinix. Se voc\u00ea ficar ciente sobre uma viola\u00e7\u00e3o suspeita ou real desta pol\u00edtica, tem a responsabilidade de comunic\u00e1-la imediatamente.[\/vc_column_text][\/vc_column][\/vc_row][vc_row css_animation=&#8221;&#8221; row_type=&#8221;row&#8221; use_row_as_full_screen_section=&#8221;no&#8221; type=&#8221;full_width&#8221; angled_section=&#8221;no&#8221; text_align=&#8221;left&#8221; background_image_as_pattern=&#8221;without_pattern&#8221; z_index=&#8221;&#8221; anchor=&#8221;Intellectual_property&#8221;][vc_column width=&#8221;2\/3&#8243; el_class=&#8221;purpose_values&#8221;][vc_column_text]<\/p>\n<h4>PROPRIEDADE INTELECTUAL<\/h4>\n<p>O termo &#8220;propriedade intelectual&#8221; inclui direitos autorais, patentes, marcas comerciais, segredos comerciais e outros bens intang\u00edveis. Aplicamos medidas ativas para proteger e fazer cumprir nossos pr\u00f3prios direitos de propriedade intelectual, e devemos usar medidas semelhantes para proteger a propriedade intelectual de terceiros. Quando compartilhamos nossa propriedade intelectual com terceiros, precisamos garantir que eles concordem em us\u00e1-la e proteg\u00ea-la de acordo com as pol\u00edticas da Equinix.<\/p>\n<p>Muitos dos materiais que usamos todos os dias s\u00e3o protegidos por leis de direitos autorais, incluindo softwares de computador, livros, manuais, recursos de \u00e1udio e v\u00eddeo, e publica\u00e7\u00f5es especializadas. Outros exemplos menos \u00f3bvios de obras protegidas por direitos autorais incluem slides de apresenta\u00e7\u00f5es, materiais de treinamento, modelos de gest\u00e3o e metodologias de resolu\u00e7\u00e3o de problemas. N\u00e3o devemos infringir conscientemente os direitos de propriedade intelectual de outros. A Equinix pro\u00edbe estritamente a reprodu\u00e7\u00e3o, distribui\u00e7\u00e3o ou altera\u00e7\u00e3o de qualquer material protegido por direitos autorais sem a permiss\u00e3o do propriet\u00e1rio ou de seu agente autorizado. Voc\u00ea tamb\u00e9m deve se certificar de jamais copiar ou usar ilegalmente softwares de computador licenciados da Empresa para uso pessoal ou comercial.[\/vc_column_text][\/vc_column][vc_column width=&#8221;1\/3&#8243;][\/vc_column][\/vc_row][vc_row css_animation=&#8221;&#8221; row_type=&#8221;row&#8221; use_row_as_full_screen_section=&#8221;no&#8221; type=&#8221;full_width&#8221; angled_section=&#8221;no&#8221; text_align=&#8221;left&#8221; background_image_as_pattern=&#8221;without_pattern&#8221; z_index=&#8221;&#8221; padding_top=&#8221;16&#8243; padding_bottom=&#8221;142&#8243; el_class=&#8221;inside_space&#8221; anchor=&#8221;Inside_information_and_securities_trading&#8221;][vc_column width=&#8221;2\/3&#8243; el_class=&#8221;purpose_values&#8221;][vc_column_text]<\/p>\n<h4>INFORMA\u00c7\u00d5ES PRIVILEGIADAS E NEGOCIA\u00c7\u00d5ES DE T\u00cdTULOS<\/h4>\n<p>Voc\u00ea n\u00e3o deve comprar ou vender a\u00e7\u00f5es da Equinix se possuir \u201cinforma\u00e7\u00f5es relevantes\u201d sobre a Empresa que n\u00e3o tenham sido divulgadas publicamente (tamb\u00e9m conhecidas como \u201cinforma\u00e7\u00f5es privilegiadas\u201d). Da mesma forma, se voc\u00ea tomar conhecimento sobre informa\u00e7\u00f5es privilegiadas acerca de outras empresas, tais como clientes ou fornecedores, n\u00e3o deve comprar ou vender t\u00edtulos dessas empresas. Se voc\u00ea compartilhar informa\u00e7\u00f5es privilegiadas ou fornecer \u201cdicas\u201d a terceiros que, por sua vez, fizerem transa\u00e7\u00f5es com base nessas informa\u00e7\u00f5es, poder\u00e1 ser responsabilizado por com\u00e9rcio ilegal. Voc\u00ea tamb\u00e9m poder\u00e1 ser responsabilizado por negocia\u00e7\u00f5es feitas por outra pessoa com base em informa\u00e7\u00f5es confidenciais que voc\u00ea tenha compartilhado com uma parte externa, incluindo membros de sua fam\u00edlia ou amigos. Se voc\u00ea compartilhar informa\u00e7\u00f5es privilegiadas e estas influenciarem um familiar ou amigo seu a comprar ou vender a\u00e7\u00f5es da Equinix, voc\u00ea poder\u00e1 ser responsabilizado criminalmente como um \u201ctipper\u201d (aquele que fornece informa\u00e7\u00f5es internas a terceiros) no \u00e2mbito das leis de valores mobili\u00e1rios federais.<\/p>\n<p>A Equinix considera impr\u00f3prio que funcion\u00e1rios ou pessoas associadas \u00e0 Empresa se envolvam em transa\u00e7\u00f5es de curto prazo ou especulativas de t\u00edtulos da Equinix, ou em outras transa\u00e7\u00f5es de t\u00edtulos da Equinix que possam levar a viola\u00e7\u00f5es inadvertidas das leis sobre o uso de informa\u00e7\u00f5es privilegiadas. Por isso, suas negocia\u00e7\u00f5es de t\u00edtulos da Equinix est\u00e3o sujeitas a diretrizes adicionais, conforme descrito em mais detalhes na Pol\u00edtica de Negocia\u00e7\u00e3o de T\u00edtulos da Equinix.<\/p>\n<p>Para se certificar de que est\u00e1 cumprindo as leis contra o uso de informa\u00e7\u00f5es privilegiadas, consulte a Pol\u00edtica de Negocia\u00e7\u00e3o de T\u00edtulos da Equinix. Em caso de d\u00favidas, entre em contato com o escrit\u00f3rio de conformidade.[\/vc_column_text][vc_empty_space height=&#8221;24px&#8221;]<a class=\"recom-read-link\" href=\"\/pt-br\/additional-resources\/#recommended_readings\" target=\"_self\"><div class=\"recommend_book\"><div class=\"recommend_icon\"><img decoding=\"async\" src=\"https:\/\/codeofbusinessconduct.equinix.com\/wp-content\/uploads\/2021\/03\/recommend_book.svg\" \/><\/div><div class=\"recommend_content\"><h4>LEITURA RECOMENDADA:<br>POL\u00cdTICA DE NEGOCIA\u00c7\u00c3O DE T\u00cdTULOS DA EQUINIX<\/h4><\/div><\/div><\/a>[\/vc_column][vc_column width=&#8221;1\/3&#8243; css=&#8221;.vc_custom_1615790628304{padding-top: 35px !important;}&#8221;][vc_column_text]<\/p>\n<h4 class=\"exclaimation\">Lembre-se:<\/h4>\n<div class=\"lead\">Informa\u00e7\u00f5es privilegiadas s\u00e3o informa\u00e7\u00f5es confidenciais que, se tornadas p\u00fablicas, influenciariam a decis\u00e3o de um investidos de comprar, vender ou deter a\u00e7\u00f5es da Equinix.<\/div>\n<p>[\/vc_column_text][\/vc_column][\/vc_row]<\/p>\n<\/section>","protected":false},"excerpt":{"rendered":"<p>[vc_row css_animation=&#8221;&#8221; row_type=&#8221;row&#8221; use_row_as_full_screen_section=&#8221;no&#8221; type=&#8221;full_width&#8221; angled_section=&#8221;no&#8221; text_align=&#8221;left&#8221; background_image_as_pattern=&#8221;without_pattern&#8221;][vc_column][vc_single_image image=&#8221;4096&#8243; img_size=&#8221;full&#8221; qode_css_animation=&#8221;&#8221;][vc_empty_space height=&#8221;8px&#8221;][vc_column_text] NOSSO COMPROMISSO COM A LEI Compreens\u00e3o e cumprimento de pr\u00e1ticas comerciais l\u00edcitas [\/vc_column_text][\/vc_column][\/vc_row][vc_row css_animation=&#8221;&#8221; row_type=&#8221;row&#8221; use_row_as_full_screen_section=&#8221;no&#8221; type=&#8221;full_width&#8221; angled_section=&#8221;no&#8221; text_align=&#8221;left&#8221; background_image_as_pattern=&#8221;without_pattern&#8221; z_index=&#8221;&#8221; padding_top=&#8221;32&#8243; padding_bottom=&#8221;40&#8243;][vc_column][vc_single_image image=&#8221;576&#8243; img_size=&#8221;full&#8221; alignment=&#8221;center&#8221; qode_css_animation=&#8221;&#8221; el_class=&#8221;w-100&#8243;][\/vc_column][\/vc_row][vc_row css_animation=&#8221;&#8221; row_type=&#8221;row&#8221; use_row_as_full_screen_section=&#8221;no&#8221; type=&#8221;full_width&#8221; angled_section=&#8221;no&#8221;&#8230;<\/p>\n","protected":false},"author":1,"featured_media":0,"parent":0,"menu_order":0,"comment_status":"closed","ping_status":"closed","template":"","meta":{"inline_featured_image":false,"footnotes":""},"class_list":["post-575","page","type-page","status-publish","hentry"],"yoast_head":"<!-- This site is optimized with the Yoast SEO plugin v25.8 - https:\/\/yoast.com\/wordpress\/plugins\/seo\/ -->\n<title>NOSSO COMPROMISSO COM A LEI - Equinix Code of Business Conduct<\/title>\n<meta name=\"robots\" content=\"index, follow, max-snippet:-1, max-image-preview:large, max-video-preview:-1\" \/>\n<link rel=\"canonical\" href=\"https:\/\/169.254.129.2\/our-commitment-to-the-law\/\" \/>\n<meta property=\"og:locale\" content=\"pt_BR\" \/>\n<meta property=\"og:type\" content=\"article\" \/>\n<meta property=\"og:title\" content=\"NOSSO COMPROMISSO COM A LEI - Equinix Code of Business Conduct\" \/>\n<meta property=\"og:description\" content=\"[vc_row css_animation=&#8221;&#8221; row_type=&#8221;row&#8221; use_row_as_full_screen_section=&#8221;no&#8221; type=&#8221;full_width&#8221; angled_section=&#8221;no&#8221; text_align=&#8221;left&#8221; background_image_as_pattern=&#8221;without_pattern&#8221;][vc_column][vc_single_image image=&#8221;4096&#8243; img_size=&#8221;full&#8221; qode_css_animation=&#8221;&#8221;][vc_empty_space height=&#8221;8px&#8221;][vc_column_text] NOSSO COMPROMISSO COM A LEI Compreens\u00e3o e cumprimento de pr\u00e1ticas comerciais l\u00edcitas [\/vc_column_text][\/vc_column][\/vc_row][vc_row css_animation=&#8221;&#8221; row_type=&#8221;row&#8221; use_row_as_full_screen_section=&#8221;no&#8221; type=&#8221;full_width&#8221; angled_section=&#8221;no&#8221; text_align=&#8221;left&#8221; background_image_as_pattern=&#8221;without_pattern&#8221; z_index=&#8221;&#8221; padding_top=&#8221;32&#8243; padding_bottom=&#8221;40&#8243;][vc_column][vc_single_image image=&#8221;576&#8243; img_size=&#8221;full&#8221; alignment=&#8221;center&#8221; qode_css_animation=&#8221;&#8221; el_class=&#8221;w-100&#8243;][\/vc_column][\/vc_row][vc_row css_animation=&#8221;&#8221; row_type=&#8221;row&#8221; use_row_as_full_screen_section=&#8221;no&#8221; type=&#8221;full_width&#8221; angled_section=&#8221;no&#8221;...\" \/>\n<meta property=\"og:url\" content=\"https:\/\/169.254.129.2\/our-commitment-to-the-law\/\" \/>\n<meta property=\"og:site_name\" content=\"Equinix Code of Business Conduct\" \/>\n<meta property=\"article:modified_time\" content=\"2025-12-15T07:10:45+00:00\" \/>\n<meta name=\"twitter:card\" content=\"summary_large_image\" \/>\n<meta name=\"twitter:label1\" content=\"Est. tempo de leitura\" \/>\n\t<meta name=\"twitter:data1\" content=\"7 minutos\" \/>\n<script type=\"application\/ld+json\" class=\"yoast-schema-graph\">{\"@context\":\"https:\/\/schema.org\",\"@graph\":[{\"@type\":\"WebPage\",\"@id\":\"https:\/\/169.254.129.2\/our-commitment-to-the-law\/\",\"url\":\"https:\/\/169.254.129.2\/our-commitment-to-the-law\/\",\"name\":\"NOSSO COMPROMISSO COM A LEI - Equinix Code of Business Conduct\",\"isPartOf\":{\"@id\":\"https:\/\/cobc-prod.azurewebsites.net\/#website\"},\"datePublished\":\"2021-03-10T06:21:26+00:00\",\"dateModified\":\"2025-12-15T07:10:45+00:00\",\"breadcrumb\":{\"@id\":\"https:\/\/169.254.129.2\/our-commitment-to-the-law\/#breadcrumb\"},\"inLanguage\":\"pt-BR\",\"potentialAction\":[{\"@type\":\"ReadAction\",\"target\":[\"https:\/\/169.254.129.2\/our-commitment-to-the-law\/\"]}]},{\"@type\":\"BreadcrumbList\",\"@id\":\"https:\/\/169.254.129.2\/our-commitment-to-the-law\/#breadcrumb\",\"itemListElement\":[{\"@type\":\"ListItem\",\"position\":1,\"name\":\"Home\",\"item\":\"https:\/\/169.254.129.2\/\"},{\"@type\":\"ListItem\",\"position\":2,\"name\":\"NOSSO COMPROMISSO COM A LEI\"}]},{\"@type\":\"WebSite\",\"@id\":\"https:\/\/cobc-prod.azurewebsites.net\/#website\",\"url\":\"https:\/\/cobc-prod.azurewebsites.net\/\",\"name\":\"Equinix Code of Business Conduct\",\"description\":\"\",\"potentialAction\":[{\"@type\":\"SearchAction\",\"target\":{\"@type\":\"EntryPoint\",\"urlTemplate\":\"https:\/\/cobc-prod.azurewebsites.net\/?s={search_term_string}\"},\"query-input\":{\"@type\":\"PropertyValueSpecification\",\"valueRequired\":true,\"valueName\":\"search_term_string\"}}],\"inLanguage\":\"pt-BR\"}]}<\/script>\n<!-- \/ Yoast SEO plugin. -->","yoast_head_json":{"title":"NOSSO COMPROMISSO COM A LEI - Equinix Code of Business Conduct","robots":{"index":"index","follow":"follow","max-snippet":"max-snippet:-1","max-image-preview":"max-image-preview:large","max-video-preview":"max-video-preview:-1"},"canonical":"https:\/\/169.254.129.2\/our-commitment-to-the-law\/","og_locale":"pt_BR","og_type":"article","og_title":"NOSSO COMPROMISSO COM A LEI - Equinix Code of Business Conduct","og_description":"[vc_row css_animation=&#8221;&#8221; row_type=&#8221;row&#8221; use_row_as_full_screen_section=&#8221;no&#8221; type=&#8221;full_width&#8221; angled_section=&#8221;no&#8221; text_align=&#8221;left&#8221; background_image_as_pattern=&#8221;without_pattern&#8221;][vc_column][vc_single_image image=&#8221;4096&#8243; img_size=&#8221;full&#8221; qode_css_animation=&#8221;&#8221;][vc_empty_space height=&#8221;8px&#8221;][vc_column_text] NOSSO COMPROMISSO COM A LEI Compreens\u00e3o e cumprimento de pr\u00e1ticas comerciais l\u00edcitas [\/vc_column_text][\/vc_column][\/vc_row][vc_row css_animation=&#8221;&#8221; row_type=&#8221;row&#8221; use_row_as_full_screen_section=&#8221;no&#8221; type=&#8221;full_width&#8221; angled_section=&#8221;no&#8221; text_align=&#8221;left&#8221; background_image_as_pattern=&#8221;without_pattern&#8221; z_index=&#8221;&#8221; padding_top=&#8221;32&#8243; padding_bottom=&#8221;40&#8243;][vc_column][vc_single_image image=&#8221;576&#8243; img_size=&#8221;full&#8221; alignment=&#8221;center&#8221; qode_css_animation=&#8221;&#8221; el_class=&#8221;w-100&#8243;][\/vc_column][\/vc_row][vc_row css_animation=&#8221;&#8221; row_type=&#8221;row&#8221; use_row_as_full_screen_section=&#8221;no&#8221; type=&#8221;full_width&#8221; angled_section=&#8221;no&#8221;...","og_url":"https:\/\/169.254.129.2\/our-commitment-to-the-law\/","og_site_name":"Equinix Code of Business Conduct","article_modified_time":"2025-12-15T07:10:45+00:00","twitter_card":"summary_large_image","twitter_misc":{"Est. tempo de leitura":"7 minutos"},"schema":{"@context":"https:\/\/schema.org","@graph":[{"@type":"WebPage","@id":"https:\/\/169.254.129.2\/our-commitment-to-the-law\/","url":"https:\/\/169.254.129.2\/our-commitment-to-the-law\/","name":"NOSSO COMPROMISSO COM A LEI - Equinix Code of Business Conduct","isPartOf":{"@id":"https:\/\/cobc-prod.azurewebsites.net\/#website"},"datePublished":"2021-03-10T06:21:26+00:00","dateModified":"2025-12-15T07:10:45+00:00","breadcrumb":{"@id":"https:\/\/169.254.129.2\/our-commitment-to-the-law\/#breadcrumb"},"inLanguage":"pt-BR","potentialAction":[{"@type":"ReadAction","target":["https:\/\/169.254.129.2\/our-commitment-to-the-law\/"]}]},{"@type":"BreadcrumbList","@id":"https:\/\/169.254.129.2\/our-commitment-to-the-law\/#breadcrumb","itemListElement":[{"@type":"ListItem","position":1,"name":"Home","item":"https:\/\/169.254.129.2\/"},{"@type":"ListItem","position":2,"name":"NOSSO COMPROMISSO COM A LEI"}]},{"@type":"WebSite","@id":"https:\/\/cobc-prod.azurewebsites.net\/#website","url":"https:\/\/cobc-prod.azurewebsites.net\/","name":"Equinix Code of Business Conduct","description":"","potentialAction":[{"@type":"SearchAction","target":{"@type":"EntryPoint","urlTemplate":"https:\/\/cobc-prod.azurewebsites.net\/?s={search_term_string}"},"query-input":{"@type":"PropertyValueSpecification","valueRequired":true,"valueName":"search_term_string"}}],"inLanguage":"pt-BR"}]}},"_links":{"self":[{"href":"https:\/\/codeofbusinessconduct.equinix.com\/pt-br\/wp-json\/wp\/v2\/pages\/575","targetHints":{"allow":["GET"]}}],"collection":[{"href":"https:\/\/codeofbusinessconduct.equinix.com\/pt-br\/wp-json\/wp\/v2\/pages"}],"about":[{"href":"https:\/\/codeofbusinessconduct.equinix.com\/pt-br\/wp-json\/wp\/v2\/types\/page"}],"author":[{"embeddable":true,"href":"https:\/\/codeofbusinessconduct.equinix.com\/pt-br\/wp-json\/wp\/v2\/users\/1"}],"replies":[{"embeddable":true,"href":"https:\/\/codeofbusinessconduct.equinix.com\/pt-br\/wp-json\/wp\/v2\/comments?post=575"}],"version-history":[{"count":12,"href":"https:\/\/codeofbusinessconduct.equinix.com\/pt-br\/wp-json\/wp\/v2\/pages\/575\/revisions"}],"predecessor-version":[{"id":5261,"href":"https:\/\/codeofbusinessconduct.equinix.com\/pt-br\/wp-json\/wp\/v2\/pages\/575\/revisions\/5261"}],"wp:attachment":[{"href":"https:\/\/codeofbusinessconduct.equinix.com\/pt-br\/wp-json\/wp\/v2\/media?parent=575"}],"curies":[{"name":"wp","href":"https:\/\/api.w.org\/{rel}","templated":true}]}}