{"id":559,"date":"2021-03-10T06:20:30","date_gmt":"2021-03-10T06:20:30","guid":{"rendered":"https:\/\/codeofbusinessconduct.equinix.com\/our-code\/"},"modified":"2022-01-18T23:52:01","modified_gmt":"2022-01-18T23:52:01","slug":"our-code","status":"publish","type":"page","link":"https:\/\/codeofbusinessconduct.equinix.com\/pt-br\/our-code\/","title":{"rendered":"NOSSO C\u00d3DIGO"},"content":{"rendered":"<section class=\"wpb-content-wrapper\"><p>[vc_row css_animation=&#8221;&#8221; row_type=&#8221;row&#8221; use_row_as_full_screen_section=&#8221;no&#8221; type=&#8221;full_width&#8221; angled_section=&#8221;no&#8221; text_align=&#8221;left&#8221; background_image_as_pattern=&#8221;without_pattern&#8221;][vc_column][vc_single_image image=&#8221;568&#8243; img_size=&#8221;full&#8221; qode_css_animation=&#8221;&#8221;][vc_empty_space height=&#8221;8px&#8221;][vc_column_text]<\/p>\n<h3>NOSSO C\u00d3DIGO<\/h3>\n<div class=\"lead\">Compreens\u00e3o e ado\u00e7\u00e3o de um comportamento \u00e9tico<\/div>\n<p>[\/vc_column_text][\/vc_column][\/vc_row][vc_row css_animation=&#8221;&#8221; row_type=&#8221;row&#8221; use_row_as_full_screen_section=&#8221;no&#8221; type=&#8221;full_width&#8221; angled_section=&#8221;no&#8221; text_align=&#8221;left&#8221; background_image_as_pattern=&#8221;without_pattern&#8221; z_index=&#8221;&#8221; padding_top=&#8221;20&#8243; anchor=&#8221;why_we_have_a_code_of_business_conduct&#8221;][vc_column width=&#8221;2\/3&#8243; el_class=&#8221;purpose_values&#8221; css=&#8221;.vc_custom_1615524809511{padding-bottom: 30px !important;}&#8221;][vc_column_text]<\/p>\n<h4>POR QUE TEMOS UM C\u00d3DIGO DE CONDUTA EMPRESARIAL?<\/h4>\n<p>A Equinix est\u00e1 assentada sobre uma funda\u00e7\u00e3o de pr\u00e1ticas comerciais e valores corporativos s\u00f3lidos, e sabemos que nosso sucesso cont\u00ednuo depende do nosso empenho em conduzir neg\u00f3cios com honestidade, integridade, profissionalismo e o compromisso de gerar resultados superiores. Isso significa que, como uma Empresa, valorizamos:<\/p>\n<ul>\n<li>Todos os funcion\u00e1rios.<\/li>\n<li>Fazer as coisas certas pelos motivos certos.<\/li>\n<li>Uma integridade inflex\u00edvel.<\/li>\n<li>O compromisso com pr\u00e1ticas comerciais \u00e9ticas.<\/li>\n<li>A conformidade com a lei.<\/li>\n<\/ul>\n<p>Na maioria das situa\u00e7\u00f5es, nossos valores pessoais e nossa honestidade nos orientam para que tomemos decis\u00f5es corretas e \u00e9ticas. No entanto, quando surgem d\u00favidas sobre quais a\u00e7\u00f5es corretas devem ser seguidas, nosso C\u00f3digo de Conduta Empresarial (o \u201cC\u00f3digo\u201d) pode nos fornecer orienta\u00e7\u00e3o adicional. Devemos tamb\u00e9m considerar que nosso C\u00f3digo n\u00e3o pode abranger todas as situa\u00e7\u00f5es poss\u00edveis. Nesses casos, voc\u00ea deve discutir a quest\u00e3o com seu gerente ou com o escrit\u00f3rio de conformidade.[\/vc_column_text][vc_row_inner row_type=&#8221;row&#8221; type=&#8221;full_width&#8221; text_align=&#8221;left&#8221; css_animation=&#8221;&#8221; anchor=&#8221;who_is_required_to_follow_our_code&#8221; css=&#8221;.vc_custom_1616044458552{padding-top: 20px !important;}&#8221;][vc_column_inner][vc_column_text]<\/p>\n<h4>QUEM DEVE CUMPRIR COM NOSSO C\u00d3DIGO?<\/h4>\n<p>Nosso C\u00f3digo se aplica a todos os executivos, diretores e funcion\u00e1rios da Equinix, incluindo pessoal em regime de meio per\u00edodo e tempor\u00e1rio Nosso C\u00f3digo tamb\u00e9m deve ser fornecido a todos aqueles que atuam em nome da Equinix, tais como agentes, representantes e consultores, que tamb\u00e9m o devem seguir.[\/vc_column_text][\/vc_column_inner][\/vc_row_inner][vc_row_inner row_type=&#8221;row&#8221; type=&#8221;full_width&#8221; text_align=&#8221;left&#8221; css_animation=&#8221;&#8221; anchor=&#8221;ethics_in_action:_what_our_code_means_for_you&#8221; css=&#8221;.vc_custom_1616044568288{padding-top: 20px !important;}&#8221;][vc_column_inner][vc_column_text]<\/p>\n<h4>\u00c9TICA EM A\u00c7\u00c3O: O QUE NOSSO C\u00d3DIGO SIGNIFICA PARA VOC\u00ca<\/h4>\n<p>Todos n\u00f3s devemos cumprir com a letra e o esp\u00edrito de nosso C\u00f3digo. Isso significa que voc\u00ea deve compreender e cumprir todas as nossas pol\u00edticas, leis e regulamentos que se aplicam ao seu cargo, e buscar orienta\u00e7\u00e3o se tiver d\u00favidas ou questionamentos. Os funcion\u00e1rios que violam nosso C\u00f3digo colocam a si mesmos, aos colegas de trabalho e \u00e0 nossa Empresa em risco, e ficam sujeitos a a\u00e7\u00f5es disciplinares que podem culminar com a dispensa.<\/p>\n<p>Funcion\u00e1rios que supervisionam outros t\u00eam a responsabilidade especialmente importante de liderar pelo exemplo e de manter os mais elevados padr\u00f5es de comportamento Se voc\u00ea supervisiona outros funcion\u00e1rios, deve promover um ambiente onde eles compreendam suas responsabilidades e se sintam confort\u00e1veis para reportar problemas e questionamentos, sem receio de retalia\u00e7\u00e3o Se algo for reportado, voc\u00ea deve tomar provid\u00eancias imediatamente.<\/p>\n<p>Voc\u00ea tamb\u00e9m deve assegurar que todos os funcion\u00e1rios sob sua supervis\u00e3o entendam nosso C\u00f3digo e nossas pol\u00edticas, bem como as leis e regulamentos que afetam nosso local de trabalho. Nosso C\u00f3digo pode complementar outras pol\u00edticas, procedimentos e pr\u00e1ticas Se voc\u00ea, ou qualquer pessoa em sua equipe,observar uma irregularidade ou algum conflito, leve isso \u00e0 aten\u00e7\u00e3o de seu gerente e do escrit\u00f3rio de conformidade.[\/vc_column_text][\/vc_column_inner][\/vc_row_inner][\/vc_column][vc_column width=&#8221;1\/3&#8243; css=&#8221;.vc_custom_1615524819852{padding-bottom: 30px !important;}&#8221;][vc_column_text]<\/p>\n<h4 class=\"exclaimation\">Lembre-se:<\/h4>\n<div class=\"lead\">TODOS n\u00f3s devemos cumprir com a letra e o esp\u00edrito de nosso C\u00f3digo.<\/div>\n<p>[\/vc_column_text][vc_empty_space height=&#8221;20px&#8221;][vc_single_image image=&#8221;560&#8243; img_size=&#8221;full&#8221; alignment=&#8221;center&#8221; qode_css_animation=&#8221;&#8221;][\/vc_column][\/vc_row]<\/p>\n<\/section>","protected":false},"excerpt":{"rendered":"<p>[vc_row css_animation=&#8221;&#8221; row_type=&#8221;row&#8221; use_row_as_full_screen_section=&#8221;no&#8221; type=&#8221;full_width&#8221; angled_section=&#8221;no&#8221; text_align=&#8221;left&#8221; background_image_as_pattern=&#8221;without_pattern&#8221;][vc_column][vc_single_image image=&#8221;568&#8243; img_size=&#8221;full&#8221; qode_css_animation=&#8221;&#8221;][vc_empty_space height=&#8221;8px&#8221;][vc_column_text] NOSSO C\u00d3DIGO Compreens\u00e3o e ado\u00e7\u00e3o de um comportamento \u00e9tico [\/vc_column_text][\/vc_column][\/vc_row][vc_row css_animation=&#8221;&#8221; row_type=&#8221;row&#8221; use_row_as_full_screen_section=&#8221;no&#8221; type=&#8221;full_width&#8221; angled_section=&#8221;no&#8221; text_align=&#8221;left&#8221; background_image_as_pattern=&#8221;without_pattern&#8221; z_index=&#8221;&#8221; padding_top=&#8221;20&#8243; anchor=&#8221;why_we_have_a_code_of_business_conduct&#8221;][vc_column width=&#8221;2\/3&#8243; el_class=&#8221;purpose_values&#8221; css=&#8221;.vc_custom_1615524809511{padding-bottom: 30px !important;}&#8221;][vc_column_text] POR QUE TEMOS UM C\u00d3DIGO DE CONDUTA EMPRESARIAL?&#8230;<\/p>\n","protected":false},"author":1,"featured_media":0,"parent":0,"menu_order":0,"comment_status":"closed","ping_status":"closed","template":"","meta":{"inline_featured_image":false,"footnotes":""},"class_list":["post-559","page","type-page","status-publish","hentry"],"yoast_head":"<!-- This site is optimized with the Yoast SEO plugin v25.8 - https:\/\/yoast.com\/wordpress\/plugins\/seo\/ -->\n<title>NOSSO C\u00d3DIGO - Equinix Code of Business Conduct<\/title>\n<meta name=\"robots\" content=\"index, follow, max-snippet:-1, max-image-preview:large, max-video-preview:-1\" \/>\n<link rel=\"canonical\" href=\"https:\/\/169.254.129.2\/our-code\/\" \/>\n<meta property=\"og:locale\" content=\"pt_BR\" \/>\n<meta property=\"og:type\" content=\"article\" \/>\n<meta property=\"og:title\" content=\"NOSSO C\u00d3DIGO - Equinix Code of Business Conduct\" \/>\n<meta property=\"og:description\" content=\"[vc_row css_animation=&#8221;&#8221; row_type=&#8221;row&#8221; use_row_as_full_screen_section=&#8221;no&#8221; type=&#8221;full_width&#8221; angled_section=&#8221;no&#8221; text_align=&#8221;left&#8221; background_image_as_pattern=&#8221;without_pattern&#8221;][vc_column][vc_single_image image=&#8221;568&#8243; img_size=&#8221;full&#8221; qode_css_animation=&#8221;&#8221;][vc_empty_space height=&#8221;8px&#8221;][vc_column_text] NOSSO C\u00d3DIGO Compreens\u00e3o e ado\u00e7\u00e3o de um comportamento \u00e9tico [\/vc_column_text][\/vc_column][\/vc_row][vc_row css_animation=&#8221;&#8221; row_type=&#8221;row&#8221; use_row_as_full_screen_section=&#8221;no&#8221; type=&#8221;full_width&#8221; angled_section=&#8221;no&#8221; text_align=&#8221;left&#8221; background_image_as_pattern=&#8221;without_pattern&#8221; z_index=&#8221;&#8221; padding_top=&#8221;20&#8243; anchor=&#8221;why_we_have_a_code_of_business_conduct&#8221;][vc_column width=&#8221;2\/3&#8243; el_class=&#8221;purpose_values&#8221; css=&#8221;.vc_custom_1615524809511{padding-bottom: 30px !important;}&#8221;][vc_column_text] POR QUE TEMOS UM C\u00d3DIGO DE CONDUTA EMPRESARIAL?...\" \/>\n<meta property=\"og:url\" content=\"https:\/\/169.254.129.2\/our-code\/\" \/>\n<meta property=\"og:site_name\" content=\"Equinix Code of Business Conduct\" \/>\n<meta property=\"article:modified_time\" content=\"2022-01-18T23:52:01+00:00\" \/>\n<meta name=\"twitter:card\" content=\"summary_large_image\" \/>\n<meta name=\"twitter:label1\" content=\"Est. tempo de leitura\" \/>\n\t<meta name=\"twitter:data1\" content=\"4 minutos\" \/>\n<script type=\"application\/ld+json\" class=\"yoast-schema-graph\">{\"@context\":\"https:\/\/schema.org\",\"@graph\":[{\"@type\":\"WebPage\",\"@id\":\"https:\/\/169.254.129.2\/our-code\/\",\"url\":\"https:\/\/169.254.129.2\/our-code\/\",\"name\":\"NOSSO C\u00d3DIGO - Equinix Code of Business Conduct\",\"isPartOf\":{\"@id\":\"https:\/\/cobc-prod.azurewebsites.net\/#website\"},\"datePublished\":\"2021-03-10T06:20:30+00:00\",\"dateModified\":\"2022-01-18T23:52:01+00:00\",\"breadcrumb\":{\"@id\":\"https:\/\/169.254.129.2\/our-code\/#breadcrumb\"},\"inLanguage\":\"pt-BR\",\"potentialAction\":[{\"@type\":\"ReadAction\",\"target\":[\"https:\/\/169.254.129.2\/our-code\/\"]}]},{\"@type\":\"BreadcrumbList\",\"@id\":\"https:\/\/169.254.129.2\/our-code\/#breadcrumb\",\"itemListElement\":[{\"@type\":\"ListItem\",\"position\":1,\"name\":\"Home\",\"item\":\"https:\/\/169.254.129.2\/\"},{\"@type\":\"ListItem\",\"position\":2,\"name\":\"NOSSO C\u00d3DIGO\"}]},{\"@type\":\"WebSite\",\"@id\":\"https:\/\/cobc-prod.azurewebsites.net\/#website\",\"url\":\"https:\/\/cobc-prod.azurewebsites.net\/\",\"name\":\"Equinix Code of Business Conduct\",\"description\":\"\",\"potentialAction\":[{\"@type\":\"SearchAction\",\"target\":{\"@type\":\"EntryPoint\",\"urlTemplate\":\"https:\/\/cobc-prod.azurewebsites.net\/?s={search_term_string}\"},\"query-input\":{\"@type\":\"PropertyValueSpecification\",\"valueRequired\":true,\"valueName\":\"search_term_string\"}}],\"inLanguage\":\"pt-BR\"}]}<\/script>\n<!-- \/ Yoast SEO plugin. -->","yoast_head_json":{"title":"NOSSO C\u00d3DIGO - Equinix Code of Business Conduct","robots":{"index":"index","follow":"follow","max-snippet":"max-snippet:-1","max-image-preview":"max-image-preview:large","max-video-preview":"max-video-preview:-1"},"canonical":"https:\/\/169.254.129.2\/our-code\/","og_locale":"pt_BR","og_type":"article","og_title":"NOSSO C\u00d3DIGO - Equinix Code of Business Conduct","og_description":"[vc_row css_animation=&#8221;&#8221; row_type=&#8221;row&#8221; use_row_as_full_screen_section=&#8221;no&#8221; type=&#8221;full_width&#8221; angled_section=&#8221;no&#8221; text_align=&#8221;left&#8221; background_image_as_pattern=&#8221;without_pattern&#8221;][vc_column][vc_single_image image=&#8221;568&#8243; img_size=&#8221;full&#8221; qode_css_animation=&#8221;&#8221;][vc_empty_space height=&#8221;8px&#8221;][vc_column_text] NOSSO C\u00d3DIGO Compreens\u00e3o e ado\u00e7\u00e3o de um comportamento \u00e9tico [\/vc_column_text][\/vc_column][\/vc_row][vc_row css_animation=&#8221;&#8221; row_type=&#8221;row&#8221; use_row_as_full_screen_section=&#8221;no&#8221; type=&#8221;full_width&#8221; angled_section=&#8221;no&#8221; text_align=&#8221;left&#8221; background_image_as_pattern=&#8221;without_pattern&#8221; z_index=&#8221;&#8221; padding_top=&#8221;20&#8243; anchor=&#8221;why_we_have_a_code_of_business_conduct&#8221;][vc_column width=&#8221;2\/3&#8243; el_class=&#8221;purpose_values&#8221; css=&#8221;.vc_custom_1615524809511{padding-bottom: 30px !important;}&#8221;][vc_column_text] POR QUE TEMOS UM C\u00d3DIGO DE CONDUTA EMPRESARIAL?...","og_url":"https:\/\/169.254.129.2\/our-code\/","og_site_name":"Equinix Code of Business Conduct","article_modified_time":"2022-01-18T23:52:01+00:00","twitter_card":"summary_large_image","twitter_misc":{"Est. tempo de leitura":"4 minutos"},"schema":{"@context":"https:\/\/schema.org","@graph":[{"@type":"WebPage","@id":"https:\/\/169.254.129.2\/our-code\/","url":"https:\/\/169.254.129.2\/our-code\/","name":"NOSSO C\u00d3DIGO - Equinix Code of Business Conduct","isPartOf":{"@id":"https:\/\/cobc-prod.azurewebsites.net\/#website"},"datePublished":"2021-03-10T06:20:30+00:00","dateModified":"2022-01-18T23:52:01+00:00","breadcrumb":{"@id":"https:\/\/169.254.129.2\/our-code\/#breadcrumb"},"inLanguage":"pt-BR","potentialAction":[{"@type":"ReadAction","target":["https:\/\/169.254.129.2\/our-code\/"]}]},{"@type":"BreadcrumbList","@id":"https:\/\/169.254.129.2\/our-code\/#breadcrumb","itemListElement":[{"@type":"ListItem","position":1,"name":"Home","item":"https:\/\/169.254.129.2\/"},{"@type":"ListItem","position":2,"name":"NOSSO C\u00d3DIGO"}]},{"@type":"WebSite","@id":"https:\/\/cobc-prod.azurewebsites.net\/#website","url":"https:\/\/cobc-prod.azurewebsites.net\/","name":"Equinix Code of Business Conduct","description":"","potentialAction":[{"@type":"SearchAction","target":{"@type":"EntryPoint","urlTemplate":"https:\/\/cobc-prod.azurewebsites.net\/?s={search_term_string}"},"query-input":{"@type":"PropertyValueSpecification","valueRequired":true,"valueName":"search_term_string"}}],"inLanguage":"pt-BR"}]}},"_links":{"self":[{"href":"https:\/\/codeofbusinessconduct.equinix.com\/pt-br\/wp-json\/wp\/v2\/pages\/559","targetHints":{"allow":["GET"]}}],"collection":[{"href":"https:\/\/codeofbusinessconduct.equinix.com\/pt-br\/wp-json\/wp\/v2\/pages"}],"about":[{"href":"https:\/\/codeofbusinessconduct.equinix.com\/pt-br\/wp-json\/wp\/v2\/types\/page"}],"author":[{"embeddable":true,"href":"https:\/\/codeofbusinessconduct.equinix.com\/pt-br\/wp-json\/wp\/v2\/users\/1"}],"replies":[{"embeddable":true,"href":"https:\/\/codeofbusinessconduct.equinix.com\/pt-br\/wp-json\/wp\/v2\/comments?post=559"}],"version-history":[{"count":7,"href":"https:\/\/codeofbusinessconduct.equinix.com\/pt-br\/wp-json\/wp\/v2\/pages\/559\/revisions"}],"predecessor-version":[{"id":2820,"href":"https:\/\/codeofbusinessconduct.equinix.com\/pt-br\/wp-json\/wp\/v2\/pages\/559\/revisions\/2820"}],"wp:attachment":[{"href":"https:\/\/codeofbusinessconduct.equinix.com\/pt-br\/wp-json\/wp\/v2\/media?parent=559"}],"curies":[{"name":"wp","href":"https:\/\/api.w.org\/{rel}","templated":true}]}}