{"id":495,"date":"2021-03-10T05:32:20","date_gmt":"2021-03-10T05:32:20","guid":{"rendered":"https:\/\/codeofbusinessconduct.equinix.com\/homepage\/"},"modified":"2024-11-27T03:45:22","modified_gmt":"2024-11-27T03:45:22","slug":"homepage","status":"publish","type":"page","link":"https:\/\/codeofbusinessconduct.equinix.com\/pt-br\/","title":{"rendered":"Homepage"},"content":{"rendered":"<section class=\"wpb-content-wrapper\"><p>[vc_row css_animation=&#8221;&#8221; row_type=&#8221;row&#8221; use_row_as_full_screen_section=&#8221;no&#8221; type=&#8221;full_width&#8221; angled_section=&#8221;no&#8221; text_align=&#8221;center&#8221; background_image_as_pattern=&#8221;without_pattern&#8221; z_index=&#8221;&#8221; background_image=&#8221;469&#8243; el_class=&#8221;slider-image&#8221;][vc_column][vc_column_text]<\/p>\n<h1>C\u00d3DIGO DE CONDUTA EMPRESARIAL DA EQUINIX<\/h1>\n<p>[\/vc_column_text][\/vc_column][\/vc_row][vc_row css_animation=&#8221;&#8221; row_type=&#8221;row&#8221; use_row_as_full_screen_section=&#8221;no&#8221; type=&#8221;grid&#8221; angled_section=&#8221;no&#8221; text_align=&#8221;left&#8221; background_image_as_pattern=&#8221;without_pattern&#8221; z_index=&#8221;&#8221; padding_top=&#8221;50&#8243; padding_bottom=&#8221;32&#8243; el_class=&#8221;our-message&#8221;][vc_column width=&#8221;2\/3&#8243;][vc_single_image image=&#8221;519&#8243; img_size=&#8221;full&#8221; qode_css_animation=&#8221;&#8221;][vc_empty_space height=&#8221;8px&#8221;][vc_column_text]<\/p>\n<h3>NOSSA MENSAGEM<\/h3>\n<div class=\"lead\">\n<p><span data-contrast=\"auto\">Caros Colegas,<\/span><span data-ccp-props=\"{}\">\u00a0<\/span><\/p>\n<p><span data-contrast=\"auto\">\u202f<\/span><span data-contrast=\"auto\">Na Equinix, estamos incrivelmente orgulhosos da organiza\u00e7\u00e3o de sucesso que constru\u00edmos juntos. Como empresa global l\u00edder do sector, a Equinix tem a oportunidade e a responsabilidade de estabelecer um padr\u00e3o para pr\u00e1ticas comerciais \u00e9ticas que permitam que os nossos clientes e parceiros saibam que podem confiar na nossa empresa e nos produtos e servi\u00e7os que oferecemos. A nossa reputa\u00e7\u00e3o \u00e9tica \u00e9 um dos fatores de diferencia\u00e7\u00e3o mais fortes que temos e que todos precisamos de apoiar.\u202f<\/span><span data-ccp-props=\"{}\">\u00a0<\/span><\/p>\n<p><span data-contrast=\"auto\">O nosso C\u00f3digo de Conduta Empresarial reflete os valores e padr\u00f5es \u00e9ticos fundamentais para a Equinix. D\u00e1-nos as informa\u00e7\u00f5es, os recursos e as ferramentas de que precisamos para criar padr\u00f5es globais claros e consistentes para uma conduta \u00e9tica nos neg\u00f3cios e conformidade com as leis. Espera-se que todos conhe\u00e7amos o nosso C\u00f3digo e o usemos para orientar os nossos esfor\u00e7os em nome da empresa. Foi concebido para nos ajudar a fazer as escolhas certas ao encontrar situa\u00e7\u00f5es desafiadoras em termos \u00e9ticos.\u202f<\/span><span data-ccp-props=\"{}\">\u00a0<\/span><\/p>\n<p><span data-contrast=\"auto\">Como funcion\u00e1rios da Equinix, todos temos o direito e a responsabilidade de proteger a cultura da nossa empresa contra qualquer conduta que ameace os nossos valores ou prejudique a nossa reputa\u00e7\u00e3o. Responsabilizarmo-nos mutuamente por vivermos os nossos valores \u00e9 parte do que torna a Equinix num lugar especial. Caso tenham d\u00favidas ou preocupa\u00e7\u00f5es de que o nosso C\u00f3digo de Conduta Empresarial esteja a ser violado, por favor, digam. Incentivamo-vos a conversarem com os vossos gerentes, com o diretor de conformidade da Equinix, o conselheiro geral global ou com o diretor jur\u00eddico e de RH. Tamb\u00e9m podem denunciar anonimamente usando o nosso formul\u00e1rio sobre \u00e9tica on-line ou o servi\u00e7o telef\u00f3nico multilingue.\u202f<\/span><span data-ccp-props=\"{}\">\u00a0<\/span><\/p>\n<p><span data-contrast=\"auto\">Na Equinix, temos orgulho em sermos pessoas \u00e9ticas, envolvidas e capacitadas. As nossas pessoas e a nossa cultura fizeram da Equinix a l\u00edder que \u00e9 hoje \u2013 e ser\u00e3o a base sobre a qual constru\u00edmos o nosso sucesso cont\u00ednuo.<\/span><span data-ccp-props=\"{}\">\u00a0<\/span><\/p>\n<p><strong>Adaire Fox-Martin\u00a0<\/strong><\/p>\n<p><span data-contrast=\"auto\">Diretor Executivo e Presidente<\/span><span data-ccp-props=\"{}\">\u00a0<\/span><\/p>\n<p><strong>\u202fCharles Meyers\u00a0<\/strong><\/p>\n<p><span data-contrast=\"auto\">Presidente Executivo<\/span><span data-ccp-props=\"{}\">\u00a0<\/span><\/p>\n<\/div>\n<p>[\/vc_column_text][\/vc_column][vc_column width=&#8221;1\/3&#8243; el_class=&#8221;chief-images&#8221;][vc_single_image image=&#8221;4739&#8243; img_size=&#8221;full&#8221; qode_css_animation=&#8221;&#8221;][vc_single_image image=&#8221;4659&#8243; img_size=&#8221;full&#8221; qode_css_animation=&#8221;&#8221;][vc_column_text el_class=&#8221;team_header&#8221;]<strong>Adaire Fox-Martin\u00a0<\/strong><\/p>\n<p><span data-contrast=\"auto\">Diretor Executivo e Presidente<\/span><span data-ccp-props=\"{}\">\u00a0<\/span>[\/vc_column_text][vc_empty_space height=&#8221;30px&#8221;][vc_single_image image=&#8221;4779&#8243; img_size=&#8221;full&#8221; qode_css_animation=&#8221;&#8221;][vc_single_image image=&#8221;4799&#8243; img_size=&#8221;full&#8221; qode_css_animation=&#8221;&#8221;][vc_column_text el_class=&#8221;team_header&#8221;]<strong>Charles Meyers\u00a0<\/strong><\/p>\n<p><span data-contrast=\"auto\">Presidente Executivo<\/span><span data-ccp-props=\"{}\">\u00a0<\/span>[\/vc_column_text][\/vc_column][\/vc_row][vc_row css_animation=&#8221;&#8221; row_type=&#8221;row&#8221; use_row_as_full_screen_section=&#8221;yes&#8221; type=&#8221;grid&#8221; angled_section=&#8221;no&#8221; text_align=&#8221;left&#8221; background_image_as_pattern=&#8221;without_pattern&#8221; z_index=&#8221;&#8221; background_color=&#8221;#eeeeee&#8221; padding_top=&#8221;34&#8243; padding_bottom=&#8221;68&#8243; el_class=&#8221;table-of-contents&#8221;][vc_column][vc_column_text]<\/p>\n<h3>\u00edndice anal\u00edtico<\/h3>\n<p>[\/vc_column_text][vc_row_inner row_type=&#8221;row&#8221; type=&#8221;full_width&#8221; text_align=&#8221;left&#8221; css_animation=&#8221;&#8221;][vc_column_inner width=&#8221;1\/2&#8243;][vc_column_text]<a class=\"anchor\" href=\"#Our_Purpose_and_Values\"><strong>NOSSO OBJETIVO E NOSSOS VALORES<\/strong><\/a><\/p>\n<p><a href=\"https:\/\/codeofbusinessconduct.equinix.com\/pt-br\/our-code\/\"><strong>NOSSO C\u00d3DIGO<\/strong><\/a><\/p>\n<ul>\n<li><a href=\"https:\/\/codeofbusinessconduct.equinix.com\/pt-br\/our-code\/#why_we_have_a_code_of_business_conduct\">Por que temos um C\u00f3digo de Conduta Empresarial?<\/a><\/li>\n<li><a href=\"https:\/\/codeofbusinessconduct.equinix.com\/pt-br\/our-code\/#who_is_required_to_follow_our_code\">Quem deve cumprir com nosso C\u00f3digo?<\/a><\/li>\n<li><a href=\"https:\/\/codeofbusinessconduct.equinix.com\/pt-br\/our-code\/#ethics_in_action:_what_our_code_means_for_you\">\u00c9tica em a\u00e7\u00e3o: o que nosso C\u00f3digo significa para voc\u00ea <\/a><\/li>\n<\/ul>\n<p><a href=\"https:\/\/codeofbusinessconduct.equinix.com\/pt-br\/our-people\/\"><strong>NOSSAS PESSOAS<\/strong><\/a><\/p>\n<ul>\n<li><a href=\"https:\/\/codeofbusinessconduct.equinix.com\/pt-br\/our-people\/#diversity\">Diversidade<\/a><\/li>\n<li><a href=\"https:\/\/codeofbusinessconduct.equinix.com\/pt-br\/our-people\/#dignity_and_respect\">Dignidade e respeito<\/a><\/li>\n<li><a href=\"https:\/\/codeofbusinessconduct.equinix.com\/pt-br\/our-people\/#safety\">Seguran\u00e7a<\/a><\/li>\n<\/ul>\n<p><a href=\"https:\/\/codeofbusinessconduct.equinix.com\/pt-br\/our-business-relationships\/\"><strong>NOSSOS RELACIONAMENTOS COMERCIAIS<\/strong><\/a><\/p>\n<ul>\n<li><a href=\"https:\/\/codeofbusinessconduct.equinix.com\/pt-br\/our-business-relationships\/#Conflicts_of_interest\">Conflito de interesses<\/a><\/li>\n<li><a href=\"https:\/\/codeofbusinessconduct.equinix.com\/pt-br\/our-business-relationships\/#Gifts_and_entertainment\">Presentes e entretenimento<\/a><\/li>\n<li><a href=\"https:\/\/codeofbusinessconduct.equinix.com\/pt-br\/our-business-relationships\/#Prohibited_payments_and_gifts_to_government_personnel\">Proibidos e presentes proibidos para funcion\u00e1rios governamentais<\/a><\/li>\n<li><a href=\"https:\/\/codeofbusinessconduct.equinix.com\/pt-br\/our-business-relationships\/#Protecting_our_reputation_and_property\">Como proteger nossa reputa\u00e7\u00e3o e nossas propriedades<\/a><\/li>\n<li><a href=\"https:\/\/codeofbusinessconduct.equinix.com\/pt-br\/our-business-relationships\/#Speaking_on_behalf_of_our_company\">Como falar em nome de nossa Empresa<\/a><\/li>\n<\/ul>\n<p>[\/vc_column_text][\/vc_column_inner][vc_column_inner width=&#8221;1\/2&#8243;][vc_column_text]<a href=\"https:\/\/codeofbusinessconduct.equinix.com\/pt-br\/our-commitment-to-the-law\/#Competition_and_fair_dealing\"><strong>NOSSO COMPROMISSO COM A LEI<\/strong><\/a><\/p>\n<ul>\n<li><a href=\"https:\/\/codeofbusinessconduct.equinix.com\/pt-br\/our-commitment-to-the-law\/#Competition_and_fair_dealing\">Concorr\u00eancia e negocia\u00e7\u00f5es justas<\/a><\/li>\n<li><a href=\"https:\/\/codeofbusinessconduct.equinix.com\/pt-br\/our-commitment-to-the-law\/#Daily_privacy\">Privacidade de dados<\/a><\/li>\n<li><a href=\"https:\/\/codeofbusinessconduct.equinix.com\/pt-br\/our-commitment-to-the-law\/#Anti-bribery_and_corruption\">Antissuborno e anticorrup\u00e7\u00e3o<\/a><\/li>\n<li><a href=\"https:\/\/codeofbusinessconduct.equinix.com\/pt-br\/our-commitment-to-the-law\/#Intellectual_property\">Propriedade intelectual<\/a><\/li>\n<li><a href=\"https:\/\/codeofbusinessconduct.equinix.com\/pt-br\/our-commitment-to-the-law\/#Inside_information_and_securities_trading\">Informa\u00e7\u00f5es privilegiadas e negocia\u00e7\u00f5es de t\u00edtulos<\/a><\/li>\n<\/ul>\n<p><a href=\"https:\/\/codeofbusinessconduct.equinix.com\/pt-br\/our-community\/\"><strong>NOSSA COMUNIDADE<\/strong><\/a><\/p>\n<ul>\n<li><a href=\"https:\/\/codeofbusinessconduct.equinix.com\/pt-br\/our-community\/#Human_rights\">Direitos humanos<\/a><\/li>\n<li><a href=\"https:\/\/codeofbusinessconduct.equinix.com\/pt-br\/our-community\/#Charitable_contributions\">Contribui\u00e7\u00f5es de caridade<\/a><\/li>\n<li><a href=\"https:\/\/codeofbusinessconduct.equinix.com\/pt-br\/our-community\/#Political_activities_and_contributions\">Atividades e contribui\u00e7\u00f5es pol\u00edticas<\/a><\/li>\n<li><a href=\"https:\/\/codeofbusinessconduct.equinix.com\/pt-br\/our-community\/#The_environment\">O meio ambiente<\/a><\/li>\n<\/ul>\n<p><a href=\"https:\/\/codeofbusinessconduct.equinix.com\/pt-br\/our-responsibility\/\"><strong>NOSSA RESPONSABILIDADE<\/strong><\/a><\/p>\n<ul>\n<li><a href=\"https:\/\/codeofbusinessconduct.equinix.com\/pt-br\/our-responsibility\/#Your_voice_matters\">Sua opini\u00e3o \u00e9 importante<\/a><\/li>\n<li><a href=\"https:\/\/codeofbusinessconduct.equinix.com\/pt-br\/our-responsibility\/#Ways_to_speak_up\">Maneiras de se manifestar<\/a><\/li>\n<li><a href=\"https:\/\/codeofbusinessconduct.equinix.com\/pt-br\/our-responsibility\/#Whistleblower_protection_policy\">Pol\u00edtica de prote\u00e7\u00e3o de denunciantes<\/a><\/li>\n<li><a href=\"https:\/\/codeofbusinessconduct.equinix.com\/pt-br\/our-responsibility\/#Code_of_business_conduct_waivers\">Isen\u00e7\u00f5es do C\u00f3digo de Conduta Empresarial<\/a><\/li>\n<\/ul>\n<p><a href=\"https:\/\/codeofbusinessconduct.equinix.com\/pt-br\/additional-resources\/\"><strong>RECURSOS ADICIONAIS<\/strong><\/a>[\/vc_column_text][\/vc_column_inner][\/vc_row_inner][\/vc_column][\/vc_row][vc_row css_animation=&#8221;&#8221; row_type=&#8221;row&#8221; use_row_as_full_screen_section=&#8221;no&#8221; type=&#8221;grid&#8221; angled_section=&#8221;no&#8221; text_align=&#8221;left&#8221; background_image_as_pattern=&#8221;without_pattern&#8221; z_index=&#8221;&#8221; padding_top=&#8221;32&#8243; padding_bottom=&#8221;50&#8243; el_class=&#8221;purpose_values our_space&#8221; anchor=&#8221;Our_Purpose_and_Values&#8221;][vc_column width=&#8221;1\/2&#8243; css=&#8221;.vc_custom_1615551557750{padding-bottom: 40px !important;}&#8221;][vc_single_image image=&#8221;517&#8243; img_size=&#8221;full&#8221; alignment=&#8221;center&#8221; qode_css_animation=&#8221;&#8221; el_class=&#8221;w-100&#8243;][\/vc_column][vc_column width=&#8221;1\/2&#8243; css=&#8221;.vc_custom_1615792034246{padding-bottom: 40px !important;}&#8221;][vc_single_image image=&#8221;518&#8243; img_size=&#8221;full&#8221; qode_css_animation=&#8221;&#8221;][vc_empty_space height=&#8221;8px&#8221;][vc_column_text]<\/p>\n<h3>NOSSO OBJETIVO, NOSSO SONHO E NOSSOS VALORES<\/h3>\n<div class=\"lead\">A promessa da Equinix<\/div>\n<h4>NOSSO OBJETIVO<\/h4>\n<p>Ser a plataforma que conecta o mundo todo, possibilitando inova\u00e7\u00f5es que enrique\u00e7am nosso trabalho, nossas vidas e nosso planeta<\/p>\n<h4>NOSSOS VALORES<\/h4>\n<ul>\n<li>Os clientes contam com nossa capacidade de cumprir nossos compromissos.<\/li>\n<li>A Equinix consiste essencialmente em uma equipe de pessoas dedicadas, que se responsabilizam mutuamente pelo compromisso com uma execu\u00e7\u00e3o superior.<\/li>\n<li>Valorizamos uma cultura de pensamento e a\u00e7\u00e3o disciplinados.<\/li>\n<li>Na Equinix, estabelecemos padr\u00f5es elevados de excel\u00eancia.<\/li>\n<li>A paix\u00e3o em criar uma Empresa duradoura e excepcional \u00e9 nossa principal prioridade.<\/li>\n<\/ul>\n<p>[\/vc_column_text][\/vc_column][\/vc_row]<\/p>\n<\/section>","protected":false},"excerpt":{"rendered":"<p>[vc_row css_animation=&#8221;&#8221; row_type=&#8221;row&#8221; use_row_as_full_screen_section=&#8221;no&#8221; type=&#8221;full_width&#8221; angled_section=&#8221;no&#8221; text_align=&#8221;center&#8221; background_image_as_pattern=&#8221;without_pattern&#8221; z_index=&#8221;&#8221; background_image=&#8221;469&#8243; el_class=&#8221;slider-image&#8221;][vc_column][vc_column_text] C\u00d3DIGO DE CONDUTA EMPRESARIAL DA EQUINIX [\/vc_column_text][\/vc_column][\/vc_row][vc_row css_animation=&#8221;&#8221; row_type=&#8221;row&#8221; use_row_as_full_screen_section=&#8221;no&#8221; type=&#8221;grid&#8221; angled_section=&#8221;no&#8221; text_align=&#8221;left&#8221; background_image_as_pattern=&#8221;without_pattern&#8221; z_index=&#8221;&#8221; padding_top=&#8221;50&#8243; padding_bottom=&#8221;32&#8243; el_class=&#8221;our-message&#8221;][vc_column width=&#8221;2\/3&#8243;][vc_single_image image=&#8221;519&#8243; img_size=&#8221;full&#8221; qode_css_animation=&#8221;&#8221;][vc_empty_space height=&#8221;8px&#8221;][vc_column_text] NOSSA MENSAGEM Caros Colegas,\u00a0 \u202fNa Equinix, estamos incrivelmente orgulhosos da organiza\u00e7\u00e3o&#8230;<\/p>\n","protected":false},"author":1,"featured_media":0,"parent":0,"menu_order":0,"comment_status":"closed","ping_status":"closed","template":"full_width.php","meta":{"inline_featured_image":false,"footnotes":""},"class_list":["post-495","page","type-page","status-publish","hentry"],"yoast_head":"<!-- This site is optimized with the Yoast SEO plugin v25.8 - https:\/\/yoast.com\/wordpress\/plugins\/seo\/ -->\n<title>Homepage - Equinix Code of Business Conduct<\/title>\n<meta name=\"robots\" content=\"index, follow, max-snippet:-1, max-image-preview:large, max-video-preview:-1\" \/>\n<link rel=\"canonical\" href=\"https:\/\/169.254.129.2\/\" \/>\n<meta property=\"og:locale\" content=\"pt_BR\" \/>\n<meta property=\"og:type\" content=\"article\" \/>\n<meta property=\"og:title\" content=\"Homepage - Equinix Code of Business Conduct\" \/>\n<meta property=\"og:description\" content=\"[vc_row css_animation=&#8221;&#8221; row_type=&#8221;row&#8221; use_row_as_full_screen_section=&#8221;no&#8221; type=&#8221;full_width&#8221; angled_section=&#8221;no&#8221; text_align=&#8221;center&#8221; background_image_as_pattern=&#8221;without_pattern&#8221; z_index=&#8221;&#8221; background_image=&#8221;469&#8243; el_class=&#8221;slider-image&#8221;][vc_column][vc_column_text] C\u00d3DIGO DE CONDUTA EMPRESARIAL DA EQUINIX [\/vc_column_text][\/vc_column][\/vc_row][vc_row css_animation=&#8221;&#8221; row_type=&#8221;row&#8221; use_row_as_full_screen_section=&#8221;no&#8221; type=&#8221;grid&#8221; angled_section=&#8221;no&#8221; text_align=&#8221;left&#8221; background_image_as_pattern=&#8221;without_pattern&#8221; z_index=&#8221;&#8221; padding_top=&#8221;50&#8243; padding_bottom=&#8221;32&#8243; el_class=&#8221;our-message&#8221;][vc_column width=&#8221;2\/3&#8243;][vc_single_image image=&#8221;519&#8243; img_size=&#8221;full&#8221; qode_css_animation=&#8221;&#8221;][vc_empty_space height=&#8221;8px&#8221;][vc_column_text] NOSSA MENSAGEM Caros Colegas,\u00a0 \u202fNa Equinix, estamos incrivelmente orgulhosos da organiza\u00e7\u00e3o...\" \/>\n<meta property=\"og:url\" content=\"https:\/\/169.254.129.2\/\" \/>\n<meta property=\"og:site_name\" content=\"Equinix Code of Business Conduct\" \/>\n<meta property=\"article:modified_time\" content=\"2024-11-27T03:45:22+00:00\" \/>\n<meta name=\"twitter:card\" content=\"summary_large_image\" \/>\n<meta name=\"twitter:label1\" content=\"Est. tempo de leitura\" \/>\n\t<meta name=\"twitter:data1\" content=\"5 minutos\" \/>\n<script type=\"application\/ld+json\" class=\"yoast-schema-graph\">{\"@context\":\"https:\/\/schema.org\",\"@graph\":[{\"@type\":\"WebPage\",\"@id\":\"https:\/\/169.254.129.2\/\",\"url\":\"https:\/\/169.254.129.2\/\",\"name\":\"Homepage - Equinix Code of Business Conduct\",\"isPartOf\":{\"@id\":\"https:\/\/cobc-prod.azurewebsites.net\/#website\"},\"datePublished\":\"2021-03-10T05:32:20+00:00\",\"dateModified\":\"2024-11-27T03:45:22+00:00\",\"breadcrumb\":{\"@id\":\"https:\/\/169.254.129.2\/#breadcrumb\"},\"inLanguage\":\"pt-BR\",\"potentialAction\":[{\"@type\":\"ReadAction\",\"target\":[\"https:\/\/169.254.129.2\/\"]}]},{\"@type\":\"BreadcrumbList\",\"@id\":\"https:\/\/169.254.129.2\/#breadcrumb\",\"itemListElement\":[{\"@type\":\"ListItem\",\"position\":1,\"name\":\"Home\",\"item\":\"https:\/\/169.254.129.2\/\"},{\"@type\":\"ListItem\",\"position\":2,\"name\":\"Homepage\"}]},{\"@type\":\"WebSite\",\"@id\":\"https:\/\/cobc-prod.azurewebsites.net\/#website\",\"url\":\"https:\/\/cobc-prod.azurewebsites.net\/\",\"name\":\"Equinix Code of Business Conduct\",\"description\":\"\",\"potentialAction\":[{\"@type\":\"SearchAction\",\"target\":{\"@type\":\"EntryPoint\",\"urlTemplate\":\"https:\/\/cobc-prod.azurewebsites.net\/?s={search_term_string}\"},\"query-input\":{\"@type\":\"PropertyValueSpecification\",\"valueRequired\":true,\"valueName\":\"search_term_string\"}}],\"inLanguage\":\"pt-BR\"}]}<\/script>\n<!-- \/ Yoast SEO plugin. -->","yoast_head_json":{"title":"Homepage - Equinix Code of Business Conduct","robots":{"index":"index","follow":"follow","max-snippet":"max-snippet:-1","max-image-preview":"max-image-preview:large","max-video-preview":"max-video-preview:-1"},"canonical":"https:\/\/169.254.129.2\/","og_locale":"pt_BR","og_type":"article","og_title":"Homepage - Equinix Code of Business Conduct","og_description":"[vc_row css_animation=&#8221;&#8221; row_type=&#8221;row&#8221; use_row_as_full_screen_section=&#8221;no&#8221; type=&#8221;full_width&#8221; angled_section=&#8221;no&#8221; text_align=&#8221;center&#8221; background_image_as_pattern=&#8221;without_pattern&#8221; z_index=&#8221;&#8221; background_image=&#8221;469&#8243; el_class=&#8221;slider-image&#8221;][vc_column][vc_column_text] C\u00d3DIGO DE CONDUTA EMPRESARIAL DA EQUINIX [\/vc_column_text][\/vc_column][\/vc_row][vc_row css_animation=&#8221;&#8221; row_type=&#8221;row&#8221; use_row_as_full_screen_section=&#8221;no&#8221; type=&#8221;grid&#8221; angled_section=&#8221;no&#8221; text_align=&#8221;left&#8221; background_image_as_pattern=&#8221;without_pattern&#8221; z_index=&#8221;&#8221; padding_top=&#8221;50&#8243; padding_bottom=&#8221;32&#8243; el_class=&#8221;our-message&#8221;][vc_column width=&#8221;2\/3&#8243;][vc_single_image image=&#8221;519&#8243; img_size=&#8221;full&#8221; qode_css_animation=&#8221;&#8221;][vc_empty_space height=&#8221;8px&#8221;][vc_column_text] NOSSA MENSAGEM Caros Colegas,\u00a0 \u202fNa Equinix, estamos incrivelmente orgulhosos da organiza\u00e7\u00e3o...","og_url":"https:\/\/169.254.129.2\/","og_site_name":"Equinix Code of Business Conduct","article_modified_time":"2024-11-27T03:45:22+00:00","twitter_card":"summary_large_image","twitter_misc":{"Est. tempo de leitura":"5 minutos"},"schema":{"@context":"https:\/\/schema.org","@graph":[{"@type":"WebPage","@id":"https:\/\/169.254.129.2\/","url":"https:\/\/169.254.129.2\/","name":"Homepage - Equinix Code of Business Conduct","isPartOf":{"@id":"https:\/\/cobc-prod.azurewebsites.net\/#website"},"datePublished":"2021-03-10T05:32:20+00:00","dateModified":"2024-11-27T03:45:22+00:00","breadcrumb":{"@id":"https:\/\/169.254.129.2\/#breadcrumb"},"inLanguage":"pt-BR","potentialAction":[{"@type":"ReadAction","target":["https:\/\/169.254.129.2\/"]}]},{"@type":"BreadcrumbList","@id":"https:\/\/169.254.129.2\/#breadcrumb","itemListElement":[{"@type":"ListItem","position":1,"name":"Home","item":"https:\/\/169.254.129.2\/"},{"@type":"ListItem","position":2,"name":"Homepage"}]},{"@type":"WebSite","@id":"https:\/\/cobc-prod.azurewebsites.net\/#website","url":"https:\/\/cobc-prod.azurewebsites.net\/","name":"Equinix Code of Business Conduct","description":"","potentialAction":[{"@type":"SearchAction","target":{"@type":"EntryPoint","urlTemplate":"https:\/\/cobc-prod.azurewebsites.net\/?s={search_term_string}"},"query-input":{"@type":"PropertyValueSpecification","valueRequired":true,"valueName":"search_term_string"}}],"inLanguage":"pt-BR"}]}},"_links":{"self":[{"href":"https:\/\/codeofbusinessconduct.equinix.com\/pt-br\/wp-json\/wp\/v2\/pages\/495","targetHints":{"allow":["GET"]}}],"collection":[{"href":"https:\/\/codeofbusinessconduct.equinix.com\/pt-br\/wp-json\/wp\/v2\/pages"}],"about":[{"href":"https:\/\/codeofbusinessconduct.equinix.com\/pt-br\/wp-json\/wp\/v2\/types\/page"}],"author":[{"embeddable":true,"href":"https:\/\/codeofbusinessconduct.equinix.com\/pt-br\/wp-json\/wp\/v2\/users\/1"}],"replies":[{"embeddable":true,"href":"https:\/\/codeofbusinessconduct.equinix.com\/pt-br\/wp-json\/wp\/v2\/comments?post=495"}],"version-history":[{"count":13,"href":"https:\/\/codeofbusinessconduct.equinix.com\/pt-br\/wp-json\/wp\/v2\/pages\/495\/revisions"}],"predecessor-version":[{"id":4903,"href":"https:\/\/codeofbusinessconduct.equinix.com\/pt-br\/wp-json\/wp\/v2\/pages\/495\/revisions\/4903"}],"wp:attachment":[{"href":"https:\/\/codeofbusinessconduct.equinix.com\/pt-br\/wp-json\/wp\/v2\/media?parent=495"}],"curies":[{"name":"wp","href":"https:\/\/api.w.org\/{rel}","templated":true}]}}