{"id":1884,"date":"2021-03-10T06:21:26","date_gmt":"2021-03-10T06:21:26","guid":{"rendered":"https:\/\/codeofbusinessconduct.equinix.com\/?page_id=1884"},"modified":"2025-12-15T09:27:15","modified_gmt":"2025-12-15T09:27:15","slug":"our-commitment-to-the-law","status":"publish","type":"page","link":"https:\/\/codeofbusinessconduct.equinix.com\/pl\/our-commitment-to-the-law\/","title":{"rendered":"NASZE ZOBOWI\u0104ZANIE DO PRZESTRZEGANIA PRAWA"},"content":{"rendered":"<section class=\"wpb-content-wrapper\"><p>[vc_row css_animation=&#8221;&#8221; row_type=&#8221;row&#8221; use_row_as_full_screen_section=&#8221;no&#8221; type=&#8221;full_width&#8221; angled_section=&#8221;no&#8221; text_align=&#8221;left&#8221; background_image_as_pattern=&#8221;without_pattern&#8221;][vc_column][vc_single_image image=&#8221;4095&#8243; img_size=&#8221;full&#8221; qode_css_animation=&#8221;&#8221;][vc_empty_space height=&#8221;8px&#8221;][vc_column_text]<\/p>\n<h3>NASZE ZOBOWI\u0104ZANIE DO PRZESTRZEGANIA PRAWA<\/h3>\n<div class=\"lead\">Na czym polegaj\u0105 legalne praktyki biznesowe i jak je stosowa\u0107<\/div>\n<p>[\/vc_column_text][\/vc_column][\/vc_row][vc_row css_animation=&#8221;&#8221; row_type=&#8221;row&#8221; use_row_as_full_screen_section=&#8221;no&#8221; type=&#8221;full_width&#8221; angled_section=&#8221;no&#8221; text_align=&#8221;left&#8221; background_image_as_pattern=&#8221;without_pattern&#8221; z_index=&#8221;&#8221; padding_top=&#8221;32&#8243; padding_bottom=&#8221;40&#8243;][vc_column][vc_single_image image=&#8221;1886&#8243; img_size=&#8221;full&#8221; alignment=&#8221;center&#8221; qode_css_animation=&#8221;&#8221; el_class=&#8221;w-100&#8243;][\/vc_column][\/vc_row][vc_row css_animation=&#8221;&#8221; row_type=&#8221;row&#8221; use_row_as_full_screen_section=&#8221;no&#8221; type=&#8221;full_width&#8221; angled_section=&#8221;no&#8221; text_align=&#8221;left&#8221; background_image_as_pattern=&#8221;without_pattern&#8221; z_index=&#8221;&#8221; anchor=&#8221;Competition_and_fair_dealing&#8221;][vc_column width=&#8221;2\/3&#8243; el_class=&#8221;purpose_values&#8221; css=&#8221;.vc_custom_1615545389684{padding-bottom: 30px !important;}&#8221;][vc_column_text css=&#8221;.vc_custom_1648114367826{margin-bottom: 20px !important;}&#8221;]Prowadzenie etycznej i uczciwej dzia\u0142alno\u015bci oznacza r\u00f3wnie\u017c przestrzeganie prawa. Jako globalna sp\u00f3\u0142ka musimy przestrzega\u0107 przepis\u00f3w we wszystkich miejscach, w kt\u00f3rych dzia\u0142amy. Jako pracownicy Equinix mamy obowi\u0105zek rozumie\u0107 wszystkie przepisy i regulacje, kt\u00f3re maj\u0105 wp\u0142yw na nasz\u0105 prac\u0119 i przestrzega\u0107 ich.<\/p>\n<h4>KONKURENCJA I UCZCIWE TRANSAKCJE<\/h4>\n<p>W Equinix cenimy wolny i otwarty rynek i staramy si\u0119 prze\u015bcign\u0105\u0107 konkurencj\u0119 stosuj\u0105c szczere i uczciwe praktyki.Nie staramy si\u0119 o pozyskanie informacji zastrze\u017conych innych podmiot\u00f3w, zdobycie tajemnic handlowych uzyskanych bez zgody w\u0142a\u015bciciela i nie prosimy by\u0142ych lub obecnych pracownik\u00f3w innych sp\u00f3\u0142ek o udost\u0119pnianie nam informacji zastrze\u017conych innych sp\u00f3\u0142ek.<\/p>\n<p>Zobowi\u0105zujemy si\u0119 do prowadzenia uczciwych i otwartych transakcji z wszystkimi naszymi dostawcami, niezale\u017cnie od ich lokalizacji lub rodzaju produkt\u00f3w lub us\u0142ug, kt\u00f3re zapewniaj\u0105. Prowadzimy otwarty i uczciwy process zakupowy, w ramach kt\u00f3rego dostawcy s\u0105 wybierani na zasadzie konkurencyjno\u015bci i nawi\u0105zujemy obop\u00f3lnie korzystne relacje w oparciu o blisk\u0105 wsp\u00f3\u0142prac\u0119 i otwart\u0105 komunikacj\u0119.[\/vc_column_text][vc_row_inner row_type=&#8221;row&#8221; type=&#8221;full_width&#8221; text_align=&#8221;left&#8221; css_animation=&#8221;&#8221; anchor=&#8221;Daily_privacy&#8221;][vc_column_inner][vc_column_text]<\/p>\n<h4>PRYWATNO\u015a\u0106 DANYCH<\/h4>\n<p>Przepisy i regulacje dotycz\u0105ce prywatno\u015bci danych mog\u0105 by\u0107 z\u0142o\u017cone i r\u00f3\u017cni\u0105 si\u0119 w zale\u017cno\u015bci od kraju. W Equinix respektujemy poufno\u015b\u0107 danych osobowych naszych pracownik\u00f3w. Staramy si\u0119 zachowa\u0107 prywatno\u015b\u0107 tych danych i wykorzystywa\u0107 je wy\u0142\u0105cznie w spos\u00f3b uzasadniony i odpowiedni do cel\u00f3w pracy w Equinix. Od pracownik\u00f3w oczekuje si\u0119 przestrzegania wszystkich zasad Sp\u00f3\u0142ki dotycz\u0105cych przetwarzania i przechowywania danych osobowych. W przypadku pyta\u0144 co do prywatno\u015bci danych, skontaktuj si\u0119 z lokalnym specjalist\u0105 ds. prywatno\u015bci.[\/vc_column_text][\/vc_column_inner][\/vc_row_inner][\/vc_column][vc_column width=&#8221;1\/3&#8243; css=&#8221;.vc_custom_1615545397340{padding-bottom: 30px !important;}&#8221;][vc_column_text]<\/p>\n<h4 class=\"exclaimation\">Pami\u0119taj:<\/h4>\n<div class=\"lead\">Zawsze szanuj i chro\u0144 informacje poufne lub zastrze\u017cone przekazane Ci przez naszych dostawc\u00f3w \u2013 daj im zna\u0107, \u017ce takiej samej dba\u0142o\u015bci oczekujemy od nich wobec naszych informacji.<\/div>\n<p>[\/vc_column_text][\/vc_column][\/vc_row][vc_row css_animation=&#8221;&#8221; row_type=&#8221;row&#8221; use_row_as_full_screen_section=&#8221;no&#8221; type=&#8221;full_width&#8221; angled_section=&#8221;no&#8221; text_align=&#8221;left&#8221; background_image_as_pattern=&#8221;without_pattern&#8221; z_index=&#8221;&#8221; anchor=&#8221;Anti-bribery_and_corruption&#8221;][vc_column width=&#8221;1\/2&#8243; el_class=&#8221;purpose_values&#8221; css=&#8221;.vc_custom_1616046403361{padding-bottom: 20px !important;}&#8221;][vc_column_text]<\/p>\n<h4>ZAKAZ \u0141APOWNICTWA I KORUPCJI<\/h4>\n<p>Praktyki biznesowe Equinix opieraj\u0105 si\u0119 na szczero\u015bci i prawo\u015bci. Nie proponujemy i nie wr\u0119czamy \u0142ap\u00f3wek, tajnych prowizji ani \u017cadnych innych niestosownych p\u0142atno\u015bci, z jakiegokolwiek powodu.<\/p>\n<p>Jako globalna sp\u00f3\u0142ka mamy obowi\u0105zek przestrzega\u0107 przepis\u00f3w antykorupcyjnych w krajach, w kt\u00f3rych dzia\u0142amy, m.in. ameryka\u0144skiej ustawy o praktykach korupcyjnych za granic\u0105 (FCPA) i brytyjskiej ustawy antykorupcyjnej. Przepisy te \u015bci\u015ble zakazuj\u0105 \u0142apownictwa i korupcji, zw\u0142aszcza gdy dotyczy to urz\u0119dnik\u00f3w pa\u0144stwowych. \u017baden pracownik, dyrektor, agent lub niezale\u017cny kontrahent Equinix dzia\u0142aj\u0105cy w naszym imieniu nie mo\u017ce proponowa\u0107 lub wr\u0119cza\u0107 komukolwiek \u017cadnej korzy\u015bci osobistej lub maj\u0105tkowej w celu zawarcia transakcji lub zyskania nieuczciwej przewagi. Naruszenia mog\u0105 narazi\u0107 Ciebie i Equinix na powa\u017cne kary i zaszkodzi\u0107 naszej reputacji.<\/p>\n<p>Ameryka\u0144skie przepisy antykorupcyjne s\u0105 bardzo szerokie, co oznacza, \u017ce wiele rodzaj\u00f3w prezent\u00f3w lub form rozrywki przekazywanych pracownikom rz\u0105du mo\u017cna uzna\u0107 za niew\u0142a\u015bciwe. Dlatego pracownicy nie mog\u0105 wr\u0119cza\u0107, proponowa\u0107, obiecywa\u0107 ani zatwierdza\u0107 \u017cadnych p\u0142atno\u015bci, korzy\u015bci lub prezent\u00f3w w postaci got\u00f3wki lub innych korzy\u015bci urz\u0119dnikowi pa\u0144stwowemu z wyj\u0105tkiem bardzo ograniczonych przypadk\u00f3w podanych poni\u017cej. Zasada ta obowi\u0105zuje niezale\u017cnie od tego czy wr\u0119czasz prezent lub inn\u0105 korzy\u015b\u0107 samodzielnie lub przez stron\u0119 trzeci\u0105, np. dystrybutora lub niezale\u017cnego kontrahenta.<\/p>\n<p>Zasada ta obowi\u0105zuje niezale\u017cnie od tego czy chcesz zawrze\u0107 transakcj\u0119 czy zyska\u0107 przewag\u0119 nad innymi (np. specjalne, preferencyjne traktowanie, kt\u00f3re nie jest oferowane konkurencji). Wszelkie prezenty lub formy rozrywki proponowane urz\u0119dnikowi rz\u0105dowemu lub pa\u0144stwowemu musz\u0105 spe\u0142nia\u0107 podane kryteria:[\/vc_column_text][\/vc_column][vc_column width=&#8221;1\/2&#8243; el_class=&#8221;purpose_values&#8221; css=&#8221;.vc_custom_1615545765099{padding-bottom: 20px !important;}&#8221;][vc_single_image image=&#8221;1887&#8243; img_size=&#8221;full&#8221; alignment=&#8221;center&#8221; qode_css_animation=&#8221;&#8221; el_class=&#8221;w-100&#8243;][vc_empty_space height=&#8221;65px&#8221;][vc_column_text]<\/p>\n<ul>\n<li>Ka\u017cda forma rozrywki musi by\u0107 uzasadniona, przekazana w dobrej wierze i bezpo\u015brednio zwi\u0105zana z promocj\u0105, pokazem lub obja\u015bnieniem produkt\u00f3w lub us\u0142ug \u2013 lub powi\u0105zana z realizacj\u0105 umowy pomi\u0119dzy Equinix a rz\u0105dem lub podmiotem publicznym.<\/li>\n<li>Wszystkie prezenty i formy rozrywki musz\u0105 by\u0107 zgodne z wszystkimi zasadami Equinix, w tym z nasz\u0105 Polityk\u0105 rozlicze\u0144 podr\u00f3\u017cy s\u0142u\u017cbowych<\/li>\n<li>Nigdy nie nale\u017cy proponowa\u0107 \u017cadnych prezent\u00f3w ani form rozrywki pracownikowi rz\u0105du w celu zapewnienia sobie niew\u0142a\u015bciwej korzy\u015bci biznesowej.<\/li>\n<\/ul>\n<p>[\/vc_column_text][\/vc_column][\/vc_row][vc_row css_animation=&#8221;&#8221; row_type=&#8221;row&#8221; use_row_as_full_screen_section=&#8221;no&#8221; type=&#8221;full_width&#8221; angled_section=&#8221;no&#8221; text_align=&#8221;left&#8221; background_image_as_pattern=&#8221;without_pattern&#8221; z_index=&#8221;&#8221;][vc_column width=&#8221;1\/2&#8243; css=&#8221;.vc_custom_1615545826324{padding-bottom: 26px !important;}&#8221;][vc_single_image image=&#8221;1888&#8243; img_size=&#8221;full&#8221; alignment=&#8221;center&#8221; qode_css_animation=&#8221;&#8221; el_class=&#8221;w-100&#8243;][\/vc_column][vc_column width=&#8221;1\/2&#8243; el_class=&#8221;purpose_values&#8221; css=&#8221;.vc_custom_1615545831124{padding-bottom: 26px !important;}&#8221;][vc_column_text]Ka\u017cdy prezent wr\u0119czany przez Ciebie w zwi\u0105zku z Twoj\u0105 prac\u0105 musi by\u0107 transparentny, w\u0142a\u015bciwie odnotowany w naszej dokumentacji korporacyjnej i dozwolony w ramach naszych zasad. Zg\u0142aszaj\u0105c prezent, musisz poda\u0107 przeznaczenie prezentu oraz osob\u0119, kt\u00f3rej zosta\u0142 wr\u0119czony. Je\u015bli prezent jest przeznaczony dla przedstawiciela rz\u0105du, nale\u017cy zawsze uzyska\u0107 uprzedni\u0105 zgod\u0119 dzia\u0142u zgodno\u015bci z przepisami.<\/p>\n<p>W razie jakichkolwiek pyta\u0144 lub potrzeby uzyskania wytycznych w tym obszarze, skontaktuj si\u0119 ze specjalist\u0105 Equinix ds. zgodno\u015bci z przepisami. Je\u015bli wiesz o domniemanym lub faktycznym naruszeniu polityki, masz obowi\u0105zek natychmiast to zg\u0142osi\u0107.[\/vc_column_text][\/vc_column][\/vc_row][vc_row css_animation=&#8221;&#8221; row_type=&#8221;row&#8221; use_row_as_full_screen_section=&#8221;no&#8221; type=&#8221;full_width&#8221; angled_section=&#8221;no&#8221; text_align=&#8221;left&#8221; background_image_as_pattern=&#8221;without_pattern&#8221; z_index=&#8221;&#8221; anchor=&#8221;Intellectual_property&#8221;][vc_column width=&#8221;2\/3&#8243; el_class=&#8221;purpose_values&#8221;][vc_column_text]<\/p>\n<h4>W\u0141ASNO\u015a\u0106 INTELEKTUALNA<\/h4>\n<p>W\u0142asno\u015b\u0107 intelektualna obejmuje prawa autorskie, patenty, znaki handlowe, tajemnice handlowe i inn\u0105 w\u0142asno\u015b\u0107 niematerialn\u0105. Podejmujemy aktywne dzia\u0142ania na rzecz ochrony i egzekwowania naszych w\u0142asnych praw w\u0142asno\u015bci intelektualnej; podobne \u015brodki musimy stosowa\u0107 do ochrony w\u0142asno\u015bci intelektualnej stron trzecich. Udost\u0119pniaj\u0105c w\u0142asno\u015b\u0107 intelektualn\u0105 stronom trzecim musimy upewni\u0107 si\u0119, \u017ce zgadzaj\u0105 si\u0119 u\u017cywa\u0107 i chroni\u0107 nasz\u0105 w\u0142asno\u015b\u0107 zgodnie z zasadami Equinix.<\/p>\n<p>Wiele materia\u0142\u00f3w, z kt\u00f3rych korzystasz ka\u017cdego dnia jest obj\u0119ta prawami autorskimi &#8211; m.in. oprogramowanie komputerowe, ksi\u0105\u017cki, instrukcje, zasoby audio i wideo, czasopisma i magazyny bran\u017cowe. Inne, mniej oczywiste przyk\u0142ady prac podlegaj\u0105cych prawom autorskim obejmuj\u0105 slajdy prezentacji, materia\u0142y szkoleniowe, modele zarz\u0105dzania i metodologie rozwi\u0105zywania problem\u00f3w. Nigdy nie mo\u017cemy \u015bwiadomie narusza\u0107 praw w\u0142asno\u015bci intelektualnej innych os\u00f3b. Equinix \u015bci\u015ble zakazuje powielania, dystrybucji lub zmiany jakichkolwiek materia\u0142\u00f3w chronionych prawem autorskim bez zgody w\u0142a\u015bciciela lub upowa\u017cnionego agenta. Nale\u017cy r\u00f3wnie\u017c pami\u0119ta\u0107, aby nigdy nie dopuszcza\u0107 si\u0119 nielegalnego kopiowania lub u\u017cytkowania do cel\u00f3w osobistych lub biznesowych oprogramowania komputerowego obj\u0119tego licencj\u0105 sp\u00f3\u0142ki.[\/vc_column_text][\/vc_column][vc_column width=&#8221;1\/3&#8243;][\/vc_column][\/vc_row][vc_row css_animation=&#8221;&#8221; row_type=&#8221;row&#8221; use_row_as_full_screen_section=&#8221;no&#8221; type=&#8221;full_width&#8221; angled_section=&#8221;no&#8221; text_align=&#8221;left&#8221; background_image_as_pattern=&#8221;without_pattern&#8221; z_index=&#8221;&#8221; padding_top=&#8221;16&#8243; padding_bottom=&#8221;142&#8243; el_class=&#8221;inside_space&#8221; anchor=&#8221;Inside_information_and_securities_trading&#8221;][vc_column width=&#8221;2\/3&#8243; el_class=&#8221;purpose_values&#8221;][vc_column_text]<\/p>\n<h4>INFORMACJE WEWN\u0118TRZNE I OBR\u00d3T PAPIERAMI WARTO\u015aCIOWYMI<\/h4>\n<p>Nie mo\u017cesz kupowa\u0107 i sprzedawa\u0107 akcji Equinix, je\u015bli posiadasz jakiekolwiek \u201eistotne informacje\u201d na temat Sp\u00f3\u0142ki, kt\u00f3re nie zosta\u0142y ujawnione publicznie (znane r\u00f3wnie\u017c jako \u201einformacje wewn\u0119trzne\u201d). Je\u015bli zdob\u0119dziesz informacje wewn\u0119trzne dotycz\u0105ce innych sp\u00f3\u0142ek, np. klient\u00f3w lub dostawc\u00f3w, r\u00f3wnie\u017c nie wolno Ci kupowa\u0107 i sprzedawa\u0107 akcji tej sp\u00f3\u0142ki. Je\u015bli przeka\u017cesz informacje wewn\u0119trzne lub \u201ewskaz\u00f3wki\u201d stronie trzeciej, kt\u00f3ra nast\u0119pnie wykorzysta te dane w obrocie papierami warto\u015bciowymi, mo\u017cesz odpowiada\u0107 za nielegalny handel. Mo\u017ce Ci r\u00f3wnie\u017c grozi\u0107 odpowiedzialno\u015b\u0107 za handel prowadzony przez inn\u0105 osob\u0119 na podstawie przekazanych przez Ciebie stronie trzeciej \u2013 w tym rodzinie i przyjacio\u0142om &#8211; informacji poufnych. Je\u015bli pod wp\u0142ywem przekazanych przez Ciebie informacji wewn\u0119trznych cz\u0142onek rodziny lub przyjaciel kupi lub sprzeda akcje Equinix, mo\u017cesz ponie\u015b\u0107 odpowiedzialno\u015b\u0107 karn\u0105 jako \u201eosoba dostarczaj\u0105ca informacji\u201d na mocy federalnych przepis\u00f3w o papierach warto\u015bciowych.<\/p>\n<p>Equinix uznaje za niew\u0142a\u015bciwe, aby osoby zatrudnione w Equinix lub zwi\u0105zane z firm\u0105 uczestniczy\u0142y w kr\u00f3tkoterminowych lub spekulacyjnych transakcjach z papierami warto\u015bciowymi Equinix lub w innych transakcjach z papierami warto\u015bciowymi Equinix, kt\u00f3re mog\u0105 prowadzi\u0107 do niezamierzonych narusze\u0144 przepis\u00f3w o wykorzystaniu informacji poufnych w obrocie papierami warto\u015bciowymi. Stosownie do tego Tw\u00f3j handel papierami warto\u015bciowymi Equinix podlega dodatkowym wytycznym, bardziej szczeg\u00f3\u0142owo opisanym w Polityce obrotu papierami warto\u015bciowymi Equinix.<\/p>\n<p>Aby upewni\u0107 si\u0119, \u017ce przestrzegasz przepis\u00f3w zakazuj\u0105cych wykorzystywania informacji poufnych w obrocie papierami warto\u015bciowymi, zapoznaj si\u0119 z Polityk\u0105 obrotu papierami warto\u015bciowymi Equinix. W razie pyta\u0144 skontaktuj si\u0119 z dzia\u0142em zgodno\u015bci z przepisami.[\/vc_column_text][vc_empty_space height=&#8221;24px&#8221;]<a class=\"recom-read-link\" href=\"\/pl\/additional-resources\/#recommended_readings\" target=\"_self\"><div class=\"recommend_book\"><div class=\"recommend_icon\"><img decoding=\"async\" src=\"https:\/\/codeofbusinessconduct.equinix.com\/wp-content\/uploads\/2021\/03\/recommend_book.svg\" \/><\/div><div class=\"recommend_content\"><h4>ZALECANA LEKTURA:<br>POLITYKA OBROTU PAPIERAMI WARTO\u015aCIOWYMI EQUINIX<\/h4><\/div><\/div><\/a>[\/vc_column][vc_column width=&#8221;1\/3&#8243; css=&#8221;.vc_custom_1615790628304{padding-top: 35px !important;}&#8221;][vc_column_text]<\/p>\n<h4 class=\"exclaimation\">Pami\u0119taj:<\/h4>\n<div class=\"lead\">Informacje wewn\u0119trzne to poufne dane, kt\u00f3re w razie ich upublicznienia wp\u0142yn\u0119\u0142yby na decyzj\u0119 inwestora o zakupie, sprzeda\u017cy lub zachowaniu akcji Equinix.<\/div>\n<p>[\/vc_column_text][\/vc_column][\/vc_row]<\/p>\n<\/section>","protected":false},"excerpt":{"rendered":"<p>[vc_row css_animation=&#8221;&#8221; row_type=&#8221;row&#8221; use_row_as_full_screen_section=&#8221;no&#8221; type=&#8221;full_width&#8221; angled_section=&#8221;no&#8221; text_align=&#8221;left&#8221; background_image_as_pattern=&#8221;without_pattern&#8221;][vc_column][vc_single_image image=&#8221;4095&#8243; img_size=&#8221;full&#8221; qode_css_animation=&#8221;&#8221;][vc_empty_space height=&#8221;8px&#8221;][vc_column_text] NASZE ZOBOWI\u0104ZANIE DO PRZESTRZEGANIA PRAWA Na czym polegaj\u0105 legalne praktyki biznesowe i jak je stosowa\u0107 [\/vc_column_text][\/vc_column][\/vc_row][vc_row css_animation=&#8221;&#8221; row_type=&#8221;row&#8221; use_row_as_full_screen_section=&#8221;no&#8221; type=&#8221;full_width&#8221; angled_section=&#8221;no&#8221; text_align=&#8221;left&#8221; background_image_as_pattern=&#8221;without_pattern&#8221; z_index=&#8221;&#8221; padding_top=&#8221;32&#8243; padding_bottom=&#8221;40&#8243;][vc_column][vc_single_image image=&#8221;1886&#8243; img_size=&#8221;full&#8221; alignment=&#8221;center&#8221; qode_css_animation=&#8221;&#8221; el_class=&#8221;w-100&#8243;][\/vc_column][\/vc_row][vc_row css_animation=&#8221;&#8221; row_type=&#8221;row&#8221;&#8230;<\/p>\n","protected":false},"author":1,"featured_media":0,"parent":0,"menu_order":0,"comment_status":"closed","ping_status":"closed","template":"","meta":{"inline_featured_image":false,"footnotes":""},"class_list":["post-1884","page","type-page","status-publish","hentry"],"yoast_head":"<!-- This site is optimized with the Yoast SEO plugin v25.8 - https:\/\/yoast.com\/wordpress\/plugins\/seo\/ -->\n<title>NASZE ZOBOWI\u0104ZANIE DO PRZESTRZEGANIA PRAWA - Equinix Code of Business Conduct<\/title>\n<meta name=\"robots\" content=\"index, follow, max-snippet:-1, max-image-preview:large, max-video-preview:-1\" \/>\n<link rel=\"canonical\" href=\"https:\/\/codeofbusinessconduct.equinix.com\/pl\/our-commitment-to-the-law\/\" \/>\n<meta property=\"og:locale\" content=\"pl_PL\" \/>\n<meta property=\"og:type\" content=\"article\" \/>\n<meta property=\"og:title\" content=\"NASZE ZOBOWI\u0104ZANIE DO PRZESTRZEGANIA PRAWA - Equinix Code of Business Conduct\" \/>\n<meta property=\"og:description\" content=\"[vc_row css_animation=&#8221;&#8221; row_type=&#8221;row&#8221; use_row_as_full_screen_section=&#8221;no&#8221; type=&#8221;full_width&#8221; angled_section=&#8221;no&#8221; text_align=&#8221;left&#8221; background_image_as_pattern=&#8221;without_pattern&#8221;][vc_column][vc_single_image image=&#8221;4095&#8243; img_size=&#8221;full&#8221; qode_css_animation=&#8221;&#8221;][vc_empty_space height=&#8221;8px&#8221;][vc_column_text] NASZE ZOBOWI\u0104ZANIE DO PRZESTRZEGANIA PRAWA Na czym polegaj\u0105 legalne praktyki biznesowe i jak je stosowa\u0107 [\/vc_column_text][\/vc_column][\/vc_row][vc_row css_animation=&#8221;&#8221; row_type=&#8221;row&#8221; use_row_as_full_screen_section=&#8221;no&#8221; type=&#8221;full_width&#8221; angled_section=&#8221;no&#8221; text_align=&#8221;left&#8221; background_image_as_pattern=&#8221;without_pattern&#8221; z_index=&#8221;&#8221; padding_top=&#8221;32&#8243; padding_bottom=&#8221;40&#8243;][vc_column][vc_single_image image=&#8221;1886&#8243; img_size=&#8221;full&#8221; alignment=&#8221;center&#8221; qode_css_animation=&#8221;&#8221; el_class=&#8221;w-100&#8243;][\/vc_column][\/vc_row][vc_row css_animation=&#8221;&#8221; row_type=&#8221;row&#8221;...\" \/>\n<meta property=\"og:url\" content=\"https:\/\/codeofbusinessconduct.equinix.com\/pl\/our-commitment-to-the-law\/\" \/>\n<meta property=\"og:site_name\" content=\"Equinix Code of Business Conduct\" \/>\n<meta property=\"article:modified_time\" content=\"2025-12-15T09:27:15+00:00\" \/>\n<meta name=\"twitter:card\" content=\"summary_large_image\" \/>\n<meta name=\"twitter:label1\" content=\"Szacowany czas czytania\" \/>\n\t<meta name=\"twitter:data1\" content=\"6 minut\" \/>\n<script type=\"application\/ld+json\" class=\"yoast-schema-graph\">{\"@context\":\"https:\/\/schema.org\",\"@graph\":[{\"@type\":\"WebPage\",\"@id\":\"https:\/\/codeofbusinessconduct.equinix.com\/pl\/our-commitment-to-the-law\/\",\"url\":\"https:\/\/codeofbusinessconduct.equinix.com\/pl\/our-commitment-to-the-law\/\",\"name\":\"NASZE ZOBOWI\u0104ZANIE DO PRZESTRZEGANIA PRAWA - Equinix Code of Business Conduct\",\"isPartOf\":{\"@id\":\"https:\/\/cobc-prod.azurewebsites.net\/#website\"},\"datePublished\":\"2021-03-10T06:21:26+00:00\",\"dateModified\":\"2025-12-15T09:27:15+00:00\",\"breadcrumb\":{\"@id\":\"https:\/\/codeofbusinessconduct.equinix.com\/pl\/our-commitment-to-the-law\/#breadcrumb\"},\"inLanguage\":\"pl-PL\",\"potentialAction\":[{\"@type\":\"ReadAction\",\"target\":[\"https:\/\/codeofbusinessconduct.equinix.com\/pl\/our-commitment-to-the-law\/\"]}]},{\"@type\":\"BreadcrumbList\",\"@id\":\"https:\/\/codeofbusinessconduct.equinix.com\/pl\/our-commitment-to-the-law\/#breadcrumb\",\"itemListElement\":[{\"@type\":\"ListItem\",\"position\":1,\"name\":\"Home\",\"item\":\"https:\/\/codeofbusinessconduct.equinix.com\/pl\/\"},{\"@type\":\"ListItem\",\"position\":2,\"name\":\"NASZE ZOBOWI\u0104ZANIE DO PRZESTRZEGANIA PRAWA\"}]},{\"@type\":\"WebSite\",\"@id\":\"https:\/\/cobc-prod.azurewebsites.net\/#website\",\"url\":\"https:\/\/cobc-prod.azurewebsites.net\/\",\"name\":\"Equinix Code of Business Conduct\",\"description\":\"\",\"potentialAction\":[{\"@type\":\"SearchAction\",\"target\":{\"@type\":\"EntryPoint\",\"urlTemplate\":\"https:\/\/cobc-prod.azurewebsites.net\/?s={search_term_string}\"},\"query-input\":{\"@type\":\"PropertyValueSpecification\",\"valueRequired\":true,\"valueName\":\"search_term_string\"}}],\"inLanguage\":\"pl-PL\"}]}<\/script>\n<!-- \/ Yoast SEO plugin. -->","yoast_head_json":{"title":"NASZE ZOBOWI\u0104ZANIE DO PRZESTRZEGANIA PRAWA - Equinix Code of Business Conduct","robots":{"index":"index","follow":"follow","max-snippet":"max-snippet:-1","max-image-preview":"max-image-preview:large","max-video-preview":"max-video-preview:-1"},"canonical":"https:\/\/codeofbusinessconduct.equinix.com\/pl\/our-commitment-to-the-law\/","og_locale":"pl_PL","og_type":"article","og_title":"NASZE ZOBOWI\u0104ZANIE DO PRZESTRZEGANIA PRAWA - Equinix Code of Business Conduct","og_description":"[vc_row css_animation=&#8221;&#8221; row_type=&#8221;row&#8221; use_row_as_full_screen_section=&#8221;no&#8221; type=&#8221;full_width&#8221; angled_section=&#8221;no&#8221; text_align=&#8221;left&#8221; background_image_as_pattern=&#8221;without_pattern&#8221;][vc_column][vc_single_image image=&#8221;4095&#8243; img_size=&#8221;full&#8221; qode_css_animation=&#8221;&#8221;][vc_empty_space height=&#8221;8px&#8221;][vc_column_text] NASZE ZOBOWI\u0104ZANIE DO PRZESTRZEGANIA PRAWA Na czym polegaj\u0105 legalne praktyki biznesowe i jak je stosowa\u0107 [\/vc_column_text][\/vc_column][\/vc_row][vc_row css_animation=&#8221;&#8221; row_type=&#8221;row&#8221; use_row_as_full_screen_section=&#8221;no&#8221; type=&#8221;full_width&#8221; angled_section=&#8221;no&#8221; text_align=&#8221;left&#8221; background_image_as_pattern=&#8221;without_pattern&#8221; z_index=&#8221;&#8221; padding_top=&#8221;32&#8243; padding_bottom=&#8221;40&#8243;][vc_column][vc_single_image image=&#8221;1886&#8243; img_size=&#8221;full&#8221; alignment=&#8221;center&#8221; qode_css_animation=&#8221;&#8221; el_class=&#8221;w-100&#8243;][\/vc_column][\/vc_row][vc_row css_animation=&#8221;&#8221; row_type=&#8221;row&#8221;...","og_url":"https:\/\/codeofbusinessconduct.equinix.com\/pl\/our-commitment-to-the-law\/","og_site_name":"Equinix Code of Business Conduct","article_modified_time":"2025-12-15T09:27:15+00:00","twitter_card":"summary_large_image","twitter_misc":{"Szacowany czas czytania":"6 minut"},"schema":{"@context":"https:\/\/schema.org","@graph":[{"@type":"WebPage","@id":"https:\/\/codeofbusinessconduct.equinix.com\/pl\/our-commitment-to-the-law\/","url":"https:\/\/codeofbusinessconduct.equinix.com\/pl\/our-commitment-to-the-law\/","name":"NASZE ZOBOWI\u0104ZANIE DO PRZESTRZEGANIA PRAWA - Equinix Code of Business Conduct","isPartOf":{"@id":"https:\/\/cobc-prod.azurewebsites.net\/#website"},"datePublished":"2021-03-10T06:21:26+00:00","dateModified":"2025-12-15T09:27:15+00:00","breadcrumb":{"@id":"https:\/\/codeofbusinessconduct.equinix.com\/pl\/our-commitment-to-the-law\/#breadcrumb"},"inLanguage":"pl-PL","potentialAction":[{"@type":"ReadAction","target":["https:\/\/codeofbusinessconduct.equinix.com\/pl\/our-commitment-to-the-law\/"]}]},{"@type":"BreadcrumbList","@id":"https:\/\/codeofbusinessconduct.equinix.com\/pl\/our-commitment-to-the-law\/#breadcrumb","itemListElement":[{"@type":"ListItem","position":1,"name":"Home","item":"https:\/\/codeofbusinessconduct.equinix.com\/pl\/"},{"@type":"ListItem","position":2,"name":"NASZE ZOBOWI\u0104ZANIE DO PRZESTRZEGANIA PRAWA"}]},{"@type":"WebSite","@id":"https:\/\/cobc-prod.azurewebsites.net\/#website","url":"https:\/\/cobc-prod.azurewebsites.net\/","name":"Equinix Code of Business Conduct","description":"","potentialAction":[{"@type":"SearchAction","target":{"@type":"EntryPoint","urlTemplate":"https:\/\/cobc-prod.azurewebsites.net\/?s={search_term_string}"},"query-input":{"@type":"PropertyValueSpecification","valueRequired":true,"valueName":"search_term_string"}}],"inLanguage":"pl-PL"}]}},"_links":{"self":[{"href":"https:\/\/codeofbusinessconduct.equinix.com\/pl\/wp-json\/wp\/v2\/pages\/1884","targetHints":{"allow":["GET"]}}],"collection":[{"href":"https:\/\/codeofbusinessconduct.equinix.com\/pl\/wp-json\/wp\/v2\/pages"}],"about":[{"href":"https:\/\/codeofbusinessconduct.equinix.com\/pl\/wp-json\/wp\/v2\/types\/page"}],"author":[{"embeddable":true,"href":"https:\/\/codeofbusinessconduct.equinix.com\/pl\/wp-json\/wp\/v2\/users\/1"}],"replies":[{"embeddable":true,"href":"https:\/\/codeofbusinessconduct.equinix.com\/pl\/wp-json\/wp\/v2\/comments?post=1884"}],"version-history":[{"count":13,"href":"https:\/\/codeofbusinessconduct.equinix.com\/pl\/wp-json\/wp\/v2\/pages\/1884\/revisions"}],"predecessor-version":[{"id":5286,"href":"https:\/\/codeofbusinessconduct.equinix.com\/pl\/wp-json\/wp\/v2\/pages\/1884\/revisions\/5286"}],"wp:attachment":[{"href":"https:\/\/codeofbusinessconduct.equinix.com\/pl\/wp-json\/wp\/v2\/media?parent=1884"}],"curies":[{"name":"wp","href":"https:\/\/api.w.org\/{rel}","templated":true}]}}