{"id":1825,"date":"2021-03-10T05:32:20","date_gmt":"2021-03-10T05:32:20","guid":{"rendered":"https:\/\/codeofbusinessconduct.equinix.com\/?page_id=1825"},"modified":"2024-11-27T01:01:26","modified_gmt":"2024-11-27T01:01:26","slug":"homepage","status":"publish","type":"page","link":"https:\/\/codeofbusinessconduct.equinix.com\/pl\/","title":{"rendered":"Homepage"},"content":{"rendered":"<section class=\"wpb-content-wrapper\"><p>[vc_row css_animation=&#8221;&#8221; row_type=&#8221;row&#8221; use_row_as_full_screen_section=&#8221;no&#8221; type=&#8221;full_width&#8221; angled_section=&#8221;no&#8221; text_align=&#8221;center&#8221; background_image_as_pattern=&#8221;without_pattern&#8221; z_index=&#8221;&#8221; background_image=&#8221;469&#8243; el_class=&#8221;slider-image&#8221;][vc_column][vc_column_text]<\/p>\n<h1>KODEKS ETYKI ZAWODOWEJ EQUINIX<\/h1>\n<p>[\/vc_column_text][\/vc_column][\/vc_row][vc_row css_animation=&#8221;&#8221; row_type=&#8221;row&#8221; use_row_as_full_screen_section=&#8221;no&#8221; type=&#8221;grid&#8221; angled_section=&#8221;no&#8221; text_align=&#8221;left&#8221; background_image_as_pattern=&#8221;without_pattern&#8221; z_index=&#8221;&#8221; padding_top=&#8221;50&#8243; padding_bottom=&#8221;32&#8243; el_class=&#8221;our-message&#8221;][vc_column width=&#8221;2\/3&#8243;][vc_single_image image=&#8221;1833&#8243; img_size=&#8221;full&#8221; qode_css_animation=&#8221;&#8221;][vc_empty_space height=&#8221;8px&#8221;][vc_column_text]<\/p>\n<h3>NASZ PRZEKAZ<\/h3>\n<div class=\"lead\">\n<p><span data-contrast=\"auto\">Szanowni Pa\u0144stwo,<\/span><span data-ccp-props=\"{}\">\u00a0<\/span><\/p>\n<p><span data-contrast=\"auto\">\u202f<\/span><span data-contrast=\"auto\">W Equinix odczuwamy spor\u0105 dum\u0119 z\u202fnaszej dobrze prosperuj\u0105cej organizacji, kt\u00f3r\u0105 zbudowali\u015bmy wsp\u00f3lnymi si\u0142ami. Jako przedsi\u0119biorstwo globalne i\u202fprzoduj\u0105ce w\u202fswojej bran\u017cy, Equinix ma mo\u017cliwo\u015b\u0107 ustanowienia standardu etycznych praktyk biznesowych i\u202fjest odpowiedzialne za ten krok. Standard ten pozwoli naszym klientom i\u202fpartnerom zyska\u0107 pewno\u015b\u0107, \u017ce mog\u0105 zaufa\u0107 naszej sp\u00f3\u0142ce oraz dostarczanym przez ni\u0105 produktom i\u202fus\u0142ugom. Nasza reputacja podmiotu szanuj\u0105cego kwestie etyczne jest jednym z\u202felement\u00f3w, kt\u00f3re najbardziej odr\u00f3\u017cniaj\u0105 nas od otoczenia, a\u202fzatem wszyscy musimy j\u0105 wspiera\u0107.\u202f<\/span><span data-ccp-props=\"{}\">\u00a0<\/span><\/p>\n<p><span data-contrast=\"auto\">Przyj\u0119ty przez nas Kodeks post\u0119powania w\u202fbiznesie stanowi odbicie warto\u015bci etycznych i\u202fstandard\u00f3w le\u017c\u0105cych u\u202fpodstaw Equinix. Zawiera on informacje, zasoby i\u202fnarz\u0119dzia, kt\u00f3rych potrzebujemy, aby tworzy\u0107 jasne i\u202fsp\u00f3jne globalne standardy etycznego post\u0119powania w\u202fbiznesie i\u202fzgodno\u015bci z\u202fprzepisami. Oczekuje si\u0119, \u017ce wszyscy b\u0119dziemy zna\u0107 nasz Kodeks i\u202fkierowa\u0107 si\u0119 nim w\u202fdzia\u0142aniach na rzecz sp\u00f3\u0142ki. Dokument ten ma pom\u00f3c nam przy dokonywaniu w\u0142a\u015bciwych wybor\u00f3w w\u202ftrudnych sytuacjach etycznych.\u202f<\/span><span data-ccp-props=\"{}\">\u00a0<\/span><\/p>\n<p><span data-contrast=\"auto\">Jako pracownicy Equinix wszyscy mamy prawo i\u202fobowi\u0105zek chroni\u0107 kultur\u0119 naszej firmy przed wszystkimi dzia\u0142aniami, kt\u00f3re zagra\u017caj\u0105 naszym warto\u015bciom lub szkodz\u0105 naszej reputacji. To w\u0142a\u015bnie wzajemna odpowiedzialno\u015b\u0107 za stosowanie naszych warto\u015bci w\u202fpraktyce czyni z\u202fEquinix miejsce wyj\u0105tkowe. W razie ewentualnych pyta\u0144 lub w\u0105tpliwo\u015bci dotycz\u0105cych naruszenia naszego Kodeksu post\u0119powania w\u202fbiznesie prosimy o\u202fwypowiedzenie si\u0119. Zach\u0119camy do rozmowy ze swoim prze\u0142o\u017conym, specjalist\u0105 Equinix ds. zgodno\u015bci z\u202fprzepisami, globalnym radc\u0105 prawnym lub dyrektorem ds. prawnych i\u202fHR. Mo\u017cna r\u00f3wnie\u017c dokona\u0107 anonimowego zg\u0142oszenia, korzystaj\u0105c z\u202fnaszego internetowego formularza etycznego lub dost\u0119pnej w\u202fr\u00f3\u017cnych j\u0119zykach infolinii.\u202f<\/span><span data-ccp-props=\"{}\">\u00a0<\/span><\/p>\n<p><span data-contrast=\"auto\">W Equinix odczuwamy dum\u0119, poniewa\u017c stawiamy na etyk\u0119, zaanga\u017cowanie i\u202fupodmiotowienie. Nasi pracownicy i\u202fwytworzona kultura wywindowa\u0142y Equinix na obecn\u0105 pozycj\u0119 lidera i\u202fb\u0119d\u0105 pod\u0142o\u017cem, na kt\u00f3rym pojawi\u0105 si\u0119 dalsze sukcesy.<\/span><span data-ccp-props=\"{}\">\u00a0<\/span><\/p>\n<p><span data-contrast=\"auto\">\u202f<\/span><strong>Adaire Fox-Martin\u00a0<\/strong><\/p>\n<p><span data-contrast=\"auto\">Dyrektor Generalny i\u202fPrezes<\/span><span data-ccp-props=\"{}\">\u00a0<\/span><\/p>\n<p><strong>Charles Meyers\u00a0<\/strong><\/p>\n<p><span data-contrast=\"auto\">Prezes Zarz\u0105du<\/span><span data-ccp-props=\"{}\">\u00a0<\/span><\/p>\n<\/div>\n<p>[\/vc_column_text][\/vc_column][vc_column width=&#8221;1\/3&#8243; el_class=&#8221;chief-images&#8221;][vc_single_image image=&#8221;4738&#8243; img_size=&#8221;full&#8221; qode_css_animation=&#8221;&#8221;][vc_single_image image=&#8221;4658&#8243; img_size=&#8221;full&#8221; qode_css_animation=&#8221;&#8221;][vc_column_text el_class=&#8221;team_header&#8221;]<strong>Adaire Fox-Martin\u00a0<\/strong><\/p>\n<p><span data-contrast=\"auto\">Dyrektor Generalny i\u202fPrezes<\/span><span data-ccp-props=\"{}\">\u00a0<\/span>[\/vc_column_text][vc_empty_space height=&#8221;30px&#8221;][vc_single_image image=&#8221;4778&#8243; img_size=&#8221;full&#8221; qode_css_animation=&#8221;&#8221;][vc_single_image image=&#8221;4798&#8243; img_size=&#8221;full&#8221; qode_css_animation=&#8221;&#8221;][vc_column_text el_class=&#8221;team_header&#8221;]<strong>Charles Meyers\u00a0<\/strong><\/p>\n<p><span data-contrast=\"auto\">Prezes Zarz\u0105du<\/span><span data-ccp-props=\"{}\">\u00a0<\/span>[\/vc_column_text][\/vc_column][\/vc_row][vc_row css_animation=&#8221;&#8221; row_type=&#8221;row&#8221; use_row_as_full_screen_section=&#8221;yes&#8221; type=&#8221;grid&#8221; angled_section=&#8221;no&#8221; text_align=&#8221;left&#8221; background_image_as_pattern=&#8221;without_pattern&#8221; z_index=&#8221;&#8221; background_color=&#8221;#eeeeee&#8221; padding_top=&#8221;34&#8243; padding_bottom=&#8221;68&#8243; el_class=&#8221;table-of-contents&#8221;][vc_column][vc_column_text]<\/p>\n<h3>Spis tre\u015bci<\/h3>\n<p>[\/vc_column_text][vc_row_inner row_type=&#8221;row&#8221; type=&#8221;full_width&#8221; text_align=&#8221;left&#8221; css_animation=&#8221;&#8221;][vc_column_inner width=&#8221;1\/2&#8243;][vc_column_text]<a class=\"anchor\" href=\"#Our_Purpose_and_Values\"><strong>NASZ CEL I WARTO\u015aCI<\/strong><\/a><\/p>\n<p><a href=\"https:\/\/codeofbusinessconduct.equinix.com\/pl\/our-code\"><strong>NASZ KODEKS<\/strong><\/a><\/p>\n<ul>\n<li><a href=\"https:\/\/codeofbusinessconduct.equinix.com\/pl\/our-code\/#why_we_have_a_code_of_business_conduct\">Dlaczego mamy Kodeks Etyki Zawodowej<\/a><\/li>\n<li><a href=\"https:\/\/codeofbusinessconduct.equinix.com\/pl\/our-code\/#who_is_required_to_follow_our_code\">Kto ma obowi\u0105zek go przestrzega\u0107?<\/a><\/li>\n<li><a href=\"https:\/\/codeofbusinessconduct.equinix.com\/pl\/our-code\/#ethics_in_action:_what_our_code_means_for_you\">Etyka w akcji: Co nasz Kodeks oznacza dla Ciebie<\/a><\/li>\n<\/ul>\n<p><a href=\"https:\/\/codeofbusinessconduct.equinix.com\/pl\/our-people\"><strong>NASI LUDZIE<\/strong><\/a><\/p>\n<ul>\n<li><a href=\"https:\/\/codeofbusinessconduct.equinix.com\/pl\/our-people\/#diversity\">R\u00f3\u017cnorodno\u015b\u0107<\/a><\/li>\n<li><a href=\"https:\/\/codeofbusinessconduct.equinix.com\/pl\/our-people\/#dignity_and_respect\">Godno\u015b\u0107 i szacunek<\/a><\/li>\n<li><a href=\"https:\/\/codeofbusinessconduct.equinix.com\/pl\/our-people\/#safety\">Bezpiecze\u0144stwo<\/a><\/li>\n<\/ul>\n<p><a href=\"https:\/\/codeofbusinessconduct.equinix.com\/pl\/our-business-relationships\"><strong>NASZE RELACJE BIZNESOWE<\/strong><\/a><\/p>\n<ul>\n<li><a href=\"https:\/\/codeofbusinessconduct.equinix.com\/pl\/our-business-relationships\/#Conflicts_of_interest\">Konflikty interes\u00f3w<\/a><\/li>\n<li><a href=\"https:\/\/codeofbusinessconduct.equinix.com\/pl\/our-business-relationships\/#Gifts_and_entertainment\">Prezenty i formy rozrywki<\/a><\/li>\n<li><a href=\"https:\/\/codeofbusinessconduct.equinix.com\/pl\/our-business-relationships\/#Prohibited_payments_and_gifts_to_government_personnel\">P\u0142atno\u015bci niedozwolone i prezenty dla pracownik\u00f3w rz\u0105du<\/a><\/li>\n<li><a href=\"https:\/\/codeofbusinessconduct.equinix.com\/pl\/our-business-relationships\/#Protecting_our_reputation_and_property\">Ochrona naszej reputacji i mienia<\/a><\/li>\n<li><a href=\"https:\/\/codeofbusinessconduct.equinix.com\/pl\/our-business-relationships\/#Speaking_on_behalf_of_our_company\">Wypowiadanie si\u0119 w imieniu naszej sp\u00f3\u0142ki<\/a><\/li>\n<\/ul>\n<p>[\/vc_column_text][\/vc_column_inner][vc_column_inner width=&#8221;1\/2&#8243;][vc_column_text]<a href=\"https:\/\/codeofbusinessconduct.equinix.com\/pl\/our-commitment-to-the-law\/#Competition_and_fair_dealing\"><strong>NASZE ZOBOWI\u0104ZANIE DO PRZESTRZEGANIA PRAWA<\/strong><\/a><\/p>\n<ul>\n<li><a href=\"https:\/\/codeofbusinessconduct.equinix.com\/pl\/our-commitment-to-the-law\/#Competition_and_fair_dealing\">Konkurencja i uczciwe transakcje<\/a><\/li>\n<li><a href=\"https:\/\/codeofbusinessconduct.equinix.com\/pl\/our-commitment-to-the-law\/#Daily_privacy\">Prywatno\u015b\u0107 danych<\/a><\/li>\n<li><a href=\"https:\/\/codeofbusinessconduct.equinix.com\/pl\/our-commitment-to-the-law\/#Anti-bribery_and_corruption\">Zakaz \u0142apownictwa i korupcji<\/a><\/li>\n<li><a href=\"https:\/\/codeofbusinessconduct.equinix.com\/pl\/our-commitment-to-the-law\/#Intellectual_property\">W\u0142asno\u015b\u0107 intelektualna<\/a><\/li>\n<li><a href=\"https:\/\/codeofbusinessconduct.equinix.com\/pl\/our-commitment-to-the-law\/#Inside_information_and_securities_trading\">Informacje wewn\u0119trzne i obr\u00f3t papierami warto\u015bciowymi<\/a><\/li>\n<\/ul>\n<p><a href=\"https:\/\/codeofbusinessconduct.equinix.com\/pl\/our-community\/\"><strong>NASZA SPO\u0141ECZNO\u015a\u0106<\/strong><\/a><\/p>\n<ul>\n<li><a href=\"https:\/\/codeofbusinessconduct.equinix.com\/pl\/our-community\/#Human_rights\">Prawa cz\u0142owieka<\/a><\/li>\n<li><a href=\"https:\/\/codeofbusinessconduct.equinix.com\/pl\/our-community\/#Charitable_contributions\">Wp\u0142aty na cele charytatywne<\/a><\/li>\n<li><a href=\"https:\/\/codeofbusinessconduct.equinix.com\/pl\/our-community\/#Political_activities_and_contributions\">Dzia\u0142ania i wp\u0142aty na cele polityczne<\/a><\/li>\n<li><a href=\"https:\/\/codeofbusinessconduct.equinix.com\/pl\/our-community\/#The_environment\">\u015arodowisko<\/a><\/li>\n<\/ul>\n<p><a href=\"https:\/\/codeofbusinessconduct.equinix.com\/pl\/our-responsibility\"><strong>NASZA ODPOWIEDZIALNO\u015a\u0106<\/strong><\/a><\/p>\n<ul>\n<li><a href=\"https:\/\/codeofbusinessconduct.equinix.com\/pl\/our-responsibility\/#Your_voice_matters\">Tw\u00f3j g\u0142os ma znaczenie<\/a><\/li>\n<li><a href=\"https:\/\/codeofbusinessconduct.equinix.com\/pl\/our-responsibility\/#Ways_to_speak_up\">Jak zg\u0142asza\u0107 problemy<\/a><\/li>\n<li><a href=\"https:\/\/codeofbusinessconduct.equinix.com\/pl\/our-responsibility\/#Whistleblower_protection_policy\">Polityka ochrony sygnalist\u00f3w<\/a><\/li>\n<li><a href=\"https:\/\/codeofbusinessconduct.equinix.com\/pl\/our-responsibility\/#Code_of_business_conduct_waivers\">Odst\u0105pienia od Kodeksu Etyki Zawodowej<\/a><\/li>\n<\/ul>\n<p><a href=\"https:\/\/codeofbusinessconduct.equinix.com\/pl\/additional-resources\/\"><strong>DODATKOWE ZASOBY<\/strong><\/a>[\/vc_column_text][\/vc_column_inner][\/vc_row_inner][\/vc_column][\/vc_row][vc_row css_animation=&#8221;&#8221; row_type=&#8221;row&#8221; use_row_as_full_screen_section=&#8221;no&#8221; type=&#8221;grid&#8221; angled_section=&#8221;no&#8221; text_align=&#8221;left&#8221; background_image_as_pattern=&#8221;without_pattern&#8221; z_index=&#8221;&#8221; padding_top=&#8221;32&#8243; padding_bottom=&#8221;50&#8243; el_class=&#8221;purpose_values our_space&#8221; anchor=&#8221;Our_Purpose_and_Values&#8221;][vc_column width=&#8221;1\/2&#8243; css=&#8221;.vc_custom_1615551557750{padding-bottom: 40px !important;}&#8221;][vc_single_image image=&#8221;1831&#8243; img_size=&#8221;full&#8221; alignment=&#8221;center&#8221; qode_css_animation=&#8221;&#8221; el_class=&#8221;w-100&#8243;][\/vc_column][vc_column width=&#8221;1\/2&#8243; css=&#8221;.vc_custom_1615792034246{padding-bottom: 40px !important;}&#8221;][vc_single_image image=&#8221;1832&#8243; img_size=&#8221;full&#8221; qode_css_animation=&#8221;&#8221;][vc_empty_space height=&#8221;8px&#8221;][vc_column_text]<\/p>\n<h3>NASZ CEL, MARZENIE I WARTO\u015aCI<\/h3>\n<div class=\"lead\">Obietnica Equinix<\/div>\n<h4>NASZ CEL<\/h4>\n<p>By\u0107 platform\u0105, na kt\u00f3rej spotyka si\u0119 ca\u0142y \u015bwiat, umo\u017clwiaj\u0105c wprowadzanie innowacji wzbogacaj\u0105cych nasz\u0105 prac\u0119, \u017cycie i planet\u0119.<\/p>\n<h4>NASZE WARTO\u015aCI<\/h4>\n<ul>\n<li>Klienci licz\u0105, \u017ce dotrzymamy naszych zobowi\u0105za\u0144.<\/li>\n<li>Equinix opiera si\u0119 na zaanga\u017cowanych ludziach, kt\u00f3rzy odpowiadaj\u0105 przed sob\u0105 nawzajem za wyniki na najwy\u017cszym poziomie.<\/li>\n<li>Cenimy kultur\u0119 zdyscyplinowanych my\u015bli i dzia\u0142a\u0144.<\/li>\n<li>W Equinix wyznaczamy sobie wysokie standardy doskona\u0142o\u015bci.<\/li>\n<li>Nasza pasja do tworzenia trwa\u0142ej, wspania\u0142ej firmy, to nasz najwa\u017cniejszy priorytet.<\/li>\n<\/ul>\n<p>[\/vc_column_text][\/vc_column][\/vc_row]<\/p>\n<\/section>","protected":false},"excerpt":{"rendered":"<p>[vc_row css_animation=&#8221;&#8221; row_type=&#8221;row&#8221; use_row_as_full_screen_section=&#8221;no&#8221; type=&#8221;full_width&#8221; angled_section=&#8221;no&#8221; text_align=&#8221;center&#8221; background_image_as_pattern=&#8221;without_pattern&#8221; z_index=&#8221;&#8221; background_image=&#8221;469&#8243; el_class=&#8221;slider-image&#8221;][vc_column][vc_column_text] KODEKS ETYKI ZAWODOWEJ EQUINIX [\/vc_column_text][\/vc_column][\/vc_row][vc_row css_animation=&#8221;&#8221; row_type=&#8221;row&#8221; use_row_as_full_screen_section=&#8221;no&#8221; type=&#8221;grid&#8221; angled_section=&#8221;no&#8221; text_align=&#8221;left&#8221; background_image_as_pattern=&#8221;without_pattern&#8221; z_index=&#8221;&#8221; padding_top=&#8221;50&#8243; padding_bottom=&#8221;32&#8243; el_class=&#8221;our-message&#8221;][vc_column width=&#8221;2\/3&#8243;][vc_single_image image=&#8221;1833&#8243; img_size=&#8221;full&#8221; qode_css_animation=&#8221;&#8221;][vc_empty_space height=&#8221;8px&#8221;][vc_column_text] NASZ PRZEKAZ Szanowni Pa\u0144stwo,\u00a0 \u202fW Equinix odczuwamy spor\u0105 dum\u0119 z\u202fnaszej dobrze prosperuj\u0105cej organizacji,&#8230;<\/p>\n","protected":false},"author":1,"featured_media":0,"parent":0,"menu_order":0,"comment_status":"closed","ping_status":"closed","template":"full_width.php","meta":{"inline_featured_image":false,"footnotes":""},"class_list":["post-1825","page","type-page","status-publish","hentry"],"yoast_head":"<!-- This site is optimized with the Yoast SEO plugin v25.8 - https:\/\/yoast.com\/wordpress\/plugins\/seo\/ -->\n<title>Homepage - Equinix Code of Business Conduct<\/title>\n<meta name=\"robots\" content=\"index, follow, max-snippet:-1, max-image-preview:large, max-video-preview:-1\" \/>\n<link rel=\"canonical\" href=\"https:\/\/codeofbusinessconduct.equinix.com\/pl\/\" \/>\n<meta property=\"og:locale\" content=\"pl_PL\" \/>\n<meta property=\"og:type\" content=\"article\" \/>\n<meta property=\"og:title\" content=\"Homepage - Equinix Code of Business Conduct\" \/>\n<meta property=\"og:description\" content=\"[vc_row css_animation=&#8221;&#8221; row_type=&#8221;row&#8221; use_row_as_full_screen_section=&#8221;no&#8221; type=&#8221;full_width&#8221; angled_section=&#8221;no&#8221; text_align=&#8221;center&#8221; background_image_as_pattern=&#8221;without_pattern&#8221; z_index=&#8221;&#8221; background_image=&#8221;469&#8243; el_class=&#8221;slider-image&#8221;][vc_column][vc_column_text] KODEKS ETYKI ZAWODOWEJ EQUINIX [\/vc_column_text][\/vc_column][\/vc_row][vc_row css_animation=&#8221;&#8221; row_type=&#8221;row&#8221; use_row_as_full_screen_section=&#8221;no&#8221; type=&#8221;grid&#8221; angled_section=&#8221;no&#8221; text_align=&#8221;left&#8221; background_image_as_pattern=&#8221;without_pattern&#8221; z_index=&#8221;&#8221; padding_top=&#8221;50&#8243; padding_bottom=&#8221;32&#8243; el_class=&#8221;our-message&#8221;][vc_column width=&#8221;2\/3&#8243;][vc_single_image image=&#8221;1833&#8243; img_size=&#8221;full&#8221; qode_css_animation=&#8221;&#8221;][vc_empty_space height=&#8221;8px&#8221;][vc_column_text] NASZ PRZEKAZ Szanowni Pa\u0144stwo,\u00a0 \u202fW Equinix odczuwamy spor\u0105 dum\u0119 z\u202fnaszej dobrze prosperuj\u0105cej organizacji,...\" \/>\n<meta property=\"og:url\" content=\"https:\/\/codeofbusinessconduct.equinix.com\/pl\/\" \/>\n<meta property=\"og:site_name\" content=\"Equinix Code of Business Conduct\" \/>\n<meta property=\"article:modified_time\" content=\"2024-11-27T01:01:26+00:00\" \/>\n<meta name=\"twitter:card\" content=\"summary_large_image\" \/>\n<meta name=\"twitter:label1\" content=\"Szacowany czas czytania\" \/>\n\t<meta name=\"twitter:data1\" content=\"3 minuty\" \/>\n<script type=\"application\/ld+json\" class=\"yoast-schema-graph\">{\"@context\":\"https:\/\/schema.org\",\"@graph\":[{\"@type\":\"WebPage\",\"@id\":\"https:\/\/codeofbusinessconduct.equinix.com\/pl\/\",\"url\":\"https:\/\/codeofbusinessconduct.equinix.com\/pl\/\",\"name\":\"Homepage - Equinix Code of Business Conduct\",\"isPartOf\":{\"@id\":\"https:\/\/cobc-prod.azurewebsites.net\/#website\"},\"datePublished\":\"2021-03-10T05:32:20+00:00\",\"dateModified\":\"2024-11-27T01:01:26+00:00\",\"breadcrumb\":{\"@id\":\"https:\/\/codeofbusinessconduct.equinix.com\/pl\/#breadcrumb\"},\"inLanguage\":\"pl-PL\",\"potentialAction\":[{\"@type\":\"ReadAction\",\"target\":[\"https:\/\/codeofbusinessconduct.equinix.com\/pl\/\"]}]},{\"@type\":\"BreadcrumbList\",\"@id\":\"https:\/\/codeofbusinessconduct.equinix.com\/pl\/#breadcrumb\",\"itemListElement\":[{\"@type\":\"ListItem\",\"position\":1,\"name\":\"Home\",\"item\":\"https:\/\/codeofbusinessconduct.equinix.com\/pl\/\"},{\"@type\":\"ListItem\",\"position\":2,\"name\":\"Homepage\"}]},{\"@type\":\"WebSite\",\"@id\":\"https:\/\/cobc-prod.azurewebsites.net\/#website\",\"url\":\"https:\/\/cobc-prod.azurewebsites.net\/\",\"name\":\"Equinix Code of Business Conduct\",\"description\":\"\",\"potentialAction\":[{\"@type\":\"SearchAction\",\"target\":{\"@type\":\"EntryPoint\",\"urlTemplate\":\"https:\/\/cobc-prod.azurewebsites.net\/?s={search_term_string}\"},\"query-input\":{\"@type\":\"PropertyValueSpecification\",\"valueRequired\":true,\"valueName\":\"search_term_string\"}}],\"inLanguage\":\"pl-PL\"}]}<\/script>\n<!-- \/ Yoast SEO plugin. -->","yoast_head_json":{"title":"Homepage - Equinix Code of Business Conduct","robots":{"index":"index","follow":"follow","max-snippet":"max-snippet:-1","max-image-preview":"max-image-preview:large","max-video-preview":"max-video-preview:-1"},"canonical":"https:\/\/codeofbusinessconduct.equinix.com\/pl\/","og_locale":"pl_PL","og_type":"article","og_title":"Homepage - Equinix Code of Business Conduct","og_description":"[vc_row css_animation=&#8221;&#8221; row_type=&#8221;row&#8221; use_row_as_full_screen_section=&#8221;no&#8221; type=&#8221;full_width&#8221; angled_section=&#8221;no&#8221; text_align=&#8221;center&#8221; background_image_as_pattern=&#8221;without_pattern&#8221; z_index=&#8221;&#8221; background_image=&#8221;469&#8243; el_class=&#8221;slider-image&#8221;][vc_column][vc_column_text] KODEKS ETYKI ZAWODOWEJ EQUINIX [\/vc_column_text][\/vc_column][\/vc_row][vc_row css_animation=&#8221;&#8221; row_type=&#8221;row&#8221; use_row_as_full_screen_section=&#8221;no&#8221; type=&#8221;grid&#8221; angled_section=&#8221;no&#8221; text_align=&#8221;left&#8221; background_image_as_pattern=&#8221;without_pattern&#8221; z_index=&#8221;&#8221; padding_top=&#8221;50&#8243; padding_bottom=&#8221;32&#8243; el_class=&#8221;our-message&#8221;][vc_column width=&#8221;2\/3&#8243;][vc_single_image image=&#8221;1833&#8243; img_size=&#8221;full&#8221; qode_css_animation=&#8221;&#8221;][vc_empty_space height=&#8221;8px&#8221;][vc_column_text] NASZ PRZEKAZ Szanowni Pa\u0144stwo,\u00a0 \u202fW Equinix odczuwamy spor\u0105 dum\u0119 z\u202fnaszej dobrze prosperuj\u0105cej organizacji,...","og_url":"https:\/\/codeofbusinessconduct.equinix.com\/pl\/","og_site_name":"Equinix Code of Business Conduct","article_modified_time":"2024-11-27T01:01:26+00:00","twitter_card":"summary_large_image","twitter_misc":{"Szacowany czas czytania":"3 minuty"},"schema":{"@context":"https:\/\/schema.org","@graph":[{"@type":"WebPage","@id":"https:\/\/codeofbusinessconduct.equinix.com\/pl\/","url":"https:\/\/codeofbusinessconduct.equinix.com\/pl\/","name":"Homepage - Equinix Code of Business Conduct","isPartOf":{"@id":"https:\/\/cobc-prod.azurewebsites.net\/#website"},"datePublished":"2021-03-10T05:32:20+00:00","dateModified":"2024-11-27T01:01:26+00:00","breadcrumb":{"@id":"https:\/\/codeofbusinessconduct.equinix.com\/pl\/#breadcrumb"},"inLanguage":"pl-PL","potentialAction":[{"@type":"ReadAction","target":["https:\/\/codeofbusinessconduct.equinix.com\/pl\/"]}]},{"@type":"BreadcrumbList","@id":"https:\/\/codeofbusinessconduct.equinix.com\/pl\/#breadcrumb","itemListElement":[{"@type":"ListItem","position":1,"name":"Home","item":"https:\/\/codeofbusinessconduct.equinix.com\/pl\/"},{"@type":"ListItem","position":2,"name":"Homepage"}]},{"@type":"WebSite","@id":"https:\/\/cobc-prod.azurewebsites.net\/#website","url":"https:\/\/cobc-prod.azurewebsites.net\/","name":"Equinix Code of Business Conduct","description":"","potentialAction":[{"@type":"SearchAction","target":{"@type":"EntryPoint","urlTemplate":"https:\/\/cobc-prod.azurewebsites.net\/?s={search_term_string}"},"query-input":{"@type":"PropertyValueSpecification","valueRequired":true,"valueName":"search_term_string"}}],"inLanguage":"pl-PL"}]}},"_links":{"self":[{"href":"https:\/\/codeofbusinessconduct.equinix.com\/pl\/wp-json\/wp\/v2\/pages\/1825","targetHints":{"allow":["GET"]}}],"collection":[{"href":"https:\/\/codeofbusinessconduct.equinix.com\/pl\/wp-json\/wp\/v2\/pages"}],"about":[{"href":"https:\/\/codeofbusinessconduct.equinix.com\/pl\/wp-json\/wp\/v2\/types\/page"}],"author":[{"embeddable":true,"href":"https:\/\/codeofbusinessconduct.equinix.com\/pl\/wp-json\/wp\/v2\/users\/1"}],"replies":[{"embeddable":true,"href":"https:\/\/codeofbusinessconduct.equinix.com\/pl\/wp-json\/wp\/v2\/comments?post=1825"}],"version-history":[{"count":13,"href":"https:\/\/codeofbusinessconduct.equinix.com\/pl\/wp-json\/wp\/v2\/pages\/1825\/revisions"}],"predecessor-version":[{"id":4899,"href":"https:\/\/codeofbusinessconduct.equinix.com\/pl\/wp-json\/wp\/v2\/pages\/1825\/revisions\/4899"}],"wp:attachment":[{"href":"https:\/\/codeofbusinessconduct.equinix.com\/pl\/wp-json\/wp\/v2\/media?parent=1825"}],"curies":[{"name":"wp","href":"https:\/\/api.w.org\/{rel}","templated":true}]}}