{"id":2054,"date":"2021-03-10T06:22:20","date_gmt":"2021-03-10T06:22:20","guid":{"rendered":"https:\/\/codeofbusinessconduct.equinix.com\/additional-resources\/"},"modified":"2025-12-15T12:54:17","modified_gmt":"2025-12-15T12:54:17","slug":"additional-resources","status":"publish","type":"page","link":"https:\/\/codeofbusinessconduct.equinix.com\/it\/additional-resources\/","title":{"rendered":"RISORSE AGGIUNTIVE"},"content":{"rendered":"<section class=\"wpb-content-wrapper\"><p>[vc_row css_animation=&#8221;&#8221; row_type=&#8221;row&#8221; use_row_as_full_screen_section=&#8221;no&#8221; type=&#8221;full_width&#8221; angled_section=&#8221;no&#8221; text_align=&#8221;left&#8221; background_image_as_pattern=&#8221;without_pattern&#8221;][vc_column][vc_raw_html]JTNDZGl2JTIwY2xhc3MlM0QlMjJkLWZsZXglMjIlMjBzdHlsZSUzRCUyMmRpc3BsYXklM0FmbGV4JTIyJTIwJTIxaW1wb3J0YW50JTNCJTNFJTBBJTNDaW1nJTIwc3JjJTNEJTIyJTJGd3AtY29udGVudCUyRnVwbG9hZHMlMkYyMDI1JTJGMTIlMkZQaWN0dXJlMl9pbXJlc2l6ZXItMi5qcGclMjIlM0UlMEElM0NoMSUyMHN0eWxlJTNEJTIyJTIwY29sb3IlM0ElMjByZWQlM0IlMjBwYWRkaW5nJTNBJTIwMTBweCUyMiUzRVJJU09SU0UlMjBBR0dJVU5USVZFJTIwJTNDJTJGaDElM0UlMEElM0MlMkZkaXYlM0U=[\/vc_raw_html][\/vc_column][\/vc_row][vc_row css_animation=&#8221;&#8221; row_type=&#8221;row&#8221; use_row_as_full_screen_section=&#8221;no&#8221; type=&#8221;full_width&#8221; angled_section=&#8221;no&#8221; text_align=&#8221;left&#8221; background_image_as_pattern=&#8221;without_pattern&#8221; z_index=&#8221;&#8221; padding_top=&#8221;30&#8243; padding_bottom=&#8221;20&#8243;][vc_column css=&#8221;.vc_custom_1615550437479{padding-bottom: 20px !important;}&#8221;][vc_column_text]<\/p>\n<p style=\"width: 105%;\">In Equinix, l&#8217;integrit\u00e0 e l&#8217;etica sono al centro di tutto ci\u00f2 che facciamo. Ognuno di noi \u00e8 essenziale per plasmare una cultura basata sulla fiducia e sulla trasparenza. Il nostro Codice di condotta aziendale \u00e8 la tua bussola quotidiana, che ti consente di abbracciare, sostenere e guidare con questi principi in ogni ruolo, in ogni decisione e ovunque tu vada. Siamo qui con le risorse e il supporto di cui hai bisogno per fare scelte etiche con sicurezza.<\/p>\n<p>[\/vc_column_text][\/vc_column][\/vc_row][vc_row css_animation=&#8221;&#8221; row_type=&#8221;row&#8221; use_row_as_full_screen_section=&#8221;no&#8221; type=&#8221;full_width&#8221; angled_section=&#8221;no&#8221; text_align=&#8221;left&#8221; background_image_as_pattern=&#8221;without_pattern&#8221; z_index=&#8221;&#8221; padding_bottom=&#8221;140&#8243; el_class=&#8221;addition_resource addition_space&#8221; anchor=&#8221;recommended_readings&#8221;][vc_column width=&#8221;1\/3&#8243; el_class=&#8221;purpose_values&#8221; css=&#8221;.vc_custom_1615786880429{padding-bottom: 40px !important;}&#8221;][vc_column_text]<\/p>\n<h4 style=\"color: red;\">LE TUE RESPONSABILIT\u00c0<\/h4>\n<p><span style=\"color: red;\">Conosci il codice:<\/span> comprendi e segui le politiche e le linee guida di Equinix.<\/p>\n<p><span style=\"color: red;\">Agisci:<\/span> segnala problemi, fai domande e aiuta a mantenere la nostra cultura etica.<\/p>\n<p><span style=\"color: red;\">Scegli il canale migliore:<\/span> connettiti con noi nel modo che preferisci: tramite linea di assistenza anonima, e-mail o il nostro portale online aggiornato.[\/vc_column_text][vc_empty_space height=&#8221;35px&#8221;][vc_column_text]<\/p>\n<h4 style=\"color: red;\">SEGNALARE DUBBI O VIOLAZIONI<\/h4>\n<p>Utilizza una delle seguenti opzioni per<br \/>\nsegnalare i problemi e le preoccupazioni<br \/>\nrelative alla conformit\u00e0:[\/vc_column_text][vc_empty_space height=&#8221;10px&#8221;][vc_column_text]<\/p>\n<h4><span style=\"color: red;\">LINEA DI ASSISTENZA PER LA<br \/>\nSEGNALAZIONE DELLA CONFORMIT\u00c0<\/span><\/h4>\n<p>(con opzione anonima):<br \/>\n<a style=\"text-decoration: none; color: black;\" href=\"https:\/\/secure.ethicspoint.com\/domain\/media\/en\/gui\/54104\/index.html\"><span style=\"text-decoration-color: black; color: black;\">www.equinix.ethicspoint.com<\/span><\/a>[\/vc_column_text][vc_empty_space height=&#8221;20px&#8221;][vc_column_text]<\/p>\n<h4><span style=\"color: red;\">DEROGHE AL CONFLITTO DI INTERESSI<\/span><\/h4>\n<p><a style=\"text-decoration: none; color: black;\" href=\"https:\/\/equinix.ethicspointvp.com\/custom\/equinix\/forms\/coi\/form_data.asp\"><span style=\"color: black;\">www.equinix.ethicspoint.com<\/span><\/a><\/p>\n<p>[\/vc_column_text][vc_empty_space height=&#8221;15px&#8221;][vc_column_text]<\/p>\n<h4><span style=\"color: red;\">CONTATTA IL TEAM DI CONFORMIT\u00c0<\/span><\/h4>\n<p><a style=\"text-decoration: none; color: black;\" href=\"mailto: ethicsandcompliance@equinix.com\"> <span style=\"color: black;\">Email: ethicsandcompliance@equinix.com<\/span><\/a><\/p>\n<p>[\/vc_column_text][\/vc_column][vc_column width=&#8221;1\/3&#8243;][vc_column_text]<\/p>\n<h4>RISORSE DI CONTATTO<\/h4>\n<p><strong> Per richieste legali, contatta<\/strong><\/p>\n<ul>\n<li>Direttore legale<\/li>\n<li>Il Vicepresidente legale della tua area<br \/>\n(Americhe, Asia-Pacifico o EMEA)<\/li>\n<li>VP, Responsabile Rischio e conformit\u00e0<\/li>\n<\/ul>\n<p>[\/vc_column_text][vc_empty_space][vc_column_text]<strong>Per le Risorse Umane rivolgiti a:<\/strong><\/p>\n<ul>\n<li>Direttore del personale<\/li>\n<li>Contatta le risorse umane (esterne) via e-mail utilizzando quest <a href=\"mailto: HRServices@equinix.com\"><span style=\"text-decoration: underline; text-decoration-color: black; color: black;\"> link.<\/span><\/a><\/li>\n<li>Contatta le risorse umane (interne). Per inviare una richiesta internamente, utilizza questolin <a href=\"https:\/\/myhresc.equinix.com\/\"><span style=\"text-decoration: underline; text-decoration-color: black; color: black;\">link.<\/span><\/a><\/li>\n<\/ul>\n<p>[\/vc_column_text][vc_empty_space][vc_column_text]<strong>Per informazioni sulla sicurezza delle<br \/>\ninformazioni, contatta:<\/strong><\/p>\n<ul>\n<li>Il team di sicurezza delle informazioni<br \/>\nglobali: E-Mail:<a href=\"mailto: infosec@equinix.com\"> <span style=\"text-decoration: underline; text-decoration-color: black; color: black;\">infosec@equinix.com<\/span><\/a><\/li>\n<li>Il responsabile della sicurezza delle<br \/>\ninformazioni<\/li>\n<\/ul>\n<p>[\/vc_column_text][vc_empty_space][vc_column_text]<strong> Per richieste di contributi di beneficenza,<br \/>\ncontatta:<\/strong><\/p>\n<p><a href=\"mailto: EquinixImpact@equinix.com\"> <span style=\"text-decoration: underline; text-decoration-color: black; color: black;\">EquinixImpact@equinix.com<\/span><\/a>[\/vc_column_text][\/vc_column][vc_column width=&#8221;1\/3&#8243; el_class=&#8221;purpose_values&#8221; css=&#8221;.vc_custom_1615786886049{padding-bottom: 40px !important;}&#8221;][vc_single_image image=&#8221;5181&#8243; img_size=&#8221;full&#8221; qode_css_animation=&#8221;&#8221; el_class=&#8221;w-100&#8243;][vc_empty_space height=&#8221;20px&#8221;][vc_column_text]<\/p>\n<h4>POLITICHE CORRELATE E LETTURE CONSIGLIATE<\/h4>\n<ul>\n<li><a href=\"https:\/\/brand.equinix.com\/\" target=\"_blank\" rel=\"noopener\">Il nostro marchio<\/a><\/li>\n<li style=\"list-style-type: none;\"><a href=\"https:\/\/d1io3yog0oux5.cloudfront.net\/_6516f53b171c92a82cc4310bc5d7b1d4\/equinix\/db\/2170\/20630\/file\/Equinix+Whistleblower+Policy+%281%29.pdf\" target=\"_blank\" rel=\"noopener\">Politica di protezione dei whistleblowe<\/a><\/li>\n<\/ul>\n<p>[\/vc_column_text][vc_empty_space height=&#8221;20px&#8221;]\n        <div class=\"resources_login\">\n            <p>I file seguenti sono riservati ai dipendenti Equinix. Anche l'accesso ai dispositivi mobili potrebbe essere limitato. Si prega di visitare l'Hub tramite un desktop o un laptop rilasciato dall'azienda per accedere ai collegamenti aggiuntivi di seguito.<\/p>\n            <div class=\"resouce_btn\">\n                <a href=\"https:\/\/codeofbusinessconduct.equinix.com\/?option=saml_user_login&redirect_to=https%3A%2F%2Fcodeofbusinessconduct.equinix.com%2Fadditional-resources%2F\">Lo accesso<\/a>\n                <a href=\"https:\/\/intranet.equinix.com\/Pages\/Home.aspx\" target=\"_self\">Vai all'hub<\/a>\n            <\/div>\n        <\/div>\n        <div class=\"log_list disabled dlog\"><\/p>\n<ul>\n<li><a href=\"https:\/\/equinixinc.sharepoint.com\/sites\/Intranet\/SitePages\/Equinix%20Impact\/Employee-Philanthropy-and-Volunteering.aspx?web=1\" target=\"_blank\" rel=\"noopener\">Programma Equinix Matching Gifts<\/a><\/li>\n<li><a href=\"https:\/\/equinix.service-now.com\/hr?id=eqx_emp_taxonomy_topic&amp;topic_id=de107691477cee18224c460e436d43a4&amp;in_context=true\" target=\"_blank\" rel=\"noopener\">Manuale globale per i dipendenti <\/a><\/li>\n<li><a href=\"https:\/\/equinixinc.sharepoint.com\/sites\/Intranet\/Company\/Forms\/AllItems.aspx?id=%2Fsites%2FIntranet%2FCompany%2FEquinix%20Foundation%2FThe%20Equinix%20Foundation%20Global%20Giving%20Policy%2Epdf&amp;parent=%2Fsites%2FIntranet%2FCompany%2FEquinix%20Foundation\" target=\"_blank\" rel=\"noopener\">Politica globale sulle donazioni<\/a><\/li>\n<li><a href=\"https:\/\/equinixinc.sharepoint.com\/sites\/TechITHub\/SitePages\/InfoSec-Resources.aspx\" target=\"_blank\" rel=\"noopener\">Risorse globali per la sicurezza informatica<\/a><\/li>\n<li><a href=\"https:\/\/equinix.service-now.com\/epp?sys_kb_id=28fdfe2f8350ee906bc77a10feaad3dd&amp;id=kb_article_view&amp;sysparm_rank=1&amp;sysparm_tsqueryId=a65ff768c3576214e86ed7dc05013115\" target=\"_blank\" rel=\"noopener\">Politica di utilizzo accettabile per la sicurezza delle informazioni globali<\/a><\/li>\n<li><a href=\"https:\/\/equinixinc.sharepoint.com\/:w:\/r\/sites\/Intranet\/_layouts\/15\/Doc.aspx?sourcedoc=%7BE4B7ECB7-6BC0-4E45-BA5A-83DAFCBF45FA%7D&amp;file=Record%20Management%20Policy.docm&amp;action=default&amp;mobileredirect=true\">Politica globale di gestione dei record<\/a><\/li>\n<li><a href=\"https:\/\/equinixinc.sharepoint.com\/sites\/Intranet\/SitePages\/Marketing\/Social-Media.aspx?web=1\" target=\"_blank\" rel=\"noopener\">Linee guida globali per i social media<\/a><\/li>\n<li><a href=\"https:\/\/equinixinc.sharepoint.com\/sites\/Intranet\/Procurement\/Forms\/AllItems.aspx?id=%2Fsites%2FIntranet%2FProcurement%2FTravel%20HUB%2FGlobal%20Travel%20%26%20Expense%20Policy%20%2Epdf&amp;parent=%2Fsites%2FIntranet%2FProcurement%2FTravel%20HUB\" target=\"_blank\" rel=\"noopener\">Politica globale per i viaggi e le spese<\/a><\/li>\n<li><a href=\"https:\/\/equinixinc.sharepoint.com\/sites\/Intranet\/SitePages\/Legal\/Securities-Trading-Policies.aspx?web=1&amp;CT=1720547444662&amp;OR=OWA-NT-Calendar&amp;CID=35e2a192-187f-cca2-9782-d1bf1730510d\" target=\"_blank\" rel=\"noopener\">Politica di trading sui titoli<\/a><\/li>\n<li><a href=\"https:\/\/equinixinc.sharepoint.com\/sites\/Intranet\/SitePages\/Sustainability.aspx?web=1\" target=\"_blank\" rel=\"noopener\">Sostenibilit\u00e0<\/a><\/li>\n<\/ul>\n<p><\/div>[vc_empty_space height=&#8221;26px&#8221;][vc_column_text][\/vc_column_text][vc_column_text][\/vc_column_text][\/vc_column][\/vc_row]<\/p>\n<\/section>","protected":false},"excerpt":{"rendered":"<p>[vc_row css_animation=&#8221;&#8221; row_type=&#8221;row&#8221; use_row_as_full_screen_section=&#8221;no&#8221; type=&#8221;full_width&#8221; angled_section=&#8221;no&#8221; text_align=&#8221;left&#8221; background_image_as_pattern=&#8221;without_pattern&#8221;][vc_column][vc_raw_html]JTNDZGl2JTIwY2xhc3MlM0QlMjJkLWZsZXglMjIlMjBzdHlsZSUzRCUyMmRpc3BsYXklM0FmbGV4JTIyJTIwJTIxaW1wb3J0YW50JTNCJTNFJTBBJTNDaW1nJTIwc3JjJTNEJTIyJTJGd3AtY29udGVudCUyRnVwbG9hZHMlMkYyMDI1JTJGMTIlMkZQaWN0dXJlMl9pbXJlc2l6ZXItMi5qcGclMjIlM0UlMEElM0NoMSUyMHN0eWxlJTNEJTIyJTIwY29sb3IlM0ElMjByZWQlM0IlMjBwYWRkaW5nJTNBJTIwMTBweCUyMiUzRVJJU09SU0UlMjBBR0dJVU5USVZFJTIwJTNDJTJGaDElM0UlMEElM0MlMkZkaXYlM0U=[\/vc_raw_html][\/vc_column][\/vc_row][vc_row css_animation=&#8221;&#8221; row_type=&#8221;row&#8221; use_row_as_full_screen_section=&#8221;no&#8221; type=&#8221;full_width&#8221; angled_section=&#8221;no&#8221; text_align=&#8221;left&#8221; background_image_as_pattern=&#8221;without_pattern&#8221; z_index=&#8221;&#8221; padding_top=&#8221;30&#8243; padding_bottom=&#8221;20&#8243;][vc_column css=&#8221;.vc_custom_1615550437479{padding-bottom: 20px !important;}&#8221;][vc_column_text] In Equinix, l&#8217;integrit\u00e0 e l&#8217;etica sono al centro di tutto ci\u00f2 che facciamo. Ognuno di noi \u00e8 essenziale per plasmare una cultura basata sulla&#8230;<\/p>\n","protected":false},"author":1,"featured_media":0,"parent":0,"menu_order":0,"comment_status":"closed","ping_status":"closed","template":"","meta":{"inline_featured_image":false,"footnotes":""},"class_list":["post-2054","page","type-page","status-publish","hentry"],"yoast_head":"<!-- This site is optimized with the Yoast SEO plugin v25.8 - https:\/\/yoast.com\/wordpress\/plugins\/seo\/ -->\n<title>RISORSE AGGIUNTIVE - Equinix Code of Business Conduct<\/title>\n<meta name=\"robots\" content=\"index, follow, max-snippet:-1, max-image-preview:large, max-video-preview:-1\" \/>\n<link rel=\"canonical\" href=\"https:\/\/169.254.129.2\/additional-resources\/\" \/>\n<meta property=\"og:locale\" content=\"it_IT\" \/>\n<meta property=\"og:type\" content=\"article\" \/>\n<meta property=\"og:title\" content=\"RISORSE AGGIUNTIVE - Equinix Code of Business Conduct\" \/>\n<meta property=\"og:description\" content=\"[vc_row css_animation=&#8221;&#8221; row_type=&#8221;row&#8221; use_row_as_full_screen_section=&#8221;no&#8221; type=&#8221;full_width&#8221; angled_section=&#8221;no&#8221; text_align=&#8221;left&#8221; background_image_as_pattern=&#8221;without_pattern&#8221;][vc_column][vc_raw_html]JTNDZGl2JTIwY2xhc3MlM0QlMjJkLWZsZXglMjIlMjBzdHlsZSUzRCUyMmRpc3BsYXklM0FmbGV4JTIyJTIwJTIxaW1wb3J0YW50JTNCJTNFJTBBJTNDaW1nJTIwc3JjJTNEJTIyJTJGd3AtY29udGVudCUyRnVwbG9hZHMlMkYyMDI1JTJGMTIlMkZQaWN0dXJlMl9pbXJlc2l6ZXItMi5qcGclMjIlM0UlMEElM0NoMSUyMHN0eWxlJTNEJTIyJTIwY29sb3IlM0ElMjByZWQlM0IlMjBwYWRkaW5nJTNBJTIwMTBweCUyMiUzRVJJU09SU0UlMjBBR0dJVU5USVZFJTIwJTNDJTJGaDElM0UlMEElM0MlMkZkaXYlM0U=[\/vc_raw_html][\/vc_column][\/vc_row][vc_row css_animation=&#8221;&#8221; row_type=&#8221;row&#8221; use_row_as_full_screen_section=&#8221;no&#8221; type=&#8221;full_width&#8221; angled_section=&#8221;no&#8221; text_align=&#8221;left&#8221; background_image_as_pattern=&#8221;without_pattern&#8221; z_index=&#8221;&#8221; padding_top=&#8221;30&#8243; padding_bottom=&#8221;20&#8243;][vc_column css=&#8221;.vc_custom_1615550437479{padding-bottom: 20px !important;}&#8221;][vc_column_text] In Equinix, l&#8217;integrit\u00e0 e l&#8217;etica sono al centro di tutto ci\u00f2 che facciamo. Ognuno di noi \u00e8 essenziale per plasmare una cultura basata sulla...\" \/>\n<meta property=\"og:url\" content=\"https:\/\/169.254.129.2\/additional-resources\/\" \/>\n<meta property=\"og:site_name\" content=\"Equinix Code of Business Conduct\" \/>\n<meta property=\"article:modified_time\" content=\"2025-12-15T12:54:17+00:00\" \/>\n<meta name=\"twitter:card\" content=\"summary_large_image\" \/>\n<meta name=\"twitter:label1\" content=\"Tempo di lettura stimato\" \/>\n\t<meta name=\"twitter:data1\" content=\"3 minuti\" \/>\n<script type=\"application\/ld+json\" class=\"yoast-schema-graph\">{\"@context\":\"https:\/\/schema.org\",\"@graph\":[{\"@type\":\"WebPage\",\"@id\":\"https:\/\/169.254.129.2\/additional-resources\/\",\"url\":\"https:\/\/169.254.129.2\/additional-resources\/\",\"name\":\"RISORSE AGGIUNTIVE - Equinix Code of Business Conduct\",\"isPartOf\":{\"@id\":\"https:\/\/cobc-prod.azurewebsites.net\/#website\"},\"datePublished\":\"2021-03-10T06:22:20+00:00\",\"dateModified\":\"2025-12-15T12:54:17+00:00\",\"breadcrumb\":{\"@id\":\"https:\/\/169.254.129.2\/additional-resources\/#breadcrumb\"},\"inLanguage\":\"it-IT\",\"potentialAction\":[{\"@type\":\"ReadAction\",\"target\":[\"https:\/\/169.254.129.2\/additional-resources\/\"]}]},{\"@type\":\"BreadcrumbList\",\"@id\":\"https:\/\/169.254.129.2\/additional-resources\/#breadcrumb\",\"itemListElement\":[{\"@type\":\"ListItem\",\"position\":1,\"name\":\"Home\",\"item\":\"https:\/\/codeofbusinessconduct.equinix.com\/it\/\"},{\"@type\":\"ListItem\",\"position\":2,\"name\":\"RISORSE AGGIUNTIVE\"}]},{\"@type\":\"WebSite\",\"@id\":\"https:\/\/cobc-prod.azurewebsites.net\/#website\",\"url\":\"https:\/\/cobc-prod.azurewebsites.net\/\",\"name\":\"Equinix Code of Business Conduct\",\"description\":\"\",\"potentialAction\":[{\"@type\":\"SearchAction\",\"target\":{\"@type\":\"EntryPoint\",\"urlTemplate\":\"https:\/\/cobc-prod.azurewebsites.net\/?s={search_term_string}\"},\"query-input\":{\"@type\":\"PropertyValueSpecification\",\"valueRequired\":true,\"valueName\":\"search_term_string\"}}],\"inLanguage\":\"it-IT\"}]}<\/script>\n<!-- \/ Yoast SEO plugin. -->","yoast_head_json":{"title":"RISORSE AGGIUNTIVE - Equinix Code of Business Conduct","robots":{"index":"index","follow":"follow","max-snippet":"max-snippet:-1","max-image-preview":"max-image-preview:large","max-video-preview":"max-video-preview:-1"},"canonical":"https:\/\/169.254.129.2\/additional-resources\/","og_locale":"it_IT","og_type":"article","og_title":"RISORSE AGGIUNTIVE - Equinix Code of Business Conduct","og_description":"[vc_row css_animation=&#8221;&#8221; row_type=&#8221;row&#8221; use_row_as_full_screen_section=&#8221;no&#8221; type=&#8221;full_width&#8221; angled_section=&#8221;no&#8221; text_align=&#8221;left&#8221; background_image_as_pattern=&#8221;without_pattern&#8221;][vc_column][vc_raw_html]JTNDZGl2JTIwY2xhc3MlM0QlMjJkLWZsZXglMjIlMjBzdHlsZSUzRCUyMmRpc3BsYXklM0FmbGV4JTIyJTIwJTIxaW1wb3J0YW50JTNCJTNFJTBBJTNDaW1nJTIwc3JjJTNEJTIyJTJGd3AtY29udGVudCUyRnVwbG9hZHMlMkYyMDI1JTJGMTIlMkZQaWN0dXJlMl9pbXJlc2l6ZXItMi5qcGclMjIlM0UlMEElM0NoMSUyMHN0eWxlJTNEJTIyJTIwY29sb3IlM0ElMjByZWQlM0IlMjBwYWRkaW5nJTNBJTIwMTBweCUyMiUzRVJJU09SU0UlMjBBR0dJVU5USVZFJTIwJTNDJTJGaDElM0UlMEElM0MlMkZkaXYlM0U=[\/vc_raw_html][\/vc_column][\/vc_row][vc_row css_animation=&#8221;&#8221; row_type=&#8221;row&#8221; use_row_as_full_screen_section=&#8221;no&#8221; type=&#8221;full_width&#8221; angled_section=&#8221;no&#8221; text_align=&#8221;left&#8221; background_image_as_pattern=&#8221;without_pattern&#8221; z_index=&#8221;&#8221; padding_top=&#8221;30&#8243; padding_bottom=&#8221;20&#8243;][vc_column css=&#8221;.vc_custom_1615550437479{padding-bottom: 20px !important;}&#8221;][vc_column_text] In Equinix, l&#8217;integrit\u00e0 e l&#8217;etica sono al centro di tutto ci\u00f2 che facciamo. Ognuno di noi \u00e8 essenziale per plasmare una cultura basata sulla...","og_url":"https:\/\/169.254.129.2\/additional-resources\/","og_site_name":"Equinix Code of Business Conduct","article_modified_time":"2025-12-15T12:54:17+00:00","twitter_card":"summary_large_image","twitter_misc":{"Tempo di lettura stimato":"3 minuti"},"schema":{"@context":"https:\/\/schema.org","@graph":[{"@type":"WebPage","@id":"https:\/\/169.254.129.2\/additional-resources\/","url":"https:\/\/169.254.129.2\/additional-resources\/","name":"RISORSE AGGIUNTIVE - Equinix Code of Business Conduct","isPartOf":{"@id":"https:\/\/cobc-prod.azurewebsites.net\/#website"},"datePublished":"2021-03-10T06:22:20+00:00","dateModified":"2025-12-15T12:54:17+00:00","breadcrumb":{"@id":"https:\/\/169.254.129.2\/additional-resources\/#breadcrumb"},"inLanguage":"it-IT","potentialAction":[{"@type":"ReadAction","target":["https:\/\/169.254.129.2\/additional-resources\/"]}]},{"@type":"BreadcrumbList","@id":"https:\/\/169.254.129.2\/additional-resources\/#breadcrumb","itemListElement":[{"@type":"ListItem","position":1,"name":"Home","item":"https:\/\/codeofbusinessconduct.equinix.com\/it\/"},{"@type":"ListItem","position":2,"name":"RISORSE AGGIUNTIVE"}]},{"@type":"WebSite","@id":"https:\/\/cobc-prod.azurewebsites.net\/#website","url":"https:\/\/cobc-prod.azurewebsites.net\/","name":"Equinix Code of Business Conduct","description":"","potentialAction":[{"@type":"SearchAction","target":{"@type":"EntryPoint","urlTemplate":"https:\/\/cobc-prod.azurewebsites.net\/?s={search_term_string}"},"query-input":{"@type":"PropertyValueSpecification","valueRequired":true,"valueName":"search_term_string"}}],"inLanguage":"it-IT"}]}},"_links":{"self":[{"href":"https:\/\/codeofbusinessconduct.equinix.com\/it\/wp-json\/wp\/v2\/pages\/2054","targetHints":{"allow":["GET"]}}],"collection":[{"href":"https:\/\/codeofbusinessconduct.equinix.com\/it\/wp-json\/wp\/v2\/pages"}],"about":[{"href":"https:\/\/codeofbusinessconduct.equinix.com\/it\/wp-json\/wp\/v2\/types\/page"}],"author":[{"embeddable":true,"href":"https:\/\/codeofbusinessconduct.equinix.com\/it\/wp-json\/wp\/v2\/users\/1"}],"replies":[{"embeddable":true,"href":"https:\/\/codeofbusinessconduct.equinix.com\/it\/wp-json\/wp\/v2\/comments?post=2054"}],"version-history":[{"count":21,"href":"https:\/\/codeofbusinessconduct.equinix.com\/it\/wp-json\/wp\/v2\/pages\/2054\/revisions"}],"predecessor-version":[{"id":5328,"href":"https:\/\/codeofbusinessconduct.equinix.com\/it\/wp-json\/wp\/v2\/pages\/2054\/revisions\/5328"}],"wp:attachment":[{"href":"https:\/\/codeofbusinessconduct.equinix.com\/it\/wp-json\/wp\/v2\/media?parent=2054"}],"curies":[{"name":"wp","href":"https:\/\/api.w.org\/{rel}","templated":true}]}}