{"id":2032,"date":"2021-03-10T06:21:42","date_gmt":"2021-03-10T06:21:42","guid":{"rendered":"https:\/\/codeofbusinessconduct.equinix.com\/our-community\/"},"modified":"2025-12-15T12:28:27","modified_gmt":"2025-12-15T12:28:27","slug":"our-community","status":"publish","type":"page","link":"https:\/\/codeofbusinessconduct.equinix.com\/it\/our-community\/","title":{"rendered":"Our Community"},"content":{"rendered":"<section class=\"wpb-content-wrapper\"><p>[vc_row css_animation=&#8221;&#8221; row_type=&#8221;row&#8221; use_row_as_full_screen_section=&#8221;no&#8221; type=&#8221;full_width&#8221; angled_section=&#8221;no&#8221; text_align=&#8221;left&#8221; background_image_as_pattern=&#8221;without_pattern&#8221;][vc_column][vc_single_image image=&#8221;4110&#8243; img_size=&#8221;full&#8221; qode_css_animation=&#8221;&#8221;][vc_empty_space height=&#8221;8px&#8221;][vc_column_text]<\/p>\n<h3>LA NOSTRA COMUNIT\u00c0<\/h3>\n<div class=\"lead\">Fare la differenza in positivo nelle nostre comunit\u00e0 e nel mondo<\/div>\n<p>[\/vc_column_text][\/vc_column][\/vc_row][vc_row css_animation=&#8221;&#8221; row_type=&#8221;row&#8221; use_row_as_full_screen_section=&#8221;no&#8221; type=&#8221;full_width&#8221; angled_section=&#8221;no&#8221; text_align=&#8221;left&#8221; background_image_as_pattern=&#8221;without_pattern&#8221; z_index=&#8221;&#8221; padding_top=&#8221;34&#8243; padding_bottom=&#8221;20&#8243; anchor=&#8221;Human_rights&#8221;][vc_column width=&#8221;1\/3&#8243; css=&#8221;.vc_custom_1616046555280{padding-bottom: 20px !important;}&#8221;][vc_column_text]<\/p>\n<h4>DIRITTI UMANI<\/h4>\n<p>Equinix sostiene e rispetta la protezione di tutti i diritti umani nel mondo. Noi siamo impegnati a sostenere i diritti umani fondamentali dei nostri dipendenti e dei lavoratori delle aziende che ingaggiamo. Ci aspettiamo che i nostri fornitori e partner aderiscano a questi stessi standard elevati.[\/vc_column_text][\/vc_column][vc_column width=&#8221;2\/3&#8243; css=&#8221;.vc_custom_1615547407753{padding-bottom: 20px !important;}&#8221;][vc_single_image image=&#8221;2033&#8243; img_size=&#8221;full&#8221; alignment=&#8221;center&#8221; qode_css_animation=&#8221;&#8221;][\/vc_column][\/vc_row][vc_row css_animation=&#8221;&#8221; row_type=&#8221;row&#8221; use_row_as_full_screen_section=&#8221;no&#8221; type=&#8221;full_width&#8221; angled_section=&#8221;no&#8221; text_align=&#8221;left&#8221; background_image_as_pattern=&#8221;without_pattern&#8221; z_index=&#8221;&#8221; padding_bottom=&#8221;30&#8243; anchor=&#8221;Charitable_contributions&#8221;][vc_column width=&#8221;1\/2&#8243; el_class=&#8221;purpose_values&#8221;][vc_column_text]<\/p>\n<h4>CONTRIBUTI CARITATEVOLI<\/h4>\n<p><strong>Dare un contributo alle nostre comunit\u00e0.<\/strong> Equinix incoraggia i dipendenti a dare contributi positivi nelle comunit\u00e0 in cui vivono e lavorano. Equinix \u00e8 anche impegnata a supportare le questioni sociali, economiche e di sostenibilit\u00e0 pi\u00f9 importanti per la nostra Azienda, i nostri dipendenti e le nostre comunit\u00e0. Equinix ha individuato una serie di aree di interesse per le donazioni benefiche, che si basano sulla loro rilevanza per la nostra attivit\u00e0 e che sosterremo attraverso le donazioni dell&#8217;Azienda. Date le nostre aree di interesse, generalmente non accettiamo richieste di finanziamento indesiderate. Preferiamo invece accogliere richieste che diano un contributo alle nostre aree strategiche del programma e alle priorit\u00e0 di finanziamento. Il team di Responsabilit\u00e0 sociale aziendale \u00e8 responsabile dell&#8217;esame e della valutazione di queste richieste.<\/p>\n<p>Equinix incoraggia i singoli dipendenti a dare i propri contributi alle associazioni di beneficenza. Tuttavia, Equinix, in nessun caso, rimborser\u00e0 i contributi individuali o personali versati dai dipendenti a un ente di beneficenza, scuola, agenzia senza scopo di lucro o organizzazione non governativa (ONG).<\/p>\n<p>Inoltre, non dovete mai effettuare personalmente un pagamento per conto di Equinix a un ente di beneficenza, una scuola, un&#8217;agenzia non profit o una ONG, compresi i pagamenti per i biglietti di eventi, perch\u00e9 Equinix non rimborser\u00e0 queste spese. Qualsiasi eccezione a queste linee guida deve essere approvata dal controller regionale e\/o dal team di Responsabilit\u00e0 sociale aziendale.[\/vc_column_text][\/vc_column][vc_column width=&#8221;1\/2&#8243; el_class=&#8221;purpose_values&#8221; css=&#8221;.vc_custom_1615789919910{padding-top: 35px !important;}&#8221;][vc_column_text]Per ulteriori informazioni sulla nostra strategia di donazione, fate riferimento alla Politica globale delle donazioni o contattate il team di Responsabilit\u00e0 sociale aziendale.[\/vc_column_text][vc_empty_space height=&#8221;20px&#8221;]<a class=\"recom-read-link\" href=\"\/it\/additional-resources\/#recommended_readings\" target=\"_self\"><div class=\"recommend_book\"><div class=\"recommend_icon\"><img decoding=\"async\" src=\"https:\/\/codeofbusinessconduct.equinix.com\/wp-content\/uploads\/2021\/03\/recommend_book.svg\" \/><\/div><div class=\"recommend_content\"><h4>LETTURA RACCOMANDATA:<br>POLITICA GLOBALE DELLE DONAZIONI DI EQUINIX<\/h4><\/div><\/div><\/a>[vc_empty_space height=&#8221;10px&#8221;][vc_column_text]<strong>Donazioni corrispondenti.<\/strong> Equinix ha istituito un programma di donazioni corrispondenti per sostenere i dipendenti nella loro filantropia personale, nelle donazioni di beneficenza e negli sforzi di volontariato. Se versate un contributo in denaro o offrite il vostro tempo a un&#8217;organizzazione idonea, Equinix &#8220;abbiner\u00e0\u201d a quel contributo in denaro o in tempo un contributo in denaro.<\/p>\n<p>Ulteriori informazioni e requisiti della politica e del programma Donazioni corrispondenti, inclusi i requisiti di idoneit\u00e0 specifici per i dipendenti e le organizzazioni, sono riportate nel programma Donazioni corrispondenti di Equinix.[\/vc_column_text][vc_empty_space height=&#8221;15px&#8221;]<a class=\"recom-read-link\" href=\"\/it\/additional-resources\/#recommended_readings\" target=\"_self\"><div class=\"recommend_book\"><div class=\"recommend_icon\"><img decoding=\"async\" src=\"https:\/\/codeofbusinessconduct.equinix.com\/wp-content\/uploads\/2021\/03\/recommend_book.svg\" \/><\/div><div class=\"recommend_content\"><h4>LETTURA RACCOMANDATA:<br>PROGRAMMA DI DONAZIONI CORRISPONDENTI EQUINIX<\/h4><\/div><\/div><\/a>[\/vc_column][\/vc_row][vc_row css_animation=&#8221;&#8221; row_type=&#8221;row&#8221; use_row_as_full_screen_section=&#8221;no&#8221; type=&#8221;full_width&#8221; angled_section=&#8221;no&#8221; text_align=&#8221;left&#8221; background_image_as_pattern=&#8221;without_pattern&#8221; z_index=&#8221;&#8221; padding_top=&#8221;20&#8243; padding_bottom=&#8221;30&#8243;][vc_column][vc_single_image image=&#8221;2035&#8243; img_size=&#8221;full&#8221; alignment=&#8221;center&#8221; qode_css_animation=&#8221;&#8221; el_class=&#8221;w-100&#8243;][\/vc_column][\/vc_row][vc_row css_animation=&#8221;&#8221; row_type=&#8221;row&#8221; use_row_as_full_screen_section=&#8221;no&#8221; type=&#8221;full_width&#8221; angled_section=&#8221;no&#8221; text_align=&#8221;left&#8221; background_image_as_pattern=&#8221;without_pattern&#8221; z_index=&#8221;&#8221; padding_bottom=&#8221;160&#8243; el_class=&#8221;purpose_values political_space&#8221; anchor=&#8221;Political_activities_and_contributions&#8221;][vc_column width=&#8221;2\/3&#8243;][vc_column_text]<\/p>\n<h4>ATTIVIT\u00c0 E CONTRIBUTI POLITICI<\/h4>\n<p>Sosteniamo le buone relazioni con le comunit\u00e0 in cui operiamo. Potete partecipare ad attivit\u00e0 locali che rispondono ai bisogni delle comunit\u00e0 in cui vivete e lavorate. Come privati cittadini, potete anche sostenere il vostro processo politico locale con contributi personali o offrendo il vostro tempo personale. Queste attivit\u00e0, tuttavia, non devono essere svolte negli orari aziendali n\u00e9 implicare l\u2019uso di risorse aziendali. Non potete versare o impegnare contributi politici per conto di Equinix.<\/p>\n<p>Assicuratevi che il vostro coinvolgimento in attivit\u00e0 politiche sia conforme alle leggi statunitensi e locali in vigore e non sia vietato da altre politiche di Equinix.[\/vc_column_text][vc_row_inner row_type=&#8221;row&#8221; type=&#8221;full_width&#8221; text_align=&#8221;left&#8221; css_animation=&#8221;&#8221; anchor=&#8221;The_environment&#8221;][vc_column_inner][vc_empty_space height=&#8221;25px&#8221;][vc_column_text]<\/p>\n<h4>L\u2019AMBIENTE<\/h4>\n<p>Noi di Equinix cerchiamo di essere buoni amministratori dell&#8217;ambiente e delle risorse che consumiamo con l&#8217;obiettivo di ridurre al minimo la nostra impronta di carbonio. Lo facciamo concentrandoci sulle seguenti azioni:<\/p>\n<ul>\n<li>Progettare, costruire e operare in modo efficiente per ridurre il nostro consumo di tutte le risorse, comprese elettricit\u00e0, acqua, gas naturale, diesel e refrigeranti<\/li>\n<li>Giocare un ruolo attivo nella &#8220;conversione ecologica&#8221; della nostra attivit\u00e0 ed essere leader nella valutazione e nell&#8217;implementazione di soluzioni innovative<\/li>\n<li>Misurarci utilizzando le migliori prassi del settore e i KPI specifici di Equinix, fissare pubblicamente gli obiettivi e riferire i progressi in modo trasparente<\/li>\n<\/ul>\n<p>[\/vc_column_text][\/vc_column_inner][\/vc_row_inner][vc_empty_space height=&#8221;25px&#8221;]<a class=\"recom-read-link\" href=\"\/it\/additional-resources\/#recommended_readings\" target=\"_self\"><div class=\"recommend_book\"><div class=\"recommend_icon\"><img decoding=\"async\" src=\"https:\/\/codeofbusinessconduct.equinix.com\/wp-content\/uploads\/2021\/03\/recommend_book.svg\" \/><\/div><div class=\"recommend_content\"><h4>LETTURA RACCOMANDATA:<br>SOSTENIBILIT\u00c0 DI EQUINIX<\/h4><\/div><\/div><\/a>[\/vc_column][vc_column width=&#8221;1\/3&#8243;][\/vc_column][\/vc_row]<\/p>\n<\/section>","protected":false},"excerpt":{"rendered":"<p>[vc_row css_animation=&#8221;&#8221; row_type=&#8221;row&#8221; use_row_as_full_screen_section=&#8221;no&#8221; type=&#8221;full_width&#8221; angled_section=&#8221;no&#8221; text_align=&#8221;left&#8221; background_image_as_pattern=&#8221;without_pattern&#8221;][vc_column][vc_single_image image=&#8221;4110&#8243; img_size=&#8221;full&#8221; qode_css_animation=&#8221;&#8221;][vc_empty_space height=&#8221;8px&#8221;][vc_column_text] LA NOSTRA COMUNIT\u00c0 Fare la differenza in positivo nelle nostre comunit\u00e0 e nel mondo [\/vc_column_text][\/vc_column][\/vc_row][vc_row css_animation=&#8221;&#8221; row_type=&#8221;row&#8221; use_row_as_full_screen_section=&#8221;no&#8221; type=&#8221;full_width&#8221; angled_section=&#8221;no&#8221; text_align=&#8221;left&#8221; background_image_as_pattern=&#8221;without_pattern&#8221; z_index=&#8221;&#8221; padding_top=&#8221;34&#8243; padding_bottom=&#8221;20&#8243; anchor=&#8221;Human_rights&#8221;][vc_column width=&#8221;1\/3&#8243; css=&#8221;.vc_custom_1616046555280{padding-bottom: 20px !important;}&#8221;][vc_column_text] DIRITTI UMANI Equinix&#8230;<\/p>\n","protected":false},"author":1,"featured_media":0,"parent":0,"menu_order":0,"comment_status":"closed","ping_status":"closed","template":"","meta":{"inline_featured_image":false,"footnotes":""},"class_list":["post-2032","page","type-page","status-publish","hentry"],"yoast_head":"<!-- This site is optimized with the Yoast SEO plugin v25.8 - https:\/\/yoast.com\/wordpress\/plugins\/seo\/ -->\n<title>Our Community - Equinix Code of Business Conduct<\/title>\n<meta name=\"robots\" content=\"index, follow, max-snippet:-1, max-image-preview:large, max-video-preview:-1\" \/>\n<link rel=\"canonical\" href=\"https:\/\/169.254.129.2\/our-community\/\" \/>\n<meta property=\"og:locale\" content=\"it_IT\" \/>\n<meta property=\"og:type\" content=\"article\" \/>\n<meta property=\"og:title\" content=\"Our Community - Equinix Code of Business Conduct\" \/>\n<meta property=\"og:description\" content=\"[vc_row css_animation=&#8221;&#8221; row_type=&#8221;row&#8221; use_row_as_full_screen_section=&#8221;no&#8221; type=&#8221;full_width&#8221; angled_section=&#8221;no&#8221; text_align=&#8221;left&#8221; background_image_as_pattern=&#8221;without_pattern&#8221;][vc_column][vc_single_image image=&#8221;4110&#8243; img_size=&#8221;full&#8221; qode_css_animation=&#8221;&#8221;][vc_empty_space height=&#8221;8px&#8221;][vc_column_text] LA NOSTRA COMUNIT\u00c0 Fare la differenza in positivo nelle nostre comunit\u00e0 e nel mondo [\/vc_column_text][\/vc_column][\/vc_row][vc_row css_animation=&#8221;&#8221; row_type=&#8221;row&#8221; use_row_as_full_screen_section=&#8221;no&#8221; type=&#8221;full_width&#8221; angled_section=&#8221;no&#8221; text_align=&#8221;left&#8221; background_image_as_pattern=&#8221;without_pattern&#8221; z_index=&#8221;&#8221; padding_top=&#8221;34&#8243; padding_bottom=&#8221;20&#8243; anchor=&#8221;Human_rights&#8221;][vc_column width=&#8221;1\/3&#8243; css=&#8221;.vc_custom_1616046555280{padding-bottom: 20px !important;}&#8221;][vc_column_text] DIRITTI UMANI Equinix...\" \/>\n<meta property=\"og:url\" content=\"https:\/\/169.254.129.2\/our-community\/\" \/>\n<meta property=\"og:site_name\" content=\"Equinix Code of Business Conduct\" \/>\n<meta property=\"article:modified_time\" content=\"2025-12-15T12:28:27+00:00\" \/>\n<meta name=\"twitter:card\" content=\"summary_large_image\" \/>\n<meta name=\"twitter:label1\" content=\"Tempo di lettura stimato\" \/>\n\t<meta name=\"twitter:data1\" content=\"4 minuti\" \/>\n<script type=\"application\/ld+json\" class=\"yoast-schema-graph\">{\"@context\":\"https:\/\/schema.org\",\"@graph\":[{\"@type\":\"WebPage\",\"@id\":\"https:\/\/169.254.129.2\/our-community\/\",\"url\":\"https:\/\/169.254.129.2\/our-community\/\",\"name\":\"Our Community - Equinix Code of Business Conduct\",\"isPartOf\":{\"@id\":\"https:\/\/cobc-prod.azurewebsites.net\/#website\"},\"datePublished\":\"2021-03-10T06:21:42+00:00\",\"dateModified\":\"2025-12-15T12:28:27+00:00\",\"breadcrumb\":{\"@id\":\"https:\/\/169.254.129.2\/our-community\/#breadcrumb\"},\"inLanguage\":\"it-IT\",\"potentialAction\":[{\"@type\":\"ReadAction\",\"target\":[\"https:\/\/169.254.129.2\/our-community\/\"]}]},{\"@type\":\"BreadcrumbList\",\"@id\":\"https:\/\/169.254.129.2\/our-community\/#breadcrumb\",\"itemListElement\":[{\"@type\":\"ListItem\",\"position\":1,\"name\":\"Home\",\"item\":\"https:\/\/codeofbusinessconduct.equinix.com\/it\/\"},{\"@type\":\"ListItem\",\"position\":2,\"name\":\"Our Community\"}]},{\"@type\":\"WebSite\",\"@id\":\"https:\/\/cobc-prod.azurewebsites.net\/#website\",\"url\":\"https:\/\/cobc-prod.azurewebsites.net\/\",\"name\":\"Equinix Code of Business Conduct\",\"description\":\"\",\"potentialAction\":[{\"@type\":\"SearchAction\",\"target\":{\"@type\":\"EntryPoint\",\"urlTemplate\":\"https:\/\/cobc-prod.azurewebsites.net\/?s={search_term_string}\"},\"query-input\":{\"@type\":\"PropertyValueSpecification\",\"valueRequired\":true,\"valueName\":\"search_term_string\"}}],\"inLanguage\":\"it-IT\"}]}<\/script>\n<!-- \/ Yoast SEO plugin. -->","yoast_head_json":{"title":"Our Community - Equinix Code of Business Conduct","robots":{"index":"index","follow":"follow","max-snippet":"max-snippet:-1","max-image-preview":"max-image-preview:large","max-video-preview":"max-video-preview:-1"},"canonical":"https:\/\/169.254.129.2\/our-community\/","og_locale":"it_IT","og_type":"article","og_title":"Our Community - Equinix Code of Business Conduct","og_description":"[vc_row css_animation=&#8221;&#8221; row_type=&#8221;row&#8221; use_row_as_full_screen_section=&#8221;no&#8221; type=&#8221;full_width&#8221; angled_section=&#8221;no&#8221; text_align=&#8221;left&#8221; background_image_as_pattern=&#8221;without_pattern&#8221;][vc_column][vc_single_image image=&#8221;4110&#8243; img_size=&#8221;full&#8221; qode_css_animation=&#8221;&#8221;][vc_empty_space height=&#8221;8px&#8221;][vc_column_text] LA NOSTRA COMUNIT\u00c0 Fare la differenza in positivo nelle nostre comunit\u00e0 e nel mondo [\/vc_column_text][\/vc_column][\/vc_row][vc_row css_animation=&#8221;&#8221; row_type=&#8221;row&#8221; use_row_as_full_screen_section=&#8221;no&#8221; type=&#8221;full_width&#8221; angled_section=&#8221;no&#8221; text_align=&#8221;left&#8221; background_image_as_pattern=&#8221;without_pattern&#8221; z_index=&#8221;&#8221; padding_top=&#8221;34&#8243; padding_bottom=&#8221;20&#8243; anchor=&#8221;Human_rights&#8221;][vc_column width=&#8221;1\/3&#8243; css=&#8221;.vc_custom_1616046555280{padding-bottom: 20px !important;}&#8221;][vc_column_text] DIRITTI UMANI Equinix...","og_url":"https:\/\/169.254.129.2\/our-community\/","og_site_name":"Equinix Code of Business Conduct","article_modified_time":"2025-12-15T12:28:27+00:00","twitter_card":"summary_large_image","twitter_misc":{"Tempo di lettura stimato":"4 minuti"},"schema":{"@context":"https:\/\/schema.org","@graph":[{"@type":"WebPage","@id":"https:\/\/169.254.129.2\/our-community\/","url":"https:\/\/169.254.129.2\/our-community\/","name":"Our Community - Equinix Code of Business Conduct","isPartOf":{"@id":"https:\/\/cobc-prod.azurewebsites.net\/#website"},"datePublished":"2021-03-10T06:21:42+00:00","dateModified":"2025-12-15T12:28:27+00:00","breadcrumb":{"@id":"https:\/\/169.254.129.2\/our-community\/#breadcrumb"},"inLanguage":"it-IT","potentialAction":[{"@type":"ReadAction","target":["https:\/\/169.254.129.2\/our-community\/"]}]},{"@type":"BreadcrumbList","@id":"https:\/\/169.254.129.2\/our-community\/#breadcrumb","itemListElement":[{"@type":"ListItem","position":1,"name":"Home","item":"https:\/\/codeofbusinessconduct.equinix.com\/it\/"},{"@type":"ListItem","position":2,"name":"Our Community"}]},{"@type":"WebSite","@id":"https:\/\/cobc-prod.azurewebsites.net\/#website","url":"https:\/\/cobc-prod.azurewebsites.net\/","name":"Equinix Code of Business Conduct","description":"","potentialAction":[{"@type":"SearchAction","target":{"@type":"EntryPoint","urlTemplate":"https:\/\/cobc-prod.azurewebsites.net\/?s={search_term_string}"},"query-input":{"@type":"PropertyValueSpecification","valueRequired":true,"valueName":"search_term_string"}}],"inLanguage":"it-IT"}]}},"_links":{"self":[{"href":"https:\/\/codeofbusinessconduct.equinix.com\/it\/wp-json\/wp\/v2\/pages\/2032","targetHints":{"allow":["GET"]}}],"collection":[{"href":"https:\/\/codeofbusinessconduct.equinix.com\/it\/wp-json\/wp\/v2\/pages"}],"about":[{"href":"https:\/\/codeofbusinessconduct.equinix.com\/it\/wp-json\/wp\/v2\/types\/page"}],"author":[{"embeddable":true,"href":"https:\/\/codeofbusinessconduct.equinix.com\/it\/wp-json\/wp\/v2\/users\/1"}],"replies":[{"embeddable":true,"href":"https:\/\/codeofbusinessconduct.equinix.com\/it\/wp-json\/wp\/v2\/comments?post=2032"}],"version-history":[{"count":17,"href":"https:\/\/codeofbusinessconduct.equinix.com\/it\/wp-json\/wp\/v2\/pages\/2032\/revisions"}],"predecessor-version":[{"id":5322,"href":"https:\/\/codeofbusinessconduct.equinix.com\/it\/wp-json\/wp\/v2\/pages\/2032\/revisions\/5322"}],"wp:attachment":[{"href":"https:\/\/codeofbusinessconduct.equinix.com\/it\/wp-json\/wp\/v2\/media?parent=2032"}],"curies":[{"name":"wp","href":"https:\/\/api.w.org\/{rel}","templated":true}]}}