{"id":2021,"date":"2021-03-10T06:21:26","date_gmt":"2021-03-10T06:21:26","guid":{"rendered":"https:\/\/codeofbusinessconduct.equinix.com\/our-commitment-to-the-law\/"},"modified":"2025-12-15T12:23:45","modified_gmt":"2025-12-15T12:23:45","slug":"our-commitment-to-the-law","status":"publish","type":"page","link":"https:\/\/codeofbusinessconduct.equinix.com\/it\/our-commitment-to-the-law\/","title":{"rendered":"IL NOSTRO IMPEGNO VERSO LA LEGGE"},"content":{"rendered":"<section class=\"wpb-content-wrapper\"><p>[vc_row css_animation=&#8221;&#8221; row_type=&#8221;row&#8221; use_row_as_full_screen_section=&#8221;no&#8221; type=&#8221;full_width&#8221; angled_section=&#8221;no&#8221; text_align=&#8221;left&#8221; background_image_as_pattern=&#8221;without_pattern&#8221;][vc_column][vc_single_image image=&#8221;4091&#8243; img_size=&#8221;full&#8221; qode_css_animation=&#8221;&#8221;][vc_empty_space height=&#8221;8px&#8221;][vc_column_text]<\/p>\n<h3>IL NOSTRO IMPEGNO VERSO LA LEGGE<\/h3>\n<div class=\"lead\">Comprendere e aderire alle prassi commerciali legali<\/div>\n<p>[\/vc_column_text][\/vc_column][\/vc_row][vc_row css_animation=&#8221;&#8221; row_type=&#8221;row&#8221; use_row_as_full_screen_section=&#8221;no&#8221; type=&#8221;full_width&#8221; angled_section=&#8221;no&#8221; text_align=&#8221;left&#8221; background_image_as_pattern=&#8221;without_pattern&#8221; z_index=&#8221;&#8221; padding_top=&#8221;32&#8243; padding_bottom=&#8221;40&#8243;][vc_column][vc_single_image image=&#8221;2022&#8243; img_size=&#8221;full&#8221; alignment=&#8221;center&#8221; qode_css_animation=&#8221;&#8221; el_class=&#8221;w-100&#8243;][\/vc_column][\/vc_row][vc_row css_animation=&#8221;&#8221; row_type=&#8221;row&#8221; use_row_as_full_screen_section=&#8221;no&#8221; type=&#8221;full_width&#8221; angled_section=&#8221;no&#8221; text_align=&#8221;left&#8221; background_image_as_pattern=&#8221;without_pattern&#8221; z_index=&#8221;&#8221; anchor=&#8221;Competition_and_fair_dealing&#8221;][vc_column width=&#8221;2\/3&#8243; el_class=&#8221;purpose_values&#8221; css=&#8221;.vc_custom_1615545389684{padding-bottom: 30px !important;}&#8221;][vc_column_text css=&#8221;.vc_custom_1648141686059{margin-bottom: 20px !important;}&#8221;]Essere un&#8217;azienda etica e onesta significa anche rispettare la legge. In qualit\u00e0 di azienda globale, dobbiamo rispettare le leggi in tutti i luoghi in cui facciamo affari. E come dipendenti di Equinix, abbiamo la responsabilit\u00e0 di comprendere e rispettare tutte le leggi e i regolamenti che riguardano il nostro lavoro.<\/p>\n<h4>CONCORRENZA E CORRETTEZZA<\/h4>\n<p>Noi di Equinix apprezziamo un mercato libero e aperto e cerchiamo di superare la nostra concorrenza in modo equo e onesto. Non cerchiamo di ottenere le informazioni di propriet\u00e0 di altri, possedere informazioni di segreto commerciale ottenute senza il consenso del proprietario, o chiedere ai dipendenti passati o presenti di altre societ\u00e0 di condividere con noi informazioni di propriet\u00e0 di un&#8217;altra societ\u00e0.<\/p>\n<p>Ci impegniamo a trattare in modo equo e onesto con tutti i nostri fornitori, indipendentemente dal luogo in cui si trovano o dal tipo di prodotti o servizi che forniscono. Ci impegniamo a fare approvvigionamenti aperti ed equi, dove i fornitori sono selezionati su base competitiva e stabiliamo un rapporto reciprocamente vantaggioso basato su una stretta collaborazione e comunicazioni aperte.[\/vc_column_text][vc_row_inner row_type=&#8221;row&#8221; type=&#8221;full_width&#8221; text_align=&#8221;left&#8221; css_animation=&#8221;&#8221; anchor=&#8221;Daily_privacy&#8221;][vc_column_inner][vc_column_text]<\/p>\n<h4>PRIVACY DEI DATI<\/h4>\n<p>Le leggi e i regolamenti sulla privacy dei dati possono essere complessi e variano da paese a paese. Noi di Equinix rispettiamo la riservatezza delle informazioni personali dei nostri dipendenti e lavoriamo per mantenere tali informazioni private, utilizzandole solo in modo ragionevole e appropriato per le finalit\u00e0 previste dal vostro impiego presso Equinix. Ci aspettiamo che seguiate tutte le politiche aziendali relative alla gestione e alla conservazione di tali informazioni personali. Se avete domande sulla privacy dei dati, dovete contattare il vostro responsabile locale della privacy.[\/vc_column_text][\/vc_column_inner][\/vc_row_inner][\/vc_column][vc_column width=&#8221;1\/3&#8243; css=&#8221;.vc_custom_1615545397340{padding-bottom: 30px !important;}&#8221;][vc_column_text]<\/p>\n<h4 class=\"exclaimation\">Ricordate:<\/h4>\n<div class=\"lead\">Rispettate e proteggete sempre le informazioni riservate o proprietarie che i nostri fornitori condividono con voi &#8211; e informateli che ci aspettiamo da loro altrettanta cura con le nostre informazioni.<\/div>\n<p>[\/vc_column_text][\/vc_column][\/vc_row][vc_row css_animation=&#8221;&#8221; row_type=&#8221;row&#8221; use_row_as_full_screen_section=&#8221;no&#8221; type=&#8221;full_width&#8221; angled_section=&#8221;no&#8221; text_align=&#8221;left&#8221; background_image_as_pattern=&#8221;without_pattern&#8221; z_index=&#8221;&#8221; anchor=&#8221;Anti-bribery_and_corruption&#8221;][vc_column width=&#8221;1\/2&#8243; el_class=&#8221;purpose_values&#8221; css=&#8221;.vc_custom_1616046403361{padding-bottom: 20px !important;}&#8221;][vc_column_text]<\/p>\n<h4>ANTICONCUSSIONE E ANTICORRUZIONE<\/h4>\n<p>In Equinix, le prassi commerciali si basano sull&#8217;onest\u00e0 e l&#8217;integrit\u00e0. Non offriamo n\u00e9 forniamo tangenti, bustarelle o altri pagamenti impropri per nessun motivo.<\/p>\n<p>In qualit\u00e0 di azienda globale, dobbiamo rispettare le leggi anticoncussione e corruzione nei paesi in cui operiamo, compreso il Foreign Corrupt Practices Act (FCPA) degli Stati Uniti e il Bribery Act del Regno Unito. Queste leggi vietano rigorosamente la concussione e la corruzione, soprattutto quando sono coinvolti funzionari governativi. Nessun dipendente, funzionario, agente o appaltatore indipendente di Equinix che agisce per nostro conto potr\u00e0 offrire o fornire qualcosa di valore a qualcuno al fine di procurarsi affari o ottenere un vantaggio sleale. Le violazioni possono esporre voi ed Equinix a gravi sanzioni e danneggiare la nostra reputazione.<\/p>\n<p>Le leggi statunitensi che vietano la corruzione sono molto ampie, e ci\u00f2 significa che molti tipi di doni o intrattenimenti forniti ai dipendenti del governo potrebbero essere considerati impropri. Per questo motivo, i dipendenti non devono dare, offrire, promettere o autorizzare pagamenti, benefici o doni di denaro o qualsiasi altra cosa di valore a un governo o a un funzionario pubblico, tranne che nelle limitate circostanze che seguono. Questa regola si applica sia che il dono o altro beneficio venga dato da voi stessi sia attraverso un terzo, come un distributore o appaltatore indipendente.<\/p>\n<p>Questa regola si applica se state cercando di assicurarvi un affare oppure se state cercando un vantaggio su altri (come un trattamento speciale e preferenziale non offerto ai concorrenti). Qualsiasi dono o intrattenimento offerto a un governo o a un pubblico ufficiale deve soddisfare i seguenti criteri specifici:[\/vc_column_text][\/vc_column][vc_column width=&#8221;1\/2&#8243; el_class=&#8221;purpose_values&#8221; css=&#8221;.vc_custom_1615545765099{padding-bottom: 20px !important;}&#8221;][vc_single_image image=&#8221;2024&#8243; img_size=&#8221;full&#8221; alignment=&#8221;center&#8221; qode_css_animation=&#8221;&#8221; el_class=&#8221;w-100&#8243;][vc_empty_space height=&#8221;65px&#8221;][vc_column_text]<\/p>\n<ul>\n<li>Qualsiasi intrattenimento deve essere ragionevole, in buona fede e direttamente correlato alla promozione, dimostrazione o spiegazione di prodotti o servizi o legato alla stipula di un contratto tra Equinix e il governo o l&#8217;ente pubblico.<\/li>\n<li>Tutti i doni e l&#8217;intrattenimento devono essere conformi a tutte le politiche di Equinix, compresa la nostra Travel e Expense Policy.<\/li>\n<li>Nessun dono o intrattenimento deve mai essere offerto a un dipendente governativo allo scopo di assicurarsi un vantaggio commerciale improprio.<\/li>\n<\/ul>\n<p>[\/vc_column_text][\/vc_column][\/vc_row][vc_row css_animation=&#8221;&#8221; row_type=&#8221;row&#8221; use_row_as_full_screen_section=&#8221;no&#8221; type=&#8221;full_width&#8221; angled_section=&#8221;no&#8221; text_align=&#8221;left&#8221; background_image_as_pattern=&#8221;without_pattern&#8221; z_index=&#8221;&#8221;][vc_column width=&#8221;1\/2&#8243; css=&#8221;.vc_custom_1615545826324{padding-bottom: 26px !important;}&#8221;][vc_single_image image=&#8221;2025&#8243; img_size=&#8221;full&#8221; alignment=&#8221;center&#8221; qode_css_animation=&#8221;&#8221; el_class=&#8221;w-100&#8243;][\/vc_column][vc_column width=&#8221;1\/2&#8243; el_class=&#8221;purpose_values&#8221; css=&#8221;.vc_custom_1615545831124{padding-bottom: 26px !important;}&#8221;][vc_column_text]Dovete assicurarvi che ogni dono che fate in relazione al vostro lavoro sia trasparente, correttamente registrato nei nostri registri aziendali e consentito dalla nostra politica. Quando comunicate il dono, dovete dichiarare lo scopo del dono e la persona a cui l&#8217;avete fatto. Se il dono \u00e8 per un funzionario governativo, dovete sempre ottenere l&#8217;approvazione preventiva dell&#8217;Ufficio Conformit\u00e0.<\/p>\n<p>Se avete domande o avete bisogno di una guida in quest&#8217;area, contattate l\u2019Ufficio Conformit\u00e0 di Equinix. Se siete a conoscenza di una violazione sospetta o reale di questa politica, siete tenuti a segnalarla subito.[\/vc_column_text][\/vc_column][\/vc_row][vc_row css_animation=&#8221;&#8221; row_type=&#8221;row&#8221; use_row_as_full_screen_section=&#8221;no&#8221; type=&#8221;full_width&#8221; angled_section=&#8221;no&#8221; text_align=&#8221;left&#8221; background_image_as_pattern=&#8221;without_pattern&#8221; z_index=&#8221;&#8221; anchor=&#8221;Intellectual_property&#8221;][vc_column width=&#8221;2\/3&#8243; el_class=&#8221;purpose_values&#8221;][vc_column_text]<\/p>\n<h4>PROPRIET\u00c0 INTELLETTUALE<\/h4>\n<p>La propriet\u00e0 intellettuale include copyright, brevetti, marchi, segreti commerciali e altre propriet\u00e0 immateriali. Assumiamo misure attive per proteggere e far rispettare i nostri diritti di propriet\u00e0 intellettuale, e dobbiamo usare misure simili per proteggere la propriet\u00e0 intellettuale di terzi. Quando condividiamo la nostra propriet\u00e0 intellettuale con terzi, dobbiamo assicurarci che essi accettino di utilizzare e tutelare la nostra propriet\u00e0 in conformit\u00e0 con le nostre politiche Equinix.<\/p>\n<p>Molti dei materiali che usate ogni giorno sono protetti dalle leggi sul diritto d&#8217;autore, tra cui software per computer, libri, manuali, risorse audio e video, riviste e giornali commerciali. Altri esempi meno ovvi di opere soggette a copyright includono diapositive di presentazione, materiali di formazione, modelli di gestione e metodologie di risoluzione dei problemi. Non dobbiamo mai violare consapevolmente i diritti di propriet\u00e0 intellettuale di altri. Equinix vieta rigorosamente la riproduzione, distribuzione o alterazione di materiali protetti da copyright senza il permesso del proprietario o agente autorizzato. Dovrete anche assicurarvi di non copiare o utilizzare mai illegalmente software per computer con licenza aziendale per uso personale o aziendale.[\/vc_column_text][\/vc_column][vc_column width=&#8221;1\/3&#8243;][\/vc_column][\/vc_row][vc_row css_animation=&#8221;&#8221; row_type=&#8221;row&#8221; use_row_as_full_screen_section=&#8221;no&#8221; type=&#8221;full_width&#8221; angled_section=&#8221;no&#8221; text_align=&#8221;left&#8221; background_image_as_pattern=&#8221;without_pattern&#8221; z_index=&#8221;&#8221; padding_top=&#8221;16&#8243; padding_bottom=&#8221;142&#8243; el_class=&#8221;inside_space&#8221; anchor=&#8221;Inside_information_and_securities_trading&#8221;][vc_column width=&#8221;2\/3&#8243; el_class=&#8221;purpose_values&#8221;][vc_column_text]<\/p>\n<h4>INFORMAZIONI RISERVATE E NEGOZIAZIONE DI TITOLI<\/h4>\n<p>Non dovete acquistare o vendere azioni Equinix se siete in possesso di \u201cinformazioni rilevanti\u201d non rese pubbliche (note anche come informazioni riservate\u201d. Allo stesso modo, se siete al corrente di informazioni riservate su altre societ\u00e0, come clienti o venditori, non dovete acquistare o vendere i titoli di quelle societ\u00e0. Se condividete informazioni riservate o fornite \u201csuggerimenti\u201d interni a un terzo che poi esegue negoziazioni su tali informazioni, potrete essere ritenuti responsabili per la negoziazione illegale. Potreste anche essere responsabili per le compravendite effettuate da altri in base a informazioni confidenziali da voi condivise con soggetti esterni \u2013 inclusi membri della famiglia e amici. Se condividete informazioni riservate che inducono un membro della famiglia o un amico a comprare o vendere azioni Equinix, potreste essere penalmente responsabili come &#8220;tipper&#8221; (N.d.T: chi d\u00e0 mance) secondo le leggi federali sui titoli.<\/p>\n<p>Equinix considera improprio per coloro che sono assunti da o associati a Equinix impegnarsi in transazioni a breve termine o speculative nei titoli Equinix o in altre transazioni nei titoli Equinix che possono portare a violazioni involontarie delle leggi sull&#8217;insider trading. Di conseguenza, la vostra negoziazione dei titoli Equinix \u00e8 soggetta alle linee guida aggiuntive descritte pi\u00f9 dettagliatamente nella Equinix Securities Trading Policy.<\/p>\n<p>Per essere sicuri di rispettare le leggi contro l&#8217;insider trading, fate riferimento alla Equinix\u2019s Securities Trading Policy. Se avete domande, contattate l&#8217;Ufficio Conformit\u00e0.[\/vc_column_text][vc_empty_space height=&#8221;24px&#8221;]<a class=\"recom-read-link\" href=\"\/it\/additional-resources\/#recommended_readings\" target=\"_self\"><div class=\"recommend_book\"><div class=\"recommend_icon\"><img decoding=\"async\" src=\"https:\/\/codeofbusinessconduct.equinix.com\/wp-content\/uploads\/2021\/03\/recommend_book.svg\" \/><\/div><div class=\"recommend_content\"><h4>LETTURA RACCOMANDATA:<br>POLITICA DI NEGOZIAZIONE DEI TITOLI EQUINIX<\/h4><\/div><\/div><\/a>[\/vc_column][vc_column width=&#8221;1\/3&#8243; css=&#8221;.vc_custom_1615790628304{padding-top: 35px !important;}&#8221;][vc_column_text]<\/p>\n<h4 class=\"exclaimation\">Ricordate:<\/h4>\n<div class=\"lead\">Le informazioni riservate sono informazioni confidenziali che, se rese pubbliche, possono influire sulla decisione di un investitore di comprare, vendere e o detenere azioni Equinix.<\/div>\n<p>[\/vc_column_text][\/vc_column][\/vc_row]<\/p>\n<\/section>","protected":false},"excerpt":{"rendered":"<p>[vc_row css_animation=&#8221;&#8221; row_type=&#8221;row&#8221; use_row_as_full_screen_section=&#8221;no&#8221; type=&#8221;full_width&#8221; angled_section=&#8221;no&#8221; text_align=&#8221;left&#8221; background_image_as_pattern=&#8221;without_pattern&#8221;][vc_column][vc_single_image image=&#8221;4091&#8243; img_size=&#8221;full&#8221; qode_css_animation=&#8221;&#8221;][vc_empty_space height=&#8221;8px&#8221;][vc_column_text] IL NOSTRO IMPEGNO VERSO LA LEGGE Comprendere e aderire alle prassi commerciali legali [\/vc_column_text][\/vc_column][\/vc_row][vc_row css_animation=&#8221;&#8221; row_type=&#8221;row&#8221; use_row_as_full_screen_section=&#8221;no&#8221; type=&#8221;full_width&#8221; angled_section=&#8221;no&#8221; text_align=&#8221;left&#8221; background_image_as_pattern=&#8221;without_pattern&#8221; z_index=&#8221;&#8221; padding_top=&#8221;32&#8243; padding_bottom=&#8221;40&#8243;][vc_column][vc_single_image image=&#8221;2022&#8243; img_size=&#8221;full&#8221; alignment=&#8221;center&#8221; qode_css_animation=&#8221;&#8221; el_class=&#8221;w-100&#8243;][\/vc_column][\/vc_row][vc_row css_animation=&#8221;&#8221; row_type=&#8221;row&#8221; use_row_as_full_screen_section=&#8221;no&#8221; type=&#8221;full_width&#8221;&#8230;<\/p>\n","protected":false},"author":1,"featured_media":0,"parent":0,"menu_order":0,"comment_status":"closed","ping_status":"closed","template":"","meta":{"inline_featured_image":false,"footnotes":""},"class_list":["post-2021","page","type-page","status-publish","hentry"],"yoast_head":"<!-- This site is optimized with the Yoast SEO plugin v25.8 - https:\/\/yoast.com\/wordpress\/plugins\/seo\/ -->\n<title>IL NOSTRO IMPEGNO VERSO LA LEGGE - Equinix Code of Business Conduct<\/title>\n<meta name=\"robots\" content=\"index, follow, max-snippet:-1, max-image-preview:large, max-video-preview:-1\" \/>\n<link rel=\"canonical\" href=\"https:\/\/codeofbusinessconduct.equinix.com\/it\/our-commitment-to-the-law\/\" \/>\n<meta property=\"og:locale\" content=\"it_IT\" \/>\n<meta property=\"og:type\" content=\"article\" \/>\n<meta property=\"og:title\" content=\"IL NOSTRO IMPEGNO VERSO LA LEGGE - Equinix Code of Business Conduct\" \/>\n<meta property=\"og:description\" content=\"[vc_row css_animation=&#8221;&#8221; row_type=&#8221;row&#8221; use_row_as_full_screen_section=&#8221;no&#8221; type=&#8221;full_width&#8221; angled_section=&#8221;no&#8221; text_align=&#8221;left&#8221; background_image_as_pattern=&#8221;without_pattern&#8221;][vc_column][vc_single_image image=&#8221;4091&#8243; img_size=&#8221;full&#8221; qode_css_animation=&#8221;&#8221;][vc_empty_space height=&#8221;8px&#8221;][vc_column_text] IL NOSTRO IMPEGNO VERSO LA LEGGE Comprendere e aderire alle prassi commerciali legali [\/vc_column_text][\/vc_column][\/vc_row][vc_row css_animation=&#8221;&#8221; row_type=&#8221;row&#8221; use_row_as_full_screen_section=&#8221;no&#8221; type=&#8221;full_width&#8221; angled_section=&#8221;no&#8221; text_align=&#8221;left&#8221; background_image_as_pattern=&#8221;without_pattern&#8221; z_index=&#8221;&#8221; padding_top=&#8221;32&#8243; padding_bottom=&#8221;40&#8243;][vc_column][vc_single_image image=&#8221;2022&#8243; img_size=&#8221;full&#8221; alignment=&#8221;center&#8221; qode_css_animation=&#8221;&#8221; el_class=&#8221;w-100&#8243;][\/vc_column][\/vc_row][vc_row css_animation=&#8221;&#8221; row_type=&#8221;row&#8221; use_row_as_full_screen_section=&#8221;no&#8221; type=&#8221;full_width&#8221;...\" \/>\n<meta property=\"og:url\" content=\"https:\/\/codeofbusinessconduct.equinix.com\/it\/our-commitment-to-the-law\/\" \/>\n<meta property=\"og:site_name\" content=\"Equinix Code of Business Conduct\" \/>\n<meta property=\"article:modified_time\" content=\"2025-12-15T12:23:45+00:00\" \/>\n<meta name=\"twitter:card\" content=\"summary_large_image\" \/>\n<meta name=\"twitter:label1\" content=\"Tempo di lettura stimato\" \/>\n\t<meta name=\"twitter:data1\" content=\"7 minuti\" \/>\n<script type=\"application\/ld+json\" class=\"yoast-schema-graph\">{\"@context\":\"https:\/\/schema.org\",\"@graph\":[{\"@type\":\"WebPage\",\"@id\":\"https:\/\/codeofbusinessconduct.equinix.com\/it\/our-commitment-to-the-law\/\",\"url\":\"https:\/\/codeofbusinessconduct.equinix.com\/it\/our-commitment-to-the-law\/\",\"name\":\"IL NOSTRO IMPEGNO VERSO LA LEGGE - Equinix Code of Business Conduct\",\"isPartOf\":{\"@id\":\"https:\/\/cobc-prod.azurewebsites.net\/#website\"},\"datePublished\":\"2021-03-10T06:21:26+00:00\",\"dateModified\":\"2025-12-15T12:23:45+00:00\",\"breadcrumb\":{\"@id\":\"https:\/\/codeofbusinessconduct.equinix.com\/it\/our-commitment-to-the-law\/#breadcrumb\"},\"inLanguage\":\"it-IT\",\"potentialAction\":[{\"@type\":\"ReadAction\",\"target\":[\"https:\/\/codeofbusinessconduct.equinix.com\/it\/our-commitment-to-the-law\/\"]}]},{\"@type\":\"BreadcrumbList\",\"@id\":\"https:\/\/codeofbusinessconduct.equinix.com\/it\/our-commitment-to-the-law\/#breadcrumb\",\"itemListElement\":[{\"@type\":\"ListItem\",\"position\":1,\"name\":\"Home\",\"item\":\"https:\/\/codeofbusinessconduct.equinix.com\/it\/\"},{\"@type\":\"ListItem\",\"position\":2,\"name\":\"IL NOSTRO IMPEGNO VERSO LA LEGGE\"}]},{\"@type\":\"WebSite\",\"@id\":\"https:\/\/cobc-prod.azurewebsites.net\/#website\",\"url\":\"https:\/\/cobc-prod.azurewebsites.net\/\",\"name\":\"Equinix Code of Business Conduct\",\"description\":\"\",\"potentialAction\":[{\"@type\":\"SearchAction\",\"target\":{\"@type\":\"EntryPoint\",\"urlTemplate\":\"https:\/\/cobc-prod.azurewebsites.net\/?s={search_term_string}\"},\"query-input\":{\"@type\":\"PropertyValueSpecification\",\"valueRequired\":true,\"valueName\":\"search_term_string\"}}],\"inLanguage\":\"it-IT\"}]}<\/script>\n<!-- \/ Yoast SEO plugin. -->","yoast_head_json":{"title":"IL NOSTRO IMPEGNO VERSO LA LEGGE - Equinix Code of Business Conduct","robots":{"index":"index","follow":"follow","max-snippet":"max-snippet:-1","max-image-preview":"max-image-preview:large","max-video-preview":"max-video-preview:-1"},"canonical":"https:\/\/codeofbusinessconduct.equinix.com\/it\/our-commitment-to-the-law\/","og_locale":"it_IT","og_type":"article","og_title":"IL NOSTRO IMPEGNO VERSO LA LEGGE - Equinix Code of Business Conduct","og_description":"[vc_row css_animation=&#8221;&#8221; row_type=&#8221;row&#8221; use_row_as_full_screen_section=&#8221;no&#8221; type=&#8221;full_width&#8221; angled_section=&#8221;no&#8221; text_align=&#8221;left&#8221; background_image_as_pattern=&#8221;without_pattern&#8221;][vc_column][vc_single_image image=&#8221;4091&#8243; img_size=&#8221;full&#8221; qode_css_animation=&#8221;&#8221;][vc_empty_space height=&#8221;8px&#8221;][vc_column_text] IL NOSTRO IMPEGNO VERSO LA LEGGE Comprendere e aderire alle prassi commerciali legali [\/vc_column_text][\/vc_column][\/vc_row][vc_row css_animation=&#8221;&#8221; row_type=&#8221;row&#8221; use_row_as_full_screen_section=&#8221;no&#8221; type=&#8221;full_width&#8221; angled_section=&#8221;no&#8221; text_align=&#8221;left&#8221; background_image_as_pattern=&#8221;without_pattern&#8221; z_index=&#8221;&#8221; padding_top=&#8221;32&#8243; padding_bottom=&#8221;40&#8243;][vc_column][vc_single_image image=&#8221;2022&#8243; img_size=&#8221;full&#8221; alignment=&#8221;center&#8221; qode_css_animation=&#8221;&#8221; el_class=&#8221;w-100&#8243;][\/vc_column][\/vc_row][vc_row css_animation=&#8221;&#8221; row_type=&#8221;row&#8221; use_row_as_full_screen_section=&#8221;no&#8221; type=&#8221;full_width&#8221;...","og_url":"https:\/\/codeofbusinessconduct.equinix.com\/it\/our-commitment-to-the-law\/","og_site_name":"Equinix Code of Business Conduct","article_modified_time":"2025-12-15T12:23:45+00:00","twitter_card":"summary_large_image","twitter_misc":{"Tempo di lettura stimato":"7 minuti"},"schema":{"@context":"https:\/\/schema.org","@graph":[{"@type":"WebPage","@id":"https:\/\/codeofbusinessconduct.equinix.com\/it\/our-commitment-to-the-law\/","url":"https:\/\/codeofbusinessconduct.equinix.com\/it\/our-commitment-to-the-law\/","name":"IL NOSTRO IMPEGNO VERSO LA LEGGE - Equinix Code of Business Conduct","isPartOf":{"@id":"https:\/\/cobc-prod.azurewebsites.net\/#website"},"datePublished":"2021-03-10T06:21:26+00:00","dateModified":"2025-12-15T12:23:45+00:00","breadcrumb":{"@id":"https:\/\/codeofbusinessconduct.equinix.com\/it\/our-commitment-to-the-law\/#breadcrumb"},"inLanguage":"it-IT","potentialAction":[{"@type":"ReadAction","target":["https:\/\/codeofbusinessconduct.equinix.com\/it\/our-commitment-to-the-law\/"]}]},{"@type":"BreadcrumbList","@id":"https:\/\/codeofbusinessconduct.equinix.com\/it\/our-commitment-to-the-law\/#breadcrumb","itemListElement":[{"@type":"ListItem","position":1,"name":"Home","item":"https:\/\/codeofbusinessconduct.equinix.com\/it\/"},{"@type":"ListItem","position":2,"name":"IL NOSTRO IMPEGNO VERSO LA LEGGE"}]},{"@type":"WebSite","@id":"https:\/\/cobc-prod.azurewebsites.net\/#website","url":"https:\/\/cobc-prod.azurewebsites.net\/","name":"Equinix Code of Business Conduct","description":"","potentialAction":[{"@type":"SearchAction","target":{"@type":"EntryPoint","urlTemplate":"https:\/\/cobc-prod.azurewebsites.net\/?s={search_term_string}"},"query-input":{"@type":"PropertyValueSpecification","valueRequired":true,"valueName":"search_term_string"}}],"inLanguage":"it-IT"}]}},"_links":{"self":[{"href":"https:\/\/codeofbusinessconduct.equinix.com\/it\/wp-json\/wp\/v2\/pages\/2021","targetHints":{"allow":["GET"]}}],"collection":[{"href":"https:\/\/codeofbusinessconduct.equinix.com\/it\/wp-json\/wp\/v2\/pages"}],"about":[{"href":"https:\/\/codeofbusinessconduct.equinix.com\/it\/wp-json\/wp\/v2\/types\/page"}],"author":[{"embeddable":true,"href":"https:\/\/codeofbusinessconduct.equinix.com\/it\/wp-json\/wp\/v2\/users\/1"}],"replies":[{"embeddable":true,"href":"https:\/\/codeofbusinessconduct.equinix.com\/it\/wp-json\/wp\/v2\/comments?post=2021"}],"version-history":[{"count":19,"href":"https:\/\/codeofbusinessconduct.equinix.com\/it\/wp-json\/wp\/v2\/pages\/2021\/revisions"}],"predecessor-version":[{"id":5320,"href":"https:\/\/codeofbusinessconduct.equinix.com\/it\/wp-json\/wp\/v2\/pages\/2021\/revisions\/5320"}],"wp:attachment":[{"href":"https:\/\/codeofbusinessconduct.equinix.com\/it\/wp-json\/wp\/v2\/media?parent=2021"}],"curies":[{"name":"wp","href":"https:\/\/api.w.org\/{rel}","templated":true}]}}