{"id":1949,"date":"2021-03-10T05:32:20","date_gmt":"2021-03-10T05:32:20","guid":{"rendered":"https:\/\/codeofbusinessconduct.equinix.com\/homepage\/"},"modified":"2024-11-27T00:57:35","modified_gmt":"2024-11-27T00:57:35","slug":"homepage","status":"publish","type":"page","link":"https:\/\/codeofbusinessconduct.equinix.com\/it\/","title":{"rendered":"Homepage"},"content":{"rendered":"<section class=\"wpb-content-wrapper\"><p>[vc_row css_animation=&#8221;&#8221; row_type=&#8221;row&#8221; use_row_as_full_screen_section=&#8221;no&#8221; type=&#8221;full_width&#8221; angled_section=&#8221;no&#8221; text_align=&#8221;center&#8221; background_image_as_pattern=&#8221;without_pattern&#8221; z_index=&#8221;&#8221; background_image=&#8221;469&#8243; el_class=&#8221;slider-image&#8221;][vc_column][vc_column_text]<\/p>\n<h1>CODICE DI CONDOTTA AZIENDALE DI EQUINIX<\/h1>\n<p>[\/vc_column_text][\/vc_column][\/vc_row][vc_row css_animation=&#8221;&#8221; row_type=&#8221;row&#8221; use_row_as_full_screen_section=&#8221;no&#8221; type=&#8221;grid&#8221; angled_section=&#8221;no&#8221; text_align=&#8221;left&#8221; background_image_as_pattern=&#8221;without_pattern&#8221; z_index=&#8221;&#8221; padding_top=&#8221;50&#8243; padding_bottom=&#8221;32&#8243; el_class=&#8221;our-message&#8221;][vc_column width=&#8221;2\/3&#8243;][vc_single_image image=&#8221;1957&#8243; img_size=&#8221;full&#8221; qode_css_animation=&#8221;&#8221;][vc_empty_space height=&#8221;8px&#8221;][vc_column_text]<\/p>\n<h3>IL NOSTRO MESSAGGIO<\/h3>\n<div class=\"lead\">\n<p><span data-contrast=\"auto\">Cari colleghi,<\/span><span data-ccp-props=\"{}\">\u00a0<\/span><\/p>\n<p><span data-contrast=\"auto\">Noi di Equinix siamo incredibilmente orgogliosi dell&#8217;organizzazione di successo che abbiamo costruito insieme. In qualit\u00e0 di societ\u00e0 globale leader del settore, Equinix ha l&#8217;opportunit\u00e0 e la responsabilit\u00e0 di stabilire uno standard per le pratiche commerciali etiche che consentano ai nostri clienti e partner di sapere che possono fidarsi della nostra societ\u00e0 e dei prodotti e servizi che forniamo. La nostra reputazione etica \u00e8 uno dei nostri aspetti di differenziazione pi\u00f9 solidi e qualcosa che tutti noi dobbiamo sostenere.\u202f<\/span><span data-ccp-props=\"{}\">\u00a0<\/span><\/p>\n<p><span data-contrast=\"auto\">Il nostro Codice di condotta aziendale riflette i valori etici e gli standard fondamentali di Equinix. Ci fornisce le informazioni, le risorse e gli strumenti di cui abbiamo bisogno per creare standard globali chiari e coerenti per una condotta aziendale etica e per l\u2019osservanza delle leggi. Ci si attende che il nostro Codice sia conosciuto e utilizzato da tutti per orientare i nostri sforzi in nome della societ\u00e0. \u00c8 concepito per aiutarci a effettuare le scelte giuste quando ci troviamo di fronte a situazioni etiche difficili.\u202f<\/span><span data-ccp-props=\"{}\">\u00a0<\/span><\/p>\n<p><span data-contrast=\"auto\">In qualit\u00e0 di dipendenti Equinix, abbiamo tutti il diritto e la responsabilit\u00e0 di proteggere la nostra cultura aziendale da qualsiasi condotta che minacci i nostri valori o danneggi la nostra reputazione. Rendersi reciprocamente responsabili di vivere i nostri valori \u00e8 parte di ci\u00f2 che rende Equinix un luogo speciale. Ove abbiate quesiti o dubbi sulla violazione del nostro Codice di condotta aziendale, non esitate a comunicarcelo. Vi invitiamo a rivolgervi al vostro responsabile, al Responsabile della Compliance di Equinix, al Consulente Generale Globale o al Responsabile dell\u2019Ufficio legale e agente addetto alle risorse umane. \u00c8 inoltre possibile effettuare una segnalazione in forma anonima utilizzando il nostro modulo etico online o il servizio telefonico multilingue.\u202f<\/span><span data-ccp-props=\"{}\">\u00a0<\/span><\/p>\n<p><span data-contrast=\"auto\">Noi di Equinix siamo orgogliosi di essere persone etiche, impegnate e con iniziativa. Le nostre risorse e la nostra cultura hanno reso Equinix il leader che \u00e8 oggi e saranno la base su cui costruiremo il nostro continuo successo.<\/span><span data-ccp-props=\"{}\">\u00a0<\/span><\/p>\n<p><strong>\u202fAdaire Fox-Martin\u00a0<\/strong><\/p>\n<p><span data-contrast=\"auto\">Amministratore Delegato e Presidente<\/span><span data-ccp-props=\"{}\">\u00a0<\/span><\/p>\n<p><strong>\u202fCharles Meyers\u00a0<\/strong><\/p>\n<p><span data-contrast=\"auto\">Presidente Esecutivo<\/span><span data-ccp-props=\"{}\">\u00a0<\/span><\/p>\n<\/div>\n<p>[\/vc_column_text][\/vc_column][vc_column width=&#8221;1\/3&#8243; el_class=&#8221;chief-images&#8221;][vc_single_image image=&#8221;4734&#8243; img_size=&#8221;full&#8221; qode_css_animation=&#8221;&#8221;][vc_single_image image=&#8221;4654&#8243; img_size=&#8221;full&#8221; qode_css_animation=&#8221;&#8221;][vc_column_text el_class=&#8221;team_header&#8221;]<strong>Adaire Fox-Martin\u00a0<\/strong><\/p>\n<p><span data-contrast=\"auto\">Amministratore Delegato e Presidente<\/span><span data-ccp-props=\"{}\">\u00a0<\/span>[\/vc_column_text][vc_empty_space height=&#8221;30px&#8221;][vc_single_image image=&#8221;4774&#8243; img_size=&#8221;full&#8221; qode_css_animation=&#8221;&#8221;][vc_single_image image=&#8221;4794&#8243; img_size=&#8221;full&#8221; qode_css_animation=&#8221;&#8221;][vc_column_text el_class=&#8221;team_header&#8221;]<strong>Charles Meyers\u00a0<\/strong><\/p>\n<p><span data-contrast=\"auto\">Presidente Esecutivo<\/span><span data-ccp-props=\"{}\">\u00a0<\/span>[\/vc_column_text][\/vc_column][\/vc_row][vc_row css_animation=&#8221;&#8221; row_type=&#8221;row&#8221; use_row_as_full_screen_section=&#8221;yes&#8221; type=&#8221;grid&#8221; angled_section=&#8221;no&#8221; text_align=&#8221;left&#8221; background_image_as_pattern=&#8221;without_pattern&#8221; z_index=&#8221;&#8221; background_color=&#8221;#eeeeee&#8221; padding_top=&#8221;34&#8243; padding_bottom=&#8221;68&#8243; el_class=&#8221;table-of-contents&#8221;][vc_column][vc_column_text]<\/p>\n<h3>Sommario<\/h3>\n<p>[\/vc_column_text][vc_row_inner row_type=&#8221;row&#8221; type=&#8221;full_width&#8221; text_align=&#8221;left&#8221; css_animation=&#8221;&#8221;][vc_column_inner width=&#8221;1\/2&#8243;][vc_column_text]<a class=\"anchor\" href=\"#Our_Purpose_and_Values\"><strong>IL NOSTRO SCOPO E I NOSTRI VALORI<\/strong><\/a><\/p>\n<p><a href=\"\/it\/our-code\"><strong>IL NOSTRO CODICE<\/strong><\/a><\/p>\n<ul>\n<li><a href=\"\/it\/our-code\/#why_we_have_a_code_of_business_conduct\">Perch\u00e9 abbiamo un Codice di Condotta aziendale<\/a><\/li>\n<li><a href=\"\/it\/our-code\/#who_is_required_to_follow_our_code\">Chi \u00e8 tenuto a osservare il nostro Codice?<\/a><\/li>\n<li><a href=\"\/it\/our-code\/#ethics_in_action:_what_our_code_means_for_you\">Etica in azione: Cosa significa il nostro Codice per voi<\/a><\/li>\n<\/ul>\n<p><a href=\"\/it\/our-people\"><strong>LA NOSTRA GENTE<\/strong><\/a><\/p>\n<ul>\n<li><a href=\"\/it\/our-people\/#diversity\">Diversit\u00e0<\/a><\/li>\n<li><a href=\"\/it\/our-people\/#dignity_and_respect\">Dignit\u00e0 e Rispetto<\/a><\/li>\n<li><a href=\"\/it\/our-people\/#safety\">Sicurezza<\/a><\/li>\n<\/ul>\n<p><a href=\"\/it\/our-business-relationships\"><strong>LE NOSTRE RELAZIONI DI AFFARI<\/strong><\/a><\/p>\n<ul>\n<li><a href=\"\/it\/our-business-relationships\/#Conflicts_of_interest\">Conflitti di interesse<\/a><\/li>\n<li><a href=\"\/it\/our-business-relationships\/#Gifts_and_entertainment\">Doni e intrattenimento<\/a><\/li>\n<li><a href=\"\/it\/our-business-relationships\/#Prohibited_payments_and_gifts_to_government_personnel\">Pagamenti e doni vietati al personale governativo<\/a><\/li>\n<li><a href=\"\/it\/our-business-relationships\/#Protecting_our_reputation_and_property\">Tutela della nostra reputazione e beni<\/a><\/li>\n<li><a href=\"\/it\/our-business-relationships\/#Speaking_on_behalf_of_our_company\">Parlare a nome della nostra Azienda<\/a><\/li>\n<\/ul>\n<p>[\/vc_column_text][\/vc_column_inner][vc_column_inner width=&#8221;1\/2&#8243;][vc_column_text]<a href=\"\/it\/our-commitment-to-the-law\/#Competition_and_fair_dealing\"><strong>IL NOSTRO IMPEGNO VERSO LA LEGGE<\/strong><\/a><\/p>\n<ul>\n<li><a href=\"\/it\/our-commitment-to-the-law\/#Competition_and_fair_dealing\">Concorrenza e correttezza nelle trattative<\/a><\/li>\n<li><a href=\"\/it\/our-commitment-to-the-law\/#Daily_privacy\">Privacy dei dati<\/a><\/li>\n<li><a href=\"\/it\/our-commitment-to-the-law\/#Anti-bribery_and_corruption\">Anticoncussione e Anticorruzione<\/a><\/li>\n<li><a href=\"\/it\/our-commitment-to-the-law\/#Intellectual_property\">Propriet\u00e0 intellettuale<\/a><\/li>\n<li><a href=\"\/it\/our-commitment-to-the-law\/#Inside_information_and_securities_trading\">Informazioni riservate e compravendita di titoli<\/a><\/li>\n<\/ul>\n<p><a href=\"\/it\/our-community\/\"><strong>LA NOSTRA COMUNIT\u00c0<\/strong><\/a><\/p>\n<ul>\n<li><a href=\"\/it\/our-community\/#Human_rights\">Diritti umani<\/a><\/li>\n<li><a href=\"\/it\/our-community\/#Charitable_contributions\">Contributi caritatevoli<\/a><\/li>\n<li><a href=\"\/it\/our-community\/#Political_activities_and_contributions\">Attivit\u00e0 e contributi politici<\/a><\/li>\n<li><a href=\"\/it\/our-community\/#The_environment\">Ambiente<\/a><\/li>\n<\/ul>\n<p><a href=\"\/it\/our-responsibility\"><strong>LA NOSTRA RESPONSABILIT\u00c0<\/strong><\/a><\/p>\n<ul>\n<li><a href=\"\/it\/our-responsibility\/#Your_voice_matters\">La vostra voce conta<\/a><\/li>\n<li><a href=\"\/it\/our-responsibility\/#Ways_to_speak_up\">Modi per parlare<\/a><\/li>\n<li><a href=\"\/it\/our-responsibility\/#Whistleblower_protection_policy\">Politica di tutela degli informatori<\/a><\/li>\n<li><a href=\"\/it\/our-responsibility\/#Code_of_business_conduct_waivers\">Deroghe al Codice di condotta aziendale<\/a><\/li>\n<\/ul>\n<p><a href=\"\/it\/additional-resources\/\"><strong>RISORSE AGGIUNTIVE<\/strong><\/a>[\/vc_column_text][\/vc_column_inner][\/vc_row_inner][\/vc_column][\/vc_row][vc_row css_animation=&#8221;&#8221; row_type=&#8221;row&#8221; use_row_as_full_screen_section=&#8221;no&#8221; type=&#8221;grid&#8221; angled_section=&#8221;no&#8221; text_align=&#8221;left&#8221; background_image_as_pattern=&#8221;without_pattern&#8221; z_index=&#8221;&#8221; padding_top=&#8221;32&#8243; padding_bottom=&#8221;50&#8243; el_class=&#8221;purpose_values our_space&#8221; anchor=&#8221;Our_Purpose_and_Values&#8221;][vc_column width=&#8221;1\/2&#8243; css=&#8221;.vc_custom_1615551557750{padding-bottom: 40px !important;}&#8221;][vc_single_image image=&#8221;1955&#8243; img_size=&#8221;full&#8221; alignment=&#8221;center&#8221; qode_css_animation=&#8221;&#8221; el_class=&#8221;w-100&#8243;][\/vc_column][vc_column width=&#8221;1\/2&#8243; css=&#8221;.vc_custom_1615792034246{padding-bottom: 40px !important;}&#8221;][vc_single_image image=&#8221;1956&#8243; img_size=&#8221;full&#8221; qode_css_animation=&#8221;&#8221;][vc_empty_space height=&#8221;8px&#8221;][vc_column_text]<\/p>\n<h3>IL NOSTRO SCOPO, IL NOSTRO SOGNO E I NOSTRI VALORI<\/h3>\n<div class=\"lead\">La promessa di Equinix<\/div>\n<h4>IL NOSTRO SCOPO<\/h4>\n<p>Essere la piattaforma che riunisce il mondo, permettendo le innovazioni che arricchiscono il nostro lavoro, la vita e il pianeta.<\/p>\n<h4>I NOSTRI VALORI<\/h4>\n<ul>\n<li>I clienti contano sul mantenimento dei nostri impegni.<\/li>\n<li>Equinix \u00e8 composta da persone motivate che si ritengono reciprocamente responsabili di performance superiori.<\/li>\n<li>Apprezziamo una cultura di pensiero e azione disciplinata.<\/li>\n<li>In Equinix, fissiamo alti standard di eccellenza.<\/li>\n<li>La nostra passione per creare una grande azienda di lunga data \u00e8 la priorit\u00e0 numero uno.<\/li>\n<\/ul>\n<p>[\/vc_column_text][\/vc_column][\/vc_row]<\/p>\n<\/section>","protected":false},"excerpt":{"rendered":"<p>[vc_row css_animation=&#8221;&#8221; row_type=&#8221;row&#8221; use_row_as_full_screen_section=&#8221;no&#8221; type=&#8221;full_width&#8221; angled_section=&#8221;no&#8221; text_align=&#8221;center&#8221; background_image_as_pattern=&#8221;without_pattern&#8221; z_index=&#8221;&#8221; background_image=&#8221;469&#8243; el_class=&#8221;slider-image&#8221;][vc_column][vc_column_text] CODICE DI CONDOTTA AZIENDALE DI EQUINIX [\/vc_column_text][\/vc_column][\/vc_row][vc_row css_animation=&#8221;&#8221; row_type=&#8221;row&#8221; use_row_as_full_screen_section=&#8221;no&#8221; type=&#8221;grid&#8221; angled_section=&#8221;no&#8221; text_align=&#8221;left&#8221; background_image_as_pattern=&#8221;without_pattern&#8221; z_index=&#8221;&#8221; padding_top=&#8221;50&#8243; padding_bottom=&#8221;32&#8243; el_class=&#8221;our-message&#8221;][vc_column width=&#8221;2\/3&#8243;][vc_single_image image=&#8221;1957&#8243; img_size=&#8221;full&#8221; qode_css_animation=&#8221;&#8221;][vc_empty_space height=&#8221;8px&#8221;][vc_column_text] IL NOSTRO MESSAGGIO Cari colleghi,\u00a0 Noi di Equinix siamo incredibilmente orgogliosi&#8230;<\/p>\n","protected":false},"author":1,"featured_media":0,"parent":0,"menu_order":0,"comment_status":"closed","ping_status":"closed","template":"full_width.php","meta":{"inline_featured_image":false,"footnotes":""},"class_list":["post-1949","page","type-page","status-publish","hentry"],"yoast_head":"<!-- This site is optimized with the Yoast SEO plugin v25.8 - https:\/\/yoast.com\/wordpress\/plugins\/seo\/ -->\n<title>Homepage - Equinix Code of Business Conduct<\/title>\n<meta name=\"robots\" content=\"index, follow, max-snippet:-1, max-image-preview:large, max-video-preview:-1\" \/>\n<link rel=\"canonical\" href=\"https:\/\/codeofbusinessconduct.equinix.com\/it\/\" \/>\n<meta property=\"og:locale\" content=\"it_IT\" \/>\n<meta property=\"og:type\" content=\"article\" \/>\n<meta property=\"og:title\" content=\"Homepage - Equinix Code of Business Conduct\" \/>\n<meta property=\"og:description\" content=\"[vc_row css_animation=&#8221;&#8221; row_type=&#8221;row&#8221; use_row_as_full_screen_section=&#8221;no&#8221; type=&#8221;full_width&#8221; angled_section=&#8221;no&#8221; text_align=&#8221;center&#8221; background_image_as_pattern=&#8221;without_pattern&#8221; z_index=&#8221;&#8221; background_image=&#8221;469&#8243; el_class=&#8221;slider-image&#8221;][vc_column][vc_column_text] CODICE DI CONDOTTA AZIENDALE DI EQUINIX [\/vc_column_text][\/vc_column][\/vc_row][vc_row css_animation=&#8221;&#8221; row_type=&#8221;row&#8221; use_row_as_full_screen_section=&#8221;no&#8221; type=&#8221;grid&#8221; angled_section=&#8221;no&#8221; text_align=&#8221;left&#8221; background_image_as_pattern=&#8221;without_pattern&#8221; z_index=&#8221;&#8221; padding_top=&#8221;50&#8243; padding_bottom=&#8221;32&#8243; el_class=&#8221;our-message&#8221;][vc_column width=&#8221;2\/3&#8243;][vc_single_image image=&#8221;1957&#8243; img_size=&#8221;full&#8221; qode_css_animation=&#8221;&#8221;][vc_empty_space height=&#8221;8px&#8221;][vc_column_text] IL NOSTRO MESSAGGIO Cari colleghi,\u00a0 Noi di Equinix siamo incredibilmente orgogliosi...\" \/>\n<meta property=\"og:url\" content=\"https:\/\/codeofbusinessconduct.equinix.com\/it\/\" \/>\n<meta property=\"og:site_name\" content=\"Equinix Code of Business Conduct\" \/>\n<meta property=\"article:modified_time\" content=\"2024-11-27T00:57:35+00:00\" \/>\n<meta name=\"twitter:card\" content=\"summary_large_image\" \/>\n<meta name=\"twitter:label1\" content=\"Tempo di lettura stimato\" \/>\n\t<meta name=\"twitter:data1\" content=\"5 minuti\" \/>\n<script type=\"application\/ld+json\" class=\"yoast-schema-graph\">{\"@context\":\"https:\/\/schema.org\",\"@graph\":[{\"@type\":\"WebPage\",\"@id\":\"https:\/\/codeofbusinessconduct.equinix.com\/it\/\",\"url\":\"https:\/\/codeofbusinessconduct.equinix.com\/it\/\",\"name\":\"Homepage - Equinix Code of Business Conduct\",\"isPartOf\":{\"@id\":\"https:\/\/cobc-prod.azurewebsites.net\/#website\"},\"datePublished\":\"2021-03-10T05:32:20+00:00\",\"dateModified\":\"2024-11-27T00:57:35+00:00\",\"breadcrumb\":{\"@id\":\"https:\/\/codeofbusinessconduct.equinix.com\/it\/#breadcrumb\"},\"inLanguage\":\"it-IT\",\"potentialAction\":[{\"@type\":\"ReadAction\",\"target\":[\"https:\/\/codeofbusinessconduct.equinix.com\/it\/\"]}]},{\"@type\":\"BreadcrumbList\",\"@id\":\"https:\/\/codeofbusinessconduct.equinix.com\/it\/#breadcrumb\",\"itemListElement\":[{\"@type\":\"ListItem\",\"position\":1,\"name\":\"Home\",\"item\":\"https:\/\/codeofbusinessconduct.equinix.com\/it\/\"},{\"@type\":\"ListItem\",\"position\":2,\"name\":\"Homepage\"}]},{\"@type\":\"WebSite\",\"@id\":\"https:\/\/cobc-prod.azurewebsites.net\/#website\",\"url\":\"https:\/\/cobc-prod.azurewebsites.net\/\",\"name\":\"Equinix Code of Business Conduct\",\"description\":\"\",\"potentialAction\":[{\"@type\":\"SearchAction\",\"target\":{\"@type\":\"EntryPoint\",\"urlTemplate\":\"https:\/\/cobc-prod.azurewebsites.net\/?s={search_term_string}\"},\"query-input\":{\"@type\":\"PropertyValueSpecification\",\"valueRequired\":true,\"valueName\":\"search_term_string\"}}],\"inLanguage\":\"it-IT\"}]}<\/script>\n<!-- \/ Yoast SEO plugin. -->","yoast_head_json":{"title":"Homepage - Equinix Code of Business Conduct","robots":{"index":"index","follow":"follow","max-snippet":"max-snippet:-1","max-image-preview":"max-image-preview:large","max-video-preview":"max-video-preview:-1"},"canonical":"https:\/\/codeofbusinessconduct.equinix.com\/it\/","og_locale":"it_IT","og_type":"article","og_title":"Homepage - Equinix Code of Business Conduct","og_description":"[vc_row css_animation=&#8221;&#8221; row_type=&#8221;row&#8221; use_row_as_full_screen_section=&#8221;no&#8221; type=&#8221;full_width&#8221; angled_section=&#8221;no&#8221; text_align=&#8221;center&#8221; background_image_as_pattern=&#8221;without_pattern&#8221; z_index=&#8221;&#8221; background_image=&#8221;469&#8243; el_class=&#8221;slider-image&#8221;][vc_column][vc_column_text] CODICE DI CONDOTTA AZIENDALE DI EQUINIX [\/vc_column_text][\/vc_column][\/vc_row][vc_row css_animation=&#8221;&#8221; row_type=&#8221;row&#8221; use_row_as_full_screen_section=&#8221;no&#8221; type=&#8221;grid&#8221; angled_section=&#8221;no&#8221; text_align=&#8221;left&#8221; background_image_as_pattern=&#8221;without_pattern&#8221; z_index=&#8221;&#8221; padding_top=&#8221;50&#8243; padding_bottom=&#8221;32&#8243; el_class=&#8221;our-message&#8221;][vc_column width=&#8221;2\/3&#8243;][vc_single_image image=&#8221;1957&#8243; img_size=&#8221;full&#8221; qode_css_animation=&#8221;&#8221;][vc_empty_space height=&#8221;8px&#8221;][vc_column_text] IL NOSTRO MESSAGGIO Cari colleghi,\u00a0 Noi di Equinix siamo incredibilmente orgogliosi...","og_url":"https:\/\/codeofbusinessconduct.equinix.com\/it\/","og_site_name":"Equinix Code of Business Conduct","article_modified_time":"2024-11-27T00:57:35+00:00","twitter_card":"summary_large_image","twitter_misc":{"Tempo di lettura stimato":"5 minuti"},"schema":{"@context":"https:\/\/schema.org","@graph":[{"@type":"WebPage","@id":"https:\/\/codeofbusinessconduct.equinix.com\/it\/","url":"https:\/\/codeofbusinessconduct.equinix.com\/it\/","name":"Homepage - Equinix Code of Business Conduct","isPartOf":{"@id":"https:\/\/cobc-prod.azurewebsites.net\/#website"},"datePublished":"2021-03-10T05:32:20+00:00","dateModified":"2024-11-27T00:57:35+00:00","breadcrumb":{"@id":"https:\/\/codeofbusinessconduct.equinix.com\/it\/#breadcrumb"},"inLanguage":"it-IT","potentialAction":[{"@type":"ReadAction","target":["https:\/\/codeofbusinessconduct.equinix.com\/it\/"]}]},{"@type":"BreadcrumbList","@id":"https:\/\/codeofbusinessconduct.equinix.com\/it\/#breadcrumb","itemListElement":[{"@type":"ListItem","position":1,"name":"Home","item":"https:\/\/codeofbusinessconduct.equinix.com\/it\/"},{"@type":"ListItem","position":2,"name":"Homepage"}]},{"@type":"WebSite","@id":"https:\/\/cobc-prod.azurewebsites.net\/#website","url":"https:\/\/cobc-prod.azurewebsites.net\/","name":"Equinix Code of Business Conduct","description":"","potentialAction":[{"@type":"SearchAction","target":{"@type":"EntryPoint","urlTemplate":"https:\/\/cobc-prod.azurewebsites.net\/?s={search_term_string}"},"query-input":{"@type":"PropertyValueSpecification","valueRequired":true,"valueName":"search_term_string"}}],"inLanguage":"it-IT"}]}},"_links":{"self":[{"href":"https:\/\/codeofbusinessconduct.equinix.com\/it\/wp-json\/wp\/v2\/pages\/1949","targetHints":{"allow":["GET"]}}],"collection":[{"href":"https:\/\/codeofbusinessconduct.equinix.com\/it\/wp-json\/wp\/v2\/pages"}],"about":[{"href":"https:\/\/codeofbusinessconduct.equinix.com\/it\/wp-json\/wp\/v2\/types\/page"}],"author":[{"embeddable":true,"href":"https:\/\/codeofbusinessconduct.equinix.com\/it\/wp-json\/wp\/v2\/users\/1"}],"replies":[{"embeddable":true,"href":"https:\/\/codeofbusinessconduct.equinix.com\/it\/wp-json\/wp\/v2\/comments?post=1949"}],"version-history":[{"count":14,"href":"https:\/\/codeofbusinessconduct.equinix.com\/it\/wp-json\/wp\/v2\/pages\/1949\/revisions"}],"predecessor-version":[{"id":4897,"href":"https:\/\/codeofbusinessconduct.equinix.com\/it\/wp-json\/wp\/v2\/pages\/1949\/revisions\/4897"}],"wp:attachment":[{"href":"https:\/\/codeofbusinessconduct.equinix.com\/it\/wp-json\/wp\/v2\/media?parent=1949"}],"curies":[{"name":"wp","href":"https:\/\/api.w.org\/{rel}","templated":true}]}}