{"id":2219,"date":"2021-03-10T06:22:20","date_gmt":"2021-03-10T06:22:20","guid":{"rendered":"https:\/\/codeofbusinessconduct.equinix.com\/additional-resources\/"},"modified":"2022-04-12T16:51:51","modified_gmt":"2022-04-12T16:51:51","slug":"additional-resources","status":"publish","type":"page","link":"https:\/\/codeofbusinessconduct.equinix.com\/ga\/additional-resources\/","title":{"rendered":"ACMHAINN\u00cd BREISE"},"content":{"rendered":"<section class=\"wpb-content-wrapper\"><p>[vc_row css_animation=&#8221;&#8221; row_type=&#8221;row&#8221; use_row_as_full_screen_section=&#8221;no&#8221; type=&#8221;full_width&#8221; angled_section=&#8221;no&#8221; text_align=&#8221;left&#8221; background_image_as_pattern=&#8221;without_pattern&#8221;][vc_column][vc_single_image image=&#8221;2223&#8243; img_size=&#8221;full&#8221; qode_css_animation=&#8221;&#8221;][vc_empty_space height=&#8221;8px&#8221;][vc_column_text]<\/p>\n<h3>ACMHAINN\u00cd BREISE<\/h3>\n<div class=\"lead\">Ag cabhr\u00fa linn \u00e1r gC\u00f3d, \u00e1r mbeartais agus \u00e1r dtreoirl\u00ednte a thuiscint agus glacadh leo<\/div>\n<p>[\/vc_column_text][\/vc_column][\/vc_row][vc_row css_animation=&#8221;&#8221; row_type=&#8221;row&#8221; use_row_as_full_screen_section=&#8221;no&#8221; type=&#8221;full_width&#8221; angled_section=&#8221;no&#8221; text_align=&#8221;left&#8221; background_image_as_pattern=&#8221;without_pattern&#8221; z_index=&#8221;&#8221; padding_top=&#8221;30&#8243; padding_bottom=&#8221;20&#8243;][vc_column width=&#8221;1\/4&#8243; css=&#8221;.vc_custom_1615550437479{padding-bottom: 20px !important;}&#8221;][vc_single_image image=&#8221;2225&#8243; img_size=&#8221;full&#8221; alignment=&#8221;center&#8221; qode_css_animation=&#8221;&#8221;][\/vc_column][vc_column width=&#8221;3\/4&#8243; el_class=&#8221;purpose_values&#8221; css=&#8221;.vc_custom_1615550431216{padding-bottom: 20px !important;}&#8221;][vc_column_text]<\/p>\n<h4>N\u00d3TA \u00d3N\u00c1R nOIFIGEACH COMHL\u00cdONTACH\u00c1IN<\/h4>\n<p>T\u00e1 Equinix tiomanta amach agus amach do chleachtais ghn\u00f3 mhac\u00e1nta eitici\u00fala. Is \u00e9 an tiomantas seo a spreagann natreoirl\u00ednte agus beartais ar fad i gC\u00f3d Iompair Ghn\u00f3 Equinix agus is \u00e9 at\u00e1 mar bhonn eolais acu.<\/p>\n<p>Mar fhostaithe Equinix t\u00e1 freagracht orainn gn\u00edomh\u00fa go heitici\u00fail mac\u00e1nta ingach beart gn\u00f3 a dh\u00e9anaimid, rud ar a n-\u00e1ir\u00edtear na treoirl\u00ednte agus na beartais in\u00e1r gC\u00f3d a thuiscint, clo\u00ed leo agus ceisteanna agus s\u00e1ruithe a thuairisci\u00fa m\u00e1 thugaimid faoi deara iad.Agus sinne ag obair le ch\u00e9ile, d\u00e9anfaimid eiseaml\u00e1ir na mac\u00e1ntachta agus na sl\u00e1ine d&#8217;Equinix &#8211; agus t\u00f3gfaimid \u00e1it oibre eitici\u00fail at\u00e1 ina \u00e1bhar m\u00f3rtaisd\u00fainn.<\/p>\n<p>T\u00e1 uirlis\u00ed agus acmhainn\u00ed \u00e9ags\u00fala ag Equinix a chabhra\u00edonn leat treoir a lorg agus ruda\u00ed is \u00e1bhar imn\u00ed a thuairisci\u00fa. Bain \u00fas\u00e1id as an gceann is m\u00f3 a oireann duit.<\/p>\n<p>T\u00e1 f\u00e1ilte romhat teagmh\u00e1il dh\u00edreacha dh\u00e9anamh liom freisin, ag <a href=\"mailto:mwellman@equinix.com\">mwellman@equinix.com<\/a>[\/vc_column_text][vc_empty_space height=&#8221;20px&#8221;][vc_single_image image=&#8221;2222&#8243; img_size=&#8221;full&#8221; qode_css_animation=&#8221;&#8221;][vc_empty_space height=&#8221;20px&#8221;][vc_column_text el_class=&#8221;team_header&#8221;]<\/p>\n<p><strong>Mary Anne Wellman<\/strong><br \/>\nVP, Legal and Chief Compliance Officer<\/p>\n<p>[\/vc_column_text][\/vc_column][\/vc_row][vc_row css_animation=&#8221;&#8221; row_type=&#8221;row&#8221; use_row_as_full_screen_section=&#8221;no&#8221; type=&#8221;full_width&#8221; angled_section=&#8221;no&#8221; text_align=&#8221;left&#8221; background_image_as_pattern=&#8221;without_pattern&#8221; z_index=&#8221;&#8221; padding_bottom=&#8221;140&#8243; el_class=&#8221;addition_resource addition_space&#8221; anchor=&#8221;recommended_readings&#8221;][vc_column width=&#8221;1\/2&#8243; el_class=&#8221;purpose_values&#8221; css=&#8221;.vc_custom_1615786880429{padding-bottom: 40px !important;}&#8221;][vc_column_text]<\/p>\n<h4>TUAIRISCIGH RUDA\u00cd IS \u00c1BHAR IMN\u00cd AGUS S\u00c1RUITHE<\/h4>\n<p>Bain \u00fas\u00e1id as rogha ar bith d\u00edobh seo a leanas chun ceisteanna agus ruda\u00ed is \u00e1bhar imn\u00ed duit maidir le comhl\u00edonadh a thuairisci\u00fa:<\/p>\n<p>Beol\u00edne Tuairiscithe Gn\u00f3tha\u00ed Comhl\u00edontach\u00e1in: <a href=\"https:\/\/secure.ethicspoint.com\/domain\/media\/en\/gui\/54104\/index.html\">www.equinix.ethicspoint.com<\/a>[\/vc_column_text][vc_empty_space height=&#8221;25px&#8221;][vc_column_text]<\/p>\n<h4>TARSCAOILT\u00cd COIMHLINTE LEASA<\/h4>\n<p><a href=\"https:\/\/secure.ethicspoint.com\/domain\/media\/en\/gui\/54104\/index.html\" target=\"_blank\" rel=\"noopener\">www.equinix.ethicspoint.com<\/a>[\/vc_column_text][vc_empty_space height=&#8221;30px&#8221;][vc_column_text]<\/p>\n<h4>FIOSRUITHE<\/h4>\n<p>Chun fiosruithe maidir le hacmhainn\u00ed daonna a dh\u00e9anamh d\u00e9an teagmh\u00e1il le:<\/p>\n<ul>\n<li>D&#8217;ionada\u00ed AD \u00e1iti\u00fail<\/li>\n<li><a href=\"mailto:HRDirect@equinix.com\">HRDirect@equinix.com<\/a><\/li>\n<\/ul>\n<p>[\/vc_column_text][vc_empty_space height=&#8221;20px&#8221;][vc_column_text]<\/p>\n<h5>Chun fiosruithe dl\u00ed a dh\u00e9anamh d\u00e9an teagmh\u00e1il le:<\/h5>\n<ul>\n<li>Oifigeach Comhl\u00edontach\u00e1in Equinix<\/li>\n<li>An Leas-Uachtar\u00e1n \u00e1iti\u00fail um Ghn\u00f3tha\u00ed Dl\u00ed i gCr\u00edocha Mheirice\u00e1, an Aig\u00e9in Chi\u00fain agus na h\u00c1ise n\u00f3 i R\u00e9igi\u00fan na hEorpa, an Mhe\u00e1noirthir, agus na hAfraice<\/li>\n<li>Pr\u00edomhoifigeach Dl\u00ed agusArdchomhairle<\/li>\n<\/ul>\n<h5>Maidir le fiosruithe i dtaobh sl\u00e1nd\u00e1il faisn\u00e9ise, d\u00e9an teamh\u00e1il, le do thoil, le:<\/h5>\n<ul>\n<li>An fhoireann Sl\u00e1nd\u00e1la Faisn\u00e9ise Dhomhanda &#8211; <a href=\"mailto:infosec@equinix.com\">infosec@equinix.com<\/a><\/li>\n<li>An tOifigeach Sl\u00e1nd\u00e1laFaisn\u00e9ise<\/li>\n<\/ul>\n<p>[\/vc_column_text][vc_empty_space height=&#8221;15px&#8221;][vc_column_text]Maidir le fiosruithe i dtaobh rann\u00edoca\u00edochta\u00ed carthan\u00falachta d\u00e9an teagmh\u00e1il le:<br \/>\n<a href=\"mailto:EquinixImpact@equinix.com\">EquinixImpact@equinix.com<\/a>[\/vc_column_text][\/vc_column][vc_column width=&#8221;1\/2&#8243; el_class=&#8221;purpose_values&#8221; css=&#8221;.vc_custom_1615786886049{padding-bottom: 40px !important;}&#8221;][vc_single_image image=&#8221;2224&#8243; img_size=&#8221;full&#8221; qode_css_animation=&#8221;&#8221; el_class=&#8221;w-100&#8243;][vc_empty_space height=&#8221;20px&#8221;][vc_column_text]<\/p>\n<h4>BEARTAIS GHAOLMHARA AGUS L\u00c9ITHEOIREACHT MHOLTA<\/h4>\n<ul>\n<li><a href=\"https:\/\/brand.equinix.com\/\" target=\"_blank\" rel=\"noopener\">Treoirl\u00ednte Branda<\/a><\/li>\n<li><a href=\"https:\/\/intranet.equinix.com\/_layouts\/15\/WopiFrame.aspx?sourcedoc=%7B8A724243-E01D-42F1-A66D-FCAEBB5F61D0%7D&amp;file=Whistleblower%20Policy%20-%20English%20Language%20Version.pdf&amp;action=default\" target=\"_blank\" rel=\"noopener\">Whistleblower Protection Policy<\/a><\/li>\n<\/ul>\n<p>[\/vc_column_text][vc_empty_space height=&#8221;20px&#8221;]\n        <div class=\"resources_login\">\n            <p>T\u00e1 na comhaid th\u00edos teoranta d\u2019fhostaithe Equinix. F\u00e9adfar rochtain gl\u00e9as soghluaiste a theorann\u00fa freisin. Tabhair cuairt ar an Mol tr\u00ed dheasc n\u00f3 r\u00edomhaire gl\u00faine arna eisi\u00faint ag cuideachta chun teacht ar na naisc bhreise th\u00edos.<\/p>\n            <div class=\"resouce_btn\">\n                <a href=\"https:\/\/codeofbusinessconduct.equinix.com\/?option=saml_user_login&redirect_to=https%3A%2F%2Fcodeofbusinessconduct.equinix.com%2Fadditional-resources%2F\">Log\u00e1il isteach<\/a>\n                <a href=\"https:\/\/intranet.equinix.com\/Pages\/Home.aspx\" target=\"_self\">T\u00e9igh go dt\u00ed an mol<\/a>\n            <\/div>\n        <\/div>\n        <div class=\"log_list disabled dlog\"><\/p>\n<ul>\n<li><a href=\"https:\/\/myhresc.equinix.com\/hr?id=kb_article&amp;sys_id=6fe06838db6f9c508228ecfc139619a0\" rel=\"noopener\">L\u00e1mhleabhar Domhanda d&#8217;Fhostaithe<\/a><\/li>\n<li><a href=\"http:\/\/intranet.equinix.com\/Pages\/IT\/Architecture-and-Information-Security.aspx\" rel=\"noopener\">Beartais Sl\u00e1nd\u00e1la Dhomhanda<\/a><\/li>\n<li><a href=\"http:\/\/intranet.equinix.com\/Company\/Equinix%20Impact\/Equinix%20Global%20Giving%20Policy.PDF\" rel=\"noopener\">Beartas Domhanda um Thabhartais agus Comhoiri\u00fan\u00fa<\/a><\/li>\n<li><a href=\"http:\/\/gpl.corp.equinix.com\/_layouts\/15\/WopiFrame2.aspx?sourcedoc=%7B37191409-028B-478D-94A6-FE812245455F%7D&amp;file=gpl_pol_gen_oth10455.pdf&amp;action=default&amp;DefaultItemOpen=1\" rel=\"noopener\">Beartas Domhanda um Bhainist\u00edocht Taifead<\/a><\/li>\n<li><a href=\"http:\/\/gpl.corp.equinix.com\/_layouts\/15\/WopiFrame2.aspx?sourcedoc=%7BB2B034D5-C537-469B-A6A6-6CBF36A07730%7D&amp;file=GPL_REF_Man_Man3578.docx&amp;action=default&amp;DefaultItemOpen=1\" rel=\"noopener\">Treoirl\u00ednte Domhanda um na Me\u00e1in Sh\u00f3isialta<\/a><\/li>\n<li><a href=\"http:\/\/intranet.equinix.com\/Company\/Equinix%20Impact\/Equinix%20Matching%20Gifts%20Program%20Policy.PDF\" rel=\"noopener\">Beartas maidir le Tabhartais Chomhoiri\u00fanacha<\/a><\/li>\n<li><a href=\"https:\/\/intranet.equinix.com\/Legal\/Governance\/Securities%20Trading%20Policy%20-%20English%20Language%20Version.pdf\" rel=\"noopener\">Beartas maidir le Tr\u00e1d\u00e1il Urr\u00fas (.i. &#8220;Beartas Tr\u00e1d\u00e1la chos istigh&#8221;) Inbhuanaitheacht<\/a><\/li>\n<li><a href=\"http:\/\/gpl.corp.equinix.com\/_layouts\/15\/WopiFrame2.aspx?sourcedoc=%7B58AA8EBC-23EA-4FEB-B47D-D53F84AC786B%7D&amp;file=GPL_POL_Gen_Oth12021.pdf&amp;action=default&amp;DefaultItemOpen=1\" rel=\"noopener\">Beartas Taistil agus Costais (.i. Beartas T agus E) Beartas um Chosaint Sceithir\u00ed<\/a><\/li>\n<\/ul>\n<p><\/div>[vc_empty_space height=&#8221;26px&#8221;][vc_column_text][\/vc_column_text][vc_column_text][\/vc_column_text][\/vc_column][\/vc_row]<\/p>\n<\/section>","protected":false},"excerpt":{"rendered":"<p>[vc_row css_animation=&#8221;&#8221; row_type=&#8221;row&#8221; use_row_as_full_screen_section=&#8221;no&#8221; type=&#8221;full_width&#8221; angled_section=&#8221;no&#8221; text_align=&#8221;left&#8221; background_image_as_pattern=&#8221;without_pattern&#8221;][vc_column][vc_single_image image=&#8221;2223&#8243; img_size=&#8221;full&#8221; qode_css_animation=&#8221;&#8221;][vc_empty_space height=&#8221;8px&#8221;][vc_column_text] ACMHAINN\u00cd BREISE Ag cabhr\u00fa linn \u00e1r gC\u00f3d, \u00e1r mbeartais agus \u00e1r dtreoirl\u00ednte a thuiscint agus glacadh leo [\/vc_column_text][\/vc_column][\/vc_row][vc_row css_animation=&#8221;&#8221; row_type=&#8221;row&#8221; use_row_as_full_screen_section=&#8221;no&#8221; type=&#8221;full_width&#8221; angled_section=&#8221;no&#8221; text_align=&#8221;left&#8221; background_image_as_pattern=&#8221;without_pattern&#8221; z_index=&#8221;&#8221; padding_top=&#8221;30&#8243; padding_bottom=&#8221;20&#8243;][vc_column width=&#8221;1\/4&#8243; css=&#8221;.vc_custom_1615550437479{padding-bottom: 20px !important;}&#8221;][vc_single_image image=&#8221;2225&#8243;&#8230;<\/p>\n","protected":false},"author":1,"featured_media":0,"parent":0,"menu_order":8,"comment_status":"closed","ping_status":"closed","template":"","meta":{"inline_featured_image":false,"footnotes":""},"class_list":["post-2219","page","type-page","status-publish","hentry"],"yoast_head":"<!-- This site is optimized with the Yoast SEO plugin v25.8 - https:\/\/yoast.com\/wordpress\/plugins\/seo\/ -->\n<title>ACMHAINN\u00cd BREISE - Equinix Code of Business Conduct<\/title>\n<meta name=\"robots\" content=\"index, follow, max-snippet:-1, max-image-preview:large, max-video-preview:-1\" \/>\n<link rel=\"canonical\" href=\"https:\/\/169.254.129.2\/additional-resources\/\" \/>\n<meta property=\"og:locale\" content=\"ga_IE\" \/>\n<meta property=\"og:type\" content=\"article\" \/>\n<meta property=\"og:title\" content=\"ACMHAINN\u00cd BREISE - Equinix Code of Business Conduct\" \/>\n<meta property=\"og:description\" content=\"[vc_row css_animation=&#8221;&#8221; row_type=&#8221;row&#8221; use_row_as_full_screen_section=&#8221;no&#8221; type=&#8221;full_width&#8221; angled_section=&#8221;no&#8221; text_align=&#8221;left&#8221; background_image_as_pattern=&#8221;without_pattern&#8221;][vc_column][vc_single_image image=&#8221;2223&#8243; img_size=&#8221;full&#8221; qode_css_animation=&#8221;&#8221;][vc_empty_space height=&#8221;8px&#8221;][vc_column_text] ACMHAINN\u00cd BREISE Ag cabhr\u00fa linn \u00e1r gC\u00f3d, \u00e1r mbeartais agus \u00e1r dtreoirl\u00ednte a thuiscint agus glacadh leo [\/vc_column_text][\/vc_column][\/vc_row][vc_row css_animation=&#8221;&#8221; row_type=&#8221;row&#8221; use_row_as_full_screen_section=&#8221;no&#8221; type=&#8221;full_width&#8221; angled_section=&#8221;no&#8221; text_align=&#8221;left&#8221; background_image_as_pattern=&#8221;without_pattern&#8221; z_index=&#8221;&#8221; padding_top=&#8221;30&#8243; padding_bottom=&#8221;20&#8243;][vc_column width=&#8221;1\/4&#8243; css=&#8221;.vc_custom_1615550437479{padding-bottom: 20px !important;}&#8221;][vc_single_image image=&#8221;2225&#8243;...\" \/>\n<meta property=\"og:url\" content=\"https:\/\/169.254.129.2\/additional-resources\/\" \/>\n<meta property=\"og:site_name\" content=\"Equinix Code of Business Conduct\" \/>\n<meta property=\"article:modified_time\" content=\"2022-04-12T16:51:51+00:00\" \/>\n<meta name=\"twitter:card\" content=\"summary_large_image\" \/>\n<meta name=\"twitter:label1\" content=\"Est. reading time\" \/>\n\t<meta name=\"twitter:data1\" content=\"4 minutes\" \/>\n<script type=\"application\/ld+json\" class=\"yoast-schema-graph\">{\"@context\":\"https:\/\/schema.org\",\"@graph\":[{\"@type\":\"WebPage\",\"@id\":\"https:\/\/169.254.129.2\/additional-resources\/\",\"url\":\"https:\/\/169.254.129.2\/additional-resources\/\",\"name\":\"ACMHAINN\u00cd BREISE - Equinix Code of Business Conduct\",\"isPartOf\":{\"@id\":\"https:\/\/cobc-prod.azurewebsites.net\/#website\"},\"datePublished\":\"2021-03-10T06:22:20+00:00\",\"dateModified\":\"2022-04-12T16:51:51+00:00\",\"breadcrumb\":{\"@id\":\"https:\/\/169.254.129.2\/additional-resources\/#breadcrumb\"},\"inLanguage\":\"ga-IE\",\"potentialAction\":[{\"@type\":\"ReadAction\",\"target\":[\"https:\/\/169.254.129.2\/additional-resources\/\"]}]},{\"@type\":\"BreadcrumbList\",\"@id\":\"https:\/\/169.254.129.2\/additional-resources\/#breadcrumb\",\"itemListElement\":[{\"@type\":\"ListItem\",\"position\":1,\"name\":\"Home\",\"item\":\"https:\/\/codeofbusinessconduct.equinix.com\/ga\/\"},{\"@type\":\"ListItem\",\"position\":2,\"name\":\"ACMHAINN\u00cd BREISE\"}]},{\"@type\":\"WebSite\",\"@id\":\"https:\/\/cobc-prod.azurewebsites.net\/#website\",\"url\":\"https:\/\/cobc-prod.azurewebsites.net\/\",\"name\":\"Equinix Code of Business Conduct\",\"description\":\"\",\"potentialAction\":[{\"@type\":\"SearchAction\",\"target\":{\"@type\":\"EntryPoint\",\"urlTemplate\":\"https:\/\/cobc-prod.azurewebsites.net\/?s={search_term_string}\"},\"query-input\":{\"@type\":\"PropertyValueSpecification\",\"valueRequired\":true,\"valueName\":\"search_term_string\"}}],\"inLanguage\":\"ga-IE\"}]}<\/script>\n<!-- \/ Yoast SEO plugin. -->","yoast_head_json":{"title":"ACMHAINN\u00cd BREISE - Equinix Code of Business Conduct","robots":{"index":"index","follow":"follow","max-snippet":"max-snippet:-1","max-image-preview":"max-image-preview:large","max-video-preview":"max-video-preview:-1"},"canonical":"https:\/\/169.254.129.2\/additional-resources\/","og_locale":"ga_IE","og_type":"article","og_title":"ACMHAINN\u00cd BREISE - Equinix Code of Business Conduct","og_description":"[vc_row css_animation=&#8221;&#8221; row_type=&#8221;row&#8221; use_row_as_full_screen_section=&#8221;no&#8221; type=&#8221;full_width&#8221; angled_section=&#8221;no&#8221; text_align=&#8221;left&#8221; background_image_as_pattern=&#8221;without_pattern&#8221;][vc_column][vc_single_image image=&#8221;2223&#8243; img_size=&#8221;full&#8221; qode_css_animation=&#8221;&#8221;][vc_empty_space height=&#8221;8px&#8221;][vc_column_text] ACMHAINN\u00cd BREISE Ag cabhr\u00fa linn \u00e1r gC\u00f3d, \u00e1r mbeartais agus \u00e1r dtreoirl\u00ednte a thuiscint agus glacadh leo [\/vc_column_text][\/vc_column][\/vc_row][vc_row css_animation=&#8221;&#8221; row_type=&#8221;row&#8221; use_row_as_full_screen_section=&#8221;no&#8221; type=&#8221;full_width&#8221; angled_section=&#8221;no&#8221; text_align=&#8221;left&#8221; background_image_as_pattern=&#8221;without_pattern&#8221; z_index=&#8221;&#8221; padding_top=&#8221;30&#8243; padding_bottom=&#8221;20&#8243;][vc_column width=&#8221;1\/4&#8243; css=&#8221;.vc_custom_1615550437479{padding-bottom: 20px !important;}&#8221;][vc_single_image image=&#8221;2225&#8243;...","og_url":"https:\/\/169.254.129.2\/additional-resources\/","og_site_name":"Equinix Code of Business Conduct","article_modified_time":"2022-04-12T16:51:51+00:00","twitter_card":"summary_large_image","twitter_misc":{"Est. reading time":"4 minutes"},"schema":{"@context":"https:\/\/schema.org","@graph":[{"@type":"WebPage","@id":"https:\/\/169.254.129.2\/additional-resources\/","url":"https:\/\/169.254.129.2\/additional-resources\/","name":"ACMHAINN\u00cd BREISE - Equinix Code of Business Conduct","isPartOf":{"@id":"https:\/\/cobc-prod.azurewebsites.net\/#website"},"datePublished":"2021-03-10T06:22:20+00:00","dateModified":"2022-04-12T16:51:51+00:00","breadcrumb":{"@id":"https:\/\/169.254.129.2\/additional-resources\/#breadcrumb"},"inLanguage":"ga-IE","potentialAction":[{"@type":"ReadAction","target":["https:\/\/169.254.129.2\/additional-resources\/"]}]},{"@type":"BreadcrumbList","@id":"https:\/\/169.254.129.2\/additional-resources\/#breadcrumb","itemListElement":[{"@type":"ListItem","position":1,"name":"Home","item":"https:\/\/codeofbusinessconduct.equinix.com\/ga\/"},{"@type":"ListItem","position":2,"name":"ACMHAINN\u00cd BREISE"}]},{"@type":"WebSite","@id":"https:\/\/cobc-prod.azurewebsites.net\/#website","url":"https:\/\/cobc-prod.azurewebsites.net\/","name":"Equinix Code of Business Conduct","description":"","potentialAction":[{"@type":"SearchAction","target":{"@type":"EntryPoint","urlTemplate":"https:\/\/cobc-prod.azurewebsites.net\/?s={search_term_string}"},"query-input":{"@type":"PropertyValueSpecification","valueRequired":true,"valueName":"search_term_string"}}],"inLanguage":"ga-IE"}]}},"_links":{"self":[{"href":"https:\/\/codeofbusinessconduct.equinix.com\/ga\/wp-json\/wp\/v2\/pages\/2219","targetHints":{"allow":["GET"]}}],"collection":[{"href":"https:\/\/codeofbusinessconduct.equinix.com\/ga\/wp-json\/wp\/v2\/pages"}],"about":[{"href":"https:\/\/codeofbusinessconduct.equinix.com\/ga\/wp-json\/wp\/v2\/types\/page"}],"author":[{"embeddable":true,"href":"https:\/\/codeofbusinessconduct.equinix.com\/ga\/wp-json\/wp\/v2\/users\/1"}],"replies":[{"embeddable":true,"href":"https:\/\/codeofbusinessconduct.equinix.com\/ga\/wp-json\/wp\/v2\/comments?post=2219"}],"version-history":[{"count":11,"href":"https:\/\/codeofbusinessconduct.equinix.com\/ga\/wp-json\/wp\/v2\/pages\/2219\/revisions"}],"predecessor-version":[{"id":4347,"href":"https:\/\/codeofbusinessconduct.equinix.com\/ga\/wp-json\/wp\/v2\/pages\/2219\/revisions\/4347"}],"wp:attachment":[{"href":"https:\/\/codeofbusinessconduct.equinix.com\/ga\/wp-json\/wp\/v2\/media?parent=2219"}],"curies":[{"name":"wp","href":"https:\/\/api.w.org\/{rel}","templated":true}]}}