{"id":2172,"date":"2021-03-10T06:21:58","date_gmt":"2021-03-10T06:21:58","guid":{"rendered":"https:\/\/codeofbusinessconduct.equinix.com\/our-responsibility\/"},"modified":"2021-10-20T23:16:57","modified_gmt":"2021-10-20T23:16:57","slug":"our-responsibility","status":"publish","type":"page","link":"https:\/\/codeofbusinessconduct.equinix.com\/ga\/our-responsibility\/","title":{"rendered":"\u00c1R bhFREAGRACHT"},"content":{"rendered":"<section class=\"wpb-content-wrapper\"><p>[vc_row css_animation=&#8221;&#8221; row_type=&#8221;row&#8221; use_row_as_full_screen_section=&#8221;no&#8221; type=&#8221;full_width&#8221; angled_section=&#8221;no&#8221; text_align=&#8221;left&#8221; background_image_as_pattern=&#8221;without_pattern&#8221;][vc_column][vc_single_image image=&#8221;2176&#8243; img_size=&#8221;full&#8221; qode_css_animation=&#8221;&#8221;][vc_empty_space height=&#8221;8px&#8221;][vc_column_text]<\/p>\n<h3>\u00c1R bhFREAGRACHT<\/h3>\n<div class=\"lead\">Cuir \u00e1r gC\u00f3d i ngn\u00edomh i do shaol agus labhair m\u00e1 t\u00e1 ceist agat n\u00f3 imn\u00ed ort<\/div>\n<p>[\/vc_column_text][\/vc_column][\/vc_row][vc_row css_animation=&#8221;&#8221; row_type=&#8221;row&#8221; use_row_as_full_screen_section=&#8221;no&#8221; type=&#8221;full_width&#8221; angled_section=&#8221;no&#8221; text_align=&#8221;left&#8221; background_image_as_pattern=&#8221;without_pattern&#8221; z_index=&#8221;&#8221; padding_top=&#8221;32&#8243; padding_bottom=&#8221;24&#8243;][vc_column][vc_single_image image=&#8221;2173&#8243; img_size=&#8221;full&#8221; alignment=&#8221;center&#8221; qode_css_animation=&#8221;&#8221; el_class=&#8221;w-100&#8243;][\/vc_column][\/vc_row][vc_row css_animation=&#8221;&#8221; row_type=&#8221;row&#8221; use_row_as_full_screen_section=&#8221;no&#8221; type=&#8221;full_width&#8221; angled_section=&#8221;no&#8221; text_align=&#8221;left&#8221; background_image_as_pattern=&#8221;without_pattern&#8221; z_index=&#8221;&#8221; padding_bottom=&#8221;32&#8243; anchor=&#8221;Your_voice_matters&#8221;][vc_column width=&#8221;2\/3&#8243; el_class=&#8221;purpose_values&#8221;][vc_column_text]<\/p>\n<h4>T\u00c1 DO GHUTH T\u00c1BHACHTACH<\/h4>\n<p>T\u00e1 \u00e1r gcl\u00fa mar chuideachta eitici\u00fail ag brath orainn a bheith ag obair le ch\u00e9ile d&#8217;fhonn a chinnti\u00fa go seasaimid len\u00e1r n-ardchaighde\u00e1in eitici\u00fala. B&#8217;fh\u00e9idir go ndealra\u00edonn an sc\u00e9al uaireanta gurb fhusa gan focal a r\u00e1 m\u00e1 thugann t\u00fa faoi deara go bhfuil duine \u00e9igin ag s\u00e1r\u00fa \u00e1r gC\u00f3id, ach m\u00e1 dh\u00e9antar faic d&#8217;fh\u00e9adfadh iarmhairt\u00ed tromch\u00faiseacha a bheith air. M\u00e1 labhra\u00edonn t\u00fa amach nuair a thugann t\u00fa iompar neamhdhleathach n\u00f3 iompar neamheitici\u00fail faoi deara is ag taispe\u00e1int gur t\u00e1bhachtach leat go bhfuil \u00e1it oibre eitici\u00fail \u00e1 choth\u00fa againn at\u00e1 t\u00fa.[\/vc_column_text][vc_row_inner row_type=&#8221;row&#8221; type=&#8221;full_width&#8221; text_align=&#8221;left&#8221; css_animation=&#8221;&#8221; css=&#8221;.vc_custom_1616046857132{padding-top: 20px !important;}&#8221; anchor=&#8221;Ways_to_speak_up&#8221;][vc_column_inner][vc_column_text]<\/p>\n<h4>MAR SEO IS F\u00c9IDIR LEAT LABHAIRT AMACH<\/h4>\n<p>T\u00e1 de cheart agat agus t\u00e1 an fhreagracht ort \u00e1r gCuideachta a chosaint ar iompar a sh\u00e1ra\u00edonn \u00e1r gC\u00f3d. M\u00e1 fheiceann t\u00fa s\u00e1ruithe ar \u00e1r gC\u00f3id t\u00e1imid ag brath ort go dtuairisceoidh t\u00fa na ruda\u00ed seo l\u00e1ithreach bonn. Agus t\u00fa ag labhairt amach, b\u00ed cinntego nd\u00e9ile\u00e1lfar le d&#8217;\u00e1bhar imn\u00ed gan mhoill agus faoi r\u00fan.<\/p>\n<p>Anseo ag Equinix t\u00e1 roinnt slite oiri\u00fanacha duit chun labhairt amach faoi cheisteanna agus imn\u00ed at\u00e1 ort, b&#8217;fh\u00e9idir. Orthu si\u00fad \u00e1ir\u00edtear iad seo a leanas:[\/vc_column_text][\/vc_column_inner][\/vc_row_inner][\/vc_column][vc_column width=&#8221;1\/3&#8243;][\/vc_column][\/vc_row][vc_row css_animation=&#8221;&#8221; row_type=&#8221;row&#8221; use_row_as_full_screen_section=&#8221;no&#8221; type=&#8221;full_width&#8221; angled_section=&#8221;no&#8221; text_align=&#8221;left&#8221; background_image_as_pattern=&#8221;without_pattern&#8221;][vc_column width=&#8221;2\/3&#8243; el_class=&#8221;purpose_values&#8221;][vc_column_text]<\/p>\n<ul>\n<li>Labhairt le do bhainisteoir<\/li>\n<li>Teagmh\u00e1il a dh\u00e9anamh le d&#8217;ionada\u00ed AD n\u00f3 <a href=\"mailto:HRDirect@equinix.com\">HRDirect@equinix.com<\/a><\/li>\n<li>Teagmh\u00e1il a dh\u00e9anamh le hOifigeach Comhl\u00edontach\u00e1in Equinix<\/li>\n<li>R\u00edomhphost a chur chuig an Oifig Chomhl\u00edontach\u00e1in ag <a href=\"mailto:ethicsandcompliance@equinix.com\">ethicsandcompliance@equinix.com<\/a><\/li>\n<li>Teagmh\u00e1il a dh\u00e9anamh le d&#8217;ionada\u00ed dl\u00ed \u00e1iti\u00fail<\/li>\n<li><a href=\"http:\/\/www.equinix.ethicspoint.com\">www.equinix.ethicspoint.com<\/a><\/li>\n<\/ul>\n<p>[\/vc_column_text][\/vc_column][vc_column width=&#8221;1\/3&#8243;][\/vc_column][\/vc_row][vc_row css_animation=&#8221;&#8221; row_type=&#8221;row&#8221; use_row_as_full_screen_section=&#8221;no&#8221; type=&#8221;full_width&#8221; angled_section=&#8221;no&#8221; text_align=&#8221;left&#8221; background_image_as_pattern=&#8221;without_pattern&#8221; z_index=&#8221;&#8221; padding_top=&#8221;45&#8243; padding_bottom=&#8221;90&#8243; el_class=&#8221;purpose_values whistle_space&#8221; anchor=&#8221;Whistleblower_protection_policy&#8221;][vc_column width=&#8221;1\/4&#8243; css=&#8221;.vc_custom_1615548595586{padding-bottom: 36px !important;}&#8221;][vc_single_image image=&#8221;2175&#8243; img_size=&#8221;full&#8221; alignment=&#8221;center&#8221; qode_css_animation=&#8221;&#8221;][\/vc_column][vc_column width=&#8221;3\/4&#8243; css=&#8221;.vc_custom_1615548601728{padding-bottom: 36px !important;}&#8221;][vc_column_text]<\/p>\n<h4>BEARTAS CHUN SCEITHIR\u00cd A CHOSAINT<\/h4>\n<p>Creidimid gur r\u00edth\u00e1bhachtach an rud \u00e9 timpeallacht a chruth\u00fa ina motha\u00edonn daoinegur f\u00e9idir leo gn\u00f3 ar bith a chuireann f\u00edor-imn\u00ed orthu a ard\u00fa gan eagla d\u00edoltais agus gur f\u00e9idir muin\u00edn a bheith acu go nglactar leo i nd\u00e1ir\u00edre agus go nd\u00e9anann an Chuideachta gn\u00edomh d\u00e1r\u00e9ir.<\/p>\n<p>T\u00e1 beartas neamhfhulaingthe ag Equinix i nd\u00e1il le d\u00edoltas a imirt ar fhosta\u00ed ar bith a dh\u00e9anann tuairisc le hintinn mhaith ar mh\u00ed-iompar ionchasach n\u00f3 a chabhra\u00edonn chun imscr\u00fad\u00fa a dh\u00e9anamh. Ba mhaith linn suaimhneas aigne a bheith agat i dtaobh ceisteanna a chur agus \u00e1bhar imn\u00ed a lua gan eagla d\u00edoltais a bheith ort. Ba mhaith linn t\u00fa a bheith cinnte go bhfuil an rud ceart d\u00e9anta agat agus an gn\u00f3 a bheith ardaithe agat.[\/vc_column_text][vc_empty_space height=&#8221;20px&#8221;][vc_row_inner row_type=&#8221;row&#8221; type=&#8221;full_width&#8221; text_align=&#8221;left&#8221; css_animation=&#8221;&#8221; anchor=&#8221;Code_of_business_conduct_waivers&#8221;][vc_column_inner width=&#8221;2\/3&#8243; css=&#8221;.vc_custom_1616046913170{padding-bottom: 30px !important;}&#8221;][vc_column_text]<\/p>\n<h4>TARSCAOILT\u00cd AN CH\u00d3D IOMPAIR GHN\u00d3<\/h4>\n<p>T\u00e1 d&#8217;fhreagracht ar gach fosta\u00ed Equinix \u00e1r gC\u00f3d a thuiscint agus clo\u00ed leis. Faoi r\u00e9ir an dl\u00ed is infheidhme, m\u00e1 sh\u00e1ra\u00edonn t\u00fa na beartais agus n\u00f3sanna imeachta in\u00e1r gC\u00f3d, d&#8217;fh\u00e9adfa\u00ed a bheith faoi r\u00e9ir ag bearta air\u00edonacha, rud a bhf\u00e9adfadh foirceannadh d&#8217;fhosta\u00edochta a bheith ina measc. M\u00e1s d\u00f3igh leat go s\u00e1ra\u00edonn do chuid gn\u00edomhartha \u00e1r gC\u00f3d, b&#8217;fh\u00e9idir, n\u00ed m\u00f3r duit an cheist a phl\u00e9 le do bhainisteoir agus leis an Oifig Chomhl\u00edontach\u00e1in.<\/p>\n<p>F\u00e9adfaidh Equinix feidhmi\u00fa na mbeartas a leagtar amach in\u00e1r gC\u00f3d a tharscaoileadh, m\u00e1 thugann na c\u00fains\u00ed \u00fadar ceart leis, m\u00e1s ar mhaithe le hEquinix agus a chuid geallshealbh\u00f3ir\u00ed at\u00e1 a leith\u00e9id.[\/vc_column_text][\/vc_column_inner][vc_column_inner width=&#8221;1\/3&#8243; css=&#8221;.vc_custom_1615549566388{padding-bottom: 30px !important;}&#8221;][vc_column_text]<\/p>\n<h4 class=\"exclaimation\">Cuimhnigh:<\/h4>\n<div class=\"lead\">T\u00e1 \u00e1r gC\u00f3d ar d&#8217;aip Mobile One de chuid Equinix agus t\u00e1 teacht ar \u00e1r gcuid beartas ar fad ar <a href=\"http:\/\/intranet.equinix.com\/\" target=\"_blank\" rel=\"noopener\">Inl\u00edon Equinix<\/a>.<\/div>\n<p>[\/vc_column_text][\/vc_column_inner][\/vc_row_inner][vc_row_inner row_type=&#8221;row&#8221; type=&#8221;full_width&#8221; text_align=&#8221;left&#8221; css_animation=&#8221;&#8221;][vc_column_inner][vc_column_text]N\u00ed m\u00f3r tarscaoileadh beartas Equinix ar bith n\u00f3 tarscaoileadh m\u00edre d\u00e1r gC\u00f3d a iarrann fosta\u00ed a bheith faofa ag bainisteoir an fhosta\u00ed agus ag an Oifigeach Comhl\u00edontach\u00e1in. F\u00e9achfar ar iarratais ar tharscaoileadh \u00f3 fhostaithe agus deon\u00f3fariad ar bhonn an ch\u00e1is aonair.<\/p>\n<p>N\u00ed m\u00f3r tarscaoilt\u00ed an Ch\u00f3id do sti\u00farth\u00f3ir\u00ed agus oifigigh fheidhmi\u00fach\u00e1in a bheith faofa ag sti\u00farth\u00f3ir\u00ed neamhleasmhara agus nochtfar iad mar is g\u00e1 de r\u00e9ir an dl\u00ed n\u00f3 an rial\u00fach\u00e1in is infheidhme.<\/p>\n<p>Is f\u00e9idir iarratais ar tharscaoileadh \u00e1r gC\u00f3id a dh\u00e9anamh ar an inl\u00edon ag:<\/p>\n<p><a href=\"http:\/\/www.equinix.ethicspoint.com\">www.equinix.ethicspoint.com<\/a>[\/vc_column_text][\/vc_column_inner][\/vc_row_inner][vc_empty_space height=&#8221;35px&#8221;]<a class=\"recom-read-link\" href=\"\/ga\/additional-resources\/#recommended_readings\" target=\"_self\"><div class=\"recommend_book\"><div class=\"recommend_icon\"><img decoding=\"async\" src=\"https:\/\/codeofbusinessconduct.equinix.com\/wp-content\/uploads\/2021\/03\/recommend_book.svg\" \/><\/div><div class=\"recommend_content\"><h4>L\u00c9ITHEOIREACHT MHOLTA: <br>BEARTAS EQUINIX UM CHOSAINT SC\u00c9ITHIR\u00cd<\/h4><\/div><\/div><\/a>[\/vc_column][\/vc_row]<\/p>\n<\/section>","protected":false},"excerpt":{"rendered":"<p>[vc_row css_animation=&#8221;&#8221; row_type=&#8221;row&#8221; use_row_as_full_screen_section=&#8221;no&#8221; type=&#8221;full_width&#8221; angled_section=&#8221;no&#8221; text_align=&#8221;left&#8221; background_image_as_pattern=&#8221;without_pattern&#8221;][vc_column][vc_single_image image=&#8221;2176&#8243; img_size=&#8221;full&#8221; qode_css_animation=&#8221;&#8221;][vc_empty_space height=&#8221;8px&#8221;][vc_column_text] \u00c1R bhFREAGRACHT Cuir \u00e1r gC\u00f3d i ngn\u00edomh i do shaol agus labhair m\u00e1 t\u00e1 ceist agat n\u00f3 imn\u00ed ort [\/vc_column_text][\/vc_column][\/vc_row][vc_row css_animation=&#8221;&#8221; row_type=&#8221;row&#8221; use_row_as_full_screen_section=&#8221;no&#8221; type=&#8221;full_width&#8221; angled_section=&#8221;no&#8221; text_align=&#8221;left&#8221; background_image_as_pattern=&#8221;without_pattern&#8221; z_index=&#8221;&#8221; padding_top=&#8221;32&#8243; padding_bottom=&#8221;24&#8243;][vc_column][vc_single_image image=&#8221;2173&#8243; img_size=&#8221;full&#8221; alignment=&#8221;center&#8221;&#8230;<\/p>\n","protected":false},"author":1,"featured_media":0,"parent":0,"menu_order":7,"comment_status":"closed","ping_status":"closed","template":"","meta":{"inline_featured_image":false,"footnotes":""},"class_list":["post-2172","page","type-page","status-publish","hentry"],"yoast_head":"<!-- This site is optimized with the Yoast SEO plugin v25.8 - https:\/\/yoast.com\/wordpress\/plugins\/seo\/ -->\n<title>\u00c1R bhFREAGRACHT - Equinix Code of Business Conduct<\/title>\n<meta name=\"robots\" content=\"index, follow, max-snippet:-1, max-image-preview:large, max-video-preview:-1\" \/>\n<link rel=\"canonical\" href=\"https:\/\/codeofbusinessconduct.equinix.com\/ga\/our-responsibility\/\" \/>\n<meta property=\"og:locale\" content=\"ga_IE\" \/>\n<meta property=\"og:type\" content=\"article\" \/>\n<meta property=\"og:title\" content=\"\u00c1R bhFREAGRACHT - Equinix Code of Business Conduct\" \/>\n<meta property=\"og:description\" content=\"[vc_row css_animation=&#8221;&#8221; row_type=&#8221;row&#8221; use_row_as_full_screen_section=&#8221;no&#8221; type=&#8221;full_width&#8221; angled_section=&#8221;no&#8221; text_align=&#8221;left&#8221; background_image_as_pattern=&#8221;without_pattern&#8221;][vc_column][vc_single_image image=&#8221;2176&#8243; img_size=&#8221;full&#8221; qode_css_animation=&#8221;&#8221;][vc_empty_space height=&#8221;8px&#8221;][vc_column_text] \u00c1R bhFREAGRACHT Cuir \u00e1r gC\u00f3d i ngn\u00edomh i do shaol agus labhair m\u00e1 t\u00e1 ceist agat n\u00f3 imn\u00ed ort [\/vc_column_text][\/vc_column][\/vc_row][vc_row css_animation=&#8221;&#8221; row_type=&#8221;row&#8221; use_row_as_full_screen_section=&#8221;no&#8221; type=&#8221;full_width&#8221; angled_section=&#8221;no&#8221; text_align=&#8221;left&#8221; background_image_as_pattern=&#8221;without_pattern&#8221; z_index=&#8221;&#8221; padding_top=&#8221;32&#8243; padding_bottom=&#8221;24&#8243;][vc_column][vc_single_image image=&#8221;2173&#8243; img_size=&#8221;full&#8221; alignment=&#8221;center&#8221;...\" \/>\n<meta property=\"og:url\" content=\"https:\/\/codeofbusinessconduct.equinix.com\/ga\/our-responsibility\/\" \/>\n<meta property=\"og:site_name\" content=\"Equinix Code of Business Conduct\" \/>\n<meta property=\"article:modified_time\" content=\"2021-10-20T23:16:57+00:00\" \/>\n<meta name=\"twitter:card\" content=\"summary_large_image\" \/>\n<meta name=\"twitter:label1\" content=\"Est. reading time\" \/>\n\t<meta name=\"twitter:data1\" content=\"6 minutes\" \/>\n<script type=\"application\/ld+json\" class=\"yoast-schema-graph\">{\"@context\":\"https:\/\/schema.org\",\"@graph\":[{\"@type\":\"WebPage\",\"@id\":\"https:\/\/codeofbusinessconduct.equinix.com\/ga\/our-responsibility\/\",\"url\":\"https:\/\/codeofbusinessconduct.equinix.com\/ga\/our-responsibility\/\",\"name\":\"\u00c1R bhFREAGRACHT - Equinix Code of Business Conduct\",\"isPartOf\":{\"@id\":\"https:\/\/cobc-prod.azurewebsites.net\/#website\"},\"datePublished\":\"2021-03-10T06:21:58+00:00\",\"dateModified\":\"2021-10-20T23:16:57+00:00\",\"breadcrumb\":{\"@id\":\"https:\/\/codeofbusinessconduct.equinix.com\/ga\/our-responsibility\/#breadcrumb\"},\"inLanguage\":\"ga-IE\",\"potentialAction\":[{\"@type\":\"ReadAction\",\"target\":[\"https:\/\/codeofbusinessconduct.equinix.com\/ga\/our-responsibility\/\"]}]},{\"@type\":\"BreadcrumbList\",\"@id\":\"https:\/\/codeofbusinessconduct.equinix.com\/ga\/our-responsibility\/#breadcrumb\",\"itemListElement\":[{\"@type\":\"ListItem\",\"position\":1,\"name\":\"Home\",\"item\":\"https:\/\/codeofbusinessconduct.equinix.com\/ga\/\"},{\"@type\":\"ListItem\",\"position\":2,\"name\":\"\u00c1R bhFREAGRACHT\"}]},{\"@type\":\"WebSite\",\"@id\":\"https:\/\/cobc-prod.azurewebsites.net\/#website\",\"url\":\"https:\/\/cobc-prod.azurewebsites.net\/\",\"name\":\"Equinix Code of Business Conduct\",\"description\":\"\",\"potentialAction\":[{\"@type\":\"SearchAction\",\"target\":{\"@type\":\"EntryPoint\",\"urlTemplate\":\"https:\/\/cobc-prod.azurewebsites.net\/?s={search_term_string}\"},\"query-input\":{\"@type\":\"PropertyValueSpecification\",\"valueRequired\":true,\"valueName\":\"search_term_string\"}}],\"inLanguage\":\"ga-IE\"}]}<\/script>\n<!-- \/ Yoast SEO plugin. -->","yoast_head_json":{"title":"\u00c1R bhFREAGRACHT - Equinix Code of Business Conduct","robots":{"index":"index","follow":"follow","max-snippet":"max-snippet:-1","max-image-preview":"max-image-preview:large","max-video-preview":"max-video-preview:-1"},"canonical":"https:\/\/codeofbusinessconduct.equinix.com\/ga\/our-responsibility\/","og_locale":"ga_IE","og_type":"article","og_title":"\u00c1R bhFREAGRACHT - Equinix Code of Business Conduct","og_description":"[vc_row css_animation=&#8221;&#8221; row_type=&#8221;row&#8221; use_row_as_full_screen_section=&#8221;no&#8221; type=&#8221;full_width&#8221; angled_section=&#8221;no&#8221; text_align=&#8221;left&#8221; background_image_as_pattern=&#8221;without_pattern&#8221;][vc_column][vc_single_image image=&#8221;2176&#8243; img_size=&#8221;full&#8221; qode_css_animation=&#8221;&#8221;][vc_empty_space height=&#8221;8px&#8221;][vc_column_text] \u00c1R bhFREAGRACHT Cuir \u00e1r gC\u00f3d i ngn\u00edomh i do shaol agus labhair m\u00e1 t\u00e1 ceist agat n\u00f3 imn\u00ed ort [\/vc_column_text][\/vc_column][\/vc_row][vc_row css_animation=&#8221;&#8221; row_type=&#8221;row&#8221; use_row_as_full_screen_section=&#8221;no&#8221; type=&#8221;full_width&#8221; angled_section=&#8221;no&#8221; text_align=&#8221;left&#8221; background_image_as_pattern=&#8221;without_pattern&#8221; z_index=&#8221;&#8221; padding_top=&#8221;32&#8243; padding_bottom=&#8221;24&#8243;][vc_column][vc_single_image image=&#8221;2173&#8243; img_size=&#8221;full&#8221; alignment=&#8221;center&#8221;...","og_url":"https:\/\/codeofbusinessconduct.equinix.com\/ga\/our-responsibility\/","og_site_name":"Equinix Code of Business Conduct","article_modified_time":"2021-10-20T23:16:57+00:00","twitter_card":"summary_large_image","twitter_misc":{"Est. reading time":"6 minutes"},"schema":{"@context":"https:\/\/schema.org","@graph":[{"@type":"WebPage","@id":"https:\/\/codeofbusinessconduct.equinix.com\/ga\/our-responsibility\/","url":"https:\/\/codeofbusinessconduct.equinix.com\/ga\/our-responsibility\/","name":"\u00c1R bhFREAGRACHT - Equinix Code of Business Conduct","isPartOf":{"@id":"https:\/\/cobc-prod.azurewebsites.net\/#website"},"datePublished":"2021-03-10T06:21:58+00:00","dateModified":"2021-10-20T23:16:57+00:00","breadcrumb":{"@id":"https:\/\/codeofbusinessconduct.equinix.com\/ga\/our-responsibility\/#breadcrumb"},"inLanguage":"ga-IE","potentialAction":[{"@type":"ReadAction","target":["https:\/\/codeofbusinessconduct.equinix.com\/ga\/our-responsibility\/"]}]},{"@type":"BreadcrumbList","@id":"https:\/\/codeofbusinessconduct.equinix.com\/ga\/our-responsibility\/#breadcrumb","itemListElement":[{"@type":"ListItem","position":1,"name":"Home","item":"https:\/\/codeofbusinessconduct.equinix.com\/ga\/"},{"@type":"ListItem","position":2,"name":"\u00c1R bhFREAGRACHT"}]},{"@type":"WebSite","@id":"https:\/\/cobc-prod.azurewebsites.net\/#website","url":"https:\/\/cobc-prod.azurewebsites.net\/","name":"Equinix Code of Business Conduct","description":"","potentialAction":[{"@type":"SearchAction","target":{"@type":"EntryPoint","urlTemplate":"https:\/\/cobc-prod.azurewebsites.net\/?s={search_term_string}"},"query-input":{"@type":"PropertyValueSpecification","valueRequired":true,"valueName":"search_term_string"}}],"inLanguage":"ga-IE"}]}},"_links":{"self":[{"href":"https:\/\/codeofbusinessconduct.equinix.com\/ga\/wp-json\/wp\/v2\/pages\/2172","targetHints":{"allow":["GET"]}}],"collection":[{"href":"https:\/\/codeofbusinessconduct.equinix.com\/ga\/wp-json\/wp\/v2\/pages"}],"about":[{"href":"https:\/\/codeofbusinessconduct.equinix.com\/ga\/wp-json\/wp\/v2\/types\/page"}],"author":[{"embeddable":true,"href":"https:\/\/codeofbusinessconduct.equinix.com\/ga\/wp-json\/wp\/v2\/users\/1"}],"replies":[{"embeddable":true,"href":"https:\/\/codeofbusinessconduct.equinix.com\/ga\/wp-json\/wp\/v2\/comments?post=2172"}],"version-history":[{"count":8,"href":"https:\/\/codeofbusinessconduct.equinix.com\/ga\/wp-json\/wp\/v2\/pages\/2172\/revisions"}],"predecessor-version":[{"id":2246,"href":"https:\/\/codeofbusinessconduct.equinix.com\/ga\/wp-json\/wp\/v2\/pages\/2172\/revisions\/2246"}],"wp:attachment":[{"href":"https:\/\/codeofbusinessconduct.equinix.com\/ga\/wp-json\/wp\/v2\/media?parent=2172"}],"curies":[{"name":"wp","href":"https:\/\/api.w.org\/{rel}","templated":true}]}}