{"id":2159,"date":"2021-03-10T06:21:42","date_gmt":"2021-03-10T06:21:42","guid":{"rendered":"https:\/\/codeofbusinessconduct.equinix.com\/our-community\/"},"modified":"2021-10-20T23:16:31","modified_gmt":"2021-10-20T23:16:31","slug":"our-community","status":"publish","type":"page","link":"https:\/\/codeofbusinessconduct.equinix.com\/ga\/our-community\/","title":{"rendered":"\u00c1R bPOBAL"},"content":{"rendered":"<section class=\"wpb-content-wrapper\"><p>[vc_row css_animation=&#8221;&#8221; row_type=&#8221;row&#8221; use_row_as_full_screen_section=&#8221;no&#8221; type=&#8221;full_width&#8221; angled_section=&#8221;no&#8221; text_align=&#8221;left&#8221; background_image_as_pattern=&#8221;without_pattern&#8221;][vc_column][vc_single_image image=&#8221;309&#8243; img_size=&#8221;full&#8221; qode_css_animation=&#8221;&#8221;][vc_empty_space height=&#8221;8px&#8221;][vc_column_text]<\/p>\n<h3>\u00c1R bPOBAL<\/h3>\n<div class=\"lead\">Difr\u00edocht dhearfach a dh\u00e9anamh in\u00e1r bpobail agus m\u00f3rthimpeall an domhain<\/div>\n<p>[\/vc_column_text][\/vc_column][\/vc_row][vc_row css_animation=&#8221;&#8221; row_type=&#8221;row&#8221; use_row_as_full_screen_section=&#8221;no&#8221; type=&#8221;full_width&#8221; angled_section=&#8221;no&#8221; text_align=&#8221;left&#8221; background_image_as_pattern=&#8221;without_pattern&#8221; z_index=&#8221;&#8221; padding_top=&#8221;34&#8243; padding_bottom=&#8221;20&#8243; anchor=&#8221;Human_rights&#8221;][vc_column width=&#8221;1\/3&#8243; css=&#8221;.vc_custom_1616046555280{padding-bottom: 20px !important;}&#8221;][vc_column_text]<\/p>\n<h4>CEARTA AN DUINE<\/h4>\n<p>Taca\u00edonn Equinix le cosaint cearta uile an duine ar fud an domhain agus t\u00e1 meas againn orthu. Geallaimid seasamh le cearta bun\u00fasacha an duine i gc\u00e1s \u00e1r bhfostaithe agus oibrithe na gcuideachta\u00ed a bhfuil baint againn leo. T\u00e1imid ag s\u00fail go gclo\u00edonn \u00e1r nd\u00edolt\u00f3ir\u00ed agus \u00e1r gcomhph\u00e1irtithe leis na hardchaighde\u00e1in ch\u00e9anna.[\/vc_column_text][\/vc_column][vc_column width=&#8221;2\/3&#8243; css=&#8221;.vc_custom_1615547407753{padding-bottom: 20px !important;}&#8221;][vc_single_image image=&#8221;2160&#8243; img_size=&#8221;full&#8221; alignment=&#8221;center&#8221; qode_css_animation=&#8221;&#8221;][\/vc_column][\/vc_row][vc_row css_animation=&#8221;&#8221; row_type=&#8221;row&#8221; use_row_as_full_screen_section=&#8221;no&#8221; type=&#8221;full_width&#8221; angled_section=&#8221;no&#8221; text_align=&#8221;left&#8221; background_image_as_pattern=&#8221;without_pattern&#8221; z_index=&#8221;&#8221; padding_bottom=&#8221;30&#8243; anchor=&#8221;Charitable_contributions&#8221;][vc_column width=&#8221;1\/2&#8243; el_class=&#8221;purpose_values&#8221;][vc_column_text]<\/p>\n<h4>RANN\u00cdOCA\u00cdOCHTA\u00cd CARTHAN\u00daLA<\/h4>\n<p>Ag tabhairt ar ais d\u00e1r bpobail. Spreagann Equinix na fostaithe le rannchuidi\u00fa dearfach a dh\u00e9anamh sna pobail ina maireann agus ina n-oibr\u00edonn siad. Geallann Equinix go dtac\u00f3idh s\u00e9 leis na saincheisteanna\u00e1bhartha s\u00f3isialta, eacnama\u00edoch agus inbhuanachta is m\u00f3 a bhaineann len\u00e1r ngn\u00f3, \u00e1r bhfostaithe agus len\u00e1r bpobail. T\u00e1 roinnt r\u00e9ims\u00ed aitheanta ag Equinix chun d\u00edri\u00fa orthu le rannchuidi\u00fa carthan\u00fail at\u00e1 bunaithe ar an mbaint len\u00e1r ngn\u00f3 agus a dtac\u00f3imid leo tr\u00edthabhartais \u00f3n gCuideachta. I bhfianaise na r\u00e9ims\u00ed ar a nd\u00edr\u00edmid n\u00ed ghlacaimid le hiarratais ar mhaoini\u00fa gan iarraidh. Ina ionad sin is fearr linn iarratais a lorg ar thairiscint\u00ed a chuireann len\u00e1r gcl\u00e1r strait\u00e9iseach agus \u00e1r dtosa\u00edochta\u00ed maoinithe. T\u00e1 an Fhoireann um Fhreagracht Sh\u00f3isialta Chorpar\u00e1ideach freagrach as f\u00e9achaint ar na hiarratais seo agus as iad amheas.<\/p>\n<p>Spreagann Equinix fostaithe ar leith a rann\u00edoca\u00edochta\u00ed f\u00e9in a dh\u00e9anamhle heagra\u00edochta\u00ed carthanais. Ach n\u00ed ais\u00edocfaidh Equinix rann\u00edoca\u00edochta\u00ed ar leith n\u00f3 pearsanta a rinne fostaithe lecarthanas, scoil, gn\u00edomhaireacht neamhbhrab\u00fais n\u00f3 eagra\u00edocht neamhrialtasach ar ch\u00fainse ar bith. Lena chois sin ba ch\u00f3ir duit gan aon \u00edoca\u00edocht a dh\u00e9anamh le carthanas, scoil, gn\u00edomha\u00edocht neamhbhrab\u00fais n\u00f3 eagra\u00edocht neamhrialtasach go pearsanta thar ceann Equinix &#8211; tic\u00e9id d&#8217;imeachta\u00ed san\u00e1ireamh &#8211; toisc nach n-ais\u00edocfaidh Equinix na costais seo. N\u00ed m\u00f3r faomhadh \u00f3n Rialt\u00f3ir r\u00e9igi\u00fanach agus\/n\u00f3 \u00f3n bhfoireann um Fhreagracht Sh\u00f3isialta Chorpar\u00e1ideach a fh\u00e1il chuneisceacht ar bithar na treoirl\u00ednte seo a dh\u00e9anamh.[\/vc_column_text][\/vc_column][vc_column width=&#8221;1\/2&#8243; el_class=&#8221;purpose_values&#8221; css=&#8221;.vc_custom_1615789919910{padding-top: 35px !important;}&#8221;][vc_column_text]Chun tuilleadh eolais a fh\u00e1il ar \u00e1r strait\u00e9is tabhartais f\u00e9ach ar an <a href=\"https:\/\/codeofbusinessconduct.equinix.com\/ga\/additional-resources\/#recommended_readings\">mBeartas Domhanda um Thabhartais<\/a> n\u00f3 d\u00e9an teagmh\u00e1il leis anbhfoireann um Fhreagracht Sh\u00f3isialta Chorpar\u00e1ideach.[\/vc_column_text][vc_empty_space height=&#8221;20px&#8221;]<a class=\"recom-read-link\" href=\"\/ga\/additional-resources\/#recommended_readings\" target=\"_self\"><div class=\"recommend_book\"><div class=\"recommend_icon\"><img decoding=\"async\" src=\"https:\/\/codeofbusinessconduct.equinix.com\/wp-content\/uploads\/2021\/03\/recommend_book.svg\" \/><\/div><div class=\"recommend_content\"><h4>L\u00c9ITHEOIREACHT MHOLTA:<br>BEARTAS DOMHANDA UM THABHARTAISEQUINIX<\/h4><\/div><\/div><\/a>[vc_empty_space height=&#8221;10px&#8221;][vc_column_text]<strong>Bronntanais Chomhoiri\u00fanacha.<\/strong> T\u00e1 cl\u00e1r um bhronntanais chomhoiri\u00fanacha bunaithe ag Equinix chun tac\u00fa le fostaithe ina gcuid daonchairdis, carthanachta agus iarrachta\u00ed mar shaor\u00e1laithe. M\u00e1 thugann t\u00fa rannchuidi\u00fa airgid n\u00f3 m\u00e1 thugann t\u00fa de d&#8217;am d&#8217;eagra\u00edocht inch\u00e1ilithe tabharfaidh Equinix m\u00e9id &#8220;comhoiri\u00fanach&#8221; an airgid n\u00f3 an ama a thug t\u00fa tr\u00ed rannchuidi\u00fa airgid a dh\u00e9anamh.<\/p>\n<p>T\u00e1 faisn\u00e9is bhreise agus ceangaltais an <a href=\"https:\/\/codeofbusinessconduct.equinix.com\/ga\/additional-resources\/#recommended_readings\">Bheartais agus an Chl\u00e1ir um Thabhartais Chomhoiri\u00fanacha<\/a> lena n-\u00e1ir\u00edtear ceangaltais ar leith d&#8217;fhostaithe maidir le hinch\u00e1ilitheacht ar f\u00e1il sa <a href=\"https:\/\/codeofbusinessconduct.equinix.com\/ga\/additional-resources\/#recommended_readings\">Chl\u00e1r um Thabhartais Chomhoiri\u00fanacha de chuid Equinix<\/a>.[\/vc_column_text][vc_empty_space height=&#8221;15px&#8221;]<a class=\"recom-read-link\" href=\"\/ga\/additional-resources\/#recommended_readings\" target=\"_self\"><div class=\"recommend_book\"><div class=\"recommend_icon\"><img decoding=\"async\" src=\"https:\/\/codeofbusinessconduct.equinix.com\/wp-content\/uploads\/2021\/03\/recommend_book.svg\" \/><\/div><div class=\"recommend_content\"><h4>L\u00c9ITHEOIREACHT MHOLTA:<br>CL\u00c1R EQUINIX UM THABHARTAIS CHOMHOIRI\u00daNACHA<\/h4><\/div><\/div><\/a>[\/vc_column][\/vc_row][vc_row css_animation=&#8221;&#8221; row_type=&#8221;row&#8221; use_row_as_full_screen_section=&#8221;no&#8221; type=&#8221;full_width&#8221; angled_section=&#8221;no&#8221; text_align=&#8221;left&#8221; background_image_as_pattern=&#8221;without_pattern&#8221; z_index=&#8221;&#8221; padding_top=&#8221;20&#8243; padding_bottom=&#8221;30&#8243;][vc_column][vc_single_image image=&#8221;2162&#8243; img_size=&#8221;full&#8221; alignment=&#8221;center&#8221; qode_css_animation=&#8221;&#8221; el_class=&#8221;w-100&#8243;][\/vc_column][\/vc_row][vc_row css_animation=&#8221;&#8221; row_type=&#8221;row&#8221; use_row_as_full_screen_section=&#8221;no&#8221; type=&#8221;full_width&#8221; angled_section=&#8221;no&#8221; text_align=&#8221;left&#8221; background_image_as_pattern=&#8221;without_pattern&#8221; z_index=&#8221;&#8221; padding_bottom=&#8221;160&#8243; el_class=&#8221;purpose_values political_space&#8221; anchor=&#8221;Political_activities_and_contributions&#8221;][vc_column width=&#8221;2\/3&#8243;][vc_column_text]<\/p>\n<h4 id=\"The_environment\">GN\u00cdOMHA\u00cdOCHTA\u00cd AGUS RANN\u00cdOCA\u00cdOCHTA\u00cd POLAITI\u00daLA<\/h4>\n<p>Taca\u00edmid le dea-chaidreamh leis na pobail ina n-oibr\u00edmid. Is f\u00e9idir leat p\u00e1irt a ghlacadhi ngn\u00edomha\u00edochta\u00ed \u00e1iti\u00fala lena dtugtar aghaidh ar riachtanais na bpobal ina maireann t\u00fa agus ina n-oibr\u00edonn t\u00fa. Mar shaor\u00e1nach pr\u00edobh\u00e1ideach is f\u00e9idir leat tac\u00fa leis an bpr\u00f3iseas polaiti\u00fail \u00e1iti\u00fail freisin, le rann\u00edoca\u00edochta\u00ed de do chuid f\u00e9in n\u00f3 tr\u00ed obair dheonach a dh\u00e9anamh i do chuidama phearsanta. N\u00ed c\u00f3ir na gn\u00edomha\u00edochta\u00ed seo a dh\u00e9anamh in am Cuideachta n\u00f3 acmhainn\u00ed na Cuideachta a \u00fas\u00e1id ina dtaobh. N\u00edl cead agat rann\u00edoca\u00edochta\u00ed polaiti\u00fala a dh\u00e9anamh n\u00f3 a ghealladh thar ceann Equinix.<\/p>\n<p>D\u00e9an deimhin de go bhfuil do bhaint le gn\u00edomha\u00edochta\u00ed polaiti\u00fala ag teacht le dl\u00edthe is infheidhme de chuid na S.A. agus na h\u00e1ite lena mbaineann agus nach bhfuil cosc orthu de r\u00e9ir beartais eile de chuid Equinix.[\/vc_column_text][vc_row_inner row_type=&#8221;row&#8221; type=&#8221;full_width&#8221; text_align=&#8221;left&#8221; css_animation=&#8221;&#8221; anchor=&#8221;The_environment&#8221;][vc_column_inner][vc_empty_space height=&#8221;25px&#8221;][vc_column_text]<\/p>\n<h4>AN COMHSHAOL<\/h4>\n<p>Anseo ag Equinix t\u00e1 iarracht \u00e1 d\u00e9anamh againn a bheith in\u00e1r gcaomhn\u00f3ir\u00ed maithe ar an gcomhshaol agus na hacmhainn\u00ed a \u00edd\u00edmid. T\u00e1 mar sprioc againn \u00e1r lorg carb\u00f3in a \u00edoslaghd\u00fa. T\u00e1 sin \u00e1 dh\u00e9anamh againntr\u00ed bheith ag d\u00edri\u00fa ar:<\/p>\n<ul>\n<li>Dearadh, t\u00f3g\u00e1il agus oibri\u00fa go h\u00e9ifeachtach d&#8217;fhonn\u00eddi\u00fanan-acmhainn\u00edgol\u00e9ira dh\u00e9anaimid a laghd\u00fa.\u00c1ir\u00edtearair seoleictreachas,uisce,g\u00e1s n\u00e1d\u00fartha, d\u00edosal agus cuisne\u00e1in<\/li>\n<li>R\u00f3l gn\u00edomhach a ghlacadh i &#8220;nglas\u00fa&#8221; \u00e1r ngn\u00f3 agus a bheith chun tosaigh maidir le r\u00e9itigh nu\u00e1lacha a mheas agus a chur i ngn\u00edomh<\/li>\n<li>Sinn f\u00e9in a thomhas tr\u00ed \u00fas\u00e1id a bhaint as barrchleachtais antionscail agus eochairth\u00e1scair\u00ed feidhm\u00edochta saini\u00fala Equinix, as spriocanna a cuireadh go poibl\u00ed agus tr\u00ed thuairisci\u00fa ar dhul chun cinn ar shl\u00ed thr\u00e9dhearcach<\/li>\n<\/ul>\n<p>[\/vc_column_text][\/vc_column_inner][\/vc_row_inner][vc_empty_space height=&#8221;25px&#8221;]<a class=\"recom-read-link\" href=\"https:\/\/sustainability.equinix.com\/\" target=\"_self\"><div class=\"recommend_book\"><div class=\"recommend_icon\"><img decoding=\"async\" src=\"https:\/\/codeofbusinessconduct.equinix.com\/wp-content\/uploads\/2021\/03\/recommend_book.svg\" \/><\/div><div class=\"recommend_content\"><h4>L\u00c9ITHEOIREACHT MHOLTA:<br>INBHUANAITHEACHT EQUINIX<\/h4><\/div><\/div><\/a>[\/vc_column][vc_column width=&#8221;1\/3&#8243;][\/vc_column][\/vc_row]<\/p>\n<\/section>","protected":false},"excerpt":{"rendered":"<p>[vc_row css_animation=&#8221;&#8221; row_type=&#8221;row&#8221; use_row_as_full_screen_section=&#8221;no&#8221; type=&#8221;full_width&#8221; angled_section=&#8221;no&#8221; text_align=&#8221;left&#8221; background_image_as_pattern=&#8221;without_pattern&#8221;][vc_column][vc_single_image image=&#8221;309&#8243; img_size=&#8221;full&#8221; qode_css_animation=&#8221;&#8221;][vc_empty_space height=&#8221;8px&#8221;][vc_column_text] \u00c1R bPOBAL Difr\u00edocht dhearfach a dh\u00e9anamh in\u00e1r bpobail agus m\u00f3rthimpeall an domhain [\/vc_column_text][\/vc_column][\/vc_row][vc_row css_animation=&#8221;&#8221; row_type=&#8221;row&#8221; use_row_as_full_screen_section=&#8221;no&#8221; type=&#8221;full_width&#8221; angled_section=&#8221;no&#8221; text_align=&#8221;left&#8221; background_image_as_pattern=&#8221;without_pattern&#8221; z_index=&#8221;&#8221; padding_top=&#8221;34&#8243; padding_bottom=&#8221;20&#8243; anchor=&#8221;Human_rights&#8221;][vc_column width=&#8221;1\/3&#8243; css=&#8221;.vc_custom_1616046555280{padding-bottom: 20px !important;}&#8221;][vc_column_text] CEARTA AN DUINE Taca\u00edonn Equinix&#8230;<\/p>\n","protected":false},"author":1,"featured_media":0,"parent":0,"menu_order":6,"comment_status":"closed","ping_status":"closed","template":"","meta":{"inline_featured_image":false,"footnotes":""},"class_list":["post-2159","page","type-page","status-publish","hentry"],"yoast_head":"<!-- This site is optimized with the Yoast SEO plugin v25.8 - https:\/\/yoast.com\/wordpress\/plugins\/seo\/ -->\n<title>\u00c1R bPOBAL - Equinix Code of Business Conduct<\/title>\n<meta name=\"robots\" content=\"index, follow, max-snippet:-1, max-image-preview:large, max-video-preview:-1\" \/>\n<link rel=\"canonical\" href=\"https:\/\/169.254.129.2\/our-community\/\" \/>\n<meta property=\"og:locale\" content=\"ga_IE\" \/>\n<meta property=\"og:type\" content=\"article\" \/>\n<meta property=\"og:title\" content=\"\u00c1R bPOBAL - Equinix Code of Business Conduct\" \/>\n<meta property=\"og:description\" content=\"[vc_row css_animation=&#8221;&#8221; row_type=&#8221;row&#8221; use_row_as_full_screen_section=&#8221;no&#8221; type=&#8221;full_width&#8221; angled_section=&#8221;no&#8221; text_align=&#8221;left&#8221; background_image_as_pattern=&#8221;without_pattern&#8221;][vc_column][vc_single_image image=&#8221;309&#8243; img_size=&#8221;full&#8221; qode_css_animation=&#8221;&#8221;][vc_empty_space height=&#8221;8px&#8221;][vc_column_text] \u00c1R bPOBAL Difr\u00edocht dhearfach a dh\u00e9anamh in\u00e1r bpobail agus m\u00f3rthimpeall an domhain [\/vc_column_text][\/vc_column][\/vc_row][vc_row css_animation=&#8221;&#8221; row_type=&#8221;row&#8221; use_row_as_full_screen_section=&#8221;no&#8221; type=&#8221;full_width&#8221; angled_section=&#8221;no&#8221; text_align=&#8221;left&#8221; background_image_as_pattern=&#8221;without_pattern&#8221; z_index=&#8221;&#8221; padding_top=&#8221;34&#8243; padding_bottom=&#8221;20&#8243; anchor=&#8221;Human_rights&#8221;][vc_column width=&#8221;1\/3&#8243; css=&#8221;.vc_custom_1616046555280{padding-bottom: 20px !important;}&#8221;][vc_column_text] CEARTA AN DUINE Taca\u00edonn Equinix...\" \/>\n<meta property=\"og:url\" content=\"https:\/\/169.254.129.2\/our-community\/\" \/>\n<meta property=\"og:site_name\" content=\"Equinix Code of Business Conduct\" \/>\n<meta property=\"article:modified_time\" content=\"2021-10-20T23:16:31+00:00\" \/>\n<meta name=\"twitter:card\" content=\"summary_large_image\" \/>\n<meta name=\"twitter:label1\" content=\"Est. reading time\" \/>\n\t<meta name=\"twitter:data1\" content=\"6 minutes\" \/>\n<script type=\"application\/ld+json\" class=\"yoast-schema-graph\">{\"@context\":\"https:\/\/schema.org\",\"@graph\":[{\"@type\":\"WebPage\",\"@id\":\"https:\/\/169.254.129.2\/our-community\/\",\"url\":\"https:\/\/169.254.129.2\/our-community\/\",\"name\":\"\u00c1R bPOBAL - Equinix Code of Business Conduct\",\"isPartOf\":{\"@id\":\"https:\/\/cobc-prod.azurewebsites.net\/#website\"},\"datePublished\":\"2021-03-10T06:21:42+00:00\",\"dateModified\":\"2021-10-20T23:16:31+00:00\",\"breadcrumb\":{\"@id\":\"https:\/\/169.254.129.2\/our-community\/#breadcrumb\"},\"inLanguage\":\"ga-IE\",\"potentialAction\":[{\"@type\":\"ReadAction\",\"target\":[\"https:\/\/169.254.129.2\/our-community\/\"]}]},{\"@type\":\"BreadcrumbList\",\"@id\":\"https:\/\/169.254.129.2\/our-community\/#breadcrumb\",\"itemListElement\":[{\"@type\":\"ListItem\",\"position\":1,\"name\":\"Home\",\"item\":\"https:\/\/codeofbusinessconduct.equinix.com\/ga\/\"},{\"@type\":\"ListItem\",\"position\":2,\"name\":\"\u00c1R bPOBAL\"}]},{\"@type\":\"WebSite\",\"@id\":\"https:\/\/cobc-prod.azurewebsites.net\/#website\",\"url\":\"https:\/\/cobc-prod.azurewebsites.net\/\",\"name\":\"Equinix Code of Business Conduct\",\"description\":\"\",\"potentialAction\":[{\"@type\":\"SearchAction\",\"target\":{\"@type\":\"EntryPoint\",\"urlTemplate\":\"https:\/\/cobc-prod.azurewebsites.net\/?s={search_term_string}\"},\"query-input\":{\"@type\":\"PropertyValueSpecification\",\"valueRequired\":true,\"valueName\":\"search_term_string\"}}],\"inLanguage\":\"ga-IE\"}]}<\/script>\n<!-- \/ Yoast SEO plugin. -->","yoast_head_json":{"title":"\u00c1R bPOBAL - Equinix Code of Business Conduct","robots":{"index":"index","follow":"follow","max-snippet":"max-snippet:-1","max-image-preview":"max-image-preview:large","max-video-preview":"max-video-preview:-1"},"canonical":"https:\/\/169.254.129.2\/our-community\/","og_locale":"ga_IE","og_type":"article","og_title":"\u00c1R bPOBAL - Equinix Code of Business Conduct","og_description":"[vc_row css_animation=&#8221;&#8221; row_type=&#8221;row&#8221; use_row_as_full_screen_section=&#8221;no&#8221; type=&#8221;full_width&#8221; angled_section=&#8221;no&#8221; text_align=&#8221;left&#8221; background_image_as_pattern=&#8221;without_pattern&#8221;][vc_column][vc_single_image image=&#8221;309&#8243; img_size=&#8221;full&#8221; qode_css_animation=&#8221;&#8221;][vc_empty_space height=&#8221;8px&#8221;][vc_column_text] \u00c1R bPOBAL Difr\u00edocht dhearfach a dh\u00e9anamh in\u00e1r bpobail agus m\u00f3rthimpeall an domhain [\/vc_column_text][\/vc_column][\/vc_row][vc_row css_animation=&#8221;&#8221; row_type=&#8221;row&#8221; use_row_as_full_screen_section=&#8221;no&#8221; type=&#8221;full_width&#8221; angled_section=&#8221;no&#8221; text_align=&#8221;left&#8221; background_image_as_pattern=&#8221;without_pattern&#8221; z_index=&#8221;&#8221; padding_top=&#8221;34&#8243; padding_bottom=&#8221;20&#8243; anchor=&#8221;Human_rights&#8221;][vc_column width=&#8221;1\/3&#8243; css=&#8221;.vc_custom_1616046555280{padding-bottom: 20px !important;}&#8221;][vc_column_text] CEARTA AN DUINE Taca\u00edonn Equinix...","og_url":"https:\/\/169.254.129.2\/our-community\/","og_site_name":"Equinix Code of Business Conduct","article_modified_time":"2021-10-20T23:16:31+00:00","twitter_card":"summary_large_image","twitter_misc":{"Est. reading time":"6 minutes"},"schema":{"@context":"https:\/\/schema.org","@graph":[{"@type":"WebPage","@id":"https:\/\/169.254.129.2\/our-community\/","url":"https:\/\/169.254.129.2\/our-community\/","name":"\u00c1R bPOBAL - Equinix Code of Business Conduct","isPartOf":{"@id":"https:\/\/cobc-prod.azurewebsites.net\/#website"},"datePublished":"2021-03-10T06:21:42+00:00","dateModified":"2021-10-20T23:16:31+00:00","breadcrumb":{"@id":"https:\/\/169.254.129.2\/our-community\/#breadcrumb"},"inLanguage":"ga-IE","potentialAction":[{"@type":"ReadAction","target":["https:\/\/169.254.129.2\/our-community\/"]}]},{"@type":"BreadcrumbList","@id":"https:\/\/169.254.129.2\/our-community\/#breadcrumb","itemListElement":[{"@type":"ListItem","position":1,"name":"Home","item":"https:\/\/codeofbusinessconduct.equinix.com\/ga\/"},{"@type":"ListItem","position":2,"name":"\u00c1R bPOBAL"}]},{"@type":"WebSite","@id":"https:\/\/cobc-prod.azurewebsites.net\/#website","url":"https:\/\/cobc-prod.azurewebsites.net\/","name":"Equinix Code of Business Conduct","description":"","potentialAction":[{"@type":"SearchAction","target":{"@type":"EntryPoint","urlTemplate":"https:\/\/cobc-prod.azurewebsites.net\/?s={search_term_string}"},"query-input":{"@type":"PropertyValueSpecification","valueRequired":true,"valueName":"search_term_string"}}],"inLanguage":"ga-IE"}]}},"_links":{"self":[{"href":"https:\/\/codeofbusinessconduct.equinix.com\/ga\/wp-json\/wp\/v2\/pages\/2159","targetHints":{"allow":["GET"]}}],"collection":[{"href":"https:\/\/codeofbusinessconduct.equinix.com\/ga\/wp-json\/wp\/v2\/pages"}],"about":[{"href":"https:\/\/codeofbusinessconduct.equinix.com\/ga\/wp-json\/wp\/v2\/types\/page"}],"author":[{"embeddable":true,"href":"https:\/\/codeofbusinessconduct.equinix.com\/ga\/wp-json\/wp\/v2\/users\/1"}],"replies":[{"embeddable":true,"href":"https:\/\/codeofbusinessconduct.equinix.com\/ga\/wp-json\/wp\/v2\/comments?post=2159"}],"version-history":[{"count":10,"href":"https:\/\/codeofbusinessconduct.equinix.com\/ga\/wp-json\/wp\/v2\/pages\/2159\/revisions"}],"predecessor-version":[{"id":2245,"href":"https:\/\/codeofbusinessconduct.equinix.com\/ga\/wp-json\/wp\/v2\/pages\/2159\/revisions\/2245"}],"wp:attachment":[{"href":"https:\/\/codeofbusinessconduct.equinix.com\/ga\/wp-json\/wp\/v2\/media?parent=2159"}],"curies":[{"name":"wp","href":"https:\/\/api.w.org\/{rel}","templated":true}]}}