{"id":2114,"date":"2021-03-10T06:20:44","date_gmt":"2021-03-10T06:20:44","guid":{"rendered":"https:\/\/codeofbusinessconduct.equinix.com\/our-people\/"},"modified":"2021-10-20T23:13:38","modified_gmt":"2021-10-20T23:13:38","slug":"our-people","status":"publish","type":"page","link":"https:\/\/codeofbusinessconduct.equinix.com\/ga\/our-people\/","title":{"rendered":"\u00c1R nDAOINE"},"content":{"rendered":"<section class=\"wpb-content-wrapper\"><p>[vc_row css_animation=&#8221;&#8221; row_type=&#8221;row&#8221; use_row_as_full_screen_section=&#8221;no&#8221; type=&#8221;full_width&#8221; angled_section=&#8221;no&#8221; text_align=&#8221;left&#8221; background_image_as_pattern=&#8221;without_pattern&#8221;][vc_column][vc_single_image image=&#8221;2117&#8243; img_size=&#8221;full&#8221; qode_css_animation=&#8221;&#8221;][vc_empty_space height=&#8221;8px&#8221;][vc_column_text]<\/p>\n<h3>\u00c1R nDAOINE<\/h3>\n<div class=\"lead\">Ag obair le ch\u00e9ile mar fhoireann<\/div>\n<p>[\/vc_column_text][\/vc_column][\/vc_row][vc_row css_animation=&#8221;&#8221; row_type=&#8221;row&#8221; use_row_as_full_screen_section=&#8221;no&#8221; type=&#8221;full_width&#8221; angled_section=&#8221;no&#8221; text_align=&#8221;left&#8221; background_image_as_pattern=&#8221;without_pattern&#8221; z_index=&#8221;&#8221; padding_top=&#8221;40&#8243; anchor=&#8221;diversity&#8221;][vc_column width=&#8221;1\/4&#8243; el_class=&#8221;purpose_values&#8221; css=&#8221;.vc_custom_1616045335099{padding-bottom: 12px !important;}&#8221;][vc_column_text]<\/p>\n<h4>\u00c9AGS\u00daLACHT<\/h4>\n<p>T\u00e1 lucht saothair \u00e9ags\u00fail at\u00e1 comhdh\u00e9anta de bhaill foirne a thugann \u00e9ags\u00falacht mh\u00f3r scileanna, inni\u00falachta\u00ed, taith\u00ed agus radharcanna leo r\u00edth\u00e1bhachtach d\u00fainn chun rath a bhaint amach. Bain leas ioml\u00e1n i gc\u00f3na\u00ed as a bhfuil \u00e1 chur ar f\u00e1il ag \u00e1r mbaill foirne. \u00c9ist agus glac isteach gach duine sa phl\u00e9. T\u00e1imid tiomanta dophrionsabail an chomhionannais deis fosta\u00edochta, do chuimsi\u00fa agus meas.[\/vc_column_text][\/vc_column][vc_column width=&#8221;3\/4&#8243; css=&#8221;.vc_custom_1615528466731{padding-bottom: 12px !important;}&#8221;][vc_single_image image=&#8221;2115&#8243; img_size=&#8221;full&#8221; alignment=&#8221;center&#8221; qode_css_animation=&#8221;&#8221;][\/vc_column][\/vc_row][vc_row css_animation=&#8221;&#8221; row_type=&#8221;row&#8221; use_row_as_full_screen_section=&#8221;no&#8221; type=&#8221;full_width&#8221; angled_section=&#8221;no&#8221; text_align=&#8221;left&#8221; background_image_as_pattern=&#8221;without_pattern&#8221; z_index=&#8221;&#8221; padding_bottom=&#8221;40&#8243; anchor=&#8221;dignity_and_respect&#8221;][vc_column width=&#8221;1\/2&#8243; el_class=&#8221;purpose_values&#8221;][vc_column_text]<\/p>\n<h4>D\u00cdNIT AGUS MEAS<\/h4>\n<p>Is iad \u00e1r bhfostaithe bun\u00fas \u00e1r gCuideachta. T\u00e1imid uile freagrach d\u00e1 ch\u00e9ile as a chinnti\u00fa go bhfuil an timpeallacht oibre bunaithe ar mhac\u00e1ntacht, ionracas agus c\u00f3mheas. N\u00ed ghlacaimid le haon saghas leithcheala, iompar ciaptha n\u00f3 iompar a \u00edsl\u00edonn duine eile i gcoinne duine n\u00f3 gr\u00fapa ar bith ar bhonn cine, reiligi\u00fain, inscne, gn\u00e9aschlaonta, ionann\u00fa inscne, bun\u00fais n\u00e1isi\u00fanta, aoise, st\u00e1das p\u00f3sta, st\u00e1das seanshaighdi\u00fara faoi chosaint, m\u00edchumais, toirchis n\u00f3 bun\u00fas eile ar bith at\u00e1 coiscthe ag an dl\u00ed is infheidhme. M\u00e1 fheiceann t\u00fa aon s\u00e1r\u00fa n\u00f3 m\u00e1 mheasann t\u00fa a leith\u00e9id, n\u00f3 m\u00e1 mhotha\u00edonn t\u00fa gur \u00edospartach ciaptha n\u00f3 leithcheala t\u00fa, inis don Roinn Acmhainn\u00ed Daonna \u00e9 l\u00e1ithreach. T\u00e1 roghanna tuairiscithe ar f\u00e1il sa mh\u00edr <a href=\"https:\/\/codeofbusinessconduct.equinix.com\/additional-resources\/\">Acmhainn\u00edBreise<\/a>.[\/vc_column_text][vc_empty_space height=&#8221;22px&#8221;][vc_row_inner row_type=&#8221;row&#8221; type=&#8221;full_width&#8221; text_align=&#8221;left&#8221; css_animation=&#8221;&#8221; anchor=&#8221;safety&#8221;][vc_column_inner][vc_column_text]<\/p>\n<h4>S\u00c1BH\u00c1ILTEACHT<\/h4>\n<p>T\u00e1imid tiomanta do thimpeallacht oibre chomp\u00f3rdach, th\u00e1irgeach shl\u00e1n a chur ar f\u00e1il d\u00e1r bhfostaithe uile. Clo\u00edmid leis na caighde\u00e1in comhshaoil, sl\u00e1inte agus sl\u00e1nd\u00e1la is airde in\u00e1r n-\u00e1it oibre agus t\u00e1imid ag brath ar gach aon duine timpist\u00ed, trealamh, cleachtais n\u00f3 c\u00fains\u00ed neamhsh\u00e1bh\u00e1ilte a thuairisci\u00fa. Chun tuilleadh a dh\u00e9anamh d&#8217;fhonn \u00e1it oibre sh\u00e1bh\u00e1ilte a chinnti\u00fa n\u00ed cheada\u00edtear foir\u00e9igean n\u00e1 iompar bagartach in am ar bith.[\/vc_column_text][\/vc_column_inner][\/vc_row_inner][\/vc_column][vc_column width=&#8221;1\/2&#8243; el_class=&#8221;purpose_values&#8221; css=&#8221;.vc_custom_1615791739172{padding-top: 35px !important;}&#8221;][vc_column_text]Seasaimid air timpeallacht saor \u00f3 dhruga\u00ed a bheith againn i gc\u00f3na\u00ed, \u00e1it ina bhfuil ar gach fosta\u00ed a bheith ag obair gan droch-iarmhairt\u00ed druga\u00ed, alc\u00f3il n\u00f3 substaint\u00ed rialaithe eile. Ag an am c\u00e9anna is l\u00e9ir d\u00fainn gur f\u00e9idir c\u00f3ire\u00e1il a chur ar fhostaithe a bhfuil and\u00fail i ndruga\u00ed agus alc\u00f3l acu. Spreagaimid iad chun c\u00faram agus comhairli\u00fa gairimi\u00fail afh\u00e1il ar eagla go s\u00e1r\u00f3id\u00eds beartais Equinix maidir le druga\u00ed agus alc\u00f3l. Chun tuilleadh treorach a fh\u00e1il ar \u00e1it oibre shl\u00e1inti\u00fail sh\u00e1bh\u00e1ilte f\u00e9ach ar <a href=\"https:\/\/codeofbusinessconduct.equinix.com\/ga\/additional-resources\/#recommended_readings\">L\u00e1mhleabhair<\/a> Domhanda d&#8217;Fhostaithe.[\/vc_column_text][vc_empty_space height=&#8221;33px&#8221;][vc_column_text]<strong>Agus sinne ag obair le ch\u00e9ile, crutha\u00edmid timpeallacht oibre sh\u00e1bh\u00e1ilte, \u00e9ags\u00fail at\u00e1 bunaithe ar:<\/strong><\/p>\n<ul>\n<li>Mac\u00e1ntacht<\/li>\n<li>Ionracas<\/li>\n<li>F\u00e9inmheas<\/li>\n<\/ul>\n<p>[\/vc_column_text][vc_empty_space height=&#8221;5px&#8221;]<a class=\"recom-read-link\" href=\"\/ga\/additional-resources\/#recommended_readings\" target=\"_self\"><div class=\"recommend_book\"><div class=\"recommend_icon\"><img decoding=\"async\" src=\"https:\/\/codeofbusinessconduct.equinix.com\/wp-content\/uploads\/2021\/03\/recommend_book.svg\" \/><\/div><div class=\"recommend_content\"><h4>L\u00c9ITHEOIREACHT MHOLTA:<br>L\u00c1MHLEABHAIR DOMHANDA EQUINIX D'FHOSTAITHE<\/h4><\/div><\/div><\/a>[\/vc_column][\/vc_row]<\/p>\n<\/section>","protected":false},"excerpt":{"rendered":"<p>[vc_row css_animation=&#8221;&#8221; row_type=&#8221;row&#8221; use_row_as_full_screen_section=&#8221;no&#8221; type=&#8221;full_width&#8221; angled_section=&#8221;no&#8221; text_align=&#8221;left&#8221; background_image_as_pattern=&#8221;without_pattern&#8221;][vc_column][vc_single_image image=&#8221;2117&#8243; img_size=&#8221;full&#8221; qode_css_animation=&#8221;&#8221;][vc_empty_space height=&#8221;8px&#8221;][vc_column_text] \u00c1R nDAOINE Ag obair le ch\u00e9ile mar fhoireann [\/vc_column_text][\/vc_column][\/vc_row][vc_row css_animation=&#8221;&#8221; row_type=&#8221;row&#8221; use_row_as_full_screen_section=&#8221;no&#8221; type=&#8221;full_width&#8221; angled_section=&#8221;no&#8221; text_align=&#8221;left&#8221; background_image_as_pattern=&#8221;without_pattern&#8221; z_index=&#8221;&#8221; padding_top=&#8221;40&#8243; anchor=&#8221;diversity&#8221;][vc_column width=&#8221;1\/4&#8243; el_class=&#8221;purpose_values&#8221; css=&#8221;.vc_custom_1616045335099{padding-bottom: 12px !important;}&#8221;][vc_column_text] \u00c9AGS\u00daLACHT T\u00e1 lucht saothair \u00e9ags\u00fail at\u00e1 comhdh\u00e9anta de bhaill&#8230;<\/p>\n","protected":false},"author":1,"featured_media":0,"parent":0,"menu_order":3,"comment_status":"closed","ping_status":"closed","template":"","meta":{"inline_featured_image":false,"footnotes":""},"class_list":["post-2114","page","type-page","status-publish","hentry"],"yoast_head":"<!-- This site is optimized with the Yoast SEO plugin v25.8 - https:\/\/yoast.com\/wordpress\/plugins\/seo\/ -->\n<title>\u00c1R nDAOINE - Equinix Code of Business Conduct<\/title>\n<meta name=\"robots\" content=\"index, follow, max-snippet:-1, max-image-preview:large, max-video-preview:-1\" \/>\n<link rel=\"canonical\" href=\"https:\/\/169.254.129.2\/our-people\/\" \/>\n<meta property=\"og:locale\" content=\"ga_IE\" \/>\n<meta property=\"og:type\" content=\"article\" \/>\n<meta property=\"og:title\" content=\"\u00c1R nDAOINE - Equinix Code of Business Conduct\" \/>\n<meta property=\"og:description\" content=\"[vc_row css_animation=&#8221;&#8221; row_type=&#8221;row&#8221; use_row_as_full_screen_section=&#8221;no&#8221; type=&#8221;full_width&#8221; angled_section=&#8221;no&#8221; text_align=&#8221;left&#8221; background_image_as_pattern=&#8221;without_pattern&#8221;][vc_column][vc_single_image image=&#8221;2117&#8243; img_size=&#8221;full&#8221; qode_css_animation=&#8221;&#8221;][vc_empty_space height=&#8221;8px&#8221;][vc_column_text] \u00c1R nDAOINE Ag obair le ch\u00e9ile mar fhoireann [\/vc_column_text][\/vc_column][\/vc_row][vc_row css_animation=&#8221;&#8221; row_type=&#8221;row&#8221; use_row_as_full_screen_section=&#8221;no&#8221; type=&#8221;full_width&#8221; angled_section=&#8221;no&#8221; text_align=&#8221;left&#8221; background_image_as_pattern=&#8221;without_pattern&#8221; z_index=&#8221;&#8221; padding_top=&#8221;40&#8243; anchor=&#8221;diversity&#8221;][vc_column width=&#8221;1\/4&#8243; el_class=&#8221;purpose_values&#8221; css=&#8221;.vc_custom_1616045335099{padding-bottom: 12px !important;}&#8221;][vc_column_text] \u00c9AGS\u00daLACHT T\u00e1 lucht saothair \u00e9ags\u00fail at\u00e1 comhdh\u00e9anta de bhaill...\" \/>\n<meta property=\"og:url\" content=\"https:\/\/169.254.129.2\/our-people\/\" \/>\n<meta property=\"og:site_name\" content=\"Equinix Code of Business Conduct\" \/>\n<meta property=\"article:modified_time\" content=\"2021-10-20T23:13:38+00:00\" \/>\n<meta name=\"twitter:card\" content=\"summary_large_image\" \/>\n<meta name=\"twitter:label1\" content=\"Est. reading time\" \/>\n\t<meta name=\"twitter:data1\" content=\"4 minutes\" \/>\n<script type=\"application\/ld+json\" class=\"yoast-schema-graph\">{\"@context\":\"https:\/\/schema.org\",\"@graph\":[{\"@type\":\"WebPage\",\"@id\":\"https:\/\/169.254.129.2\/our-people\/\",\"url\":\"https:\/\/169.254.129.2\/our-people\/\",\"name\":\"\u00c1R nDAOINE - Equinix Code of Business Conduct\",\"isPartOf\":{\"@id\":\"https:\/\/cobc-prod.azurewebsites.net\/#website\"},\"datePublished\":\"2021-03-10T06:20:44+00:00\",\"dateModified\":\"2021-10-20T23:13:38+00:00\",\"breadcrumb\":{\"@id\":\"https:\/\/169.254.129.2\/our-people\/#breadcrumb\"},\"inLanguage\":\"ga-IE\",\"potentialAction\":[{\"@type\":\"ReadAction\",\"target\":[\"https:\/\/169.254.129.2\/our-people\/\"]}]},{\"@type\":\"BreadcrumbList\",\"@id\":\"https:\/\/169.254.129.2\/our-people\/#breadcrumb\",\"itemListElement\":[{\"@type\":\"ListItem\",\"position\":1,\"name\":\"Home\",\"item\":\"https:\/\/codeofbusinessconduct.equinix.com\/ga\/\"},{\"@type\":\"ListItem\",\"position\":2,\"name\":\"\u00c1R nDAOINE\"}]},{\"@type\":\"WebSite\",\"@id\":\"https:\/\/cobc-prod.azurewebsites.net\/#website\",\"url\":\"https:\/\/cobc-prod.azurewebsites.net\/\",\"name\":\"Equinix Code of Business Conduct\",\"description\":\"\",\"potentialAction\":[{\"@type\":\"SearchAction\",\"target\":{\"@type\":\"EntryPoint\",\"urlTemplate\":\"https:\/\/cobc-prod.azurewebsites.net\/?s={search_term_string}\"},\"query-input\":{\"@type\":\"PropertyValueSpecification\",\"valueRequired\":true,\"valueName\":\"search_term_string\"}}],\"inLanguage\":\"ga-IE\"}]}<\/script>\n<!-- \/ Yoast SEO plugin. -->","yoast_head_json":{"title":"\u00c1R nDAOINE - Equinix Code of Business Conduct","robots":{"index":"index","follow":"follow","max-snippet":"max-snippet:-1","max-image-preview":"max-image-preview:large","max-video-preview":"max-video-preview:-1"},"canonical":"https:\/\/169.254.129.2\/our-people\/","og_locale":"ga_IE","og_type":"article","og_title":"\u00c1R nDAOINE - Equinix Code of Business Conduct","og_description":"[vc_row css_animation=&#8221;&#8221; row_type=&#8221;row&#8221; use_row_as_full_screen_section=&#8221;no&#8221; type=&#8221;full_width&#8221; angled_section=&#8221;no&#8221; text_align=&#8221;left&#8221; background_image_as_pattern=&#8221;without_pattern&#8221;][vc_column][vc_single_image image=&#8221;2117&#8243; img_size=&#8221;full&#8221; qode_css_animation=&#8221;&#8221;][vc_empty_space height=&#8221;8px&#8221;][vc_column_text] \u00c1R nDAOINE Ag obair le ch\u00e9ile mar fhoireann [\/vc_column_text][\/vc_column][\/vc_row][vc_row css_animation=&#8221;&#8221; row_type=&#8221;row&#8221; use_row_as_full_screen_section=&#8221;no&#8221; type=&#8221;full_width&#8221; angled_section=&#8221;no&#8221; text_align=&#8221;left&#8221; background_image_as_pattern=&#8221;without_pattern&#8221; z_index=&#8221;&#8221; padding_top=&#8221;40&#8243; anchor=&#8221;diversity&#8221;][vc_column width=&#8221;1\/4&#8243; el_class=&#8221;purpose_values&#8221; css=&#8221;.vc_custom_1616045335099{padding-bottom: 12px !important;}&#8221;][vc_column_text] \u00c9AGS\u00daLACHT T\u00e1 lucht saothair \u00e9ags\u00fail at\u00e1 comhdh\u00e9anta de bhaill...","og_url":"https:\/\/169.254.129.2\/our-people\/","og_site_name":"Equinix Code of Business Conduct","article_modified_time":"2021-10-20T23:13:38+00:00","twitter_card":"summary_large_image","twitter_misc":{"Est. reading time":"4 minutes"},"schema":{"@context":"https:\/\/schema.org","@graph":[{"@type":"WebPage","@id":"https:\/\/169.254.129.2\/our-people\/","url":"https:\/\/169.254.129.2\/our-people\/","name":"\u00c1R nDAOINE - Equinix Code of Business Conduct","isPartOf":{"@id":"https:\/\/cobc-prod.azurewebsites.net\/#website"},"datePublished":"2021-03-10T06:20:44+00:00","dateModified":"2021-10-20T23:13:38+00:00","breadcrumb":{"@id":"https:\/\/169.254.129.2\/our-people\/#breadcrumb"},"inLanguage":"ga-IE","potentialAction":[{"@type":"ReadAction","target":["https:\/\/169.254.129.2\/our-people\/"]}]},{"@type":"BreadcrumbList","@id":"https:\/\/169.254.129.2\/our-people\/#breadcrumb","itemListElement":[{"@type":"ListItem","position":1,"name":"Home","item":"https:\/\/codeofbusinessconduct.equinix.com\/ga\/"},{"@type":"ListItem","position":2,"name":"\u00c1R nDAOINE"}]},{"@type":"WebSite","@id":"https:\/\/cobc-prod.azurewebsites.net\/#website","url":"https:\/\/cobc-prod.azurewebsites.net\/","name":"Equinix Code of Business Conduct","description":"","potentialAction":[{"@type":"SearchAction","target":{"@type":"EntryPoint","urlTemplate":"https:\/\/cobc-prod.azurewebsites.net\/?s={search_term_string}"},"query-input":{"@type":"PropertyValueSpecification","valueRequired":true,"valueName":"search_term_string"}}],"inLanguage":"ga-IE"}]}},"_links":{"self":[{"href":"https:\/\/codeofbusinessconduct.equinix.com\/ga\/wp-json\/wp\/v2\/pages\/2114","targetHints":{"allow":["GET"]}}],"collection":[{"href":"https:\/\/codeofbusinessconduct.equinix.com\/ga\/wp-json\/wp\/v2\/pages"}],"about":[{"href":"https:\/\/codeofbusinessconduct.equinix.com\/ga\/wp-json\/wp\/v2\/types\/page"}],"author":[{"embeddable":true,"href":"https:\/\/codeofbusinessconduct.equinix.com\/ga\/wp-json\/wp\/v2\/users\/1"}],"replies":[{"embeddable":true,"href":"https:\/\/codeofbusinessconduct.equinix.com\/ga\/wp-json\/wp\/v2\/comments?post=2114"}],"version-history":[{"count":7,"href":"https:\/\/codeofbusinessconduct.equinix.com\/ga\/wp-json\/wp\/v2\/pages\/2114\/revisions"}],"predecessor-version":[{"id":2242,"href":"https:\/\/codeofbusinessconduct.equinix.com\/ga\/wp-json\/wp\/v2\/pages\/2114\/revisions\/2242"}],"wp:attachment":[{"href":"https:\/\/codeofbusinessconduct.equinix.com\/ga\/wp-json\/wp\/v2\/media?parent=2114"}],"curies":[{"name":"wp","href":"https:\/\/api.w.org\/{rel}","templated":true}]}}