{"id":2105,"date":"2021-03-10T06:20:30","date_gmt":"2021-03-10T06:20:30","guid":{"rendered":"https:\/\/codeofbusinessconduct.equinix.com\/our-code\/"},"modified":"2021-10-20T23:27:43","modified_gmt":"2021-10-20T23:27:43","slug":"our-code","status":"publish","type":"page","link":"https:\/\/codeofbusinessconduct.equinix.com\/ga\/our-code\/","title":{"rendered":"\u00c1R gC\u00d3D"},"content":{"rendered":"<section class=\"wpb-content-wrapper\"><p>[vc_row css_animation=&#8221;&#8221; row_type=&#8221;row&#8221; use_row_as_full_screen_section=&#8221;no&#8221; type=&#8221;full_width&#8221; angled_section=&#8221;no&#8221; text_align=&#8221;left&#8221; background_image_as_pattern=&#8221;without_pattern&#8221;][vc_column][vc_single_image image=&#8221;2108&#8243; img_size=&#8221;full&#8221; qode_css_animation=&#8221;&#8221;][vc_empty_space height=&#8221;8px&#8221;][vc_column_text]<\/p>\n<h3>\u00c1R gC\u00d3D<\/h3>\n<div class=\"lead\">Iompar eitici\u00fail a thuiscint agus glacadh leis<\/div>\n<p>[\/vc_column_text][\/vc_column][\/vc_row][vc_row css_animation=&#8221;&#8221; row_type=&#8221;row&#8221; use_row_as_full_screen_section=&#8221;no&#8221; type=&#8221;full_width&#8221; angled_section=&#8221;no&#8221; text_align=&#8221;left&#8221; background_image_as_pattern=&#8221;without_pattern&#8221; z_index=&#8221;&#8221; padding_top=&#8221;20&#8243; anchor=&#8221;why_we_have_a_code_of_business_conduct&#8221;][vc_column width=&#8221;2\/3&#8243; el_class=&#8221;purpose_values&#8221; css=&#8221;.vc_custom_1615524809511{padding-bottom: 30px !important;}&#8221;][vc_column_text]<\/p>\n<h4>AN CH\u00daIS GO BHFUIL C\u00d3D IOMPAIR GHN\u00d3 AGAINN<\/h4>\n<p>T\u00e1 Equinix bunaithe ar luachanna corpar\u00e1ide agus cleachtais ghn\u00f3 l\u00e1idre agus is eol d\u00fainn go mbraitheann \u00e1r rath amach anseo ar \u00e1r dtiomantas \u00e1r gcuid gn\u00f3 a sheoladh go mac\u00e1nta, go hionraic, le gairmi\u00falacht agus le tiomantas do thortha\u00ed den ch\u00e9ad scoth. Cialla\u00edonn sin mar luach na cuideachta:<\/p>\n<ul>\n<li>Gach fosta\u00ed<\/li>\n<li>Na ruda\u00ed cearta a dh\u00e9anamh ar na h\u00fadair chearta<\/li>\n<li>Ionracas diongbh\u00e1ilte<\/li>\n<li>Tiomantas do chleachtais ghn\u00f3 eitici\u00fala<\/li>\n<li>An dl\u00ed a chomhl\u00edonadh<\/li>\n<\/ul>\n<p>I bhformh\u00f3r na gc\u00e1sanna is treoir d\u00fainn \u00e1r luachanna agus mac\u00e1ntacht phearsanta chun an cinneadh ceart a ghlacadh. Ach m\u00e1 t\u00e1 ceisteanna againn maidir leis na bearta cearta a ghlacadh t\u00e1 \u00e1r gC\u00f3d Iompair Ghn\u00f3 (\u00e1r &#8220;C\u00f3d&#8221;) againn chun treoir bhreise a thabhairt d\u00fainn. Ba ch\u00f3ir d\u00fainn cuimhneamh air nach f\u00e9idir d\u00e9ile\u00e1il le gach c\u00e1s in\u00e1r gC\u00f3d. Ina leith\u00e9id de ch\u00e1sanna ba ch\u00f3ir duit labhairt le do bhainisteoir n\u00f3 leis an Oifig Chomhl\u00edontach\u00e1in.[\/vc_column_text][vc_row_inner row_type=&#8221;row&#8221; type=&#8221;full_width&#8221; text_align=&#8221;left&#8221; css_animation=&#8221;&#8221; anchor=&#8221;who_is_required_to_follow_our_code&#8221; css=&#8221;.vc_custom_1616044458552{padding-top: 20px !important;}&#8221;][vc_column_inner][vc_column_text]<\/p>\n<h4>C\u00c9 hIAD NA DAOINE A CHAITHFIDH CLO\u00cd LEN\u00c1R gC\u00d3D?<\/h4>\n<p>Baineann \u00e1r gC\u00f3d le gach oifigeach, sti\u00farth\u00f3ir agus fosta\u00ed in Equinix, fostaithe p\u00e1irtaimseartha agus sealadacha san \u00e1ireamh. Ba ch\u00f3ir \u00e1r gC\u00f3d a chur ar f\u00e1il leis, do ghn\u00edomhair\u00ed, ionadaithe agus comhairleoir\u00ed a ghn\u00edomha\u00edonn thar ceann Equinix agus ba ch\u00f3ir d\u00f3ibhsan clo\u00ed leis.[\/vc_column_text][\/vc_column_inner][\/vc_row_inner][vc_row_inner row_type=&#8221;row&#8221; type=&#8221;full_width&#8221; text_align=&#8221;left&#8221; css_animation=&#8221;&#8221; anchor=&#8221;ethics_in_action:_what_our_code_means_for_you&#8221; css=&#8221;.vc_custom_1616044568288{padding-top: 20px !important;}&#8221;][vc_column_inner][vc_column_text]<\/p>\n<h4>EITIC\u00cd I mBUN GN\u00cdMH A BHFUIL I gCEIST LEN\u00c1R gC\u00d3D<\/h4>\n<p>T\u00e1thar ag s\u00fail uainn go l\u00e9ir d\u00e9anamh de r\u00e9ir litir agus spiorad an Ch\u00f3id. Is ionannsin agus a r\u00e1 go gcaithfidht\u00fa \u00e1r mbeartais, \u00e1r ndl\u00edtheagus \u00e1r gcuid rialach\u00e1ingol\u00e9ira bhaineannledophosta thuiscint agus d\u00e9anamh d\u00e1 r\u00e9ir agus treoir a lorg m\u00e1 t\u00e1 ceisteanna agat n\u00f3 imn\u00ed ort. Fostaithe a sh\u00e1ra\u00edonn \u00e1r gC\u00f3d cuireann siad iad f\u00e9in, a gcomhfhostaithe agus \u00e1r gCuideachtai mbaol agus b\u00edonn siad dlite i mbearta ara\u00edonachta suas go foirceannadh a bhfosta\u00edochta agus sin san \u00e1ireamh.<\/p>\n<p>T\u00e1 freagracht ar leith ar fhostaithe adh\u00e9anann maoirseacht ar dhaoine eile, a bheithina n-eiseaml\u00e1ir\u00ed d\u00f3ibh agus na caighde\u00e1in iompair is airde a choinne\u00e1il. M\u00e1 dh\u00e9anann t\u00fa maoirseacht ar dhaoine eile ba ch\u00f3irduit timpeallacht a chur chun cinn ina dtuigeann na fostaithe a gcuid freagrachta\u00ed agus ina bhfuil siad ar a suaimhneas maidir le ceisteanna agus imn\u00ed a chur ar do sh\u00faile duit gan eaglago n-imreofa\u00ed d\u00edoltas orthu. M\u00e1 arda\u00edtear ceist n\u00ed m\u00f3r duit gn\u00edomh a dh\u00e9anamh l\u00e1ithreachbonn.<\/p>\n<p>N\u00ed m\u00f3r duit deimhin a dh\u00e9anamh de go dtuigeann gach fosta\u00ed faoi do mhaoirseacht an C\u00f3d agus na beartais, na dl\u00edthe agus na rialach\u00e1in a bhaineann len\u00e1r n-\u00e1it oibre. D&#8217;fh\u00e9adfadh go gcomhl\u00e1na\u00edonn \u00e1r gC\u00f3d beartais, n\u00f3sanna imeachta agus cleachtais eile. M\u00e1 fheiceann t\u00fa f\u00e9in n\u00f3 duine i d&#8217;fhoireann neamhr\u00e9ireacht n\u00f3 coimhlint tarraing aird do bhainisteora agus na hOifige Comhl\u00edontach\u00e1in air sin.[\/vc_column_text][\/vc_column_inner][\/vc_row_inner][\/vc_column][vc_column width=&#8221;1\/3&#8243; css=&#8221;.vc_custom_1615524819852{padding-bottom: 30px !important;}&#8221;][vc_column_text]<\/p>\n<h4 class=\"exclaimation\">Cuimhnigh:<\/h4>\n<div class=\"lead\">T\u00e1thar ag s\u00fail UAINN GO L\u00c9IR d\u00e9anamh de r\u00e9ir litir agus spiorad \u00e1r gC\u00f3id.<\/div>\n<p>[\/vc_column_text][vc_empty_space height=&#8221;20px&#8221;][vc_single_image image=&#8221;2106&#8243; img_size=&#8221;full&#8221; alignment=&#8221;center&#8221; qode_css_animation=&#8221;&#8221;][\/vc_column][\/vc_row]<\/p>\n<\/section>","protected":false},"excerpt":{"rendered":"<p>[vc_row css_animation=&#8221;&#8221; row_type=&#8221;row&#8221; use_row_as_full_screen_section=&#8221;no&#8221; type=&#8221;full_width&#8221; angled_section=&#8221;no&#8221; text_align=&#8221;left&#8221; background_image_as_pattern=&#8221;without_pattern&#8221;][vc_column][vc_single_image image=&#8221;2108&#8243; img_size=&#8221;full&#8221; qode_css_animation=&#8221;&#8221;][vc_empty_space height=&#8221;8px&#8221;][vc_column_text] \u00c1R gC\u00d3D Iompar eitici\u00fail a thuiscint agus glacadh leis [\/vc_column_text][\/vc_column][\/vc_row][vc_row css_animation=&#8221;&#8221; row_type=&#8221;row&#8221; use_row_as_full_screen_section=&#8221;no&#8221; type=&#8221;full_width&#8221; angled_section=&#8221;no&#8221; text_align=&#8221;left&#8221; background_image_as_pattern=&#8221;without_pattern&#8221; z_index=&#8221;&#8221; padding_top=&#8221;20&#8243; anchor=&#8221;why_we_have_a_code_of_business_conduct&#8221;][vc_column width=&#8221;2\/3&#8243; el_class=&#8221;purpose_values&#8221; css=&#8221;.vc_custom_1615524809511{padding-bottom: 30px !important;}&#8221;][vc_column_text] AN CH\u00daIS GO BHFUIL C\u00d3D IOMPAIR GHN\u00d3 AGAINN&#8230;<\/p>\n","protected":false},"author":1,"featured_media":0,"parent":0,"menu_order":2,"comment_status":"closed","ping_status":"closed","template":"","meta":{"inline_featured_image":false,"footnotes":""},"class_list":["post-2105","page","type-page","status-publish","hentry"],"yoast_head":"<!-- This site is optimized with the Yoast SEO plugin v25.8 - https:\/\/yoast.com\/wordpress\/plugins\/seo\/ -->\n<title>\u00c1R gC\u00d3D - Equinix Code of Business Conduct<\/title>\n<meta name=\"robots\" content=\"index, follow, max-snippet:-1, max-image-preview:large, max-video-preview:-1\" \/>\n<link rel=\"canonical\" href=\"https:\/\/169.254.129.2\/our-code\/\" \/>\n<meta property=\"og:locale\" content=\"ga_IE\" \/>\n<meta property=\"og:type\" content=\"article\" \/>\n<meta property=\"og:title\" content=\"\u00c1R gC\u00d3D - Equinix Code of Business Conduct\" \/>\n<meta property=\"og:description\" content=\"[vc_row css_animation=&#8221;&#8221; row_type=&#8221;row&#8221; use_row_as_full_screen_section=&#8221;no&#8221; type=&#8221;full_width&#8221; angled_section=&#8221;no&#8221; text_align=&#8221;left&#8221; background_image_as_pattern=&#8221;without_pattern&#8221;][vc_column][vc_single_image image=&#8221;2108&#8243; img_size=&#8221;full&#8221; qode_css_animation=&#8221;&#8221;][vc_empty_space height=&#8221;8px&#8221;][vc_column_text] \u00c1R gC\u00d3D Iompar eitici\u00fail a thuiscint agus glacadh leis [\/vc_column_text][\/vc_column][\/vc_row][vc_row css_animation=&#8221;&#8221; row_type=&#8221;row&#8221; use_row_as_full_screen_section=&#8221;no&#8221; type=&#8221;full_width&#8221; angled_section=&#8221;no&#8221; text_align=&#8221;left&#8221; background_image_as_pattern=&#8221;without_pattern&#8221; z_index=&#8221;&#8221; padding_top=&#8221;20&#8243; anchor=&#8221;why_we_have_a_code_of_business_conduct&#8221;][vc_column width=&#8221;2\/3&#8243; el_class=&#8221;purpose_values&#8221; css=&#8221;.vc_custom_1615524809511{padding-bottom: 30px !important;}&#8221;][vc_column_text] AN CH\u00daIS GO BHFUIL C\u00d3D IOMPAIR GHN\u00d3 AGAINN...\" \/>\n<meta property=\"og:url\" content=\"https:\/\/169.254.129.2\/our-code\/\" \/>\n<meta property=\"og:site_name\" content=\"Equinix Code of Business Conduct\" \/>\n<meta property=\"article:modified_time\" content=\"2021-10-20T23:27:43+00:00\" \/>\n<meta name=\"twitter:card\" content=\"summary_large_image\" \/>\n<meta name=\"twitter:label1\" content=\"Est. reading time\" \/>\n\t<meta name=\"twitter:data1\" content=\"4 minutes\" \/>\n<script type=\"application\/ld+json\" class=\"yoast-schema-graph\">{\"@context\":\"https:\/\/schema.org\",\"@graph\":[{\"@type\":\"WebPage\",\"@id\":\"https:\/\/169.254.129.2\/our-code\/\",\"url\":\"https:\/\/169.254.129.2\/our-code\/\",\"name\":\"\u00c1R gC\u00d3D - Equinix Code of Business Conduct\",\"isPartOf\":{\"@id\":\"https:\/\/cobc-prod.azurewebsites.net\/#website\"},\"datePublished\":\"2021-03-10T06:20:30+00:00\",\"dateModified\":\"2021-10-20T23:27:43+00:00\",\"breadcrumb\":{\"@id\":\"https:\/\/169.254.129.2\/our-code\/#breadcrumb\"},\"inLanguage\":\"ga-IE\",\"potentialAction\":[{\"@type\":\"ReadAction\",\"target\":[\"https:\/\/169.254.129.2\/our-code\/\"]}]},{\"@type\":\"BreadcrumbList\",\"@id\":\"https:\/\/169.254.129.2\/our-code\/#breadcrumb\",\"itemListElement\":[{\"@type\":\"ListItem\",\"position\":1,\"name\":\"Home\",\"item\":\"https:\/\/codeofbusinessconduct.equinix.com\/ga\/\"},{\"@type\":\"ListItem\",\"position\":2,\"name\":\"\u00c1R gC\u00d3D\"}]},{\"@type\":\"WebSite\",\"@id\":\"https:\/\/cobc-prod.azurewebsites.net\/#website\",\"url\":\"https:\/\/cobc-prod.azurewebsites.net\/\",\"name\":\"Equinix Code of Business Conduct\",\"description\":\"\",\"potentialAction\":[{\"@type\":\"SearchAction\",\"target\":{\"@type\":\"EntryPoint\",\"urlTemplate\":\"https:\/\/cobc-prod.azurewebsites.net\/?s={search_term_string}\"},\"query-input\":{\"@type\":\"PropertyValueSpecification\",\"valueRequired\":true,\"valueName\":\"search_term_string\"}}],\"inLanguage\":\"ga-IE\"}]}<\/script>\n<!-- \/ Yoast SEO plugin. -->","yoast_head_json":{"title":"\u00c1R gC\u00d3D - Equinix Code of Business Conduct","robots":{"index":"index","follow":"follow","max-snippet":"max-snippet:-1","max-image-preview":"max-image-preview:large","max-video-preview":"max-video-preview:-1"},"canonical":"https:\/\/169.254.129.2\/our-code\/","og_locale":"ga_IE","og_type":"article","og_title":"\u00c1R gC\u00d3D - Equinix Code of Business Conduct","og_description":"[vc_row css_animation=&#8221;&#8221; row_type=&#8221;row&#8221; use_row_as_full_screen_section=&#8221;no&#8221; type=&#8221;full_width&#8221; angled_section=&#8221;no&#8221; text_align=&#8221;left&#8221; background_image_as_pattern=&#8221;without_pattern&#8221;][vc_column][vc_single_image image=&#8221;2108&#8243; img_size=&#8221;full&#8221; qode_css_animation=&#8221;&#8221;][vc_empty_space height=&#8221;8px&#8221;][vc_column_text] \u00c1R gC\u00d3D Iompar eitici\u00fail a thuiscint agus glacadh leis [\/vc_column_text][\/vc_column][\/vc_row][vc_row css_animation=&#8221;&#8221; row_type=&#8221;row&#8221; use_row_as_full_screen_section=&#8221;no&#8221; type=&#8221;full_width&#8221; angled_section=&#8221;no&#8221; text_align=&#8221;left&#8221; background_image_as_pattern=&#8221;without_pattern&#8221; z_index=&#8221;&#8221; padding_top=&#8221;20&#8243; anchor=&#8221;why_we_have_a_code_of_business_conduct&#8221;][vc_column width=&#8221;2\/3&#8243; el_class=&#8221;purpose_values&#8221; css=&#8221;.vc_custom_1615524809511{padding-bottom: 30px !important;}&#8221;][vc_column_text] AN CH\u00daIS GO BHFUIL C\u00d3D IOMPAIR GHN\u00d3 AGAINN...","og_url":"https:\/\/169.254.129.2\/our-code\/","og_site_name":"Equinix Code of Business Conduct","article_modified_time":"2021-10-20T23:27:43+00:00","twitter_card":"summary_large_image","twitter_misc":{"Est. reading time":"4 minutes"},"schema":{"@context":"https:\/\/schema.org","@graph":[{"@type":"WebPage","@id":"https:\/\/169.254.129.2\/our-code\/","url":"https:\/\/169.254.129.2\/our-code\/","name":"\u00c1R gC\u00d3D - Equinix Code of Business Conduct","isPartOf":{"@id":"https:\/\/cobc-prod.azurewebsites.net\/#website"},"datePublished":"2021-03-10T06:20:30+00:00","dateModified":"2021-10-20T23:27:43+00:00","breadcrumb":{"@id":"https:\/\/169.254.129.2\/our-code\/#breadcrumb"},"inLanguage":"ga-IE","potentialAction":[{"@type":"ReadAction","target":["https:\/\/169.254.129.2\/our-code\/"]}]},{"@type":"BreadcrumbList","@id":"https:\/\/169.254.129.2\/our-code\/#breadcrumb","itemListElement":[{"@type":"ListItem","position":1,"name":"Home","item":"https:\/\/codeofbusinessconduct.equinix.com\/ga\/"},{"@type":"ListItem","position":2,"name":"\u00c1R gC\u00d3D"}]},{"@type":"WebSite","@id":"https:\/\/cobc-prod.azurewebsites.net\/#website","url":"https:\/\/cobc-prod.azurewebsites.net\/","name":"Equinix Code of Business Conduct","description":"","potentialAction":[{"@type":"SearchAction","target":{"@type":"EntryPoint","urlTemplate":"https:\/\/cobc-prod.azurewebsites.net\/?s={search_term_string}"},"query-input":{"@type":"PropertyValueSpecification","valueRequired":true,"valueName":"search_term_string"}}],"inLanguage":"ga-IE"}]}},"_links":{"self":[{"href":"https:\/\/codeofbusinessconduct.equinix.com\/ga\/wp-json\/wp\/v2\/pages\/2105","targetHints":{"allow":["GET"]}}],"collection":[{"href":"https:\/\/codeofbusinessconduct.equinix.com\/ga\/wp-json\/wp\/v2\/pages"}],"about":[{"href":"https:\/\/codeofbusinessconduct.equinix.com\/ga\/wp-json\/wp\/v2\/types\/page"}],"author":[{"embeddable":true,"href":"https:\/\/codeofbusinessconduct.equinix.com\/ga\/wp-json\/wp\/v2\/users\/1"}],"replies":[{"embeddable":true,"href":"https:\/\/codeofbusinessconduct.equinix.com\/ga\/wp-json\/wp\/v2\/comments?post=2105"}],"version-history":[{"count":7,"href":"https:\/\/codeofbusinessconduct.equinix.com\/ga\/wp-json\/wp\/v2\/pages\/2105\/revisions"}],"predecessor-version":[{"id":2248,"href":"https:\/\/codeofbusinessconduct.equinix.com\/ga\/wp-json\/wp\/v2\/pages\/2105\/revisions\/2248"}],"wp:attachment":[{"href":"https:\/\/codeofbusinessconduct.equinix.com\/ga\/wp-json\/wp\/v2\/media?parent=2105"}],"curies":[{"name":"wp","href":"https:\/\/api.w.org\/{rel}","templated":true}]}}