{"id":2085,"date":"2021-03-10T05:32:20","date_gmt":"2021-03-10T05:32:20","guid":{"rendered":"https:\/\/codeofbusinessconduct.equinix.com\/homepage\/"},"modified":"2022-03-25T22:55:03","modified_gmt":"2022-03-25T22:55:03","slug":"homepage","status":"publish","type":"page","link":"https:\/\/codeofbusinessconduct.equinix.com\/ga\/","title":{"rendered":"Homepage"},"content":{"rendered":"<section class=\"wpb-content-wrapper\"><p>[vc_row css_animation=&#8221;&#8221; row_type=&#8221;row&#8221; use_row_as_full_screen_section=&#8221;no&#8221; type=&#8221;full_width&#8221; angled_section=&#8221;no&#8221; text_align=&#8221;center&#8221; background_image_as_pattern=&#8221;without_pattern&#8221; z_index=&#8221;&#8221; background_image=&#8221;469&#8243; el_class=&#8221;slider-image&#8221;][vc_column][vc_column_text]<\/p>\n<h1>C\u00d3D IOMPAIR GHN\u00d3 EQUINIX<\/h1>\n<p>[\/vc_column_text][\/vc_column][\/vc_row][vc_row css_animation=&#8221;&#8221; row_type=&#8221;row&#8221; use_row_as_full_screen_section=&#8221;no&#8221; type=&#8221;grid&#8221; angled_section=&#8221;no&#8221; text_align=&#8221;left&#8221; background_image_as_pattern=&#8221;without_pattern&#8221; z_index=&#8221;&#8221; padding_top=&#8221;50&#8243; padding_bottom=&#8221;32&#8243; el_class=&#8221;our-message&#8221;][vc_column width=&#8221;2\/3&#8243;][vc_single_image image=&#8221;2093&#8243; img_size=&#8221;full&#8221; qode_css_animation=&#8221;&#8221;][vc_empty_space height=&#8221;8px&#8221;][vc_column_text]<\/p>\n<h3>\u00c1R dTEACHTAIREACHT<\/h3>\n<div class=\"lead\">Le Charles Meyers agus Peter Van Camp<\/div>\n<p>A Chomhoibrithe uaisle,<\/p>\n<p>Ag Equinix t\u00e1imid go l\u00e9ir ag obair le ch\u00e9ilechun eagra\u00edocht a choth\u00fa at\u00e1 sonraithe tr\u00edna mac\u00e1ntacht, ionracas agus a hiompar at\u00e1 eitici\u00fail gan teip. T\u00e1 \u00e1r ngn\u00f3 difre\u00e1ilte de bharr \u00e1r dtiomantas do na caighde\u00e1in ghn\u00f3 is airde agus d&#8217;iompar gairmi\u00fail sa tsl\u00ed ch\u00e9anna agus at\u00e1 s\u00e9 de bharr \u00e1r gcuid teicneola\u00edochta. Is \u00e9 \u00e1r nd\u00edograis chun cuideachta bhuansheasmhach mhaith a chruth\u00fa agus is \u00e9 \u00e1r ngealltanas \u00e9 sin a bhaint amach le mac\u00e1ntacht agus tiomantas diongbh\u00e1ilte do chleachtais ghn\u00f3 eitici\u00fala.<\/p>\n<p>Mar chuidreachta dhomhanda glacaimid le mac\u00e1ntacht agus ionracas de bharr gur ceart \u00e9 sin a dh\u00e9anamh, go bun\u00fasach, mar lena chois sin, t\u00e1 ciall ghn\u00f3 mhaith in iompar eitici\u00fail. T\u00e1 ionracas agus luachanna eitici\u00fala i gcro\u00edl\u00e1r \u00e1r ngn\u00f3 agus is eol d\u00e1r gcustaim\u00e9ir\u00ed agus d\u00e1r gcomhph\u00e1irtithe gur f\u00e9idir leo muin\u00edn a chur in\u00e1r gCuideachta agus sna t\u00e1irg\u00ed agus seirbh\u00eds\u00ed a chuirimid ar f\u00e1il.<\/p>\n<p>L\u00e9ir\u00edonn \u00e1r gCod Iompair Ghn\u00f3 \u00e1r gcuid luachanna agus caighde\u00e1in eitici\u00fala agus d\u00e9anann s\u00e9 doicim\u00e9ad\u00fa orthu. Tugann s\u00e9 an t-eolas, na hacmhainn\u00ed agus na huirlis\u00ed d\u00fainn at\u00e1 riachtanach chun caighde\u00e1in shoil\u00e9ire bhuansheasmhacha dhomhanda a chur ar bun d&#8217;iompar gn\u00f3 eitici\u00fail agus do gh\u00e9illi\u00falacht do dhl\u00edthe. T\u00e1thar ag s\u00fail uainn go l\u00e9ir go bhfuil an C\u00f3d ar eolas againn agus go n-\u00fas\u00e1ifimid \u00e9 chun sinn a threor\u00fa in\u00e1r gcuid idirghn\u00edomha\u00edochta\u00ed laeth\u00fala. T\u00e1 s\u00e9 beartaithe mar ch\u00fanamh d\u00fainn na roghanna cearta a dh\u00e9anamh nuair a thugaimid aghaidh ar ch\u00e1sanna eitici\u00fala a chuireann d\u00fashl\u00e1nf\u00fainn.<\/p>\n<p>Mar fhostaithe Equinix t\u00e1 de cheart againn agus d&#8217;fhreagracht orainn go l\u00e9ir cult\u00far \u00e1r gCuideachta a chosaint ar iompar ar bith a chuireann \u00e1r gcuid luachanna i mbaol agus a dh\u00e9anann d\u00edobh\u00e1il d\u00e1r gcl\u00fa. Is \u00e1it speisialta chun obair ann \u00e9 Equinix toisc go bhfuilmid ag s\u00fail \u00f3na ch\u00e9ile \u00e1r gcuid luachannaa churi ngn\u00edomhin\u00e1r saol. M\u00e1 t\u00e1 ceist agat n\u00f3 m\u00e1 t\u00e1 aon imn\u00ed ort cho\u00edche go bhfuil \u00e1r gC\u00f3diompair \u00e1 sh\u00e1r\u00fa, cuirin i\u00fal \u00e9, le do thoil.Ba ch\u00f3ir duit labhairt le do bhainisteoir, le hOifigeach Comhl\u00edontach\u00e1in Equinix, leis an bPr\u00edomh- Oifigeach Dl\u00ed n\u00f3 leis an bPr\u00edomh-Oifigeach Acmhainn\u00ed Daonna. Lena chois sin is f\u00e9idir leat tuairisc gan ainma thabhairt ach \u00e1r bhfoirmeitice arl\u00ednen\u00f3 \u00e1r seirbh\u00eds f\u00f3n ilteangacha \u00fas\u00e1id.<\/p>\n<p>Anseo ag Equinix is c\u00fais m\u00f3rtais d\u00fainn gur daoine sinn at\u00e1 eitici\u00fail, gn\u00edomhach agus cumasaithe. Mar is iad \u00e1r ndaoine agus \u00e1r gcult\u00far a chuir Equinix san \u00e1it tosaigh ina bhfuil s\u00e9 sa l\u00e1 at\u00e1 inniu ann agus is iad an bun\u00fas a chinnteoidh a bhfuil i nd\u00e1n d\u00fainn.[\/vc_column_text][\/vc_column][vc_column width=&#8221;1\/3&#8243; el_class=&#8221;chief-images&#8221;][vc_single_image image=&#8221;2086&#8243; img_size=&#8221;380&#215;257&#8243; qode_css_animation=&#8221;&#8221;][vc_single_image image=&#8221;2088&#8243; img_size=&#8221;full&#8221; qode_css_animation=&#8221;&#8221;][vc_column_text el_class=&#8221;team_header&#8221;]<strong>Charles Meyers<\/strong><br \/>\nPr\u00edomhfheidhmeannach[\/vc_column_text][vc_empty_space height=&#8221;30px&#8221;][vc_single_image image=&#8221;2089&#8243; img_size=&#8221;full&#8221; qode_css_animation=&#8221;&#8221;][vc_single_image image=&#8221;2090&#8243; img_size=&#8221;full&#8221; qode_css_animation=&#8221;&#8221;][vc_column_text el_class=&#8221;team_header&#8221;]<strong>Peter Van Camp<\/strong><br \/>\nCathaoirleach Feidhmi\u00fach\u00e1in[\/vc_column_text][\/vc_column][\/vc_row][vc_row css_animation=&#8221;&#8221; row_type=&#8221;row&#8221; use_row_as_full_screen_section=&#8221;yes&#8221; type=&#8221;grid&#8221; angled_section=&#8221;no&#8221; text_align=&#8221;left&#8221; background_image_as_pattern=&#8221;without_pattern&#8221; z_index=&#8221;&#8221; background_color=&#8221;#eeeeee&#8221; padding_top=&#8221;34&#8243; padding_bottom=&#8221;68&#8243; el_class=&#8221;table-of-contents&#8221;][vc_column][vc_column_text]<\/p>\n<h3>Cl\u00e1r \u00e1bhair<\/h3>\n<p>[\/vc_column_text][vc_row_inner row_type=&#8221;row&#8221; type=&#8221;full_width&#8221; text_align=&#8221;left&#8221; css_animation=&#8221;&#8221;][vc_column_inner width=&#8221;1\/2&#8243;][vc_column_text]<a class=\"anchor\" href=\"#Our_Purpose_and_Values\"><strong>\u00c1R R\u00daN, \u00c1R bhF\u00cdS AGUS \u00c1R LUACHANNA<\/strong><\/a><\/p>\n<p><a href=\"https:\/\/codeofbusinessconduct.equinix.com\/ga\/our-code\"><strong>\u00c1R gC\u00d3D<\/strong><\/a><\/p>\n<ul>\n<li><a href=\"https:\/\/codeofbusinessconduct.equinix.com\/ga\/our-code\/#why_we_have_a_code_of_business_conduct\">C\u00e9n f\u00e1th at\u00e1 C\u00f3d Iompair Ghn\u00f3 againn?<\/a><\/li>\n<li><a href=\"https:\/\/codeofbusinessconduct.equinix.com\/ga\/our-code\/#who_is_required_to_follow_our_code\">C\u00e9 hiad na Daoine a bhfuil orthu Clo\u00ed len\u00e1r gC\u00f3d?<\/a><\/li>\n<li><a href=\"https:\/\/codeofbusinessconduct.equinix.com\/ga\/our-code\/#ethics_in_action:_what_our_code_means_for_you\">Eitic i mbun Gn\u00edmh: Mar a bhaineann \u00e1r gC\u00f3d leatsa<\/a><\/li>\n<\/ul>\n<p><a href=\"https:\/\/codeofbusinessconduct.equinix.com\/ga\/our-people\"><strong>\u00c1R gCUID DAOINE<\/strong><\/a><\/p>\n<ul>\n<li><a href=\"https:\/\/codeofbusinessconduct.equinix.com\/ga\/our-people\/#diversity\">\u00c9ags\u00falacht<\/a><\/li>\n<li><a href=\"https:\/\/codeofbusinessconduct.equinix.com\/ga\/our-people\/#dignity_and_respect\">D\u00ednit agus Meas<\/a><\/li>\n<li><a href=\"https:\/\/codeofbusinessconduct.equinix.com\/ga\/our-people\/#safety\">S\u00e1bh\u00e1ilteacht<\/a><\/li>\n<\/ul>\n<p><a href=\"https:\/\/codeofbusinessconduct.equinix.com\/ga\/our-business-relationships\"><strong>\u00c1R gCUID caidrimh ghn\u00f3<\/strong><\/a><\/p>\n<ul>\n<li><a href=\"https:\/\/codeofbusinessconduct.equinix.com\/ga\/our-business-relationships\/#Conflicts_of_interest\">Coimhlint\u00ed Leasa<\/a><\/li>\n<li><a href=\"https:\/\/codeofbusinessconduct.equinix.com\/ga\/our-business-relationships\/#Gifts_and_entertainment\">Bronntanais agus Siamsa\u00edocht<\/a><\/li>\n<li><a href=\"https:\/\/codeofbusinessconduct.equinix.com\/ga\/our-business-relationships\/#Prohibited_payments_and_gifts_to_government_personnel\">\u00cdoca\u00edochta\u00ed agus Bronntanais do Phearsanra an Rialtais nach bhfuil ceadaithe<\/a><\/li>\n<li><a href=\"https:\/\/codeofbusinessconduct.equinix.com\/ga\/our-business-relationships\/#Protecting_our_reputation_and_property\">\u00c1r gCl\u00fa agus \u00e1r Maoin a chosaint<\/a><\/li>\n<li><a href=\"https:\/\/codeofbusinessconduct.equinix.com\/ga\/our-business-relationships\/#Speaking_on_behalf_of_our_company\">Labhairt thar Ceann \u00e1r gCuideachta<\/a><\/li>\n<\/ul>\n<p>[\/vc_column_text][\/vc_column_inner][vc_column_inner width=&#8221;1\/2&#8243;][vc_column_text]<a href=\"https:\/\/codeofbusinessconduct.equinix.com\/ga\/our-commitment-to-the-law\/#Competition_and_fair_dealing\"><strong>\u00c1R dTIOMANTAS DON DL\u00cd<\/strong><\/a><\/p>\n<ul>\n<li><a href=\"https:\/\/codeofbusinessconduct.equinix.com\/ga\/our-commitment-to-the-law\/#Competition_and_fair_dealing\">Ioma\u00edocht agus D\u00e9ile\u00e1il Chothrom Ch\u00f3ir<\/a><\/li>\n<li><a href=\"https:\/\/codeofbusinessconduct.equinix.com\/ga\/our-commitment-to-the-law\/#Daily_privacy\">Pr\u00edobh\u00e1ideachas Sonra\u00ed<\/a><\/li>\n<li><a href=\"https:\/\/codeofbusinessconduct.equinix.com\/ga\/our-commitment-to-the-law\/#Anti-bribery_and_corruption\">Frith-Bhrabaireacht agus Frith-\u00c9illitheacht<\/a><\/li>\n<li><a href=\"https:\/\/codeofbusinessconduct.equinix.com\/ga\/our-commitment-to-the-law\/#Intellectual_property\">Maoin Intleacht\u00fail<\/a><\/li>\n<li><a href=\"https:\/\/codeofbusinessconduct.equinix.com\/ga\/our-commitment-to-the-law\/#Inside_information_and_securities_trading\">Faisn\u00e9is Inmhe\u00e1nach agus Tr\u00e1d\u00e1il Urr\u00fas<\/a><\/li>\n<\/ul>\n<p><a href=\"https:\/\/codeofbusinessconduct.equinix.com\/ga\/our-community\/\"><strong>\u00c1R bPOBAL<\/strong><\/a><\/p>\n<ul>\n<li><a href=\"https:\/\/codeofbusinessconduct.equinix.com\/ga\/our-community\/#Human_rights\">Cearta an Duine<\/a><\/li>\n<li><a href=\"https:\/\/codeofbusinessconduct.equinix.com\/ga\/our-community\/#Charitable_contributions\">Rann\u00edoca\u00edochta\u00ed Carthan\u00fala<\/a><\/li>\n<li><a href=\"https:\/\/codeofbusinessconduct.equinix.com\/ga\/our-community\/#Political_activities_and_contributions\">Gn\u00edomha\u00edochta\u00ed agus Rann\u00edoca\u00edochta\u00ed Polaiti\u00fala<\/a><\/li>\n<li><a href=\"https:\/\/codeofbusinessconduct.equinix.com\/ga\/our-community\/#The_environment\">An Comhshao<\/a><\/li>\n<\/ul>\n<p><a href=\"https:\/\/codeofbusinessconduct.equinix.com\/ga\/our-responsibility\"><strong>\u00c1R bhFREAGRACHT<\/strong><\/a><\/p>\n<ul>\n<li><a href=\"https:\/\/codeofbusinessconduct.equinix.com\/ga\/our-responsibility\/#Your_voice_matters\">Is t\u00e1bhachtach linn do Ghuth<\/a><\/li>\n<li><a href=\"https:\/\/codeofbusinessconduct.equinix.com\/ga\/our-responsibility\/#Ways_to_speak_up\">Slite chun do Thuairim a l\u00e9iri\u00fa<\/a><\/li>\n<li><a href=\"https:\/\/codeofbusinessconduct.equinix.com\/ga\/our-responsibility\/#Whistleblower_protection_policy\">Beartas chun Sceithir\u00ed achosaint<\/a><\/li>\n<li><a href=\"https:\/\/codeofbusinessconduct.equinix.com\/ga\/our-responsibility\/#Code_of_business_conduct_waivers\">Tarscaoileadh an Ch\u00f3id Iompair Ghn\u00f3<\/a><\/li>\n<\/ul>\n<p><a href=\"https:\/\/codeofbusinessconduct.equinix.com\/ga\/additional-resources\/\"><strong>ACMHAINN\u00cd BREISE<\/strong><\/a>[\/vc_column_text][\/vc_column_inner][\/vc_row_inner][\/vc_column][\/vc_row][vc_row css_animation=&#8221;&#8221; row_type=&#8221;row&#8221; use_row_as_full_screen_section=&#8221;no&#8221; type=&#8221;grid&#8221; angled_section=&#8221;no&#8221; text_align=&#8221;left&#8221; background_image_as_pattern=&#8221;without_pattern&#8221; z_index=&#8221;&#8221; padding_top=&#8221;32&#8243; padding_bottom=&#8221;50&#8243; el_class=&#8221;purpose_values our_space&#8221; anchor=&#8221;Our_Purpose_and_Values&#8221;][vc_column width=&#8221;1\/2&#8243; css=&#8221;.vc_custom_1615551557750{padding-bottom: 40px !important;}&#8221;][vc_single_image image=&#8221;2091&#8243; img_size=&#8221;full&#8221; alignment=&#8221;center&#8221; qode_css_animation=&#8221;&#8221; el_class=&#8221;w-100&#8243;][\/vc_column][vc_column width=&#8221;1\/2&#8243; css=&#8221;.vc_custom_1615792034246{padding-bottom: 40px !important;}&#8221;][vc_single_image image=&#8221;2092&#8243; img_size=&#8221;full&#8221; qode_css_animation=&#8221;&#8221;][vc_empty_space height=&#8221;8px&#8221;][vc_column_text]<\/p>\n<h3>\u00c1R R\u00daN, \u00c1R bhF\u00cdS AGUS \u00c1R gCUID LUACHANNA<\/h3>\n<div class=\"lead\">Gealltanas Equinix<\/div>\n<h4>\u00c1R R\u00daN<\/h4>\n<p>Is \u00e9 a dh\u00e9anaimid n\u00e1 an eacnama\u00edocht dhigiteach a chosaint, a nascadh agus a chumhacht\u00fa.<\/p>\n<h4>\u00c1R gCUID LUACHANNA<\/h4>\n<ul>\n<li>T\u00e1 muin\u00edn ag \u00e1r gcustaim\u00e9ir\u00ed ionainn go nd\u00e9anaimid de r\u00e9ir \u00e1r gcuid gealltanas.<\/li>\n<li>Is \u00e9 at\u00e1 i gceist ag Equinix go huile agus go hioml\u00e1n n\u00e1 daoine tiomanta a fh\u00e1gann cuntasacht ar a ch\u00e9ile as feidhm\u00edocht den ch\u00e9ad scoth.<\/li>\n<li>Is \u00e9 at\u00e1 i gceist ag Equinix go huile agus go hioml\u00e1n n\u00e1 daoine tiomanta a fh\u00e1gann cuntasacht ar a ch\u00e9ile as feidhm\u00edocht den ch\u00e9ad scoth.<\/li>\n<li>Anseo ag Equinix leagaimid s\u00edos caighde\u00e1in arda barrfheabhais.<\/li>\n<li>Is \u00e9 an ch\u00e9ad tosa\u00edocht at\u00e1 againn n\u00e1 an d\u00edograis at\u00e1 orainn cuideachta sheasmhach mhaith a chruth\u00fa.<\/li>\n<\/ul>\n<p>[\/vc_column_text][\/vc_column][\/vc_row]<\/p>\n<\/section>","protected":false},"excerpt":{"rendered":"<p>[vc_row css_animation=&#8221;&#8221; row_type=&#8221;row&#8221; use_row_as_full_screen_section=&#8221;no&#8221; type=&#8221;full_width&#8221; angled_section=&#8221;no&#8221; text_align=&#8221;center&#8221; background_image_as_pattern=&#8221;without_pattern&#8221; z_index=&#8221;&#8221; background_image=&#8221;469&#8243; el_class=&#8221;slider-image&#8221;][vc_column][vc_column_text] C\u00d3D IOMPAIR GHN\u00d3 EQUINIX [\/vc_column_text][\/vc_column][\/vc_row][vc_row css_animation=&#8221;&#8221; row_type=&#8221;row&#8221; use_row_as_full_screen_section=&#8221;no&#8221; type=&#8221;grid&#8221; angled_section=&#8221;no&#8221; text_align=&#8221;left&#8221; background_image_as_pattern=&#8221;without_pattern&#8221; z_index=&#8221;&#8221; padding_top=&#8221;50&#8243; padding_bottom=&#8221;32&#8243; el_class=&#8221;our-message&#8221;][vc_column width=&#8221;2\/3&#8243;][vc_single_image image=&#8221;2093&#8243; img_size=&#8221;full&#8221; qode_css_animation=&#8221;&#8221;][vc_empty_space height=&#8221;8px&#8221;][vc_column_text] \u00c1R dTEACHTAIREACHT Le Charles Meyers agus Peter Van Camp A Chomhoibrithe uaisle, Ag&#8230;<\/p>\n","protected":false},"author":1,"featured_media":0,"parent":0,"menu_order":1,"comment_status":"closed","ping_status":"closed","template":"full_width.php","meta":{"inline_featured_image":false,"footnotes":""},"class_list":["post-2085","page","type-page","status-publish","hentry"],"yoast_head":"<!-- This site is optimized with the Yoast SEO plugin v25.8 - https:\/\/yoast.com\/wordpress\/plugins\/seo\/ -->\n<title>Homepage - Equinix Code of Business Conduct<\/title>\n<meta name=\"robots\" content=\"index, follow, max-snippet:-1, max-image-preview:large, max-video-preview:-1\" \/>\n<link rel=\"canonical\" href=\"https:\/\/codeofbusinessconduct.equinix.com\/ga\/\" \/>\n<meta property=\"og:locale\" content=\"ga_IE\" \/>\n<meta property=\"og:type\" content=\"article\" \/>\n<meta property=\"og:title\" content=\"Homepage - Equinix Code of Business Conduct\" \/>\n<meta property=\"og:description\" content=\"[vc_row css_animation=&#8221;&#8221; row_type=&#8221;row&#8221; use_row_as_full_screen_section=&#8221;no&#8221; type=&#8221;full_width&#8221; angled_section=&#8221;no&#8221; text_align=&#8221;center&#8221; background_image_as_pattern=&#8221;without_pattern&#8221; z_index=&#8221;&#8221; background_image=&#8221;469&#8243; el_class=&#8221;slider-image&#8221;][vc_column][vc_column_text] C\u00d3D IOMPAIR GHN\u00d3 EQUINIX [\/vc_column_text][\/vc_column][\/vc_row][vc_row css_animation=&#8221;&#8221; row_type=&#8221;row&#8221; use_row_as_full_screen_section=&#8221;no&#8221; type=&#8221;grid&#8221; angled_section=&#8221;no&#8221; text_align=&#8221;left&#8221; background_image_as_pattern=&#8221;without_pattern&#8221; z_index=&#8221;&#8221; padding_top=&#8221;50&#8243; padding_bottom=&#8221;32&#8243; el_class=&#8221;our-message&#8221;][vc_column width=&#8221;2\/3&#8243;][vc_single_image image=&#8221;2093&#8243; img_size=&#8221;full&#8221; qode_css_animation=&#8221;&#8221;][vc_empty_space height=&#8221;8px&#8221;][vc_column_text] \u00c1R dTEACHTAIREACHT Le Charles Meyers agus Peter Van Camp A Chomhoibrithe uaisle, Ag...\" \/>\n<meta property=\"og:url\" content=\"https:\/\/codeofbusinessconduct.equinix.com\/ga\/\" \/>\n<meta property=\"og:site_name\" content=\"Equinix Code of Business Conduct\" \/>\n<meta property=\"article:modified_time\" content=\"2022-03-25T22:55:03+00:00\" \/>\n<meta name=\"twitter:card\" content=\"summary_large_image\" \/>\n<meta name=\"twitter:label1\" content=\"Est. reading time\" \/>\n\t<meta name=\"twitter:data1\" content=\"6 minutes\" \/>\n<script type=\"application\/ld+json\" class=\"yoast-schema-graph\">{\"@context\":\"https:\/\/schema.org\",\"@graph\":[{\"@type\":\"WebPage\",\"@id\":\"https:\/\/codeofbusinessconduct.equinix.com\/ga\/\",\"url\":\"https:\/\/codeofbusinessconduct.equinix.com\/ga\/\",\"name\":\"Homepage - Equinix Code of Business Conduct\",\"isPartOf\":{\"@id\":\"https:\/\/cobc-prod.azurewebsites.net\/#website\"},\"datePublished\":\"2021-03-10T05:32:20+00:00\",\"dateModified\":\"2022-03-25T22:55:03+00:00\",\"breadcrumb\":{\"@id\":\"https:\/\/codeofbusinessconduct.equinix.com\/ga\/#breadcrumb\"},\"inLanguage\":\"ga-IE\",\"potentialAction\":[{\"@type\":\"ReadAction\",\"target\":[\"https:\/\/codeofbusinessconduct.equinix.com\/ga\/\"]}]},{\"@type\":\"BreadcrumbList\",\"@id\":\"https:\/\/codeofbusinessconduct.equinix.com\/ga\/#breadcrumb\",\"itemListElement\":[{\"@type\":\"ListItem\",\"position\":1,\"name\":\"Home\",\"item\":\"https:\/\/codeofbusinessconduct.equinix.com\/ga\/\"},{\"@type\":\"ListItem\",\"position\":2,\"name\":\"Homepage\"}]},{\"@type\":\"WebSite\",\"@id\":\"https:\/\/cobc-prod.azurewebsites.net\/#website\",\"url\":\"https:\/\/cobc-prod.azurewebsites.net\/\",\"name\":\"Equinix Code of Business Conduct\",\"description\":\"\",\"potentialAction\":[{\"@type\":\"SearchAction\",\"target\":{\"@type\":\"EntryPoint\",\"urlTemplate\":\"https:\/\/cobc-prod.azurewebsites.net\/?s={search_term_string}\"},\"query-input\":{\"@type\":\"PropertyValueSpecification\",\"valueRequired\":true,\"valueName\":\"search_term_string\"}}],\"inLanguage\":\"ga-IE\"}]}<\/script>\n<!-- \/ Yoast SEO plugin. -->","yoast_head_json":{"title":"Homepage - Equinix Code of Business Conduct","robots":{"index":"index","follow":"follow","max-snippet":"max-snippet:-1","max-image-preview":"max-image-preview:large","max-video-preview":"max-video-preview:-1"},"canonical":"https:\/\/codeofbusinessconduct.equinix.com\/ga\/","og_locale":"ga_IE","og_type":"article","og_title":"Homepage - Equinix Code of Business Conduct","og_description":"[vc_row css_animation=&#8221;&#8221; row_type=&#8221;row&#8221; use_row_as_full_screen_section=&#8221;no&#8221; type=&#8221;full_width&#8221; angled_section=&#8221;no&#8221; text_align=&#8221;center&#8221; background_image_as_pattern=&#8221;without_pattern&#8221; z_index=&#8221;&#8221; background_image=&#8221;469&#8243; el_class=&#8221;slider-image&#8221;][vc_column][vc_column_text] C\u00d3D IOMPAIR GHN\u00d3 EQUINIX [\/vc_column_text][\/vc_column][\/vc_row][vc_row css_animation=&#8221;&#8221; row_type=&#8221;row&#8221; use_row_as_full_screen_section=&#8221;no&#8221; type=&#8221;grid&#8221; angled_section=&#8221;no&#8221; text_align=&#8221;left&#8221; background_image_as_pattern=&#8221;without_pattern&#8221; z_index=&#8221;&#8221; padding_top=&#8221;50&#8243; padding_bottom=&#8221;32&#8243; el_class=&#8221;our-message&#8221;][vc_column width=&#8221;2\/3&#8243;][vc_single_image image=&#8221;2093&#8243; img_size=&#8221;full&#8221; qode_css_animation=&#8221;&#8221;][vc_empty_space height=&#8221;8px&#8221;][vc_column_text] \u00c1R dTEACHTAIREACHT Le Charles Meyers agus Peter Van Camp A Chomhoibrithe uaisle, Ag...","og_url":"https:\/\/codeofbusinessconduct.equinix.com\/ga\/","og_site_name":"Equinix Code of Business Conduct","article_modified_time":"2022-03-25T22:55:03+00:00","twitter_card":"summary_large_image","twitter_misc":{"Est. reading time":"6 minutes"},"schema":{"@context":"https:\/\/schema.org","@graph":[{"@type":"WebPage","@id":"https:\/\/codeofbusinessconduct.equinix.com\/ga\/","url":"https:\/\/codeofbusinessconduct.equinix.com\/ga\/","name":"Homepage - Equinix Code of Business Conduct","isPartOf":{"@id":"https:\/\/cobc-prod.azurewebsites.net\/#website"},"datePublished":"2021-03-10T05:32:20+00:00","dateModified":"2022-03-25T22:55:03+00:00","breadcrumb":{"@id":"https:\/\/codeofbusinessconduct.equinix.com\/ga\/#breadcrumb"},"inLanguage":"ga-IE","potentialAction":[{"@type":"ReadAction","target":["https:\/\/codeofbusinessconduct.equinix.com\/ga\/"]}]},{"@type":"BreadcrumbList","@id":"https:\/\/codeofbusinessconduct.equinix.com\/ga\/#breadcrumb","itemListElement":[{"@type":"ListItem","position":1,"name":"Home","item":"https:\/\/codeofbusinessconduct.equinix.com\/ga\/"},{"@type":"ListItem","position":2,"name":"Homepage"}]},{"@type":"WebSite","@id":"https:\/\/cobc-prod.azurewebsites.net\/#website","url":"https:\/\/cobc-prod.azurewebsites.net\/","name":"Equinix Code of Business Conduct","description":"","potentialAction":[{"@type":"SearchAction","target":{"@type":"EntryPoint","urlTemplate":"https:\/\/cobc-prod.azurewebsites.net\/?s={search_term_string}"},"query-input":{"@type":"PropertyValueSpecification","valueRequired":true,"valueName":"search_term_string"}}],"inLanguage":"ga-IE"}]}},"_links":{"self":[{"href":"https:\/\/codeofbusinessconduct.equinix.com\/ga\/wp-json\/wp\/v2\/pages\/2085","targetHints":{"allow":["GET"]}}],"collection":[{"href":"https:\/\/codeofbusinessconduct.equinix.com\/ga\/wp-json\/wp\/v2\/pages"}],"about":[{"href":"https:\/\/codeofbusinessconduct.equinix.com\/ga\/wp-json\/wp\/v2\/types\/page"}],"author":[{"embeddable":true,"href":"https:\/\/codeofbusinessconduct.equinix.com\/ga\/wp-json\/wp\/v2\/users\/1"}],"replies":[{"embeddable":true,"href":"https:\/\/codeofbusinessconduct.equinix.com\/ga\/wp-json\/wp\/v2\/comments?post=2085"}],"version-history":[{"count":11,"href":"https:\/\/codeofbusinessconduct.equinix.com\/ga\/wp-json\/wp\/v2\/pages\/2085\/revisions"}],"predecessor-version":[{"id":4331,"href":"https:\/\/codeofbusinessconduct.equinix.com\/ga\/wp-json\/wp\/v2\/pages\/2085\/revisions\/4331"}],"wp:attachment":[{"href":"https:\/\/codeofbusinessconduct.equinix.com\/ga\/wp-json\/wp\/v2\/media?parent=2085"}],"curies":[{"name":"wp","href":"https:\/\/api.w.org\/{rel}","templated":true}]}}