{"id":589,"date":"2021-03-10T06:21:42","date_gmt":"2021-03-10T06:21:42","guid":{"rendered":"https:\/\/codeofbusinessconduct.equinix.com\/our-community\/"},"modified":"2025-12-15T08:48:04","modified_gmt":"2025-12-15T08:48:04","slug":"our-community","status":"publish","type":"page","link":"https:\/\/codeofbusinessconduct.equinix.com\/fr\/our-community\/","title":{"rendered":"NOTRE COMMUNAUT\u00c9"},"content":{"rendered":"<section class=\"wpb-content-wrapper\"><p>[vc_row css_animation=&#8221;&#8221; row_type=&#8221;row&#8221; use_row_as_full_screen_section=&#8221;no&#8221; type=&#8221;full_width&#8221; angled_section=&#8221;no&#8221; text_align=&#8221;left&#8221; background_image_as_pattern=&#8221;without_pattern&#8221;][vc_column][vc_single_image image=&#8221;4106&#8243; img_size=&#8221;full&#8221; qode_css_animation=&#8221;&#8221;][vc_empty_space height=&#8221;8px&#8221;][vc_column_text]<\/p>\n<h3>NOTRE COMMUNAUT\u00c9<\/h3>\n<div class=\"lead\">Faire une diff\u00e9rence positive dans nos communaut\u00e9s et dans le monde entier<\/div>\n<p>[\/vc_column_text][\/vc_column][\/vc_row][vc_row css_animation=&#8221;&#8221; row_type=&#8221;row&#8221; use_row_as_full_screen_section=&#8221;no&#8221; type=&#8221;full_width&#8221; angled_section=&#8221;no&#8221; text_align=&#8221;left&#8221; background_image_as_pattern=&#8221;without_pattern&#8221; z_index=&#8221;&#8221; padding_top=&#8221;34&#8243; padding_bottom=&#8221;20&#8243; anchor=&#8221;Human_rights&#8221;][vc_column width=&#8221;1\/3&#8243; css=&#8221;.vc_custom_1616046555280{padding-bottom: 20px !important;}&#8221;][vc_column_text]<\/p>\n<h4>DROITS DE L\u2019HOMME<\/h4>\n<p>Equinix soutient et respecte la protection de tous les droits de l\u2019homme dans le monde. Nous nous engageons \u00e0 respecter les droits de l\u2019homme fondamentaux de nos employ\u00e9s et des travailleurs des entreprises avec lesquels nous travaillons. Nous attendons de nos fournisseurs et partenaires qu\u2019ils adh\u00e8rent \u00e0 ces m\u00eames normes \u00e9lev\u00e9es.[\/vc_column_text][\/vc_column][vc_column width=&#8221;2\/3&#8243; css=&#8221;.vc_custom_1615547407753{padding-bottom: 20px !important;}&#8221;][vc_single_image image=&#8221;590&#8243; img_size=&#8221;full&#8221; alignment=&#8221;center&#8221; qode_css_animation=&#8221;&#8221;][\/vc_column][\/vc_row][vc_row css_animation=&#8221;&#8221; row_type=&#8221;row&#8221; use_row_as_full_screen_section=&#8221;no&#8221; type=&#8221;full_width&#8221; angled_section=&#8221;no&#8221; text_align=&#8221;left&#8221; background_image_as_pattern=&#8221;without_pattern&#8221; z_index=&#8221;&#8221; padding_bottom=&#8221;30&#8243; anchor=&#8221;Charitable_contributions&#8221;][vc_column width=&#8221;1\/2&#8243; el_class=&#8221;purpose_values&#8221;][vc_column_text]<\/p>\n<h4>CONTRIBUTIONS CARITATIVES<\/h4>\n<p><strong>Redonner \u00e0 nos communaut\u00e9s.<\/strong> Equinix encourage ses employ\u00e9s \u00e0 apporter une contribution positive aux communaut\u00e9s dans lesquelles ils vivent et travaillent. Equinix s\u2019engage \u00e9galement \u00e0 soutenir les questions sociales, \u00e9conomiques et de durabilit\u00e9 qui comptent le plus pour elle, ses employ\u00e9s et ses communaut\u00e9s. Equinix a identifi\u00e9 un certain nombre de domaines d\u2019intervention pour les dons caritatifs qui sont bas\u00e9s sur leur pertinence pour son activit\u00e9 et qu\u2019elle soutiendra par le biais de dons de la Soci\u00e9t\u00e9. Compte tenu de nos domaines d\u2019intervention, nous n\u2019acceptons g\u00e9n\u00e9ralement pas les demandes de financement non sollicit\u00e9es. Nous pr\u00e9f\u00e9rons plut\u00f4t inviter des demandes de propositions qui contribuent \u00e0 nos domaines de programmes strat\u00e9giques et \u00e0 nos priorit\u00e9s de financement. L\u2019\u00e9quipe charg\u00e9e de la responsabilit\u00e9 sociale de l\u2019entreprise est responsable de l\u2019examen et de l\u2019\u00e9valuation de ces demandes.<\/p>\n<p>Equinix encourage les employ\u00e9s \u00e0 faire leurs propres contributions \u00e0 des \u0153uvres caritatives. Toutefois, Equinix ne remboursera en aucun cas les contributions individuelles ou personnelles faites par les employ\u00e9s \u00e0 une \u0153uvre de bienfaisance, une \u00e9cole, une agence \u00e0 but non lucratif ou une organisation non gouvernementale (ONG).<\/p>\n<p>En outre, vous ne devez jamais effectuer personnellement un paiement au nom d\u2019Equinix \u00e0 un organisme de bienfaisance, une \u00e9cole, une agence \u00e0 but non lucratif ou une ONG, y compris les paiements pour les billets d\u2019\u00e9v\u00e9nements, car Equinix ne remboursera pas ces d\u00e9penses. Toute exception \u00e0 ces directives doit \u00eatre approuv\u00e9e par le contr\u00f4leur r\u00e9gional et\/ou l\u2019\u00e9quipe charg\u00e9e de la responsabilit\u00e9 sociale de l\u2019entreprise.[\/vc_column_text][\/vc_column][vc_column width=&#8221;1\/2&#8243; el_class=&#8221;purpose_values&#8221; css=&#8221;.vc_custom_1615789919910{padding-top: 35px !important;}&#8221;][vc_column_text]Pour plus d\u2019informations sur notre strat\u00e9gie de dons, veuillez vous r\u00e9f\u00e9rer \u00e0 la politique mondiale de dons ou contacter l\u2019\u00e9quipe charg\u00e9e de la responsabilit\u00e9 sociale de l\u2019entreprise.[\/vc_column_text][vc_empty_space height=&#8221;20px&#8221;]<a class=\"recom-read-link\" href=\"\/fr\/additional-resources\/#recommended_readings\" target=\"_self\"><div class=\"recommend_book\"><div class=\"recommend_icon\"><img decoding=\"async\" src=\"https:\/\/codeofbusinessconduct.equinix.com\/wp-content\/uploads\/2021\/03\/recommend_book.svg\" \/><\/div><div class=\"recommend_content\"><h4>LECTURE RECOMMAND\u00c9E :<br>POLITIQUE GLOBALE DE DONS D\u2019EQUINIX<\/h4><\/div><\/div><\/a>[vc_empty_space height=&#8221;10px&#8221;][vc_column_text]<strong>Dons jumel\u00e9s.<\/strong> Equinix a mis en place un programme de dons jumel\u00e9s pour soutenir les employ\u00e9s dans leur philanthropie personnelle, leurs dons caritatifs et leurs efforts de b\u00e9n\u00e9volat. Si vous apportez une contribution financi\u00e8re ou si vous donnez de votre temps \u00e0 une organisation \u00e9ligible, Equinix \u00ab \u00e9galera \u00bb cette contribution financi\u00e8re ou ce temps par une contribution financi\u00e8re.<\/p>\n<p>Des informations suppl\u00e9mentaires et les exigences de la politique et du programme de dons jumel\u00e9s, y compris les conditions d\u2019\u00e9ligibilit\u00e9 sp\u00e9cifiques aux employ\u00e9s et aux organisations, sont d\u00e9crites dans le programme de dons jumel\u00e9s d\u2019Equinix.[\/vc_column_text][vc_empty_space height=&#8221;15px&#8221;]<a class=\"recom-read-link\" href=\"\/fr\/additional-resources\/#recommended_readings\" target=\"_self\"><div class=\"recommend_book\"><div class=\"recommend_icon\"><img decoding=\"async\" src=\"https:\/\/codeofbusinessconduct.equinix.com\/wp-content\/uploads\/2021\/03\/recommend_book.svg\" \/><\/div><div class=\"recommend_content\"><h4>LECTURE RECOMMAND\u00c9E :<br>PROGRAMME DE DONS JUMEL\u00c9S D\u2019EQUINIX<\/h4><\/div><\/div><\/a>[\/vc_column][\/vc_row][vc_row css_animation=&#8221;&#8221; row_type=&#8221;row&#8221; use_row_as_full_screen_section=&#8221;no&#8221; type=&#8221;full_width&#8221; angled_section=&#8221;no&#8221; text_align=&#8221;left&#8221; background_image_as_pattern=&#8221;without_pattern&#8221; z_index=&#8221;&#8221; padding_top=&#8221;20&#8243; padding_bottom=&#8221;30&#8243;][vc_column][vc_single_image image=&#8221;598&#8243; img_size=&#8221;full&#8221; alignment=&#8221;center&#8221; qode_css_animation=&#8221;&#8221; el_class=&#8221;w-100&#8243;][\/vc_column][\/vc_row][vc_row css_animation=&#8221;&#8221; row_type=&#8221;row&#8221; use_row_as_full_screen_section=&#8221;no&#8221; type=&#8221;full_width&#8221; angled_section=&#8221;no&#8221; text_align=&#8221;left&#8221; background_image_as_pattern=&#8221;without_pattern&#8221; z_index=&#8221;&#8221; padding_bottom=&#8221;160&#8243; el_class=&#8221;purpose_values political_space&#8221; anchor=&#8221;Political_activities_and_contributions&#8221;][vc_column width=&#8221;2\/3&#8243;][vc_column_text]<\/p>\n<h4 id=\"The_environment\">ACTIVIT\u00c9S ET CONTRIBUTIONS POLITIQUES<\/h4>\n<p>Nous soutenons les bonnes relations avec les communaut\u00e9s dans lesquelles nous op\u00e9rons. Vous pouvez participer \u00e0 des activit\u00e9s locales qui r\u00e9pondent aux besoins des communaut\u00e9s dans lesquelles vous vivez et travaillez. En tant que simple citoyen, vous pouvez \u00e9galement soutenir votre processus politique local par des contributions personnelles ou en donnant de votre temps. Ces activit\u00e9s ne doivent toutefois pas \u00eatre men\u00e9es sur le temps de travail de la Soci\u00e9t\u00e9 ou impliquer l\u2019utilisation de ressources de la Soci\u00e9t\u00e9. Vous ne pouvez pas faire ou engager des contributions politiques au nom d\u2019Equinix.<\/p>\n<p>Assurez-vous que votre participation \u00e0 des activit\u00e9s politiques est conforme aux lois am\u00e9ricaines et locales applicables et n\u2019est pas interdite par d\u2019autres politiques d\u2019Equinix.[\/vc_column_text][vc_row_inner row_type=&#8221;row&#8221; type=&#8221;full_width&#8221; text_align=&#8221;left&#8221; css_animation=&#8221;&#8221; anchor=&#8221;The_environment&#8221;][vc_column_inner][vc_empty_space height=&#8221;25px&#8221;][vc_column_text]<\/p>\n<h4>L\u2019ENVIRONNEMENT<\/h4>\n<p>Chez Equinix, nous cherchons \u00e0 \u00eatre de bons gestionnaires de l\u2019environnement et des ressources que nous consommons dans le but de r\u00e9duire notre empreinte carbone. Pour ce faire, nous nous concentrons sur les points suivants :<\/p>\n<ul>\n<li>concevoir, construire et exploiter de mani\u00e8re efficace afin de r\u00e9duire notre consommation de toutes les ressources, notamment l\u2019\u00e9lectricit\u00e9, l\u2019eau, le gaz naturel, le diesel et les r\u00e9frig\u00e9rants ;<\/li>\n<li>jouer un r\u00f4le actif dans l\u2019\u00e9cologisation de nos activit\u00e9s et \u00eatre un leader dans l\u2019\u00e9valuation et le d\u00e9ploiement de solutions innovantes ; et<\/li>\n<li>nous mesurer \u00e0 l\u2019aide des meilleures pratiques du secteur et des IPC sp\u00e9cifiques \u00e0 Equinix, fixer publiquement des objectifs et rendre compte des progr\u00e8s r\u00e9alis\u00e9s de mani\u00e8re transparente.<\/li>\n<\/ul>\n<p>[\/vc_column_text][\/vc_column_inner][\/vc_row_inner][vc_empty_space height=&#8221;25px&#8221;]<a class=\"recom-read-link\" href=\"\/fr\/additional-resources\/#recommended_readings\" target=\"_self\"><div class=\"recommend_book\"><div class=\"recommend_icon\"><img decoding=\"async\" src=\"https:\/\/codeofbusinessconduct.equinix.com\/wp-content\/uploads\/2021\/03\/recommend_book.svg\" \/><\/div><div class=\"recommend_content\"><h4>LECTURE RECOMMAND\u00c9E :<br>DURABILIT\u00c9 D\u2019EQUINIX<\/h4><\/div><\/div><\/a>[\/vc_column][vc_column width=&#8221;1\/3&#8243;][\/vc_column][\/vc_row]<\/p>\n<\/section>","protected":false},"excerpt":{"rendered":"<p>[vc_row css_animation=&#8221;&#8221; row_type=&#8221;row&#8221; use_row_as_full_screen_section=&#8221;no&#8221; type=&#8221;full_width&#8221; angled_section=&#8221;no&#8221; text_align=&#8221;left&#8221; background_image_as_pattern=&#8221;without_pattern&#8221;][vc_column][vc_single_image image=&#8221;4106&#8243; img_size=&#8221;full&#8221; qode_css_animation=&#8221;&#8221;][vc_empty_space height=&#8221;8px&#8221;][vc_column_text] NOTRE COMMUNAUT\u00c9 Faire une diff\u00e9rence positive dans nos communaut\u00e9s et dans le monde entier [\/vc_column_text][\/vc_column][\/vc_row][vc_row css_animation=&#8221;&#8221; row_type=&#8221;row&#8221; use_row_as_full_screen_section=&#8221;no&#8221; type=&#8221;full_width&#8221; angled_section=&#8221;no&#8221; text_align=&#8221;left&#8221; background_image_as_pattern=&#8221;without_pattern&#8221; z_index=&#8221;&#8221; padding_top=&#8221;34&#8243; padding_bottom=&#8221;20&#8243; anchor=&#8221;Human_rights&#8221;][vc_column width=&#8221;1\/3&#8243; css=&#8221;.vc_custom_1616046555280{padding-bottom: 20px !important;}&#8221;][vc_column_text] DROITS DE L\u2019HOMME&#8230;<\/p>\n","protected":false},"author":1,"featured_media":0,"parent":0,"menu_order":0,"comment_status":"closed","ping_status":"closed","template":"","meta":{"inline_featured_image":false,"footnotes":""},"class_list":["post-589","page","type-page","status-publish","hentry"],"yoast_head":"<!-- This site is optimized with the Yoast SEO plugin v25.8 - https:\/\/yoast.com\/wordpress\/plugins\/seo\/ -->\n<title>NOTRE COMMUNAUT\u00c9 - Equinix Code of Business Conduct<\/title>\n<meta name=\"robots\" content=\"index, follow, max-snippet:-1, max-image-preview:large, max-video-preview:-1\" \/>\n<link rel=\"canonical\" href=\"https:\/\/codeofbusinessconduct.equinix.com\/fr\/our-community\/\" \/>\n<meta property=\"og:locale\" content=\"fr_FR\" \/>\n<meta property=\"og:type\" content=\"article\" \/>\n<meta property=\"og:title\" content=\"NOTRE COMMUNAUT\u00c9 - Equinix Code of Business Conduct\" \/>\n<meta property=\"og:description\" content=\"[vc_row css_animation=&#8221;&#8221; row_type=&#8221;row&#8221; use_row_as_full_screen_section=&#8221;no&#8221; type=&#8221;full_width&#8221; angled_section=&#8221;no&#8221; text_align=&#8221;left&#8221; background_image_as_pattern=&#8221;without_pattern&#8221;][vc_column][vc_single_image image=&#8221;4106&#8243; img_size=&#8221;full&#8221; qode_css_animation=&#8221;&#8221;][vc_empty_space height=&#8221;8px&#8221;][vc_column_text] NOTRE COMMUNAUT\u00c9 Faire une diff\u00e9rence positive dans nos communaut\u00e9s et dans le monde entier [\/vc_column_text][\/vc_column][\/vc_row][vc_row css_animation=&#8221;&#8221; row_type=&#8221;row&#8221; use_row_as_full_screen_section=&#8221;no&#8221; type=&#8221;full_width&#8221; angled_section=&#8221;no&#8221; text_align=&#8221;left&#8221; background_image_as_pattern=&#8221;without_pattern&#8221; z_index=&#8221;&#8221; padding_top=&#8221;34&#8243; padding_bottom=&#8221;20&#8243; anchor=&#8221;Human_rights&#8221;][vc_column width=&#8221;1\/3&#8243; css=&#8221;.vc_custom_1616046555280{padding-bottom: 20px !important;}&#8221;][vc_column_text] DROITS DE L\u2019HOMME...\" \/>\n<meta property=\"og:url\" content=\"https:\/\/codeofbusinessconduct.equinix.com\/fr\/our-community\/\" \/>\n<meta property=\"og:site_name\" content=\"Equinix Code of Business Conduct\" \/>\n<meta property=\"article:modified_time\" content=\"2025-12-15T08:48:04+00:00\" \/>\n<meta name=\"twitter:card\" content=\"summary_large_image\" \/>\n<meta name=\"twitter:label1\" content=\"Dur\u00e9e de lecture estim\u00e9e\" \/>\n\t<meta name=\"twitter:data1\" content=\"5 minutes\" \/>\n<script type=\"application\/ld+json\" class=\"yoast-schema-graph\">{\"@context\":\"https:\/\/schema.org\",\"@graph\":[{\"@type\":\"WebPage\",\"@id\":\"https:\/\/codeofbusinessconduct.equinix.com\/fr\/our-community\/\",\"url\":\"https:\/\/codeofbusinessconduct.equinix.com\/fr\/our-community\/\",\"name\":\"NOTRE COMMUNAUT\u00c9 - Equinix Code of Business Conduct\",\"isPartOf\":{\"@id\":\"https:\/\/cobc-prod.azurewebsites.net\/#website\"},\"datePublished\":\"2021-03-10T06:21:42+00:00\",\"dateModified\":\"2025-12-15T08:48:04+00:00\",\"breadcrumb\":{\"@id\":\"https:\/\/codeofbusinessconduct.equinix.com\/fr\/our-community\/#breadcrumb\"},\"inLanguage\":\"fr-FR\",\"potentialAction\":[{\"@type\":\"ReadAction\",\"target\":[\"https:\/\/codeofbusinessconduct.equinix.com\/fr\/our-community\/\"]}]},{\"@type\":\"BreadcrumbList\",\"@id\":\"https:\/\/codeofbusinessconduct.equinix.com\/fr\/our-community\/#breadcrumb\",\"itemListElement\":[{\"@type\":\"ListItem\",\"position\":1,\"name\":\"Home\",\"item\":\"https:\/\/codeofbusinessconduct.equinix.com\/fr\/\"},{\"@type\":\"ListItem\",\"position\":2,\"name\":\"NOTRE COMMUNAUT\u00c9\"}]},{\"@type\":\"WebSite\",\"@id\":\"https:\/\/cobc-prod.azurewebsites.net\/#website\",\"url\":\"https:\/\/cobc-prod.azurewebsites.net\/\",\"name\":\"Equinix Code of Business Conduct\",\"description\":\"\",\"potentialAction\":[{\"@type\":\"SearchAction\",\"target\":{\"@type\":\"EntryPoint\",\"urlTemplate\":\"https:\/\/cobc-prod.azurewebsites.net\/?s={search_term_string}\"},\"query-input\":{\"@type\":\"PropertyValueSpecification\",\"valueRequired\":true,\"valueName\":\"search_term_string\"}}],\"inLanguage\":\"fr-FR\"}]}<\/script>\n<!-- \/ Yoast SEO plugin. -->","yoast_head_json":{"title":"NOTRE COMMUNAUT\u00c9 - Equinix Code of Business Conduct","robots":{"index":"index","follow":"follow","max-snippet":"max-snippet:-1","max-image-preview":"max-image-preview:large","max-video-preview":"max-video-preview:-1"},"canonical":"https:\/\/codeofbusinessconduct.equinix.com\/fr\/our-community\/","og_locale":"fr_FR","og_type":"article","og_title":"NOTRE COMMUNAUT\u00c9 - Equinix Code of Business Conduct","og_description":"[vc_row css_animation=&#8221;&#8221; row_type=&#8221;row&#8221; use_row_as_full_screen_section=&#8221;no&#8221; type=&#8221;full_width&#8221; angled_section=&#8221;no&#8221; text_align=&#8221;left&#8221; background_image_as_pattern=&#8221;without_pattern&#8221;][vc_column][vc_single_image image=&#8221;4106&#8243; img_size=&#8221;full&#8221; qode_css_animation=&#8221;&#8221;][vc_empty_space height=&#8221;8px&#8221;][vc_column_text] NOTRE COMMUNAUT\u00c9 Faire une diff\u00e9rence positive dans nos communaut\u00e9s et dans le monde entier [\/vc_column_text][\/vc_column][\/vc_row][vc_row css_animation=&#8221;&#8221; row_type=&#8221;row&#8221; use_row_as_full_screen_section=&#8221;no&#8221; type=&#8221;full_width&#8221; angled_section=&#8221;no&#8221; text_align=&#8221;left&#8221; background_image_as_pattern=&#8221;without_pattern&#8221; z_index=&#8221;&#8221; padding_top=&#8221;34&#8243; padding_bottom=&#8221;20&#8243; anchor=&#8221;Human_rights&#8221;][vc_column width=&#8221;1\/3&#8243; css=&#8221;.vc_custom_1616046555280{padding-bottom: 20px !important;}&#8221;][vc_column_text] DROITS DE L\u2019HOMME...","og_url":"https:\/\/codeofbusinessconduct.equinix.com\/fr\/our-community\/","og_site_name":"Equinix Code of Business Conduct","article_modified_time":"2025-12-15T08:48:04+00:00","twitter_card":"summary_large_image","twitter_misc":{"Dur\u00e9e de lecture estim\u00e9e":"5 minutes"},"schema":{"@context":"https:\/\/schema.org","@graph":[{"@type":"WebPage","@id":"https:\/\/codeofbusinessconduct.equinix.com\/fr\/our-community\/","url":"https:\/\/codeofbusinessconduct.equinix.com\/fr\/our-community\/","name":"NOTRE COMMUNAUT\u00c9 - Equinix Code of Business Conduct","isPartOf":{"@id":"https:\/\/cobc-prod.azurewebsites.net\/#website"},"datePublished":"2021-03-10T06:21:42+00:00","dateModified":"2025-12-15T08:48:04+00:00","breadcrumb":{"@id":"https:\/\/codeofbusinessconduct.equinix.com\/fr\/our-community\/#breadcrumb"},"inLanguage":"fr-FR","potentialAction":[{"@type":"ReadAction","target":["https:\/\/codeofbusinessconduct.equinix.com\/fr\/our-community\/"]}]},{"@type":"BreadcrumbList","@id":"https:\/\/codeofbusinessconduct.equinix.com\/fr\/our-community\/#breadcrumb","itemListElement":[{"@type":"ListItem","position":1,"name":"Home","item":"https:\/\/codeofbusinessconduct.equinix.com\/fr\/"},{"@type":"ListItem","position":2,"name":"NOTRE COMMUNAUT\u00c9"}]},{"@type":"WebSite","@id":"https:\/\/cobc-prod.azurewebsites.net\/#website","url":"https:\/\/cobc-prod.azurewebsites.net\/","name":"Equinix Code of Business Conduct","description":"","potentialAction":[{"@type":"SearchAction","target":{"@type":"EntryPoint","urlTemplate":"https:\/\/cobc-prod.azurewebsites.net\/?s={search_term_string}"},"query-input":{"@type":"PropertyValueSpecification","valueRequired":true,"valueName":"search_term_string"}}],"inLanguage":"fr-FR"}]}},"_links":{"self":[{"href":"https:\/\/codeofbusinessconduct.equinix.com\/fr\/wp-json\/wp\/v2\/pages\/589","targetHints":{"allow":["GET"]}}],"collection":[{"href":"https:\/\/codeofbusinessconduct.equinix.com\/fr\/wp-json\/wp\/v2\/pages"}],"about":[{"href":"https:\/\/codeofbusinessconduct.equinix.com\/fr\/wp-json\/wp\/v2\/types\/page"}],"author":[{"embeddable":true,"href":"https:\/\/codeofbusinessconduct.equinix.com\/fr\/wp-json\/wp\/v2\/users\/1"}],"replies":[{"embeddable":true,"href":"https:\/\/codeofbusinessconduct.equinix.com\/fr\/wp-json\/wp\/v2\/comments?post=589"}],"version-history":[{"count":15,"href":"https:\/\/codeofbusinessconduct.equinix.com\/fr\/wp-json\/wp\/v2\/pages\/589\/revisions"}],"predecessor-version":[{"id":5275,"href":"https:\/\/codeofbusinessconduct.equinix.com\/fr\/wp-json\/wp\/v2\/pages\/589\/revisions\/5275"}],"wp:attachment":[{"href":"https:\/\/codeofbusinessconduct.equinix.com\/fr\/wp-json\/wp\/v2\/media?parent=589"}],"curies":[{"name":"wp","href":"https:\/\/api.w.org\/{rel}","templated":true}]}}