{"id":569,"date":"2021-03-10T06:21:26","date_gmt":"2021-03-10T06:21:26","guid":{"rendered":"https:\/\/codeofbusinessconduct.equinix.com\/our-commitment-to-the-law\/"},"modified":"2025-12-15T08:50:04","modified_gmt":"2025-12-15T08:50:04","slug":"our-commitment-to-the-law","status":"publish","type":"page","link":"https:\/\/codeofbusinessconduct.equinix.com\/fr\/our-commitment-to-the-law\/","title":{"rendered":"NOTRE ENGAGEMENT ENVERS LA LOI"},"content":{"rendered":"<section class=\"wpb-content-wrapper\"><p>[vc_row css_animation=&#8221;&#8221; row_type=&#8221;row&#8221; use_row_as_full_screen_section=&#8221;no&#8221; type=&#8221;full_width&#8221; angled_section=&#8221;no&#8221; text_align=&#8221;left&#8221; background_image_as_pattern=&#8221;without_pattern&#8221;][vc_column][vc_single_image image=&#8221;4087&#8243; img_size=&#8221;full&#8221; qode_css_animation=&#8221;&#8221;][vc_empty_space height=&#8221;8px&#8221;][vc_column_text]<\/p>\n<h3>NOTRE ENGAGEMENT ENVERS LA LOI<\/h3>\n<div class=\"lead\">Comprendre et respecter les pratiques commerciales l\u00e9gales<\/div>\n<p>[\/vc_column_text][\/vc_column][\/vc_row][vc_row css_animation=&#8221;&#8221; row_type=&#8221;row&#8221; use_row_as_full_screen_section=&#8221;no&#8221; type=&#8221;full_width&#8221; angled_section=&#8221;no&#8221; text_align=&#8221;left&#8221; background_image_as_pattern=&#8221;without_pattern&#8221; z_index=&#8221;&#8221; padding_top=&#8221;32&#8243; padding_bottom=&#8221;40&#8243;][vc_column][vc_single_image image=&#8221;570&#8243; img_size=&#8221;full&#8221; alignment=&#8221;center&#8221; qode_css_animation=&#8221;&#8221; el_class=&#8221;w-100&#8243;][\/vc_column][\/vc_row][vc_row css_animation=&#8221;&#8221; row_type=&#8221;row&#8221; use_row_as_full_screen_section=&#8221;no&#8221; type=&#8221;full_width&#8221; angled_section=&#8221;no&#8221; text_align=&#8221;left&#8221; background_image_as_pattern=&#8221;without_pattern&#8221; z_index=&#8221;&#8221; anchor=&#8221;Competition_and_fair_dealing&#8221;][vc_column width=&#8221;2\/3&#8243; el_class=&#8221;purpose_values&#8221; css=&#8221;.vc_custom_1615545389684{padding-bottom: 30px !important;}&#8221;][vc_column_text css=&#8221;.vc_custom_1648112313840{margin-bottom: 20px !important;}&#8221;]\u00catre une entreprise \u00e9thique et honn\u00eate signifie aussi respecter la loi. En tant qu\u2019entreprise mondiale, nous devons respecter les lois en vigueur dans tous les pays o\u00f9 nous exer\u00e7ons nos activit\u00e9s. Et en tant qu\u2019employ\u00e9s Equinix, nous avons la responsabilit\u00e9 de comprendre et de respecter toutes les lois et r\u00e9glementations qui ont des r\u00e9percussions sur notre travail.<\/p>\n<h4>CONCURRENCE ET \u00c9QUIT\u00c9 COMMERCIALE<\/h4>\n<p>Chez Equinix, nous accordons de l\u2019importance \u00e0 un march\u00e9 libre et ouvert et nous cherchons \u00e0 surpasser nos concurrents de mani\u00e8re \u00e9quitable et honn\u00eate. Nous ne cherchons pas \u00e0 obtenir les informations exclusives d\u2019autres personnes, ne poss\u00e9dons pas d\u2019informations secr\u00e8tes commerciales obtenues sans le consentement de leur propri\u00e9taire et ne demandons pas aux employ\u00e9s actuels ou pass\u00e9s d\u2019autres soci\u00e9t\u00e9s de partager avec nous les informations exclusives d\u2019une autre soci\u00e9t\u00e9.<\/p>\n<p>Nous nous engageons \u00e0 traiter justement et honn\u00eatement tous nos fournisseurs, quel que soit leur lieu d\u2019exercice ou le type de services et de produits fournis. Nous nous engageons dans un processus d\u2019approvisionnement ouvert et \u00e9quitable, o\u00f9 les fournisseurs sont s\u00e9lectionn\u00e9s sur une base concurrentielle et \u00e9tablissent une relation mutuellement b\u00e9n\u00e9fique bas\u00e9e sur une coop\u00e9ration \u00e9troite et des communications ouvertes.[\/vc_column_text][vc_row_inner row_type=&#8221;row&#8221; type=&#8221;full_width&#8221; text_align=&#8221;left&#8221; css_animation=&#8221;&#8221; anchor=&#8221;Daily_privacy&#8221;][vc_column_inner][vc_column_text]<\/p>\n<h4>PROTECTION DES DONN\u00c9ES<\/h4>\n<p>Les lois et r\u00e9glementations relatives \u00e0 la confidentialit\u00e9 des donn\u00e9es peuvent \u00eatre complexes et varient d\u2019un pays \u00e0 l\u2019autre. Chez Equinix, nous respectons la confidentialit\u00e9 des informations personnelles de nos employ\u00e9s et nous nous effor\u00e7ons de garder ces informations priv\u00e9es et de n\u2019utiliser ces informations personnelles que de mani\u00e8re raisonnable et appropri\u00e9e aux fins de votre emploi chez Equinix. Vous \u00eates tenu de respecter toutes les politiques de la Soci\u00e9t\u00e9 concernant le traitement et la conservation de ces informations personnelles. Si vous avez des questions sur la confidentialit\u00e9 des donn\u00e9es, vous devez contacter le responsable local de la confidentialit\u00e9.[\/vc_column_text][\/vc_column_inner][\/vc_row_inner][\/vc_column][vc_column width=&#8221;1\/3&#8243; css=&#8221;.vc_custom_1615545397340{padding-bottom: 30px !important;}&#8221;][vc_column_text]<\/p>\n<h4 class=\"exclaimation\">Rappel :<\/h4>\n<div class=\"lead\">Respectez et prot\u00e9gez toujours les informations confidentielles ou exclusives que nos vendeurs partagent avec vous &#8211; et faites-leur savoir que nous attendons d\u2019eux qu\u2019ils fassent preuve du m\u00eame soin pour nos informations.<\/div>\n<p>[\/vc_column_text][\/vc_column][\/vc_row][vc_row css_animation=&#8221;&#8221; row_type=&#8221;row&#8221; use_row_as_full_screen_section=&#8221;no&#8221; type=&#8221;full_width&#8221; angled_section=&#8221;no&#8221; text_align=&#8221;left&#8221; background_image_as_pattern=&#8221;without_pattern&#8221; z_index=&#8221;&#8221; anchor=&#8221;Anti-bribery_and_corruption&#8221;][vc_column width=&#8221;1\/2&#8243; el_class=&#8221;purpose_values&#8221; css=&#8221;.vc_custom_1616046403361{padding-bottom: 20px !important;}&#8221;][vc_column_text]<\/p>\n<h4>LUTTE CONTRE LA CORRUPTION ET LES POTS-DE-VIN<\/h4>\n<p>Chez Equinix, nos pratiques commerciales sont fond\u00e9es sur l\u2019honn\u00eatet\u00e9 et l\u2019int\u00e9grit\u00e9. Nous n\u2019offrons ni ne proposons aucun pot-de-vin, remboursement ou autre paiement inappropri\u00e9 pour quelque raison que ce soit.<\/p>\n<p>En tant que soci\u00e9t\u00e9 internationale, nous devons nous conformer aux lois anti-corruption des pays dans lesquels nous exer\u00e7ons nos activit\u00e9s, notamment la loi am\u00e9ricaine sur les pratiques de corruption \u00e0 l\u2019\u00e9tranger (FCPA) et la loi britannique sur la corruption. Ces lois interdisent strictement les pots-de-vin et la corruption, en particulier lorsque des fonctionnaires du gouvernement sont impliqu\u00e9s. Aucun employ\u00e9, dirigeant, agent ou entrepreneur ind\u00e9pendant d\u2019Equinix agissant en notre nom ne peut offrir ou fournir quoi que ce soit de valeur \u00e0 quiconque dans le but d\u2019obtenir des affaires ou d\u2019obtenir un avantage injuste. Les violations peuvent vous exposer, ainsi qu\u2019Equinix, \u00e0 de graves p\u00e9nalit\u00e9s et nuire \u00e0 notre r\u00e9putation.<\/p>\n<p>Les lois am\u00e9ricaines interdisant les pots-de-vin sont tr\u00e8s larges, ce qui signifie que de nombreux types de cadeaux ou de divertissements offerts aux employ\u00e9s du gouvernement peuvent \u00eatre consid\u00e9r\u00e9s comme inappropri\u00e9s. Pour cette raison, les employ\u00e9s ne doivent pas donner, offrir, promettre ou autoriser un paiement, un avantage ou un cadeau en argent ou toute autre chose de valeur \u00e0 un agent gouvernemental ou public, sauf dans les circonstances tr\u00e8s limit\u00e9es ci-dessous. Cette r\u00e8gle s\u2019applique que vous donniez le cadeau ou autre avantage vous-m\u00eame ou par l\u2019interm\u00e9diaire d\u2019un tiers, tel qu\u2019un distributeur ou un entrepreneur ind\u00e9pendant.<\/p>\n<p>Cette r\u00e8gle s\u2019applique que vous essayiez d\u2019obtenir un march\u00e9 ou que vous cherchiez \u00e0 obtenir un avantage sur les autres (comme un traitement sp\u00e9cial ou pr\u00e9f\u00e9rentiel qui n\u2019est pas offert aux concurrents). Tout cadeau ou divertissement offert \u00e0 un agent gouvernemental ou public doit r\u00e9pondre aux crit\u00e8res sp\u00e9cifiques suivants :[\/vc_column_text][\/vc_column][vc_column width=&#8221;1\/2&#8243; el_class=&#8221;purpose_values&#8221; css=&#8221;.vc_custom_1615545765099{padding-bottom: 20px !important;}&#8221;][vc_single_image image=&#8221;578&#8243; img_size=&#8221;full&#8221; alignment=&#8221;center&#8221; qode_css_animation=&#8221;&#8221; el_class=&#8221;w-100&#8243;][vc_empty_space height=&#8221;65px&#8221;][vc_column_text]<\/p>\n<ul>\n<li>Tout divertissement doit \u00eatre raisonnable, de bonne foi et directement li\u00e9 \u00e0 la promotion, la d\u00e9monstration ou l\u2019explication de produits ou de services &#8211; ou li\u00e9 \u00e0 l\u2019ex\u00e9cution d\u2019un contrat entre Equinix et le gouvernement ou l\u2019entit\u00e9 publique.<\/li>\n<li>Tous les cadeaux et divertissements doivent \u00eatre conformes \u00e0 toutes les politiques d\u2019Equinix, y compris notre politique en mati\u00e8re de voyages et de d\u00e9penses.<\/li>\n<li>Aucun cadeau ou divertissement ne doit \u00eatre offert \u00e0 un fonctionnaire dans le but d\u2019obtenir un avantage commercial inappropri\u00e9.<\/li>\n<\/ul>\n<p>[\/vc_column_text][\/vc_column][\/vc_row][vc_row css_animation=&#8221;&#8221; row_type=&#8221;row&#8221; use_row_as_full_screen_section=&#8221;no&#8221; type=&#8221;full_width&#8221; angled_section=&#8221;no&#8221; text_align=&#8221;left&#8221; background_image_as_pattern=&#8221;without_pattern&#8221; z_index=&#8221;&#8221;][vc_column width=&#8221;1\/2&#8243; css=&#8221;.vc_custom_1615545826324{padding-bottom: 26px !important;}&#8221;][vc_single_image image=&#8221;579&#8243; img_size=&#8221;full&#8221; alignment=&#8221;center&#8221; qode_css_animation=&#8221;&#8221; el_class=&#8221;w-100&#8243;][\/vc_column][vc_column width=&#8221;1\/2&#8243; el_class=&#8221;purpose_values&#8221; css=&#8221;.vc_custom_1615545831124{padding-bottom: 26px !important;}&#8221;][vc_column_text]Vous devez vous assurer que tout cadeau que vous offrez dans le cadre de votre travail est transparent, correctement enregistr\u00e9 dans nos registres d\u2019entreprise et autoris\u00e9 par notre politique. Lors de la d\u00e9claration du cadeau, vous devez indiquer l\u2019objet du cadeau et la personne \u00e0 qui vous l\u2019avez offert. Si le cadeau est destin\u00e9 \u00e0 un fonctionnaire, vous devez toujours obtenir l\u2019approbation pr\u00e9alable du D\u00e9partement conformit\u00e9.<\/p>\n<p>Si vous avez des questions ou avez besoin de conseils dans ce domaine, contactez le responsable de la conformit\u00e9 d\u2019Equinix. Si vous avez connaissance d\u2019une violation pr\u00e9sum\u00e9e ou r\u00e9elle de cette politique, vous avez la responsabilit\u00e9 de la signaler imm\u00e9diatement.[\/vc_column_text][\/vc_column][\/vc_row][vc_row css_animation=&#8221;&#8221; row_type=&#8221;row&#8221; use_row_as_full_screen_section=&#8221;no&#8221; type=&#8221;full_width&#8221; angled_section=&#8221;no&#8221; text_align=&#8221;left&#8221; background_image_as_pattern=&#8221;without_pattern&#8221; z_index=&#8221;&#8221; anchor=&#8221;Intellectual_property&#8221;][vc_column width=&#8221;2\/3&#8243; el_class=&#8221;purpose_values&#8221;][vc_column_text]<\/p>\n<h4>PROPRI\u00c9T\u00c9 INTELLECTUELLE<\/h4>\n<p>La propri\u00e9t\u00e9 intellectuelle comprend les droits d\u2019auteur, brevets, marques de commerce, secrets commerciaux et autres biens incorporels. Nous prenons des mesures actives pour prot\u00e9ger et faire respecter nos propres droits de propri\u00e9t\u00e9 intellectuelle, et nous devons prendre des mesures similaires pour prot\u00e9ger la propri\u00e9t\u00e9 intellectuelle de tiers. Lorsque nous partageons notre propri\u00e9t\u00e9 intellectuelle avec des tiers, nous devons nous assurer qu\u2019ils acceptent d\u2019utiliser et de prot\u00e9ger notre propri\u00e9t\u00e9 conform\u00e9ment aux politiques d\u2019Equinix.<\/p>\n<p>De nombreux documents que vous utilisez tous les jours sont prot\u00e9g\u00e9s par les lois sur le droit d\u2019auteur, notamment les logiciels informatiques, les livres, les manuels, les ressources audio et vid\u00e9o, les revues sp\u00e9cialis\u00e9es et les magazines. D\u2019autres exemples moins \u00e9vidents d\u2019\u0153uvres prot\u00e9geables par le droit d\u2019auteur sont les diapositives de pr\u00e9sentation, le mat\u00e9riel de formation, les mod\u00e8les de gestion et les m\u00e9thodes de r\u00e9solution de probl\u00e8mes. Nous ne devons jamais enfreindre sciemment les droits de propri\u00e9t\u00e9 intellectuelle d\u2019autrui. Equinix interdit strictement la reproduction, la distribution ou la modification de tout mat\u00e9riel prot\u00e9g\u00e9 par des droits d\u2019auteur sans l\u2019autorisation pr\u00e9alable du propri\u00e9taire ou de son agent autoris\u00e9. Vous devez \u00e9galement veiller \u00e0 ne jamais copier ou utiliser ill\u00e9galement des logiciels informatiques sous licence de l\u2019entreprise \u00e0 des fins personnelles ou professionnelles.[\/vc_column_text][\/vc_column][vc_column width=&#8221;1\/3&#8243;][\/vc_column][\/vc_row][vc_row css_animation=&#8221;&#8221; row_type=&#8221;row&#8221; use_row_as_full_screen_section=&#8221;no&#8221; type=&#8221;full_width&#8221; angled_section=&#8221;no&#8221; text_align=&#8221;left&#8221; background_image_as_pattern=&#8221;without_pattern&#8221; z_index=&#8221;&#8221; padding_top=&#8221;16&#8243; padding_bottom=&#8221;142&#8243; el_class=&#8221;inside_space&#8221; anchor=&#8221;Inside_information_and_securities_trading&#8221;][vc_column width=&#8221;2\/3&#8243; el_class=&#8221;purpose_values&#8221;][vc_column_text]<\/p>\n<h4>INFORMATIONS PRIVIL\u00c9GI\u00c9ES ET OP\u00c9RATIONS SUR TITRES<\/h4>\n<p>Vous ne devez pas acheter ou vendre des actions Equinix si vous poss\u00e9dez des \u00ab informations importantes \u00bb sur la Soci\u00e9t\u00e9 qui n\u2019ont pas \u00e9t\u00e9 divulgu\u00e9es publiquement (\u00e9galement appel\u00e9es \u00ab informations privil\u00e9gi\u00e9es \u00bb). De m\u00eame, si vous avez connaissance d\u2019informations privil\u00e9gi\u00e9es concernant d\u2019autres soci\u00e9t\u00e9s, comme des clients ou des fournisseurs, vous ne devez pas acheter ou vendre les titres de cette soci\u00e9t\u00e9. Si vous partagez des informations privil\u00e9gi\u00e9es ou fournissez des \u00ab conseils \u00bb d\u2019initi\u00e9s \u00e0 un tiers qui effectue ensuite une transaction sur la base de ces informations, vous pouvez \u00eatre tenu responsable de la transaction ill\u00e9gale. Vous pouvez \u00e9galement \u00eatre responsable des transactions effectu\u00e9es par une autre personne sur la base d\u2019informations confidentielles que vous avez partag\u00e9es avec une partie ext\u00e9rieure, y compris les membres de votre famille et vos amis. Si vous communiquez des informations privil\u00e9gi\u00e9es qui incitent un membre de votre famille ou un ami \u00e0 acheter ou \u00e0 vendre des actions Equinix, vous pouvez encourir une responsabilit\u00e9 au p\u00e9nal en tant qu\u2019\u00ab informateur \u00bb, en vertu des lois sur les valeurs mobili\u00e8res des \u00c9tats-Unis.<\/p>\n<p>Equinix juge abusif pour ceux qui sont employ\u00e9s par Equinix ou associ\u00e9s \u00e0 Equinix d\u2019engager des op\u00e9rations \u00e0 court terme ou sp\u00e9culatives sur des titres d\u2019Equinix ou d\u2019autres op\u00e9rations sur des titres d\u2019Equinix risquant d\u2019enfreindre accidentellement les lois sur le d\u00e9lit d\u2019initi\u00e9. Par cons\u00e9quent, votre n\u00e9gociation des titres Equinix est soumise aux directives suppl\u00e9mentaires d\u00e9crites plus en d\u00e9tail dans la politique de n\u00e9gociation des titres Equinix.<\/p>\n<p>Pour vous assurer que vous respectez les lois contre les d\u00e9lits d\u2019initi\u00e9s, veuillez consulter la politique d\u2019Equinix en mati\u00e8re de transactions sur titres. Si vous avez des questions, vous devez contacter le D\u00e9partement conformit\u00e9.[\/vc_column_text][vc_empty_space height=&#8221;24px&#8221;]<a class=\"recom-read-link\" href=\"\/fr\/additional-resources\/#recommended_readings\" target=\"_self\"><div class=\"recommend_book\"><div class=\"recommend_icon\"><img decoding=\"async\" src=\"https:\/\/codeofbusinessconduct.equinix.com\/wp-content\/uploads\/2021\/03\/recommend_book.svg\" \/><\/div><div class=\"recommend_content\"><h4>LECTURE RECOMMAND\u00c9E :<br>POLITIQUE DE N\u00c9GOCIATION DES TITRES D\u2019EQUINIX<\/h4><\/div><\/div><\/a>[\/vc_column][vc_column width=&#8221;1\/3&#8243; css=&#8221;.vc_custom_1615790628304{padding-top: 35px !important;}&#8221;][vc_column_text]<\/p>\n<h4 class=\"exclaimation\">Rappel :<\/h4>\n<div class=\"lead\">Une information privil\u00e9gi\u00e9e est une information confidentielle qui, si elle \u00e9tait rendue publique, influencerait la d\u00e9cision d\u2019un investisseur d\u2019acheter, de vendre ou de conserver des actions Equinix.<\/div>\n<p>[\/vc_column_text][\/vc_column][\/vc_row]<\/p>\n<\/section>","protected":false},"excerpt":{"rendered":"<p>[vc_row css_animation=&#8221;&#8221; row_type=&#8221;row&#8221; use_row_as_full_screen_section=&#8221;no&#8221; type=&#8221;full_width&#8221; angled_section=&#8221;no&#8221; text_align=&#8221;left&#8221; background_image_as_pattern=&#8221;without_pattern&#8221;][vc_column][vc_single_image image=&#8221;4087&#8243; img_size=&#8221;full&#8221; qode_css_animation=&#8221;&#8221;][vc_empty_space height=&#8221;8px&#8221;][vc_column_text] NOTRE ENGAGEMENT ENVERS LA LOI Comprendre et respecter les pratiques commerciales l\u00e9gales [\/vc_column_text][\/vc_column][\/vc_row][vc_row css_animation=&#8221;&#8221; row_type=&#8221;row&#8221; use_row_as_full_screen_section=&#8221;no&#8221; type=&#8221;full_width&#8221; angled_section=&#8221;no&#8221; text_align=&#8221;left&#8221; background_image_as_pattern=&#8221;without_pattern&#8221; z_index=&#8221;&#8221; padding_top=&#8221;32&#8243; padding_bottom=&#8221;40&#8243;][vc_column][vc_single_image image=&#8221;570&#8243; img_size=&#8221;full&#8221; alignment=&#8221;center&#8221; qode_css_animation=&#8221;&#8221; el_class=&#8221;w-100&#8243;][\/vc_column][\/vc_row][vc_row css_animation=&#8221;&#8221; row_type=&#8221;row&#8221; use_row_as_full_screen_section=&#8221;no&#8221; type=&#8221;full_width&#8221; angled_section=&#8221;no&#8221;&#8230;<\/p>\n","protected":false},"author":1,"featured_media":0,"parent":0,"menu_order":0,"comment_status":"closed","ping_status":"closed","template":"","meta":{"inline_featured_image":false,"footnotes":""},"class_list":["post-569","page","type-page","status-publish","hentry"],"yoast_head":"<!-- This site is optimized with the Yoast SEO plugin v25.8 - https:\/\/yoast.com\/wordpress\/plugins\/seo\/ -->\n<title>NOTRE ENGAGEMENT ENVERS LA LOI - Equinix Code of Business Conduct<\/title>\n<meta name=\"robots\" content=\"index, follow, max-snippet:-1, max-image-preview:large, max-video-preview:-1\" \/>\n<link rel=\"canonical\" href=\"https:\/\/169.254.129.2\/our-commitment-to-the-law\/\" \/>\n<meta property=\"og:locale\" content=\"fr_FR\" \/>\n<meta property=\"og:type\" content=\"article\" \/>\n<meta property=\"og:title\" content=\"NOTRE ENGAGEMENT ENVERS LA LOI - Equinix Code of Business Conduct\" \/>\n<meta property=\"og:description\" content=\"[vc_row css_animation=&#8221;&#8221; row_type=&#8221;row&#8221; use_row_as_full_screen_section=&#8221;no&#8221; type=&#8221;full_width&#8221; angled_section=&#8221;no&#8221; text_align=&#8221;left&#8221; background_image_as_pattern=&#8221;without_pattern&#8221;][vc_column][vc_single_image image=&#8221;4087&#8243; img_size=&#8221;full&#8221; qode_css_animation=&#8221;&#8221;][vc_empty_space height=&#8221;8px&#8221;][vc_column_text] NOTRE ENGAGEMENT ENVERS LA LOI Comprendre et respecter les pratiques commerciales l\u00e9gales [\/vc_column_text][\/vc_column][\/vc_row][vc_row css_animation=&#8221;&#8221; row_type=&#8221;row&#8221; use_row_as_full_screen_section=&#8221;no&#8221; type=&#8221;full_width&#8221; angled_section=&#8221;no&#8221; text_align=&#8221;left&#8221; background_image_as_pattern=&#8221;without_pattern&#8221; z_index=&#8221;&#8221; padding_top=&#8221;32&#8243; padding_bottom=&#8221;40&#8243;][vc_column][vc_single_image image=&#8221;570&#8243; img_size=&#8221;full&#8221; alignment=&#8221;center&#8221; qode_css_animation=&#8221;&#8221; el_class=&#8221;w-100&#8243;][\/vc_column][\/vc_row][vc_row css_animation=&#8221;&#8221; row_type=&#8221;row&#8221; use_row_as_full_screen_section=&#8221;no&#8221; type=&#8221;full_width&#8221; angled_section=&#8221;no&#8221;...\" \/>\n<meta property=\"og:url\" content=\"https:\/\/169.254.129.2\/our-commitment-to-the-law\/\" \/>\n<meta property=\"og:site_name\" content=\"Equinix Code of Business Conduct\" \/>\n<meta property=\"article:modified_time\" content=\"2025-12-15T08:50:04+00:00\" \/>\n<meta name=\"twitter:card\" content=\"summary_large_image\" \/>\n<meta name=\"twitter:label1\" content=\"Dur\u00e9e de lecture estim\u00e9e\" \/>\n\t<meta name=\"twitter:data1\" content=\"8 minutes\" \/>\n<script type=\"application\/ld+json\" class=\"yoast-schema-graph\">{\"@context\":\"https:\/\/schema.org\",\"@graph\":[{\"@type\":\"WebPage\",\"@id\":\"https:\/\/169.254.129.2\/our-commitment-to-the-law\/\",\"url\":\"https:\/\/169.254.129.2\/our-commitment-to-the-law\/\",\"name\":\"NOTRE ENGAGEMENT ENVERS LA LOI - Equinix Code of Business Conduct\",\"isPartOf\":{\"@id\":\"https:\/\/cobc-prod.azurewebsites.net\/#website\"},\"datePublished\":\"2021-03-10T06:21:26+00:00\",\"dateModified\":\"2025-12-15T08:50:04+00:00\",\"breadcrumb\":{\"@id\":\"https:\/\/169.254.129.2\/our-commitment-to-the-law\/#breadcrumb\"},\"inLanguage\":\"fr-FR\",\"potentialAction\":[{\"@type\":\"ReadAction\",\"target\":[\"https:\/\/169.254.129.2\/our-commitment-to-the-law\/\"]}]},{\"@type\":\"BreadcrumbList\",\"@id\":\"https:\/\/169.254.129.2\/our-commitment-to-the-law\/#breadcrumb\",\"itemListElement\":[{\"@type\":\"ListItem\",\"position\":1,\"name\":\"Home\",\"item\":\"https:\/\/codeofbusinessconduct.equinix.com\/fr\/\"},{\"@type\":\"ListItem\",\"position\":2,\"name\":\"NOTRE ENGAGEMENT ENVERS LA LOI\"}]},{\"@type\":\"WebSite\",\"@id\":\"https:\/\/cobc-prod.azurewebsites.net\/#website\",\"url\":\"https:\/\/cobc-prod.azurewebsites.net\/\",\"name\":\"Equinix Code of Business Conduct\",\"description\":\"\",\"potentialAction\":[{\"@type\":\"SearchAction\",\"target\":{\"@type\":\"EntryPoint\",\"urlTemplate\":\"https:\/\/cobc-prod.azurewebsites.net\/?s={search_term_string}\"},\"query-input\":{\"@type\":\"PropertyValueSpecification\",\"valueRequired\":true,\"valueName\":\"search_term_string\"}}],\"inLanguage\":\"fr-FR\"}]}<\/script>\n<!-- \/ Yoast SEO plugin. -->","yoast_head_json":{"title":"NOTRE ENGAGEMENT ENVERS LA LOI - Equinix Code of Business Conduct","robots":{"index":"index","follow":"follow","max-snippet":"max-snippet:-1","max-image-preview":"max-image-preview:large","max-video-preview":"max-video-preview:-1"},"canonical":"https:\/\/169.254.129.2\/our-commitment-to-the-law\/","og_locale":"fr_FR","og_type":"article","og_title":"NOTRE ENGAGEMENT ENVERS LA LOI - Equinix Code of Business Conduct","og_description":"[vc_row css_animation=&#8221;&#8221; row_type=&#8221;row&#8221; use_row_as_full_screen_section=&#8221;no&#8221; type=&#8221;full_width&#8221; angled_section=&#8221;no&#8221; text_align=&#8221;left&#8221; background_image_as_pattern=&#8221;without_pattern&#8221;][vc_column][vc_single_image image=&#8221;4087&#8243; img_size=&#8221;full&#8221; qode_css_animation=&#8221;&#8221;][vc_empty_space height=&#8221;8px&#8221;][vc_column_text] NOTRE ENGAGEMENT ENVERS LA LOI Comprendre et respecter les pratiques commerciales l\u00e9gales [\/vc_column_text][\/vc_column][\/vc_row][vc_row css_animation=&#8221;&#8221; row_type=&#8221;row&#8221; use_row_as_full_screen_section=&#8221;no&#8221; type=&#8221;full_width&#8221; angled_section=&#8221;no&#8221; text_align=&#8221;left&#8221; background_image_as_pattern=&#8221;without_pattern&#8221; z_index=&#8221;&#8221; padding_top=&#8221;32&#8243; padding_bottom=&#8221;40&#8243;][vc_column][vc_single_image image=&#8221;570&#8243; img_size=&#8221;full&#8221; alignment=&#8221;center&#8221; qode_css_animation=&#8221;&#8221; el_class=&#8221;w-100&#8243;][\/vc_column][\/vc_row][vc_row css_animation=&#8221;&#8221; row_type=&#8221;row&#8221; use_row_as_full_screen_section=&#8221;no&#8221; type=&#8221;full_width&#8221; angled_section=&#8221;no&#8221;...","og_url":"https:\/\/169.254.129.2\/our-commitment-to-the-law\/","og_site_name":"Equinix Code of Business Conduct","article_modified_time":"2025-12-15T08:50:04+00:00","twitter_card":"summary_large_image","twitter_misc":{"Dur\u00e9e de lecture estim\u00e9e":"8 minutes"},"schema":{"@context":"https:\/\/schema.org","@graph":[{"@type":"WebPage","@id":"https:\/\/169.254.129.2\/our-commitment-to-the-law\/","url":"https:\/\/169.254.129.2\/our-commitment-to-the-law\/","name":"NOTRE ENGAGEMENT ENVERS LA LOI - Equinix Code of Business Conduct","isPartOf":{"@id":"https:\/\/cobc-prod.azurewebsites.net\/#website"},"datePublished":"2021-03-10T06:21:26+00:00","dateModified":"2025-12-15T08:50:04+00:00","breadcrumb":{"@id":"https:\/\/169.254.129.2\/our-commitment-to-the-law\/#breadcrumb"},"inLanguage":"fr-FR","potentialAction":[{"@type":"ReadAction","target":["https:\/\/169.254.129.2\/our-commitment-to-the-law\/"]}]},{"@type":"BreadcrumbList","@id":"https:\/\/169.254.129.2\/our-commitment-to-the-law\/#breadcrumb","itemListElement":[{"@type":"ListItem","position":1,"name":"Home","item":"https:\/\/codeofbusinessconduct.equinix.com\/fr\/"},{"@type":"ListItem","position":2,"name":"NOTRE ENGAGEMENT ENVERS LA LOI"}]},{"@type":"WebSite","@id":"https:\/\/cobc-prod.azurewebsites.net\/#website","url":"https:\/\/cobc-prod.azurewebsites.net\/","name":"Equinix Code of Business Conduct","description":"","potentialAction":[{"@type":"SearchAction","target":{"@type":"EntryPoint","urlTemplate":"https:\/\/cobc-prod.azurewebsites.net\/?s={search_term_string}"},"query-input":{"@type":"PropertyValueSpecification","valueRequired":true,"valueName":"search_term_string"}}],"inLanguage":"fr-FR"}]}},"_links":{"self":[{"href":"https:\/\/codeofbusinessconduct.equinix.com\/fr\/wp-json\/wp\/v2\/pages\/569","targetHints":{"allow":["GET"]}}],"collection":[{"href":"https:\/\/codeofbusinessconduct.equinix.com\/fr\/wp-json\/wp\/v2\/pages"}],"about":[{"href":"https:\/\/codeofbusinessconduct.equinix.com\/fr\/wp-json\/wp\/v2\/types\/page"}],"author":[{"embeddable":true,"href":"https:\/\/codeofbusinessconduct.equinix.com\/fr\/wp-json\/wp\/v2\/users\/1"}],"replies":[{"embeddable":true,"href":"https:\/\/codeofbusinessconduct.equinix.com\/fr\/wp-json\/wp\/v2\/comments?post=569"}],"version-history":[{"count":15,"href":"https:\/\/codeofbusinessconduct.equinix.com\/fr\/wp-json\/wp\/v2\/pages\/569\/revisions"}],"predecessor-version":[{"id":5276,"href":"https:\/\/codeofbusinessconduct.equinix.com\/fr\/wp-json\/wp\/v2\/pages\/569\/revisions\/5276"}],"wp:attachment":[{"href":"https:\/\/codeofbusinessconduct.equinix.com\/fr\/wp-json\/wp\/v2\/media?parent=569"}],"curies":[{"name":"wp","href":"https:\/\/api.w.org\/{rel}","templated":true}]}}