{"id":479,"date":"2021-03-10T05:32:20","date_gmt":"2021-03-10T05:32:20","guid":{"rendered":"https:\/\/codeofbusinessconduct.equinix.com\/homepage\/"},"modified":"2024-11-27T04:16:22","modified_gmt":"2024-11-27T04:16:22","slug":"homepage","status":"publish","type":"page","link":"https:\/\/codeofbusinessconduct.equinix.com\/fr\/","title":{"rendered":"Homepage"},"content":{"rendered":"<section class=\"wpb-content-wrapper\"><p>[vc_row css_animation=&#8221;&#8221; row_type=&#8221;row&#8221; use_row_as_full_screen_section=&#8221;no&#8221; type=&#8221;full_width&#8221; angled_section=&#8221;no&#8221; text_align=&#8221;center&#8221; background_image_as_pattern=&#8221;without_pattern&#8221; z_index=&#8221;&#8221; background_image=&#8221;469&#8243; el_class=&#8221;slider-image&#8221;][vc_column][vc_column_text]<\/p>\n<h1>CODE DE D\u00c9ONTOLOGIE D\u2019EQUINIX<\/h1>\n<p>[\/vc_column_text][\/vc_column][\/vc_row][vc_row css_animation=&#8221;&#8221; row_type=&#8221;row&#8221; use_row_as_full_screen_section=&#8221;no&#8221; type=&#8221;grid&#8221; angled_section=&#8221;no&#8221; text_align=&#8221;left&#8221; background_image_as_pattern=&#8221;without_pattern&#8221; z_index=&#8221;&#8221; padding_top=&#8221;50&#8243; padding_bottom=&#8221;32&#8243; el_class=&#8221;our-message&#8221;][vc_column width=&#8221;2\/3&#8243;][vc_single_image image=&#8221;487&#8243; img_size=&#8221;full&#8221; qode_css_animation=&#8221;&#8221;][vc_empty_space height=&#8221;8px&#8221;][vc_column_text]<\/p>\n<h3>NOTRE MESSAGE<\/h3>\n<div class=\"lead\">\n<p><span data-contrast=\"auto\">Chers(-\u00e8res) coll\u00e8gues,<\/span><span data-ccp-props=\"{}\">\u00a0<\/span><\/p>\n<p><span data-contrast=\"auto\">Chez Equinix, nous sommes incroyablement fiers(-\u00e8res) de l\u2019organisation florissante que nous avons b\u00e2tie ensemble. En tant que soci\u00e9t\u00e9 internationale leader sur le march\u00e9, Equinix a l\u2019opportunit\u00e9 et la responsabilit\u00e9 d\u2019\u00e9tablir une norme en mati\u00e8re de pratiques commerciales \u00e9thiques. Celle-ci permettra \u00e0 nos clients et partenaires de savoir qu\u2019ils peuvent faire confiance \u00e0 notre soci\u00e9t\u00e9 et aux produits et services que nous proposons. Notre r\u00e9putation \u00e9thique est l\u2019un de nos principaux facteurs de diff\u00e9renciation, que nous devons toutes et tous soutenir.\u202f<\/span><span data-ccp-props=\"{}\">\u00a0<\/span><\/p>\n<p><span data-contrast=\"auto\">Notre Code de conduite professionnelle refl\u00e8te les valeurs et les normes \u00e9thiques qui sous-tendent Equinix. Il nous fournit les informations, les ressources et les outils dont nous avons besoin pour cr\u00e9er des normes internationales claires et coh\u00e9rentes en mati\u00e8re de conduite professionnelle \u00e9thique et de conformit\u00e9 aux lois. Nous sommes toutes et tous cens\u00e9(e)s conna\u00eetre notre Code et l\u2019utiliser pour guider nos efforts au nom de la soci\u00e9t\u00e9. Il est con\u00e7u pour nous aider \u00e0 faire les bons choix lorsque nous rencontrons des situations \u00e9thiques difficiles.\u202f<\/span><span data-ccp-props=\"{}\">\u00a0<\/span><\/p>\n<p><span data-contrast=\"auto\">En tant qu\u2019employ\u00e9(e)s d\u2019Equinix, nous avons toutes et tous le droit et la responsabilit\u00e9 de prot\u00e9ger notre culture d\u2019entreprise contre tout comportement qui menace nos valeurs ou nuit \u00e0 notre r\u00e9putation. Se tenir mutuellement responsables de vivre nos valeurs fait partie de ce qui fait d\u2019Equinix un endroit sp\u00e9cial. Si vous avez des questions ou pr\u00e9occupations quant au non-respect de notre Code de conduite professionnelle, faites-le-nous savoir. Nous vous encourageons \u00e0 en parler \u00e0 votre responsable, \u00e0 la responsable de la conformit\u00e9 d\u2019Equinix, au directeur juridique internationial ou \u00e0 la directrice juridique et des RH. Vous pouvez \u00e9galement signaler un cas de mani\u00e8re anonyme en utilisant notre formulaire relatif \u00e0 l\u2019\u00e9thique en ligne ou notre service t\u00e9l\u00e9phonique multilingue.\u202f<\/span><span data-ccp-props=\"{}\">\u00a0<\/span><\/p>\n<p><span data-contrast=\"auto\">Chez Equinix, nous sommes fiers(-\u00e8res) d\u2019\u00eatre des personnes \u00e9thiques, engag\u00e9es et autonomes. Notre personnel et notre culture ont fait d\u2019Equinix le leader qu\u2019elle est aujourd\u2019hui, et seront la base sur laquelle nous b\u00e2tirons notre succ\u00e8s continu.<\/span><span data-ccp-props=\"{}\">\u00a0<\/span><\/p>\n<p><strong>\u202fAdaire Fox-Martin\u00a0<\/strong><\/p>\n<p><span data-contrast=\"auto\">Directrice g\u00e9n\u00e9rale et pr\u00e9sidente<\/span><span data-ccp-props=\"{}\">\u00a0<\/span><\/p>\n<p><strong>Charles Meyers\u00a0<\/strong><\/p>\n<p><span data-contrast=\"auto\">Pr\u00e9sident ex\u00e9cutif<\/span><span data-ccp-props=\"{}\">\u00a0<\/span><\/p>\n<\/div>\n<p>[\/vc_column_text][\/vc_column][vc_column width=&#8221;1\/3&#8243; el_class=&#8221;chief-images&#8221;][vc_single_image image=&#8221;4730&#8243; img_size=&#8221;full&#8221; qode_css_animation=&#8221;&#8221;][vc_single_image image=&#8221;4650&#8243; img_size=&#8221;full&#8221; qode_css_animation=&#8221;&#8221;][vc_column_text el_class=&#8221;team_header&#8221;]<strong>Adaire Fox-Martin\u00a0<\/strong><\/p>\n<p><span data-contrast=\"auto\">Directrice g\u00e9n\u00e9rale et pr\u00e9sidente<\/span><span data-ccp-props=\"{}\">\u00a0<\/span>[\/vc_column_text][vc_empty_space height=&#8221;30px&#8221;][vc_single_image image=&#8221;4770&#8243; img_size=&#8221;full&#8221; qode_css_animation=&#8221;&#8221;][vc_single_image image=&#8221;4790&#8243; img_size=&#8221;full&#8221; qode_css_animation=&#8221;&#8221;][vc_column_text el_class=&#8221;team_header&#8221;]<strong>Charles Meyers\u00a0<\/strong><\/p>\n<p><span data-contrast=\"auto\">Pr\u00e9sident ex\u00e9cutif<\/span><span data-ccp-props=\"{}\">\u00a0<\/span>[\/vc_column_text][\/vc_column][\/vc_row][vc_row css_animation=&#8221;&#8221; row_type=&#8221;row&#8221; use_row_as_full_screen_section=&#8221;yes&#8221; type=&#8221;grid&#8221; angled_section=&#8221;no&#8221; text_align=&#8221;left&#8221; background_image_as_pattern=&#8221;without_pattern&#8221; z_index=&#8221;&#8221; background_color=&#8221;#eeeeee&#8221; padding_top=&#8221;34&#8243; padding_bottom=&#8221;68&#8243; el_class=&#8221;table-of-contents&#8221;][vc_column][vc_column_text]<\/p>\n<h3>Table des mati\u00e8res<\/h3>\n<p>[\/vc_column_text][vc_row_inner row_type=&#8221;row&#8221; type=&#8221;full_width&#8221; text_align=&#8221;left&#8221; css_animation=&#8221;&#8221;][vc_column_inner width=&#8221;1\/2&#8243;][vc_column_text]<a class=\"anchor\" href=\"#Our_Purpose_and_Values\"><strong>NOTRE OBJECTIF ET NOS VALEURS<\/strong><\/a><\/p>\n<p><a href=\"https:\/\/codeofbusinessconduct.equinix.com\/fr\/our-code\/\"><strong>NOTRE CODE<\/strong><\/a><\/p>\n<ul>\n<li><a href=\"https:\/\/codeofbusinessconduct.equinix.com\/fr\/our-code\/#why_we_have_a_code_of_business_conduct\">Pourquoi nous avons un code de conduite des affaires<\/a><\/li>\n<li><a href=\"https:\/\/codeofbusinessconduct.equinix.com\/fr\/our-code\/#who_is_required_to_follow_our_code\">Qui est tenu de respecter notre code ?<\/a><\/li>\n<li><a href=\"https:\/\/codeofbusinessconduct.equinix.com\/fr\/our-code\/#ethics_in_action:_what_our_code_means_for_you\">L\u2019\u00e9thique en action : Ce que notre code signifie pour vous<\/a><\/li>\n<\/ul>\n<p><a href=\"https:\/\/codeofbusinessconduct.equinix.com\/fr\/our-people\/\"><strong>NOTRE PERSONNEL<\/strong><\/a><\/p>\n<ul>\n<li><a href=\"https:\/\/codeofbusinessconduct.equinix.com\/fr\/our-people\/#diversity\">Diversit\u00e9<\/a><\/li>\n<li><a href=\"https:\/\/codeofbusinessconduct.equinix.com\/fr\/our-people\/#dignity_and_respect\">Dignit\u00e9 et respect<\/a><\/li>\n<li><a href=\"https:\/\/codeofbusinessconduct.equinix.com\/fr\/our-people\/#safety\">S\u00e9curit\u00e9<\/a><\/li>\n<\/ul>\n<p><a href=\"https:\/\/codeofbusinessconduct.equinix.com\/fr\/our-business-relationships\/\"><strong>NOS RELATIONS D\u2019AFFAIRES<\/strong><\/a><\/p>\n<ul>\n<li><a href=\"https:\/\/codeofbusinessconduct.equinix.com\/fr\/our-business-relationships\/#Conflicts_of_interest\">Conflits d\u2019int\u00e9r\u00eats<\/a><\/li>\n<li><a href=\"https:\/\/codeofbusinessconduct.equinix.com\/fr\/our-business-relationships\/#Gifts_and_entertainment\">Cadeaux et divertissements<\/a><\/li>\n<li><a href=\"https:\/\/codeofbusinessconduct.equinix.com\/fr\/our-business-relationships\/#Prohibited_payments_and_gifts_to_government_personnel\">Paiements et cadeaux interdits aux fonctionnaires du gouvernement<\/a><\/li>\n<li><a href=\"https:\/\/codeofbusinessconduct.equinix.com\/fr\/our-business-relationships\/#Protecting_our_reputation_and_property\">Prot\u00e9ger notre r\u00e9putation et nos biens<\/a><\/li>\n<li><a href=\"https:\/\/codeofbusinessconduct.equinix.com\/fr\/our-business-relationships\/#Speaking_on_behalf_of_our_company\">Parler au nom de notre soci\u00e9t\u00e9<\/a><\/li>\n<\/ul>\n<p>[\/vc_column_text][\/vc_column_inner][vc_column_inner width=&#8221;1\/2&#8243;][vc_column_text]<a href=\"https:\/\/codeofbusinessconduct.equinix.com\/fr\/our-commitment-to-the-law\/#Competition_and_fair_dealing\"><strong>NOTRE ENGAGEMENT ENVERS LA LOI<\/strong><\/a><\/p>\n<ul>\n<li><a href=\"https:\/\/codeofbusinessconduct.equinix.com\/fr\/our-commitment-to-the-law\/#Competition_and_fair_dealing\">Concurrence et \u00e9quit\u00e9 commerciale<\/a><\/li>\n<li><a href=\"https:\/\/codeofbusinessconduct.equinix.com\/fr\/our-commitment-to-the-law\/#Daily_privacy\">Confidentialit\u00e9 des donn\u00e9es<\/a><\/li>\n<li><a href=\"https:\/\/codeofbusinessconduct.equinix.com\/fr\/our-commitment-to-the-law\/#Anti-bribery_and_corruption\">Lutte contre la corruption et les pots-de-vin<\/a><\/li>\n<li><a href=\"https:\/\/codeofbusinessconduct.equinix.com\/fr\/our-commitment-to-the-law\/#Intellectual_property\">Propri\u00e9t\u00e9 intellectuelle<\/a><\/li>\n<li><a href=\"https:\/\/codeofbusinessconduct.equinix.com\/fr\/our-commitment-to-the-law\/#Inside_information_and_securities_trading\">Informations privil\u00e9gi\u00e9es et op\u00e9rations sur titres<\/a><\/li>\n<\/ul>\n<p><a href=\"https:\/\/codeofbusinessconduct.equinix.com\/fr\/our-community\/\"><strong>NOTRE COMMUNAUT\u00c9<\/strong><\/a><\/p>\n<ul>\n<li><a href=\"https:\/\/codeofbusinessconduct.equinix.com\/fr\/our-community\/#Human_rights\">Droits de l\u2019homme<\/a><\/li>\n<li><a href=\"https:\/\/codeofbusinessconduct.equinix.com\/fr\/our-community\/#Charitable_contributions\">Contributions caritatives<\/a><\/li>\n<li><a href=\"https:\/\/codeofbusinessconduct.equinix.com\/fr\/our-community\/#Political_activities_and_contributions\">Activit\u00e9s et contributions politiques<\/a><\/li>\n<li><a href=\"https:\/\/codeofbusinessconduct.equinix.com\/fr\/our-community\/#The_environment\">L\u2019environnement<\/a><\/li>\n<\/ul>\n<p><a href=\"https:\/\/codeofbusinessconduct.equinix.com\/fr\/our-responsibility\/\"><strong>NOTRE RESPONSABILIT\u00c9<\/strong><\/a><\/p>\n<ul>\n<li><a href=\"https:\/\/codeofbusinessconduct.equinix.com\/fr\/our-responsibility\/#Your_voice_matters\">Votre voix compte<\/a><\/li>\n<li><a href=\"https:\/\/codeofbusinessconduct.equinix.com\/fr\/our-responsibility\/#Ways_to_speak_up\">Comment d\u00e9noncer ?<\/a><\/li>\n<li><a href=\"https:\/\/codeofbusinessconduct.equinix.com\/fr\/our-responsibility\/#Whistleblower_protection_policy\">Politique de protection des lanceurs d\u2019alerte<\/a><\/li>\n<li><a href=\"https:\/\/codeofbusinessconduct.equinix.com\/fr\/our-responsibility\/#Code_of_business_conduct_waivers\">D\u00e9rogations au code de conduite des affaires<\/a><\/li>\n<\/ul>\n<p><a href=\"https:\/\/codeofbusinessconduct.equinix.com\/fr\/additional-resources\/\"><strong>RESSOURCES SUPPL\u00c9MENTAIRES<\/strong><\/a>[\/vc_column_text][\/vc_column_inner][\/vc_row_inner][\/vc_column][\/vc_row][vc_row css_animation=&#8221;&#8221; row_type=&#8221;row&#8221; use_row_as_full_screen_section=&#8221;no&#8221; type=&#8221;grid&#8221; angled_section=&#8221;no&#8221; text_align=&#8221;left&#8221; background_image_as_pattern=&#8221;without_pattern&#8221; z_index=&#8221;&#8221; padding_top=&#8221;32&#8243; padding_bottom=&#8221;50&#8243; el_class=&#8221;purpose_values our_space&#8221; anchor=&#8221;Our_Purpose_and_Values&#8221;][vc_column width=&#8221;1\/2&#8243; css=&#8221;.vc_custom_1615551557750{padding-bottom: 40px !important;}&#8221;][vc_single_image image=&#8221;485&#8243; img_size=&#8221;full&#8221; alignment=&#8221;center&#8221; qode_css_animation=&#8221;&#8221; el_class=&#8221;w-100&#8243;][\/vc_column][vc_column width=&#8221;1\/2&#8243; css=&#8221;.vc_custom_1615792034246{padding-bottom: 40px !important;}&#8221;][vc_single_image image=&#8221;486&#8243; img_size=&#8221;full&#8221; qode_css_animation=&#8221;&#8221;][vc_empty_space height=&#8221;8px&#8221;][vc_column_text]<\/p>\n<h3>NOTRE OBJECTIF, NOTRE R\u00caVE ET NOS VALEURS<\/h3>\n<div class=\"lead\">La promesse d\u2019Equinix<\/div>\n<h4>NOTRE OBJECTIF<\/h4>\n<p>\u00catre la plateforme o\u00f9 le monde se rassemble, permettant les innovations qui enrichissent notre travail, notre vie et notre plan\u00e8te.<\/p>\n<h4>NOS VALEURS<\/h4>\n<ul>\n<li>Les clients comptent sur nous quant au respect de nos engagements.<\/li>\n<li>Equinix, ce sont des gens d\u00e9vou\u00e9s qui se tiennent mutuellement responsables d\u2019une ex\u00e9cution sup\u00e9rieure.<\/li>\n<li>Nous valorisons une culture de pens\u00e9e et d\u2019action disciplin\u00e9es.<\/li>\n<li>Chez Equinix, nous fixons des normes d\u2019excellence \u00e9lev\u00e9es.<\/li>\n<li>Notre passion pour cr\u00e9er une grande entreprise durable est la priorit\u00e9 absolue.<\/li>\n<\/ul>\n<p>[\/vc_column_text][\/vc_column][\/vc_row]<\/p>\n<\/section>","protected":false},"excerpt":{"rendered":"<p>[vc_row css_animation=&#8221;&#8221; row_type=&#8221;row&#8221; use_row_as_full_screen_section=&#8221;no&#8221; type=&#8221;full_width&#8221; angled_section=&#8221;no&#8221; text_align=&#8221;center&#8221; background_image_as_pattern=&#8221;without_pattern&#8221; z_index=&#8221;&#8221; background_image=&#8221;469&#8243; el_class=&#8221;slider-image&#8221;][vc_column][vc_column_text] CODE DE D\u00c9ONTOLOGIE D\u2019EQUINIX [\/vc_column_text][\/vc_column][\/vc_row][vc_row css_animation=&#8221;&#8221; row_type=&#8221;row&#8221; use_row_as_full_screen_section=&#8221;no&#8221; type=&#8221;grid&#8221; angled_section=&#8221;no&#8221; text_align=&#8221;left&#8221; background_image_as_pattern=&#8221;without_pattern&#8221; z_index=&#8221;&#8221; padding_top=&#8221;50&#8243; padding_bottom=&#8221;32&#8243; el_class=&#8221;our-message&#8221;][vc_column width=&#8221;2\/3&#8243;][vc_single_image image=&#8221;487&#8243; img_size=&#8221;full&#8221; qode_css_animation=&#8221;&#8221;][vc_empty_space height=&#8221;8px&#8221;][vc_column_text] NOTRE MESSAGE Chers(-\u00e8res) coll\u00e8gues,\u00a0 Chez Equinix, nous sommes incroyablement fiers(-\u00e8res) de l\u2019organisation florissante&#8230;<\/p>\n","protected":false},"author":1,"featured_media":0,"parent":0,"menu_order":0,"comment_status":"closed","ping_status":"closed","template":"full_width.php","meta":{"inline_featured_image":false,"footnotes":""},"class_list":["post-479","page","type-page","status-publish","hentry"],"yoast_head":"<!-- This site is optimized with the Yoast SEO plugin v25.8 - https:\/\/yoast.com\/wordpress\/plugins\/seo\/ -->\n<title>Homepage - Equinix Code of Business Conduct<\/title>\n<meta name=\"robots\" content=\"index, follow, max-snippet:-1, max-image-preview:large, max-video-preview:-1\" \/>\n<link rel=\"canonical\" href=\"https:\/\/codeofbusinessconduct.equinix.com\/fr\/\" \/>\n<meta property=\"og:locale\" content=\"fr_FR\" \/>\n<meta property=\"og:type\" content=\"article\" \/>\n<meta property=\"og:title\" content=\"Homepage - Equinix Code of Business Conduct\" \/>\n<meta property=\"og:description\" content=\"[vc_row css_animation=&#8221;&#8221; row_type=&#8221;row&#8221; use_row_as_full_screen_section=&#8221;no&#8221; type=&#8221;full_width&#8221; angled_section=&#8221;no&#8221; text_align=&#8221;center&#8221; background_image_as_pattern=&#8221;without_pattern&#8221; z_index=&#8221;&#8221; background_image=&#8221;469&#8243; el_class=&#8221;slider-image&#8221;][vc_column][vc_column_text] CODE DE D\u00c9ONTOLOGIE D\u2019EQUINIX [\/vc_column_text][\/vc_column][\/vc_row][vc_row css_animation=&#8221;&#8221; row_type=&#8221;row&#8221; use_row_as_full_screen_section=&#8221;no&#8221; type=&#8221;grid&#8221; angled_section=&#8221;no&#8221; text_align=&#8221;left&#8221; background_image_as_pattern=&#8221;without_pattern&#8221; z_index=&#8221;&#8221; padding_top=&#8221;50&#8243; padding_bottom=&#8221;32&#8243; el_class=&#8221;our-message&#8221;][vc_column width=&#8221;2\/3&#8243;][vc_single_image image=&#8221;487&#8243; img_size=&#8221;full&#8221; qode_css_animation=&#8221;&#8221;][vc_empty_space height=&#8221;8px&#8221;][vc_column_text] NOTRE MESSAGE Chers(-\u00e8res) coll\u00e8gues,\u00a0 Chez Equinix, nous sommes incroyablement fiers(-\u00e8res) de l\u2019organisation florissante...\" \/>\n<meta property=\"og:url\" content=\"https:\/\/codeofbusinessconduct.equinix.com\/fr\/\" \/>\n<meta property=\"og:site_name\" content=\"Equinix Code of Business Conduct\" \/>\n<meta property=\"article:modified_time\" content=\"2024-11-27T04:16:22+00:00\" \/>\n<meta name=\"twitter:card\" content=\"summary_large_image\" \/>\n<meta name=\"twitter:label1\" content=\"Dur\u00e9e de lecture estim\u00e9e\" \/>\n\t<meta name=\"twitter:data1\" content=\"5 minutes\" \/>\n<script type=\"application\/ld+json\" class=\"yoast-schema-graph\">{\"@context\":\"https:\/\/schema.org\",\"@graph\":[{\"@type\":\"WebPage\",\"@id\":\"https:\/\/codeofbusinessconduct.equinix.com\/fr\/\",\"url\":\"https:\/\/codeofbusinessconduct.equinix.com\/fr\/\",\"name\":\"Homepage - Equinix Code of Business Conduct\",\"isPartOf\":{\"@id\":\"https:\/\/cobc-prod.azurewebsites.net\/#website\"},\"datePublished\":\"2021-03-10T05:32:20+00:00\",\"dateModified\":\"2024-11-27T04:16:22+00:00\",\"breadcrumb\":{\"@id\":\"https:\/\/codeofbusinessconduct.equinix.com\/fr\/#breadcrumb\"},\"inLanguage\":\"fr-FR\",\"potentialAction\":[{\"@type\":\"ReadAction\",\"target\":[\"https:\/\/codeofbusinessconduct.equinix.com\/fr\/\"]}]},{\"@type\":\"BreadcrumbList\",\"@id\":\"https:\/\/codeofbusinessconduct.equinix.com\/fr\/#breadcrumb\",\"itemListElement\":[{\"@type\":\"ListItem\",\"position\":1,\"name\":\"Home\",\"item\":\"https:\/\/codeofbusinessconduct.equinix.com\/fr\/\"},{\"@type\":\"ListItem\",\"position\":2,\"name\":\"Homepage\"}]},{\"@type\":\"WebSite\",\"@id\":\"https:\/\/cobc-prod.azurewebsites.net\/#website\",\"url\":\"https:\/\/cobc-prod.azurewebsites.net\/\",\"name\":\"Equinix Code of Business Conduct\",\"description\":\"\",\"potentialAction\":[{\"@type\":\"SearchAction\",\"target\":{\"@type\":\"EntryPoint\",\"urlTemplate\":\"https:\/\/cobc-prod.azurewebsites.net\/?s={search_term_string}\"},\"query-input\":{\"@type\":\"PropertyValueSpecification\",\"valueRequired\":true,\"valueName\":\"search_term_string\"}}],\"inLanguage\":\"fr-FR\"}]}<\/script>\n<!-- \/ Yoast SEO plugin. -->","yoast_head_json":{"title":"Homepage - Equinix Code of Business Conduct","robots":{"index":"index","follow":"follow","max-snippet":"max-snippet:-1","max-image-preview":"max-image-preview:large","max-video-preview":"max-video-preview:-1"},"canonical":"https:\/\/codeofbusinessconduct.equinix.com\/fr\/","og_locale":"fr_FR","og_type":"article","og_title":"Homepage - Equinix Code of Business Conduct","og_description":"[vc_row css_animation=&#8221;&#8221; row_type=&#8221;row&#8221; use_row_as_full_screen_section=&#8221;no&#8221; type=&#8221;full_width&#8221; angled_section=&#8221;no&#8221; text_align=&#8221;center&#8221; background_image_as_pattern=&#8221;without_pattern&#8221; z_index=&#8221;&#8221; background_image=&#8221;469&#8243; el_class=&#8221;slider-image&#8221;][vc_column][vc_column_text] CODE DE D\u00c9ONTOLOGIE D\u2019EQUINIX [\/vc_column_text][\/vc_column][\/vc_row][vc_row css_animation=&#8221;&#8221; row_type=&#8221;row&#8221; use_row_as_full_screen_section=&#8221;no&#8221; type=&#8221;grid&#8221; angled_section=&#8221;no&#8221; text_align=&#8221;left&#8221; background_image_as_pattern=&#8221;without_pattern&#8221; z_index=&#8221;&#8221; padding_top=&#8221;50&#8243; padding_bottom=&#8221;32&#8243; el_class=&#8221;our-message&#8221;][vc_column width=&#8221;2\/3&#8243;][vc_single_image image=&#8221;487&#8243; img_size=&#8221;full&#8221; qode_css_animation=&#8221;&#8221;][vc_empty_space height=&#8221;8px&#8221;][vc_column_text] NOTRE MESSAGE Chers(-\u00e8res) coll\u00e8gues,\u00a0 Chez Equinix, nous sommes incroyablement fiers(-\u00e8res) de l\u2019organisation florissante...","og_url":"https:\/\/codeofbusinessconduct.equinix.com\/fr\/","og_site_name":"Equinix Code of Business Conduct","article_modified_time":"2024-11-27T04:16:22+00:00","twitter_card":"summary_large_image","twitter_misc":{"Dur\u00e9e de lecture estim\u00e9e":"5 minutes"},"schema":{"@context":"https:\/\/schema.org","@graph":[{"@type":"WebPage","@id":"https:\/\/codeofbusinessconduct.equinix.com\/fr\/","url":"https:\/\/codeofbusinessconduct.equinix.com\/fr\/","name":"Homepage - Equinix Code of Business Conduct","isPartOf":{"@id":"https:\/\/cobc-prod.azurewebsites.net\/#website"},"datePublished":"2021-03-10T05:32:20+00:00","dateModified":"2024-11-27T04:16:22+00:00","breadcrumb":{"@id":"https:\/\/codeofbusinessconduct.equinix.com\/fr\/#breadcrumb"},"inLanguage":"fr-FR","potentialAction":[{"@type":"ReadAction","target":["https:\/\/codeofbusinessconduct.equinix.com\/fr\/"]}]},{"@type":"BreadcrumbList","@id":"https:\/\/codeofbusinessconduct.equinix.com\/fr\/#breadcrumb","itemListElement":[{"@type":"ListItem","position":1,"name":"Home","item":"https:\/\/codeofbusinessconduct.equinix.com\/fr\/"},{"@type":"ListItem","position":2,"name":"Homepage"}]},{"@type":"WebSite","@id":"https:\/\/cobc-prod.azurewebsites.net\/#website","url":"https:\/\/cobc-prod.azurewebsites.net\/","name":"Equinix Code of Business Conduct","description":"","potentialAction":[{"@type":"SearchAction","target":{"@type":"EntryPoint","urlTemplate":"https:\/\/cobc-prod.azurewebsites.net\/?s={search_term_string}"},"query-input":{"@type":"PropertyValueSpecification","valueRequired":true,"valueName":"search_term_string"}}],"inLanguage":"fr-FR"}]}},"_links":{"self":[{"href":"https:\/\/codeofbusinessconduct.equinix.com\/fr\/wp-json\/wp\/v2\/pages\/479","targetHints":{"allow":["GET"]}}],"collection":[{"href":"https:\/\/codeofbusinessconduct.equinix.com\/fr\/wp-json\/wp\/v2\/pages"}],"about":[{"href":"https:\/\/codeofbusinessconduct.equinix.com\/fr\/wp-json\/wp\/v2\/types\/page"}],"author":[{"embeddable":true,"href":"https:\/\/codeofbusinessconduct.equinix.com\/fr\/wp-json\/wp\/v2\/users\/1"}],"replies":[{"embeddable":true,"href":"https:\/\/codeofbusinessconduct.equinix.com\/fr\/wp-json\/wp\/v2\/comments?post=479"}],"version-history":[{"count":12,"href":"https:\/\/codeofbusinessconduct.equinix.com\/fr\/wp-json\/wp\/v2\/pages\/479\/revisions"}],"predecessor-version":[{"id":4913,"href":"https:\/\/codeofbusinessconduct.equinix.com\/fr\/wp-json\/wp\/v2\/pages\/479\/revisions\/4913"}],"wp:attachment":[{"href":"https:\/\/codeofbusinessconduct.equinix.com\/fr\/wp-json\/wp\/v2\/media?parent=479"}],"curies":[{"name":"wp","href":"https:\/\/api.w.org\/{rel}","templated":true}]}}