{"id":1558,"date":"2021-10-01T20:32:22","date_gmt":"2021-10-01T20:32:22","guid":{"rendered":"https:\/\/codeofbusinessconduct.equinix.com\/?page_id=1558"},"modified":"2022-04-12T16:21:47","modified_gmt":"2022-04-12T16:21:47","slug":"additional-resources","status":"publish","type":"page","link":"https:\/\/codeofbusinessconduct.equinix.com\/fr-ca\/additional-resources\/","title":{"rendered":"RESSOURCES SUPPL\u00c9MENTAIRES"},"content":{"rendered":"<section class=\"wpb-content-wrapper\"><p>[vc_row css_animation=&#8221;&#8221; row_type=&#8221;row&#8221; use_row_as_full_screen_section=&#8221;no&#8221; type=&#8221;full_width&#8221; angled_section=&#8221;no&#8221; text_align=&#8221;left&#8221; background_image_as_pattern=&#8221;without_pattern&#8221;][vc_column][vc_single_image image=&#8221;1562&#8243; img_size=&#8221;full&#8221; qode_css_animation=&#8221;&#8221;][vc_empty_space height=&#8221;8px&#8221;][vc_column_text]<\/p>\n<h3>RESSOURCES SUPPL\u00c9MENTAIRES<\/h3>\n<div class=\"lead\">Pour nous aider \u00e0 comprendre et \u00e0 adopter notre Code, nos politiques et nos directives<\/div>\n<p>[\/vc_column_text][\/vc_column][\/vc_row][vc_row css_animation=&#8221;&#8221; row_type=&#8221;row&#8221; use_row_as_full_screen_section=&#8221;no&#8221; type=&#8221;full_width&#8221; angled_section=&#8221;no&#8221; text_align=&#8221;left&#8221; background_image_as_pattern=&#8221;without_pattern&#8221; z_index=&#8221;&#8221; padding_top=&#8221;30&#8243; padding_bottom=&#8221;20&#8243;][vc_column width=&#8221;1\/4&#8243; css=&#8221;.vc_custom_1615550437479{padding-bottom: 20px !important;}&#8221;][vc_single_image image=&#8221;1564&#8243; img_size=&#8221;full&#8221; alignment=&#8221;center&#8221; qode_css_animation=&#8221;&#8221;][\/vc_column][vc_column width=&#8221;3\/4&#8243; el_class=&#8221;purpose_values&#8221; css=&#8221;.vc_custom_1615550431216{padding-bottom: 20px !important;}&#8221;][vc_column_text]<\/p>\n<h4>MOT DE LA DIRECTRICE DE LA CONFORMIT\u00c9<\/h4>\n<p>Equinix s\u2019engage \u00e0 respecter des pratiques commerciales honn\u00eates et \u00e9thiques, et cet engagement oriente et informe toutes les directives et politiques du Code de conduite professionnelle d\u2019Equinix.<\/p>\n<p>En tant qu\u2019employ\u00e9s d\u2019Equinix, nous sommes responsables d\u2019agir de mani\u00e8re \u00e9thique et honn\u00eate dans toutes nos transactions commerciales, ce qui comprend la compr\u00e9hension des directives et des politiques de notre Code, leur suivi, et le signalement des probl\u00e8mes et des violations lorsque nous les constatons.<\/p>\n<p>En travaillant ensemble, nous faisons d\u2019Equinix un mod\u00e8le d\u2019honn\u00eatet\u00e9 et d\u2019int\u00e9grit\u00e9 et construisons un lieu de travail \u00e9thique dont nous pouvons tous \u00eatre fiers.<\/p>\n<p>Equinix dispose de divers outils et de ressources pour vous aider \u00e0 rechercher des conseils et \u00e0 signaler des probl\u00e8mes. Veuillez utiliser celle avec laquelle vous \u00eates le plus \u00e0 l\u2019aise.<\/p>\n<p>Vous pouvez \u00e9galement me contacter directement \u00e0 <a href=\"mailto:mwellman@equinix.com\">mwellman@equinix.com<\/a>[\/vc_column_text][vc_empty_space height=&#8221;20px&#8221;][vc_single_image image=&#8221;1561&#8243; img_size=&#8221;full&#8221; qode_css_animation=&#8221;&#8221;][vc_empty_space height=&#8221;20px&#8221;][vc_column_text el_class=&#8221;team_header&#8221;]<strong>Mary Anne Wellman<\/strong><br \/>\nVP, Responsable juridique et Directrice de la conformit\u00e9[\/vc_column_text][\/vc_column][\/vc_row][vc_row css_animation=&#8221;&#8221; row_type=&#8221;row&#8221; use_row_as_full_screen_section=&#8221;no&#8221; type=&#8221;full_width&#8221; angled_section=&#8221;no&#8221; text_align=&#8221;left&#8221; background_image_as_pattern=&#8221;without_pattern&#8221; z_index=&#8221;&#8221; padding_bottom=&#8221;140&#8243; el_class=&#8221;addition_resource addition_space&#8221; anchor=&#8221;recommended_readings&#8221;][vc_column width=&#8221;1\/2&#8243; el_class=&#8221;purpose_values&#8221; css=&#8221;.vc_custom_1615786880429{padding-bottom: 40px !important;}&#8221;][vc_column_text]<\/p>\n<h4>SIGNALER DES PR\u00c9OCCUPATIONS OU DES VIOLATIONS<\/h4>\n<p>Use any of the following options to report your compliance issues and concerns:<\/p>\n<p>Service d&#8217;assistance \u00ab Equinix Compliance Helpline \u00bb : <a href=\"https:\/\/secure.ethicspoint.com\/domain\/media\/en\/gui\/54104\/index.html\">www.equinix.ethicspoint.com<\/a>[\/vc_column_text][vc_empty_space height=&#8221;25px&#8221;][vc_column_text]<\/p>\n<h4>RENONCIATION AUX CONFLITS D&#8217;INT\u00c9R\u00caTS<\/h4>\n<p><a href=\"https:\/\/secure.ethicspoint.com\/domain\/media\/en\/gui\/54104\/index.html\" target=\"_blank\" rel=\"noopener\">www.equinix.ethicspoint.com<\/a>[\/vc_column_text][vc_empty_space height=&#8221;30px&#8221;][vc_column_text]<\/p>\n<h4>DEMANDES DE RENSEIGNEMENTS<\/h4>\n<p>Pour toute demande de renseignements sur les ressources humaines, veuillez contacter :<\/p>\n<ul>\n<li>Votre repr\u00e9sentant RH local<\/li>\n<li><a href=\"mailto:HRDirect@equinix.com\">HRDirect@equinix.com<\/a><\/li>\n<\/ul>\n<p>[\/vc_column_text][vc_empty_space height=&#8221;20px&#8221;][vc_column_text]<\/p>\n<h5>Pour toute demande d\u2019ordre juridique, veuillez contacter :<\/h5>\n<ul>\n<li>Le responsable de la conformit\u00e9 d\u2019Equinix<\/li>\n<li>Votre vice-pr\u00e9sident local du service juridique dans les Am\u00e9riques, en AsiePacifique ou les pays d\u2019Europe, du Moy en-Orient et de l\u2019Afrique<\/li>\n<li>Le Directeur juridique et avocat g\u00e9n\u00e9ral<\/li>\n<\/ul>\n<h5>Pour toute question relative \u00e0 la s\u00e9curit\u00e9 des informations, veuillez contacter :<\/h5>\n<ul>\n<li>L&#8217;\u00e9quipe Global Information Security &#8211; <a href=\"mailto:infosec@equinix.com\">infosec@equinix.com<\/a><\/li>\n<li>Le responsable de la s\u00e9curit\u00e9 de l&#8217;information<\/li>\n<\/ul>\n<p>[\/vc_column_text][vc_empty_space height=&#8221;15px&#8221;][vc_column_text]Pour toute demande de don de bienfaisance, veuillez contacter :<br \/>\n<a href=\"mailto:EquinixImpact@equinix.com\">EquinixImpact@equinix.com<\/a>[\/vc_column_text][\/vc_column][vc_column width=&#8221;1\/2&#8243; el_class=&#8221;purpose_values&#8221; css=&#8221;.vc_custom_1615786886049{padding-bottom: 40px !important;}&#8221;][vc_single_image image=&#8221;1563&#8243; img_size=&#8221;full&#8221; qode_css_animation=&#8221;&#8221; el_class=&#8221;w-100&#8243;][vc_empty_space height=&#8221;20px&#8221;][vc_column_text]<\/p>\n<h4>POLITIQUES CONNEXES ET LECTURE RECOMMAND\u00c9E<\/h4>\n<ul>\n<li><a href=\"https:\/\/brand.equinix.com\/\" target=\"_blank\" rel=\"noopener\">Brand Guidelines<\/a><\/li>\n<li><a href=\"https:\/\/intranet.equinix.com\/_layouts\/15\/WopiFrame.aspx?sourcedoc=%7B8A724243-E01D-42F1-A66D-FCAEBB5F61D0%7D&amp;file=Whistleblower%20Policy%20-%20English%20Language%20Version.pdf&amp;action=default\" target=\"_blank\" rel=\"noopener\">La Politique de protection des d\u00e9nonciateurs<\/a><\/li>\n<\/ul>\n<p>[\/vc_column_text][vc_empty_space height=&#8221;20px&#8221;]\n        <div class=\"resources_login\">\n            <p>Les fichiers ci-dessous sont r\u00e9serv\u00e9s aux employ\u00e9s d'Equinix. L'acc\u00e8s aux appareils mobiles peut \u00e9galement \u00eatre restreint. Veuillez visiter le Hub via un ordinateur de bureau ou un ordinateur portable fourni par l'entreprise pour acc\u00e9der aux liens suppl\u00e9mentaires ci-dessous.<\/p>\n            <div class=\"resouce_btn\">\n                <a href=\"https:\/\/codeofbusinessconduct.equinix.com\/?option=saml_user_login&redirect_to=https%3A%2F%2Fcodeofbusinessconduct.equinix.com%2Fadditional-resources%2F\">Connexion<\/a>\n                <a href=\"https:\/\/intranet.equinix.com\/Pages\/Home.aspx\" target=\"_self\">Aller au hub<\/a>\n            <\/div>\n        <\/div>\n        <div class=\"log_list disabled dlog\"><\/p>\n<ul>\n<li><a href=\"https:\/\/myhresc.equinix.com\/hr?id=kb_article&amp;sys_id=6fe06838db6f9c508228ecfc139619a0\" rel=\"noopener\">Global Employee Handbooks<\/a><\/li>\n<li><a href=\"http:\/\/intranet.equinix.com\/Pages\/IT\/Architecture-and-Information-Security.aspx\" rel=\"noopener\">Politique de la s\u00e9curit\u00e9 des TI<\/a><\/li>\n<li><a href=\"http:\/\/intranet.equinix.com\/Company\/Equinix%20Impact\/Equinix%20Global%20Giving%20Policy.PDF\" rel=\"noopener\">Global Giving and Matching Policy<\/a><\/li>\n<li><a href=\"http:\/\/gpl.corp.equinix.com\/_layouts\/15\/WopiFrame2.aspx?sourcedoc=%7B37191409-028B-478D-94A6-FE812245455F%7D&amp;file=gpl_pol_gen_oth10455.pdf&amp;action=default&amp;DefaultItemOpen=1\" rel=\"noopener\">Politique de gestion de documents<\/a><\/li>\n<li><a href=\"http:\/\/gpl.corp.equinix.com\/_layouts\/15\/WopiFrame2.aspx?sourcedoc=%7BB2B034D5-C537-469B-A6A6-6CBF36A07730%7D&amp;file=GPL_REF_Man_Man3578.docx&amp;action=default&amp;DefaultItemOpen=1\" rel=\"noopener\">Lignes directrices pour les m\u00e9dias sociaux<\/a><\/li>\n<li><a href=\"http:\/\/intranet.equinix.com\/Company\/Equinix%20Impact\/Equinix%20Matching%20Gifts%20Program%20Policy.PDF\" rel=\"noopener\">Politique de dons de contrepartie<\/a><\/li>\n<li><a href=\"https:\/\/intranet.equinix.com\/Legal\/Governance\/Securities%20Trading%20Policy%20-%20English%20Language%20Version.pdf\" rel=\"noopener\">La Politique relative aux op\u00e9rations sur les titres Durabilit\u00e9<\/a><\/li>\n<li><a href=\"http:\/\/gpl.corp.equinix.com\/_layouts\/15\/WopiFrame2.aspx?sourcedoc=%7B58AA8EBC-23EA-4FEB-B47D-D53F84AC786B%7D&amp;file=GPL_POL_Gen_Oth12021.pdf&amp;action=default&amp;DefaultItemOpen=1\" rel=\"noopener\">Politique sur les frais de d\u00e9placement et autre frais<\/a><\/li>\n<\/ul>\n<p><\/div>[vc_empty_space height=&#8221;26px&#8221;][vc_column_text][\/vc_column_text][vc_column_text][\/vc_column_text][\/vc_column][\/vc_row]<\/p>\n<\/section>","protected":false},"excerpt":{"rendered":"<p>[vc_row css_animation=&#8221;&#8221; row_type=&#8221;row&#8221; use_row_as_full_screen_section=&#8221;no&#8221; type=&#8221;full_width&#8221; angled_section=&#8221;no&#8221; text_align=&#8221;left&#8221; background_image_as_pattern=&#8221;without_pattern&#8221;][vc_column][vc_single_image image=&#8221;1562&#8243; img_size=&#8221;full&#8221; qode_css_animation=&#8221;&#8221;][vc_empty_space height=&#8221;8px&#8221;][vc_column_text] RESSOURCES SUPPL\u00c9MENTAIRES Pour nous aider \u00e0 comprendre et \u00e0 adopter notre Code, nos politiques et nos directives [\/vc_column_text][\/vc_column][\/vc_row][vc_row css_animation=&#8221;&#8221; row_type=&#8221;row&#8221; use_row_as_full_screen_section=&#8221;no&#8221; type=&#8221;full_width&#8221; angled_section=&#8221;no&#8221; text_align=&#8221;left&#8221; background_image_as_pattern=&#8221;without_pattern&#8221; z_index=&#8221;&#8221; padding_top=&#8221;30&#8243; padding_bottom=&#8221;20&#8243;][vc_column width=&#8221;1\/4&#8243; css=&#8221;.vc_custom_1615550437479{padding-bottom: 20px !important;}&#8221;][vc_single_image image=&#8221;1564&#8243;&#8230;<\/p>\n","protected":false},"author":1,"featured_media":0,"parent":0,"menu_order":0,"comment_status":"closed","ping_status":"closed","template":"","meta":{"inline_featured_image":false,"footnotes":""},"class_list":["post-1558","page","type-page","status-publish","hentry"],"yoast_head":"<!-- This site is optimized with the Yoast SEO plugin v25.8 - https:\/\/yoast.com\/wordpress\/plugins\/seo\/ -->\n<title>RESSOURCES SUPPL\u00c9MENTAIRES - Equinix Code of Business Conduct<\/title>\n<meta name=\"robots\" content=\"index, follow, max-snippet:-1, max-image-preview:large, max-video-preview:-1\" \/>\n<link rel=\"canonical\" href=\"https:\/\/169.254.129.2\/additional-resources\/\" \/>\n<meta property=\"og:locale\" content=\"fr_CA\" \/>\n<meta property=\"og:type\" content=\"article\" \/>\n<meta property=\"og:title\" content=\"RESSOURCES SUPPL\u00c9MENTAIRES - Equinix Code of Business Conduct\" \/>\n<meta property=\"og:description\" content=\"[vc_row css_animation=&#8221;&#8221; row_type=&#8221;row&#8221; use_row_as_full_screen_section=&#8221;no&#8221; type=&#8221;full_width&#8221; angled_section=&#8221;no&#8221; text_align=&#8221;left&#8221; background_image_as_pattern=&#8221;without_pattern&#8221;][vc_column][vc_single_image image=&#8221;1562&#8243; img_size=&#8221;full&#8221; qode_css_animation=&#8221;&#8221;][vc_empty_space height=&#8221;8px&#8221;][vc_column_text] RESSOURCES SUPPL\u00c9MENTAIRES Pour nous aider \u00e0 comprendre et \u00e0 adopter notre Code, nos politiques et nos directives [\/vc_column_text][\/vc_column][\/vc_row][vc_row css_animation=&#8221;&#8221; row_type=&#8221;row&#8221; use_row_as_full_screen_section=&#8221;no&#8221; type=&#8221;full_width&#8221; angled_section=&#8221;no&#8221; text_align=&#8221;left&#8221; background_image_as_pattern=&#8221;without_pattern&#8221; z_index=&#8221;&#8221; padding_top=&#8221;30&#8243; padding_bottom=&#8221;20&#8243;][vc_column width=&#8221;1\/4&#8243; css=&#8221;.vc_custom_1615550437479{padding-bottom: 20px !important;}&#8221;][vc_single_image image=&#8221;1564&#8243;...\" \/>\n<meta property=\"og:url\" content=\"https:\/\/169.254.129.2\/additional-resources\/\" \/>\n<meta property=\"og:site_name\" content=\"Equinix Code of Business Conduct\" \/>\n<meta property=\"article:modified_time\" content=\"2022-04-12T16:21:47+00:00\" \/>\n<meta name=\"twitter:card\" content=\"summary_large_image\" \/>\n<meta name=\"twitter:label1\" content=\"Estimation du temps de lecture\" \/>\n\t<meta name=\"twitter:data1\" content=\"4 minutes\" \/>\n<script type=\"application\/ld+json\" class=\"yoast-schema-graph\">{\"@context\":\"https:\/\/schema.org\",\"@graph\":[{\"@type\":\"WebPage\",\"@id\":\"https:\/\/169.254.129.2\/additional-resources\/\",\"url\":\"https:\/\/169.254.129.2\/additional-resources\/\",\"name\":\"RESSOURCES SUPPL\u00c9MENTAIRES - Equinix Code of Business Conduct\",\"isPartOf\":{\"@id\":\"https:\/\/cobc-prod.azurewebsites.net\/#website\"},\"datePublished\":\"2021-10-01T20:32:22+00:00\",\"dateModified\":\"2022-04-12T16:21:47+00:00\",\"breadcrumb\":{\"@id\":\"https:\/\/169.254.129.2\/additional-resources\/#breadcrumb\"},\"inLanguage\":\"fr-CA\",\"potentialAction\":[{\"@type\":\"ReadAction\",\"target\":[\"https:\/\/169.254.129.2\/additional-resources\/\"]}]},{\"@type\":\"BreadcrumbList\",\"@id\":\"https:\/\/169.254.129.2\/additional-resources\/#breadcrumb\",\"itemListElement\":[{\"@type\":\"ListItem\",\"position\":1,\"name\":\"Home\",\"item\":\"https:\/\/169.254.129.2\/\"},{\"@type\":\"ListItem\",\"position\":2,\"name\":\"RESSOURCES SUPPL\u00c9MENTAIRES\"}]},{\"@type\":\"WebSite\",\"@id\":\"https:\/\/cobc-prod.azurewebsites.net\/#website\",\"url\":\"https:\/\/cobc-prod.azurewebsites.net\/\",\"name\":\"Equinix Code of Business Conduct\",\"description\":\"\",\"potentialAction\":[{\"@type\":\"SearchAction\",\"target\":{\"@type\":\"EntryPoint\",\"urlTemplate\":\"https:\/\/cobc-prod.azurewebsites.net\/?s={search_term_string}\"},\"query-input\":{\"@type\":\"PropertyValueSpecification\",\"valueRequired\":true,\"valueName\":\"search_term_string\"}}],\"inLanguage\":\"fr-CA\"}]}<\/script>\n<!-- \/ Yoast SEO plugin. -->","yoast_head_json":{"title":"RESSOURCES SUPPL\u00c9MENTAIRES - Equinix Code of Business Conduct","robots":{"index":"index","follow":"follow","max-snippet":"max-snippet:-1","max-image-preview":"max-image-preview:large","max-video-preview":"max-video-preview:-1"},"canonical":"https:\/\/169.254.129.2\/additional-resources\/","og_locale":"fr_CA","og_type":"article","og_title":"RESSOURCES SUPPL\u00c9MENTAIRES - Equinix Code of Business Conduct","og_description":"[vc_row css_animation=&#8221;&#8221; row_type=&#8221;row&#8221; use_row_as_full_screen_section=&#8221;no&#8221; type=&#8221;full_width&#8221; angled_section=&#8221;no&#8221; text_align=&#8221;left&#8221; background_image_as_pattern=&#8221;without_pattern&#8221;][vc_column][vc_single_image image=&#8221;1562&#8243; img_size=&#8221;full&#8221; qode_css_animation=&#8221;&#8221;][vc_empty_space height=&#8221;8px&#8221;][vc_column_text] RESSOURCES SUPPL\u00c9MENTAIRES Pour nous aider \u00e0 comprendre et \u00e0 adopter notre Code, nos politiques et nos directives [\/vc_column_text][\/vc_column][\/vc_row][vc_row css_animation=&#8221;&#8221; row_type=&#8221;row&#8221; use_row_as_full_screen_section=&#8221;no&#8221; type=&#8221;full_width&#8221; angled_section=&#8221;no&#8221; text_align=&#8221;left&#8221; background_image_as_pattern=&#8221;without_pattern&#8221; z_index=&#8221;&#8221; padding_top=&#8221;30&#8243; padding_bottom=&#8221;20&#8243;][vc_column width=&#8221;1\/4&#8243; css=&#8221;.vc_custom_1615550437479{padding-bottom: 20px !important;}&#8221;][vc_single_image image=&#8221;1564&#8243;...","og_url":"https:\/\/169.254.129.2\/additional-resources\/","og_site_name":"Equinix Code of Business Conduct","article_modified_time":"2022-04-12T16:21:47+00:00","twitter_card":"summary_large_image","twitter_misc":{"Estimation du temps de lecture":"4 minutes"},"schema":{"@context":"https:\/\/schema.org","@graph":[{"@type":"WebPage","@id":"https:\/\/169.254.129.2\/additional-resources\/","url":"https:\/\/169.254.129.2\/additional-resources\/","name":"RESSOURCES SUPPL\u00c9MENTAIRES - Equinix Code of Business Conduct","isPartOf":{"@id":"https:\/\/cobc-prod.azurewebsites.net\/#website"},"datePublished":"2021-10-01T20:32:22+00:00","dateModified":"2022-04-12T16:21:47+00:00","breadcrumb":{"@id":"https:\/\/169.254.129.2\/additional-resources\/#breadcrumb"},"inLanguage":"fr-CA","potentialAction":[{"@type":"ReadAction","target":["https:\/\/169.254.129.2\/additional-resources\/"]}]},{"@type":"BreadcrumbList","@id":"https:\/\/169.254.129.2\/additional-resources\/#breadcrumb","itemListElement":[{"@type":"ListItem","position":1,"name":"Home","item":"https:\/\/169.254.129.2\/"},{"@type":"ListItem","position":2,"name":"RESSOURCES SUPPL\u00c9MENTAIRES"}]},{"@type":"WebSite","@id":"https:\/\/cobc-prod.azurewebsites.net\/#website","url":"https:\/\/cobc-prod.azurewebsites.net\/","name":"Equinix Code of Business Conduct","description":"","potentialAction":[{"@type":"SearchAction","target":{"@type":"EntryPoint","urlTemplate":"https:\/\/cobc-prod.azurewebsites.net\/?s={search_term_string}"},"query-input":{"@type":"PropertyValueSpecification","valueRequired":true,"valueName":"search_term_string"}}],"inLanguage":"fr-CA"}]}},"_links":{"self":[{"href":"https:\/\/codeofbusinessconduct.equinix.com\/fr-ca\/wp-json\/wp\/v2\/pages\/1558","targetHints":{"allow":["GET"]}}],"collection":[{"href":"https:\/\/codeofbusinessconduct.equinix.com\/fr-ca\/wp-json\/wp\/v2\/pages"}],"about":[{"href":"https:\/\/codeofbusinessconduct.equinix.com\/fr-ca\/wp-json\/wp\/v2\/types\/page"}],"author":[{"embeddable":true,"href":"https:\/\/codeofbusinessconduct.equinix.com\/fr-ca\/wp-json\/wp\/v2\/users\/1"}],"replies":[{"embeddable":true,"href":"https:\/\/codeofbusinessconduct.equinix.com\/fr-ca\/wp-json\/wp\/v2\/comments?post=1558"}],"version-history":[{"count":1,"href":"https:\/\/codeofbusinessconduct.equinix.com\/fr-ca\/wp-json\/wp\/v2\/pages\/1558\/revisions"}],"predecessor-version":[{"id":4337,"href":"https:\/\/codeofbusinessconduct.equinix.com\/fr-ca\/wp-json\/wp\/v2\/pages\/1558\/revisions\/4337"}],"wp:attachment":[{"href":"https:\/\/codeofbusinessconduct.equinix.com\/fr-ca\/wp-json\/wp\/v2\/media?parent=1558"}],"curies":[{"name":"wp","href":"https:\/\/api.w.org\/{rel}","templated":true}]}}