{"id":1534,"date":"2021-09-30T15:10:32","date_gmt":"2021-09-30T15:10:32","guid":{"rendered":"https:\/\/codeofbusinessconduct.equinix.com\/?page_id=1534"},"modified":"2022-03-24T20:49:32","modified_gmt":"2022-03-24T20:49:32","slug":"our-community","status":"publish","type":"page","link":"https:\/\/codeofbusinessconduct.equinix.com\/fr-ca\/our-community\/","title":{"rendered":"NOTRE COMMUNAUT\u00c9"},"content":{"rendered":"<section class=\"wpb-content-wrapper\"><p>[vc_row css_animation=&#8221;&#8221; row_type=&#8221;row&#8221; use_row_as_full_screen_section=&#8221;no&#8221; type=&#8221;full_width&#8221; angled_section=&#8221;no&#8221; text_align=&#8221;left&#8221; background_image_as_pattern=&#8221;without_pattern&#8221;][vc_column][vc_single_image image=&#8221;4102&#8243; img_size=&#8221;full&#8221; qode_css_animation=&#8221;&#8221;][vc_empty_space height=&#8221;8px&#8221;][vc_column_text]<\/p>\n<h3>NOTRE COMMUNAUT\u00c9<\/h3>\n<div class=\"lead\">Faire une diff\u00e9rence dans nos communaut\u00e9s et dans le monde<\/div>\n<p>[\/vc_column_text][\/vc_column][\/vc_row][vc_row css_animation=&#8221;&#8221; row_type=&#8221;row&#8221; use_row_as_full_screen_section=&#8221;no&#8221; type=&#8221;full_width&#8221; angled_section=&#8221;no&#8221; text_align=&#8221;left&#8221; background_image_as_pattern=&#8221;without_pattern&#8221; z_index=&#8221;&#8221; padding_top=&#8221;34&#8243; padding_bottom=&#8221;20&#8243; anchor=&#8221;Human_rights&#8221;][vc_column width=&#8221;1\/3&#8243; css=&#8221;.vc_custom_1616046555280{padding-bottom: 20px !important;}&#8221;][vc_column_text]<\/p>\n<h4>LES DROITS HUMAINS<\/h4>\n<p>Equinix soutient et respecte la protection de tous les droits humains dans le monde. Nous nous engageons \u00e0 respecter les droits humains fondamentaux de nos employ\u00e9s et des travailleurs des entreprises que nous engageons. Nous attendons de nos fournisseurs et partenaires qu\u2019ils adh\u00e8rent \u00e0 ces m\u00eames normes \u00e9lev\u00e9es.[\/vc_column_text][\/vc_column][vc_column width=&#8221;2\/3&#8243; css=&#8221;.vc_custom_1615547407753{padding-bottom: 20px !important;}&#8221;][vc_single_image image=&#8221;1536&#8243; img_size=&#8221;full&#8221; alignment=&#8221;center&#8221; qode_css_animation=&#8221;&#8221;][\/vc_column][\/vc_row][vc_row css_animation=&#8221;&#8221; row_type=&#8221;row&#8221; use_row_as_full_screen_section=&#8221;no&#8221; type=&#8221;full_width&#8221; angled_section=&#8221;no&#8221; text_align=&#8221;left&#8221; background_image_as_pattern=&#8221;without_pattern&#8221; z_index=&#8221;&#8221; padding_bottom=&#8221;30&#8243; anchor=&#8221;Charitable_contributions&#8221;][vc_column width=&#8221;1\/2&#8243; el_class=&#8221;purpose_values&#8221;][vc_column_text]<\/p>\n<h4>LES DONS DE BIENFAISANCE<\/h4>\n<p><strong>Contribuer \u00e0 l\u2019am\u00e9lioration de nos communaut\u00e9s.<\/strong> Equinix encourage les employ\u00e9s \u00e0 apporter des contributions positives dans les communaut\u00e9s o\u00f9 ils vivent et travaillent. Equinix s\u2019engage \u00e9galement \u00e0 soutenir les questions sociales, \u00e9conomiques et de durabilit\u00e9 sociale qui comptent le plus pour notre entreprise, nos employ\u00e9s et nos communaut\u00e9s. Equinix a identifi\u00e9 un certain nombre de domaines prioritaires pour les dons de bienfaisance qui sont bas\u00e9s sur leur pertinence pour notre entreprise et que nous soutiendrons gr\u00e2ce aux dons de la Soci\u00e9t\u00e9. Compte tenu de nos domaines d\u2019intervention, nous n\u2019acceptons g\u00e9n\u00e9ralement pas les demandes de financement non sollicit\u00e9es. Nous pr\u00e9f\u00e9rons plut\u00f4t solliciter des demandes de propositions qui contribuent \u00e0 nos domaines de programme strat\u00e9giques et \u00e0 nos priorit\u00e9s de financement. L\u2019\u00e9quipe RSE d\u2019Equinix est responsable de l\u2019examen et de l\u2019\u00e9valuation de ces demandes.<\/p>\n<p>Equinix encourage chaque employ\u00e9 \u00e0 apporter sa propre contribution aux organismes de bienfaisance. Cependant, Equinix ne remboursera en aucun cas les contributions individuelles ou personnelles faites par les employ\u00e9s \u00e0 un organisme de bienfaisance, une \u00e9cole, un organisme sans but lucratif ou une organisation non gouvernementale (ONG). De plus, vous ne devez jamais effectuer personnellement un paiement au nom d\u2019Equinix \u00e0 un organisme de bienfaisance, une \u00e9cole, un organisme sans but lucratif ou une ONG, y compris les paiements pour les billets d\u2019\u00e9v\u00e9nement, car Equinix ne les remboursera pas. Toute exception \u00e0 ces directives doit \u00eatre approuv\u00e9e par le contr\u00f4leur r\u00e9gional et \/ ou l\u2019\u00e9quipe RSE.[\/vc_column_text][\/vc_column][vc_column width=&#8221;1\/2&#8243; el_class=&#8221;purpose_values&#8221; css=&#8221;.vc_custom_1615789919910{padding-top: 35px !important;}&#8221;][vc_column_text]Pour plus d\u2019informations sur notre strat\u00e9gie de dons, veuillez-vous r\u00e9f\u00e9rer \u00e0 la <a href=\"https:\/\/codeofbusinessconduct.equinix.com\/fr-ca\/additional-resources\/#recommended_readings\">Politique des dons<\/a> ou contacter l\u2019\u00e9quipe RSE.[\/vc_column_text][vc_empty_space height=&#8221;20px&#8221;]<a class=\"recom-read-link\" href=\"\/fr-ca\/additional-resources\/#recommended_readings\" target=\"_self\"><div class=\"recommend_book\"><div class=\"recommend_icon\"><img decoding=\"async\" src=\"https:\/\/codeofbusinessconduct.equinix.com\/wp-content\/uploads\/2021\/03\/recommend_book.svg\" \/><\/div><div class=\"recommend_content\"><h4>LECTURE RECOMMAND\u00c9E :<br>POLITIQUE DES DONS<\/h4><\/div><\/div><\/a>[vc_empty_space height=&#8221;10px&#8221;][vc_column_text]<strong>Dons de contreparties.<\/strong> Equinix a \u00e9tabli un programme de dons de contrepartie pour soutenir les employ\u00e9s dans leur philanthropie personnelle, leurs dons de bienfaisance et leurs efforts de b\u00e9n\u00e9volat. Si vous faites une contribution mon\u00e9taire ou vous donnez b\u00e9n\u00e9volement de votre temps \u00e0 une organisation \u00e9ligible, votre contribution mon\u00e9taire ou de temps b\u00e9n\u00e9vole sera jumel\u00e9 par Equinix en num\u00e9raires.<\/p>\n<p>Des informations suppl\u00e9mentaires et les exigences de la politique et du <a href=\"https:\/\/codeofbusinessconduct.equinix.com\/fr-ca\/additional-resources\/#recommended_readings\">programme de dons de contrepartie<\/a>, y compris les conditions d\u2019admissibilit\u00e9 sp\u00e9cifiques pour les employ\u00e9s et les organisations, sont d\u00e9crites dans le <a href=\"https:\/\/codeofbusinessconduct.equinix.com\/fr-ca\/additional-resources\/#recommended_readings\">programme de dons de contrepartie d\u2019Equinix<\/a>.[\/vc_column_text][vc_empty_space height=&#8221;15px&#8221;]<a class=\"recom-read-link\" href=\"\/fr-ca\/additional-resources\/#recommended_readings\" target=\"_self\"><div class=\"recommend_book\"><div class=\"recommend_icon\"><img decoding=\"async\" src=\"https:\/\/codeofbusinessconduct.equinix.com\/wp-content\/uploads\/2021\/03\/recommend_book.svg\" \/><\/div><div class=\"recommend_content\"><h4>LECTURE RECOMMAND\u00c9E :<br>PROGRAMME DE DONS DE CONTREPARTIE D\u2019EQUINIX<\/h4><\/div><\/div><\/a>[\/vc_column][\/vc_row][vc_row css_animation=&#8221;&#8221; row_type=&#8221;row&#8221; use_row_as_full_screen_section=&#8221;no&#8221; type=&#8221;full_width&#8221; angled_section=&#8221;no&#8221; text_align=&#8221;left&#8221; background_image_as_pattern=&#8221;without_pattern&#8221; z_index=&#8221;&#8221; padding_top=&#8221;20&#8243; padding_bottom=&#8221;30&#8243;][vc_column][vc_single_image image=&#8221;1537&#8243; img_size=&#8221;full&#8221; alignment=&#8221;center&#8221; qode_css_animation=&#8221;&#8221; el_class=&#8221;w-100&#8243;][\/vc_column][\/vc_row][vc_row css_animation=&#8221;&#8221; row_type=&#8221;row&#8221; use_row_as_full_screen_section=&#8221;no&#8221; type=&#8221;full_width&#8221; angled_section=&#8221;no&#8221; text_align=&#8221;left&#8221; background_image_as_pattern=&#8221;without_pattern&#8221; z_index=&#8221;&#8221; padding_bottom=&#8221;160&#8243; el_class=&#8221;purpose_values political_space&#8221; anchor=&#8221;Political_activities_and_contributions&#8221;][vc_column width=&#8221;2\/3&#8243;][vc_column_text]<\/p>\n<h4 id=\"The_environment\">LES ACTIVIT\u00c9S ET CONTRIBUTIONS POLITIQUES<\/h4>\n<p>Nous soutenons de bonnes relations avec les communaut\u00e9s o\u00f9 nous op\u00e9rons. Vous pouvez participer \u00e0 des activit\u00e9s locales qui r\u00e9pondent aux besoins des communaut\u00e9s dans lesquelles vous vivez et travaillez. En tant que citoyen priv\u00e9, vous pouvez \u00e9galement soutenir votre processus politique local avec des contributions personnelles ou en offrant votre temps personnel. Toutefois, ces activit\u00e9s ne doivent pas \u00eatre men\u00e9es pendant les heures de travail ni impliquer l\u2019utilisation des ressources de la Soci\u00e9t\u00e9. Vous ne pouvez pas apporter ou engager de contributions politiques au nom d\u2019Equinix.<\/p>\n<p>Assurez-vous que votre participation \u00e0 des activit\u00e9s politiques est conforme aux lois am\u00e9ricaines et locales applicables et n\u2019est pas interdite par les autres politiques d\u2019Equinix.[\/vc_column_text][vc_row_inner row_type=&#8221;row&#8221; type=&#8221;full_width&#8221; text_align=&#8221;left&#8221; css_animation=&#8221;&#8221; anchor=&#8221;The_environment&#8221;][vc_column_inner][vc_empty_space height=&#8221;25px&#8221;][vc_column_text]<\/p>\n<h4>L\u2019ENVIRONNEMENT<\/h4>\n<p>Chez Equinix, nous cherchons \u00e0 \u00eatre de bons gardiens de l\u2019environnement et des ressources que nous consommons dans le but de minimiser notre empreinte carbone. Pour ce faire, nous nous concentrons sur :<\/p>\n<ul>\n<li>la conception, la construction et l\u2019exploitation efficace afin de r\u00e9duire notre consommation de toutes les ressources, y compris l\u2019\u00e9lectricit\u00e9, l\u2019eau, le gaz naturel, le diesel et les r\u00e9frig\u00e9rants.<\/li>\n<li>le fait de jouer un r\u00f4le actif dans l\u2019 \u00ab \u00e9cologisation \u00bb de notre entreprise et d\u2019\u00eatre un chef de file dans l\u2019\u00e9valuation et le d\u00e9ploiement de solutions innovantes.<\/li>\n<li>la conformit\u00e9 des meilleures pratiques de l\u2019industrie et sur la satisfaction des indicateurs de r\u00e9sultats sp\u00e9cifiques d\u2019Equinix, les objectifs fix\u00e9s publiquement et la communication des progr\u00e8s de mani\u00e8re transparente.<\/li>\n<\/ul>\n<p>[\/vc_column_text][\/vc_column_inner][\/vc_row_inner][vc_empty_space height=&#8221;25px&#8221;]<a class=\"recom-read-link\" href=\"https:\/\/sustainability.equinix.com\/\" target=\"_self\"><div class=\"recommend_book\"><div class=\"recommend_icon\"><img decoding=\"async\" src=\"https:\/\/codeofbusinessconduct.equinix.com\/wp-content\/uploads\/2021\/03\/recommend_book.svg\" \/><\/div><div class=\"recommend_content\"><h4>LECTURE RECOMMAND\u00c9E :<br>LA DURABILIT\u00c9 D'EQUINIX<\/h4><\/div><\/div><\/a>[\/vc_column][vc_column width=&#8221;1\/3&#8243;][\/vc_column][\/vc_row]<\/p>\n<\/section>","protected":false},"excerpt":{"rendered":"<p>[vc_row css_animation=&#8221;&#8221; row_type=&#8221;row&#8221; use_row_as_full_screen_section=&#8221;no&#8221; type=&#8221;full_width&#8221; angled_section=&#8221;no&#8221; text_align=&#8221;left&#8221; background_image_as_pattern=&#8221;without_pattern&#8221;][vc_column][vc_single_image image=&#8221;4102&#8243; img_size=&#8221;full&#8221; qode_css_animation=&#8221;&#8221;][vc_empty_space height=&#8221;8px&#8221;][vc_column_text] NOTRE COMMUNAUT\u00c9 Faire une diff\u00e9rence dans nos communaut\u00e9s et dans le monde [\/vc_column_text][\/vc_column][\/vc_row][vc_row css_animation=&#8221;&#8221; row_type=&#8221;row&#8221; use_row_as_full_screen_section=&#8221;no&#8221; type=&#8221;full_width&#8221; angled_section=&#8221;no&#8221; text_align=&#8221;left&#8221; background_image_as_pattern=&#8221;without_pattern&#8221; z_index=&#8221;&#8221; padding_top=&#8221;34&#8243; padding_bottom=&#8221;20&#8243; anchor=&#8221;Human_rights&#8221;][vc_column width=&#8221;1\/3&#8243; css=&#8221;.vc_custom_1616046555280{padding-bottom: 20px !important;}&#8221;][vc_column_text] LES DROITS HUMAINS Equinix soutient&#8230;<\/p>\n","protected":false},"author":1,"featured_media":0,"parent":0,"menu_order":0,"comment_status":"closed","ping_status":"closed","template":"","meta":{"inline_featured_image":false,"footnotes":""},"class_list":["post-1534","page","type-page","status-publish","hentry"],"yoast_head":"<!-- This site is optimized with the Yoast SEO plugin v25.8 - https:\/\/yoast.com\/wordpress\/plugins\/seo\/ -->\n<title>NOTRE COMMUNAUT\u00c9 - Equinix Code of Business Conduct<\/title>\n<meta name=\"robots\" content=\"index, follow, max-snippet:-1, max-image-preview:large, max-video-preview:-1\" \/>\n<link rel=\"canonical\" href=\"https:\/\/169.254.129.2\/our-community\/\" \/>\n<meta property=\"og:locale\" content=\"fr_CA\" \/>\n<meta property=\"og:type\" content=\"article\" \/>\n<meta property=\"og:title\" content=\"NOTRE COMMUNAUT\u00c9 - Equinix Code of Business Conduct\" \/>\n<meta property=\"og:description\" content=\"[vc_row css_animation=&#8221;&#8221; row_type=&#8221;row&#8221; use_row_as_full_screen_section=&#8221;no&#8221; type=&#8221;full_width&#8221; angled_section=&#8221;no&#8221; text_align=&#8221;left&#8221; background_image_as_pattern=&#8221;without_pattern&#8221;][vc_column][vc_single_image image=&#8221;4102&#8243; img_size=&#8221;full&#8221; qode_css_animation=&#8221;&#8221;][vc_empty_space height=&#8221;8px&#8221;][vc_column_text] NOTRE COMMUNAUT\u00c9 Faire une diff\u00e9rence dans nos communaut\u00e9s et dans le monde [\/vc_column_text][\/vc_column][\/vc_row][vc_row css_animation=&#8221;&#8221; row_type=&#8221;row&#8221; use_row_as_full_screen_section=&#8221;no&#8221; type=&#8221;full_width&#8221; angled_section=&#8221;no&#8221; text_align=&#8221;left&#8221; background_image_as_pattern=&#8221;without_pattern&#8221; z_index=&#8221;&#8221; padding_top=&#8221;34&#8243; padding_bottom=&#8221;20&#8243; anchor=&#8221;Human_rights&#8221;][vc_column width=&#8221;1\/3&#8243; css=&#8221;.vc_custom_1616046555280{padding-bottom: 20px !important;}&#8221;][vc_column_text] LES DROITS HUMAINS Equinix soutient...\" \/>\n<meta property=\"og:url\" content=\"https:\/\/169.254.129.2\/our-community\/\" \/>\n<meta property=\"og:site_name\" content=\"Equinix Code of Business Conduct\" \/>\n<meta property=\"article:modified_time\" content=\"2022-03-24T20:49:32+00:00\" \/>\n<meta name=\"twitter:card\" content=\"summary_large_image\" \/>\n<meta name=\"twitter:label1\" content=\"Estimation du temps de lecture\" \/>\n\t<meta name=\"twitter:data1\" content=\"6 minutes\" \/>\n<script type=\"application\/ld+json\" class=\"yoast-schema-graph\">{\"@context\":\"https:\/\/schema.org\",\"@graph\":[{\"@type\":\"WebPage\",\"@id\":\"https:\/\/169.254.129.2\/our-community\/\",\"url\":\"https:\/\/169.254.129.2\/our-community\/\",\"name\":\"NOTRE COMMUNAUT\u00c9 - Equinix Code of Business Conduct\",\"isPartOf\":{\"@id\":\"https:\/\/cobc-prod.azurewebsites.net\/#website\"},\"datePublished\":\"2021-09-30T15:10:32+00:00\",\"dateModified\":\"2022-03-24T20:49:32+00:00\",\"breadcrumb\":{\"@id\":\"https:\/\/169.254.129.2\/our-community\/#breadcrumb\"},\"inLanguage\":\"fr-CA\",\"potentialAction\":[{\"@type\":\"ReadAction\",\"target\":[\"https:\/\/169.254.129.2\/our-community\/\"]}]},{\"@type\":\"BreadcrumbList\",\"@id\":\"https:\/\/169.254.129.2\/our-community\/#breadcrumb\",\"itemListElement\":[{\"@type\":\"ListItem\",\"position\":1,\"name\":\"Home\",\"item\":\"https:\/\/169.254.129.2\/\"},{\"@type\":\"ListItem\",\"position\":2,\"name\":\"NOTRE COMMUNAUT\u00c9\"}]},{\"@type\":\"WebSite\",\"@id\":\"https:\/\/cobc-prod.azurewebsites.net\/#website\",\"url\":\"https:\/\/cobc-prod.azurewebsites.net\/\",\"name\":\"Equinix Code of Business Conduct\",\"description\":\"\",\"potentialAction\":[{\"@type\":\"SearchAction\",\"target\":{\"@type\":\"EntryPoint\",\"urlTemplate\":\"https:\/\/cobc-prod.azurewebsites.net\/?s={search_term_string}\"},\"query-input\":{\"@type\":\"PropertyValueSpecification\",\"valueRequired\":true,\"valueName\":\"search_term_string\"}}],\"inLanguage\":\"fr-CA\"}]}<\/script>\n<!-- \/ Yoast SEO plugin. -->","yoast_head_json":{"title":"NOTRE COMMUNAUT\u00c9 - Equinix Code of Business Conduct","robots":{"index":"index","follow":"follow","max-snippet":"max-snippet:-1","max-image-preview":"max-image-preview:large","max-video-preview":"max-video-preview:-1"},"canonical":"https:\/\/169.254.129.2\/our-community\/","og_locale":"fr_CA","og_type":"article","og_title":"NOTRE COMMUNAUT\u00c9 - Equinix Code of Business Conduct","og_description":"[vc_row css_animation=&#8221;&#8221; row_type=&#8221;row&#8221; use_row_as_full_screen_section=&#8221;no&#8221; type=&#8221;full_width&#8221; angled_section=&#8221;no&#8221; text_align=&#8221;left&#8221; background_image_as_pattern=&#8221;without_pattern&#8221;][vc_column][vc_single_image image=&#8221;4102&#8243; img_size=&#8221;full&#8221; qode_css_animation=&#8221;&#8221;][vc_empty_space height=&#8221;8px&#8221;][vc_column_text] NOTRE COMMUNAUT\u00c9 Faire une diff\u00e9rence dans nos communaut\u00e9s et dans le monde [\/vc_column_text][\/vc_column][\/vc_row][vc_row css_animation=&#8221;&#8221; row_type=&#8221;row&#8221; use_row_as_full_screen_section=&#8221;no&#8221; type=&#8221;full_width&#8221; angled_section=&#8221;no&#8221; text_align=&#8221;left&#8221; background_image_as_pattern=&#8221;without_pattern&#8221; z_index=&#8221;&#8221; padding_top=&#8221;34&#8243; padding_bottom=&#8221;20&#8243; anchor=&#8221;Human_rights&#8221;][vc_column width=&#8221;1\/3&#8243; css=&#8221;.vc_custom_1616046555280{padding-bottom: 20px !important;}&#8221;][vc_column_text] LES DROITS HUMAINS Equinix soutient...","og_url":"https:\/\/169.254.129.2\/our-community\/","og_site_name":"Equinix Code of Business Conduct","article_modified_time":"2022-03-24T20:49:32+00:00","twitter_card":"summary_large_image","twitter_misc":{"Estimation du temps de lecture":"6 minutes"},"schema":{"@context":"https:\/\/schema.org","@graph":[{"@type":"WebPage","@id":"https:\/\/169.254.129.2\/our-community\/","url":"https:\/\/169.254.129.2\/our-community\/","name":"NOTRE COMMUNAUT\u00c9 - Equinix Code of Business Conduct","isPartOf":{"@id":"https:\/\/cobc-prod.azurewebsites.net\/#website"},"datePublished":"2021-09-30T15:10:32+00:00","dateModified":"2022-03-24T20:49:32+00:00","breadcrumb":{"@id":"https:\/\/169.254.129.2\/our-community\/#breadcrumb"},"inLanguage":"fr-CA","potentialAction":[{"@type":"ReadAction","target":["https:\/\/169.254.129.2\/our-community\/"]}]},{"@type":"BreadcrumbList","@id":"https:\/\/169.254.129.2\/our-community\/#breadcrumb","itemListElement":[{"@type":"ListItem","position":1,"name":"Home","item":"https:\/\/169.254.129.2\/"},{"@type":"ListItem","position":2,"name":"NOTRE COMMUNAUT\u00c9"}]},{"@type":"WebSite","@id":"https:\/\/cobc-prod.azurewebsites.net\/#website","url":"https:\/\/cobc-prod.azurewebsites.net\/","name":"Equinix Code of Business Conduct","description":"","potentialAction":[{"@type":"SearchAction","target":{"@type":"EntryPoint","urlTemplate":"https:\/\/cobc-prod.azurewebsites.net\/?s={search_term_string}"},"query-input":{"@type":"PropertyValueSpecification","valueRequired":true,"valueName":"search_term_string"}}],"inLanguage":"fr-CA"}]}},"_links":{"self":[{"href":"https:\/\/codeofbusinessconduct.equinix.com\/fr-ca\/wp-json\/wp\/v2\/pages\/1534","targetHints":{"allow":["GET"]}}],"collection":[{"href":"https:\/\/codeofbusinessconduct.equinix.com\/fr-ca\/wp-json\/wp\/v2\/pages"}],"about":[{"href":"https:\/\/codeofbusinessconduct.equinix.com\/fr-ca\/wp-json\/wp\/v2\/types\/page"}],"author":[{"embeddable":true,"href":"https:\/\/codeofbusinessconduct.equinix.com\/fr-ca\/wp-json\/wp\/v2\/users\/1"}],"replies":[{"embeddable":true,"href":"https:\/\/codeofbusinessconduct.equinix.com\/fr-ca\/wp-json\/wp\/v2\/comments?post=1534"}],"version-history":[{"count":2,"href":"https:\/\/codeofbusinessconduct.equinix.com\/fr-ca\/wp-json\/wp\/v2\/pages\/1534\/revisions"}],"predecessor-version":[{"id":4308,"href":"https:\/\/codeofbusinessconduct.equinix.com\/fr-ca\/wp-json\/wp\/v2\/pages\/1534\/revisions\/4308"}],"wp:attachment":[{"href":"https:\/\/codeofbusinessconduct.equinix.com\/fr-ca\/wp-json\/wp\/v2\/media?parent=1534"}],"curies":[{"name":"wp","href":"https:\/\/api.w.org\/{rel}","templated":true}]}}