{"id":1524,"date":"2021-09-29T22:38:34","date_gmt":"2021-09-29T22:38:34","guid":{"rendered":"https:\/\/codeofbusinessconduct.equinix.com\/?page_id=1524"},"modified":"2022-03-24T20:48:14","modified_gmt":"2022-03-24T20:48:14","slug":"our-commitment-to-the-law","status":"publish","type":"page","link":"https:\/\/codeofbusinessconduct.equinix.com\/fr-ca\/our-commitment-to-the-law\/","title":{"rendered":"NOTRE ENGAGEMENT ENVERS LA LOI"},"content":{"rendered":"<section class=\"wpb-content-wrapper\"><p>[vc_row css_animation=&#8221;&#8221; row_type=&#8221;row&#8221; use_row_as_full_screen_section=&#8221;no&#8221; type=&#8221;full_width&#8221; angled_section=&#8221;no&#8221; text_align=&#8221;left&#8221; background_image_as_pattern=&#8221;without_pattern&#8221;][vc_column][vc_single_image image=&#8221;4083&#8243; img_size=&#8221;full&#8221; qode_css_animation=&#8221;&#8221;][vc_empty_space height=&#8221;8px&#8221;][vc_column_text]<\/p>\n<h3>NOTRE ENGAGEMENT ENVERS LA LOI<\/h3>\n<div class=\"lead\">Comprendre et respecter les pratiques commerciales l\u00e9gales<\/div>\n<p>[\/vc_column_text][\/vc_column][\/vc_row][vc_row css_animation=&#8221;&#8221; row_type=&#8221;row&#8221; use_row_as_full_screen_section=&#8221;no&#8221; type=&#8221;full_width&#8221; angled_section=&#8221;no&#8221; text_align=&#8221;left&#8221; background_image_as_pattern=&#8221;without_pattern&#8221; z_index=&#8221;&#8221; padding_top=&#8221;32&#8243; padding_bottom=&#8221;40&#8243;][vc_column][vc_single_image image=&#8221;1526&#8243; img_size=&#8221;full&#8221; alignment=&#8221;center&#8221; qode_css_animation=&#8221;&#8221; el_class=&#8221;w-100&#8243;][\/vc_column][\/vc_row][vc_row css_animation=&#8221;&#8221; row_type=&#8221;row&#8221; use_row_as_full_screen_section=&#8221;no&#8221; type=&#8221;full_width&#8221; angled_section=&#8221;no&#8221; text_align=&#8221;left&#8221; background_image_as_pattern=&#8221;without_pattern&#8221; z_index=&#8221;&#8221; anchor=&#8221;Competition_and_fair_dealing&#8221;][vc_column width=&#8221;2\/3&#8243; el_class=&#8221;purpose_values&#8221; css=&#8221;.vc_custom_1615545389684{padding-bottom: 30px !important;}&#8221;][vc_column_text]\u00catre une entreprise \u00e9thique et honn\u00eate, c\u2019est aussi respecter la loi. En tant qu\u2019entreprise mondiale, nous devons respecter les lois dans tous les endroits o\u00f9 nous exer\u00e7ons nos activit\u00e9s. Et en tant qu\u2019employ\u00e9s d\u2019Equinix, nous avons la responsabilit\u00e9 de comprendre et de respecter toutes les lois et r\u00e9glementations qui affectent nos emplois.<\/p>\n<h4>LA CONCURRENCE ET LE TRAITEMENT \u00c9QUITABLE<\/h4>\n<p>Chez Equinix, nous appr\u00e9cions un march\u00e9 libre et ouvert et nous cherchons \u00e0 surpasser nos concurrents de mani\u00e8re \u00e9quitable et honn\u00eate. Nous ne cherchons pas \u00e0 obtenir les informations exclusives d\u2019autrui, \u00e0 d\u00e9tenir des informations confidentielles obtenuessans le consentement du propri\u00e9taire, ni \u00e0 demander aux employ\u00e9s, anciens ou actuels, d\u2019autres soci\u00e9t\u00e9s de partager avec nous les informations exclusives d\u2019une autre soci\u00e9t\u00e9.<\/p>\n<p>Nous nous engageons \u00e0 traiter \u00e9quitablement et honn\u00eatement tous nos fournisseurs, quel que soit leur emplacement ou le type de produits ou de services qu\u2019ils fournissent. Nous utilisons des processus d\u2019acquisition ouvert et \u00e9quitable par lesquels les fournisseurs sont s\u00e9lectionn\u00e9s sur une base concurrentielle et nous \u00e9tablissons une relation mutuellement b\u00e9n\u00e9fique bas\u00e9e sur une coop\u00e9ration \u00e9troite et des communications ouvertes.[\/vc_column_text][vc_row_inner row_type=&#8221;row&#8221; type=&#8221;full_width&#8221; text_align=&#8221;left&#8221; css_animation=&#8221;&#8221; anchor=&#8221;Daily_privacy&#8221;][vc_column_inner][vc_column_text]<\/p>\n<h4>LA CONFIDENTIALIT\u00c9 DES DONN\u00c9ES<\/h4>\n<p>Les lois et r\u00e9glementations sur la confidentialit\u00e9 des donn\u00e9es peuvent \u00eatre complexes et varient d\u2019un pays \u00e0 l\u2019autre. Chez Equinix, nous respectons la confidentialit\u00e9 des informations personnelles de nos employ\u00e9s et travaillons pour garder ces informations priv\u00e9es et n\u2019utilisons ces informations personnelles que de mani\u00e8re raisonnable et appropri\u00e9e aux fins de votre emploi au sein d\u2019Equinix. Vous \u00eates cens\u00e9 suivre toutes les politiques de la Soci\u00e9t\u00e9 concernant le traitement et la conservation de ces informations personnelles. Si vous avez des questions sur la confidentialit\u00e9 des donn\u00e9es, vous devez contacter votre responsable local de la confidentialit\u00e9.[\/vc_column_text][\/vc_column_inner][\/vc_row_inner][\/vc_column][vc_column width=&#8221;1\/3&#8243; css=&#8221;.vc_custom_1615545397340{padding-bottom: 30px !important;}&#8221;][vc_column_text]<\/p>\n<h4 class=\"exclaimation\">N\u2019oubliez pas :<\/h4>\n<div class=\"lead\">respectez et prot\u00e9gez toujours les informations confidentielles ou exclusives que nos fournisseurs par- tagent avec vous et faites- leur savoir que nousatten- dons d\u2019eux qu\u2019ils fassent preuve du m\u00eame soin avec nos informations.<\/div>\n<p>[\/vc_column_text][\/vc_column][\/vc_row][vc_row css_animation=&#8221;&#8221; row_type=&#8221;row&#8221; use_row_as_full_screen_section=&#8221;no&#8221; type=&#8221;full_width&#8221; angled_section=&#8221;no&#8221; text_align=&#8221;left&#8221; background_image_as_pattern=&#8221;without_pattern&#8221; z_index=&#8221;&#8221; anchor=&#8221;Anti-bribery_and_corruption&#8221;][vc_column width=&#8221;1\/2&#8243; el_class=&#8221;purpose_values&#8221; css=&#8221;.vc_custom_1616046403361{padding-bottom: 20px !important;}&#8221;][vc_column_text]<\/p>\n<h4>LA LUTTE CONTRE LA CORRUPTION<\/h4>\n<p>Chez Equinix, nos pratiques commerciales sont bas\u00e9es sur l\u2019honn\u00eatet\u00e9 et l\u2019int\u00e9grit\u00e9. Nous n\u2019offrons ni ne fournissons de pots-de-vin, de ristournes ou d\u2019autres paiements inappropri\u00e9s pour une raison quelconque.<\/p>\n<p>En tant qu\u2019entreprise mondiale, nous devons respecter les lois anti-corruption des pays dans lesquels nous exer\u00e7ons nos activit\u00e9s,notamment la U.S. Foreign Corrupt Practices Act (FCPA) (loi am\u00e9ricaine sur les pratiques de corruption \u00e0 l\u2019\u00e9tranger) et la U.K. Bribery Act (loi britannique sur la corruption). Ces lois interdisent strictement les pots-de-vin et la corruption, en particulier lorsque des fonctionnaires gouvernementaux sont impliqu\u00e9s. Aucun employ\u00e9, dirigeant, agent ou entrepreneur ind\u00e9pendant d\u2019Equinix agissant en notre nom ne peut offrir ou fournir quoi que ce soit de valeur \u00e0 quiconque afin d\u2019obtenir des affaires ou d\u2019obtenir un avantage injuste. Les violations peuvent vous exposer et exposer Equinix \u00e0 des sanctions s\u00e9v\u00e8res et nuire \u00e0 notre r\u00e9putation.<\/p>\n<p>Les lois am\u00e9ricaines interdisant la corruption sont tr\u00e8s larges, ce qui signifie que de nombreux types de cadeaux ou de divertissements offerts aux employ\u00e9s du gouvernement peuvent \u00eatre consid\u00e9r\u00e9s comme inappropri\u00e9s. Pour cette raison, les employ\u00e9s ne doivent pas donner, offrir, promettre ou autoriser un paiement, un avantage ou un cadeau en argent ou toute autre chose de valeur \u00e0 un fonctionnaire ou repr\u00e9sentant gouvernemental, sauf dans les circonstances tr\u00e8s limit\u00e9es ci-dessous. Cette r\u00e8gle s\u2019applique que vous offriez le cadeau ou un autre avantage vous-m\u00eame ou par l\u2019interm\u00e9diaire d\u2019un tiers, tel qu\u2019un distributeur ou un entrepreneur ind\u00e9pendant.<\/p>\n<p>Cette r\u00e8gle s\u2019applique que vous tentiez d\u2019obtenir des march\u00e9s ou que vous recherchiez un avantage sur les autres (tel qu\u2019un traitement sp\u00e9cial pr\u00e9f\u00e9rentiel non offert aux concurrents). Tout cadeau ou divertissement offert \u00e0 un fonctionnaire doit r\u00e9pondre aux crit\u00e8res sp\u00e9cifiques suivants :[\/vc_column_text][\/vc_column][vc_column width=&#8221;1\/2&#8243; el_class=&#8221;purpose_values&#8221; css=&#8221;.vc_custom_1615545765099{padding-bottom: 20px !important;}&#8221;][vc_single_image image=&#8221;1527&#8243; img_size=&#8221;full&#8221; alignment=&#8221;center&#8221; qode_css_animation=&#8221;&#8221; el_class=&#8221;w-100&#8243;][vc_empty_space height=&#8221;65px&#8221;][vc_column_text]<\/p>\n<ul>\n<li>Tout divertissement doit \u00eatre raisonnable, de bonne foi et directement li\u00e9 \u00e0 la promotion, \u00e0 la d\u00e9monstration ou \u00e0 l\u2019explication de produits ou de services, ou li\u00e9 \u00e0 l\u2019ex\u00e9cution d\u2019un contrat entre Equinix et le gouvernement ou uneentit\u00e9 publique.<\/li>\n<li>Tous les cadeaux et divertissements doivent respecter toutes les politiques d\u2019Equinix, y compris notre <a href=\"https:\/\/codeofbusinessconduct.equinix.com\/fr-ca\/additional-resources\/#recommended_readings\">Politique sur les frais de d\u00e9placement et autre frais<\/a>.<\/li>\n<li>Aucun cadeau ou divertissement ne devrait jamais \u00eatre offert \u00e0 un employ\u00e9 du gouvernement dans le but d\u2019obtenir un avantage commercial indu.<\/li>\n<\/ul>\n<p>[\/vc_column_text][\/vc_column][\/vc_row][vc_row css_animation=&#8221;&#8221; row_type=&#8221;row&#8221; use_row_as_full_screen_section=&#8221;no&#8221; type=&#8221;full_width&#8221; angled_section=&#8221;no&#8221; text_align=&#8221;left&#8221; background_image_as_pattern=&#8221;without_pattern&#8221; z_index=&#8221;&#8221;][vc_column width=&#8221;1\/2&#8243; css=&#8221;.vc_custom_1615545826324{padding-bottom: 26px !important;}&#8221;][vc_single_image image=&#8221;1528&#8243; img_size=&#8221;full&#8221; alignment=&#8221;center&#8221; qode_css_animation=&#8221;&#8221; el_class=&#8221;w-100&#8243;][\/vc_column][vc_column width=&#8221;1\/2&#8243; el_class=&#8221;purpose_values&#8221; css=&#8221;.vc_custom_1615545831124{padding-bottom: 26px !important;}&#8221;][vc_column_text]Vous devez vous assurer que tout cadeau que vous offrez dans le cadre de votre travail est transparent, d\u00fbment enregistr\u00e9 dans nos livres et autoris\u00e9 par notre politique. Lorsque vous signalez le cadeau, vous devez indiquer l\u2019objet du cadeau et la personne \u00e0 qui vous l\u2019avez offert. Si le cadeau est destin\u00e9 \u00e0 un fonctionnaire du gouvernement, vous devez toujours obtenir l\u2019approbation pr\u00e9alable du Bureau de conformit\u00e9.<\/p>\n<p>Si vous avez des questions ou avez besoin de conseils dans ce domaine, contactez le responsable de la conformit\u00e9 d\u2019Equinix. Si vous avez connaissance d\u2019une violation soup\u00e7onn\u00e9e ou r\u00e9elle de cette politique, vous avez la responsabilit\u00e9 de la signaler imm\u00e9diatement.[\/vc_column_text][\/vc_column][\/vc_row][vc_row css_animation=&#8221;&#8221; row_type=&#8221;row&#8221; use_row_as_full_screen_section=&#8221;no&#8221; type=&#8221;full_width&#8221; angled_section=&#8221;no&#8221; text_align=&#8221;left&#8221; background_image_as_pattern=&#8221;without_pattern&#8221; z_index=&#8221;&#8221; anchor=&#8221;Intellectual_property&#8221;][vc_column width=&#8221;2\/3&#8243; el_class=&#8221;purpose_values&#8221;][vc_column_text]<\/p>\n<h4>PROPRI\u00c9T\u00c9 INTELLECTUELLE<\/h4>\n<p>La propri\u00e9t\u00e9 in- tellectuelle comprend les droits d\u2019auteur, brevets, marques commerciales, secrets commerciaux et autres biens incorporels. Nous prenons des me- sures actives pour prot\u00e9ger et faire respecter nos propres droits de propri\u00e9t\u00e9 intellectuelle, et nous devons utiliser des mesures similaires pour pro- t\u00e9ger la propri\u00e9t\u00e9 intellectuelle de tiers. Lorsque nous partageons notre propri\u00e9t\u00e9 intellectuelle avec des tiers, nous devons nous assurer qu\u2019ils acceptent d\u2019utiliser et de prot\u00e9ger notre propri\u00e9t\u00e9 conform\u00e9ment aux politiques d\u2019Equinix.<\/p>\n<p>De nombreux documents que vous utilisez quotidiennement sont prot\u00e9g\u00e9s par les lois sur le droit d\u2019auteur, notamment les logiciels informatiques, les livres, les manuels, les ressources audio et vid\u00e9o, les revues sp\u00e9cialis\u00e9es et les p\u00e9riodiques. D\u2019autres exemples moins \u00e9vidents d\u2019\u0153uvres prot\u00e9g\u00e9es par le droit d\u2019auteur comprennent des diapositives de pr\u00e9sentation, du mat\u00e9riel de formation, des mod\u00e8les de gestion et des m\u00e9thodologies de r\u00e9solution de probl\u00e8mes. Nous ne devons jamais sciemment porter atteinte aux droits de propri\u00e9t\u00e9 intellectuelle d\u2019autrui. Equinix interdit strictement la reproduction, la distribution ou l\u2019alt\u00e9ration de tout mat\u00e9riel prot\u00e9g\u00e9 par le droit d\u2019auteur sans l\u2019autorisation du titulaire ou de l\u2019agent autoris\u00e9. Vous devez \u00e9galement vous assurer de ne jamais copier ou utiliser ill\u00e9galement un logiciel sous licence de la Soci\u00e9t\u00e9, que ce soit pour un usage personnel ou professionnel.[\/vc_column_text][\/vc_column][vc_column width=&#8221;1\/3&#8243;][\/vc_column][\/vc_row][vc_row css_animation=&#8221;&#8221; row_type=&#8221;row&#8221; use_row_as_full_screen_section=&#8221;no&#8221; type=&#8221;full_width&#8221; angled_section=&#8221;no&#8221; text_align=&#8221;left&#8221; background_image_as_pattern=&#8221;without_pattern&#8221; z_index=&#8221;&#8221; padding_top=&#8221;16&#8243; padding_bottom=&#8221;142&#8243; el_class=&#8221;inside_space&#8221; anchor=&#8221;Inside_information_and_securities_trading&#8221;][vc_column width=&#8221;2\/3&#8243; el_class=&#8221;purpose_values&#8221;][vc_column_text]<\/p>\n<h4>INFORMATION PRIVIL\u00c9GI\u00c9E ET OP\u00c9RATIONS SUR TITRES<\/h4>\n<p>Vous ne devez ni acheter ni vendre d\u2019actions d\u2019Equinix si vous poss\u00e9dez des \u00ab informations importantes \u00bb sur la Soci\u00e9t\u00e9 qui n\u2019ont pas \u00e9t\u00e9 rendues publiques (\u00e9galement appel\u00e9es \u00ab informations privil\u00e9gi\u00e9es \u00bb). De m\u00eame, si vous avez connaissance d\u2019informations privil\u00e9gi\u00e9es sur d\u2019autres soci\u00e9t\u00e9s, telles que des clients ou des vendeurs, vous ne devez ni acheter ni vendre les titres de cette soci\u00e9t\u00e9. Si vous partagez des informations privil\u00e9gi\u00e9es ou fournissez des \u00ab conseils \u00bb d\u2019initi\u00e9s \u00e0 un tiers qui r\u00e9alise ensuite des op\u00e9rations financi\u00e8res sur la base de ces renseignements privil\u00e9gi\u00e9s, vous pouvez \u00eatre tenu responsable du commerce ill\u00e9gal. Vous pouvez \u00e9galement \u00eatre tenu responsable des transactions effectu\u00e9es par autrui sur la base d\u2019informations confidentielles que vous avez partag\u00e9es avec une partie ext\u00e9rieure, y compris les proches et les amis. Si vous partagez des informations privil\u00e9gi\u00e9es qui influencent un parent ou un ami \u00e0 acheter ou vendre des actions d\u2019Equinix, vous pouvez \u00eatre p\u00e9nalement responsable en tant qu\u2019 \u00ab initi\u00e9 \u00bb en vertu des lois f\u00e9d\u00e9rales sur les valeurs mobili\u00e8res.<\/p>\n<p>Equinix consid\u00e8re qu\u2019il est inappropri\u00e9 pour ceux qui sont employ\u00e9s par ou associ\u00e9s \u00e0 Equinix de s\u2019engager dans des transactions \u00e0 court terme ou sp\u00e9culatives sur les titres d\u2019Equinix ou dans d\u2019autres transactions sur les titres d\u2019Equinix qui peuvent conduire \u00e0 des violations involontaires des lois sur les d\u00e9lits d\u2019initi\u00e9s. Par cons\u00e9quent, vos op\u00e9rations sur les titres d\u2019Equinix est soumise aux directives suppl\u00e9mentaires d\u00e9crites plus en d\u00e9tail dans la <a href=\"https:\/\/codeofbusinessconduct.equinix.com\/fr-ca\/additional-resources\/#recommended_readings\">Politique relative aux op\u00e9rations sur les titres d\u2019Equinix<\/a>.<\/p>\n<p>Pour vous assurer que vous vous conformez aux lois contre les d\u00e9lits d\u2019initi\u00e9s, veuillez-vous r\u00e9f\u00e9rer \u00e0 la <a href=\"https:\/\/codeofbusinessconduct.equinix.com\/fr-ca\/additional-resources\/#recommended_readings\">Politique relative aux op\u00e9rations sur les titres d\u2019Equinix<\/a>. Si vous avez des questions, vous devez contacter le Bureau de conformit\u00e9.[\/vc_column_text][vc_empty_space height=&#8221;24px&#8221;]<a class=\"recom-read-link\" href=\"\/fr-ca\/additional-resources\/#recommended_readings\" target=\"_self\"><div class=\"recommend_book\"><div class=\"recommend_icon\"><img decoding=\"async\" src=\"https:\/\/codeofbusinessconduct.equinix.com\/wp-content\/uploads\/2021\/03\/recommend_book.svg\" \/><\/div><div class=\"recommend_content\"><h4>LECTURE RECOMMAND\u00c9E :<br>POLITIQUE RELATIVE AUX OP\u00c9RATIONS SUR LES TITRES D\u2019EQUINIX<\/h4><\/div><\/div><\/a>[\/vc_column][vc_column width=&#8221;1\/3&#8243; css=&#8221;.vc_custom_1615790628304{padding-top: 35px !important;}&#8221;][vc_column_text]<\/p>\n<h4 class=\"exclaimation\">N\u2019oubliez pas :<\/h4>\n<div class=\"lead\">Les informations privil\u00e9gi\u00e9es sont des informations confidentielles qui, si elles \u00e9taient rendues publiques, influenceraient la d\u00e9cision d\u2019un investisseur d\u2019acheter, de vendre ou de d\u00e9tenir des actions d\u2019Equinix.<\/div>\n<p>[\/vc_column_text][\/vc_column][\/vc_row]<\/p>\n<\/section>","protected":false},"excerpt":{"rendered":"<p>[vc_row css_animation=&#8221;&#8221; row_type=&#8221;row&#8221; use_row_as_full_screen_section=&#8221;no&#8221; type=&#8221;full_width&#8221; angled_section=&#8221;no&#8221; text_align=&#8221;left&#8221; background_image_as_pattern=&#8221;without_pattern&#8221;][vc_column][vc_single_image image=&#8221;4083&#8243; img_size=&#8221;full&#8221; qode_css_animation=&#8221;&#8221;][vc_empty_space height=&#8221;8px&#8221;][vc_column_text] NOTRE ENGAGEMENT ENVERS LA LOI Comprendre et respecter les pratiques commerciales l\u00e9gales [\/vc_column_text][\/vc_column][\/vc_row][vc_row css_animation=&#8221;&#8221; row_type=&#8221;row&#8221; use_row_as_full_screen_section=&#8221;no&#8221; type=&#8221;full_width&#8221; angled_section=&#8221;no&#8221; text_align=&#8221;left&#8221; background_image_as_pattern=&#8221;without_pattern&#8221; z_index=&#8221;&#8221; padding_top=&#8221;32&#8243; padding_bottom=&#8221;40&#8243;][vc_column][vc_single_image image=&#8221;1526&#8243; img_size=&#8221;full&#8221; alignment=&#8221;center&#8221; qode_css_animation=&#8221;&#8221; el_class=&#8221;w-100&#8243;][\/vc_column][\/vc_row][vc_row css_animation=&#8221;&#8221; row_type=&#8221;row&#8221; use_row_as_full_screen_section=&#8221;no&#8221; type=&#8221;full_width&#8221; angled_section=&#8221;no&#8221;&#8230;<\/p>\n","protected":false},"author":1,"featured_media":0,"parent":0,"menu_order":0,"comment_status":"closed","ping_status":"closed","template":"","meta":{"inline_featured_image":false,"footnotes":""},"class_list":["post-1524","page","type-page","status-publish","hentry"],"yoast_head":"<!-- This site is optimized with the Yoast SEO plugin v25.8 - https:\/\/yoast.com\/wordpress\/plugins\/seo\/ -->\n<title>NOTRE ENGAGEMENT ENVERS LA LOI - Equinix Code of Business Conduct<\/title>\n<meta name=\"robots\" content=\"index, follow, max-snippet:-1, max-image-preview:large, max-video-preview:-1\" \/>\n<link rel=\"canonical\" href=\"https:\/\/169.254.129.2\/our-commitment-to-the-law\/\" \/>\n<meta property=\"og:locale\" content=\"fr_CA\" \/>\n<meta property=\"og:type\" content=\"article\" \/>\n<meta property=\"og:title\" content=\"NOTRE ENGAGEMENT ENVERS LA LOI - Equinix Code of Business Conduct\" \/>\n<meta property=\"og:description\" content=\"[vc_row css_animation=&#8221;&#8221; row_type=&#8221;row&#8221; use_row_as_full_screen_section=&#8221;no&#8221; type=&#8221;full_width&#8221; angled_section=&#8221;no&#8221; text_align=&#8221;left&#8221; background_image_as_pattern=&#8221;without_pattern&#8221;][vc_column][vc_single_image image=&#8221;4083&#8243; img_size=&#8221;full&#8221; qode_css_animation=&#8221;&#8221;][vc_empty_space height=&#8221;8px&#8221;][vc_column_text] NOTRE ENGAGEMENT ENVERS LA LOI Comprendre et respecter les pratiques commerciales l\u00e9gales [\/vc_column_text][\/vc_column][\/vc_row][vc_row css_animation=&#8221;&#8221; row_type=&#8221;row&#8221; use_row_as_full_screen_section=&#8221;no&#8221; type=&#8221;full_width&#8221; angled_section=&#8221;no&#8221; text_align=&#8221;left&#8221; background_image_as_pattern=&#8221;without_pattern&#8221; z_index=&#8221;&#8221; padding_top=&#8221;32&#8243; padding_bottom=&#8221;40&#8243;][vc_column][vc_single_image image=&#8221;1526&#8243; img_size=&#8221;full&#8221; alignment=&#8221;center&#8221; qode_css_animation=&#8221;&#8221; el_class=&#8221;w-100&#8243;][\/vc_column][\/vc_row][vc_row css_animation=&#8221;&#8221; row_type=&#8221;row&#8221; use_row_as_full_screen_section=&#8221;no&#8221; type=&#8221;full_width&#8221; angled_section=&#8221;no&#8221;...\" \/>\n<meta property=\"og:url\" content=\"https:\/\/169.254.129.2\/our-commitment-to-the-law\/\" \/>\n<meta property=\"og:site_name\" content=\"Equinix Code of Business Conduct\" \/>\n<meta property=\"article:modified_time\" content=\"2022-03-24T20:48:14+00:00\" \/>\n<meta name=\"twitter:card\" content=\"summary_large_image\" \/>\n<meta name=\"twitter:label1\" content=\"Estimation du temps de lecture\" \/>\n\t<meta name=\"twitter:data1\" content=\"10 minutes\" \/>\n<script type=\"application\/ld+json\" class=\"yoast-schema-graph\">{\"@context\":\"https:\/\/schema.org\",\"@graph\":[{\"@type\":\"WebPage\",\"@id\":\"https:\/\/169.254.129.2\/our-commitment-to-the-law\/\",\"url\":\"https:\/\/169.254.129.2\/our-commitment-to-the-law\/\",\"name\":\"NOTRE ENGAGEMENT ENVERS LA LOI - Equinix Code of Business Conduct\",\"isPartOf\":{\"@id\":\"https:\/\/cobc-prod.azurewebsites.net\/#website\"},\"datePublished\":\"2021-09-29T22:38:34+00:00\",\"dateModified\":\"2022-03-24T20:48:14+00:00\",\"breadcrumb\":{\"@id\":\"https:\/\/169.254.129.2\/our-commitment-to-the-law\/#breadcrumb\"},\"inLanguage\":\"fr-CA\",\"potentialAction\":[{\"@type\":\"ReadAction\",\"target\":[\"https:\/\/169.254.129.2\/our-commitment-to-the-law\/\"]}]},{\"@type\":\"BreadcrumbList\",\"@id\":\"https:\/\/169.254.129.2\/our-commitment-to-the-law\/#breadcrumb\",\"itemListElement\":[{\"@type\":\"ListItem\",\"position\":1,\"name\":\"Home\",\"item\":\"https:\/\/169.254.129.2\/\"},{\"@type\":\"ListItem\",\"position\":2,\"name\":\"NOTRE ENGAGEMENT ENVERS LA LOI\"}]},{\"@type\":\"WebSite\",\"@id\":\"https:\/\/cobc-prod.azurewebsites.net\/#website\",\"url\":\"https:\/\/cobc-prod.azurewebsites.net\/\",\"name\":\"Equinix Code of Business Conduct\",\"description\":\"\",\"potentialAction\":[{\"@type\":\"SearchAction\",\"target\":{\"@type\":\"EntryPoint\",\"urlTemplate\":\"https:\/\/cobc-prod.azurewebsites.net\/?s={search_term_string}\"},\"query-input\":{\"@type\":\"PropertyValueSpecification\",\"valueRequired\":true,\"valueName\":\"search_term_string\"}}],\"inLanguage\":\"fr-CA\"}]}<\/script>\n<!-- \/ Yoast SEO plugin. -->","yoast_head_json":{"title":"NOTRE ENGAGEMENT ENVERS LA LOI - Equinix Code of Business Conduct","robots":{"index":"index","follow":"follow","max-snippet":"max-snippet:-1","max-image-preview":"max-image-preview:large","max-video-preview":"max-video-preview:-1"},"canonical":"https:\/\/169.254.129.2\/our-commitment-to-the-law\/","og_locale":"fr_CA","og_type":"article","og_title":"NOTRE ENGAGEMENT ENVERS LA LOI - Equinix Code of Business Conduct","og_description":"[vc_row css_animation=&#8221;&#8221; row_type=&#8221;row&#8221; use_row_as_full_screen_section=&#8221;no&#8221; type=&#8221;full_width&#8221; angled_section=&#8221;no&#8221; text_align=&#8221;left&#8221; background_image_as_pattern=&#8221;without_pattern&#8221;][vc_column][vc_single_image image=&#8221;4083&#8243; img_size=&#8221;full&#8221; qode_css_animation=&#8221;&#8221;][vc_empty_space height=&#8221;8px&#8221;][vc_column_text] NOTRE ENGAGEMENT ENVERS LA LOI Comprendre et respecter les pratiques commerciales l\u00e9gales [\/vc_column_text][\/vc_column][\/vc_row][vc_row css_animation=&#8221;&#8221; row_type=&#8221;row&#8221; use_row_as_full_screen_section=&#8221;no&#8221; type=&#8221;full_width&#8221; angled_section=&#8221;no&#8221; text_align=&#8221;left&#8221; background_image_as_pattern=&#8221;without_pattern&#8221; z_index=&#8221;&#8221; padding_top=&#8221;32&#8243; padding_bottom=&#8221;40&#8243;][vc_column][vc_single_image image=&#8221;1526&#8243; img_size=&#8221;full&#8221; alignment=&#8221;center&#8221; qode_css_animation=&#8221;&#8221; el_class=&#8221;w-100&#8243;][\/vc_column][\/vc_row][vc_row css_animation=&#8221;&#8221; row_type=&#8221;row&#8221; use_row_as_full_screen_section=&#8221;no&#8221; type=&#8221;full_width&#8221; angled_section=&#8221;no&#8221;...","og_url":"https:\/\/169.254.129.2\/our-commitment-to-the-law\/","og_site_name":"Equinix Code of Business Conduct","article_modified_time":"2022-03-24T20:48:14+00:00","twitter_card":"summary_large_image","twitter_misc":{"Estimation du temps de lecture":"10 minutes"},"schema":{"@context":"https:\/\/schema.org","@graph":[{"@type":"WebPage","@id":"https:\/\/169.254.129.2\/our-commitment-to-the-law\/","url":"https:\/\/169.254.129.2\/our-commitment-to-the-law\/","name":"NOTRE ENGAGEMENT ENVERS LA LOI - Equinix Code of Business Conduct","isPartOf":{"@id":"https:\/\/cobc-prod.azurewebsites.net\/#website"},"datePublished":"2021-09-29T22:38:34+00:00","dateModified":"2022-03-24T20:48:14+00:00","breadcrumb":{"@id":"https:\/\/169.254.129.2\/our-commitment-to-the-law\/#breadcrumb"},"inLanguage":"fr-CA","potentialAction":[{"@type":"ReadAction","target":["https:\/\/169.254.129.2\/our-commitment-to-the-law\/"]}]},{"@type":"BreadcrumbList","@id":"https:\/\/169.254.129.2\/our-commitment-to-the-law\/#breadcrumb","itemListElement":[{"@type":"ListItem","position":1,"name":"Home","item":"https:\/\/169.254.129.2\/"},{"@type":"ListItem","position":2,"name":"NOTRE ENGAGEMENT ENVERS LA LOI"}]},{"@type":"WebSite","@id":"https:\/\/cobc-prod.azurewebsites.net\/#website","url":"https:\/\/cobc-prod.azurewebsites.net\/","name":"Equinix Code of Business Conduct","description":"","potentialAction":[{"@type":"SearchAction","target":{"@type":"EntryPoint","urlTemplate":"https:\/\/cobc-prod.azurewebsites.net\/?s={search_term_string}"},"query-input":{"@type":"PropertyValueSpecification","valueRequired":true,"valueName":"search_term_string"}}],"inLanguage":"fr-CA"}]}},"_links":{"self":[{"href":"https:\/\/codeofbusinessconduct.equinix.com\/fr-ca\/wp-json\/wp\/v2\/pages\/1524","targetHints":{"allow":["GET"]}}],"collection":[{"href":"https:\/\/codeofbusinessconduct.equinix.com\/fr-ca\/wp-json\/wp\/v2\/pages"}],"about":[{"href":"https:\/\/codeofbusinessconduct.equinix.com\/fr-ca\/wp-json\/wp\/v2\/types\/page"}],"author":[{"embeddable":true,"href":"https:\/\/codeofbusinessconduct.equinix.com\/fr-ca\/wp-json\/wp\/v2\/users\/1"}],"replies":[{"embeddable":true,"href":"https:\/\/codeofbusinessconduct.equinix.com\/fr-ca\/wp-json\/wp\/v2\/comments?post=1524"}],"version-history":[{"count":2,"href":"https:\/\/codeofbusinessconduct.equinix.com\/fr-ca\/wp-json\/wp\/v2\/pages\/1524\/revisions"}],"predecessor-version":[{"id":4306,"href":"https:\/\/codeofbusinessconduct.equinix.com\/fr-ca\/wp-json\/wp\/v2\/pages\/1524\/revisions\/4306"}],"wp:attachment":[{"href":"https:\/\/codeofbusinessconduct.equinix.com\/fr-ca\/wp-json\/wp\/v2\/media?parent=1524"}],"curies":[{"name":"wp","href":"https:\/\/api.w.org\/{rel}","templated":true}]}}