{"id":1498,"date":"2021-09-29T20:15:54","date_gmt":"2021-09-29T20:15:54","guid":{"rendered":"https:\/\/codeofbusinessconduct.equinix.com\/?page_id=1498"},"modified":"2021-10-01T21:21:55","modified_gmt":"2021-10-01T21:21:55","slug":"our-code","status":"publish","type":"page","link":"https:\/\/codeofbusinessconduct.equinix.com\/fr-ca\/our-code\/","title":{"rendered":"NOTRE CODE"},"content":{"rendered":"<section class=\"wpb-content-wrapper\"><p>[vc_row css_animation=&#8221;&#8221; row_type=&#8221;row&#8221; use_row_as_full_screen_section=&#8221;no&#8221; type=&#8221;full_width&#8221; angled_section=&#8221;no&#8221; text_align=&#8221;left&#8221; background_image_as_pattern=&#8221;without_pattern&#8221;][vc_column][vc_single_image image=&#8221;1501&#8243; img_size=&#8221;full&#8221; qode_css_animation=&#8221;&#8221;][vc_empty_space height=&#8221;8px&#8221;][vc_column_text]<\/p>\n<h3>NOTRE CODE<\/h3>\n<div class=\"lead\">Comprendre et adopter un comportement \u00e9thique<\/div>\n<p>[\/vc_column_text][\/vc_column][\/vc_row][vc_row css_animation=&#8221;&#8221; row_type=&#8221;row&#8221; use_row_as_full_screen_section=&#8221;no&#8221; type=&#8221;full_width&#8221; angled_section=&#8221;no&#8221; text_align=&#8221;left&#8221; background_image_as_pattern=&#8221;without_pattern&#8221; z_index=&#8221;&#8221; padding_top=&#8221;20&#8243; anchor=&#8221;why_we_have_a_code_of_business_conduct&#8221;][vc_column width=&#8221;2\/3&#8243; el_class=&#8221;purpose_values&#8221; css=&#8221;.vc_custom_1615524809511{padding-bottom: 30px !important;}&#8221;][vc_column_text]<\/p>\n<h4>POURQUOI NOUS AVONS UN CODE DE CONDUITE PROFESSIONNELLE<\/h4>\n<p>Equinix repose sur des valeurs d\u2019entreprise et des pratiques commerciales solides, et nous savons que notre succ\u00e8s continu d\u00e9pend de notre engagement \u00e0 exercer nos activit\u00e9s avec honn\u00eatet\u00e9, int\u00e9grit\u00e9, professionnalisme et un engagement envers des r\u00e9sultats de premier plan. Cela signifie qu\u2019en tant qu\u2019entreprise, nous valorisons:<\/p>\n<ul>\n<li>chaque employ\u00e9<\/li>\n<li>la volont\u00e9 de bien faire les choses pour les bonnes raisons<\/li>\n<li>l\u2019int\u00e9grit\u00e9 sans compromis<\/li>\n<li>l&#8217;engagement envers des pratiques commerciales \u00e9thiques<\/li>\n<li>le respect de la loi<\/li>\n<\/ul>\n<p>Dans la plupart des situations, nos valeurs individuelles et notre honn\u00eatet\u00e9 nous guideront vers la bonne d\u00e9cision \u00e9thique. Mais si nous avons des questions sur les bonnes actions \u00e0 entreprendre, notre Code de conduite professionnelle (notre \u00ab Code \u00bb) est l\u00e0 pour nous y aider. Nous devons \u00e9galement nous rappeler que toutes les situations ne peuvent pas \u00eatre trait\u00e9es dans notre Code. Dans ces situations, vous devriez en parler avec votre responsable ou le Bureau de conformit\u00e9.[\/vc_column_text][vc_row_inner row_type=&#8221;row&#8221; type=&#8221;full_width&#8221; text_align=&#8221;left&#8221; css_animation=&#8221;&#8221; anchor=&#8221;who_is_required_to_follow_our_code&#8221; css=&#8221;.vc_custom_1616044458552{padding-top: 20px !important;}&#8221;][vc_column_inner][vc_column_text]<\/p>\n<h4>QUI EST TENU DE SUIVRE LE CODE?<\/h4>\n<p>Notre Code s\u2019applique \u00e0 chaque administrateur, dirigeant et employ\u00e9 d\u2019Equinix, y compris les employ\u00e9s \u00e0 temps partiel et temporaires. Notre Code devrait \u00e9galement \u00eatre fourni \u00e0 et suivi par ceux qui agissent au nom d\u2019Equinix, tels que les mandataires, les repr\u00e9sentants et les consultants.[\/vc_column_text][\/vc_column_inner][\/vc_row_inner][vc_row_inner row_type=&#8221;row&#8221; type=&#8221;full_width&#8221; text_align=&#8221;left&#8221; css_animation=&#8221;&#8221; anchor=&#8221;ethics_in_action:_what_our_code_means_for_you&#8221; css=&#8221;.vc_custom_1616044568288{padding-top: 20px !important;}&#8221;][vc_column_inner][vc_column_text]<\/p>\n<h4>L\u2019\u00c9THIQUE EN ACTION, CE QUE NOTRE CODE SIGNIFIE POUR VOUS<\/h4>\n<p>Nous sommes tous cens\u00e9s respecter la lettre et l\u2019esprit de notre Code. Cela signifie que vous devez comprendre et respecter l\u2019ensemble de nos politiques, nos r\u00e8glements et nos r\u00e8gles qui s\u2019appliquent \u00e0 votre travail et demander conseil si vous avez des questions ou des pr\u00e9occupations. Les employ\u00e9s qui enfreignent notre Code s\u2019exposent \u00e0 des risques et exposent leur coll\u00e8gues et notre entreprise \u00e0 des risques et sontpassibles de sanctions disciplinaires pouvant aller jusqu\u2019au licenciement.<\/p>\n<p>Les employ\u00e9s qui supervisent d\u2019autres employ\u00e9s ont une responsabilit\u00e9 particuli\u00e8rement importante de diriger en donnant l\u2019exemple et de maintenir les standards les plus hauts de comportement. Si vous supervisez d\u2019autres personnes, vous devez promouvoir un environnement dans lequel les employ\u00e9s comprennent leurs responsabilit\u00e9s et se sentent \u00e0 l\u2019aise de signaler des probl\u00e8mes et des pr\u00e9occupations sans crainte de repr\u00e9sailles. Si un probl\u00e8me est signal\u00e9, vous devez prendre des mesures rapides.<\/p>\n<p>Vous devez \u00e9galement vous assurer que chaque employ\u00e9 sous votre supervision comprend notre Code et les politiques, r\u00e8glements et r\u00e8gles qui s\u2019appliquent \u00e0 notre lieu de travail. Notre Code peut compl\u00e9ter d\u2019autres politiques, proc\u00e9dures et pratiques. Si vous rencontrez ou un membre de votre \u00e9quipe rencontre un conflit ou un d\u00e9saccord, signalez-le \u00e0 la fois \u00e0 votre responsable et au bureau de conformit\u00e9.[\/vc_column_text][\/vc_column_inner][\/vc_row_inner][\/vc_column][vc_column width=&#8221;1\/3&#8243; css=&#8221;.vc_custom_1615524819852{padding-bottom: 30px !important;}&#8221;][vc_column_text]<\/p>\n<h4 class=\"exclaimation\">N\u2019oubliez pas :<\/h4>\n<div class=\"lead\">Nous sommes TOUS cens\u00e9s respecter la lettre et l&#8217;esprit de notre Code.<\/div>\n<p>[\/vc_column_text][vc_empty_space height=&#8221;20px&#8221;][vc_single_image image=&#8221;1500&#8243; img_size=&#8221;full&#8221; alignment=&#8221;center&#8221; qode_css_animation=&#8221;&#8221;][\/vc_column][\/vc_row]<\/p>\n<\/section>","protected":false},"excerpt":{"rendered":"<p>[vc_row css_animation=&#8221;&#8221; row_type=&#8221;row&#8221; use_row_as_full_screen_section=&#8221;no&#8221; type=&#8221;full_width&#8221; angled_section=&#8221;no&#8221; text_align=&#8221;left&#8221; background_image_as_pattern=&#8221;without_pattern&#8221;][vc_column][vc_single_image image=&#8221;1501&#8243; img_size=&#8221;full&#8221; qode_css_animation=&#8221;&#8221;][vc_empty_space height=&#8221;8px&#8221;][vc_column_text] NOTRE CODE Comprendre et adopter un comportement \u00e9thique [\/vc_column_text][\/vc_column][\/vc_row][vc_row css_animation=&#8221;&#8221; row_type=&#8221;row&#8221; use_row_as_full_screen_section=&#8221;no&#8221; type=&#8221;full_width&#8221; angled_section=&#8221;no&#8221; text_align=&#8221;left&#8221; background_image_as_pattern=&#8221;without_pattern&#8221; z_index=&#8221;&#8221; padding_top=&#8221;20&#8243; anchor=&#8221;why_we_have_a_code_of_business_conduct&#8221;][vc_column width=&#8221;2\/3&#8243; el_class=&#8221;purpose_values&#8221; css=&#8221;.vc_custom_1615524809511{padding-bottom: 30px !important;}&#8221;][vc_column_text] POURQUOI NOUS AVONS UN CODE DE CONDUITE PROFESSIONNELLE Equinix&#8230;<\/p>\n","protected":false},"author":1,"featured_media":0,"parent":0,"menu_order":0,"comment_status":"closed","ping_status":"closed","template":"","meta":{"inline_featured_image":false,"footnotes":""},"class_list":["post-1498","page","type-page","status-publish","hentry"],"yoast_head":"<!-- This site is optimized with the Yoast SEO plugin v25.8 - https:\/\/yoast.com\/wordpress\/plugins\/seo\/ -->\n<title>NOTRE CODE - Equinix Code of Business Conduct<\/title>\n<meta name=\"robots\" content=\"index, follow, max-snippet:-1, max-image-preview:large, max-video-preview:-1\" \/>\n<link rel=\"canonical\" href=\"https:\/\/169.254.129.2\/our-code\/\" \/>\n<meta property=\"og:locale\" content=\"fr_CA\" \/>\n<meta property=\"og:type\" content=\"article\" \/>\n<meta property=\"og:title\" content=\"NOTRE CODE - Equinix Code of Business Conduct\" \/>\n<meta property=\"og:description\" content=\"[vc_row css_animation=&#8221;&#8221; row_type=&#8221;row&#8221; use_row_as_full_screen_section=&#8221;no&#8221; type=&#8221;full_width&#8221; angled_section=&#8221;no&#8221; text_align=&#8221;left&#8221; background_image_as_pattern=&#8221;without_pattern&#8221;][vc_column][vc_single_image image=&#8221;1501&#8243; img_size=&#8221;full&#8221; qode_css_animation=&#8221;&#8221;][vc_empty_space height=&#8221;8px&#8221;][vc_column_text] NOTRE CODE Comprendre et adopter un comportement \u00e9thique [\/vc_column_text][\/vc_column][\/vc_row][vc_row css_animation=&#8221;&#8221; row_type=&#8221;row&#8221; use_row_as_full_screen_section=&#8221;no&#8221; type=&#8221;full_width&#8221; angled_section=&#8221;no&#8221; text_align=&#8221;left&#8221; background_image_as_pattern=&#8221;without_pattern&#8221; z_index=&#8221;&#8221; padding_top=&#8221;20&#8243; anchor=&#8221;why_we_have_a_code_of_business_conduct&#8221;][vc_column width=&#8221;2\/3&#8243; el_class=&#8221;purpose_values&#8221; css=&#8221;.vc_custom_1615524809511{padding-bottom: 30px !important;}&#8221;][vc_column_text] POURQUOI NOUS AVONS UN CODE DE CONDUITE PROFESSIONNELLE Equinix...\" \/>\n<meta property=\"og:url\" content=\"https:\/\/169.254.129.2\/our-code\/\" \/>\n<meta property=\"og:site_name\" content=\"Equinix Code of Business Conduct\" \/>\n<meta property=\"article:modified_time\" content=\"2021-10-01T21:21:55+00:00\" \/>\n<meta name=\"twitter:card\" content=\"summary_large_image\" \/>\n<meta name=\"twitter:label1\" content=\"Estimation du temps de lecture\" \/>\n\t<meta name=\"twitter:data1\" content=\"4 minutes\" \/>\n<script type=\"application\/ld+json\" class=\"yoast-schema-graph\">{\"@context\":\"https:\/\/schema.org\",\"@graph\":[{\"@type\":\"WebPage\",\"@id\":\"https:\/\/169.254.129.2\/our-code\/\",\"url\":\"https:\/\/169.254.129.2\/our-code\/\",\"name\":\"NOTRE CODE - Equinix Code of Business Conduct\",\"isPartOf\":{\"@id\":\"https:\/\/cobc-prod.azurewebsites.net\/#website\"},\"datePublished\":\"2021-09-29T20:15:54+00:00\",\"dateModified\":\"2021-10-01T21:21:55+00:00\",\"breadcrumb\":{\"@id\":\"https:\/\/169.254.129.2\/our-code\/#breadcrumb\"},\"inLanguage\":\"fr-CA\",\"potentialAction\":[{\"@type\":\"ReadAction\",\"target\":[\"https:\/\/169.254.129.2\/our-code\/\"]}]},{\"@type\":\"BreadcrumbList\",\"@id\":\"https:\/\/169.254.129.2\/our-code\/#breadcrumb\",\"itemListElement\":[{\"@type\":\"ListItem\",\"position\":1,\"name\":\"Home\",\"item\":\"https:\/\/169.254.129.2\/\"},{\"@type\":\"ListItem\",\"position\":2,\"name\":\"NOTRE CODE\"}]},{\"@type\":\"WebSite\",\"@id\":\"https:\/\/cobc-prod.azurewebsites.net\/#website\",\"url\":\"https:\/\/cobc-prod.azurewebsites.net\/\",\"name\":\"Equinix Code of Business Conduct\",\"description\":\"\",\"potentialAction\":[{\"@type\":\"SearchAction\",\"target\":{\"@type\":\"EntryPoint\",\"urlTemplate\":\"https:\/\/cobc-prod.azurewebsites.net\/?s={search_term_string}\"},\"query-input\":{\"@type\":\"PropertyValueSpecification\",\"valueRequired\":true,\"valueName\":\"search_term_string\"}}],\"inLanguage\":\"fr-CA\"}]}<\/script>\n<!-- \/ Yoast SEO plugin. -->","yoast_head_json":{"title":"NOTRE CODE - Equinix Code of Business Conduct","robots":{"index":"index","follow":"follow","max-snippet":"max-snippet:-1","max-image-preview":"max-image-preview:large","max-video-preview":"max-video-preview:-1"},"canonical":"https:\/\/169.254.129.2\/our-code\/","og_locale":"fr_CA","og_type":"article","og_title":"NOTRE CODE - Equinix Code of Business Conduct","og_description":"[vc_row css_animation=&#8221;&#8221; row_type=&#8221;row&#8221; use_row_as_full_screen_section=&#8221;no&#8221; type=&#8221;full_width&#8221; angled_section=&#8221;no&#8221; text_align=&#8221;left&#8221; background_image_as_pattern=&#8221;without_pattern&#8221;][vc_column][vc_single_image image=&#8221;1501&#8243; img_size=&#8221;full&#8221; qode_css_animation=&#8221;&#8221;][vc_empty_space height=&#8221;8px&#8221;][vc_column_text] NOTRE CODE Comprendre et adopter un comportement \u00e9thique [\/vc_column_text][\/vc_column][\/vc_row][vc_row css_animation=&#8221;&#8221; row_type=&#8221;row&#8221; use_row_as_full_screen_section=&#8221;no&#8221; type=&#8221;full_width&#8221; angled_section=&#8221;no&#8221; text_align=&#8221;left&#8221; background_image_as_pattern=&#8221;without_pattern&#8221; z_index=&#8221;&#8221; padding_top=&#8221;20&#8243; anchor=&#8221;why_we_have_a_code_of_business_conduct&#8221;][vc_column width=&#8221;2\/3&#8243; el_class=&#8221;purpose_values&#8221; css=&#8221;.vc_custom_1615524809511{padding-bottom: 30px !important;}&#8221;][vc_column_text] POURQUOI NOUS AVONS UN CODE DE CONDUITE PROFESSIONNELLE Equinix...","og_url":"https:\/\/169.254.129.2\/our-code\/","og_site_name":"Equinix Code of Business Conduct","article_modified_time":"2021-10-01T21:21:55+00:00","twitter_card":"summary_large_image","twitter_misc":{"Estimation du temps de lecture":"4 minutes"},"schema":{"@context":"https:\/\/schema.org","@graph":[{"@type":"WebPage","@id":"https:\/\/169.254.129.2\/our-code\/","url":"https:\/\/169.254.129.2\/our-code\/","name":"NOTRE CODE - Equinix Code of Business Conduct","isPartOf":{"@id":"https:\/\/cobc-prod.azurewebsites.net\/#website"},"datePublished":"2021-09-29T20:15:54+00:00","dateModified":"2021-10-01T21:21:55+00:00","breadcrumb":{"@id":"https:\/\/169.254.129.2\/our-code\/#breadcrumb"},"inLanguage":"fr-CA","potentialAction":[{"@type":"ReadAction","target":["https:\/\/169.254.129.2\/our-code\/"]}]},{"@type":"BreadcrumbList","@id":"https:\/\/169.254.129.2\/our-code\/#breadcrumb","itemListElement":[{"@type":"ListItem","position":1,"name":"Home","item":"https:\/\/169.254.129.2\/"},{"@type":"ListItem","position":2,"name":"NOTRE CODE"}]},{"@type":"WebSite","@id":"https:\/\/cobc-prod.azurewebsites.net\/#website","url":"https:\/\/cobc-prod.azurewebsites.net\/","name":"Equinix Code of Business Conduct","description":"","potentialAction":[{"@type":"SearchAction","target":{"@type":"EntryPoint","urlTemplate":"https:\/\/cobc-prod.azurewebsites.net\/?s={search_term_string}"},"query-input":{"@type":"PropertyValueSpecification","valueRequired":true,"valueName":"search_term_string"}}],"inLanguage":"fr-CA"}]}},"_links":{"self":[{"href":"https:\/\/codeofbusinessconduct.equinix.com\/fr-ca\/wp-json\/wp\/v2\/pages\/1498","targetHints":{"allow":["GET"]}}],"collection":[{"href":"https:\/\/codeofbusinessconduct.equinix.com\/fr-ca\/wp-json\/wp\/v2\/pages"}],"about":[{"href":"https:\/\/codeofbusinessconduct.equinix.com\/fr-ca\/wp-json\/wp\/v2\/types\/page"}],"author":[{"embeddable":true,"href":"https:\/\/codeofbusinessconduct.equinix.com\/fr-ca\/wp-json\/wp\/v2\/users\/1"}],"replies":[{"embeddable":true,"href":"https:\/\/codeofbusinessconduct.equinix.com\/fr-ca\/wp-json\/wp\/v2\/comments?post=1498"}],"version-history":[{"count":0,"href":"https:\/\/codeofbusinessconduct.equinix.com\/fr-ca\/wp-json\/wp\/v2\/pages\/1498\/revisions"}],"wp:attachment":[{"href":"https:\/\/codeofbusinessconduct.equinix.com\/fr-ca\/wp-json\/wp\/v2\/media?parent=1498"}],"curies":[{"name":"wp","href":"https:\/\/api.w.org\/{rel}","templated":true}]}}