{"id":1793,"date":"2021-03-10T06:22:20","date_gmt":"2021-03-10T06:22:20","guid":{"rendered":"https:\/\/codeofbusinessconduct.equinix.com\/?page_id=1793"},"modified":"2025-12-15T10:54:29","modified_gmt":"2025-12-15T10:54:29","slug":"additional-resources","status":"publish","type":"page","link":"https:\/\/codeofbusinessconduct.equinix.com\/fi\/additional-resources\/","title":{"rendered":"LIS\u00c4RESURSSEJA"},"content":{"rendered":"<section class=\"wpb-content-wrapper\"><p>[vc_row css_animation=&#8221;&#8221; row_type=&#8221;row&#8221; use_row_as_full_screen_section=&#8221;no&#8221; type=&#8221;full_width&#8221; angled_section=&#8221;no&#8221; text_align=&#8221;left&#8221; background_image_as_pattern=&#8221;without_pattern&#8221;][vc_column][vc_raw_html]JTNDZGl2JTIwY2xhc3MlM0QlMjJkLWZsZXglMjIlMjBzdHlsZSUzRCUyMmRpc3BsYXklM0FmbGV4JTIyJTIwJTIxaW1wb3J0YW50JTNCJTNFJTBBJTNDaW1nJTIwc3JjJTNEJTIyJTJGd3AtY29udGVudCUyRnVwbG9hZHMlMkYyMDI1JTJGMTIlMkZQaWN0dXJlMl9pbXJlc2l6ZXItMi5qcGclMjIlM0UlMEElM0NoMSUyMHN0eWxlJTNEJTIyJTIwY29sb3IlM0ElMjByZWQlM0IlMjBwYWRkaW5nJTNBJTIwMTBweCUyMiUzRUxJUyVDMyU4NFJFU1VSU1NJVCUyMCUzQyUyRmgxJTNFJTBBJTNDJTJGZGl2JTNF[\/vc_raw_html][\/vc_column][\/vc_row][vc_row css_animation=&#8221;&#8221; row_type=&#8221;row&#8221; use_row_as_full_screen_section=&#8221;no&#8221; type=&#8221;full_width&#8221; angled_section=&#8221;no&#8221; text_align=&#8221;left&#8221; background_image_as_pattern=&#8221;without_pattern&#8221; z_index=&#8221;&#8221; padding_top=&#8221;30&#8243; padding_bottom=&#8221;20&#8243;][vc_column css=&#8221;.vc_custom_1615550437479{padding-bottom: 20px !important;}&#8221;][vc_column_text]<\/p>\n<p style=\"width: 105%;\">Equinixill\u00e4 rehellisyys ja etiikka ovat kaiken toimintamme ytimess\u00e4. Jokainen meist\u00e4 on v\u00e4ltt\u00e4m\u00e4t\u00f6n luottamukseen ja l\u00e4pin\u00e4kyvyyteen perustuvan kulttuurin luomisessa. Liiketoimintaohjeemme ovat jokap\u00e4iv\u00e4inen kompassi, joka antaa sinulle mahdollisuuden omaksua, yll\u00e4pit\u00e4\u00e4 ja johtaa n\u00e4it\u00e4 periaatteita kaikissa teht\u00e4viss\u00e4, jokaisessa p\u00e4\u00e4t\u00f6ksess\u00e4 ja kaikkialla, minne menet. Olemme t\u00e4\u00e4ll\u00e4 resurssien ja tuen kanssa, joita tarvitset tehd\u00e4ksesi eettisi\u00e4 valintoja luottavaisin mielin.<\/p>\n<p>[\/vc_column_text][\/vc_column][\/vc_row][vc_row css_animation=&#8221;&#8221; row_type=&#8221;row&#8221; use_row_as_full_screen_section=&#8221;no&#8221; type=&#8221;full_width&#8221; angled_section=&#8221;no&#8221; text_align=&#8221;left&#8221; background_image_as_pattern=&#8221;without_pattern&#8221; z_index=&#8221;&#8221; padding_bottom=&#8221;140&#8243; el_class=&#8221;addition_resource addition_space&#8221; anchor=&#8221;recommended_readings&#8221;][vc_column width=&#8221;1\/3&#8243; el_class=&#8221;purpose_values&#8221; css=&#8221;.vc_custom_1615786880429{padding-bottom: 40px !important;}&#8221;][vc_column_text]<\/p>\n<h4 style=\"color: red;\">SINUN VASTUUSI<\/h4>\n<p><span style=\"color: red;\">Tunne toimintaohjeemme:<\/span> Ymm\u00e4rr\u00e4 ja noudata Equinixin k\u00e4yt\u00e4nt\u00f6j\u00e4 ja ohjeita.<\/p>\n<p><span style=\"color: red;\">Toimi:<\/span> Ilmoita ongelmista, esit\u00e4 kysymyksi\u00e4 ja auta yll\u00e4pit\u00e4m\u00e4\u00e4n eettist\u00e4 kulttuuriamme.<\/p>\n<p><span style=\"color: red;\">Valitse paras kanava:<\/span> Ota meihin yhteytt\u00e4<br \/>\nsinulle sopivalla tavalla \u2013 anonyymin auttavan puhelimen, s\u00e4hk\u00f6postin tai p\u00e4ivitetyn verkkoportaalimme kautta.[\/vc_column_text][vc_empty_space height=&#8221;35px&#8221;][vc_column_text]<\/p>\n<h4 style=\"color: red;\">ILMOITA HUOLENAIHEISTA TAI<br \/>\nRIKKOMUKSISTA<\/h4>\n<p>K\u00e4yt\u00e4 jotakin seuraavista vaihtoehdoista<br \/>\nilmoittaaksesi<br \/>\nvaatimustenmukaisuusongelmistasi ja<br \/>\nhuolenaiheistasi:[\/vc_column_text][vc_empty_space height=&#8221;10px&#8221;][vc_column_text]<\/p>\n<h4><span style=\"color: red;\">VAATIMUSTENMUKAISUUSRAPORTOINNI<br \/>\nN NEUVONTAPUHELIN<\/span><\/h4>\n<p>(nimett\u00f6m\u00e4ll\u00e4 vaihtoehdolla):<br \/>\n<a style=\"text-decoration: none; color: black;\" href=\"https:\/\/secure.ethicspoint.com\/domain\/media\/en\/gui\/54104\/index.html\"><span style=\"text-decoration-color: black; color: black;\">www.equinix.ethicspoint.com<\/span><\/a>[\/vc_column_text][vc_empty_space height=&#8221;20px&#8221;][vc_column_text]<\/p>\n<h4><span style=\"color: red;\">ETURISTIRIIDOISTA LUOPUMINEN<\/span><\/h4>\n<p><a style=\"text-decoration: none; color: black;\" href=\"https:\/\/equinix.ethicspointvp.com\/custom\/equinix\/forms\/coi\/form_data.asp\"><span style=\"color: black;\">www.equinix.ethicspoint.com<\/span><\/a>[\/vc_column_text][vc_empty_space height=&#8221;15px&#8221;][vc_column_text]<\/p>\n<h4><span style=\"color: red;\">OTA YHTEYTT\u00c4<br \/>\nVAATIMUSTENMUKAISUUSTIIMIIN<\/span><\/h4>\n<p><a style=\"text-decoration: none; color: black;\" href=\"mailto: ethicsandcompliance@equinix.com\"> <span style=\"color: black;\">S\u00e4hk\u00f6posti: ethicsandcompliance@equinix.com<\/span><\/a>[\/vc_column_text][\/vc_column][vc_column width=&#8221;1\/3&#8243;][vc_column_text]<\/p>\n<h4>OTA YHTEYTT\u00c4 RESURSSEIHIN<\/h4>\n<p><strong> Oikeudellisissa tiedusteluissa ota<br \/>\nyhteytt\u00e4<\/strong><\/p>\n<ul>\n<li>Lakiasiainjohtajaan<\/li>\n<li>Paikalliseen lakiasiainjohtajaan<br \/>\n(Amerikka, Aasian ja Tyynenmeren<br \/>\nalue tai EMEA)<\/li>\n<li>Varap\u00e4\u00e4johtajaan, riski- ja<br \/>\nvaatimustenmukaisuusvastaavaan<\/li>\n<\/ul>\n<p>[\/vc_column_text][vc_empty_space][vc_column_text]<strong>Henkil\u00f6st\u00f6hallinnon osalta ota yhteytt\u00e4:<\/strong><\/p>\n<ul>\n<li>Henkil\u00f6st\u00f6johtajaan<\/li>\n<li>Ota yhteytt\u00e4 henkil\u00f6st\u00f6hallintoon<br \/>\n(ulkoinen) s\u00e4hk\u00f6postitse t\u00e4m\u00e4n <a href=\"mailto: HRServices@equinix.com\"><span style=\"text-decoration: underline; text-decoration-color: black; color: black;\"> linkin kautta<\/span><\/a><\/li>\n<li>Ota yhteytt\u00e4 henkil\u00f6st\u00f6hallintoon<br \/>\n(sis\u00e4inen) jos haluat esitt\u00e4\u00e4 pyynn\u00f6n<br \/>\nsis\u00e4isesti, k\u00e4yt\u00e4 t\u00e4t\u00e4 <a href=\"https:\/\/myhresc.equinix.com\/\"><span style=\"text-decoration: underline; text-decoration-color: black; color: black;\">linkki\u00e4. <\/span><\/a><\/li>\n<\/ul>\n<p>[\/vc_column_text][vc_empty_space][vc_column_text]<strong>Tietoturvatiedusteluissa ota yhteytt\u00e4:<\/strong><\/p>\n<ul>\n<li>Maailmanlaajuinen tietoturvatiimi:<br \/>\nS\u00e4hk\u00f6posti:<a href=\"mailto: infosec@equinix.com\"> <span style=\"text-decoration: underline; text-decoration-color: black; color: black;\">infosec@equinix.com<\/span><\/a><\/li>\n<li>Tietoturvavastaava<\/li>\n<\/ul>\n<p>[\/vc_column_text][vc_empty_space][vc_column_text]<strong> Hyv\u00e4ntekev\u00e4isyyslahjoituksia koskevissa<br \/>\ntiedusteluissa ota yhteytt\u00e4:<\/strong><\/p>\n<p><a href=\"mailto: EquinixImpact@equinix.com\"> <span style=\"text-decoration: underline; text-decoration-color: black; color: black;\">EquinixImpact@equinix.com<\/span><\/a>[\/vc_column_text][\/vc_column][vc_column width=&#8221;1\/3&#8243; el_class=&#8221;purpose_values&#8221; css=&#8221;.vc_custom_1615786886049{padding-bottom: 40px !important;}&#8221;][vc_single_image image=&#8221;5175&#8243; img_size=&#8221;full&#8221; qode_css_animation=&#8221;&#8221; el_class=&#8221;w-100&#8243;][vc_empty_space height=&#8221;20px&#8221;][vc_column_text]<\/p>\n<h4>AIHEESEEN LIITTYVI\u00c4 K\u00c4YT\u00c4NT\u00d6J\u00c4 JA SUOSITELTUA LUETTAVAA:<\/h4>\n<ul>\n<li><a href=\"https:\/\/brand.equinix.com\/\" target=\"_blank\" rel=\"noopener\">Br\u00e4ndimme<\/a><\/li>\n<li><a href=\"https:\/\/d1io3yog0oux5.cloudfront.net\/_6516f53b171c92a82cc4310bc5d7b1d4\/equinix\/db\/2170\/20630\/file\/Equinix+Whistleblower+Policy+%281%29.pdf\" target=\"_blank\" rel=\"noopener\">Ilmoittajia suojaava k\u00e4yt\u00e4nt\u00f6<\/a><\/li>\n<\/ul>\n<p>[\/vc_column_text][vc_empty_space height=&#8221;20px&#8221;]\n        <div class=\"resources_login\">\n            <p>Alla olevat tiedostot on rajoitettu Equinixin ty\u00f6ntekij\u00f6ihin. Mobiililaitteiden k\u00e4ytt\u00f6\u00e4 voidaan my\u00f6s rajoittaa. K\u00e4y Hubissa yrityksen p\u00f6yt\u00e4koneen tai kannettavan tietokoneen kautta p\u00e4\u00e4st\u00e4ksesi alla oleviin lis\u00e4linkkeihin.<\/p>\n            <div class=\"resouce_btn\">\n                <a href=\"https:\/\/codeofbusinessconduct.equinix.com\/?option=saml_user_login&redirect_to=https%3A%2F%2Fcodeofbusinessconduct.equinix.com%2Fadditional-resources%2F\">Kirjaudu sis\u00e4\u00e4n<\/a>\n                <a href=\"https:\/\/intranet.equinix.com\/Pages\/Home.aspx\" target=\"_self\">Siirry Hubiin<\/a>\n            <\/div>\n        <\/div>\n        <div class=\"log_list disabled dlog\"><\/p>\n<ul>\n<li><a href=\"https:\/\/equinixinc.sharepoint.com\/sites\/Intranet\/SitePages\/Equinix%20Impact\/Employee-Philanthropy-and-Volunteering.aspx?web=1\" target=\"_blank\" rel=\"noopener\">Equinix Matching Gifts -ohjelman<\/a><\/li>\n<li><a href=\"https:\/\/equinix.service-now.com\/hr?id=eqx_emp_taxonomy_topic&amp;topic_id=de107691477cee18224c460e436d43a4&amp;in_context=true\" target=\"_blank\" rel=\"noopener\">Maailmanlaajuinen ty\u00f6ntekij\u00f6iden k\u00e4sikirja<\/a><\/li>\n<li><a href=\"https:\/\/equinixinc.sharepoint.com\/sites\/Intranet\/Company\/Forms\/AllItems.aspx?id=%2Fsites%2FIntranet%2FCompany%2FEquinix%20Foundation%2FThe%20Equinix%20Foundation%20Global%20Giving%20Policy%2Epdf&amp;parent=%2Fsites%2FIntranet%2FCompany%2FEquinix%20Foundation\" target=\"_blank\" rel=\"noopener\">Maailmanlaajuinen lahjoitusk\u00e4yt\u00e4nt\u00f6<\/a><\/li>\n<li><a href=\"https:\/\/equinixinc.sharepoint.com\/sites\/TechITHub\/SitePages\/InfoSec-Resources.aspx\" target=\"_blank\" rel=\"noopener\">Maailmanlaajuiset tietoturvallisuusresurssit<\/a><\/li>\n<li><a href=\"https:\/\/equinix.service-now.com\/epp?sys_kb_id=28fdfe2f8350ee906bc77a10feaad3dd&amp;id=kb_article_view&amp;sysparm_rank=1&amp;sysparm_tsqueryId=a65ff768c3576214e86ed7dc05013115\" target=\"_blank\" rel=\"noopener\">Maailmanlaajuinen tietoturvan hyv\u00e4ksytt\u00e4v\u00e4n k\u00e4yt\u00f6n k\u00e4yt\u00e4nt\u00f6<\/a><\/li>\n<li><a href=\"https:\/\/equinixinc.sharepoint.com\/:w:\/r\/sites\/Intranet\/_layouts\/15\/Doc.aspx?sourcedoc=%7BE4B7ECB7-6BC0-4E45-BA5A-83DAFCBF45FA%7D&amp;file=Record%20Management%20Policy.docm&amp;action=default&amp;mobileredirect=true\">Maailmanlaajuinen tietueiden hallintak\u00e4yt\u00e4nt\u00f6<\/a><\/li>\n<li><a href=\"https:\/\/equinixinc.sharepoint.com\/sites\/Intranet\/SitePages\/Marketing\/Social-Media.aspx?web=1\" target=\"_blank\" rel=\"noopener\">Maailmanlaajuiset sosiaalisen median ohjeet<\/a><\/li>\n<li><a href=\"https:\/\/equinixinc.sharepoint.com\/sites\/Intranet\/Procurement\/Forms\/AllItems.aspx?id=%2Fsites%2FIntranet%2FProcurement%2FTravel%20HUB%2FGlobal%20Travel%20%26%20Expense%20Policy%20%2Epdf&amp;parent=%2Fsites%2FIntranet%2FProcurement%2FTravel%20HUB\" target=\"_blank\" rel=\"noopener\">Globaali matkustus- ja kuluk\u00e4yt\u00e4nt\u00f6 <\/a><\/li>\n<li><a href=\"https:\/\/equinixinc.sharepoint.com\/sites\/Intranet\/SitePages\/Legal\/Securities-Trading-Policies.aspx?web=1&amp;CT=1720547444662&amp;OR=OWA-NT-Calendar&amp;CID=35e2a192-187f-cca2-9782-d1bf1730510d\" target=\"_blank\" rel=\"noopener\">Arvopaperikauppak\u00e4yt\u00e4nt\u00f6 Kest\u00e4v\u00e4 kehitys<\/a><\/li>\n<li><a href=\"https:\/\/equinixinc.sharepoint.com\/sites\/Intranet\/SitePages\/Sustainability.aspx?web=1\" target=\"_blank\" rel=\"noopener\">EQUINIXIN KEST\u00c4V\u00c4 KEHITYS<\/a><\/li>\n<\/ul>\n<p><\/div>[vc_empty_space height=&#8221;26px&#8221;][vc_column_text][\/vc_column_text][vc_column_text][\/vc_column_text][\/vc_column][\/vc_row]<\/p>\n<\/section>","protected":false},"excerpt":{"rendered":"<p>[vc_row css_animation=&#8221;&#8221; row_type=&#8221;row&#8221; use_row_as_full_screen_section=&#8221;no&#8221; type=&#8221;full_width&#8221; angled_section=&#8221;no&#8221; text_align=&#8221;left&#8221; background_image_as_pattern=&#8221;without_pattern&#8221;][vc_column][vc_raw_html]JTNDZGl2JTIwY2xhc3MlM0QlMjJkLWZsZXglMjIlMjBzdHlsZSUzRCUyMmRpc3BsYXklM0FmbGV4JTIyJTIwJTIxaW1wb3J0YW50JTNCJTNFJTBBJTNDaW1nJTIwc3JjJTNEJTIyJTJGd3AtY29udGVudCUyRnVwbG9hZHMlMkYyMDI1JTJGMTIlMkZQaWN0dXJlMl9pbXJlc2l6ZXItMi5qcGclMjIlM0UlMEElM0NoMSUyMHN0eWxlJTNEJTIyJTIwY29sb3IlM0ElMjByZWQlM0IlMjBwYWRkaW5nJTNBJTIwMTBweCUyMiUzRUxJUyVDMyU4NFJFU1VSU1NJVCUyMCUzQyUyRmgxJTNFJTBBJTNDJTJGZGl2JTNF[\/vc_raw_html][\/vc_column][\/vc_row][vc_row css_animation=&#8221;&#8221; row_type=&#8221;row&#8221; use_row_as_full_screen_section=&#8221;no&#8221; type=&#8221;full_width&#8221; angled_section=&#8221;no&#8221; text_align=&#8221;left&#8221; background_image_as_pattern=&#8221;without_pattern&#8221; z_index=&#8221;&#8221; padding_top=&#8221;30&#8243; padding_bottom=&#8221;20&#8243;][vc_column css=&#8221;.vc_custom_1615550437479{padding-bottom: 20px !important;}&#8221;][vc_column_text] Equinixill\u00e4 rehellisyys ja etiikka ovat kaiken toimintamme ytimess\u00e4. Jokainen meist\u00e4 on v\u00e4ltt\u00e4m\u00e4t\u00f6n luottamukseen ja l\u00e4pin\u00e4kyvyyteen perustuvan kulttuurin luomisessa. Liiketoimintaohjeemme ovat jokap\u00e4iv\u00e4inen kompassi, joka antaa&#8230;<\/p>\n","protected":false},"author":1,"featured_media":0,"parent":0,"menu_order":0,"comment_status":"closed","ping_status":"closed","template":"","meta":{"inline_featured_image":false,"footnotes":""},"class_list":["post-1793","page","type-page","status-publish","hentry"],"yoast_head":"<!-- This site is optimized with the Yoast SEO plugin v25.8 - https:\/\/yoast.com\/wordpress\/plugins\/seo\/ -->\n<title>LIS\u00c4RESURSSEJA - Equinix Code of Business Conduct<\/title>\n<meta name=\"robots\" content=\"index, follow, max-snippet:-1, max-image-preview:large, max-video-preview:-1\" \/>\n<link rel=\"canonical\" href=\"https:\/\/codeofbusinessconduct.equinix.com\/fi\/additional-resources\/\" \/>\n<meta property=\"og:locale\" content=\"fi_FI\" \/>\n<meta property=\"og:type\" content=\"article\" \/>\n<meta property=\"og:title\" content=\"LIS\u00c4RESURSSEJA - Equinix Code of Business Conduct\" \/>\n<meta property=\"og:description\" content=\"[vc_row css_animation=&#8221;&#8221; row_type=&#8221;row&#8221; use_row_as_full_screen_section=&#8221;no&#8221; type=&#8221;full_width&#8221; angled_section=&#8221;no&#8221; text_align=&#8221;left&#8221; background_image_as_pattern=&#8221;without_pattern&#8221;][vc_column][vc_raw_html]JTNDZGl2JTIwY2xhc3MlM0QlMjJkLWZsZXglMjIlMjBzdHlsZSUzRCUyMmRpc3BsYXklM0FmbGV4JTIyJTIwJTIxaW1wb3J0YW50JTNCJTNFJTBBJTNDaW1nJTIwc3JjJTNEJTIyJTJGd3AtY29udGVudCUyRnVwbG9hZHMlMkYyMDI1JTJGMTIlMkZQaWN0dXJlMl9pbXJlc2l6ZXItMi5qcGclMjIlM0UlMEElM0NoMSUyMHN0eWxlJTNEJTIyJTIwY29sb3IlM0ElMjByZWQlM0IlMjBwYWRkaW5nJTNBJTIwMTBweCUyMiUzRUxJUyVDMyU4NFJFU1VSU1NJVCUyMCUzQyUyRmgxJTNFJTBBJTNDJTJGZGl2JTNF[\/vc_raw_html][\/vc_column][\/vc_row][vc_row css_animation=&#8221;&#8221; row_type=&#8221;row&#8221; use_row_as_full_screen_section=&#8221;no&#8221; type=&#8221;full_width&#8221; angled_section=&#8221;no&#8221; text_align=&#8221;left&#8221; background_image_as_pattern=&#8221;without_pattern&#8221; z_index=&#8221;&#8221; padding_top=&#8221;30&#8243; padding_bottom=&#8221;20&#8243;][vc_column css=&#8221;.vc_custom_1615550437479{padding-bottom: 20px !important;}&#8221;][vc_column_text] Equinixill\u00e4 rehellisyys ja etiikka ovat kaiken toimintamme ytimess\u00e4. Jokainen meist\u00e4 on v\u00e4ltt\u00e4m\u00e4t\u00f6n luottamukseen ja l\u00e4pin\u00e4kyvyyteen perustuvan kulttuurin luomisessa. Liiketoimintaohjeemme ovat jokap\u00e4iv\u00e4inen kompassi, joka antaa...\" \/>\n<meta property=\"og:url\" content=\"https:\/\/codeofbusinessconduct.equinix.com\/fi\/additional-resources\/\" \/>\n<meta property=\"og:site_name\" content=\"Equinix Code of Business Conduct\" \/>\n<meta property=\"article:modified_time\" content=\"2025-12-15T10:54:29+00:00\" \/>\n<meta name=\"twitter:card\" content=\"summary_large_image\" \/>\n<meta name=\"twitter:label1\" content=\"Arvioitu lukuaika\" \/>\n\t<meta name=\"twitter:data1\" content=\"2 minuuttia\" \/>\n<script type=\"application\/ld+json\" class=\"yoast-schema-graph\">{\"@context\":\"https:\/\/schema.org\",\"@graph\":[{\"@type\":\"WebPage\",\"@id\":\"https:\/\/codeofbusinessconduct.equinix.com\/fi\/additional-resources\/\",\"url\":\"https:\/\/codeofbusinessconduct.equinix.com\/fi\/additional-resources\/\",\"name\":\"LIS\u00c4RESURSSEJA - Equinix Code of Business Conduct\",\"isPartOf\":{\"@id\":\"https:\/\/cobc-prod.azurewebsites.net\/#website\"},\"datePublished\":\"2021-03-10T06:22:20+00:00\",\"dateModified\":\"2025-12-15T10:54:29+00:00\",\"breadcrumb\":{\"@id\":\"https:\/\/codeofbusinessconduct.equinix.com\/fi\/additional-resources\/#breadcrumb\"},\"inLanguage\":\"fi\",\"potentialAction\":[{\"@type\":\"ReadAction\",\"target\":[\"https:\/\/codeofbusinessconduct.equinix.com\/fi\/additional-resources\/\"]}]},{\"@type\":\"BreadcrumbList\",\"@id\":\"https:\/\/codeofbusinessconduct.equinix.com\/fi\/additional-resources\/#breadcrumb\",\"itemListElement\":[{\"@type\":\"ListItem\",\"position\":1,\"name\":\"Home\",\"item\":\"https:\/\/codeofbusinessconduct.equinix.com\/fi\/\"},{\"@type\":\"ListItem\",\"position\":2,\"name\":\"LIS\u00c4RESURSSEJA\"}]},{\"@type\":\"WebSite\",\"@id\":\"https:\/\/cobc-prod.azurewebsites.net\/#website\",\"url\":\"https:\/\/cobc-prod.azurewebsites.net\/\",\"name\":\"Equinix Code of Business Conduct\",\"description\":\"\",\"potentialAction\":[{\"@type\":\"SearchAction\",\"target\":{\"@type\":\"EntryPoint\",\"urlTemplate\":\"https:\/\/cobc-prod.azurewebsites.net\/?s={search_term_string}\"},\"query-input\":{\"@type\":\"PropertyValueSpecification\",\"valueRequired\":true,\"valueName\":\"search_term_string\"}}],\"inLanguage\":\"fi\"}]}<\/script>\n<!-- \/ Yoast SEO plugin. -->","yoast_head_json":{"title":"LIS\u00c4RESURSSEJA - Equinix Code of Business Conduct","robots":{"index":"index","follow":"follow","max-snippet":"max-snippet:-1","max-image-preview":"max-image-preview:large","max-video-preview":"max-video-preview:-1"},"canonical":"https:\/\/codeofbusinessconduct.equinix.com\/fi\/additional-resources\/","og_locale":"fi_FI","og_type":"article","og_title":"LIS\u00c4RESURSSEJA - Equinix Code of Business Conduct","og_description":"[vc_row css_animation=&#8221;&#8221; row_type=&#8221;row&#8221; use_row_as_full_screen_section=&#8221;no&#8221; type=&#8221;full_width&#8221; angled_section=&#8221;no&#8221; text_align=&#8221;left&#8221; background_image_as_pattern=&#8221;without_pattern&#8221;][vc_column][vc_raw_html]JTNDZGl2JTIwY2xhc3MlM0QlMjJkLWZsZXglMjIlMjBzdHlsZSUzRCUyMmRpc3BsYXklM0FmbGV4JTIyJTIwJTIxaW1wb3J0YW50JTNCJTNFJTBBJTNDaW1nJTIwc3JjJTNEJTIyJTJGd3AtY29udGVudCUyRnVwbG9hZHMlMkYyMDI1JTJGMTIlMkZQaWN0dXJlMl9pbXJlc2l6ZXItMi5qcGclMjIlM0UlMEElM0NoMSUyMHN0eWxlJTNEJTIyJTIwY29sb3IlM0ElMjByZWQlM0IlMjBwYWRkaW5nJTNBJTIwMTBweCUyMiUzRUxJUyVDMyU4NFJFU1VSU1NJVCUyMCUzQyUyRmgxJTNFJTBBJTNDJTJGZGl2JTNF[\/vc_raw_html][\/vc_column][\/vc_row][vc_row css_animation=&#8221;&#8221; row_type=&#8221;row&#8221; use_row_as_full_screen_section=&#8221;no&#8221; type=&#8221;full_width&#8221; angled_section=&#8221;no&#8221; text_align=&#8221;left&#8221; background_image_as_pattern=&#8221;without_pattern&#8221; z_index=&#8221;&#8221; padding_top=&#8221;30&#8243; padding_bottom=&#8221;20&#8243;][vc_column css=&#8221;.vc_custom_1615550437479{padding-bottom: 20px !important;}&#8221;][vc_column_text] Equinixill\u00e4 rehellisyys ja etiikka ovat kaiken toimintamme ytimess\u00e4. Jokainen meist\u00e4 on v\u00e4ltt\u00e4m\u00e4t\u00f6n luottamukseen ja l\u00e4pin\u00e4kyvyyteen perustuvan kulttuurin luomisessa. Liiketoimintaohjeemme ovat jokap\u00e4iv\u00e4inen kompassi, joka antaa...","og_url":"https:\/\/codeofbusinessconduct.equinix.com\/fi\/additional-resources\/","og_site_name":"Equinix Code of Business Conduct","article_modified_time":"2025-12-15T10:54:29+00:00","twitter_card":"summary_large_image","twitter_misc":{"Arvioitu lukuaika":"2 minuuttia"},"schema":{"@context":"https:\/\/schema.org","@graph":[{"@type":"WebPage","@id":"https:\/\/codeofbusinessconduct.equinix.com\/fi\/additional-resources\/","url":"https:\/\/codeofbusinessconduct.equinix.com\/fi\/additional-resources\/","name":"LIS\u00c4RESURSSEJA - Equinix Code of Business Conduct","isPartOf":{"@id":"https:\/\/cobc-prod.azurewebsites.net\/#website"},"datePublished":"2021-03-10T06:22:20+00:00","dateModified":"2025-12-15T10:54:29+00:00","breadcrumb":{"@id":"https:\/\/codeofbusinessconduct.equinix.com\/fi\/additional-resources\/#breadcrumb"},"inLanguage":"fi","potentialAction":[{"@type":"ReadAction","target":["https:\/\/codeofbusinessconduct.equinix.com\/fi\/additional-resources\/"]}]},{"@type":"BreadcrumbList","@id":"https:\/\/codeofbusinessconduct.equinix.com\/fi\/additional-resources\/#breadcrumb","itemListElement":[{"@type":"ListItem","position":1,"name":"Home","item":"https:\/\/codeofbusinessconduct.equinix.com\/fi\/"},{"@type":"ListItem","position":2,"name":"LIS\u00c4RESURSSEJA"}]},{"@type":"WebSite","@id":"https:\/\/cobc-prod.azurewebsites.net\/#website","url":"https:\/\/cobc-prod.azurewebsites.net\/","name":"Equinix Code of Business Conduct","description":"","potentialAction":[{"@type":"SearchAction","target":{"@type":"EntryPoint","urlTemplate":"https:\/\/cobc-prod.azurewebsites.net\/?s={search_term_string}"},"query-input":{"@type":"PropertyValueSpecification","valueRequired":true,"valueName":"search_term_string"}}],"inLanguage":"fi"}]}},"_links":{"self":[{"href":"https:\/\/codeofbusinessconduct.equinix.com\/fi\/wp-json\/wp\/v2\/pages\/1793","targetHints":{"allow":["GET"]}}],"collection":[{"href":"https:\/\/codeofbusinessconduct.equinix.com\/fi\/wp-json\/wp\/v2\/pages"}],"about":[{"href":"https:\/\/codeofbusinessconduct.equinix.com\/fi\/wp-json\/wp\/v2\/types\/page"}],"author":[{"embeddable":true,"href":"https:\/\/codeofbusinessconduct.equinix.com\/fi\/wp-json\/wp\/v2\/users\/1"}],"replies":[{"embeddable":true,"href":"https:\/\/codeofbusinessconduct.equinix.com\/fi\/wp-json\/wp\/v2\/comments?post=1793"}],"version-history":[{"count":12,"href":"https:\/\/codeofbusinessconduct.equinix.com\/fi\/wp-json\/wp\/v2\/pages\/1793\/revisions"}],"predecessor-version":[{"id":5310,"href":"https:\/\/codeofbusinessconduct.equinix.com\/fi\/wp-json\/wp\/v2\/pages\/1793\/revisions\/5310"}],"wp:attachment":[{"href":"https:\/\/codeofbusinessconduct.equinix.com\/fi\/wp-json\/wp\/v2\/media?parent=1793"}],"curies":[{"name":"wp","href":"https:\/\/api.w.org\/{rel}","templated":true}]}}