{"id":1773,"date":"2021-03-10T06:21:42","date_gmt":"2021-03-10T06:21:42","guid":{"rendered":"https:\/\/codeofbusinessconduct.equinix.com\/?page_id=1773"},"modified":"2025-12-15T10:51:15","modified_gmt":"2025-12-15T10:51:15","slug":"our-community","status":"publish","type":"page","link":"https:\/\/codeofbusinessconduct.equinix.com\/fi\/our-community\/","title":{"rendered":"YHTEIS\u00d6MME"},"content":{"rendered":"<section class=\"wpb-content-wrapper\"><p>[vc_row css_animation=&#8221;&#8221; row_type=&#8221;row&#8221; use_row_as_full_screen_section=&#8221;no&#8221; type=&#8221;full_width&#8221; angled_section=&#8221;no&#8221; text_align=&#8221;left&#8221; background_image_as_pattern=&#8221;without_pattern&#8221;][vc_column][vc_single_image image=&#8221;4105&#8243; img_size=&#8221;full&#8221; qode_css_animation=&#8221;&#8221;][vc_empty_space height=&#8221;8px&#8221;][vc_column_text]<\/p>\n<h3>YHTEIS\u00d6MME<\/h3>\n<div class=\"lead\">Positiivinen vaikutus yhteis\u00f6ihimme ja muuhun maailmaan<\/div>\n<p>[\/vc_column_text][\/vc_column][\/vc_row][vc_row css_animation=&#8221;&#8221; row_type=&#8221;row&#8221; use_row_as_full_screen_section=&#8221;no&#8221; type=&#8221;full_width&#8221; angled_section=&#8221;no&#8221; text_align=&#8221;left&#8221; background_image_as_pattern=&#8221;without_pattern&#8221; z_index=&#8221;&#8221; padding_top=&#8221;34&#8243; padding_bottom=&#8221;20&#8243; anchor=&#8221;Human_rights&#8221;][vc_column width=&#8221;1\/3&#8243; css=&#8221;.vc_custom_1616046555280{padding-bottom: 20px !important;}&#8221;][vc_column_text]<\/p>\n<h4>IHMISOIKEUDET<\/h4>\n<p>Equinix tukee ja kunnioittaa kaikkien ihmisoikeuksien suojelemista kautta maailman. Olemme sitoutuneet yll\u00e4pit\u00e4m\u00e4\u00e4n ty\u00f6ntekij\u00f6idemme ja muiden yhteisty\u00f6yritystemme ty\u00f6ntekij\u00f6iden olennaisia ihmisoikeuksia. Odotamme myyj\u00e4mme ja kumppanimme noudattavan n\u00e4it\u00e4 samoja korkeita standardeja.[\/vc_column_text][\/vc_column][vc_column width=&#8221;2\/3&#8243; css=&#8221;.vc_custom_1615547407753{padding-bottom: 20px !important;}&#8221;][vc_single_image image=&#8221;1775&#8243; img_size=&#8221;full&#8221; alignment=&#8221;center&#8221; qode_css_animation=&#8221;&#8221;][\/vc_column][\/vc_row][vc_row css_animation=&#8221;&#8221; row_type=&#8221;row&#8221; use_row_as_full_screen_section=&#8221;no&#8221; type=&#8221;full_width&#8221; angled_section=&#8221;no&#8221; text_align=&#8221;left&#8221; background_image_as_pattern=&#8221;without_pattern&#8221; z_index=&#8221;&#8221; padding_bottom=&#8221;30&#8243; anchor=&#8221;Charitable_contributions&#8221;][vc_column width=&#8221;1\/2&#8243; el_class=&#8221;purpose_values&#8221;][vc_column_text]<\/p>\n<h4>LAHJOITUKSET HYV\u00c4NTEKEV\u00c4ISYYTEEN<\/h4>\n<p><strong>Annamme takaisin yhteis\u00f6ihimme.<\/strong> Equinix kannustaa ty\u00f6ntekij\u00f6it\u00e4\u00e4n vaikuttamaan positiivisesti asuin- ja ty\u00f6yhteis\u00f6ihins\u00e4. Equinix on my\u00f6s sitoutunut tukemaan olennaisia yhteiskunnallisia, taloudellisia ja kest\u00e4vyyskysymyksi\u00e4, jotka ovat t\u00e4rkeimpi\u00e4 yrityksellemme, ty\u00f6ntekij\u00f6illemme ja yhteis\u00f6illemme. Equinix on eritellyt hyv\u00e4ntekev\u00e4isyydelle useita painotusalueita perustuen niiden olennaisuuteen yrityksellemme. Yrityksemme tukee niit\u00e4 lahjoituksilla. Huomioiden painotusalueemme emme tavallisesti ota vastaan vapaaehtoisia rahoituspyynt\u00f6j\u00e4. Sen sijaan pyyd\u00e4mme mieluummin ehdotuksia, jotka tukevat strategisten ohjelmiemme alueita ja rahoitusprioriteettej\u00e4mme. Corporate Social Responsibility -tiimi on vastuussa n\u00e4iden pyynt\u00f6jen tarkistamisesta ja arvioimisesta.<\/p>\n<p>Equinix kannustaa yksitt\u00e4isi\u00e4 ty\u00f6ntekij\u00f6it\u00e4 tekem\u00e4\u00e4n omia hyv\u00e4ntekev\u00e4isyyslahjoituksiaan. Equinix ei kuitenkaan miss\u00e4\u00e4n tilanteessa maksa takaisin yksil\u00f6llisi\u00e4 tai henkil\u00f6kohtaisia lahjoituksia, jotka ty\u00f6ntekij\u00e4 tekee hyv\u00e4ntekev\u00e4isyydelle, koululle, yleishy\u00f6dylliselle organisaatiolle tai kansalaisj\u00e4rjest\u00f6lle.<\/p>\n<p>Lis\u00e4ksi, \u00e4l\u00e4 koskaan suorita henkil\u00f6kohtaisesti maksua Equinixin puolesta hyv\u00e4ntekev\u00e4isyyteen, koululle, yleishy\u00f6dylliselle organisaatiolle tai kansalaisj\u00e4rjest\u00f6lle \u2013 mukaan lukien tapahtumalippujen maksaminen \u2013 sill\u00e4 Equinix ei hyvit\u00e4 t\u00e4llaisia kustannuksia. Kaikille n\u00e4iden ohjeiden poikkeuksille on saatava alueellisen talousjohtajan ja\/tai Corporate Social Responsibility -tiimin hyv\u00e4ksynt\u00e4.[\/vc_column_text][\/vc_column][vc_column width=&#8221;1\/2&#8243; el_class=&#8221;purpose_values&#8221; css=&#8221;.vc_custom_1615789919910{padding-top: 35px !important;}&#8221;][vc_column_text]Lis\u00e4tietoja lahjoitusstrategiastamme on kansainv\u00e4lisess\u00e4 lahjoitusk\u00e4yt\u00e4nn\u00f6ss\u00e4, tai voit my\u00f6s ottaa yhteytt\u00e4 Corporate Social Responsibility -tiimiin.[\/vc_column_text][vc_empty_space height=&#8221;20px&#8221;]<a class=\"recom-read-link\" href=\"\/fi\/additional-resources\/#recommended_readings\" target=\"_self\"><div class=\"recommend_book\"><div class=\"recommend_icon\"><img decoding=\"async\" src=\"https:\/\/codeofbusinessconduct.equinix.com\/wp-content\/uploads\/2021\/03\/recommend_book.svg\" \/><\/div><div class=\"recommend_content\"><h4>SUOSITELTUA LUETTAVAA:<br>EQUINIXIN KANSAINV\u00c4LINEN LAHJOITUSK\u00c4YT\u00c4NT\u00d6<\/h4><\/div><\/div><\/a>[vc_empty_space height=&#8221;10px&#8221;][vc_column_text]<strong>Vastaavat lahjat.<\/strong> Equinix on laatinut vastaavien lahjojen ohjelman tukemaan ty\u00f6ntekij\u00f6it\u00e4 n\u00e4iden henkil\u00f6kohtaisissa filantrofisissa lahjoituksissa, hyv\u00e4ntekev\u00e4isyyslahjoituksissa ja vapaaehtoistoiminnoissa. Jos teet rahalahjoituksen tai teet vapaaehtoisty\u00f6t\u00e4 ehdot t\u00e4ytt\u00e4v\u00e4lle organisaatiolle, Equinix \u201dvastaa\u201d t\u00e4h\u00e4n raha- tai aikatukeen rahallisella lahjoituksella.<\/p>\n<p>Lis\u00e4tietoja ja vastaavien lahjojen k\u00e4yt\u00e4nn\u00f6n ja ohjelman vaatimukset, mukaan lukien ty\u00f6ntekij\u00f6iden ja organisaatioiden kelpoisuusvaatimukset, kuvataan Equinixin vastaavien lahjojen ohjelmassa.[\/vc_column_text][vc_empty_space height=&#8221;15px&#8221;]<a class=\"recom-read-link\" href=\"\/fi\/additional-resources\/#recommended_readings\" target=\"_self\"><div class=\"recommend_book\"><div class=\"recommend_icon\"><img decoding=\"async\" src=\"https:\/\/codeofbusinessconduct.equinix.com\/wp-content\/uploads\/2021\/03\/recommend_book.svg\" \/><\/div><div class=\"recommend_content\"><h4>SUOSITELTUA LUETTAVAA:<br>EQUINIXIN VASTAAVIEN LAHJOJEN OHJELMA<\/h4><\/div><\/div><\/a>[\/vc_column][\/vc_row][vc_row css_animation=&#8221;&#8221; row_type=&#8221;row&#8221; use_row_as_full_screen_section=&#8221;no&#8221; type=&#8221;full_width&#8221; angled_section=&#8221;no&#8221; text_align=&#8221;left&#8221; background_image_as_pattern=&#8221;without_pattern&#8221; z_index=&#8221;&#8221; padding_top=&#8221;20&#8243; padding_bottom=&#8221;30&#8243;][vc_column][vc_single_image image=&#8221;1776&#8243; img_size=&#8221;full&#8221; alignment=&#8221;center&#8221; qode_css_animation=&#8221;&#8221; el_class=&#8221;w-100&#8243;][\/vc_column][\/vc_row][vc_row css_animation=&#8221;&#8221; row_type=&#8221;row&#8221; use_row_as_full_screen_section=&#8221;no&#8221; type=&#8221;full_width&#8221; angled_section=&#8221;no&#8221; text_align=&#8221;left&#8221; background_image_as_pattern=&#8221;without_pattern&#8221; z_index=&#8221;&#8221; padding_bottom=&#8221;160&#8243; el_class=&#8221;purpose_values political_space&#8221; anchor=&#8221;Political_activities_and_contributions&#8221;][vc_column width=&#8221;2\/3&#8243;][vc_column_text]<\/p>\n<h4>POLIITTINEN TOIMINTA JA LAHJOITUKSET<\/h4>\n<p>Tuemme hyvi\u00e4 suhteita toimintayhteis\u00f6ihimme. Voit osallistua paikallisiin toimiin, jotka tukevat asuin- ja ty\u00f6yhteis\u00f6si tarpeita. Yksityisen\u00e4 kansalaisena voit my\u00f6s tukea paikallista poliittista prosessia henkil\u00f6kohtaisilla lahjoituksilla tai tekem\u00e4ll\u00e4 vapaaehtoisty\u00f6t\u00e4 omalla ajallasi. N\u00e4it\u00e4 ei kuitenkaan saa suorittaa yrityksen ajalla, eik\u00e4 niihin saa k\u00e4ytt\u00e4\u00e4 yrityksen resursseja. Et saa tehd\u00e4 tai luvata poliittisia lahjoituksia Equinixin puolesta.<\/p>\n<p>Varmista, ett\u00e4 osallistumisesi poliittiseen toimintaan noudattaa soveltuvia yhdysvaltalaisia ja paikallisia lakeja ja ett\u00e4 muut Equinixin k\u00e4yt\u00e4nn\u00f6t eiv\u00e4t kiell\u00e4 niit\u00e4.[\/vc_column_text][vc_row_inner row_type=&#8221;row&#8221; type=&#8221;full_width&#8221; text_align=&#8221;left&#8221; css_animation=&#8221;&#8221; anchor=&#8221;The_environment&#8221;][vc_column_inner][vc_empty_space height=&#8221;25px&#8221;][vc_column_text]<\/p>\n<h4>YMP\u00c4RIST\u00d6<\/h4>\n<p>Equinix pyrkii pit\u00e4m\u00e4\u00e4n hyv\u00e4\u00e4 huolta ymp\u00e4rist\u00f6st\u00e4 ja kuluttamistamme resursseista tarkoituksella minimoida hiilijalanj\u00e4lkemme. Teemme t\u00e4m\u00e4n keskittym\u00e4ll\u00e4 seuraaviin:<\/p>\n<ul>\n<li>suunnittelemme, rakennamme ja toimimme tehokkaasti v\u00e4hent\u00e4\u00e4ksemme kaikkien resurssien, mukaan lukien s\u00e4hk\u00f6n, veden, maakaasun, dieselin ja j\u00e4\u00e4hdytysaineiden, k\u00e4ytt\u00f6\u00e4<\/li>\n<li>osallistumme aktiivisesti liiketoimintamme tekemiseen ymp\u00e4rist\u00f6yst\u00e4v\u00e4lliseksi ja toimimme johtajana innovatiivisten ratkaisujen arvioinnissa ja k\u00e4ytt\u00f6\u00f6notossa<\/li>\n<li>mittaamme toimintaamme alan parhaiden k\u00e4yt\u00e4nt\u00f6jen ja Equinixin KPI-mittareiden avulla, asetamme julkisesti tavoitteita ja raportoimme edistyksest\u00e4 avoimesti<\/li>\n<\/ul>\n<p>[\/vc_column_text][\/vc_column_inner][\/vc_row_inner][vc_empty_space height=&#8221;25px&#8221;]<a class=\"recom-read-link\" href=\"\/fi\/additional-resources\/#recommended_readings\" target=\"_self\"><div class=\"recommend_book\"><div class=\"recommend_icon\"><img decoding=\"async\" src=\"https:\/\/codeofbusinessconduct.equinix.com\/wp-content\/uploads\/2021\/03\/recommend_book.svg\" \/><\/div><div class=\"recommend_content\"><h4>SUOSITELTUA LUETTAVAA:<br>EQUINIXIN KEST\u00c4V\u00c4 KEHITYS<\/h4><\/div><\/div><\/a>[\/vc_column][vc_column width=&#8221;1\/3&#8243;][\/vc_column][\/vc_row]<\/p>\n<\/section>","protected":false},"excerpt":{"rendered":"<p>[vc_row css_animation=&#8221;&#8221; row_type=&#8221;row&#8221; use_row_as_full_screen_section=&#8221;no&#8221; type=&#8221;full_width&#8221; angled_section=&#8221;no&#8221; text_align=&#8221;left&#8221; background_image_as_pattern=&#8221;without_pattern&#8221;][vc_column][vc_single_image image=&#8221;4105&#8243; img_size=&#8221;full&#8221; qode_css_animation=&#8221;&#8221;][vc_empty_space height=&#8221;8px&#8221;][vc_column_text] YHTEIS\u00d6MME Positiivinen vaikutus yhteis\u00f6ihimme ja muuhun maailmaan [\/vc_column_text][\/vc_column][\/vc_row][vc_row css_animation=&#8221;&#8221; row_type=&#8221;row&#8221; use_row_as_full_screen_section=&#8221;no&#8221; type=&#8221;full_width&#8221; angled_section=&#8221;no&#8221; text_align=&#8221;left&#8221; background_image_as_pattern=&#8221;without_pattern&#8221; z_index=&#8221;&#8221; padding_top=&#8221;34&#8243; padding_bottom=&#8221;20&#8243; anchor=&#8221;Human_rights&#8221;][vc_column width=&#8221;1\/3&#8243; css=&#8221;.vc_custom_1616046555280{padding-bottom: 20px !important;}&#8221;][vc_column_text] IHMISOIKEUDET Equinix tukee ja kunnioittaa kaikkien ihmisoikeuksien suojelemista kautta maailman&#8230;.<\/p>\n","protected":false},"author":1,"featured_media":0,"parent":0,"menu_order":0,"comment_status":"closed","ping_status":"closed","template":"","meta":{"inline_featured_image":false,"footnotes":""},"class_list":["post-1773","page","type-page","status-publish","hentry"],"yoast_head":"<!-- This site is optimized with the Yoast SEO plugin v25.8 - https:\/\/yoast.com\/wordpress\/plugins\/seo\/ -->\n<title>YHTEIS\u00d6MME - Equinix Code of Business Conduct<\/title>\n<meta name=\"robots\" content=\"index, follow, max-snippet:-1, max-image-preview:large, max-video-preview:-1\" \/>\n<link rel=\"canonical\" href=\"https:\/\/169.254.129.2\/our-community\/\" \/>\n<meta property=\"og:locale\" content=\"fi_FI\" \/>\n<meta property=\"og:type\" content=\"article\" \/>\n<meta property=\"og:title\" content=\"YHTEIS\u00d6MME - Equinix Code of Business Conduct\" \/>\n<meta property=\"og:description\" content=\"[vc_row css_animation=&#8221;&#8221; row_type=&#8221;row&#8221; use_row_as_full_screen_section=&#8221;no&#8221; type=&#8221;full_width&#8221; angled_section=&#8221;no&#8221; text_align=&#8221;left&#8221; background_image_as_pattern=&#8221;without_pattern&#8221;][vc_column][vc_single_image image=&#8221;4105&#8243; img_size=&#8221;full&#8221; qode_css_animation=&#8221;&#8221;][vc_empty_space height=&#8221;8px&#8221;][vc_column_text] YHTEIS\u00d6MME Positiivinen vaikutus yhteis\u00f6ihimme ja muuhun maailmaan [\/vc_column_text][\/vc_column][\/vc_row][vc_row css_animation=&#8221;&#8221; row_type=&#8221;row&#8221; use_row_as_full_screen_section=&#8221;no&#8221; type=&#8221;full_width&#8221; angled_section=&#8221;no&#8221; text_align=&#8221;left&#8221; background_image_as_pattern=&#8221;without_pattern&#8221; z_index=&#8221;&#8221; padding_top=&#8221;34&#8243; padding_bottom=&#8221;20&#8243; anchor=&#8221;Human_rights&#8221;][vc_column width=&#8221;1\/3&#8243; css=&#8221;.vc_custom_1616046555280{padding-bottom: 20px !important;}&#8221;][vc_column_text] IHMISOIKEUDET Equinix tukee ja kunnioittaa kaikkien ihmisoikeuksien suojelemista kautta maailman....\" \/>\n<meta property=\"og:url\" content=\"https:\/\/169.254.129.2\/our-community\/\" \/>\n<meta property=\"og:site_name\" content=\"Equinix Code of Business Conduct\" \/>\n<meta property=\"article:modified_time\" content=\"2025-12-15T10:51:15+00:00\" \/>\n<meta name=\"twitter:card\" content=\"summary_large_image\" \/>\n<meta name=\"twitter:label1\" content=\"Arvioitu lukuaika\" \/>\n\t<meta name=\"twitter:data1\" content=\"3 minuuttia\" \/>\n<script type=\"application\/ld+json\" class=\"yoast-schema-graph\">{\"@context\":\"https:\/\/schema.org\",\"@graph\":[{\"@type\":\"WebPage\",\"@id\":\"https:\/\/169.254.129.2\/our-community\/\",\"url\":\"https:\/\/169.254.129.2\/our-community\/\",\"name\":\"YHTEIS\u00d6MME - Equinix Code of Business Conduct\",\"isPartOf\":{\"@id\":\"https:\/\/cobc-prod.azurewebsites.net\/#website\"},\"datePublished\":\"2021-03-10T06:21:42+00:00\",\"dateModified\":\"2025-12-15T10:51:15+00:00\",\"breadcrumb\":{\"@id\":\"https:\/\/169.254.129.2\/our-community\/#breadcrumb\"},\"inLanguage\":\"fi\",\"potentialAction\":[{\"@type\":\"ReadAction\",\"target\":[\"https:\/\/169.254.129.2\/our-community\/\"]}]},{\"@type\":\"BreadcrumbList\",\"@id\":\"https:\/\/169.254.129.2\/our-community\/#breadcrumb\",\"itemListElement\":[{\"@type\":\"ListItem\",\"position\":1,\"name\":\"Home\",\"item\":\"https:\/\/codeofbusinessconduct.equinix.com\/fi\/\"},{\"@type\":\"ListItem\",\"position\":2,\"name\":\"YHTEIS\u00d6MME\"}]},{\"@type\":\"WebSite\",\"@id\":\"https:\/\/cobc-prod.azurewebsites.net\/#website\",\"url\":\"https:\/\/cobc-prod.azurewebsites.net\/\",\"name\":\"Equinix Code of Business Conduct\",\"description\":\"\",\"potentialAction\":[{\"@type\":\"SearchAction\",\"target\":{\"@type\":\"EntryPoint\",\"urlTemplate\":\"https:\/\/cobc-prod.azurewebsites.net\/?s={search_term_string}\"},\"query-input\":{\"@type\":\"PropertyValueSpecification\",\"valueRequired\":true,\"valueName\":\"search_term_string\"}}],\"inLanguage\":\"fi\"}]}<\/script>\n<!-- \/ Yoast SEO plugin. -->","yoast_head_json":{"title":"YHTEIS\u00d6MME - Equinix Code of Business Conduct","robots":{"index":"index","follow":"follow","max-snippet":"max-snippet:-1","max-image-preview":"max-image-preview:large","max-video-preview":"max-video-preview:-1"},"canonical":"https:\/\/169.254.129.2\/our-community\/","og_locale":"fi_FI","og_type":"article","og_title":"YHTEIS\u00d6MME - Equinix Code of Business Conduct","og_description":"[vc_row css_animation=&#8221;&#8221; row_type=&#8221;row&#8221; use_row_as_full_screen_section=&#8221;no&#8221; type=&#8221;full_width&#8221; angled_section=&#8221;no&#8221; text_align=&#8221;left&#8221; background_image_as_pattern=&#8221;without_pattern&#8221;][vc_column][vc_single_image image=&#8221;4105&#8243; img_size=&#8221;full&#8221; qode_css_animation=&#8221;&#8221;][vc_empty_space height=&#8221;8px&#8221;][vc_column_text] YHTEIS\u00d6MME Positiivinen vaikutus yhteis\u00f6ihimme ja muuhun maailmaan [\/vc_column_text][\/vc_column][\/vc_row][vc_row css_animation=&#8221;&#8221; row_type=&#8221;row&#8221; use_row_as_full_screen_section=&#8221;no&#8221; type=&#8221;full_width&#8221; angled_section=&#8221;no&#8221; text_align=&#8221;left&#8221; background_image_as_pattern=&#8221;without_pattern&#8221; z_index=&#8221;&#8221; padding_top=&#8221;34&#8243; padding_bottom=&#8221;20&#8243; anchor=&#8221;Human_rights&#8221;][vc_column width=&#8221;1\/3&#8243; css=&#8221;.vc_custom_1616046555280{padding-bottom: 20px !important;}&#8221;][vc_column_text] IHMISOIKEUDET Equinix tukee ja kunnioittaa kaikkien ihmisoikeuksien suojelemista kautta maailman....","og_url":"https:\/\/169.254.129.2\/our-community\/","og_site_name":"Equinix Code of Business Conduct","article_modified_time":"2025-12-15T10:51:15+00:00","twitter_card":"summary_large_image","twitter_misc":{"Arvioitu lukuaika":"3 minuuttia"},"schema":{"@context":"https:\/\/schema.org","@graph":[{"@type":"WebPage","@id":"https:\/\/169.254.129.2\/our-community\/","url":"https:\/\/169.254.129.2\/our-community\/","name":"YHTEIS\u00d6MME - Equinix Code of Business Conduct","isPartOf":{"@id":"https:\/\/cobc-prod.azurewebsites.net\/#website"},"datePublished":"2021-03-10T06:21:42+00:00","dateModified":"2025-12-15T10:51:15+00:00","breadcrumb":{"@id":"https:\/\/169.254.129.2\/our-community\/#breadcrumb"},"inLanguage":"fi","potentialAction":[{"@type":"ReadAction","target":["https:\/\/169.254.129.2\/our-community\/"]}]},{"@type":"BreadcrumbList","@id":"https:\/\/169.254.129.2\/our-community\/#breadcrumb","itemListElement":[{"@type":"ListItem","position":1,"name":"Home","item":"https:\/\/codeofbusinessconduct.equinix.com\/fi\/"},{"@type":"ListItem","position":2,"name":"YHTEIS\u00d6MME"}]},{"@type":"WebSite","@id":"https:\/\/cobc-prod.azurewebsites.net\/#website","url":"https:\/\/cobc-prod.azurewebsites.net\/","name":"Equinix Code of Business Conduct","description":"","potentialAction":[{"@type":"SearchAction","target":{"@type":"EntryPoint","urlTemplate":"https:\/\/cobc-prod.azurewebsites.net\/?s={search_term_string}"},"query-input":{"@type":"PropertyValueSpecification","valueRequired":true,"valueName":"search_term_string"}}],"inLanguage":"fi"}]}},"_links":{"self":[{"href":"https:\/\/codeofbusinessconduct.equinix.com\/fi\/wp-json\/wp\/v2\/pages\/1773","targetHints":{"allow":["GET"]}}],"collection":[{"href":"https:\/\/codeofbusinessconduct.equinix.com\/fi\/wp-json\/wp\/v2\/pages"}],"about":[{"href":"https:\/\/codeofbusinessconduct.equinix.com\/fi\/wp-json\/wp\/v2\/types\/page"}],"author":[{"embeddable":true,"href":"https:\/\/codeofbusinessconduct.equinix.com\/fi\/wp-json\/wp\/v2\/users\/1"}],"replies":[{"embeddable":true,"href":"https:\/\/codeofbusinessconduct.equinix.com\/fi\/wp-json\/wp\/v2\/comments?post=1773"}],"version-history":[{"count":10,"href":"https:\/\/codeofbusinessconduct.equinix.com\/fi\/wp-json\/wp\/v2\/pages\/1773\/revisions"}],"predecessor-version":[{"id":5309,"href":"https:\/\/codeofbusinessconduct.equinix.com\/fi\/wp-json\/wp\/v2\/pages\/1773\/revisions\/5309"}],"wp:attachment":[{"href":"https:\/\/codeofbusinessconduct.equinix.com\/fi\/wp-json\/wp\/v2\/media?parent=1773"}],"curies":[{"name":"wp","href":"https:\/\/api.w.org\/{rel}","templated":true}]}}