{"id":1762,"date":"2021-03-10T06:21:26","date_gmt":"2021-03-10T06:21:26","guid":{"rendered":"https:\/\/codeofbusinessconduct.equinix.com\/?page_id=1762"},"modified":"2025-12-15T10:44:57","modified_gmt":"2025-12-15T10:44:57","slug":"our-commitment-to-the-law","status":"publish","type":"page","link":"https:\/\/codeofbusinessconduct.equinix.com\/fi\/our-commitment-to-the-law\/","title":{"rendered":"SITOUMUKSEMME NOUDATTAA LAKEJA"},"content":{"rendered":"<section class=\"wpb-content-wrapper\"><p>[vc_row css_animation=&#8221;&#8221; row_type=&#8221;row&#8221; use_row_as_full_screen_section=&#8221;no&#8221; type=&#8221;full_width&#8221; angled_section=&#8221;no&#8221; text_align=&#8221;left&#8221; background_image_as_pattern=&#8221;without_pattern&#8221;][vc_column][vc_single_image image=&#8221;4086&#8243; img_size=&#8221;full&#8221; qode_css_animation=&#8221;&#8221;][vc_empty_space height=&#8221;8px&#8221;][vc_column_text]<\/p>\n<h3>SITOUMUKSEMME NOUDATTAA LAKEJA<\/h3>\n<div class=\"lead\">Laillisten liiketoimintak\u00e4yt\u00e4nt\u00f6jen ymm\u00e4rt\u00e4minen ja noudattaminen<\/div>\n<p>[\/vc_column_text][\/vc_column][\/vc_row][vc_row css_animation=&#8221;&#8221; row_type=&#8221;row&#8221; use_row_as_full_screen_section=&#8221;no&#8221; type=&#8221;full_width&#8221; angled_section=&#8221;no&#8221; text_align=&#8221;left&#8221; background_image_as_pattern=&#8221;without_pattern&#8221; z_index=&#8221;&#8221; padding_top=&#8221;32&#8243; padding_bottom=&#8221;40&#8243;][vc_column][vc_single_image image=&#8221;1764&#8243; img_size=&#8221;full&#8221; alignment=&#8221;center&#8221; qode_css_animation=&#8221;&#8221; el_class=&#8221;w-100&#8243;][\/vc_column][\/vc_row][vc_row css_animation=&#8221;&#8221; row_type=&#8221;row&#8221; use_row_as_full_screen_section=&#8221;no&#8221; type=&#8221;full_width&#8221; angled_section=&#8221;no&#8221; text_align=&#8221;left&#8221; background_image_as_pattern=&#8221;without_pattern&#8221; z_index=&#8221;&#8221; anchor=&#8221;Competition_and_fair_dealing&#8221;][vc_column width=&#8221;2\/3&#8243; el_class=&#8221;purpose_values&#8221; css=&#8221;.vc_custom_1615545389684{padding-bottom: 30px !important;}&#8221;][vc_column_text css=&#8221;.vc_custom_1648137698055{margin-bottom: 20px !important;}&#8221;]Koska olemme eettinen ja rehellinen yritys, noudatamme lakeja. Kansainv\u00e4lisen\u00e4 yrityksen\u00e4 meid\u00e4n on noudatettava kaikkien niiden alueiden lakeja, joilla harjoitamme liiketoimintaa. Ja Equinixin ty\u00f6ntekij\u00f6in\u00e4 olemme velvollisia ymm\u00e4rt\u00e4m\u00e4\u00e4n kaikki ty\u00f6h\u00f6mme vaikuttavat lait ja s\u00e4\u00e4d\u00f6kset ja noudattamaan niit\u00e4.<\/p>\n<h4>KILPAILU JA REILU KOHTELU<\/h4>\n<p>Equinixiss\u00e4 arvostamme vapaita ja avoimia markkinoita ja pyrimme p\u00e4ihitt\u00e4m\u00e4\u00e4n kilpailijamme reilusti ja rehellisesti. Emme pyri hankkimaan toisten yksinoikeudellisia tietoja, omistamaan kauppasalaisuuksia jotka on saatu ilman omistajan suostumusta tai pyyt\u00e4m\u00e4\u00e4n muiden yritysten aiempia tai nykyisi\u00e4 ty\u00f6ntekij\u00f6it\u00e4 jakamaan toisen yrityksen yksinoikeudellisia tietoja kanssamme.<\/p>\n<p>Olemme sitoutuneet k\u00e4ytt\u00e4ytym\u00e4\u00e4n reilusti ja rehellisesti kaikkien myyjiemme kanssa riippumatta heid\u00e4n sijainnistaan tai heid\u00e4n tarjoamistaan tuotteista ja palveluista. Harjoitamme avointa ja reilua hankintaa, miss\u00e4 myyj\u00e4t valitaan kilpailukyvyn perusteella ja miss\u00e4 luodaan keskin\u00e4isesti hy\u00f6dyllinen suhde tiiviin yhteisty\u00f6n ja avoimen kommunikaation perusteella.[\/vc_column_text][vc_row_inner row_type=&#8221;row&#8221; type=&#8221;full_width&#8221; text_align=&#8221;left&#8221; css_animation=&#8221;&#8221; anchor=&#8221;Daily_privacy&#8221;][vc_column_inner][vc_column_text]<\/p>\n<h4>TIETOSUOJA<\/h4>\n<p>Tietosuojalait ja -s\u00e4\u00e4d\u00f6kset voivat olla mutkikkaita ja vaihtelevat maasta toiseen. Equinixiss\u00e4 kunnioitamme ty\u00f6ntekij\u00f6ittemme henkil\u00f6tietojen luottamuksellisuutta ja pyrimme pit\u00e4m\u00e4\u00e4n t\u00e4llaiset tiedot yksityisin\u00e4, ja k\u00e4yt\u00e4mme n\u00e4it\u00e4 henkil\u00f6tietoja yksinomaan kohtuullisella ja asianmukaisella tavalla tarkoituksella pit\u00e4\u00e4 sinut Equinixin palkkalistalla. Sinun odotetaan noudattavan yrityksen kaikkia k\u00e4yt\u00e4nt\u00f6j\u00e4, jotka koskevat t\u00e4llaisten henkil\u00f6tietojen k\u00e4sittelemist\u00e4 ja s\u00e4ilytt\u00e4mist\u00e4. Jos sinulla on kysytt\u00e4v\u00e4\u00e4 tietosuojasta, ota yhteytt\u00e4 paikalliseen tietosuojavaltuutettuun.[\/vc_column_text][\/vc_column_inner][\/vc_row_inner][\/vc_column][vc_column width=&#8221;1\/3&#8243; css=&#8221;.vc_custom_1615545397340{padding-bottom: 30px !important;}&#8221;][vc_column_text]<\/p>\n<h4 class=\"exclaimation\">Pid\u00e4 mieless\u00e4:<\/h4>\n<div class=\"lead\">Kunnioita ja suojele aina myyjiemme kanssasi jakamia luottamuksellisia ja yksinoikeudellisia tietoja \u2013 ja kerro heille, ett\u00e4 odotamme heid\u00e4n olemaan vastaavan huolellisia tietojemme suhteen.<\/div>\n<p>[\/vc_column_text][\/vc_column][\/vc_row][vc_row css_animation=&#8221;&#8221; row_type=&#8221;row&#8221; use_row_as_full_screen_section=&#8221;no&#8221; type=&#8221;full_width&#8221; angled_section=&#8221;no&#8221; text_align=&#8221;left&#8221; background_image_as_pattern=&#8221;without_pattern&#8221; z_index=&#8221;&#8221; anchor=&#8221;Anti-bribery_and_corruption&#8221;][vc_column width=&#8221;1\/2&#8243; el_class=&#8221;purpose_values&#8221; css=&#8221;.vc_custom_1616046403361{padding-bottom: 20px !important;}&#8221;][vc_column_text]<\/p>\n<h4>LAHJONNAN JA KORRUPTION VASTAINEN TOIMINTA<\/h4>\n<p>Equinixiss\u00e4 liiketoimintak\u00e4yt\u00e4nt\u00f6mme perustuvat rehellisyyteen ja integriteettiin. Emme tarjoa tai anna lahjuksia, voitelumaksuja tai muita asiattomia maksuja mist\u00e4\u00e4n syyst\u00e4.<\/p>\n<p>Kansainv\u00e4lisen\u00e4 yrityksen\u00e4 meid\u00e4n on noudatettava lahjonnan ja korruption vastaisia lakeja maissa, joissa harjoitamme liiketoimintaa, mukaan lukien Yhdysvaltain Foreign Corrupt Practices Act -laki (FCPA) ja Ison-Britannian Bribery Act -laki. N\u00e4m\u00e4 lait kielt\u00e4v\u00e4t lahjonnan ja korruption jyrk\u00e4sti erityisesti kun tapahtumaan liittyy valtion virkailijoita. Kukaan Equinixin ty\u00f6ntekij\u00e4, johtaja, edustaja tai puolestamme toimiva itsen\u00e4inen urakoitsija ei saa tarjota eik\u00e4 antaa mit\u00e4\u00e4n arvokasta kenellek\u00e4\u00e4n saadakseen liiketoimintaa tai ep\u00e4reilun edun. Rikkomukset voivat altistaa sinut ja Equinixin ankarille rangaistuksille ja vahingoittaa mainettamme.<\/p>\n<p>Lahjonnan kielt\u00e4v\u00e4t yhdysvaltalaiset lait ovat hyvin yleisi\u00e4, joten monenlaisia valtion ty\u00f6ntekij\u00f6ille annettuja lahjoja ja viihdett\u00e4 voidaan pit\u00e4\u00e4 asiattomana. N\u00e4in ollen ty\u00f6ntekij\u00e4t eiv\u00e4t saa antaa, tarjota, luvata tai valtuuttaa mit\u00e4\u00e4n maksua, etua tai lahjaa, joka muodostuu rahasta tai muusta arvokkaasta, valtion virkailijalle tai julkisviranomaiselle paitsi alla kuvatuissa hyvin rajallisissa olosuhteissa. T\u00e4m\u00e4 s\u00e4\u00e4nt\u00f6 p\u00e4tee riippumatta siit\u00e4, annatko lahjan tai muun edun itse tai kolmannen osapuolen, kuten jakelijan tai itsen\u00e4isen urakoitsijan, v\u00e4lityksell\u00e4.<\/p>\n<p>T\u00e4m\u00e4 s\u00e4\u00e4nt\u00f6 p\u00e4tee, pyrit sitten hankkimaan liiketoimintaa tai etua muihin n\u00e4hden (kuten erityiskohtelua, jota ei tarjota kilpailijoille). Valtion virkailijalle tai julkisviranomaiselle annetun lahjan tai viihteen on aina t\u00e4ytett\u00e4v\u00e4 n\u00e4m\u00e4 kriteerit:[\/vc_column_text][\/vc_column][vc_column width=&#8221;1\/2&#8243; el_class=&#8221;purpose_values&#8221; css=&#8221;.vc_custom_1615545765099{padding-bottom: 20px !important;}&#8221;][vc_single_image image=&#8221;1765&#8243; img_size=&#8221;full&#8221; alignment=&#8221;center&#8221; qode_css_animation=&#8221;&#8221; el_class=&#8221;w-100&#8243;][vc_empty_space height=&#8221;65px&#8221;][vc_column_text]<\/p>\n<ul>\n<li>Viihteen on oltava kohtuullista ja vilpit\u00f6nt\u00e4 ja liitytt\u00e4v\u00e4 suoraan tuote- tai palvelutarjoukseen, -esittelyyn tai -selitykseen tai Equinixin ja valtion tai julkisen entiteetin v\u00e4lisen sopimuksen toteuttamiseen.<\/li>\n<li>Kaikkien lahjojen on noudatettava kaikkia Equinixin k\u00e4yt\u00e4nt\u00f6j\u00e4, mukaan lukien matka- ja kustannusk\u00e4yt\u00e4nt\u00f6\u00e4.<\/li>\n<li>Valtion ty\u00f6ntekij\u00e4lle ei saa koskaan tarjota lahjaa tai viihdett\u00e4 tarkoituksella saada asiaton liiketoiminnallinen etu.<\/li>\n<\/ul>\n<p>[\/vc_column_text][\/vc_column][\/vc_row][vc_row css_animation=&#8221;&#8221; row_type=&#8221;row&#8221; use_row_as_full_screen_section=&#8221;no&#8221; type=&#8221;full_width&#8221; angled_section=&#8221;no&#8221; text_align=&#8221;left&#8221; background_image_as_pattern=&#8221;without_pattern&#8221; z_index=&#8221;&#8221;][vc_column width=&#8221;1\/2&#8243; css=&#8221;.vc_custom_1615545826324{padding-bottom: 26px !important;}&#8221;][vc_single_image image=&#8221;1766&#8243; img_size=&#8221;full&#8221; alignment=&#8221;center&#8221; qode_css_animation=&#8221;&#8221; el_class=&#8221;w-100&#8243;][\/vc_column][vc_column width=&#8221;1\/2&#8243; el_class=&#8221;purpose_values&#8221; css=&#8221;.vc_custom_1615545831124{padding-bottom: 26px !important;}&#8221;][vc_column_text]Sinun on varmistettava, ett\u00e4 jokainen ty\u00f6si puitteissa antamasi lahja on l\u00e4pin\u00e4kyv\u00e4, se on merkitty asianmukaisesti yrityksen tietoihin ja se on sallittu k\u00e4yt\u00e4nt\u00f6mme puitteissa. Kun ilmoitat lahjasta, sinun on mainittava sen tarkoitus ja vastaanottaja. Jos lahja annetaan valtion virkailijalle, sinun on aina saatava sille etuk\u00e4teishyv\u00e4ksynt\u00e4 Compliance Officesta.<\/p>\n<p>Jos sinulla on kysytt\u00e4v\u00e4\u00e4 tai tarvitset opastusta t\u00e4ss\u00e4 aiheessa, ota yhteytt\u00e4 Equinixin s\u00e4\u00e4d\u00f6stenmukaisuusp\u00e4\u00e4llik\u00f6lt\u00e4. Jos tied\u00e4t t\u00e4m\u00e4n k\u00e4yt\u00e4nn\u00f6n ep\u00e4illyst\u00e4 tai todellisesta rikkomisesta, velvollisuutesi on ilmoittaa siit\u00e4 pikaisesti.[\/vc_column_text][\/vc_column][\/vc_row][vc_row css_animation=&#8221;&#8221; row_type=&#8221;row&#8221; use_row_as_full_screen_section=&#8221;no&#8221; type=&#8221;full_width&#8221; angled_section=&#8221;no&#8221; text_align=&#8221;left&#8221; background_image_as_pattern=&#8221;without_pattern&#8221; z_index=&#8221;&#8221; anchor=&#8221;Intellectual_property&#8221;][vc_column width=&#8221;2\/3&#8243; el_class=&#8221;purpose_values&#8221;][vc_column_text]<\/p>\n<h4>IMMATERIAALIOMAISUUS<\/h4>\n<p>Immateriaaliomaisuus kattaa tekij\u00e4noikeudet, patentit, tavaramerkit, kauppasalaisuudet ja muun aineettoman omaisuuden. Ryhdymme aktiivisiin toimenpiteisiin suojellaksemme ja tukeaksemme immateriaaliomaisuusoikeuksiamme, ja meid\u00e4n on suojeltava kolmansien osapuolten immateriaaliomaisuutta vastaavin toimenpitein. Kun jaamme immateriaaliomaisuuttamme kolmansille osapuolille, meid\u00e4n on varmistettava, ett\u00e4 ne suostuvat k\u00e4ytt\u00e4m\u00e4\u00e4n ja suojelemaan omaisuuttamme Equinixin k\u00e4yt\u00e4nt\u00f6jen mukaisesti.<\/p>\n<p>Monet joka p\u00e4iv\u00e4 k\u00e4ytt\u00e4m\u00e4mme materiaalit ovat tekij\u00e4noikeuslakien suojaamia. T\u00e4llaisia materiaaleja ovat mm. tietokoneohjelmistot, kirjat, k\u00e4ytt\u00f6oppaat, audio- ja videoresurssit sek\u00e4 ammattijulkaisut ja -lehdet. Muita v\u00e4hemm\u00e4n ilmeisi\u00e4 esimerkkej\u00e4 tekij\u00e4noikeudella varustettavista t\u00f6ist\u00e4 ovat esitysdiat, koulutusmateriaalit, hallintamallit ja ongelmanratkaisumenetelm\u00e4t. Emme saa koskaan rikkoa tietoisesti muiden immateriaaliomaisuusoikeuksia. Equinix kielt\u00e4\u00e4 jyrk\u00e4sti kaikkien tekij\u00e4noikeudella suojattujen materiaalien kopioinnin, jakelun ja muuntelun ilman omistajan tai valtuutetun edustajan lupaa. \u00c4l\u00e4 koskaan kopioi tai k\u00e4yt\u00e4 yrityksen lisensoimaa tietokoneohjelmistoa laittomasti henkil\u00f6kohtaisessa tai yritysk\u00e4yt\u00f6ss\u00e4.[\/vc_column_text][\/vc_column][vc_column width=&#8221;1\/3&#8243;][\/vc_column][\/vc_row][vc_row css_animation=&#8221;&#8221; row_type=&#8221;row&#8221; use_row_as_full_screen_section=&#8221;no&#8221; type=&#8221;full_width&#8221; angled_section=&#8221;no&#8221; text_align=&#8221;left&#8221; background_image_as_pattern=&#8221;without_pattern&#8221; z_index=&#8221;&#8221; padding_top=&#8221;16&#8243; padding_bottom=&#8221;142&#8243; el_class=&#8221;inside_space&#8221; anchor=&#8221;Inside_information_and_securities_trading&#8221;][vc_column width=&#8221;2\/3&#8243; el_class=&#8221;purpose_values&#8221;][vc_column_text]<\/p>\n<h4>SIS\u00c4PIIRITIEDOT JA ARVOPAPERIKAUPPA<\/h4>\n<p>Et saa osta tai myyd\u00e4 Equinixin osakkeita, jos sinulla on \u201dolennaisia tietoja\u201d yrityksest\u00e4, joita ei ole paljastettu julkisesti (k\u00e4ytet\u00e4\u00e4n my\u00f6s nimityst\u00e4 \u201dsis\u00e4piirin tiedot\u201d). Vastaavasti, jos sinulla on sis\u00e4piirin tietoja muista yrityksist\u00e4, kuten asiakkaistamme tai myyjist\u00e4mme, et saa ostaa tai myyd\u00e4 kyseisen yrityksen arvopapereita. Jos jaat sis\u00e4piirin tietoja tai annat sis\u00e4piirin \u201dvinkkej\u00e4\u201d kolmannelle osapuolelle, joka sitten k\u00e4y kauppaa n\u00e4iden tietojen perusteella, voit joutua vastuuseen laittomasta kaupank\u00e4ynnist\u00e4. Saatat my\u00f6s olla vastuussa kaupoista, joita joku toinen suoritti perustuen luottamuksellisiin tietoihin, joita jaoit ulkopuolisen osapuolen kanssa \u2013 mukaan lukien perheenj\u00e4senet ja yst\u00e4v\u00e4t. Jos jaat sis\u00e4piirin tietoja, jotka saavat perheenj\u00e4senen tai yst\u00e4v\u00e4n ostamaan tai myym\u00e4\u00e4n Equinixin osakkeita, liittovaltion arvopaperilakien puitteissa saatat olla vinkeist\u00e4 rikosoikeudellisessa vastuussa.<\/p>\n<p>Equinix pit\u00e4\u00e4 ep\u00e4asianmukaisena, ett\u00e4 Equinixin palveluksessa tai osakkuussuhteessa olevat osallistuvat lyhytaikaiseen tai spekulatiiviseen kaupank\u00e4yntiin Equinixin arvopapereilla tai Equinixin arvopapereilla muuhun kaupank\u00e4yntiin, mik\u00e4 voi johtaa sis\u00e4piirikauppaa koskevien lakien tahattomaan rikkomiseen. N\u00e4in ollen, ty\u00f6ntekij\u00f6iden kaupank\u00e4yntiin Equinixin arvopapereilla kohdistuu lis\u00e4ohjeita, jotka kuvataan tarkemmin Equinixin arvopaperikauppak\u00e4yt\u00e4nn\u00f6ss\u00e4.<\/p>\n<p>Varmista, ett\u00e4 noudatat sis\u00e4piirin kauppaa koskevia lakeja, lukemalla Equinixin arvopaperikauppak\u00e4yt\u00e4nt\u00f6. Jos sinulla on kysytt\u00e4v\u00e4\u00e4, ota yhteytt\u00e4 Compliance Officeen.[\/vc_column_text][vc_empty_space height=&#8221;24px&#8221;]<a class=\"recom-read-link\" href=\"\/fi\/additional-resources\/#recommended_readings\" target=\"_self\"><div class=\"recommend_book\"><div class=\"recommend_icon\"><img decoding=\"async\" src=\"https:\/\/codeofbusinessconduct.equinix.com\/wp-content\/uploads\/2021\/03\/recommend_book.svg\" \/><\/div><div class=\"recommend_content\"><h4>SUOSITELTUA LUETTAVAA:<br>EQUINIXIN ARVOPAPERIKAUPPAK\u00c4YT\u00c4NT\u00d6<\/h4><\/div><\/div><\/a>[\/vc_column][vc_column width=&#8221;1\/3&#8243; css=&#8221;.vc_custom_1615790628304{padding-top: 35px !important;}&#8221;][vc_column_text]<\/p>\n<h4 class=\"exclaimation\">Pid\u00e4 mieless\u00e4:<\/h4>\n<div class=\"lead\">Sis\u00e4piirin tiedot tarkoittavat luottamuksellisia tietoja, jotka julkaistuina vaikuttaisivat sijoittajan p\u00e4\u00e4t\u00f6kseen ostaa, myyd\u00e4 tai pit\u00e4\u00e4 Equinixin osakkeita.<\/div>\n<p>[\/vc_column_text][\/vc_column][\/vc_row]<\/p>\n<\/section>","protected":false},"excerpt":{"rendered":"<p>[vc_row css_animation=&#8221;&#8221; row_type=&#8221;row&#8221; use_row_as_full_screen_section=&#8221;no&#8221; type=&#8221;full_width&#8221; angled_section=&#8221;no&#8221; text_align=&#8221;left&#8221; background_image_as_pattern=&#8221;without_pattern&#8221;][vc_column][vc_single_image image=&#8221;4086&#8243; img_size=&#8221;full&#8221; qode_css_animation=&#8221;&#8221;][vc_empty_space height=&#8221;8px&#8221;][vc_column_text] SITOUMUKSEMME NOUDATTAA LAKEJA Laillisten liiketoimintak\u00e4yt\u00e4nt\u00f6jen ymm\u00e4rt\u00e4minen ja noudattaminen [\/vc_column_text][\/vc_column][\/vc_row][vc_row css_animation=&#8221;&#8221; row_type=&#8221;row&#8221; use_row_as_full_screen_section=&#8221;no&#8221; type=&#8221;full_width&#8221; angled_section=&#8221;no&#8221; text_align=&#8221;left&#8221; background_image_as_pattern=&#8221;without_pattern&#8221; z_index=&#8221;&#8221; padding_top=&#8221;32&#8243; padding_bottom=&#8221;40&#8243;][vc_column][vc_single_image image=&#8221;1764&#8243; img_size=&#8221;full&#8221; alignment=&#8221;center&#8221; qode_css_animation=&#8221;&#8221; el_class=&#8221;w-100&#8243;][\/vc_column][\/vc_row][vc_row css_animation=&#8221;&#8221; row_type=&#8221;row&#8221; use_row_as_full_screen_section=&#8221;no&#8221; type=&#8221;full_width&#8221; angled_section=&#8221;no&#8221; text_align=&#8221;left&#8221; background_image_as_pattern=&#8221;without_pattern&#8221; z_index=&#8221;&#8221; anchor=&#8221;Competition_and_fair_dealing&#8221;][vc_column&#8230;<\/p>\n","protected":false},"author":1,"featured_media":0,"parent":0,"menu_order":0,"comment_status":"closed","ping_status":"closed","template":"","meta":{"inline_featured_image":false,"footnotes":""},"class_list":["post-1762","page","type-page","status-publish","hentry"],"yoast_head":"<!-- This site is optimized with the Yoast SEO plugin v25.8 - https:\/\/yoast.com\/wordpress\/plugins\/seo\/ -->\n<title>SITOUMUKSEMME NOUDATTAA LAKEJA - Equinix Code of Business Conduct<\/title>\n<meta name=\"robots\" content=\"index, follow, max-snippet:-1, max-image-preview:large, max-video-preview:-1\" \/>\n<link rel=\"canonical\" href=\"https:\/\/codeofbusinessconduct.equinix.com\/fi\/our-commitment-to-the-law\/\" \/>\n<meta property=\"og:locale\" content=\"fi_FI\" \/>\n<meta property=\"og:type\" content=\"article\" \/>\n<meta property=\"og:title\" content=\"SITOUMUKSEMME NOUDATTAA LAKEJA - Equinix Code of Business Conduct\" \/>\n<meta property=\"og:description\" content=\"[vc_row css_animation=&#8221;&#8221; row_type=&#8221;row&#8221; use_row_as_full_screen_section=&#8221;no&#8221; type=&#8221;full_width&#8221; angled_section=&#8221;no&#8221; text_align=&#8221;left&#8221; background_image_as_pattern=&#8221;without_pattern&#8221;][vc_column][vc_single_image image=&#8221;4086&#8243; img_size=&#8221;full&#8221; qode_css_animation=&#8221;&#8221;][vc_empty_space height=&#8221;8px&#8221;][vc_column_text] SITOUMUKSEMME NOUDATTAA LAKEJA Laillisten liiketoimintak\u00e4yt\u00e4nt\u00f6jen ymm\u00e4rt\u00e4minen ja noudattaminen [\/vc_column_text][\/vc_column][\/vc_row][vc_row css_animation=&#8221;&#8221; row_type=&#8221;row&#8221; use_row_as_full_screen_section=&#8221;no&#8221; type=&#8221;full_width&#8221; angled_section=&#8221;no&#8221; text_align=&#8221;left&#8221; background_image_as_pattern=&#8221;without_pattern&#8221; z_index=&#8221;&#8221; padding_top=&#8221;32&#8243; padding_bottom=&#8221;40&#8243;][vc_column][vc_single_image image=&#8221;1764&#8243; img_size=&#8221;full&#8221; alignment=&#8221;center&#8221; qode_css_animation=&#8221;&#8221; el_class=&#8221;w-100&#8243;][\/vc_column][\/vc_row][vc_row css_animation=&#8221;&#8221; row_type=&#8221;row&#8221; use_row_as_full_screen_section=&#8221;no&#8221; type=&#8221;full_width&#8221; angled_section=&#8221;no&#8221; text_align=&#8221;left&#8221; background_image_as_pattern=&#8221;without_pattern&#8221; z_index=&#8221;&#8221; anchor=&#8221;Competition_and_fair_dealing&#8221;][vc_column...\" \/>\n<meta property=\"og:url\" content=\"https:\/\/codeofbusinessconduct.equinix.com\/fi\/our-commitment-to-the-law\/\" \/>\n<meta property=\"og:site_name\" content=\"Equinix Code of Business Conduct\" \/>\n<meta property=\"article:modified_time\" content=\"2025-12-15T10:44:57+00:00\" \/>\n<meta name=\"twitter:card\" content=\"summary_large_image\" \/>\n<meta name=\"twitter:label1\" content=\"Arvioitu lukuaika\" \/>\n\t<meta name=\"twitter:data1\" content=\"6 minuuttia\" \/>\n<script type=\"application\/ld+json\" class=\"yoast-schema-graph\">{\"@context\":\"https:\/\/schema.org\",\"@graph\":[{\"@type\":\"WebPage\",\"@id\":\"https:\/\/codeofbusinessconduct.equinix.com\/fi\/our-commitment-to-the-law\/\",\"url\":\"https:\/\/codeofbusinessconduct.equinix.com\/fi\/our-commitment-to-the-law\/\",\"name\":\"SITOUMUKSEMME NOUDATTAA LAKEJA - Equinix Code of Business Conduct\",\"isPartOf\":{\"@id\":\"https:\/\/cobc-prod.azurewebsites.net\/#website\"},\"datePublished\":\"2021-03-10T06:21:26+00:00\",\"dateModified\":\"2025-12-15T10:44:57+00:00\",\"breadcrumb\":{\"@id\":\"https:\/\/codeofbusinessconduct.equinix.com\/fi\/our-commitment-to-the-law\/#breadcrumb\"},\"inLanguage\":\"fi\",\"potentialAction\":[{\"@type\":\"ReadAction\",\"target\":[\"https:\/\/codeofbusinessconduct.equinix.com\/fi\/our-commitment-to-the-law\/\"]}]},{\"@type\":\"BreadcrumbList\",\"@id\":\"https:\/\/codeofbusinessconduct.equinix.com\/fi\/our-commitment-to-the-law\/#breadcrumb\",\"itemListElement\":[{\"@type\":\"ListItem\",\"position\":1,\"name\":\"Home\",\"item\":\"https:\/\/codeofbusinessconduct.equinix.com\/fi\/\"},{\"@type\":\"ListItem\",\"position\":2,\"name\":\"SITOUMUKSEMME NOUDATTAA LAKEJA\"}]},{\"@type\":\"WebSite\",\"@id\":\"https:\/\/cobc-prod.azurewebsites.net\/#website\",\"url\":\"https:\/\/cobc-prod.azurewebsites.net\/\",\"name\":\"Equinix Code of Business Conduct\",\"description\":\"\",\"potentialAction\":[{\"@type\":\"SearchAction\",\"target\":{\"@type\":\"EntryPoint\",\"urlTemplate\":\"https:\/\/cobc-prod.azurewebsites.net\/?s={search_term_string}\"},\"query-input\":{\"@type\":\"PropertyValueSpecification\",\"valueRequired\":true,\"valueName\":\"search_term_string\"}}],\"inLanguage\":\"fi\"}]}<\/script>\n<!-- \/ Yoast SEO plugin. -->","yoast_head_json":{"title":"SITOUMUKSEMME NOUDATTAA LAKEJA - Equinix Code of Business Conduct","robots":{"index":"index","follow":"follow","max-snippet":"max-snippet:-1","max-image-preview":"max-image-preview:large","max-video-preview":"max-video-preview:-1"},"canonical":"https:\/\/codeofbusinessconduct.equinix.com\/fi\/our-commitment-to-the-law\/","og_locale":"fi_FI","og_type":"article","og_title":"SITOUMUKSEMME NOUDATTAA LAKEJA - Equinix Code of Business Conduct","og_description":"[vc_row css_animation=&#8221;&#8221; row_type=&#8221;row&#8221; use_row_as_full_screen_section=&#8221;no&#8221; type=&#8221;full_width&#8221; angled_section=&#8221;no&#8221; text_align=&#8221;left&#8221; background_image_as_pattern=&#8221;without_pattern&#8221;][vc_column][vc_single_image image=&#8221;4086&#8243; img_size=&#8221;full&#8221; qode_css_animation=&#8221;&#8221;][vc_empty_space height=&#8221;8px&#8221;][vc_column_text] SITOUMUKSEMME NOUDATTAA LAKEJA Laillisten liiketoimintak\u00e4yt\u00e4nt\u00f6jen ymm\u00e4rt\u00e4minen ja noudattaminen [\/vc_column_text][\/vc_column][\/vc_row][vc_row css_animation=&#8221;&#8221; row_type=&#8221;row&#8221; use_row_as_full_screen_section=&#8221;no&#8221; type=&#8221;full_width&#8221; angled_section=&#8221;no&#8221; text_align=&#8221;left&#8221; background_image_as_pattern=&#8221;without_pattern&#8221; z_index=&#8221;&#8221; padding_top=&#8221;32&#8243; padding_bottom=&#8221;40&#8243;][vc_column][vc_single_image image=&#8221;1764&#8243; img_size=&#8221;full&#8221; alignment=&#8221;center&#8221; qode_css_animation=&#8221;&#8221; el_class=&#8221;w-100&#8243;][\/vc_column][\/vc_row][vc_row css_animation=&#8221;&#8221; row_type=&#8221;row&#8221; use_row_as_full_screen_section=&#8221;no&#8221; type=&#8221;full_width&#8221; angled_section=&#8221;no&#8221; text_align=&#8221;left&#8221; background_image_as_pattern=&#8221;without_pattern&#8221; z_index=&#8221;&#8221; anchor=&#8221;Competition_and_fair_dealing&#8221;][vc_column...","og_url":"https:\/\/codeofbusinessconduct.equinix.com\/fi\/our-commitment-to-the-law\/","og_site_name":"Equinix Code of Business Conduct","article_modified_time":"2025-12-15T10:44:57+00:00","twitter_card":"summary_large_image","twitter_misc":{"Arvioitu lukuaika":"6 minuuttia"},"schema":{"@context":"https:\/\/schema.org","@graph":[{"@type":"WebPage","@id":"https:\/\/codeofbusinessconduct.equinix.com\/fi\/our-commitment-to-the-law\/","url":"https:\/\/codeofbusinessconduct.equinix.com\/fi\/our-commitment-to-the-law\/","name":"SITOUMUKSEMME NOUDATTAA LAKEJA - Equinix Code of Business Conduct","isPartOf":{"@id":"https:\/\/cobc-prod.azurewebsites.net\/#website"},"datePublished":"2021-03-10T06:21:26+00:00","dateModified":"2025-12-15T10:44:57+00:00","breadcrumb":{"@id":"https:\/\/codeofbusinessconduct.equinix.com\/fi\/our-commitment-to-the-law\/#breadcrumb"},"inLanguage":"fi","potentialAction":[{"@type":"ReadAction","target":["https:\/\/codeofbusinessconduct.equinix.com\/fi\/our-commitment-to-the-law\/"]}]},{"@type":"BreadcrumbList","@id":"https:\/\/codeofbusinessconduct.equinix.com\/fi\/our-commitment-to-the-law\/#breadcrumb","itemListElement":[{"@type":"ListItem","position":1,"name":"Home","item":"https:\/\/codeofbusinessconduct.equinix.com\/fi\/"},{"@type":"ListItem","position":2,"name":"SITOUMUKSEMME NOUDATTAA LAKEJA"}]},{"@type":"WebSite","@id":"https:\/\/cobc-prod.azurewebsites.net\/#website","url":"https:\/\/cobc-prod.azurewebsites.net\/","name":"Equinix Code of Business Conduct","description":"","potentialAction":[{"@type":"SearchAction","target":{"@type":"EntryPoint","urlTemplate":"https:\/\/cobc-prod.azurewebsites.net\/?s={search_term_string}"},"query-input":{"@type":"PropertyValueSpecification","valueRequired":true,"valueName":"search_term_string"}}],"inLanguage":"fi"}]}},"_links":{"self":[{"href":"https:\/\/codeofbusinessconduct.equinix.com\/fi\/wp-json\/wp\/v2\/pages\/1762","targetHints":{"allow":["GET"]}}],"collection":[{"href":"https:\/\/codeofbusinessconduct.equinix.com\/fi\/wp-json\/wp\/v2\/pages"}],"about":[{"href":"https:\/\/codeofbusinessconduct.equinix.com\/fi\/wp-json\/wp\/v2\/types\/page"}],"author":[{"embeddable":true,"href":"https:\/\/codeofbusinessconduct.equinix.com\/fi\/wp-json\/wp\/v2\/users\/1"}],"replies":[{"embeddable":true,"href":"https:\/\/codeofbusinessconduct.equinix.com\/fi\/wp-json\/wp\/v2\/comments?post=1762"}],"version-history":[{"count":13,"href":"https:\/\/codeofbusinessconduct.equinix.com\/fi\/wp-json\/wp\/v2\/pages\/1762\/revisions"}],"predecessor-version":[{"id":5306,"href":"https:\/\/codeofbusinessconduct.equinix.com\/fi\/wp-json\/wp\/v2\/pages\/1762\/revisions\/5306"}],"wp:attachment":[{"href":"https:\/\/codeofbusinessconduct.equinix.com\/fi\/wp-json\/wp\/v2\/media?parent=1762"}],"curies":[{"name":"wp","href":"https:\/\/api.w.org\/{rel}","templated":true}]}}