{"id":1728,"date":"2021-03-10T06:20:30","date_gmt":"2021-03-10T06:20:30","guid":{"rendered":"https:\/\/codeofbusinessconduct.equinix.com\/?page_id=1728"},"modified":"2022-02-09T21:34:29","modified_gmt":"2022-02-09T21:34:29","slug":"our-code","status":"publish","type":"page","link":"https:\/\/codeofbusinessconduct.equinix.com\/fi\/our-code\/","title":{"rendered":"S\u00c4\u00c4NT\u00d6MME"},"content":{"rendered":"<section class=\"wpb-content-wrapper\"><p>[vc_row css_animation=&#8221;&#8221; row_type=&#8221;row&#8221; use_row_as_full_screen_section=&#8221;no&#8221; type=&#8221;full_width&#8221; angled_section=&#8221;no&#8221; text_align=&#8221;left&#8221; background_image_as_pattern=&#8221;without_pattern&#8221;][vc_column][vc_single_image image=&#8221;1731&#8243; img_size=&#8221;full&#8221; qode_css_animation=&#8221;&#8221;][vc_empty_space height=&#8221;8px&#8221;][vc_column_text]<\/p>\n<h3>S\u00c4\u00c4NT\u00d6MME<\/h3>\n<div class=\"lead\">Eettisen k\u00e4yt\u00f6ksen ymm\u00e4rt\u00e4minen ja omaksuminen<\/div>\n<p>[\/vc_column_text][\/vc_column][\/vc_row][vc_row css_animation=&#8221;&#8221; row_type=&#8221;row&#8221; use_row_as_full_screen_section=&#8221;no&#8221; type=&#8221;full_width&#8221; angled_section=&#8221;no&#8221; text_align=&#8221;left&#8221; background_image_as_pattern=&#8221;without_pattern&#8221; z_index=&#8221;&#8221; padding_top=&#8221;20&#8243; anchor=&#8221;why_we_have_a_code_of_business_conduct&#8221;][vc_column width=&#8221;2\/3&#8243; el_class=&#8221;purpose_values&#8221; css=&#8221;.vc_custom_1615524809511{padding-bottom: 30px !important;}&#8221;][vc_column_text]<\/p>\n<h4>MIKSI MEILL\u00c4 ON LIIKETOIMINNAN K\u00c4YTT\u00c4YTYMISS\u00c4\u00c4NN\u00d6T<\/h4>\n<p>Equinix rakentuu vahvojen yritysarvojen ja liiketoimintak\u00e4yt\u00e4nt\u00f6jen perustalle, ja tied\u00e4mme, ett\u00e4 tuleva menestyksemme on riippuvainen sitoumuksestamme harjoittaa liiketoimintaa rehellisesti, integriteetill\u00e4, ammattimaisesti ja sitoutumalla erinomaisiin tuloksiin. T\u00e4m\u00e4 tarkoittaa, ett\u00e4 arvostamme yrityksen\u00e4<\/p>\n<ul>\n<li>jokaista ty\u00f6ntekij\u00e4\u00e4<\/li>\n<li>oikeiden asioiden tekemist\u00e4 oikeista syist\u00e4<\/li>\n<li>tinkim\u00e4t\u00f6nt\u00e4 integriteetti\u00e4<\/li>\n<li>sitoutuneisuutta eettisiin liiketoimintak\u00e4yt\u00e4nt\u00f6ihin<\/li>\n<li>lakien noudattamista<\/li>\n<\/ul>\n<p>Useimmissa tapauksissa henkil\u00f6kohtaiset arvomme ja rehellisyys ohjaavat meit\u00e4 l\u00f6yt\u00e4m\u00e4\u00e4n oikean ja eettisen p\u00e4\u00e4t\u00f6ksen. Mutta jos sinulla on kysytt\u00e4v\u00e4\u00e4 oikeasta l\u00e4hestymistavasta, liiketoiminnan k\u00e4ytt\u00e4ytymiss\u00e4\u00e4nt\u00f6mme (&#8220;s\u00e4\u00e4nt\u00f6mme\u201d) tarjoavat lis\u00e4ohjeistusta. Meid\u00e4n tulee aina muistaa, ett\u00e4 s\u00e4\u00e4nt\u00f6mme eiv\u00e4t voi kattaa kaikkia tilanteita. T\u00e4ll\u00f6in sinun tulee puhua esimiehesi tai Compliance Officen kanssa.[\/vc_column_text][vc_row_inner row_type=&#8221;row&#8221; type=&#8221;full_width&#8221; text_align=&#8221;left&#8221; css_animation=&#8221;&#8221; anchor=&#8221;who_is_required_to_follow_our_code&#8221; css=&#8221;.vc_custom_1616044458552{padding-top: 20px !important;}&#8221;][vc_column_inner][vc_column_text]<\/p>\n<h4>KENEN ON NOUDATETTAVA S\u00c4\u00c4NT\u00d6J\u00c4MME?<\/h4>\n<p>S\u00e4\u00e4nt\u00f6mme soveltuvat kaikkiin Equinixin johtajiin, p\u00e4\u00e4llik\u00f6ihin ja ty\u00f6ntekij\u00f6ihin, mukaan lukien osa-aikaiset ja m\u00e4\u00e4r\u00e4aikaiset ty\u00f6ntekij\u00e4t. Lis\u00e4ksi s\u00e4\u00e4nt\u00f6mme tulee antaa my\u00f6s niille, jotka toimivat Equinixin puolesta, kuten asiamiehille, edustajille ja konsulteille, ja heid\u00e4n on noudatettava niit\u00e4.[\/vc_column_text][\/vc_column_inner][\/vc_row_inner][vc_row_inner row_type=&#8221;row&#8221; type=&#8221;full_width&#8221; text_align=&#8221;left&#8221; css_animation=&#8221;&#8221; anchor=&#8221;ethics_in_action:_what_our_code_means_for_you&#8221; css=&#8221;.vc_custom_1616044568288{padding-top: 20px !important;}&#8221;][vc_column_inner][vc_column_text]<\/p>\n<h4>ETIIKKA K\u00c4YT\u00c4NN\u00d6SS\u00c4: MIT\u00c4 S\u00c4\u00c4NT\u00d6MME MERKITSEV\u00c4T SINULLE<\/h4>\n<p>Meid\u00e4n kaikkien odotetaan noudattavan s\u00e4\u00e4nt\u00f6jen kirjainta ja henke\u00e4. Toisin sanoen sinun on ymm\u00e4rrett\u00e4v\u00e4 kaikki k\u00e4yt\u00e4nt\u00f6mme, lait ja s\u00e4\u00e4d\u00f6kset, jotka soveltuvat ty\u00f6h\u00f6si, ja noudatettava niit\u00e4 ja pyydett\u00e4v\u00e4 neuvoa, jos sinulla on kysymyksi\u00e4 tai huolenaiheita. Ty\u00f6ntekij\u00e4t, jotka rikkovat s\u00e4\u00e4nt\u00f6j\u00e4mme, vaarantavat itsens\u00e4, ty\u00f6toverinsa ja yrityksen, ja altistuvat kurinpidollisille toimenpiteille aina irtisanomiseen saakka.<\/p>\n<p>Toisia valvovilla ty\u00f6ntekij\u00f6ill\u00e4 on erityisen t\u00e4rke\u00e4 vastuu johtaa esimerkill\u00e4 ja yll\u00e4pit\u00e4\u00e4 korkeimpia k\u00e4ytt\u00e4ytymisstandardeja. Jos valvot muita, tue ymp\u00e4rist\u00f6\u00e4, miss\u00e4 ty\u00f6ntekij\u00e4t ymm\u00e4rt\u00e4v\u00e4t velvollisuutensa ja tuntevat olevansa vapaita tuomaan esiin ongelmia ja huolenaiheita tarvitsematta pel\u00e4t\u00e4 kostotoimia. Jos ongelma tuodaan esiin, sinun on toimittava nopeasti.<\/p>\n<p>Sinun on my\u00f6s varmistettava, ett\u00e4 jokainen alaisesi ymm\u00e4rt\u00e4\u00e4 s\u00e4\u00e4nt\u00f6mme ja k\u00e4yt\u00e4nn\u00f6t, lait ja s\u00e4\u00e4d\u00f6kset, jotka vaikuttavat ty\u00f6paikkaamme. S\u00e4\u00e4nt\u00f6j\u00e4mme voidaan t\u00e4ydent\u00e4\u00e4 muilla k\u00e4yt\u00e4nn\u00f6ill\u00e4, menettelyill\u00e4 ja menetelmill\u00e4. Jos sin\u00e4 tai joku tiimisi j\u00e4sen havaitsee ep\u00e4yhdenmukaisuuden tai ristiriidan, siit\u00e4 on ilmoitettava sek\u00e4 esimiehelle ett\u00e4 Compliance Officelle.[\/vc_column_text][\/vc_column_inner][\/vc_row_inner][\/vc_column][vc_column width=&#8221;1\/3&#8243; css=&#8221;.vc_custom_1615524819852{padding-bottom: 30px !important;}&#8221;][vc_column_text]<\/p>\n<h4 class=\"exclaimation\">Pid\u00e4 mieless\u00e4:<\/h4>\n<div class=\"lead\">Meid\u00e4n KAIKKIEN odotetaan noudattavan s\u00e4\u00e4nt\u00f6jen kirjainta ja henke\u00e4.<\/div>\n<p>[\/vc_column_text][vc_empty_space height=&#8221;20px&#8221;][vc_single_image image=&#8221;1730&#8243; img_size=&#8221;full&#8221; alignment=&#8221;center&#8221; qode_css_animation=&#8221;&#8221;][\/vc_column][\/vc_row][vc_row css_animation=&#8221;&#8221; row_type=&#8221;row&#8221; use_row_as_full_screen_section=&#8221;no&#8221; type=&#8221;full_width&#8221; angled_section=&#8221;no&#8221; text_align=&#8221;left&#8221; background_image_as_pattern=&#8221;without_pattern&#8221;][vc_column][vc_empty_space height=&#8221;60px&#8221;][\/vc_column][\/vc_row]<\/p>\n<\/section>","protected":false},"excerpt":{"rendered":"<p>[vc_row css_animation=&#8221;&#8221; row_type=&#8221;row&#8221; use_row_as_full_screen_section=&#8221;no&#8221; type=&#8221;full_width&#8221; angled_section=&#8221;no&#8221; text_align=&#8221;left&#8221; background_image_as_pattern=&#8221;without_pattern&#8221;][vc_column][vc_single_image image=&#8221;1731&#8243; img_size=&#8221;full&#8221; qode_css_animation=&#8221;&#8221;][vc_empty_space height=&#8221;8px&#8221;][vc_column_text] S\u00c4\u00c4NT\u00d6MME Eettisen k\u00e4yt\u00f6ksen ymm\u00e4rt\u00e4minen ja omaksuminen [\/vc_column_text][\/vc_column][\/vc_row][vc_row css_animation=&#8221;&#8221; row_type=&#8221;row&#8221; use_row_as_full_screen_section=&#8221;no&#8221; type=&#8221;full_width&#8221; angled_section=&#8221;no&#8221; text_align=&#8221;left&#8221; background_image_as_pattern=&#8221;without_pattern&#8221; z_index=&#8221;&#8221; padding_top=&#8221;20&#8243; anchor=&#8221;why_we_have_a_code_of_business_conduct&#8221;][vc_column width=&#8221;2\/3&#8243; el_class=&#8221;purpose_values&#8221; css=&#8221;.vc_custom_1615524809511{padding-bottom: 30px !important;}&#8221;][vc_column_text] MIKSI MEILL\u00c4 ON LIIKETOIMINNAN K\u00c4YTT\u00c4YTYMISS\u00c4\u00c4NN\u00d6T Equinix rakentuu vahvojen yritysarvojen ja liiketoimintak\u00e4yt\u00e4nt\u00f6jen&#8230;<\/p>\n","protected":false},"author":1,"featured_media":0,"parent":0,"menu_order":0,"comment_status":"closed","ping_status":"closed","template":"","meta":{"inline_featured_image":false,"footnotes":""},"class_list":["post-1728","page","type-page","status-publish","hentry"],"yoast_head":"<!-- This site is optimized with the Yoast SEO plugin v25.8 - https:\/\/yoast.com\/wordpress\/plugins\/seo\/ -->\n<title>S\u00c4\u00c4NT\u00d6MME - Equinix Code of Business Conduct<\/title>\n<meta name=\"robots\" content=\"index, follow, max-snippet:-1, max-image-preview:large, max-video-preview:-1\" \/>\n<link rel=\"canonical\" href=\"https:\/\/codeofbusinessconduct.equinix.com\/fi\/our-code\/\" \/>\n<meta property=\"og:locale\" content=\"fi_FI\" \/>\n<meta property=\"og:type\" content=\"article\" \/>\n<meta property=\"og:title\" content=\"S\u00c4\u00c4NT\u00d6MME - Equinix Code of Business Conduct\" \/>\n<meta property=\"og:description\" content=\"[vc_row css_animation=&#8221;&#8221; row_type=&#8221;row&#8221; use_row_as_full_screen_section=&#8221;no&#8221; type=&#8221;full_width&#8221; angled_section=&#8221;no&#8221; text_align=&#8221;left&#8221; background_image_as_pattern=&#8221;without_pattern&#8221;][vc_column][vc_single_image image=&#8221;1731&#8243; img_size=&#8221;full&#8221; qode_css_animation=&#8221;&#8221;][vc_empty_space height=&#8221;8px&#8221;][vc_column_text] S\u00c4\u00c4NT\u00d6MME Eettisen k\u00e4yt\u00f6ksen ymm\u00e4rt\u00e4minen ja omaksuminen [\/vc_column_text][\/vc_column][\/vc_row][vc_row css_animation=&#8221;&#8221; row_type=&#8221;row&#8221; use_row_as_full_screen_section=&#8221;no&#8221; type=&#8221;full_width&#8221; angled_section=&#8221;no&#8221; text_align=&#8221;left&#8221; background_image_as_pattern=&#8221;without_pattern&#8221; z_index=&#8221;&#8221; padding_top=&#8221;20&#8243; anchor=&#8221;why_we_have_a_code_of_business_conduct&#8221;][vc_column width=&#8221;2\/3&#8243; el_class=&#8221;purpose_values&#8221; css=&#8221;.vc_custom_1615524809511{padding-bottom: 30px !important;}&#8221;][vc_column_text] MIKSI MEILL\u00c4 ON LIIKETOIMINNAN K\u00c4YTT\u00c4YTYMISS\u00c4\u00c4NN\u00d6T Equinix rakentuu vahvojen yritysarvojen ja liiketoimintak\u00e4yt\u00e4nt\u00f6jen...\" \/>\n<meta property=\"og:url\" content=\"https:\/\/codeofbusinessconduct.equinix.com\/fi\/our-code\/\" \/>\n<meta property=\"og:site_name\" content=\"Equinix Code of Business Conduct\" \/>\n<meta property=\"article:modified_time\" content=\"2022-02-09T21:34:29+00:00\" \/>\n<meta name=\"twitter:card\" content=\"summary_large_image\" \/>\n<meta name=\"twitter:label1\" content=\"Arvioitu lukuaika\" \/>\n\t<meta name=\"twitter:data1\" content=\"3 minuuttia\" \/>\n<script type=\"application\/ld+json\" class=\"yoast-schema-graph\">{\"@context\":\"https:\/\/schema.org\",\"@graph\":[{\"@type\":\"WebPage\",\"@id\":\"https:\/\/codeofbusinessconduct.equinix.com\/fi\/our-code\/\",\"url\":\"https:\/\/codeofbusinessconduct.equinix.com\/fi\/our-code\/\",\"name\":\"S\u00c4\u00c4NT\u00d6MME - Equinix Code of Business Conduct\",\"isPartOf\":{\"@id\":\"https:\/\/cobc-prod.azurewebsites.net\/#website\"},\"datePublished\":\"2021-03-10T06:20:30+00:00\",\"dateModified\":\"2022-02-09T21:34:29+00:00\",\"breadcrumb\":{\"@id\":\"https:\/\/codeofbusinessconduct.equinix.com\/fi\/our-code\/#breadcrumb\"},\"inLanguage\":\"fi\",\"potentialAction\":[{\"@type\":\"ReadAction\",\"target\":[\"https:\/\/codeofbusinessconduct.equinix.com\/fi\/our-code\/\"]}]},{\"@type\":\"BreadcrumbList\",\"@id\":\"https:\/\/codeofbusinessconduct.equinix.com\/fi\/our-code\/#breadcrumb\",\"itemListElement\":[{\"@type\":\"ListItem\",\"position\":1,\"name\":\"Home\",\"item\":\"https:\/\/codeofbusinessconduct.equinix.com\/fi\/\"},{\"@type\":\"ListItem\",\"position\":2,\"name\":\"S\u00c4\u00c4NT\u00d6MME\"}]},{\"@type\":\"WebSite\",\"@id\":\"https:\/\/cobc-prod.azurewebsites.net\/#website\",\"url\":\"https:\/\/cobc-prod.azurewebsites.net\/\",\"name\":\"Equinix Code of Business Conduct\",\"description\":\"\",\"potentialAction\":[{\"@type\":\"SearchAction\",\"target\":{\"@type\":\"EntryPoint\",\"urlTemplate\":\"https:\/\/cobc-prod.azurewebsites.net\/?s={search_term_string}\"},\"query-input\":{\"@type\":\"PropertyValueSpecification\",\"valueRequired\":true,\"valueName\":\"search_term_string\"}}],\"inLanguage\":\"fi\"}]}<\/script>\n<!-- \/ Yoast SEO plugin. -->","yoast_head_json":{"title":"S\u00c4\u00c4NT\u00d6MME - Equinix Code of Business Conduct","robots":{"index":"index","follow":"follow","max-snippet":"max-snippet:-1","max-image-preview":"max-image-preview:large","max-video-preview":"max-video-preview:-1"},"canonical":"https:\/\/codeofbusinessconduct.equinix.com\/fi\/our-code\/","og_locale":"fi_FI","og_type":"article","og_title":"S\u00c4\u00c4NT\u00d6MME - Equinix Code of Business Conduct","og_description":"[vc_row css_animation=&#8221;&#8221; row_type=&#8221;row&#8221; use_row_as_full_screen_section=&#8221;no&#8221; type=&#8221;full_width&#8221; angled_section=&#8221;no&#8221; text_align=&#8221;left&#8221; background_image_as_pattern=&#8221;without_pattern&#8221;][vc_column][vc_single_image image=&#8221;1731&#8243; img_size=&#8221;full&#8221; qode_css_animation=&#8221;&#8221;][vc_empty_space height=&#8221;8px&#8221;][vc_column_text] S\u00c4\u00c4NT\u00d6MME Eettisen k\u00e4yt\u00f6ksen ymm\u00e4rt\u00e4minen ja omaksuminen [\/vc_column_text][\/vc_column][\/vc_row][vc_row css_animation=&#8221;&#8221; row_type=&#8221;row&#8221; use_row_as_full_screen_section=&#8221;no&#8221; type=&#8221;full_width&#8221; angled_section=&#8221;no&#8221; text_align=&#8221;left&#8221; background_image_as_pattern=&#8221;without_pattern&#8221; z_index=&#8221;&#8221; padding_top=&#8221;20&#8243; anchor=&#8221;why_we_have_a_code_of_business_conduct&#8221;][vc_column width=&#8221;2\/3&#8243; el_class=&#8221;purpose_values&#8221; css=&#8221;.vc_custom_1615524809511{padding-bottom: 30px !important;}&#8221;][vc_column_text] MIKSI MEILL\u00c4 ON LIIKETOIMINNAN K\u00c4YTT\u00c4YTYMISS\u00c4\u00c4NN\u00d6T Equinix rakentuu vahvojen yritysarvojen ja liiketoimintak\u00e4yt\u00e4nt\u00f6jen...","og_url":"https:\/\/codeofbusinessconduct.equinix.com\/fi\/our-code\/","og_site_name":"Equinix Code of Business Conduct","article_modified_time":"2022-02-09T21:34:29+00:00","twitter_card":"summary_large_image","twitter_misc":{"Arvioitu lukuaika":"3 minuuttia"},"schema":{"@context":"https:\/\/schema.org","@graph":[{"@type":"WebPage","@id":"https:\/\/codeofbusinessconduct.equinix.com\/fi\/our-code\/","url":"https:\/\/codeofbusinessconduct.equinix.com\/fi\/our-code\/","name":"S\u00c4\u00c4NT\u00d6MME - Equinix Code of Business Conduct","isPartOf":{"@id":"https:\/\/cobc-prod.azurewebsites.net\/#website"},"datePublished":"2021-03-10T06:20:30+00:00","dateModified":"2022-02-09T21:34:29+00:00","breadcrumb":{"@id":"https:\/\/codeofbusinessconduct.equinix.com\/fi\/our-code\/#breadcrumb"},"inLanguage":"fi","potentialAction":[{"@type":"ReadAction","target":["https:\/\/codeofbusinessconduct.equinix.com\/fi\/our-code\/"]}]},{"@type":"BreadcrumbList","@id":"https:\/\/codeofbusinessconduct.equinix.com\/fi\/our-code\/#breadcrumb","itemListElement":[{"@type":"ListItem","position":1,"name":"Home","item":"https:\/\/codeofbusinessconduct.equinix.com\/fi\/"},{"@type":"ListItem","position":2,"name":"S\u00c4\u00c4NT\u00d6MME"}]},{"@type":"WebSite","@id":"https:\/\/cobc-prod.azurewebsites.net\/#website","url":"https:\/\/cobc-prod.azurewebsites.net\/","name":"Equinix Code of Business Conduct","description":"","potentialAction":[{"@type":"SearchAction","target":{"@type":"EntryPoint","urlTemplate":"https:\/\/cobc-prod.azurewebsites.net\/?s={search_term_string}"},"query-input":{"@type":"PropertyValueSpecification","valueRequired":true,"valueName":"search_term_string"}}],"inLanguage":"fi"}]}},"_links":{"self":[{"href":"https:\/\/codeofbusinessconduct.equinix.com\/fi\/wp-json\/wp\/v2\/pages\/1728","targetHints":{"allow":["GET"]}}],"collection":[{"href":"https:\/\/codeofbusinessconduct.equinix.com\/fi\/wp-json\/wp\/v2\/pages"}],"about":[{"href":"https:\/\/codeofbusinessconduct.equinix.com\/fi\/wp-json\/wp\/v2\/types\/page"}],"author":[{"embeddable":true,"href":"https:\/\/codeofbusinessconduct.equinix.com\/fi\/wp-json\/wp\/v2\/users\/1"}],"replies":[{"embeddable":true,"href":"https:\/\/codeofbusinessconduct.equinix.com\/fi\/wp-json\/wp\/v2\/comments?post=1728"}],"version-history":[{"count":7,"href":"https:\/\/codeofbusinessconduct.equinix.com\/fi\/wp-json\/wp\/v2\/pages\/1728\/revisions"}],"predecessor-version":[{"id":3179,"href":"https:\/\/codeofbusinessconduct.equinix.com\/fi\/wp-json\/wp\/v2\/pages\/1728\/revisions\/3179"}],"wp:attachment":[{"href":"https:\/\/codeofbusinessconduct.equinix.com\/fi\/wp-json\/wp\/v2\/media?parent=1728"}],"curies":[{"name":"wp","href":"https:\/\/api.w.org\/{rel}","templated":true}]}}