{"id":1711,"date":"2021-03-10T05:32:20","date_gmt":"2021-03-10T05:32:20","guid":{"rendered":"https:\/\/codeofbusinessconduct.equinix.com\/?page_id=1711"},"modified":"2024-11-27T00:51:04","modified_gmt":"2024-11-27T00:51:04","slug":"homepage","status":"publish","type":"page","link":"https:\/\/codeofbusinessconduct.equinix.com\/fi\/","title":{"rendered":"Homepage"},"content":{"rendered":"<section class=\"wpb-content-wrapper\"><p>[vc_row css_animation=&#8221;&#8221; row_type=&#8221;row&#8221; use_row_as_full_screen_section=&#8221;no&#8221; type=&#8221;full_width&#8221; angled_section=&#8221;no&#8221; text_align=&#8221;center&#8221; background_image_as_pattern=&#8221;without_pattern&#8221; z_index=&#8221;&#8221; background_image=&#8221;469&#8243; el_class=&#8221;slider-image&#8221;][vc_column][vc_column_text]<\/p>\n<h1>EQUINIXIN LIIKETOIMINNAN K\u00c4YTT\u00c4YTYMISS\u00c4\u00c4NN\u00d6T<\/h1>\n<p>[\/vc_column_text][\/vc_column][\/vc_row][vc_row css_animation=&#8221;&#8221; row_type=&#8221;row&#8221; use_row_as_full_screen_section=&#8221;no&#8221; type=&#8221;grid&#8221; angled_section=&#8221;no&#8221; text_align=&#8221;left&#8221; background_image_as_pattern=&#8221;without_pattern&#8221; z_index=&#8221;&#8221; padding_top=&#8221;50&#8243; padding_bottom=&#8221;32&#8243; el_class=&#8221;our-message&#8221;][vc_column width=&#8221;2\/3&#8243;][vc_single_image image=&#8221;1719&#8243; img_size=&#8221;full&#8221; qode_css_animation=&#8221;&#8221;][vc_empty_space height=&#8221;8px&#8221;][vc_column_text]<\/p>\n<h3>VIESTIMME<\/h3>\n<div class=\"lead\">\n<p><span data-contrast=\"auto\">Hyv\u00e4t kollegat,<\/span><span data-ccp-props=\"{}\">\u00a0<\/span><\/p>\n<p><span data-contrast=\"auto\">Me Equinixilla olemme uskomattoman ylpeit\u00e4 onnistuneesta organisaatiosta, jonka olemme yhdess\u00e4 rakentaneet. Globaalina, alan johtavana yrityksen\u00e4 Equinixilla on mahdollisuus ja vastuu m\u00e4\u00e4ritt\u00e4\u00e4 eettisten liiketoimintak\u00e4yt\u00e4nt\u00f6jen standardi, jotta asiakkaamme ja kumppanimme tiet\u00e4v\u00e4t, ett\u00e4 he voivat luottaa yritykseemme sek\u00e4 toimittamiimme tuotteisiin ja palveluihin. Eettinen maineemme on yksi vahvimmista erottautumistekij\u00f6ist\u00e4mme, jota meid\u00e4n kaikkien on tuettava.\u202f<\/span><span data-ccp-props=\"{}\">\u00a0<\/span><\/p>\n<p><span data-contrast=\"auto\">Liiketoiminnan k\u00e4yt\u00e4nnes\u00e4\u00e4nt\u00f6mme heijastavat Equinixin perustana olevia eettisi\u00e4 arvoja ja standardeja. Se tarjoaa meille tietoa, resursseja ja ty\u00f6kaluja, joita tarvitsemme selkeiden ja johdonmukaisten maailmanlaajuisten standardien luomiseen eettiselle liiketoiminnalle ja lakien noudattamiselle. Meid\u00e4n kaikkien odotetaan tuntevan toimintaohjeemme ja k\u00e4ytt\u00e4v\u00e4n niit\u00e4 ohjaamaan toimiamme yrityksen puolesta. Se on suunniteltu auttamaan meit\u00e4 tekem\u00e4\u00e4n oikeita valintoja haastavissa eettisiss\u00e4 tilanteissa.\u202f<\/span><span data-ccp-props=\"{}\">\u00a0<\/span><\/p>\n<p><span data-contrast=\"auto\">Equinixin ty\u00f6ntekij\u00f6in\u00e4 meill\u00e4 kaikilla on oikeus ja velvollisuus suojella yrityskulttuuriamme kaikelta k\u00e4yt\u00f6kselt\u00e4, joka uhkaa arvojamme tai vahingoittaa mainettamme. Se, ett\u00e4 pid\u00e4mme toisiamme vastuullisina el\u00e4\u00e4ksemme arvojemme mukaan, on osa sit\u00e4, mik\u00e4 tekee Equinixista erityisen paikan. Jos sinulla on kysytt\u00e4v\u00e4\u00e4 tai ep\u00e4ilet, ett\u00e4 liiketoiminnan k\u00e4yt\u00e4nnes\u00e4\u00e4nt\u00f6j\u00e4mme rikotaan, kerro siit\u00e4 meille. Kannustamme sinua keskustelemaan esihenkil\u00f6si, Equinixin vaatimustenmukaisuusp\u00e4\u00e4llik\u00f6n, globaalin lakiasiainjohtajan tai lakiasian- ja henkil\u00f6st\u00f6p\u00e4\u00e4llik\u00f6n kanssa. Voit my\u00f6s tehd\u00e4 ilmoituksen nimett\u00f6m\u00e4sti k\u00e4ytt\u00e4m\u00e4ll\u00e4 verkossa olevaaeettisyyteen liittyv\u00e4\u00e4 lomakettamme tai monikielist\u00e4 puhelinpalveluamme.\u202f<\/span><span data-ccp-props=\"{}\">\u00a0<\/span><\/p>\n<p><span data-contrast=\"auto\">Me Equinixilla olemme ylpeit\u00e4 siit\u00e4, ett\u00e4 olemme eettisi\u00e4, sitoutuneita ja voimaantuneita ihmisi\u00e4. Ty\u00f6ntekij\u00e4mme ja kulttuurimme ovat tehneet Equinixista sen alansa johtajan, joka se on t\u00e4n\u00e4 p\u00e4iv\u00e4n\u00e4 \u2013 ja ne tulevat olemaan perusta, jolle rakennamme jatkuvan menestyksemme.<\/span><span data-ccp-props=\"{}\">\u00a0<\/span><\/p>\n<p><strong>Adaire Fox-Martin\u00a0<\/strong><\/p>\n<p><span data-contrast=\"auto\">Toimitusjohtaja ja puheenjohtaja<\/span><span data-ccp-props=\"{}\">\u00a0<\/span><\/p>\n<p><strong>\u202fCharles Meyers\u00a0<\/strong><\/p>\n<p><span data-contrast=\"auto\">Hallituksen puheenjohtaja<\/span><span data-ccp-props=\"{}\">\u00a0<\/span><\/p>\n<\/div>\n<p>[\/vc_column_text][\/vc_column][vc_column width=&#8221;1\/3&#8243; el_class=&#8221;chief-images&#8221;][vc_single_image image=&#8221;4729&#8243; img_size=&#8221;full&#8221; qode_css_animation=&#8221;&#8221;][vc_single_image image=&#8221;4649&#8243; img_size=&#8221;full&#8221; qode_css_animation=&#8221;&#8221;][vc_column_text el_class=&#8221;team_header&#8221;]<strong>Adaire Fox-Martin\u00a0<\/strong><\/p>\n<p><span data-contrast=\"auto\">Toimitusjohtaja ja puheenjohtaja<\/span><span data-ccp-props=\"{}\">\u00a0<\/span>[\/vc_column_text][vc_empty_space height=&#8221;30px&#8221;][vc_single_image image=&#8221;4769&#8243; img_size=&#8221;full&#8221; qode_css_animation=&#8221;&#8221;][vc_single_image image=&#8221;4789&#8243; img_size=&#8221;full&#8221; qode_css_animation=&#8221;&#8221;][vc_column_text el_class=&#8221;team_header&#8221;]<strong>Charles Meyers\u00a0<\/strong><\/p>\n<p><span data-contrast=\"auto\">Hallituksen puheenjohtaja<\/span><span data-ccp-props=\"{}\">\u00a0<\/span>[\/vc_column_text][\/vc_column][\/vc_row][vc_row css_animation=&#8221;&#8221; row_type=&#8221;row&#8221; use_row_as_full_screen_section=&#8221;yes&#8221; type=&#8221;grid&#8221; angled_section=&#8221;no&#8221; text_align=&#8221;left&#8221; background_image_as_pattern=&#8221;without_pattern&#8221; z_index=&#8221;&#8221; background_color=&#8221;#eeeeee&#8221; padding_top=&#8221;34&#8243; padding_bottom=&#8221;68&#8243; el_class=&#8221;table-of-contents&#8221;][vc_column][vc_column_text]<\/p>\n<h3>Sis\u00e4llysluettelo<\/h3>\n<p>[\/vc_column_text][vc_row_inner row_type=&#8221;row&#8221; type=&#8221;full_width&#8221; text_align=&#8221;left&#8221; css_animation=&#8221;&#8221;][vc_column_inner width=&#8221;1\/2&#8243;][vc_column_text]<a class=\"anchor\" href=\"#Our_Purpose_and_Values\"><strong>TARKOITUKSEMME JA ARVOMME<\/strong><\/a><\/p>\n<p><a href=\"\/fi\/our-code\"><strong>S\u00c4\u00c4NT\u00d6MME<\/strong><\/a><\/p>\n<ul>\n<li><a href=\"\/fi\/our-code\/#why_we_have_a_code_of_business_conduct\">Miksi meill\u00e4 on liiketoiminnan k\u00e4ytt\u00e4ytymiss\u00e4\u00e4nn\u00f6t<\/a><\/li>\n<li><a href=\"\/fi\/our-code\/#who_is_required_to_follow_our_code\">Kenen on noudatettava s\u00e4\u00e4nt\u00f6j\u00e4mme?<\/a><\/li>\n<li><a href=\"\/fi\/our-code\/#ethics_in_action:_what_our_code_means_for_you\">Etiikka k\u00e4yt\u00e4nn\u00f6ss\u00e4: Mit\u00e4 s\u00e4\u00e4nt\u00f6mme merkitsev\u00e4t sinulle<\/a><\/li>\n<\/ul>\n<p><a href=\"\/fi\/our-people\"><strong>TY\u00d6NTEKIJ\u00c4MME<\/strong><\/a><\/p>\n<ul>\n<li><a href=\"\/fi\/our-people\/#diversity\">Monimuotoisuus<\/a><\/li>\n<li><a href=\"\/fi\/our-people\/#dignity_and_respect\">Arvokkuus ja kunnioitus<\/a><\/li>\n<li><a href=\"\/fi\/our-people\/#safety\">Turvallisuus<\/a><\/li>\n<\/ul>\n<p><a href=\"\/fi\/our-business-relationships\"><strong>LIIKETOIMINTASUHTEEMME<\/strong><\/a><\/p>\n<ul>\n<li><a href=\"\/fi\/our-business-relationships\/#Conflicts_of_interest\">Eturistiriidat<\/a><\/li>\n<li><a href=\"\/fi\/our-business-relationships\/#Gifts_and_entertainment\">Lahjat ja viihde<\/a><\/li>\n<li><a href=\"\/fi\/our-business-relationships\/#Prohibited_payments_and_gifts_to_government_personnel\">Kielletyt maksut ja lahjat valtion ty\u00f6ntekij\u00f6ille<\/a><\/li>\n<li><a href=\"\/fi\/our-business-relationships\/#Protecting_our_reputation_and_property\">Maineemme ja omaisuutemme suojeleminen<\/a><\/li>\n<li><a href=\"\/fi\/our-business-relationships\/#Speaking_on_behalf_of_our_company\">Yrityksemme puolesta puhuminen<\/a><\/li>\n<\/ul>\n<p>[\/vc_column_text][\/vc_column_inner][vc_column_inner width=&#8221;1\/2&#8243;][vc_column_text]<a href=\"\/fi\/our-commitment-to-the-law\/#Competition_and_fair_dealing\"><strong>SITOUMUKSEMME NOUDATTAA LAKEJA<\/strong><\/a><\/p>\n<ul>\n<li><a href=\"\/fi\/our-commitment-to-the-law\/#Competition_and_fair_dealing\">Kilpailu ja reilu kohtelu<\/a><\/li>\n<li><a href=\"\/fi\/our-commitment-to-the-law\/#Daily_privacy\">Tietosuoja<\/a><\/li>\n<li><a href=\"\/fi\/our-commitment-to-the-law\/#Anti-bribery_and_corruption\">Lahjonnan ja korruption vastainen toiminta<\/a><\/li>\n<li><a href=\"\/fi\/our-commitment-to-the-law\/#Intellectual_property\">Immateriaaliomaisuus<\/a><\/li>\n<li><a href=\"\/fi\/our-commitment-to-the-law\/#Inside_information_and_securities_trading\">Sis\u00e4piiritiedot ja arvopaperikauppa<\/a><\/li>\n<\/ul>\n<p><a href=\"\/fi\/our-community\/\"><strong>YHTEIS\u00d6MME<\/strong><\/a><\/p>\n<ul>\n<li><a href=\"\/fi\/our-community\/#Human_rights\">Ihmisoikeudet<\/a><\/li>\n<li><a href=\"\/fi\/our-community\/#Charitable_contributions\">Lahjoitukset hyv\u00e4ntekev\u00e4isyyteen<\/a><\/li>\n<li><a href=\"\/fi\/our-community\/#Political_activities_and_contributions\">Poliittinen toiminta ja lahjoitukset<\/a><\/li>\n<li><a href=\"\/fi\/our-community\/#The_environment\">Ymp\u00e4rist\u00f6<\/a><\/li>\n<\/ul>\n<p><a href=\"\/fi\/our-responsibility\"><strong>VASTUUMME<\/strong><\/a><\/p>\n<ul>\n<li><a href=\"\/fi\/our-responsibility\/#Your_voice_matters\">Mielipiteesi on t\u00e4rke\u00e4<\/a><\/li>\n<li><a href=\"\/fi\/our-responsibility\/#Ways_to_speak_up\">Tapoja tuoda asioita esiin<\/a><\/li>\n<li><a href=\"\/fi\/our-responsibility\/#Whistleblower_protection_policy\">Ilmiantajien suojak\u00e4yt\u00e4nt\u00f6<\/a><\/li>\n<li><a href=\"\/fi\/our-responsibility\/#Code_of_business_conduct_waivers\">Liiketoiminnan k\u00e4ytt\u00e4ytymiss\u00e4\u00e4nt\u00f6jen poikkeusluvat<\/a><\/li>\n<\/ul>\n<p><a href=\"\/fi\/additional-resources\/\"><strong>LIS\u00c4RESURSSEJA<\/strong><\/a>[\/vc_column_text][\/vc_column_inner][\/vc_row_inner][\/vc_column][\/vc_row][vc_row css_animation=&#8221;&#8221; row_type=&#8221;row&#8221; use_row_as_full_screen_section=&#8221;no&#8221; type=&#8221;grid&#8221; angled_section=&#8221;no&#8221; text_align=&#8221;left&#8221; background_image_as_pattern=&#8221;without_pattern&#8221; z_index=&#8221;&#8221; padding_top=&#8221;32&#8243; padding_bottom=&#8221;50&#8243; el_class=&#8221;purpose_values our_space&#8221; anchor=&#8221;Our_Purpose_and_Values&#8221;][vc_column width=&#8221;1\/2&#8243; css=&#8221;.vc_custom_1615551557750{padding-bottom: 40px !important;}&#8221;][vc_single_image image=&#8221;1717&#8243; img_size=&#8221;full&#8221; alignment=&#8221;center&#8221; qode_css_animation=&#8221;&#8221; el_class=&#8221;w-100&#8243;][\/vc_column][vc_column width=&#8221;1\/2&#8243; css=&#8221;.vc_custom_1615792034246{padding-bottom: 40px !important;}&#8221;][vc_single_image image=&#8221;1718&#8243; img_size=&#8221;full&#8221; qode_css_animation=&#8221;&#8221;][vc_empty_space height=&#8221;8px&#8221;][vc_column_text]<\/p>\n<h3>TARKOITUKSEMME, UNELMAMME JA ARVOMME<\/h3>\n<div class=\"lead\">Equinixin lupaus<\/div>\n<h4>TARKOITUKSEMME<\/h4>\n<p>Toimia koko maailman yhdist\u00e4v\u00e4n\u00e4 alustaja, joka mahdollistaa innovaatiot, jotka rikastavat ty\u00f6t\u00e4mme, el\u00e4m\u00e4\u00e4 ja planeettaa.<\/p>\n<h4>ARVOMME<\/h4>\n<ul>\n<li>Asiakkaan luottavat siihen, ett\u00e4 t\u00e4yt\u00e4mme sitoumuksemme.<\/li>\n<li>Equinixille omistautuneet ihmiset, jotka pit\u00e4v\u00e4t toinen toisiaan vastuussa erinomaisesta toteutuksesta, ovat kaikki kaikessa.<\/li>\n<li>Arvostamme kurinalaisen ajattelun ja toiminnan kulttuuria.<\/li>\n<li>Equinixiss\u00e4 asetamme korkeat standardit erinomaisuudelle.<\/li>\n<li>Intohimomme luoda kest\u00e4v\u00e4 erinomainen yritys on ykk\u00f6sprioriteettimme.<\/li>\n<\/ul>\n<p>[\/vc_column_text][\/vc_column][\/vc_row]<\/p>\n<\/section>","protected":false},"excerpt":{"rendered":"<p>[vc_row css_animation=&#8221;&#8221; row_type=&#8221;row&#8221; use_row_as_full_screen_section=&#8221;no&#8221; type=&#8221;full_width&#8221; angled_section=&#8221;no&#8221; text_align=&#8221;center&#8221; background_image_as_pattern=&#8221;without_pattern&#8221; z_index=&#8221;&#8221; background_image=&#8221;469&#8243; el_class=&#8221;slider-image&#8221;][vc_column][vc_column_text] EQUINIXIN LIIKETOIMINNAN K\u00c4YTT\u00c4YTYMISS\u00c4\u00c4NN\u00d6T [\/vc_column_text][\/vc_column][\/vc_row][vc_row css_animation=&#8221;&#8221; row_type=&#8221;row&#8221; use_row_as_full_screen_section=&#8221;no&#8221; type=&#8221;grid&#8221; angled_section=&#8221;no&#8221; text_align=&#8221;left&#8221; background_image_as_pattern=&#8221;without_pattern&#8221; z_index=&#8221;&#8221; padding_top=&#8221;50&#8243; padding_bottom=&#8221;32&#8243; el_class=&#8221;our-message&#8221;][vc_column width=&#8221;2\/3&#8243;][vc_single_image image=&#8221;1719&#8243; img_size=&#8221;full&#8221; qode_css_animation=&#8221;&#8221;][vc_empty_space height=&#8221;8px&#8221;][vc_column_text] VIESTIMME Hyv\u00e4t kollegat,\u00a0 Me Equinixilla olemme uskomattoman ylpeit\u00e4 onnistuneesta organisaatiosta, jonka olemme yhdess\u00e4 rakentaneet&#8230;.<\/p>\n","protected":false},"author":1,"featured_media":0,"parent":0,"menu_order":0,"comment_status":"closed","ping_status":"closed","template":"full_width.php","meta":{"inline_featured_image":false,"footnotes":""},"class_list":["post-1711","page","type-page","status-publish","hentry"],"yoast_head":"<!-- This site is optimized with the Yoast SEO plugin v25.8 - https:\/\/yoast.com\/wordpress\/plugins\/seo\/ -->\n<title>Homepage - Equinix Code of Business Conduct<\/title>\n<meta name=\"robots\" content=\"index, follow, max-snippet:-1, max-image-preview:large, max-video-preview:-1\" \/>\n<link rel=\"canonical\" href=\"https:\/\/codeofbusinessconduct.equinix.com\/fi\/\" \/>\n<meta property=\"og:locale\" content=\"fi_FI\" \/>\n<meta property=\"og:type\" content=\"article\" \/>\n<meta property=\"og:title\" content=\"Homepage - Equinix Code of Business Conduct\" \/>\n<meta property=\"og:description\" content=\"[vc_row css_animation=&#8221;&#8221; row_type=&#8221;row&#8221; use_row_as_full_screen_section=&#8221;no&#8221; type=&#8221;full_width&#8221; angled_section=&#8221;no&#8221; text_align=&#8221;center&#8221; background_image_as_pattern=&#8221;without_pattern&#8221; z_index=&#8221;&#8221; background_image=&#8221;469&#8243; el_class=&#8221;slider-image&#8221;][vc_column][vc_column_text] EQUINIXIN LIIKETOIMINNAN K\u00c4YTT\u00c4YTYMISS\u00c4\u00c4NN\u00d6T [\/vc_column_text][\/vc_column][\/vc_row][vc_row css_animation=&#8221;&#8221; row_type=&#8221;row&#8221; use_row_as_full_screen_section=&#8221;no&#8221; type=&#8221;grid&#8221; angled_section=&#8221;no&#8221; text_align=&#8221;left&#8221; background_image_as_pattern=&#8221;without_pattern&#8221; z_index=&#8221;&#8221; padding_top=&#8221;50&#8243; padding_bottom=&#8221;32&#8243; el_class=&#8221;our-message&#8221;][vc_column width=&#8221;2\/3&#8243;][vc_single_image image=&#8221;1719&#8243; img_size=&#8221;full&#8221; qode_css_animation=&#8221;&#8221;][vc_empty_space height=&#8221;8px&#8221;][vc_column_text] VIESTIMME Hyv\u00e4t kollegat,\u00a0 Me Equinixilla olemme uskomattoman ylpeit\u00e4 onnistuneesta organisaatiosta, jonka olemme yhdess\u00e4 rakentaneet....\" \/>\n<meta property=\"og:url\" content=\"https:\/\/codeofbusinessconduct.equinix.com\/fi\/\" \/>\n<meta property=\"og:site_name\" content=\"Equinix Code of Business Conduct\" \/>\n<meta property=\"article:modified_time\" content=\"2024-11-27T00:51:04+00:00\" \/>\n<meta name=\"twitter:card\" content=\"summary_large_image\" \/>\n<meta name=\"twitter:label1\" content=\"Arvioitu lukuaika\" \/>\n\t<meta name=\"twitter:data1\" content=\"4 minuuttia\" \/>\n<script type=\"application\/ld+json\" class=\"yoast-schema-graph\">{\"@context\":\"https:\/\/schema.org\",\"@graph\":[{\"@type\":\"WebPage\",\"@id\":\"https:\/\/codeofbusinessconduct.equinix.com\/fi\/\",\"url\":\"https:\/\/codeofbusinessconduct.equinix.com\/fi\/\",\"name\":\"Homepage - Equinix Code of Business Conduct\",\"isPartOf\":{\"@id\":\"https:\/\/cobc-prod.azurewebsites.net\/#website\"},\"datePublished\":\"2021-03-10T05:32:20+00:00\",\"dateModified\":\"2024-11-27T00:51:04+00:00\",\"breadcrumb\":{\"@id\":\"https:\/\/codeofbusinessconduct.equinix.com\/fi\/#breadcrumb\"},\"inLanguage\":\"fi\",\"potentialAction\":[{\"@type\":\"ReadAction\",\"target\":[\"https:\/\/codeofbusinessconduct.equinix.com\/fi\/\"]}]},{\"@type\":\"BreadcrumbList\",\"@id\":\"https:\/\/codeofbusinessconduct.equinix.com\/fi\/#breadcrumb\",\"itemListElement\":[{\"@type\":\"ListItem\",\"position\":1,\"name\":\"Home\",\"item\":\"https:\/\/codeofbusinessconduct.equinix.com\/fi\/\"},{\"@type\":\"ListItem\",\"position\":2,\"name\":\"Homepage\"}]},{\"@type\":\"WebSite\",\"@id\":\"https:\/\/cobc-prod.azurewebsites.net\/#website\",\"url\":\"https:\/\/cobc-prod.azurewebsites.net\/\",\"name\":\"Equinix Code of Business Conduct\",\"description\":\"\",\"potentialAction\":[{\"@type\":\"SearchAction\",\"target\":{\"@type\":\"EntryPoint\",\"urlTemplate\":\"https:\/\/cobc-prod.azurewebsites.net\/?s={search_term_string}\"},\"query-input\":{\"@type\":\"PropertyValueSpecification\",\"valueRequired\":true,\"valueName\":\"search_term_string\"}}],\"inLanguage\":\"fi\"}]}<\/script>\n<!-- \/ Yoast SEO plugin. -->","yoast_head_json":{"title":"Homepage - Equinix Code of Business Conduct","robots":{"index":"index","follow":"follow","max-snippet":"max-snippet:-1","max-image-preview":"max-image-preview:large","max-video-preview":"max-video-preview:-1"},"canonical":"https:\/\/codeofbusinessconduct.equinix.com\/fi\/","og_locale":"fi_FI","og_type":"article","og_title":"Homepage - Equinix Code of Business Conduct","og_description":"[vc_row css_animation=&#8221;&#8221; row_type=&#8221;row&#8221; use_row_as_full_screen_section=&#8221;no&#8221; type=&#8221;full_width&#8221; angled_section=&#8221;no&#8221; text_align=&#8221;center&#8221; background_image_as_pattern=&#8221;without_pattern&#8221; z_index=&#8221;&#8221; background_image=&#8221;469&#8243; el_class=&#8221;slider-image&#8221;][vc_column][vc_column_text] EQUINIXIN LIIKETOIMINNAN K\u00c4YTT\u00c4YTYMISS\u00c4\u00c4NN\u00d6T [\/vc_column_text][\/vc_column][\/vc_row][vc_row css_animation=&#8221;&#8221; row_type=&#8221;row&#8221; use_row_as_full_screen_section=&#8221;no&#8221; type=&#8221;grid&#8221; angled_section=&#8221;no&#8221; text_align=&#8221;left&#8221; background_image_as_pattern=&#8221;without_pattern&#8221; z_index=&#8221;&#8221; padding_top=&#8221;50&#8243; padding_bottom=&#8221;32&#8243; el_class=&#8221;our-message&#8221;][vc_column width=&#8221;2\/3&#8243;][vc_single_image image=&#8221;1719&#8243; img_size=&#8221;full&#8221; qode_css_animation=&#8221;&#8221;][vc_empty_space height=&#8221;8px&#8221;][vc_column_text] VIESTIMME Hyv\u00e4t kollegat,\u00a0 Me Equinixilla olemme uskomattoman ylpeit\u00e4 onnistuneesta organisaatiosta, jonka olemme yhdess\u00e4 rakentaneet....","og_url":"https:\/\/codeofbusinessconduct.equinix.com\/fi\/","og_site_name":"Equinix Code of Business Conduct","article_modified_time":"2024-11-27T00:51:04+00:00","twitter_card":"summary_large_image","twitter_misc":{"Arvioitu lukuaika":"4 minuuttia"},"schema":{"@context":"https:\/\/schema.org","@graph":[{"@type":"WebPage","@id":"https:\/\/codeofbusinessconduct.equinix.com\/fi\/","url":"https:\/\/codeofbusinessconduct.equinix.com\/fi\/","name":"Homepage - Equinix Code of Business Conduct","isPartOf":{"@id":"https:\/\/cobc-prod.azurewebsites.net\/#website"},"datePublished":"2021-03-10T05:32:20+00:00","dateModified":"2024-11-27T00:51:04+00:00","breadcrumb":{"@id":"https:\/\/codeofbusinessconduct.equinix.com\/fi\/#breadcrumb"},"inLanguage":"fi","potentialAction":[{"@type":"ReadAction","target":["https:\/\/codeofbusinessconduct.equinix.com\/fi\/"]}]},{"@type":"BreadcrumbList","@id":"https:\/\/codeofbusinessconduct.equinix.com\/fi\/#breadcrumb","itemListElement":[{"@type":"ListItem","position":1,"name":"Home","item":"https:\/\/codeofbusinessconduct.equinix.com\/fi\/"},{"@type":"ListItem","position":2,"name":"Homepage"}]},{"@type":"WebSite","@id":"https:\/\/cobc-prod.azurewebsites.net\/#website","url":"https:\/\/cobc-prod.azurewebsites.net\/","name":"Equinix Code of Business Conduct","description":"","potentialAction":[{"@type":"SearchAction","target":{"@type":"EntryPoint","urlTemplate":"https:\/\/cobc-prod.azurewebsites.net\/?s={search_term_string}"},"query-input":{"@type":"PropertyValueSpecification","valueRequired":true,"valueName":"search_term_string"}}],"inLanguage":"fi"}]}},"_links":{"self":[{"href":"https:\/\/codeofbusinessconduct.equinix.com\/fi\/wp-json\/wp\/v2\/pages\/1711","targetHints":{"allow":["GET"]}}],"collection":[{"href":"https:\/\/codeofbusinessconduct.equinix.com\/fi\/wp-json\/wp\/v2\/pages"}],"about":[{"href":"https:\/\/codeofbusinessconduct.equinix.com\/fi\/wp-json\/wp\/v2\/types\/page"}],"author":[{"embeddable":true,"href":"https:\/\/codeofbusinessconduct.equinix.com\/fi\/wp-json\/wp\/v2\/users\/1"}],"replies":[{"embeddable":true,"href":"https:\/\/codeofbusinessconduct.equinix.com\/fi\/wp-json\/wp\/v2\/comments?post=1711"}],"version-history":[{"count":11,"href":"https:\/\/codeofbusinessconduct.equinix.com\/fi\/wp-json\/wp\/v2\/pages\/1711\/revisions"}],"predecessor-version":[{"id":4895,"href":"https:\/\/codeofbusinessconduct.equinix.com\/fi\/wp-json\/wp\/v2\/pages\/1711\/revisions\/4895"}],"wp:attachment":[{"href":"https:\/\/codeofbusinessconduct.equinix.com\/fi\/wp-json\/wp\/v2\/media?parent=1711"}],"curies":[{"name":"wp","href":"https:\/\/api.w.org\/{rel}","templated":true}]}}