{"id":2310,"date":"2021-03-10T06:21:26","date_gmt":"2021-03-10T06:21:26","guid":{"rendered":"https:\/\/codeofbusinessconduct.equinix.com\/our-commitment-to-the-law\/"},"modified":"2025-12-15T13:32:31","modified_gmt":"2025-12-15T13:32:31","slug":"our-commitment-to-the-law","status":"publish","type":"page","link":"https:\/\/codeofbusinessconduct.equinix.com\/es\/our-commitment-to-the-law\/","title":{"rendered":"NUESTRO COMPROMISO ANTE LA LEY"},"content":{"rendered":"<section class=\"wpb-content-wrapper\"><p>[vc_row css_animation=&#8221;&#8221; row_type=&#8221;row&#8221; use_row_as_full_screen_section=&#8221;no&#8221; type=&#8221;full_width&#8221; angled_section=&#8221;no&#8221; text_align=&#8221;left&#8221; background_image_as_pattern=&#8221;without_pattern&#8221;][vc_column][vc_single_image image=&#8221;4097&#8243; img_size=&#8221;full&#8221; qode_css_animation=&#8221;&#8221;][vc_empty_space height=&#8221;8px&#8221;][vc_column_text]<\/p>\n<h3>NUESTRO COMPROMISO ANTE LA LEY<\/h3>\n<div class=\"lead\">Comprender y apegarse a pr\u00e1cticas empresariales legales<\/div>\n<p>[\/vc_column_text][\/vc_column][\/vc_row][vc_row css_animation=&#8221;&#8221; row_type=&#8221;row&#8221; use_row_as_full_screen_section=&#8221;no&#8221; type=&#8221;full_width&#8221; angled_section=&#8221;no&#8221; text_align=&#8221;left&#8221; background_image_as_pattern=&#8221;without_pattern&#8221; z_index=&#8221;&#8221; padding_top=&#8221;32&#8243; padding_bottom=&#8221;40&#8243;][vc_column][vc_single_image image=&#8221;2311&#8243; img_size=&#8221;full&#8221; alignment=&#8221;center&#8221; qode_css_animation=&#8221;&#8221; el_class=&#8221;w-100&#8243;][\/vc_column][\/vc_row][vc_row css_animation=&#8221;&#8221; row_type=&#8221;row&#8221; use_row_as_full_screen_section=&#8221;no&#8221; type=&#8221;full_width&#8221; angled_section=&#8221;no&#8221; text_align=&#8221;left&#8221; background_image_as_pattern=&#8221;without_pattern&#8221; z_index=&#8221;&#8221; anchor=&#8221;Competition_and_fair_dealing&#8221;][vc_column width=&#8221;2\/3&#8243; el_class=&#8221;purpose_values&#8221; css=&#8221;.vc_custom_1615545389684{padding-bottom: 30px !important;}&#8221;][vc_column_text]<strong>Ser una compa\u00f1\u00eda \u00e9tica y honesta tambi\u00e9n significa obedecer la ley.<\/strong> Como compa\u00f1\u00eda global debemos cumplir con las leyes en todos los lugares donde realizamos negocios. Adem\u00e1s, como empleados de Equinix, somos responsables de comprender y cumplir todas las leyes y regulaciones que afecten a nuestro trabajo.<\/p>\n<h4>COMPETENCIA Y TRATO JUSTO<\/h4>\n<p>En Equinix valoramos un mercado libre y abierto e intentamos superar a nuestra competencia de una manera justa y honesta. No buscamos obtener informaci\u00f3n privada de otros, poseer informaci\u00f3n comercial secreta que haya sido obtenida sin el consentimiento del propietario, o pedir a empleados o exempleados de otras compa\u00f1\u00edas que compartan con nosotros informaci\u00f3n privada de las mismas.<\/p>\n<p>Tenemos el compromiso de hacer negocios de manera justa y honesta con todos nuestros proveedores, independientemente del lugar donde se encuentren o del tipo de productos o servicios que proporcionen. Nos involucramos en procesos de adquisici\u00f3n abiertos y justos donde los proveedores son seleccionados de manera competitiva y establecemos una relaci\u00f3n mutuamente ben\u00e9fica basada en la cooperaci\u00f3n cercana y la comunicaci\u00f3n abierta.[\/vc_column_text][vc_empty_space height=&#8221;20px&#8221;][vc_row_inner row_type=&#8221;row&#8221; type=&#8221;full_width&#8221; text_align=&#8221;left&#8221; css_animation=&#8221;&#8221; anchor=&#8221;Daily_privacy&#8221;][vc_column_inner][vc_column_text]<\/p>\n<h4>PRIVACIDAD DE LOS DATOS<\/h4>\n<p>Las leyes y regulaciones sobre la privacidad de los datos pueden ser complejas, y var\u00edan de un pa\u00eds a otro. En Equinix respetamos la confidencialidad de la informaci\u00f3n personal de nuestros empleados, trabajamos para mantener esa informaci\u00f3n privada y hacemos uso de esa informaci\u00f3n personal solamente de una manera razonable y apropiada para los fines de su relaci\u00f3n laboral con Equinix. Se espera que usted siga todas las pol\u00edticas de la compa\u00f1\u00eda en cuanto a la manipulaci\u00f3n y retenci\u00f3n de esta informaci\u00f3n personal. Si tiene preguntas sobre la privacidad de los datos, deber\u00eda contactar con su director de privacidad local.[\/vc_column_text][\/vc_column_inner][\/vc_row_inner][\/vc_column][vc_column width=&#8221;1\/3&#8243; css=&#8221;.vc_custom_1615545397340{padding-bottom: 30px !important;}&#8221;][vc_column_text]<\/p>\n<h4 class=\"exclaimation\">Recuerde:<\/h4>\n<div class=\"lead\">Respete y proteja siempre la informaci\u00f3n confidencial o privada que nuestros proveedores compartan con usted, y h\u00e1gales saber que esperamos que ellos empleen el mismo cuidado con nuestra informaci\u00f3n.<\/div>\n<p>[\/vc_column_text][\/vc_column][\/vc_row][vc_row css_animation=&#8221;&#8221; row_type=&#8221;row&#8221; use_row_as_full_screen_section=&#8221;no&#8221; type=&#8221;full_width&#8221; angled_section=&#8221;no&#8221; text_align=&#8221;left&#8221; background_image_as_pattern=&#8221;without_pattern&#8221; z_index=&#8221;&#8221; anchor=&#8221;Anti-bribery_and_corruption&#8221;][vc_column width=&#8221;1\/2&#8243; el_class=&#8221;purpose_values&#8221; css=&#8221;.vc_custom_1616046403361{padding-bottom: 20px !important;}&#8221;][vc_column_text]<\/p>\n<h4>LEYES ANTISOBORNO Y ANTICORRUPCI\u00d3N<\/h4>\n<p>En Equinix nuestras pr\u00e1cticas empresariales se basan en la honestidad y en la integridad. No ofrecemos ni proporcionamos sobornos ni pagos inapropiados por ning\u00fan motivo.<\/p>\n<p>Como compa\u00f1\u00eda global debemos cumplir con las leyes antisoborno y anticorrupci\u00f3n de los pa\u00edses donde realizamos negocios, incluyendo la Ley estadounidense de pr\u00e1cticas corruptas en el extranjero (FCPA, por sus siglas en ingl\u00e9s) y la Ley antisoborno del Reino Unido. Estas leyes proh\u00edben estrictamente el soborno y la corrupci\u00f3n, especialmente cuando hay funcionarios gubernamentales involucrados. Ning\u00fan empleado, administrador, agente o contratista independiente de Equinix que act\u00fae en nuestro nombre puede ofrecer o proporcionar algo de valor a alguien con el fin de obtener alg\u00fan negocio o recibir alg\u00fan beneficio de manera injusta. Las infracciones pueden exponerlo a usted y a Equinix a fuertes sanciones y da\u00f1ar nuestra reputaci\u00f3n.<\/p>\n<p>Las leyes de Estados Unidos que proh\u00edben el soborno abarcan muchos aspectos, lo cual significa que muchos tipos de obsequios o entretenimiento otorgados a empleados gubernamentales podr\u00edan ser considerados como inapropiados. Por esa raz\u00f3n los empleados no deben otorgar, ofrecer, prometer o autorizar ning\u00fan pago, beneficio u obsequio en forma de dinero o cualquier cosa de valor a un funcionario gubernamental o p\u00fablico, salvo bajo las circunstancias muy limitadas que se indican abajo. Esta regla se aplica tanto si usted mismo otorga el obsequio u otro beneficio como si lo hace a trav\u00e9s de un tercero, como un distribuidor o un contratista independiente.<\/p>\n<p>Esta regla se aplica tanto si est\u00e1 tratando de conseguir un negocio como si busca obtener una ventaja respecto a los dem\u00e1s (como un trato especial y preferente no ofrecido a competidores). Cualquier obsequio o entretenimiento ofrecido a un funcionario gubernamental o p\u00fablico debe cumplir estos criterios espec\u00edficos:[\/vc_column_text][\/vc_column][vc_column width=&#8221;1\/2&#8243; el_class=&#8221;purpose_values&#8221; css=&#8221;.vc_custom_1615545765099{padding-bottom: 20px !important;}&#8221;][vc_single_image image=&#8221;2313&#8243; img_size=&#8221;full&#8221; alignment=&#8221;center&#8221; qode_css_animation=&#8221;&#8221; el_class=&#8221;w-100&#8243;][vc_empty_space height=&#8221;65px&#8221;][vc_column_text]<\/p>\n<ul>\n<li>Cualquier entretenimiento debe ser razonable, de buena fe y directamente relacionado con la promoci\u00f3n, demostraci\u00f3n o explicaci\u00f3n de productos o servicios, o estar vinculado al desempe\u00f1o de un contrato entre Equinix y la entidad gubernamental o p\u00fablica.<\/li>\n<li>Todo obsequio y entretenimiento debe cumplir con todas las pol\u00edticas de Equinix, incluyendo nuestra Pol\u00edtica de viajes y gastos.<\/li>\n<li>Nunca deber\u00eda ofrecer a ning\u00fan funcionario del gobierno ning\u00fan obsequio ni entretenimiento para conseguir una ventaja comercial inadecuada.<\/li>\n<\/ul>\n<p>[\/vc_column_text][\/vc_column][\/vc_row][vc_row css_animation=&#8221;&#8221; row_type=&#8221;row&#8221; use_row_as_full_screen_section=&#8221;no&#8221; type=&#8221;full_width&#8221; angled_section=&#8221;no&#8221; text_align=&#8221;left&#8221; background_image_as_pattern=&#8221;without_pattern&#8221; z_index=&#8221;&#8221;][vc_column width=&#8221;1\/2&#8243; css=&#8221;.vc_custom_1615545826324{padding-bottom: 26px !important;}&#8221;][vc_single_image image=&#8221;2314&#8243; img_size=&#8221;full&#8221; alignment=&#8221;center&#8221; qode_css_animation=&#8221;&#8221; el_class=&#8221;w-100&#8243;][\/vc_column][vc_column width=&#8221;1\/2&#8243; el_class=&#8221;purpose_values&#8221; css=&#8221;.vc_custom_1615545831124{padding-bottom: 26px !important;}&#8221;][vc_column_text]Debe asegurarse de que cualquier obsequio que usted otorgue en relaci\u00f3n con su trabajo sea transparente, est\u00e9 registrado de manera apropiada en nuestros registros corporativos y est\u00e9 permitido bajo nuestra pol\u00edtica. Al notificar el obsequio debe establecer el fin del mismo y la persona a quien se le otorg\u00f3. Si el obsequio es para un funcionario gubernamental, siempre deber\u00eda obtener aprobaci\u00f3n previa por parte de la oficina de cumplimiento normativo.<\/p>\n<p>Si tiene preguntas o necesita orientaci\u00f3n en esta \u00e1rea, p\u00f3ngase en contacto con la directora de cumplimiento normativo de Equinix. Si sospecha o se entera de una infracci\u00f3n de esta pol\u00edtica tiene la responsabilidad de denunciarla inmediatamente.[\/vc_column_text][\/vc_column][\/vc_row][vc_row css_animation=&#8221;&#8221; row_type=&#8221;row&#8221; use_row_as_full_screen_section=&#8221;no&#8221; type=&#8221;full_width&#8221; angled_section=&#8221;no&#8221; text_align=&#8221;left&#8221; background_image_as_pattern=&#8221;without_pattern&#8221; z_index=&#8221;&#8221; anchor=&#8221;Intellectual_property&#8221;][vc_column width=&#8221;2\/3&#8243; el_class=&#8221;purpose_values&#8221;][vc_column_text]<\/p>\n<h4>PROPIEDAD INTELECTUAL<\/h4>\n<p>La propiedad intelectual incluye derechos de autor, patentes, marcas comerciales, secretos comerciales y otras propiedades intangibles. Tomamos medidas activas para proteger y hacer valer nuestros propios derechos de propiedad intelectual, y debemos emplear medidas similares para proteger la propiedad intelectual de terceros. Al compartir nuestra propiedad intelectual con terceros necesitamos asegurarnos de que acepten usar y proteger nuestra propiedad de acuerdo con las pol\u00edticas de Equinix.<\/p>\n<p>Muchos de los materiales que usa cada d\u00eda est\u00e1n protegidos por leyes de derechos de autor, incluyendo software inform\u00e1tico, libros, manuales, recursos en audio y v\u00eddeo, publicaciones profesionales y revistas. Otros ejemplos menos obvios de obras que pueden estar protegidas por derechos de autor incluyen diapositivas de presentaciones, materiales de formaci\u00f3n, modelos de administraci\u00f3n y metodolog\u00edas para resolver problemas. Nunca deber\u00edamos infringir intencionadamente los derechos de propiedad intelectual de otros. Equinix proh\u00edbe estrictamente la reproducci\u00f3n, distribuci\u00f3n o alteraci\u00f3n de cualquier material con derechos de autor sin el permiso del propietario o del agente autorizado. Tambi\u00e9n deber\u00eda asegurarse de no copiar o usar ilegalmente software inform\u00e1tico licenciado por la compa\u00f1\u00eda para fines personales o empresariales.[\/vc_column_text][\/vc_column][vc_column width=&#8221;1\/3&#8243;][\/vc_column][\/vc_row][vc_row css_animation=&#8221;&#8221; row_type=&#8221;row&#8221; use_row_as_full_screen_section=&#8221;no&#8221; type=&#8221;full_width&#8221; angled_section=&#8221;no&#8221; text_align=&#8221;left&#8221; background_image_as_pattern=&#8221;without_pattern&#8221; z_index=&#8221;&#8221; padding_top=&#8221;16&#8243; padding_bottom=&#8221;142&#8243; el_class=&#8221;inside_space&#8221; anchor=&#8221;Inside_information_and_securities_trading&#8221;][vc_column width=&#8221;2\/3&#8243; el_class=&#8221;purpose_values&#8221;][vc_column_text]<\/p>\n<h4>INFORMACI\u00d3N PRIVILEGIADA Y NEGOCIACI\u00d3N DE VALORES<\/h4>\n<p>No debe comprar o vender acciones de Equinix si posee alguna &#8220;informaci\u00f3n de importancia sustancial&#8221; sobre la compa\u00f1\u00eda que no haya sido divulgada de manera p\u00fablica (tambi\u00e9n conocida como &#8220;informaci\u00f3n privilegiada&#8221;). De igual forma, si se entera de alguna informaci\u00f3n privilegiada sobre otras compa\u00f1\u00edas, como clientes o proveedores, no debe adquirir o vender valores de dicha compa\u00f1\u00eda. Si comparte o revela informaci\u00f3n privilegiada a un tercero que luego negocie bas\u00e1ndose en esa informaci\u00f3n, usted ser\u00e1 responsable de la negociaci\u00f3n ilegal. Tambi\u00e9n puede ser responsable de negociaciones hechas por alguien m\u00e1s debido a informaci\u00f3n confidencial que usted haya compartido con una parte externa, incluyendo familiares y amigos. Si comparte informaci\u00f3n privilegiada que incite a un familiar o amigo a comprar o vender acciones de Equinix ser\u00e1 responsable penalmente como &#8220;informante&#8221; bajo las leyes federales de valores.<\/p>\n<p>Equinix considera inapropiado que los empleados o socios de Equinix realicen transacciones a corto plazo o especulativas con valores de Equinix u otras transacciones con valores de Equinix que puedan ocasionar infracciones involuntarias de las leyes sobre el tr\u00e1fico de informaci\u00f3n privilegiada. Por consiguiente, su negociaci\u00f3n con valores de Equinix estar\u00e1 sujeta a directrices adicionales, como se describe con mayor detalle en la Pol\u00edtica de negociaci\u00f3n de valores de Equinix.<\/p>\n<p>Para asegurarse de que est\u00e1 cumpliendo con las leyes sobre el tr\u00e1fico de informaci\u00f3n privilegiada, consulte la Pol\u00edtica de negociaci\u00f3n de valores de Equinix. Si tiene preguntas deber\u00eda contactar a la oficina de cumplimiento normativo.[\/vc_column_text][vc_empty_space height=&#8221;24px&#8221;]<a class=\"recom-read-link\" href=\"\/es\/additional-resources\/#recommended_readings\" target=\"_self\"><div class=\"recommend_book\"><div class=\"recommend_icon\"><img decoding=\"async\" src=\"https:\/\/codeofbusinessconduct.equinix.com\/wp-content\/uploads\/2021\/03\/recommend_book.svg\" \/><\/div><div class=\"recommend_content\"><h4>LECTURA RECOMENDADA:<br>POL\u00cdTICA DE NEGOCIACI\u00d3N DE VALORES DE EQUINIX<\/h4><\/div><\/div><\/a>[\/vc_column][vc_column width=&#8221;1\/3&#8243; css=&#8221;.vc_custom_1615790628304{padding-top: 35px !important;}&#8221;][vc_column_text]<\/p>\n<h4 class=\"exclaimation\">Recuerde:<\/h4>\n<div class=\"lead\">Informaci\u00f3n privilegiada es informaci\u00f3n confidencial que, de hacerse p\u00fablica, podr\u00eda influir en la decisi\u00f3n de un inversor en cuanto a comprar, vender o conservar valores de Equinix.<\/div>\n<p>[\/vc_column_text][\/vc_column][\/vc_row]<\/p>\n<\/section>","protected":false},"excerpt":{"rendered":"<p>[vc_row css_animation=&#8221;&#8221; row_type=&#8221;row&#8221; use_row_as_full_screen_section=&#8221;no&#8221; type=&#8221;full_width&#8221; angled_section=&#8221;no&#8221; text_align=&#8221;left&#8221; background_image_as_pattern=&#8221;without_pattern&#8221;][vc_column][vc_single_image image=&#8221;4097&#8243; img_size=&#8221;full&#8221; qode_css_animation=&#8221;&#8221;][vc_empty_space height=&#8221;8px&#8221;][vc_column_text] NUESTRO COMPROMISO ANTE LA LEY Comprender y apegarse a pr\u00e1cticas empresariales legales [\/vc_column_text][\/vc_column][\/vc_row][vc_row css_animation=&#8221;&#8221; row_type=&#8221;row&#8221; use_row_as_full_screen_section=&#8221;no&#8221; type=&#8221;full_width&#8221; angled_section=&#8221;no&#8221; text_align=&#8221;left&#8221; background_image_as_pattern=&#8221;without_pattern&#8221; z_index=&#8221;&#8221; padding_top=&#8221;32&#8243; padding_bottom=&#8221;40&#8243;][vc_column][vc_single_image image=&#8221;2311&#8243; img_size=&#8221;full&#8221; alignment=&#8221;center&#8221; qode_css_animation=&#8221;&#8221; el_class=&#8221;w-100&#8243;][\/vc_column][\/vc_row][vc_row css_animation=&#8221;&#8221; row_type=&#8221;row&#8221; use_row_as_full_screen_section=&#8221;no&#8221; type=&#8221;full_width&#8221; angled_section=&#8221;no&#8221;&#8230;<\/p>\n","protected":false},"author":1,"featured_media":0,"parent":0,"menu_order":0,"comment_status":"closed","ping_status":"closed","template":"","meta":{"inline_featured_image":false,"footnotes":""},"class_list":["post-2310","page","type-page","status-publish","hentry"],"yoast_head":"<!-- This site is optimized with the Yoast SEO plugin v25.8 - https:\/\/yoast.com\/wordpress\/plugins\/seo\/ -->\n<title>NUESTRO COMPROMISO ANTE LA LEY - Equinix Code of Business Conduct<\/title>\n<meta name=\"robots\" content=\"index, follow, max-snippet:-1, max-image-preview:large, max-video-preview:-1\" \/>\n<link rel=\"canonical\" href=\"https:\/\/169.254.129.2\/our-commitment-to-the-law\/\" \/>\n<meta property=\"og:locale\" content=\"es_ES\" \/>\n<meta property=\"og:type\" content=\"article\" \/>\n<meta property=\"og:title\" content=\"NUESTRO COMPROMISO ANTE LA LEY - Equinix Code of Business Conduct\" \/>\n<meta property=\"og:description\" content=\"[vc_row css_animation=&#8221;&#8221; row_type=&#8221;row&#8221; use_row_as_full_screen_section=&#8221;no&#8221; type=&#8221;full_width&#8221; angled_section=&#8221;no&#8221; text_align=&#8221;left&#8221; background_image_as_pattern=&#8221;without_pattern&#8221;][vc_column][vc_single_image image=&#8221;4097&#8243; img_size=&#8221;full&#8221; qode_css_animation=&#8221;&#8221;][vc_empty_space height=&#8221;8px&#8221;][vc_column_text] NUESTRO COMPROMISO ANTE LA LEY Comprender y apegarse a pr\u00e1cticas empresariales legales [\/vc_column_text][\/vc_column][\/vc_row][vc_row css_animation=&#8221;&#8221; row_type=&#8221;row&#8221; use_row_as_full_screen_section=&#8221;no&#8221; type=&#8221;full_width&#8221; angled_section=&#8221;no&#8221; text_align=&#8221;left&#8221; background_image_as_pattern=&#8221;without_pattern&#8221; z_index=&#8221;&#8221; padding_top=&#8221;32&#8243; padding_bottom=&#8221;40&#8243;][vc_column][vc_single_image image=&#8221;2311&#8243; img_size=&#8221;full&#8221; alignment=&#8221;center&#8221; qode_css_animation=&#8221;&#8221; el_class=&#8221;w-100&#8243;][\/vc_column][\/vc_row][vc_row css_animation=&#8221;&#8221; row_type=&#8221;row&#8221; use_row_as_full_screen_section=&#8221;no&#8221; type=&#8221;full_width&#8221; angled_section=&#8221;no&#8221;...\" \/>\n<meta property=\"og:url\" content=\"https:\/\/169.254.129.2\/our-commitment-to-the-law\/\" \/>\n<meta property=\"og:site_name\" content=\"Equinix Code of Business Conduct\" \/>\n<meta property=\"article:modified_time\" content=\"2025-12-15T13:32:31+00:00\" \/>\n<meta name=\"twitter:card\" content=\"summary_large_image\" \/>\n<meta name=\"twitter:label1\" content=\"Tiempo de lectura\" \/>\n\t<meta name=\"twitter:data1\" content=\"7 minutos\" \/>\n<script type=\"application\/ld+json\" class=\"yoast-schema-graph\">{\"@context\":\"https:\/\/schema.org\",\"@graph\":[{\"@type\":\"WebPage\",\"@id\":\"https:\/\/169.254.129.2\/our-commitment-to-the-law\/\",\"url\":\"https:\/\/169.254.129.2\/our-commitment-to-the-law\/\",\"name\":\"NUESTRO COMPROMISO ANTE LA LEY - Equinix Code of Business Conduct\",\"isPartOf\":{\"@id\":\"https:\/\/cobc-prod.azurewebsites.net\/#website\"},\"datePublished\":\"2021-03-10T06:21:26+00:00\",\"dateModified\":\"2025-12-15T13:32:31+00:00\",\"breadcrumb\":{\"@id\":\"https:\/\/169.254.129.2\/our-commitment-to-the-law\/#breadcrumb\"},\"inLanguage\":\"es\",\"potentialAction\":[{\"@type\":\"ReadAction\",\"target\":[\"https:\/\/169.254.129.2\/our-commitment-to-the-law\/\"]}]},{\"@type\":\"BreadcrumbList\",\"@id\":\"https:\/\/169.254.129.2\/our-commitment-to-the-law\/#breadcrumb\",\"itemListElement\":[{\"@type\":\"ListItem\",\"position\":1,\"name\":\"Home\",\"item\":\"https:\/\/codeofbusinessconduct.equinix.com\/es\/\"},{\"@type\":\"ListItem\",\"position\":2,\"name\":\"NUESTRO COMPROMISO ANTE LA LEY\"}]},{\"@type\":\"WebSite\",\"@id\":\"https:\/\/cobc-prod.azurewebsites.net\/#website\",\"url\":\"https:\/\/cobc-prod.azurewebsites.net\/\",\"name\":\"Equinix Code of Business Conduct\",\"description\":\"\",\"potentialAction\":[{\"@type\":\"SearchAction\",\"target\":{\"@type\":\"EntryPoint\",\"urlTemplate\":\"https:\/\/cobc-prod.azurewebsites.net\/?s={search_term_string}\"},\"query-input\":{\"@type\":\"PropertyValueSpecification\",\"valueRequired\":true,\"valueName\":\"search_term_string\"}}],\"inLanguage\":\"es\"}]}<\/script>\n<!-- \/ Yoast SEO plugin. -->","yoast_head_json":{"title":"NUESTRO COMPROMISO ANTE LA LEY - Equinix Code of Business Conduct","robots":{"index":"index","follow":"follow","max-snippet":"max-snippet:-1","max-image-preview":"max-image-preview:large","max-video-preview":"max-video-preview:-1"},"canonical":"https:\/\/169.254.129.2\/our-commitment-to-the-law\/","og_locale":"es_ES","og_type":"article","og_title":"NUESTRO COMPROMISO ANTE LA LEY - Equinix Code of Business Conduct","og_description":"[vc_row css_animation=&#8221;&#8221; row_type=&#8221;row&#8221; use_row_as_full_screen_section=&#8221;no&#8221; type=&#8221;full_width&#8221; angled_section=&#8221;no&#8221; text_align=&#8221;left&#8221; background_image_as_pattern=&#8221;without_pattern&#8221;][vc_column][vc_single_image image=&#8221;4097&#8243; img_size=&#8221;full&#8221; qode_css_animation=&#8221;&#8221;][vc_empty_space height=&#8221;8px&#8221;][vc_column_text] NUESTRO COMPROMISO ANTE LA LEY Comprender y apegarse a pr\u00e1cticas empresariales legales [\/vc_column_text][\/vc_column][\/vc_row][vc_row css_animation=&#8221;&#8221; row_type=&#8221;row&#8221; use_row_as_full_screen_section=&#8221;no&#8221; type=&#8221;full_width&#8221; angled_section=&#8221;no&#8221; text_align=&#8221;left&#8221; background_image_as_pattern=&#8221;without_pattern&#8221; z_index=&#8221;&#8221; padding_top=&#8221;32&#8243; padding_bottom=&#8221;40&#8243;][vc_column][vc_single_image image=&#8221;2311&#8243; img_size=&#8221;full&#8221; alignment=&#8221;center&#8221; qode_css_animation=&#8221;&#8221; el_class=&#8221;w-100&#8243;][\/vc_column][\/vc_row][vc_row css_animation=&#8221;&#8221; row_type=&#8221;row&#8221; use_row_as_full_screen_section=&#8221;no&#8221; type=&#8221;full_width&#8221; angled_section=&#8221;no&#8221;...","og_url":"https:\/\/169.254.129.2\/our-commitment-to-the-law\/","og_site_name":"Equinix Code of Business Conduct","article_modified_time":"2025-12-15T13:32:31+00:00","twitter_card":"summary_large_image","twitter_misc":{"Tiempo de lectura":"7 minutos"},"schema":{"@context":"https:\/\/schema.org","@graph":[{"@type":"WebPage","@id":"https:\/\/169.254.129.2\/our-commitment-to-the-law\/","url":"https:\/\/169.254.129.2\/our-commitment-to-the-law\/","name":"NUESTRO COMPROMISO ANTE LA LEY - Equinix Code of Business Conduct","isPartOf":{"@id":"https:\/\/cobc-prod.azurewebsites.net\/#website"},"datePublished":"2021-03-10T06:21:26+00:00","dateModified":"2025-12-15T13:32:31+00:00","breadcrumb":{"@id":"https:\/\/169.254.129.2\/our-commitment-to-the-law\/#breadcrumb"},"inLanguage":"es","potentialAction":[{"@type":"ReadAction","target":["https:\/\/169.254.129.2\/our-commitment-to-the-law\/"]}]},{"@type":"BreadcrumbList","@id":"https:\/\/169.254.129.2\/our-commitment-to-the-law\/#breadcrumb","itemListElement":[{"@type":"ListItem","position":1,"name":"Home","item":"https:\/\/codeofbusinessconduct.equinix.com\/es\/"},{"@type":"ListItem","position":2,"name":"NUESTRO COMPROMISO ANTE LA LEY"}]},{"@type":"WebSite","@id":"https:\/\/cobc-prod.azurewebsites.net\/#website","url":"https:\/\/cobc-prod.azurewebsites.net\/","name":"Equinix Code of Business Conduct","description":"","potentialAction":[{"@type":"SearchAction","target":{"@type":"EntryPoint","urlTemplate":"https:\/\/cobc-prod.azurewebsites.net\/?s={search_term_string}"},"query-input":{"@type":"PropertyValueSpecification","valueRequired":true,"valueName":"search_term_string"}}],"inLanguage":"es"}]}},"_links":{"self":[{"href":"https:\/\/codeofbusinessconduct.equinix.com\/es\/wp-json\/wp\/v2\/pages\/2310","targetHints":{"allow":["GET"]}}],"collection":[{"href":"https:\/\/codeofbusinessconduct.equinix.com\/es\/wp-json\/wp\/v2\/pages"}],"about":[{"href":"https:\/\/codeofbusinessconduct.equinix.com\/es\/wp-json\/wp\/v2\/types\/page"}],"author":[{"embeddable":true,"href":"https:\/\/codeofbusinessconduct.equinix.com\/es\/wp-json\/wp\/v2\/users\/1"}],"replies":[{"embeddable":true,"href":"https:\/\/codeofbusinessconduct.equinix.com\/es\/wp-json\/wp\/v2\/comments?post=2310"}],"version-history":[{"count":20,"href":"https:\/\/codeofbusinessconduct.equinix.com\/es\/wp-json\/wp\/v2\/pages\/2310\/revisions"}],"predecessor-version":[{"id":5340,"href":"https:\/\/codeofbusinessconduct.equinix.com\/es\/wp-json\/wp\/v2\/pages\/2310\/revisions\/5340"}],"wp:attachment":[{"href":"https:\/\/codeofbusinessconduct.equinix.com\/es\/wp-json\/wp\/v2\/media?parent=2310"}],"curies":[{"name":"wp","href":"https:\/\/api.w.org\/{rel}","templated":true}]}}