{"id":2464,"date":"2021-03-10T06:22:20","date_gmt":"2021-03-10T06:22:20","guid":{"rendered":"https:\/\/codeofbusinessconduct.equinix.com\/additional-resources\/"},"modified":"2022-04-12T16:28:26","modified_gmt":"2022-04-12T16:28:26","slug":"additional-resources","status":"publish","type":"page","link":"https:\/\/codeofbusinessconduct.equinix.com\/es-la\/additional-resources\/","title":{"rendered":"RECURSOS ADICIONALES"},"content":{"rendered":"<section class=\"wpb-content-wrapper\"><p>[vc_row css_animation=&#8221;&#8221; row_type=&#8221;row&#8221; use_row_as_full_screen_section=&#8221;no&#8221; type=&#8221;full_width&#8221; angled_section=&#8221;no&#8221; text_align=&#8221;left&#8221; background_image_as_pattern=&#8221;without_pattern&#8221;][vc_column][vc_single_image image=&#8221;2468&#8243; img_size=&#8221;full&#8221; qode_css_animation=&#8221;&#8221;][vc_empty_space height=&#8221;8px&#8221;][vc_column_text]<\/p>\n<h3>RECURSOS ADICIONALES<\/h3>\n<div class=\"lead\">Nos ayudan a comprender y a adoptar nuestro c\u00f3digo, pol\u00edticas y normas<\/div>\n<p>[\/vc_column_text][\/vc_column][\/vc_row][vc_row css_animation=&#8221;&#8221; row_type=&#8221;row&#8221; use_row_as_full_screen_section=&#8221;no&#8221; type=&#8221;full_width&#8221; angled_section=&#8221;no&#8221; text_align=&#8221;left&#8221; background_image_as_pattern=&#8221;without_pattern&#8221; z_index=&#8221;&#8221; padding_top=&#8221;30&#8243; padding_bottom=&#8221;20&#8243;][vc_column width=&#8221;1\/4&#8243; css=&#8221;.vc_custom_1615550437479{padding-bottom: 20px !important;}&#8221;][vc_single_image image=&#8221;2470&#8243; img_size=&#8221;full&#8221; alignment=&#8221;center&#8221; qode_css_animation=&#8221;&#8221;][\/vc_column][vc_column width=&#8221;3\/4&#8243; el_class=&#8221;purpose_values&#8221; css=&#8221;.vc_custom_1615550431216{padding-bottom: 20px !important;}&#8221;][vc_column_text]<\/p>\n<h4>NOTA DE NUESTRA DIRECTORA DE CUMPLIMIENTO NORMATIVO<\/h4>\n<p>Equinix est\u00e1 absolutamente comprometida con unas pr\u00e1cticas empresariales honestas y \u00e9ticas, y este compromiso impulsa y conforma todas las normas y pol\u00edticas del c\u00f3digo de conducta empresarial deEquinix.<\/p>\n<p>Como empleados de Equinix, somos responsables de actuar de manera \u00e9tica y honesta en todas nuestras negociaciones empresariales, lo cual incluye la comprensi\u00f3n de las normas y pol\u00edticas de nuestro c\u00f3digo, su seguimiento y el reporte de inquietudes y violaciones cuando seamos testigos dealguna de ellas. Trabajando juntos, hacemos de Equinix un modelo de honestidad e integridad, y creamos un lugar de trabajo \u00e9tico del cual podemos enorgullecernos.<\/p>\n<p>Equinix cuenta con varias herramientas y recursos que le ayudar\u00e1n a buscar orientaci\u00f3n y reportar problemas. Por favor, utilice el m\u00e9todo con el cual se sienta m\u00e1s c\u00f3modo.<\/p>\n<p>Tambi\u00e9n pueden contactarme directamente en <a href=\"mailto:mwellman@equinix.com\">mwellman@equinix.com<\/a>[\/vc_column_text][vc_empty_space height=&#8221;20px&#8221;][vc_single_image image=&#8221;2467&#8243; img_size=&#8221;full&#8221; qode_css_animation=&#8221;&#8221;][vc_empty_space height=&#8221;20px&#8221;][vc_column_text el_class=&#8221;team_header&#8221;]<strong>Mary Anne Wellman<\/strong><br \/>\nVicepresidenta, Directora general de asuntos<br \/>\nlegales y cumplimiento normativo[\/vc_column_text][\/vc_column][\/vc_row][vc_row css_animation=&#8221;&#8221; row_type=&#8221;row&#8221; use_row_as_full_screen_section=&#8221;no&#8221; type=&#8221;full_width&#8221; angled_section=&#8221;no&#8221; text_align=&#8221;left&#8221; background_image_as_pattern=&#8221;without_pattern&#8221; z_index=&#8221;&#8221; padding_bottom=&#8221;140&#8243; el_class=&#8221;addition_resource addition_space&#8221; anchor=&#8221;recommended_readings&#8221;][vc_column width=&#8221;1\/2&#8243; el_class=&#8221;purpose_values&#8221; css=&#8221;.vc_custom_1615786880429{padding-bottom: 40px !important;}&#8221;][vc_column_text]<\/p>\n<h4>REPORTAR PROBLEMAS O VIOLACIONES<\/h4>\n<p>Utilice cualquiera de las siguientes opciones para reportar un problema o inquietud en cuanto al cumplimiento normativo:<\/p>\n<p>L\u00ednea de reporte de cumplimiento normative: <a href=\"https:\/\/secure.ethicspoint.com\/domain\/media\/en\/gui\/54104\/index.html\">www.equinix.ethicspoint.com<\/a>[\/vc_column_text][vc_empty_space height=&#8221;25px&#8221;][vc_column_text]<\/p>\n<h4>RENUNCIAS AL C\u00d3DIGO DE CONDUCTA EMPRESARIAL<\/h4>\n<p><a href=\"https:\/\/secure.ethicspoint.com\/domain\/media\/en\/gui\/54104\/index.html\" target=\"_blank\" rel=\"noopener\">www.equinix.ethicspoint.com<\/a>[\/vc_column_text][vc_empty_space height=&#8221;30px&#8221;][vc_column_text]<\/p>\n<h4>INVESTIGACIONES<\/h4>\n<p>Para investigaciones sobre recursos humanos, contacte a:<\/p>\n<ul>\n<li>Su representante de recursos humanos local<\/li>\n<li><a href=\"mailto:HRDirect@equinix.com\">HRDirect@equinix.com<\/a><\/li>\n<\/ul>\n<p>[\/vc_column_text][vc_empty_space height=&#8221;20px&#8221;][vc_column_text]<\/p>\n<h5>Para investigaciones jur\u00eddicas, contacte a:<\/h5>\n<ul>\n<li>La directora de cumplimiento normativo de Equinix<\/li>\n<li>Su vicepresidente local de asuntos jur\u00eddicos en Am\u00e9rica, Asia Pac\u00edficoo Europa, Medio Oriente y \u00c1frica<\/li>\n<li>La directora de asuntos jur\u00eddicos y consejera general<\/li>\n<\/ul>\n<h5>Para informaci\u00f3n sobre investigacionesde seguridad, contacte a:<\/h5>\n<ul>\n<li>El equipo global de seguridad de la informaci\u00f3n &#8211; <a href=\"mailto:infosec@equinix.com\">infosec@equinix.com<\/a><\/li>\n<li>El director de seguridad de la informaci\u00f3n<\/li>\n<\/ul>\n<p>[\/vc_column_text][vc_empty_space height=&#8221;15px&#8221;][vc_column_text]Para investigaciones sobre contribuciones de caridad, contacte a:<br \/>\n<a href=\"mailto:EquinixImpact@equinix.com\">EquinixImpact@equinix.com<\/a>[\/vc_column_text][\/vc_column][vc_column width=&#8221;1\/2&#8243; el_class=&#8221;purpose_values&#8221; css=&#8221;.vc_custom_1615786886049{padding-bottom: 40px !important;}&#8221;][vc_single_image image=&#8221;2469&#8243; img_size=&#8221;full&#8221; qode_css_animation=&#8221;&#8221; el_class=&#8221;w-100&#8243;][vc_empty_space height=&#8221;20px&#8221;][vc_column_text]<\/p>\n<h4>POL\u00cdTICAS RELACIONADAS Y LECTURAS RECOMENDADAS<\/h4>\n<ul>\n<li><a href=\"https:\/\/brand.equinix.com\/\" target=\"_blank\" rel=\"noopener\">Normas de la marca<\/a><\/li>\n<li><a href=\"https:\/\/intranet.equinix.com\/_layouts\/15\/WopiFrame.aspx?sourcedoc=%7B8A724243-E01D-42F1-A66D-FCAEBB5F61D0%7D&amp;file=Whistleblower%20Policy%20-%20English%20Language%20Version.pdf&amp;action=default\" target=\"_blank\" rel=\"noopener\">Whistleblower Protection Policy<\/a><\/li>\n<\/ul>\n<p>[\/vc_column_text][vc_empty_space height=&#8221;20px&#8221;]\n        <div class=\"resources_login\">\n            <p>Los archivos a continuaci\u00f3n est\u00e1n restringidos a los empleados de Equinix. El acceso a dispositivos m\u00f3viles tambi\u00e9n puede estar restringido. Visite el Centro a trav\u00e9s de una computadora de escritorio o port\u00e1til proporcionada por la empresa para acceder a los enlaces adicionales a continuaci\u00f3n.<\/p>\n            <div class=\"resouce_btn\">\n                <a href=\"https:\/\/codeofbusinessconduct.equinix.com\/?option=saml_user_login&redirect_to=https%3A%2F%2Fcodeofbusinessconduct.equinix.com%2Fadditional-resources%2F\">Acceso<\/a>\n                <a href=\"https:\/\/intranet.equinix.com\/Pages\/Home.aspx\" target=\"_self\">ir al centro<\/a>\n            <\/div>\n        <\/div>\n        <div class=\"log_list disabled dlog\"><\/p>\n<ul>\n<li><a href=\"https:\/\/myhresc.equinix.com\/hr?id=kb_article&amp;sys_id=6fe06838db6f9c508228ecfc139619a0\" rel=\"noopener\">Manuales globales para empleados de Equinix<\/a><\/li>\n<li><a href=\"http:\/\/intranet.equinix.com\/Pages\/IT\/Architecture-and-Information-Security.aspx\" rel=\"noopener\">Pol\u00edticas globales de seguridad de TI<\/a><\/li>\n<li><a href=\"http:\/\/intranet.equinix.com\/Company\/Equinix%20Impact\/Equinix%20Global%20Giving%20Policy.PDF\" rel=\"noopener\">Pol\u00edtica global de donaciones e igualaciones<\/a><\/li>\n<li><a href=\"http:\/\/gpl.corp.equinix.com\/_layouts\/15\/WopiFrame2.aspx?sourcedoc=%7B37191409-028B-478D-94A6-FE812245455F%7D&amp;file=gpl_pol_gen_oth10455.pdf&amp;action=default&amp;DefaultItemOpen=1\" rel=\"noopener\">Pol\u00edtica global de administraci\u00f3n de registros<\/a><\/li>\n<li><a href=\"http:\/\/gpl.corp.equinix.com\/_layouts\/15\/WopiFrame2.aspx?sourcedoc=%7BB2B034D5-C537-469B-A6A6-6CBF36A07730%7D&amp;file=GPL_REF_Man_Man3578.docx&amp;action=default&amp;DefaultItemOpen=1\" rel=\"noopener\">Normas globales sobre medios sociales<\/a><\/li>\n<li><a href=\"http:\/\/intranet.equinix.com\/Company\/Equinix%20Impact\/Equinix%20Matching%20Gifts%20Program%20Policy.PDF\" rel=\"noopener\">Pol\u00edtica de Igualaci\u00f3n de obsequios<\/a><\/li>\n<li><a href=\"https:\/\/intranet.equinix.com\/Legal\/Governance\/Securities%20Trading%20Policy%20-%20English%20Language%20Version.pdf\" rel=\"noopener\">Pol\u00edtica de negociaci\u00f3n de valores (es decir, &#8220;Pol\u00edtica sobre el tr\u00e1fico de informaci\u00f3n privilegiada\u201d)<\/a><\/li>\n<li><a href=\"http:\/\/gpl.corp.equinix.com\/_layouts\/15\/WopiFrame2.aspx?sourcedoc=%7B58AA8EBC-23EA-4FEB-B47D-D53F84AC786B%7D&amp;file=GPL_POL_Gen_Oth12021.pdf&amp;action=default&amp;DefaultItemOpen=1\" rel=\"noopener\">Pol\u00edtica de viajes y gastos (es decir, Pol\u00edtica de V y G)<\/a><\/li>\n<\/ul>\n<p><\/div>[vc_empty_space height=&#8221;26px&#8221;][vc_column_text][\/vc_column_text][vc_column_text][\/vc_column_text][\/vc_column][\/vc_row]<\/p>\n<\/section>","protected":false},"excerpt":{"rendered":"<p>[vc_row css_animation=&#8221;&#8221; row_type=&#8221;row&#8221; use_row_as_full_screen_section=&#8221;no&#8221; type=&#8221;full_width&#8221; angled_section=&#8221;no&#8221; text_align=&#8221;left&#8221; background_image_as_pattern=&#8221;without_pattern&#8221;][vc_column][vc_single_image image=&#8221;2468&#8243; img_size=&#8221;full&#8221; qode_css_animation=&#8221;&#8221;][vc_empty_space height=&#8221;8px&#8221;][vc_column_text] RECURSOS ADICIONALES Nos ayudan a comprender y a adoptar nuestro c\u00f3digo, pol\u00edticas y normas [\/vc_column_text][\/vc_column][\/vc_row][vc_row css_animation=&#8221;&#8221; row_type=&#8221;row&#8221; use_row_as_full_screen_section=&#8221;no&#8221; type=&#8221;full_width&#8221; angled_section=&#8221;no&#8221; text_align=&#8221;left&#8221; background_image_as_pattern=&#8221;without_pattern&#8221; z_index=&#8221;&#8221; padding_top=&#8221;30&#8243; padding_bottom=&#8221;20&#8243;][vc_column width=&#8221;1\/4&#8243; css=&#8221;.vc_custom_1615550437479{padding-bottom: 20px !important;}&#8221;][vc_single_image image=&#8221;2470&#8243; img_size=&#8221;full&#8221; alignment=&#8221;center&#8221; qode_css_animation=&#8221;&#8221;][\/vc_column][vc_column&#8230;<\/p>\n","protected":false},"author":1,"featured_media":0,"parent":0,"menu_order":8,"comment_status":"closed","ping_status":"closed","template":"","meta":{"inline_featured_image":false,"footnotes":""},"class_list":["post-2464","page","type-page","status-publish","hentry"],"yoast_head":"<!-- This site is optimized with the Yoast SEO plugin v25.8 - https:\/\/yoast.com\/wordpress\/plugins\/seo\/ -->\n<title>RECURSOS ADICIONALES - Equinix Code of Business Conduct<\/title>\n<meta name=\"robots\" content=\"index, follow, max-snippet:-1, max-image-preview:large, max-video-preview:-1\" \/>\n<link rel=\"canonical\" href=\"https:\/\/169.254.129.2\/additional-resources\/\" \/>\n<meta property=\"og:locale\" content=\"es_LA\" \/>\n<meta property=\"og:type\" content=\"article\" \/>\n<meta property=\"og:title\" content=\"RECURSOS ADICIONALES - Equinix Code of Business Conduct\" \/>\n<meta property=\"og:description\" content=\"[vc_row css_animation=&#8221;&#8221; row_type=&#8221;row&#8221; use_row_as_full_screen_section=&#8221;no&#8221; type=&#8221;full_width&#8221; angled_section=&#8221;no&#8221; text_align=&#8221;left&#8221; background_image_as_pattern=&#8221;without_pattern&#8221;][vc_column][vc_single_image image=&#8221;2468&#8243; img_size=&#8221;full&#8221; qode_css_animation=&#8221;&#8221;][vc_empty_space height=&#8221;8px&#8221;][vc_column_text] RECURSOS ADICIONALES Nos ayudan a comprender y a adoptar nuestro c\u00f3digo, pol\u00edticas y normas [\/vc_column_text][\/vc_column][\/vc_row][vc_row css_animation=&#8221;&#8221; row_type=&#8221;row&#8221; use_row_as_full_screen_section=&#8221;no&#8221; type=&#8221;full_width&#8221; angled_section=&#8221;no&#8221; text_align=&#8221;left&#8221; background_image_as_pattern=&#8221;without_pattern&#8221; z_index=&#8221;&#8221; padding_top=&#8221;30&#8243; padding_bottom=&#8221;20&#8243;][vc_column width=&#8221;1\/4&#8243; css=&#8221;.vc_custom_1615550437479{padding-bottom: 20px !important;}&#8221;][vc_single_image image=&#8221;2470&#8243; img_size=&#8221;full&#8221; alignment=&#8221;center&#8221; qode_css_animation=&#8221;&#8221;][\/vc_column][vc_column...\" \/>\n<meta property=\"og:url\" content=\"https:\/\/169.254.129.2\/additional-resources\/\" \/>\n<meta property=\"og:site_name\" content=\"Equinix Code of Business Conduct\" \/>\n<meta property=\"article:modified_time\" content=\"2022-04-12T16:28:26+00:00\" \/>\n<meta name=\"twitter:card\" content=\"summary_large_image\" \/>\n<meta name=\"twitter:label1\" content=\"Est. reading time\" \/>\n\t<meta name=\"twitter:data1\" content=\"4 minutes\" \/>\n<script type=\"application\/ld+json\" class=\"yoast-schema-graph\">{\"@context\":\"https:\/\/schema.org\",\"@graph\":[{\"@type\":\"WebPage\",\"@id\":\"https:\/\/169.254.129.2\/additional-resources\/\",\"url\":\"https:\/\/169.254.129.2\/additional-resources\/\",\"name\":\"RECURSOS ADICIONALES - Equinix Code of Business Conduct\",\"isPartOf\":{\"@id\":\"https:\/\/cobc-prod.azurewebsites.net\/#website\"},\"datePublished\":\"2021-03-10T06:22:20+00:00\",\"dateModified\":\"2022-04-12T16:28:26+00:00\",\"breadcrumb\":{\"@id\":\"https:\/\/169.254.129.2\/additional-resources\/#breadcrumb\"},\"inLanguage\":\"es-LA\",\"potentialAction\":[{\"@type\":\"ReadAction\",\"target\":[\"https:\/\/169.254.129.2\/additional-resources\/\"]}]},{\"@type\":\"BreadcrumbList\",\"@id\":\"https:\/\/169.254.129.2\/additional-resources\/#breadcrumb\",\"itemListElement\":[{\"@type\":\"ListItem\",\"position\":1,\"name\":\"Home\",\"item\":\"https:\/\/codeofbusinessconduct.equinix.com\/es-la\/\"},{\"@type\":\"ListItem\",\"position\":2,\"name\":\"RECURSOS ADICIONALES\"}]},{\"@type\":\"WebSite\",\"@id\":\"https:\/\/cobc-prod.azurewebsites.net\/#website\",\"url\":\"https:\/\/cobc-prod.azurewebsites.net\/\",\"name\":\"Equinix Code of Business Conduct\",\"description\":\"\",\"potentialAction\":[{\"@type\":\"SearchAction\",\"target\":{\"@type\":\"EntryPoint\",\"urlTemplate\":\"https:\/\/cobc-prod.azurewebsites.net\/?s={search_term_string}\"},\"query-input\":{\"@type\":\"PropertyValueSpecification\",\"valueRequired\":true,\"valueName\":\"search_term_string\"}}],\"inLanguage\":\"es-LA\"}]}<\/script>\n<!-- \/ Yoast SEO plugin. -->","yoast_head_json":{"title":"RECURSOS ADICIONALES - Equinix Code of Business Conduct","robots":{"index":"index","follow":"follow","max-snippet":"max-snippet:-1","max-image-preview":"max-image-preview:large","max-video-preview":"max-video-preview:-1"},"canonical":"https:\/\/169.254.129.2\/additional-resources\/","og_locale":"es_LA","og_type":"article","og_title":"RECURSOS ADICIONALES - Equinix Code of Business Conduct","og_description":"[vc_row css_animation=&#8221;&#8221; row_type=&#8221;row&#8221; use_row_as_full_screen_section=&#8221;no&#8221; type=&#8221;full_width&#8221; angled_section=&#8221;no&#8221; text_align=&#8221;left&#8221; background_image_as_pattern=&#8221;without_pattern&#8221;][vc_column][vc_single_image image=&#8221;2468&#8243; img_size=&#8221;full&#8221; qode_css_animation=&#8221;&#8221;][vc_empty_space height=&#8221;8px&#8221;][vc_column_text] RECURSOS ADICIONALES Nos ayudan a comprender y a adoptar nuestro c\u00f3digo, pol\u00edticas y normas [\/vc_column_text][\/vc_column][\/vc_row][vc_row css_animation=&#8221;&#8221; row_type=&#8221;row&#8221; use_row_as_full_screen_section=&#8221;no&#8221; type=&#8221;full_width&#8221; angled_section=&#8221;no&#8221; text_align=&#8221;left&#8221; background_image_as_pattern=&#8221;without_pattern&#8221; z_index=&#8221;&#8221; padding_top=&#8221;30&#8243; padding_bottom=&#8221;20&#8243;][vc_column width=&#8221;1\/4&#8243; css=&#8221;.vc_custom_1615550437479{padding-bottom: 20px !important;}&#8221;][vc_single_image image=&#8221;2470&#8243; img_size=&#8221;full&#8221; alignment=&#8221;center&#8221; qode_css_animation=&#8221;&#8221;][\/vc_column][vc_column...","og_url":"https:\/\/169.254.129.2\/additional-resources\/","og_site_name":"Equinix Code of Business Conduct","article_modified_time":"2022-04-12T16:28:26+00:00","twitter_card":"summary_large_image","twitter_misc":{"Est. reading time":"4 minutes"},"schema":{"@context":"https:\/\/schema.org","@graph":[{"@type":"WebPage","@id":"https:\/\/169.254.129.2\/additional-resources\/","url":"https:\/\/169.254.129.2\/additional-resources\/","name":"RECURSOS ADICIONALES - Equinix Code of Business Conduct","isPartOf":{"@id":"https:\/\/cobc-prod.azurewebsites.net\/#website"},"datePublished":"2021-03-10T06:22:20+00:00","dateModified":"2022-04-12T16:28:26+00:00","breadcrumb":{"@id":"https:\/\/169.254.129.2\/additional-resources\/#breadcrumb"},"inLanguage":"es-LA","potentialAction":[{"@type":"ReadAction","target":["https:\/\/169.254.129.2\/additional-resources\/"]}]},{"@type":"BreadcrumbList","@id":"https:\/\/169.254.129.2\/additional-resources\/#breadcrumb","itemListElement":[{"@type":"ListItem","position":1,"name":"Home","item":"https:\/\/codeofbusinessconduct.equinix.com\/es-la\/"},{"@type":"ListItem","position":2,"name":"RECURSOS ADICIONALES"}]},{"@type":"WebSite","@id":"https:\/\/cobc-prod.azurewebsites.net\/#website","url":"https:\/\/cobc-prod.azurewebsites.net\/","name":"Equinix Code of Business Conduct","description":"","potentialAction":[{"@type":"SearchAction","target":{"@type":"EntryPoint","urlTemplate":"https:\/\/cobc-prod.azurewebsites.net\/?s={search_term_string}"},"query-input":{"@type":"PropertyValueSpecification","valueRequired":true,"valueName":"search_term_string"}}],"inLanguage":"es-LA"}]}},"_links":{"self":[{"href":"https:\/\/codeofbusinessconduct.equinix.com\/es-la\/wp-json\/wp\/v2\/pages\/2464","targetHints":{"allow":["GET"]}}],"collection":[{"href":"https:\/\/codeofbusinessconduct.equinix.com\/es-la\/wp-json\/wp\/v2\/pages"}],"about":[{"href":"https:\/\/codeofbusinessconduct.equinix.com\/es-la\/wp-json\/wp\/v2\/types\/page"}],"author":[{"embeddable":true,"href":"https:\/\/codeofbusinessconduct.equinix.com\/es-la\/wp-json\/wp\/v2\/users\/1"}],"replies":[{"embeddable":true,"href":"https:\/\/codeofbusinessconduct.equinix.com\/es-la\/wp-json\/wp\/v2\/comments?post=2464"}],"version-history":[{"count":9,"href":"https:\/\/codeofbusinessconduct.equinix.com\/es-la\/wp-json\/wp\/v2\/pages\/2464\/revisions"}],"predecessor-version":[{"id":4338,"href":"https:\/\/codeofbusinessconduct.equinix.com\/es-la\/wp-json\/wp\/v2\/pages\/2464\/revisions\/4338"}],"wp:attachment":[{"href":"https:\/\/codeofbusinessconduct.equinix.com\/es-la\/wp-json\/wp\/v2\/media?parent=2464"}],"curies":[{"name":"wp","href":"https:\/\/api.w.org\/{rel}","templated":true}]}}