{"id":2445,"date":"2021-03-10T06:21:42","date_gmt":"2021-03-10T06:21:42","guid":{"rendered":"https:\/\/codeofbusinessconduct.equinix.com\/our-community\/"},"modified":"2022-03-24T21:03:14","modified_gmt":"2022-03-24T21:03:14","slug":"our-community","status":"publish","type":"page","link":"https:\/\/codeofbusinessconduct.equinix.com\/es-la\/our-community\/","title":{"rendered":"NUESTRA COMUNIDAD"},"content":{"rendered":"<section class=\"wpb-content-wrapper\"><p>[vc_row css_animation=&#8221;&#8221; row_type=&#8221;row&#8221; use_row_as_full_screen_section=&#8221;no&#8221; type=&#8221;full_width&#8221; angled_section=&#8221;no&#8221; text_align=&#8221;left&#8221; background_image_as_pattern=&#8221;without_pattern&#8221;][vc_column][vc_single_image image=&#8221;4113&#8243; img_size=&#8221;full&#8221; qode_css_animation=&#8221;&#8221;][vc_empty_space height=&#8221;8px&#8221;][vc_column_text]<\/p>\n<h3>NUESTRA COMUNIDAD<\/h3>\n<div class=\"lead\">Hacer una diferencia positiva en nuestras comunidades y en todo el mundo<\/div>\n<p>[\/vc_column_text][\/vc_column][\/vc_row][vc_row css_animation=&#8221;&#8221; row_type=&#8221;row&#8221; use_row_as_full_screen_section=&#8221;no&#8221; type=&#8221;full_width&#8221; angled_section=&#8221;no&#8221; text_align=&#8221;left&#8221; background_image_as_pattern=&#8221;without_pattern&#8221; z_index=&#8221;&#8221; padding_top=&#8221;34&#8243; padding_bottom=&#8221;20&#8243; anchor=&#8221;Human_rights&#8221;][vc_column width=&#8221;1\/3&#8243; css=&#8221;.vc_custom_1616046555280{padding-bottom: 20px !important;}&#8221;][vc_column_text]<\/p>\n<h4>DERECHOS HUMANOS<\/h4>\n<p>Equinix apoya y respeta la protecci\u00f3n de todos los derechos humanos en todo el mundo. Estamos comprometidos a defender los derechos humanos fundamentales de nuestros empleados y de los trabajadores de las compa\u00f1\u00edas con las cuales interactuamos. Esperamos que nuestros proveedores y socios se apeguen tambi\u00e9n a estos altos est\u00e1ndares.[\/vc_column_text][\/vc_column][vc_column width=&#8221;2\/3&#8243; css=&#8221;.vc_custom_1615547407753{padding-bottom: 20px !important;}&#8221;][vc_single_image image=&#8221;2446&#8243; img_size=&#8221;full&#8221; alignment=&#8221;center&#8221; qode_css_animation=&#8221;&#8221;][\/vc_column][\/vc_row][vc_row css_animation=&#8221;&#8221; row_type=&#8221;row&#8221; use_row_as_full_screen_section=&#8221;no&#8221; type=&#8221;full_width&#8221; angled_section=&#8221;no&#8221; text_align=&#8221;left&#8221; background_image_as_pattern=&#8221;without_pattern&#8221; z_index=&#8221;&#8221; padding_bottom=&#8221;30&#8243; anchor=&#8221;Charitable_contributions&#8221;][vc_column width=&#8221;1\/2&#8243; el_class=&#8221;purpose_values&#8221;][vc_column_text]<\/p>\n<h4>CONTRIBUCIONES DE CARIDAD<\/h4>\n<p><strong>Retribuir a nuestras comunidades.<\/strong> Equinix exhorta a sus empleados a hacer contribuciones positivas en las comunidades donde viven y trabajan. Equinix tambi\u00e9n est\u00e1 comprometida a apoyar asuntos relevantes de \u00edndole social, econ\u00f3mica y de sustentabilidad que sean de suma importancia para nuestros negocios, nuestros empleados y nuestras comunidades. Equinix ha identificado diversas \u00e1reas de enfoque para hacer contribuciones de caridad basadas en su relevancia para nuestros negocios, las cuales apoyaremos a trav\u00e9s de donativos de la compa\u00f1\u00eda. Dadas nuestras \u00e1reas de enfoque, por lo general no aceptamos peticiones de financiamiento no solicitadas. En su lugar, preferimos recibir solicitudes de propuestas que contribuyan a \u00e1reas de nuestro programa estrat\u00e9gico y a nuestras prioridades de financiamiento. El equipo de responsabilidad social corporativa es responsable de revisar y evaluar estas solicitudes.<\/p>\n<p>Equinix exhorta a cada uno de sus empleados a hacer sus propias contribuciones caritativas. Sin embargo, Equinix no reembolsar\u00e1 contribuciones individuales o personales hechas por empleados a una organizaci\u00f3n ben\u00e9fica, escuela, agencia sin fines de lucro u organizaci\u00f3n no gubernamental (ONG)bajo ninguna circunstancia. Adem\u00e1s, ustednunca deber\u00eda hacer un pago de manera personal en nombre de Equinix a una organizaci\u00f3n ben\u00e9fica, escuela, agencia sin fines de lucro uONG -incluyendo pagos para pases de eventos- ya que Equinix no reembolsar\u00e1 dichos gastos.Toda excepci\u00f3n a estas normas deber\u00e1 ser aprobada por el controlador regional y\/o el equipo de responsabilidad social corporativa.[\/vc_column_text][\/vc_column][vc_column width=&#8221;1\/2&#8243; el_class=&#8221;purpose_values&#8221; css=&#8221;.vc_custom_1615789919910{padding-top: 35px !important;}&#8221;][vc_column_text]Para m\u00e1s informaci\u00f3n sobre nuestra estrategia de donaciones, consulte la <a href=\"https:\/\/codeofbusinessconduct.equinix.com\/es-la\/additional-resources\/#recommended_readings\">Pol\u00edtica global de donaciones<\/a> o contacte al equipo de responsabilidad social corporativa.[\/vc_column_text][vc_empty_space height=&#8221;20px&#8221;]<a class=\"recom-read-link\" href=\"\/es-la\/additional-resources\/#recommended_readings\" target=\"_self\"><div class=\"recommend_book\"><div class=\"recommend_icon\"><img decoding=\"async\" src=\"https:\/\/codeofbusinessconduct.equinix.com\/wp-content\/uploads\/2021\/03\/recommend_book.svg\" \/><\/div><div class=\"recommend_content\"><h4>LECTURA RECOMENDADA:<br>POL\u00cdTICA GLOBAL DE DONACIONES DE EQUINIX.<\/h4><\/div><\/div><\/a>[vc_empty_space height=&#8221;10px&#8221;][vc_column_text]<strong>Igualaci\u00f3n de obsequios.<\/strong> Equinix ha establecido un programa de igualaci\u00f3n de obsequios para apoyar a sus empleados en su filantrop\u00eda personal, donaciones de caridad y esfuerzos voluntarios. Si realiza una contribuci\u00f3n monetaria o dona algo de su tiempo como voluntario a una organizaci\u00f3n elegible, Equinix &#8220;igualar\u00e1&#8221; esa contribuci\u00f3n de dinero o de tiempo con una contribuci\u00f3n monetaria.<\/p>\n<p>Podr\u00e1 encontrar m\u00e1s informaci\u00f3n y los requerimientos del <a href=\"https:\/\/codeofbusinessconduct.equinix.com\/es-la\/additional-resources\/#recommended_readings\">Programa y pol\u00edticas de igualaci\u00f3n de obsequios<\/a> incluyendo los requerimientos espec\u00edficos de elegibilidad para empleados y organizaciones, en el <a href=\"https:\/\/codeofbusinessconduct.equinix.com\/es-la\/additional-resources\/#recommended_readings\">Programa de igualaci\u00f3n de obsequios de Equinix<\/a>.[\/vc_column_text][vc_empty_space height=&#8221;15px&#8221;]<a class=\"recom-read-link\" href=\"\/es-la\/additional-resources\/#recommended_readings\" target=\"_self\"><div class=\"recommend_book\"><div class=\"recommend_icon\"><img decoding=\"async\" src=\"https:\/\/codeofbusinessconduct.equinix.com\/wp-content\/uploads\/2021\/03\/recommend_book.svg\" \/><\/div><div class=\"recommend_content\"><h4>LECTURA RECOMENDADA:<br>PROGRAMA DE IGUALACI\u00d3N DE OBSEQUIOS DE EQUINIX<\/h4><\/div><\/div><\/a>[\/vc_column][\/vc_row][vc_row css_animation=&#8221;&#8221; row_type=&#8221;row&#8221; use_row_as_full_screen_section=&#8221;no&#8221; type=&#8221;full_width&#8221; angled_section=&#8221;no&#8221; text_align=&#8221;left&#8221; background_image_as_pattern=&#8221;without_pattern&#8221; z_index=&#8221;&#8221; padding_top=&#8221;20&#8243; padding_bottom=&#8221;30&#8243;][vc_column][vc_single_image image=&#8221;2448&#8243; img_size=&#8221;full&#8221; alignment=&#8221;center&#8221; qode_css_animation=&#8221;&#8221; el_class=&#8221;w-100&#8243;][\/vc_column][\/vc_row][vc_row css_animation=&#8221;&#8221; row_type=&#8221;row&#8221; use_row_as_full_screen_section=&#8221;no&#8221; type=&#8221;full_width&#8221; angled_section=&#8221;no&#8221; text_align=&#8221;left&#8221; background_image_as_pattern=&#8221;without_pattern&#8221; z_index=&#8221;&#8221; padding_bottom=&#8221;160&#8243; el_class=&#8221;purpose_values political_space&#8221; anchor=&#8221;Political_activities_and_contributions&#8221;][vc_column width=&#8221;2\/3&#8243;][vc_column_text]<\/p>\n<h4 id=\"The_environment\">ACTIVIDADES Y CONTRIBUCIONES POL\u00cdTICAS<\/h4>\n<p>Apoyamos las buenas relaciones con las comunidades donde operamos. Puede participar en actividades locales que aborden las necesidades de las comunidades en las cuales vive y trabaja. Como ciudadano privado, tambi\u00e9n puede apoyar los procesos pol\u00edticos locales con contribuciones personales o siendo voluntario durante su tiempo personal. No obstante, estas actividades no deber\u00e1n llevarse a cabo durante el horario en que usted est\u00e9 trabajando para la compa\u00f1\u00eda o involucrar el uso de recursos de la compa\u00f1\u00eda. No puede hacer ni prometer contribuciones pol\u00edticas en nombre deEquinix.<\/p>\n<p>Aseg\u00farese de que su participaci\u00f3n en actividades pol\u00edticas cumpla con las leyes pertinentes, ya sean locales o de los Estados Unidos, y que no est\u00e9 prohibida por otras pol\u00edticas de Equinix.[\/vc_column_text][vc_row_inner row_type=&#8221;row&#8221; type=&#8221;full_width&#8221; text_align=&#8221;left&#8221; css_animation=&#8221;&#8221; anchor=&#8221;The_environment&#8221;][vc_column_inner][vc_empty_space height=&#8221;25px&#8221;][vc_column_text]<\/p>\n<h4>EL MEDIO AMBIENTE<\/h4>\n<p>En Equinix intentamos ser buenos administradores del medio ambiente y de los recursos que consumimos con la meta de minimizar nuestra huella de carbono. Hacemos esto enfoc\u00e1ndonos en:<\/p>\n<ul>\n<li>Dise\u00f1ar, fabricar y operar de manera eficiente para reducir nuestro consumo de todos los recursos, incluyendo electricidad, agua, gas natural, di\u00e9sel y refrigerantes<\/li>\n<li>Jugar un rol activo en el aspecto &#8220;verde&#8221; de nuestro negocio y ser l\u00edder en la evaluaci\u00f3n e implementaci\u00f3n de soluciones innovadoras<\/li>\n<li>Medirnos a nosotros mismos usando las mejores pr\u00e1cticas de la industria y los indicadores clave de rendimiento espec\u00edficos de Equinix, establecer metas de manera p\u00fablica y reportar progresos de una manera transparente<\/li>\n<\/ul>\n<p>[\/vc_column_text][\/vc_column_inner][\/vc_row_inner][vc_empty_space height=&#8221;25px&#8221;]<a class=\"recom-read-link\" href=\"https:\/\/sustainability.equinix.com\/\" target=\"_self\"><div class=\"recommend_book\"><div class=\"recommend_icon\"><img decoding=\"async\" src=\"https:\/\/codeofbusinessconduct.equinix.com\/wp-content\/uploads\/2021\/03\/recommend_book.svg\" \/><\/div><div class=\"recommend_content\"><h4>LECTURA RECOMENDADA:<br>SUSTENTABILIDAD DE EQUINIX<\/h4><\/div><\/div><\/a>[\/vc_column][vc_column width=&#8221;1\/3&#8243;][\/vc_column][\/vc_row]<\/p>\n<\/section>","protected":false},"excerpt":{"rendered":"<p>[vc_row css_animation=&#8221;&#8221; row_type=&#8221;row&#8221; use_row_as_full_screen_section=&#8221;no&#8221; type=&#8221;full_width&#8221; angled_section=&#8221;no&#8221; text_align=&#8221;left&#8221; background_image_as_pattern=&#8221;without_pattern&#8221;][vc_column][vc_single_image image=&#8221;4113&#8243; img_size=&#8221;full&#8221; qode_css_animation=&#8221;&#8221;][vc_empty_space height=&#8221;8px&#8221;][vc_column_text] NUESTRA COMUNIDAD Hacer una diferencia positiva en nuestras comunidades y en todo el mundo [\/vc_column_text][\/vc_column][\/vc_row][vc_row css_animation=&#8221;&#8221; row_type=&#8221;row&#8221; use_row_as_full_screen_section=&#8221;no&#8221; type=&#8221;full_width&#8221; angled_section=&#8221;no&#8221; text_align=&#8221;left&#8221; background_image_as_pattern=&#8221;without_pattern&#8221; z_index=&#8221;&#8221; padding_top=&#8221;34&#8243; padding_bottom=&#8221;20&#8243; anchor=&#8221;Human_rights&#8221;][vc_column width=&#8221;1\/3&#8243; css=&#8221;.vc_custom_1616046555280{padding-bottom: 20px !important;}&#8221;][vc_column_text] DERECHOS HUMANOS Equinix&#8230;<\/p>\n","protected":false},"author":1,"featured_media":0,"parent":0,"menu_order":6,"comment_status":"closed","ping_status":"closed","template":"","meta":{"inline_featured_image":false,"footnotes":""},"class_list":["post-2445","page","type-page","status-publish","hentry"],"yoast_head":"<!-- This site is optimized with the Yoast SEO plugin v25.8 - https:\/\/yoast.com\/wordpress\/plugins\/seo\/ -->\n<title>NUESTRA COMUNIDAD - Equinix Code of Business Conduct<\/title>\n<meta name=\"robots\" content=\"index, follow, max-snippet:-1, max-image-preview:large, max-video-preview:-1\" \/>\n<link rel=\"canonical\" href=\"https:\/\/codeofbusinessconduct.equinix.com\/es-la\/our-community\/\" \/>\n<meta property=\"og:locale\" content=\"es_LA\" \/>\n<meta property=\"og:type\" content=\"article\" \/>\n<meta property=\"og:title\" content=\"NUESTRA COMUNIDAD - Equinix Code of Business Conduct\" \/>\n<meta property=\"og:description\" content=\"[vc_row css_animation=&#8221;&#8221; row_type=&#8221;row&#8221; use_row_as_full_screen_section=&#8221;no&#8221; type=&#8221;full_width&#8221; angled_section=&#8221;no&#8221; text_align=&#8221;left&#8221; background_image_as_pattern=&#8221;without_pattern&#8221;][vc_column][vc_single_image image=&#8221;4113&#8243; img_size=&#8221;full&#8221; qode_css_animation=&#8221;&#8221;][vc_empty_space height=&#8221;8px&#8221;][vc_column_text] NUESTRA COMUNIDAD Hacer una diferencia positiva en nuestras comunidades y en todo el mundo [\/vc_column_text][\/vc_column][\/vc_row][vc_row css_animation=&#8221;&#8221; row_type=&#8221;row&#8221; use_row_as_full_screen_section=&#8221;no&#8221; type=&#8221;full_width&#8221; angled_section=&#8221;no&#8221; text_align=&#8221;left&#8221; background_image_as_pattern=&#8221;without_pattern&#8221; z_index=&#8221;&#8221; padding_top=&#8221;34&#8243; padding_bottom=&#8221;20&#8243; anchor=&#8221;Human_rights&#8221;][vc_column width=&#8221;1\/3&#8243; css=&#8221;.vc_custom_1616046555280{padding-bottom: 20px !important;}&#8221;][vc_column_text] DERECHOS HUMANOS Equinix...\" \/>\n<meta property=\"og:url\" content=\"https:\/\/codeofbusinessconduct.equinix.com\/es-la\/our-community\/\" \/>\n<meta property=\"og:site_name\" content=\"Equinix Code of Business Conduct\" \/>\n<meta property=\"article:modified_time\" content=\"2022-03-24T21:03:14+00:00\" \/>\n<meta name=\"twitter:card\" content=\"summary_large_image\" \/>\n<meta name=\"twitter:label1\" content=\"Est. reading time\" \/>\n\t<meta name=\"twitter:data1\" content=\"6 minutes\" \/>\n<script type=\"application\/ld+json\" class=\"yoast-schema-graph\">{\"@context\":\"https:\/\/schema.org\",\"@graph\":[{\"@type\":\"WebPage\",\"@id\":\"https:\/\/codeofbusinessconduct.equinix.com\/es-la\/our-community\/\",\"url\":\"https:\/\/codeofbusinessconduct.equinix.com\/es-la\/our-community\/\",\"name\":\"NUESTRA COMUNIDAD - Equinix Code of Business Conduct\",\"isPartOf\":{\"@id\":\"https:\/\/cobc-prod.azurewebsites.net\/#website\"},\"datePublished\":\"2021-03-10T06:21:42+00:00\",\"dateModified\":\"2022-03-24T21:03:14+00:00\",\"breadcrumb\":{\"@id\":\"https:\/\/codeofbusinessconduct.equinix.com\/es-la\/our-community\/#breadcrumb\"},\"inLanguage\":\"es-LA\",\"potentialAction\":[{\"@type\":\"ReadAction\",\"target\":[\"https:\/\/codeofbusinessconduct.equinix.com\/es-la\/our-community\/\"]}]},{\"@type\":\"BreadcrumbList\",\"@id\":\"https:\/\/codeofbusinessconduct.equinix.com\/es-la\/our-community\/#breadcrumb\",\"itemListElement\":[{\"@type\":\"ListItem\",\"position\":1,\"name\":\"Home\",\"item\":\"https:\/\/codeofbusinessconduct.equinix.com\/es-la\/\"},{\"@type\":\"ListItem\",\"position\":2,\"name\":\"NUESTRA COMUNIDAD\"}]},{\"@type\":\"WebSite\",\"@id\":\"https:\/\/cobc-prod.azurewebsites.net\/#website\",\"url\":\"https:\/\/cobc-prod.azurewebsites.net\/\",\"name\":\"Equinix Code of Business Conduct\",\"description\":\"\",\"potentialAction\":[{\"@type\":\"SearchAction\",\"target\":{\"@type\":\"EntryPoint\",\"urlTemplate\":\"https:\/\/cobc-prod.azurewebsites.net\/?s={search_term_string}\"},\"query-input\":{\"@type\":\"PropertyValueSpecification\",\"valueRequired\":true,\"valueName\":\"search_term_string\"}}],\"inLanguage\":\"es-LA\"}]}<\/script>\n<!-- \/ Yoast SEO plugin. -->","yoast_head_json":{"title":"NUESTRA COMUNIDAD - Equinix Code of Business Conduct","robots":{"index":"index","follow":"follow","max-snippet":"max-snippet:-1","max-image-preview":"max-image-preview:large","max-video-preview":"max-video-preview:-1"},"canonical":"https:\/\/codeofbusinessconduct.equinix.com\/es-la\/our-community\/","og_locale":"es_LA","og_type":"article","og_title":"NUESTRA COMUNIDAD - Equinix Code of Business Conduct","og_description":"[vc_row css_animation=&#8221;&#8221; row_type=&#8221;row&#8221; use_row_as_full_screen_section=&#8221;no&#8221; type=&#8221;full_width&#8221; angled_section=&#8221;no&#8221; text_align=&#8221;left&#8221; background_image_as_pattern=&#8221;without_pattern&#8221;][vc_column][vc_single_image image=&#8221;4113&#8243; img_size=&#8221;full&#8221; qode_css_animation=&#8221;&#8221;][vc_empty_space height=&#8221;8px&#8221;][vc_column_text] NUESTRA COMUNIDAD Hacer una diferencia positiva en nuestras comunidades y en todo el mundo [\/vc_column_text][\/vc_column][\/vc_row][vc_row css_animation=&#8221;&#8221; row_type=&#8221;row&#8221; use_row_as_full_screen_section=&#8221;no&#8221; type=&#8221;full_width&#8221; angled_section=&#8221;no&#8221; text_align=&#8221;left&#8221; background_image_as_pattern=&#8221;without_pattern&#8221; z_index=&#8221;&#8221; padding_top=&#8221;34&#8243; padding_bottom=&#8221;20&#8243; anchor=&#8221;Human_rights&#8221;][vc_column width=&#8221;1\/3&#8243; css=&#8221;.vc_custom_1616046555280{padding-bottom: 20px !important;}&#8221;][vc_column_text] DERECHOS HUMANOS Equinix...","og_url":"https:\/\/codeofbusinessconduct.equinix.com\/es-la\/our-community\/","og_site_name":"Equinix Code of Business Conduct","article_modified_time":"2022-03-24T21:03:14+00:00","twitter_card":"summary_large_image","twitter_misc":{"Est. reading time":"6 minutes"},"schema":{"@context":"https:\/\/schema.org","@graph":[{"@type":"WebPage","@id":"https:\/\/codeofbusinessconduct.equinix.com\/es-la\/our-community\/","url":"https:\/\/codeofbusinessconduct.equinix.com\/es-la\/our-community\/","name":"NUESTRA COMUNIDAD - Equinix Code of Business Conduct","isPartOf":{"@id":"https:\/\/cobc-prod.azurewebsites.net\/#website"},"datePublished":"2021-03-10T06:21:42+00:00","dateModified":"2022-03-24T21:03:14+00:00","breadcrumb":{"@id":"https:\/\/codeofbusinessconduct.equinix.com\/es-la\/our-community\/#breadcrumb"},"inLanguage":"es-LA","potentialAction":[{"@type":"ReadAction","target":["https:\/\/codeofbusinessconduct.equinix.com\/es-la\/our-community\/"]}]},{"@type":"BreadcrumbList","@id":"https:\/\/codeofbusinessconduct.equinix.com\/es-la\/our-community\/#breadcrumb","itemListElement":[{"@type":"ListItem","position":1,"name":"Home","item":"https:\/\/codeofbusinessconduct.equinix.com\/es-la\/"},{"@type":"ListItem","position":2,"name":"NUESTRA COMUNIDAD"}]},{"@type":"WebSite","@id":"https:\/\/cobc-prod.azurewebsites.net\/#website","url":"https:\/\/cobc-prod.azurewebsites.net\/","name":"Equinix Code of Business Conduct","description":"","potentialAction":[{"@type":"SearchAction","target":{"@type":"EntryPoint","urlTemplate":"https:\/\/cobc-prod.azurewebsites.net\/?s={search_term_string}"},"query-input":{"@type":"PropertyValueSpecification","valueRequired":true,"valueName":"search_term_string"}}],"inLanguage":"es-LA"}]}},"_links":{"self":[{"href":"https:\/\/codeofbusinessconduct.equinix.com\/es-la\/wp-json\/wp\/v2\/pages\/2445","targetHints":{"allow":["GET"]}}],"collection":[{"href":"https:\/\/codeofbusinessconduct.equinix.com\/es-la\/wp-json\/wp\/v2\/pages"}],"about":[{"href":"https:\/\/codeofbusinessconduct.equinix.com\/es-la\/wp-json\/wp\/v2\/types\/page"}],"author":[{"embeddable":true,"href":"https:\/\/codeofbusinessconduct.equinix.com\/es-la\/wp-json\/wp\/v2\/users\/1"}],"replies":[{"embeddable":true,"href":"https:\/\/codeofbusinessconduct.equinix.com\/es-la\/wp-json\/wp\/v2\/comments?post=2445"}],"version-history":[{"count":9,"href":"https:\/\/codeofbusinessconduct.equinix.com\/es-la\/wp-json\/wp\/v2\/pages\/2445\/revisions"}],"predecessor-version":[{"id":4318,"href":"https:\/\/codeofbusinessconduct.equinix.com\/es-la\/wp-json\/wp\/v2\/pages\/2445\/revisions\/4318"}],"wp:attachment":[{"href":"https:\/\/codeofbusinessconduct.equinix.com\/es-la\/wp-json\/wp\/v2\/media?parent=2445"}],"curies":[{"name":"wp","href":"https:\/\/api.w.org\/{rel}","templated":true}]}}