{"id":2406,"date":"2021-03-10T06:20:44","date_gmt":"2021-03-10T06:20:44","guid":{"rendered":"https:\/\/codeofbusinessconduct.equinix.com\/our-people\/"},"modified":"2021-10-25T21:45:36","modified_gmt":"2021-10-25T21:45:36","slug":"our-people","status":"publish","type":"page","link":"https:\/\/codeofbusinessconduct.equinix.com\/es-la\/our-people\/","title":{"rendered":"NUESTRA GENTE"},"content":{"rendered":"<section class=\"wpb-content-wrapper\"><p>[vc_row css_animation=&#8221;&#8221; row_type=&#8221;row&#8221; use_row_as_full_screen_section=&#8221;no&#8221; type=&#8221;full_width&#8221; angled_section=&#8221;no&#8221; text_align=&#8221;left&#8221; background_image_as_pattern=&#8221;without_pattern&#8221;][vc_column][vc_single_image image=&#8221;2409&#8243; img_size=&#8221;full&#8221; qode_css_animation=&#8221;&#8221;][vc_empty_space height=&#8221;8px&#8221;][vc_column_text]<\/p>\n<h3>NUESTRA GENTE<\/h3>\n<div class=\"lead\">Trabajar juntos como equipo<\/div>\n<p>[\/vc_column_text][\/vc_column][\/vc_row][vc_row css_animation=&#8221;&#8221; row_type=&#8221;row&#8221; use_row_as_full_screen_section=&#8221;no&#8221; type=&#8221;full_width&#8221; angled_section=&#8221;no&#8221; text_align=&#8221;left&#8221; background_image_as_pattern=&#8221;without_pattern&#8221; z_index=&#8221;&#8221; padding_top=&#8221;40&#8243; anchor=&#8221;diversity&#8221;][vc_column width=&#8221;1\/3&#8243; el_class=&#8221;purpose_values&#8221; css=&#8221;.vc_custom_1635178321493{padding-bottom: 12px !important;}&#8221;][vc_column_text]<\/p>\n<h4>DIVERSIDAD<\/h4>\n<p>Tener una fuerza laboral diversa -conformada por miembros que aporten una amplia variedad de destrezas, habilidades, experiencias y perspectivas- es esencial para lograr el \u00e9xito. Siempre aproveche al m\u00e1ximo lo que los miembros de nuestro equipo tienen para ofrecer. Escuche y sea inclusivo. Estamos dedicados a los principios de igualdad de oportunidades laborales, inclusi\u00f3n y respeto.[\/vc_column_text][\/vc_column][vc_column width=&#8221;2\/3&#8243; css=&#8221;.vc_custom_1635178313291{padding-bottom: 12px !important;}&#8221;][vc_single_image image=&#8221;2407&#8243; img_size=&#8221;full&#8221; alignment=&#8221;center&#8221; qode_css_animation=&#8221;&#8221;][\/vc_column][\/vc_row][vc_row css_animation=&#8221;&#8221; row_type=&#8221;row&#8221; use_row_as_full_screen_section=&#8221;no&#8221; type=&#8221;full_width&#8221; angled_section=&#8221;no&#8221; text_align=&#8221;left&#8221; background_image_as_pattern=&#8221;without_pattern&#8221; z_index=&#8221;&#8221; padding_bottom=&#8221;40&#8243; anchor=&#8221;dignity_and_respect&#8221;][vc_column width=&#8221;1\/2&#8243; el_class=&#8221;purpose_values&#8221;][vc_column_text]<\/p>\n<h4>DIGNIDAD Y RESPETO<\/h4>\n<p>Nuestros empleados son la base de nuestra compa\u00f1\u00eda. Todos tenemos una responsabilidad mutua de asegurar un entorno laboral creado con base en la honestidad, integridad y respeto mutuo. No toleramos ninguna forma dediscriminaci\u00f3n, acoso o conducta degradante contracualquier persona o grupo debido a su raza, religi\u00f3n, sexo, orientaci\u00f3n sexual, identificaci\u00f3n de g\u00e9nero, pa\u00eds de origen, edad, estado civil, estado de veterano cubierto, discapacidad, embarazo o cualquier otro motivo prohibido por las leyes aplicables. Si presencia o sospecha alg\u00fan tipo de violaci\u00f3n, o si se siente v\u00edctima de acoso o discriminaci\u00f3n, rep\u00f3rtelo inmediatamente al departamento de recursos humanos. Podr\u00e1 encontrar las opciones para realizar un reporte en la <a href=\"https:\/\/codeofbusinessconduct.equinix.com\/es-la\/additional-resources\/\">secci\u00f3n de Recursos adicionales<\/a>.[\/vc_column_text][vc_empty_space height=&#8221;22px&#8221;][vc_row_inner row_type=&#8221;row&#8221; type=&#8221;full_width&#8221; text_align=&#8221;left&#8221; css_animation=&#8221;&#8221; anchor=&#8221;safety&#8221;][vc_column_inner][vc_column_text]<\/p>\n<h4>SEGURIDAD<\/h4>\n<p>Estamos comprometidos a ofrecer un entorno laboral agradable, productivo y seguro para todos nuestros empleados. Nos apegamos a los m\u00e1s altos est\u00e1ndares ambientales, de salud y seguridad en nuestra \u00e1rea laboral y confiamos en que todos reportar\u00e1n cualquier accidente, lesi\u00f3n y equipos, pr\u00e1cticas o condiciones que no sean seguros. Para garantizar a\u00fan m\u00e1s un \u00e1rea laboral segura, la violencia y las conductas amenazantes est\u00e1n prohibidas.[\/vc_column_text][\/vc_column_inner][\/vc_row_inner][\/vc_column][vc_column width=&#8221;1\/2&#8243; el_class=&#8221;purpose_values&#8221; css=&#8221;.vc_custom_1615791739172{padding-top: 35px !important;}&#8221;][vc_column_text]Insistimos en mantener un \u00e1rea laboral libre de drogas, donde todos los empleados deben trabajar libres de efectos adversos causados por drogas, alcohol u otras sustancias controladas. Al mismo tiempo, reconocemos que los empleados que sufran de dependencia a los f\u00e1rmacos o al alcohol pueden ser tratados, y exhortamos a los empleados a que busquen atenci\u00f3n profesional y consejer\u00eda antes de violar las pol\u00edticas sobre drogas y alcohol de Equinix. Para mayor orientaci\u00f3n sobre un \u00e1rea laboral saludable y segura, por favor consulte nuestros <a href=\"https:\/\/codeofbusinessconduct.equinix.com\/es-la\/additional-resources\/#recommended_readings\">Manuales globales para empleados<\/a>.[\/vc_column_text][vc_empty_space height=&#8221;33px&#8221;][vc_column_text]<strong>Trabajando en conjunto, creamos un entorno laboral seguro y diverso basado en:<\/strong><\/p>\n<ul>\n<li>La honestidad<\/li>\n<li>La integridad<\/li>\n<li>El respeto por s\u00ed mismo<\/li>\n<\/ul>\n<p>[\/vc_column_text][vc_empty_space height=&#8221;5px&#8221;]<a class=\"recom-read-link\" href=\"\/es-la\/additional-resources\/#recommended_readings\" target=\"_self\"><div class=\"recommend_book\"><div class=\"recommend_icon\"><img decoding=\"async\" src=\"https:\/\/codeofbusinessconduct.equinix.com\/wp-content\/uploads\/2021\/03\/recommend_book.svg\" \/><\/div><div class=\"recommend_content\"><h4>LECTURA RECOMENDADA:<br>MANUALES GLOBALES PARA EMPLEADOS DE EQUINIX<\/h4><\/div><\/div><\/a>[\/vc_column][\/vc_row]<\/p>\n<\/section>","protected":false},"excerpt":{"rendered":"<p>[vc_row css_animation=&#8221;&#8221; row_type=&#8221;row&#8221; use_row_as_full_screen_section=&#8221;no&#8221; type=&#8221;full_width&#8221; angled_section=&#8221;no&#8221; text_align=&#8221;left&#8221; background_image_as_pattern=&#8221;without_pattern&#8221;][vc_column][vc_single_image image=&#8221;2409&#8243; img_size=&#8221;full&#8221; qode_css_animation=&#8221;&#8221;][vc_empty_space height=&#8221;8px&#8221;][vc_column_text] NUESTRA GENTE Trabajar juntos como equipo [\/vc_column_text][\/vc_column][\/vc_row][vc_row css_animation=&#8221;&#8221; row_type=&#8221;row&#8221; use_row_as_full_screen_section=&#8221;no&#8221; type=&#8221;full_width&#8221; angled_section=&#8221;no&#8221; text_align=&#8221;left&#8221; background_image_as_pattern=&#8221;without_pattern&#8221; z_index=&#8221;&#8221; padding_top=&#8221;40&#8243; anchor=&#8221;diversity&#8221;][vc_column width=&#8221;1\/3&#8243; el_class=&#8221;purpose_values&#8221; css=&#8221;.vc_custom_1635178321493{padding-bottom: 12px !important;}&#8221;][vc_column_text] DIVERSIDAD Tener una fuerza laboral diversa -conformada por miembros que aporten&#8230;<\/p>\n","protected":false},"author":1,"featured_media":0,"parent":0,"menu_order":3,"comment_status":"closed","ping_status":"closed","template":"","meta":{"inline_featured_image":false,"footnotes":""},"class_list":["post-2406","page","type-page","status-publish","hentry"],"yoast_head":"<!-- This site is optimized with the Yoast SEO plugin v25.8 - https:\/\/yoast.com\/wordpress\/plugins\/seo\/ -->\n<title>NUESTRA GENTE - Equinix Code of Business Conduct<\/title>\n<meta name=\"robots\" content=\"index, follow, max-snippet:-1, max-image-preview:large, max-video-preview:-1\" \/>\n<link rel=\"canonical\" href=\"https:\/\/codeofbusinessconduct.equinix.com\/es-la\/our-people\/\" \/>\n<meta property=\"og:locale\" content=\"es_LA\" \/>\n<meta property=\"og:type\" content=\"article\" \/>\n<meta property=\"og:title\" content=\"NUESTRA GENTE - Equinix Code of Business Conduct\" \/>\n<meta property=\"og:description\" content=\"[vc_row css_animation=&#8221;&#8221; row_type=&#8221;row&#8221; use_row_as_full_screen_section=&#8221;no&#8221; type=&#8221;full_width&#8221; angled_section=&#8221;no&#8221; text_align=&#8221;left&#8221; background_image_as_pattern=&#8221;without_pattern&#8221;][vc_column][vc_single_image image=&#8221;2409&#8243; img_size=&#8221;full&#8221; qode_css_animation=&#8221;&#8221;][vc_empty_space height=&#8221;8px&#8221;][vc_column_text] NUESTRA GENTE Trabajar juntos como equipo [\/vc_column_text][\/vc_column][\/vc_row][vc_row css_animation=&#8221;&#8221; row_type=&#8221;row&#8221; use_row_as_full_screen_section=&#8221;no&#8221; type=&#8221;full_width&#8221; angled_section=&#8221;no&#8221; text_align=&#8221;left&#8221; background_image_as_pattern=&#8221;without_pattern&#8221; z_index=&#8221;&#8221; padding_top=&#8221;40&#8243; anchor=&#8221;diversity&#8221;][vc_column width=&#8221;1\/3&#8243; el_class=&#8221;purpose_values&#8221; css=&#8221;.vc_custom_1635178321493{padding-bottom: 12px !important;}&#8221;][vc_column_text] DIVERSIDAD Tener una fuerza laboral diversa -conformada por miembros que aporten...\" \/>\n<meta property=\"og:url\" content=\"https:\/\/codeofbusinessconduct.equinix.com\/es-la\/our-people\/\" \/>\n<meta property=\"og:site_name\" content=\"Equinix Code of Business Conduct\" \/>\n<meta property=\"article:modified_time\" content=\"2021-10-25T21:45:36+00:00\" \/>\n<meta name=\"twitter:card\" content=\"summary_large_image\" \/>\n<meta name=\"twitter:label1\" content=\"Est. reading time\" \/>\n\t<meta name=\"twitter:data1\" content=\"3 minutes\" \/>\n<script type=\"application\/ld+json\" class=\"yoast-schema-graph\">{\"@context\":\"https:\/\/schema.org\",\"@graph\":[{\"@type\":\"WebPage\",\"@id\":\"https:\/\/codeofbusinessconduct.equinix.com\/es-la\/our-people\/\",\"url\":\"https:\/\/codeofbusinessconduct.equinix.com\/es-la\/our-people\/\",\"name\":\"NUESTRA GENTE - Equinix Code of Business Conduct\",\"isPartOf\":{\"@id\":\"https:\/\/cobc-prod.azurewebsites.net\/#website\"},\"datePublished\":\"2021-03-10T06:20:44+00:00\",\"dateModified\":\"2021-10-25T21:45:36+00:00\",\"breadcrumb\":{\"@id\":\"https:\/\/codeofbusinessconduct.equinix.com\/es-la\/our-people\/#breadcrumb\"},\"inLanguage\":\"es-LA\",\"potentialAction\":[{\"@type\":\"ReadAction\",\"target\":[\"https:\/\/codeofbusinessconduct.equinix.com\/es-la\/our-people\/\"]}]},{\"@type\":\"BreadcrumbList\",\"@id\":\"https:\/\/codeofbusinessconduct.equinix.com\/es-la\/our-people\/#breadcrumb\",\"itemListElement\":[{\"@type\":\"ListItem\",\"position\":1,\"name\":\"Home\",\"item\":\"https:\/\/codeofbusinessconduct.equinix.com\/es-la\/\"},{\"@type\":\"ListItem\",\"position\":2,\"name\":\"NUESTRA GENTE\"}]},{\"@type\":\"WebSite\",\"@id\":\"https:\/\/cobc-prod.azurewebsites.net\/#website\",\"url\":\"https:\/\/cobc-prod.azurewebsites.net\/\",\"name\":\"Equinix Code of Business Conduct\",\"description\":\"\",\"potentialAction\":[{\"@type\":\"SearchAction\",\"target\":{\"@type\":\"EntryPoint\",\"urlTemplate\":\"https:\/\/cobc-prod.azurewebsites.net\/?s={search_term_string}\"},\"query-input\":{\"@type\":\"PropertyValueSpecification\",\"valueRequired\":true,\"valueName\":\"search_term_string\"}}],\"inLanguage\":\"es-LA\"}]}<\/script>\n<!-- \/ Yoast SEO plugin. -->","yoast_head_json":{"title":"NUESTRA GENTE - Equinix Code of Business Conduct","robots":{"index":"index","follow":"follow","max-snippet":"max-snippet:-1","max-image-preview":"max-image-preview:large","max-video-preview":"max-video-preview:-1"},"canonical":"https:\/\/codeofbusinessconduct.equinix.com\/es-la\/our-people\/","og_locale":"es_LA","og_type":"article","og_title":"NUESTRA GENTE - Equinix Code of Business Conduct","og_description":"[vc_row css_animation=&#8221;&#8221; row_type=&#8221;row&#8221; use_row_as_full_screen_section=&#8221;no&#8221; type=&#8221;full_width&#8221; angled_section=&#8221;no&#8221; text_align=&#8221;left&#8221; background_image_as_pattern=&#8221;without_pattern&#8221;][vc_column][vc_single_image image=&#8221;2409&#8243; img_size=&#8221;full&#8221; qode_css_animation=&#8221;&#8221;][vc_empty_space height=&#8221;8px&#8221;][vc_column_text] NUESTRA GENTE Trabajar juntos como equipo [\/vc_column_text][\/vc_column][\/vc_row][vc_row css_animation=&#8221;&#8221; row_type=&#8221;row&#8221; use_row_as_full_screen_section=&#8221;no&#8221; type=&#8221;full_width&#8221; angled_section=&#8221;no&#8221; text_align=&#8221;left&#8221; background_image_as_pattern=&#8221;without_pattern&#8221; z_index=&#8221;&#8221; padding_top=&#8221;40&#8243; anchor=&#8221;diversity&#8221;][vc_column width=&#8221;1\/3&#8243; el_class=&#8221;purpose_values&#8221; css=&#8221;.vc_custom_1635178321493{padding-bottom: 12px !important;}&#8221;][vc_column_text] DIVERSIDAD Tener una fuerza laboral diversa -conformada por miembros que aporten...","og_url":"https:\/\/codeofbusinessconduct.equinix.com\/es-la\/our-people\/","og_site_name":"Equinix Code of Business Conduct","article_modified_time":"2021-10-25T21:45:36+00:00","twitter_card":"summary_large_image","twitter_misc":{"Est. reading time":"3 minutes"},"schema":{"@context":"https:\/\/schema.org","@graph":[{"@type":"WebPage","@id":"https:\/\/codeofbusinessconduct.equinix.com\/es-la\/our-people\/","url":"https:\/\/codeofbusinessconduct.equinix.com\/es-la\/our-people\/","name":"NUESTRA GENTE - Equinix Code of Business Conduct","isPartOf":{"@id":"https:\/\/cobc-prod.azurewebsites.net\/#website"},"datePublished":"2021-03-10T06:20:44+00:00","dateModified":"2021-10-25T21:45:36+00:00","breadcrumb":{"@id":"https:\/\/codeofbusinessconduct.equinix.com\/es-la\/our-people\/#breadcrumb"},"inLanguage":"es-LA","potentialAction":[{"@type":"ReadAction","target":["https:\/\/codeofbusinessconduct.equinix.com\/es-la\/our-people\/"]}]},{"@type":"BreadcrumbList","@id":"https:\/\/codeofbusinessconduct.equinix.com\/es-la\/our-people\/#breadcrumb","itemListElement":[{"@type":"ListItem","position":1,"name":"Home","item":"https:\/\/codeofbusinessconduct.equinix.com\/es-la\/"},{"@type":"ListItem","position":2,"name":"NUESTRA GENTE"}]},{"@type":"WebSite","@id":"https:\/\/cobc-prod.azurewebsites.net\/#website","url":"https:\/\/cobc-prod.azurewebsites.net\/","name":"Equinix Code of Business Conduct","description":"","potentialAction":[{"@type":"SearchAction","target":{"@type":"EntryPoint","urlTemplate":"https:\/\/cobc-prod.azurewebsites.net\/?s={search_term_string}"},"query-input":{"@type":"PropertyValueSpecification","valueRequired":true,"valueName":"search_term_string"}}],"inLanguage":"es-LA"}]}},"_links":{"self":[{"href":"https:\/\/codeofbusinessconduct.equinix.com\/es-la\/wp-json\/wp\/v2\/pages\/2406","targetHints":{"allow":["GET"]}}],"collection":[{"href":"https:\/\/codeofbusinessconduct.equinix.com\/es-la\/wp-json\/wp\/v2\/pages"}],"about":[{"href":"https:\/\/codeofbusinessconduct.equinix.com\/es-la\/wp-json\/wp\/v2\/types\/page"}],"author":[{"embeddable":true,"href":"https:\/\/codeofbusinessconduct.equinix.com\/es-la\/wp-json\/wp\/v2\/users\/1"}],"replies":[{"embeddable":true,"href":"https:\/\/codeofbusinessconduct.equinix.com\/es-la\/wp-json\/wp\/v2\/comments?post=2406"}],"version-history":[{"count":6,"href":"https:\/\/codeofbusinessconduct.equinix.com\/es-la\/wp-json\/wp\/v2\/pages\/2406\/revisions"}],"predecessor-version":[{"id":2485,"href":"https:\/\/codeofbusinessconduct.equinix.com\/es-la\/wp-json\/wp\/v2\/pages\/2406\/revisions\/2485"}],"wp:attachment":[{"href":"https:\/\/codeofbusinessconduct.equinix.com\/es-la\/wp-json\/wp\/v2\/media?parent=2406"}],"curies":[{"name":"wp","href":"https:\/\/api.w.org\/{rel}","templated":true}]}}