{"id":2377,"date":"2021-10-22T21:39:24","date_gmt":"2021-10-22T21:39:24","guid":{"rendered":"https:\/\/codeofbusinessconduct.equinix.com\/?page_id=2377"},"modified":"2024-11-27T04:00:22","modified_gmt":"2024-11-27T04:00:22","slug":"homepage","status":"publish","type":"page","link":"https:\/\/codeofbusinessconduct.equinix.com\/es-la\/","title":{"rendered":"Homepage"},"content":{"rendered":"<section class=\"wpb-content-wrapper\"><p>[vc_row css_animation=&#8221;&#8221; row_type=&#8221;row&#8221; use_row_as_full_screen_section=&#8221;no&#8221; type=&#8221;full_width&#8221; angled_section=&#8221;no&#8221; text_align=&#8221;center&#8221; background_image_as_pattern=&#8221;without_pattern&#8221; z_index=&#8221;&#8221; background_image=&#8221;469&#8243; el_class=&#8221;slider-image&#8221;][vc_column][vc_column_text]<\/p>\n<h1>C\u00d3DIGO DE CONDUCTA EMPRESARIAL DE EQUINIX<\/h1>\n<p>[\/vc_column_text][\/vc_column][\/vc_row][vc_row css_animation=&#8221;&#8221; row_type=&#8221;row&#8221; use_row_as_full_screen_section=&#8221;no&#8221; type=&#8221;grid&#8221; angled_section=&#8221;no&#8221; text_align=&#8221;left&#8221; background_image_as_pattern=&#8221;without_pattern&#8221; z_index=&#8221;&#8221; padding_top=&#8221;50&#8243; padding_bottom=&#8221;32&#8243; el_class=&#8221;our-message&#8221;][vc_column width=&#8221;2\/3&#8243;][vc_single_image image=&#8221;2385&#8243; img_size=&#8221;full&#8221; qode_css_animation=&#8221;&#8221;][vc_empty_space height=&#8221;8px&#8221;][vc_column_text]<\/p>\n<h3>NUESTRO MENSAJE<\/h3>\n<div class=\"lead\">\n<p><span data-contrast=\"auto\">Estimados colegas,<\/span><span data-ccp-props=\"{}\">\u00a0<\/span><\/p>\n<p><span data-contrast=\"auto\">\u202f<\/span><span data-contrast=\"auto\">En Equinix, estamos incre\u00edblemente orgullosos de la exitosa organizaci\u00f3n que hemos construido juntos. Como empresa global l\u00edder en el sector, Equinix tiene la oportunidad y la responsabilidad de establecer un est\u00e1ndar de pr\u00e1cticas comerciales \u00e9ticas que permitan a nuestros clientes y socios saber que pueden confiar en nuestra empresa y en los productos y servicios que ofrecemos. Nuestra reputaci\u00f3n \u00e9tica es una de las caracter\u00edsticas que nos diferencian y algo que todos debemos apoyar.\u202f<\/span><span data-ccp-props=\"{}\">\u00a0<\/span><\/p>\n<p><span data-contrast=\"auto\">Nuestro C\u00f3digo de Conducta de Empresa refleja los valores \u00e9ticos y los est\u00e1ndares que constituyen los cimientos de Equinix. Nos proporciona la informaci\u00f3n, los recursos y las herramientas que necesitamos para crear est\u00e1ndares globales claros y coherentes para la conducta empresarial \u00e9tica y el cumplimiento de la legislaci\u00f3n. Todos los que conformamos la empresa debemos conocer el C\u00f3digo y utilizarlo como gu\u00eda para nuestro trabajo en nombre de la empresa. Est\u00e1 dise\u00f1ado para ayudarnos a tomar las decisiones correctas cuando nos enfrentamos a situaciones \u00e9ticas desafiantes.\u202f<\/span><span data-ccp-props=\"{}\">\u00a0<\/span><\/p>\n<p><span data-contrast=\"auto\">Como empleados de Equinix, todos tenemos el derecho y la responsabilidad de proteger nuestra cultura empresarial frente a cualquier conducta que suponga una amenaza para nuestros valores o da\u00f1e nuestra reputaci\u00f3n. Garantizar que todos nos hagamos responsables de actuar conforme a nuestros valores es parte de lo que hace de Equinix un lugar especial. Si alguna vez tiene preguntas o hay algo que le inquiete sobre una posible violaci\u00f3n de nuestro C\u00f3digo de Conducta de Empresa, por favor, no se lo calle. Le recomendamos que hable con su gerente, el director de cumplimiento de Equinix, el abogado general global o el director legal y de recursos humanos. Tambi\u00e9n puede denunciar de forma an\u00f3nima a trav\u00e9s de nuestro formulario en l\u00ednea o servicio telef\u00f3nico multiling\u00fce de \u00e9tica.\u202f<\/span><span data-ccp-props=\"{}\">\u00a0<\/span><\/p>\n<p><span data-contrast=\"auto\">En Equinix, nos enorgullecemos de ser personas \u00e9ticas, comprometidas y empoderadas. Nuestra gente y nuestra cultura han hecho de Equinix el l\u00edder que es hoy, y ser\u00e1n la base sobre la que construyamos nuestro \u00e9xito de cara al futuro.<\/span><span data-ccp-props=\"{}\">\u00a0<\/span><\/p>\n<p><span data-contrast=\"auto\">\u202f<\/span><strong>Adaire Fox-Martin\u00a0<\/strong><\/p>\n<p><span data-contrast=\"auto\">Consejero Delegado y Presidente<\/span><span data-ccp-props=\"{}\">\u00a0<\/span><\/p>\n<p><span data-contrast=\"auto\">\u202f<\/span><strong>Charles Meyers\u00a0<\/strong><\/p>\n<p><span data-contrast=\"auto\">Presidente Ejecutivo<\/span><span data-ccp-props=\"{}\">\u00a0<\/span><\/p>\n<\/div>\n<p>[\/vc_column_text][\/vc_column][vc_column width=&#8221;1\/3&#8243; el_class=&#8221;chief-images&#8221;][vc_single_image image=&#8221;4737&#8243; img_size=&#8221;full&#8221; qode_css_animation=&#8221;&#8221;][vc_single_image image=&#8221;4657&#8243; img_size=&#8221;full&#8221; qode_css_animation=&#8221;&#8221;][vc_column_text el_class=&#8221;team_header&#8221;]<strong>Adaire Fox-Martin\u00a0<\/strong><\/p>\n<p><span data-contrast=\"auto\">Consejero Delegado y Presidente<\/span><span data-ccp-props=\"{}\">\u00a0<\/span>[\/vc_column_text][vc_empty_space height=&#8221;30px&#8221;][vc_single_image image=&#8221;4777&#8243; img_size=&#8221;full&#8221; qode_css_animation=&#8221;&#8221;][vc_single_image image=&#8221;4797&#8243; img_size=&#8221;full&#8221; qode_css_animation=&#8221;&#8221;][vc_column_text el_class=&#8221;team_header&#8221;]<strong>Charles Meyers\u00a0<\/strong><\/p>\n<p><span data-contrast=\"auto\">Presidente Ejecutivo<\/span><span data-ccp-props=\"{}\">\u00a0<\/span>[\/vc_column_text][\/vc_column][\/vc_row][vc_row css_animation=&#8221;&#8221; row_type=&#8221;row&#8221; use_row_as_full_screen_section=&#8221;yes&#8221; type=&#8221;grid&#8221; angled_section=&#8221;no&#8221; text_align=&#8221;left&#8221; background_image_as_pattern=&#8221;without_pattern&#8221; z_index=&#8221;&#8221; background_color=&#8221;#eeeeee&#8221; padding_top=&#8221;34&#8243; padding_bottom=&#8221;68&#8243; el_class=&#8221;table-of-contents&#8221;][vc_column][vc_column_text]<\/p>\n<h3>Tabla de contenido<\/h3>\n<p>[\/vc_column_text][vc_row_inner row_type=&#8221;row&#8221; type=&#8221;full_width&#8221; text_align=&#8221;left&#8221; css_animation=&#8221;&#8221;][vc_column_inner width=&#8221;1\/2&#8243;][vc_column_text]<a class=\"anchor\" href=\"#Our_Purpose_and_Values\"><strong>NUESTRO PROP\u00d3SITO, SUE\u00d1O Y VALORES<\/strong><\/a><\/p>\n<p><a href=\"https:\/\/codeofbusinessconduct.equinix.com\/es-la\/our-code\"><strong>NUESTRO C\u00d3DIGO<\/strong><\/a><\/p>\n<ul>\n<li><a href=\"https:\/\/codeofbusinessconduct.equinix.com\/es-la\/our-code\/#why_we_have_a_code_of_business_conduct\">\u00bfPor qu\u00e9 tenemos un c\u00f3digo de conducta empresarial?<\/a><\/li>\n<li><a href=\"https:\/\/codeofbusinessconduct.equinix.com\/es-la\/our-code\/#who_is_required_to_follow_our_code\">\u00bfQui\u00e9n est\u00e1 obligado a seguir nuestro c\u00f3digo?<\/a><\/li>\n<li><a href=\"https:\/\/codeofbusinessconduct.equinix.com\/es-la\/our-code\/#ethics_in_action:_what_our_code_means_for_you\">La \u00e9tica en acci\u00f3n: \u00bfQu\u00e9 significa nuestro c\u00f3digo para usted?<\/a><\/li>\n<\/ul>\n<p><a href=\"https:\/\/codeofbusinessconduct.equinix.com\/es-la\/our-people\"><strong>NUESTRA GENTE<\/strong><\/a><\/p>\n<ul>\n<li><a href=\"https:\/\/codeofbusinessconduct.equinix.com\/es-la\/our-people\/#diversity\">Diversity<\/a><\/li>\n<li><a href=\"https:\/\/codeofbusinessconduct.equinix.com\/es-la\/our-people\/#dignity_and_respect\">Dignidad y respeto<\/a><\/li>\n<li><a href=\"https:\/\/codeofbusinessconduct.equinix.com\/es-la\/our-people\/#safety\">Seguridad<\/a><\/li>\n<\/ul>\n<p><a href=\"https:\/\/codeofbusinessconduct.equinix.com\/es-la\/our-business-relationships\"><strong>NUESTRAS RELACIONES EMPRESARIALES<\/strong><\/a><\/p>\n<ul>\n<li><a href=\"https:\/\/codeofbusinessconduct.equinix.com\/es-la\/our-business-relationships\/#Conflicts_of_interest\">Conflictos de intereses<\/a><\/li>\n<li><a href=\"https:\/\/codeofbusinessconduct.equinix.com\/es-la\/our-business-relationships\/#Gifts_and_entertainment\">Obsequios y entretenimiento<\/a><\/li>\n<li><a href=\"https:\/\/codeofbusinessconduct.equinix.com\/es-la\/our-business-relationships\/#Prohibited_payments_and_gifts_to_government_personnel\">Pagos y obsequios prohibidos a personal gubernamental<\/a><\/li>\n<li><a href=\"https:\/\/codeofbusinessconduct.equinix.com\/es-la\/our-business-relationships\/#Protecting_our_reputation_and_property\">Proteger nuestra reputaci\u00f3n y pertenencias<\/a><\/li>\n<li><a href=\"https:\/\/codeofbusinessconduct.equinix.com\/es-la\/our-business-relationships\/#Speaking_on_behalf_of_our_company\">Hablar en nombre de nuestra compa\u00f1\u00eda<\/a><\/li>\n<\/ul>\n<p>[\/vc_column_text][\/vc_column_inner][vc_column_inner width=&#8221;1\/2&#8243;][vc_column_text]<a href=\"https:\/\/codeofbusinessconduct.equinix.com\/es-la\/our-commitment-to-the-law\/#Competition_and_fair_dealing\"><strong>NUESTRO COMPROMISO ANTE LA LEY<\/strong><\/a><\/p>\n<ul>\n<li><a href=\"https:\/\/codeofbusinessconduct.equinix.com\/es-la\/our-commitment-to-the-law\/#Competition_and_fair_dealing\">Competencia y trato justo<\/a><\/li>\n<li><a href=\"https:\/\/codeofbusinessconduct.equinix.com\/es-la\/our-commitment-to-the-law\/#Daily_privacy\">Privacidad de datos<\/a><\/li>\n<li><a href=\"https:\/\/codeofbusinessconduct.equinix.com\/es-la\/our-commitment-to-the-law\/#Anti-bribery_and_corruption\">Leyes antisoborno y anticorrupci\u00f3n <\/a><\/li>\n<li><a href=\"https:\/\/codeofbusinessconduct.equinix.com\/es-la\/our-commitment-to-the-law\/#Intellectual_property\">Propiedad intelectual<\/a><\/li>\n<li><a href=\"https:\/\/codeofbusinessconduct.equinix.com\/es-la\/our-commitment-to-the-law\/#Inside_information_and_securities_trading\">Informaci\u00f3n privilegiada y negociaci\u00f3n de valores<\/a><\/li>\n<\/ul>\n<p><a href=\"https:\/\/codeofbusinessconduct.equinix.com\/es-la\/our-community\/\"><strong>NUESTRA COMUNIDAD<\/strong><\/a><\/p>\n<ul>\n<li><a href=\"https:\/\/codeofbusinessconduct.equinix.com\/es-la\/our-community\/#Human_rights\">Derechos humanos<\/a><\/li>\n<li><a href=\"https:\/\/codeofbusinessconduct.equinix.com\/es-la\/our-community\/#Charitable_contributions\">Contribuciones de caridad<\/a><\/li>\n<li><a href=\"https:\/\/codeofbusinessconduct.equinix.com\/es-la\/our-community\/#Political_activities_and_contributions\">Actividades y contribuciones pol\u00edticas<\/a><\/li>\n<li><a href=\"https:\/\/codeofbusinessconduct.equinix.com\/es-la\/our-community\/#The_environment\">El ambiente<\/a><\/li>\n<\/ul>\n<p><a href=\"https:\/\/codeofbusinessconduct.equinix.com\/es-la\/our-responsibility\"><strong>NUESTRA RESPONSABILIDAD<\/strong><\/a><\/p>\n<ul>\n<li><a href=\"https:\/\/codeofbusinessconduct.equinix.com\/es-la\/our-responsibility\/#Your_voice_matters\">Su voz nos importa<\/a><\/li>\n<li><a href=\"https:\/\/codeofbusinessconduct.equinix.com\/es-la\/our-responsibility\/#Ways_to_speak_up\">Maneras de alzar la voz<\/a><\/li>\n<li><a href=\"https:\/\/codeofbusinessconduct.equinix.com\/es-la\/our-responsibility\/#Whistleblower_protection_policy\">Pol\u00edtica de protecci\u00f3n de informantes<\/a><\/li>\n<li><a href=\"https:\/\/codeofbusinessconduct.equinix.com\/es-la\/our-responsibility\/#Code_of_business_conduct_waivers\">Renuncias al c\u00f3digo de conducta empresarial<\/a><\/li>\n<\/ul>\n<p><a href=\"https:\/\/codeofbusinessconduct.equinix.com\/es-la\/additional-resources\/\"><strong>RECURSOS ADICIONALES<\/strong><\/a>[\/vc_column_text][\/vc_column_inner][\/vc_row_inner][\/vc_column][\/vc_row][vc_row css_animation=&#8221;&#8221; row_type=&#8221;row&#8221; use_row_as_full_screen_section=&#8221;no&#8221; type=&#8221;grid&#8221; angled_section=&#8221;no&#8221; text_align=&#8221;left&#8221; background_image_as_pattern=&#8221;without_pattern&#8221; z_index=&#8221;&#8221; padding_top=&#8221;32&#8243; padding_bottom=&#8221;50&#8243; el_class=&#8221;purpose_values our_space&#8221; anchor=&#8221;Our_Purpose_and_Values&#8221;][vc_column width=&#8221;1\/2&#8243; css=&#8221;.vc_custom_1615551557750{padding-bottom: 40px !important;}&#8221;][vc_single_image image=&#8221;2383&#8243; img_size=&#8221;full&#8221; alignment=&#8221;center&#8221; qode_css_animation=&#8221;&#8221; el_class=&#8221;w-100&#8243;][\/vc_column][vc_column width=&#8221;1\/2&#8243; css=&#8221;.vc_custom_1615792034246{padding-bottom: 40px !important;}&#8221;][vc_single_image image=&#8221;2384&#8243; img_size=&#8221;full&#8221; qode_css_animation=&#8221;&#8221;][vc_empty_space height=&#8221;8px&#8221;][vc_column_text]<\/p>\n<h3>NUESTRO PROP\u00d3SITO, SUE\u00d1O Y VALORES<\/h3>\n<div class=\"lead\">La promesa de Equinix<\/div>\n<h4>NUESTRO PROP\u00d3SITO<\/h4>\n<p>Protegemos, conectamos y promovemos la econom\u00eda digital.<\/p>\n<h4>NUESTROS VALORES<\/h4>\n<ul>\n<li>Nuestros clientes cuentan con nosotros para cumplir con sus compromisos<\/li>\n<li>Equinix cuenta con personas dedicadas que se exigen mutuamente para lograr una ejecuci\u00f3n de alto nivel<\/li>\n<li>Valoramos una cultura de pensamiento y acci\u00f3n llevados con disciplina<\/li>\n<li>En Equinix, establecemos altos est\u00e1ndares de excelencia<\/li>\n<li>Nuestra pasi\u00f3n por crear una gran compa\u00f1\u00eda perdurable es la prioridad n\u00famero uno<\/li>\n<\/ul>\n<p>[\/vc_column_text][\/vc_column][\/vc_row]<\/p>\n<\/section>","protected":false},"excerpt":{"rendered":"<p>[vc_row css_animation=&#8221;&#8221; row_type=&#8221;row&#8221; use_row_as_full_screen_section=&#8221;no&#8221; type=&#8221;full_width&#8221; angled_section=&#8221;no&#8221; text_align=&#8221;center&#8221; background_image_as_pattern=&#8221;without_pattern&#8221; z_index=&#8221;&#8221; background_image=&#8221;469&#8243; el_class=&#8221;slider-image&#8221;][vc_column][vc_column_text] C\u00d3DIGO DE CONDUCTA EMPRESARIAL DE EQUINIX [\/vc_column_text][\/vc_column][\/vc_row][vc_row css_animation=&#8221;&#8221; row_type=&#8221;row&#8221; use_row_as_full_screen_section=&#8221;no&#8221; type=&#8221;grid&#8221; angled_section=&#8221;no&#8221; text_align=&#8221;left&#8221; background_image_as_pattern=&#8221;without_pattern&#8221; z_index=&#8221;&#8221; padding_top=&#8221;50&#8243; padding_bottom=&#8221;32&#8243; el_class=&#8221;our-message&#8221;][vc_column width=&#8221;2\/3&#8243;][vc_single_image image=&#8221;2385&#8243; img_size=&#8221;full&#8221; qode_css_animation=&#8221;&#8221;][vc_empty_space height=&#8221;8px&#8221;][vc_column_text] NUESTRO MENSAJE Estimados colegas,\u00a0 \u202fEn Equinix, estamos incre\u00edblemente orgullosos de la&#8230;<\/p>\n","protected":false},"author":1,"featured_media":0,"parent":0,"menu_order":1,"comment_status":"closed","ping_status":"closed","template":"full_width.php","meta":{"inline_featured_image":false,"footnotes":""},"class_list":["post-2377","page","type-page","status-publish","hentry"],"yoast_head":"<!-- This site is optimized with the Yoast SEO plugin v25.8 - https:\/\/yoast.com\/wordpress\/plugins\/seo\/ -->\n<title>Homepage - Equinix Code of Business Conduct<\/title>\n<meta name=\"robots\" content=\"index, follow, max-snippet:-1, max-image-preview:large, max-video-preview:-1\" \/>\n<link rel=\"canonical\" href=\"https:\/\/codeofbusinessconduct.equinix.com\/es-la\/\" \/>\n<meta property=\"og:locale\" content=\"es_LA\" \/>\n<meta property=\"og:type\" content=\"article\" \/>\n<meta property=\"og:title\" content=\"Homepage - Equinix Code of Business Conduct\" \/>\n<meta property=\"og:description\" content=\"[vc_row css_animation=&#8221;&#8221; row_type=&#8221;row&#8221; use_row_as_full_screen_section=&#8221;no&#8221; type=&#8221;full_width&#8221; angled_section=&#8221;no&#8221; text_align=&#8221;center&#8221; background_image_as_pattern=&#8221;without_pattern&#8221; z_index=&#8221;&#8221; background_image=&#8221;469&#8243; el_class=&#8221;slider-image&#8221;][vc_column][vc_column_text] C\u00d3DIGO DE CONDUCTA EMPRESARIAL DE EQUINIX [\/vc_column_text][\/vc_column][\/vc_row][vc_row css_animation=&#8221;&#8221; row_type=&#8221;row&#8221; use_row_as_full_screen_section=&#8221;no&#8221; type=&#8221;grid&#8221; angled_section=&#8221;no&#8221; text_align=&#8221;left&#8221; background_image_as_pattern=&#8221;without_pattern&#8221; z_index=&#8221;&#8221; padding_top=&#8221;50&#8243; padding_bottom=&#8221;32&#8243; el_class=&#8221;our-message&#8221;][vc_column width=&#8221;2\/3&#8243;][vc_single_image image=&#8221;2385&#8243; img_size=&#8221;full&#8221; qode_css_animation=&#8221;&#8221;][vc_empty_space height=&#8221;8px&#8221;][vc_column_text] NUESTRO MENSAJE Estimados colegas,\u00a0 \u202fEn Equinix, estamos incre\u00edblemente orgullosos de la...\" \/>\n<meta property=\"og:url\" content=\"https:\/\/codeofbusinessconduct.equinix.com\/es-la\/\" \/>\n<meta property=\"og:site_name\" content=\"Equinix Code of Business Conduct\" \/>\n<meta property=\"article:modified_time\" content=\"2024-11-27T04:00:22+00:00\" \/>\n<meta name=\"twitter:card\" content=\"summary_large_image\" \/>\n<meta name=\"twitter:label1\" content=\"Est. reading time\" \/>\n\t<meta name=\"twitter:data1\" content=\"5 minutes\" \/>\n<script type=\"application\/ld+json\" class=\"yoast-schema-graph\">{\"@context\":\"https:\/\/schema.org\",\"@graph\":[{\"@type\":\"WebPage\",\"@id\":\"https:\/\/codeofbusinessconduct.equinix.com\/es-la\/\",\"url\":\"https:\/\/codeofbusinessconduct.equinix.com\/es-la\/\",\"name\":\"Homepage - Equinix Code of Business Conduct\",\"isPartOf\":{\"@id\":\"https:\/\/cobc-prod.azurewebsites.net\/#website\"},\"datePublished\":\"2021-10-22T21:39:24+00:00\",\"dateModified\":\"2024-11-27T04:00:22+00:00\",\"breadcrumb\":{\"@id\":\"https:\/\/codeofbusinessconduct.equinix.com\/es-la\/#breadcrumb\"},\"inLanguage\":\"es-LA\",\"potentialAction\":[{\"@type\":\"ReadAction\",\"target\":[\"https:\/\/codeofbusinessconduct.equinix.com\/es-la\/\"]}]},{\"@type\":\"BreadcrumbList\",\"@id\":\"https:\/\/codeofbusinessconduct.equinix.com\/es-la\/#breadcrumb\",\"itemListElement\":[{\"@type\":\"ListItem\",\"position\":1,\"name\":\"Home\",\"item\":\"https:\/\/codeofbusinessconduct.equinix.com\/es-la\/\"},{\"@type\":\"ListItem\",\"position\":2,\"name\":\"Homepage\"}]},{\"@type\":\"WebSite\",\"@id\":\"https:\/\/cobc-prod.azurewebsites.net\/#website\",\"url\":\"https:\/\/cobc-prod.azurewebsites.net\/\",\"name\":\"Equinix Code of Business Conduct\",\"description\":\"\",\"potentialAction\":[{\"@type\":\"SearchAction\",\"target\":{\"@type\":\"EntryPoint\",\"urlTemplate\":\"https:\/\/cobc-prod.azurewebsites.net\/?s={search_term_string}\"},\"query-input\":{\"@type\":\"PropertyValueSpecification\",\"valueRequired\":true,\"valueName\":\"search_term_string\"}}],\"inLanguage\":\"es-LA\"}]}<\/script>\n<!-- \/ Yoast SEO plugin. -->","yoast_head_json":{"title":"Homepage - Equinix Code of Business Conduct","robots":{"index":"index","follow":"follow","max-snippet":"max-snippet:-1","max-image-preview":"max-image-preview:large","max-video-preview":"max-video-preview:-1"},"canonical":"https:\/\/codeofbusinessconduct.equinix.com\/es-la\/","og_locale":"es_LA","og_type":"article","og_title":"Homepage - Equinix Code of Business Conduct","og_description":"[vc_row css_animation=&#8221;&#8221; row_type=&#8221;row&#8221; use_row_as_full_screen_section=&#8221;no&#8221; type=&#8221;full_width&#8221; angled_section=&#8221;no&#8221; text_align=&#8221;center&#8221; background_image_as_pattern=&#8221;without_pattern&#8221; z_index=&#8221;&#8221; background_image=&#8221;469&#8243; el_class=&#8221;slider-image&#8221;][vc_column][vc_column_text] C\u00d3DIGO DE CONDUCTA EMPRESARIAL DE EQUINIX [\/vc_column_text][\/vc_column][\/vc_row][vc_row css_animation=&#8221;&#8221; row_type=&#8221;row&#8221; use_row_as_full_screen_section=&#8221;no&#8221; type=&#8221;grid&#8221; angled_section=&#8221;no&#8221; text_align=&#8221;left&#8221; background_image_as_pattern=&#8221;without_pattern&#8221; z_index=&#8221;&#8221; padding_top=&#8221;50&#8243; padding_bottom=&#8221;32&#8243; el_class=&#8221;our-message&#8221;][vc_column width=&#8221;2\/3&#8243;][vc_single_image image=&#8221;2385&#8243; img_size=&#8221;full&#8221; qode_css_animation=&#8221;&#8221;][vc_empty_space height=&#8221;8px&#8221;][vc_column_text] NUESTRO MENSAJE Estimados colegas,\u00a0 \u202fEn Equinix, estamos incre\u00edblemente orgullosos de la...","og_url":"https:\/\/codeofbusinessconduct.equinix.com\/es-la\/","og_site_name":"Equinix Code of Business Conduct","article_modified_time":"2024-11-27T04:00:22+00:00","twitter_card":"summary_large_image","twitter_misc":{"Est. reading time":"5 minutes"},"schema":{"@context":"https:\/\/schema.org","@graph":[{"@type":"WebPage","@id":"https:\/\/codeofbusinessconduct.equinix.com\/es-la\/","url":"https:\/\/codeofbusinessconduct.equinix.com\/es-la\/","name":"Homepage - Equinix Code of Business Conduct","isPartOf":{"@id":"https:\/\/cobc-prod.azurewebsites.net\/#website"},"datePublished":"2021-10-22T21:39:24+00:00","dateModified":"2024-11-27T04:00:22+00:00","breadcrumb":{"@id":"https:\/\/codeofbusinessconduct.equinix.com\/es-la\/#breadcrumb"},"inLanguage":"es-LA","potentialAction":[{"@type":"ReadAction","target":["https:\/\/codeofbusinessconduct.equinix.com\/es-la\/"]}]},{"@type":"BreadcrumbList","@id":"https:\/\/codeofbusinessconduct.equinix.com\/es-la\/#breadcrumb","itemListElement":[{"@type":"ListItem","position":1,"name":"Home","item":"https:\/\/codeofbusinessconduct.equinix.com\/es-la\/"},{"@type":"ListItem","position":2,"name":"Homepage"}]},{"@type":"WebSite","@id":"https:\/\/cobc-prod.azurewebsites.net\/#website","url":"https:\/\/cobc-prod.azurewebsites.net\/","name":"Equinix Code of Business Conduct","description":"","potentialAction":[{"@type":"SearchAction","target":{"@type":"EntryPoint","urlTemplate":"https:\/\/cobc-prod.azurewebsites.net\/?s={search_term_string}"},"query-input":{"@type":"PropertyValueSpecification","valueRequired":true,"valueName":"search_term_string"}}],"inLanguage":"es-LA"}]}},"_links":{"self":[{"href":"https:\/\/codeofbusinessconduct.equinix.com\/es-la\/wp-json\/wp\/v2\/pages\/2377","targetHints":{"allow":["GET"]}}],"collection":[{"href":"https:\/\/codeofbusinessconduct.equinix.com\/es-la\/wp-json\/wp\/v2\/pages"}],"about":[{"href":"https:\/\/codeofbusinessconduct.equinix.com\/es-la\/wp-json\/wp\/v2\/types\/page"}],"author":[{"embeddable":true,"href":"https:\/\/codeofbusinessconduct.equinix.com\/es-la\/wp-json\/wp\/v2\/users\/1"}],"replies":[{"embeddable":true,"href":"https:\/\/codeofbusinessconduct.equinix.com\/es-la\/wp-json\/wp\/v2\/comments?post=2377"}],"version-history":[{"count":13,"href":"https:\/\/codeofbusinessconduct.equinix.com\/es-la\/wp-json\/wp\/v2\/pages\/2377\/revisions"}],"predecessor-version":[{"id":4909,"href":"https:\/\/codeofbusinessconduct.equinix.com\/es-la\/wp-json\/wp\/v2\/pages\/2377\/revisions\/4909"}],"wp:attachment":[{"href":"https:\/\/codeofbusinessconduct.equinix.com\/es-la\/wp-json\/wp\/v2\/media?parent=2377"}],"curies":[{"name":"wp","href":"https:\/\/api.w.org\/{rel}","templated":true}]}}