{"id":687,"date":"2021-03-10T06:22:20","date_gmt":"2021-03-10T06:22:20","guid":{"rendered":"https:\/\/codeofbusinessconduct.equinix.com\/additional-resources\/"},"modified":"2025-12-15T11:26:24","modified_gmt":"2025-12-15T11:26:24","slug":"additional-resources","status":"publish","type":"page","link":"https:\/\/codeofbusinessconduct.equinix.com\/de\/additional-resources\/","title":{"rendered":"WEITERE RESSOURCEN"},"content":{"rendered":"<section class=\"wpb-content-wrapper\"><p>[vc_row css_animation=&#8221;&#8221; row_type=&#8221;row&#8221; use_row_as_full_screen_section=&#8221;no&#8221; type=&#8221;full_width&#8221; angled_section=&#8221;no&#8221; text_align=&#8221;left&#8221; background_image_as_pattern=&#8221;without_pattern&#8221;][vc_column][vc_raw_html]JTNDZGl2JTIwY2xhc3MlM0QlMjJkLWZsZXglMjIlMjBzdHlsZSUzRCUyMmRpc3BsYXklM0FmbGV4JTIyJTIwJTIxaW1wb3J0YW50JTNCJTNFJTBBJTNDaW1nJTIwc3JjJTNEJTIyJTJGd3AtY29udGVudCUyRnVwbG9hZHMlMkYyMDI1JTJGMTIlMkZQaWN0dXJlMl9pbXJlc2l6ZXItMi5qcGclMjIlM0UlMEElM0NoMSUyMHN0eWxlJTNEJTIyJTIwY29sb3IlM0ElMjByZWQlM0IlMjBwYWRkaW5nJTNBJTIwMTBweCUyMiUzRVdFSVRFUkUlMjBSRVNTT1VSQ0VOJTIwJTNDJTJGaDElM0UlMEElM0MlMkZkaXYlM0U=[\/vc_raw_html][\/vc_column][\/vc_row][vc_row css_animation=&#8221;&#8221; row_type=&#8221;row&#8221; use_row_as_full_screen_section=&#8221;no&#8221; type=&#8221;full_width&#8221; angled_section=&#8221;no&#8221; text_align=&#8221;left&#8221; background_image_as_pattern=&#8221;without_pattern&#8221; z_index=&#8221;&#8221; padding_top=&#8221;30&#8243; padding_bottom=&#8221;20&#8243;][vc_column css=&#8221;.vc_custom_1615550437479{padding-bottom: 20px !important;}&#8221;][vc_column_text]<\/p>\n<p style=\"width: 105%;\">Bei Equinix wird unser Handeln stets von Integrit\u00e4t und Ethik begleitet. Jeder von uns hilft mit, eine Kultur zu schaffen, die auf Vertrauen und Transparenz basiert. Unser Verhaltenskodex ist Ihr Kompass f\u00fcr den Arbeitsalltag und hilft Ihnen, diese Prinzipien anzuwenden und vorzuleben \u2013 in jeder Rolle, bei jeder Entscheidung und \u00fcberall und jederzeit. Hier finden Sie weitere Ressourcen und Unterst\u00fctzung, um \u00fcberzeugte, ethische Entscheidungen zu treffen.<\/p>\n<p>[\/vc_column_text][\/vc_column][\/vc_row][vc_row css_animation=&#8221;&#8221; row_type=&#8221;row&#8221; use_row_as_full_screen_section=&#8221;no&#8221; type=&#8221;full_width&#8221; angled_section=&#8221;no&#8221; text_align=&#8221;left&#8221; background_image_as_pattern=&#8221;without_pattern&#8221; z_index=&#8221;&#8221; padding_bottom=&#8221;140&#8243; el_class=&#8221;addition_resource addition_space&#8221; anchor=&#8221;recommended_readings&#8221;][vc_column width=&#8221;1\/3&#8243; el_class=&#8221;purpose_values&#8221; css=&#8221;.vc_custom_1615786880429{padding-bottom: 40px !important;}&#8221;][vc_column_text]<\/p>\n<h4 style=\"color: red;\">IHRE VERANTWORTLICHKEITEN<\/h4>\n<p><span style=\"color: red;\">Den Kodex kennen:<\/span> : Sie m\u00fcssen die<br \/>\nRichtlinien und Leitlinien von Equinix kennen<br \/>\nund befolgen.<\/p>\n<p><span style=\"color: red;\">Handeln:<\/span> Melden Sie Probleme, hinterfragen<br \/>\nSie Dinge und helfen Sie mit, unsere ethische<br \/>\nKultur aufrechtzuerhalten.<\/p>\n<p><span style=\"color: red;\">Den besten Kanal w\u00e4hlen:<\/span> Setzen Sie sich mit<br \/>\nuns auf die Weise in Verbindung, die f\u00fcr Sie<br \/>\nam angenehmsten ist \u2013 \u00fcber die anonyme<br \/>\nHelpline, per E-Mail oder \u00fcber unser<br \/>\naktualisiertes Online-Portal.[\/vc_column_text][vc_empty_space height=&#8221;35px&#8221;][vc_column_text]<\/p>\n<h4 style=\"color: red;\">BEDENKEN ODER VERST\u00d6SSE MELDEN<\/h4>\n<p>Verwenden Sie eine der folgenden Optionen,<br \/>\num Probleme oder Bedenken hinsichtlich der<br \/>\nCompliance zu melden:<\/p>\n<p>[\/vc_column_text][vc_empty_space height=&#8221;10px&#8221;][vc_column_text]<\/p>\n<h4><span style=\"color: red;\">HOTLINE F\u00dcR COMPLIANCE-MELDUNGEN<\/span><\/h4>\n<p>(auch anonym m\u00f6glich):<br \/>\n<a style=\"text-decoration: none; color: black;\" href=\"https:\/\/secure.ethicspoint.com\/domain\/media\/en\/gui\/54104\/index.html\"><span style=\"text-decoration-color: black; color: black;\">www.equinix.ethicspoint.com<\/span><\/a><\/p>\n<p>[\/vc_column_text][vc_empty_space height=&#8221;20px&#8221;][vc_column_text]<\/p>\n<h4><span style=\"color: red;\">VERZICHTSANFRAGEN BEI<br \/>\nINTERESSENKONFLIKTEN<\/span><\/h4>\n<p><a style=\"text-decoration: none; color: black;\" href=\"https:\/\/equinix.ethicspointvp.com\/custom\/equinix\/forms\/coi\/form_data.asp\"><span style=\"color: black;\">www.equinix.ethicspoint.com<\/span><\/a>[\/vc_column_text][vc_empty_space height=&#8221;15px&#8221;][vc_column_text]<\/p>\n<h4><span style=\"color: red;\">KONTAKT COMPLIANCE-TEAM<\/span><\/h4>\n<p><a style=\"text-decoration: none; color: black;\" href=\"mailto: ethicsandcompliance@equinix.com\"> <span style=\"color: black;\">Email: ethicsandcompliance@equinix.com<\/span><\/a>[\/vc_column_text][\/vc_column][vc_column width=&#8221;1\/3&#8243;][vc_column_text]<\/p>\n<h4>KONTAKTSTELLEN<\/h4>\n<p><strong> F\u00fcr rechtliche Anfragen wenden Sie sich<br \/>\nbitte an:<\/strong><\/p>\n<ul>\n<li>den Chief Legal Officer<\/li>\n<li>Ihren lokalen Vice President of Legal<br \/>\n(Nord- und S\u00fcdamerika, Asien-Pazifik<br \/>\noder EMEA)<\/li>\n<li>VP, Risk &amp; Compliance Officer<\/li>\n<\/ul>\n<p>[\/vc_column_text][vc_empty_space][vc_column_text]<strong>F\u00fcr Personalanfragen wenden Sie sich<br \/>\nbitte an:<\/strong><\/p>\n<ul>\n<li>den Chief People Officer<\/li>\n<li>Kontakt Personalabteilung (extern) per<br \/>\nE-Mail \u00fcber diesen <a href=\"mailto: HRServices@equinix.com\"><span style=\"text-decoration: underline; text-decoration-color: black; color: black;\"> link.<\/span><\/a><\/li>\n<li>Kontakt Personalabteilung (intern) Um<br \/>\nintern eine Anfrage zu stellen, verwenden<br \/>\nSie bitte diesen <a href=\"https:\/\/myhresc.equinix.com\/\"><span style=\"text-decoration: underline; text-decoration-color: black; color: black;\">link.<\/span><\/a><\/li>\n<\/ul>\n<p>[\/vc_column_text][vc_empty_space][vc_column_text]<strong>F\u00fcr Fragen zur Informationssicherheit<br \/>\nwenden Sie sich bitte an:<\/strong><\/p>\n<ul>\n<li>das globale Informationssicherheitsteam:<br \/>\nE-Mail:<a href=\"mailto: infosec@equinix.com\"> <span style=\"text-decoration: underline; text-decoration-color: black; color: black;\">infosec@equinix.com<\/span><\/a><\/li>\n<li>den Information Security Officer<\/li>\n<\/ul>\n<p>[\/vc_column_text][vc_empty_space][vc_column_text]<strong> F\u00fcr Anfragen zu Spenden wenden Sie<br \/>\nsich bitte an:<\/strong><br \/>\n<a href=\"mailto: EquinixImpact@equinix.com\"> <span style=\"text-decoration: underline; text-decoration-color: black; color: black;\">EquinixImpact@equinix.com<\/span><\/a>[\/vc_column_text][\/vc_column][vc_column width=&#8221;1\/3&#8243; el_class=&#8221;purpose_values&#8221; css=&#8221;.vc_custom_1615786886049{padding-bottom: 40px !important;}&#8221;][vc_single_image image=&#8221;5177&#8243; img_size=&#8221;full&#8221; qode_css_animation=&#8221;&#8221; el_class=&#8221;w-100&#8243;][vc_empty_space height=&#8221;20px&#8221;][vc_column_text]<\/p>\n<h4>VERBUNDENE RICHTLINIEN UND EMPFOHLENE LEKT\u00dcRE<\/h4>\n<ul>\n<li><a href=\"https:\/\/brand.equinix.com\/\" target=\"_blank\" rel=\"noopener\">Unsere Marke<\/a><\/li>\n<li><a href=\"https:\/\/d1io3yog0oux5.cloudfront.net\/_6516f53b171c92a82cc4310bc5d7b1d4\/equinix\/db\/2170\/20630\/file\/Equinix+Whistleblower+Policy+%281%29.pdf\" target=\"_blank\" rel=\"noopener\">Whistleblower-Schutzrichtlinie<\/a><\/li>\n<\/ul>\n<p>[\/vc_column_text][vc_empty_space height=&#8221;20px&#8221;]\n        <div class=\"resources_login\">\n            <p>Die folgenden Dateien sind auf Mitarbeiter von Equinix beschr\u00e4nkt. Der Zugriff auf mobile Ger\u00e4te kann ebenfalls eingeschr\u00e4nkt sein. Bitte besuchen Sie den Hub \u00fcber einen vom Unternehmen ausgestellten Desktop oder Laptop, um auf die zus\u00e4tzlichen Links unten zuzugreifen.<\/p>\n            <div class=\"resouce_btn\">\n                <a href=\"https:\/\/codeofbusinessconduct.equinix.com\/?option=saml_user_login&redirect_to=https%3A%2F%2Fcodeofbusinessconduct.equinix.com%2Fadditional-resources%2F\">Anmeldung<\/a>\n                <a href=\"https:\/\/intranet.equinix.com\/Pages\/Home.aspx\" target=\"_self\">Gehen Sie zum Hub<\/a>\n            <\/div>\n        <\/div>\n        <div class=\"log_list disabled dlog\"><\/p>\n<ul>\n<li><a href=\"https:\/\/equinixinc.sharepoint.com\/sites\/Intranet\/SitePages\/Equinix%20Impact\/Employee-Philanthropy-and-Volunteering.aspx?web=1\" target=\"_blank\" rel=\"noopener\">Equinix Matching-Gifts-Programm<\/a><\/li>\n<li><a href=\"https:\/\/equinix.service-now.com\/hr?id=eqx_emp_taxonomy_topic&amp;topic_id=de107691477cee18224c460e436d43a4&amp;in_context=true\" target=\"_blank\" rel=\"noopener\">Globales Mitarbeiterhandbuch<\/a><\/li>\n<li><a href=\"https:\/\/equinixinc.sharepoint.com\/sites\/Intranet\/Company\/Forms\/AllItems.aspx?id=%2Fsites%2FIntranet%2FCompany%2FEquinix%20Foundation%2FThe%20Equinix%20Foundation%20Global%20Giving%20Policy%2Epdf&amp;parent=%2Fsites%2FIntranet%2FCompany%2FEquinix%20Foundation\" target=\"_blank\" rel=\"noopener\">Globale Spendenrichtlinie<\/a><\/li>\n<li><a href=\"https:\/\/equinixinc.sharepoint.com\/sites\/TechITHub\/SitePages\/InfoSec-Resources.aspx\" target=\"_blank\" rel=\"noopener\">Ressourcen f\u00fcr globale Informationssicherheit<\/a><\/li>\n<li><a href=\"https:\/\/equinix.service-now.com\/epp?sys_kb_id=28fdfe2f8350ee906bc77a10feaad3dd&amp;id=kb_article_view&amp;sysparm_rank=1&amp;sysparm_tsqueryId=a65ff768c3576214e86ed7dc05013115\" target=\"_blank\" rel=\"noopener\">Globale Richtlinie zur akzeptablen Nutzung bez\u00fcglich globaler<\/a><\/li>\n<li><a href=\"https:\/\/equinixinc.sharepoint.com\/:w:\/r\/sites\/Intranet\/_layouts\/15\/Doc.aspx?sourcedoc=%7BE4B7ECB7-6BC0-4E45-BA5A-83DAFCBF45FA%7D&amp;file=Record%20Management%20Policy.docm&amp;action=default&amp;mobileredirect=true\">Informationssicherheit<\/a><\/li>\n<li><a href=\"https:\/\/equinixinc.sharepoint.com\/sites\/Intranet\/SitePages\/Marketing\/Social-Media.aspx?web=1\" target=\"_blank\" rel=\"noopener\">Globale Richtlinien f\u00fcr Social Media<\/a><\/li>\n<li><a href=\"https:\/\/equinixinc.sharepoint.com\/sites\/Intranet\/Procurement\/Forms\/AllItems.aspx?id=%2Fsites%2FIntranet%2FProcurement%2FTravel%20HUB%2FGlobal%20Travel%20%26%20Expense%20Policy%20%2Epdf&amp;parent=%2Fsites%2FIntranet%2FProcurement%2FTravel%20HUB\" target=\"_blank\" rel=\"noopener\">Globale Reise- und Ausgabenrichtlinie<\/a><\/li>\n<li><a href=\"https:\/\/equinixinc.sharepoint.com\/sites\/Intranet\/SitePages\/Legal\/Securities-Trading-Policies.aspx?web=1&amp;CT=1720547444662&amp;OR=OWA-NT-Calendar&amp;CID=35e2a192-187f-cca2-9782-d1bf1730510d\" target=\"_blank\" rel=\"noopener\">Richtlinie f\u00fcr den Wertpapierhandel<\/a><\/li>\n<li><a href=\"https:\/\/equinixinc.sharepoint.com\/sites\/Intranet\/SitePages\/Sustainability.aspx?web=1\" target=\"_blank\" rel=\"noopener\">Nachhaltigkeit<\/a><\/li>\n<\/ul>\n<p><\/div>[vc_empty_space height=&#8221;26px&#8221;][vc_column_text][\/vc_column_text][vc_column_text][\/vc_column_text][\/vc_column][\/vc_row]<\/p>\n<\/section>","protected":false},"excerpt":{"rendered":"<p>[vc_row css_animation=&#8221;&#8221; row_type=&#8221;row&#8221; use_row_as_full_screen_section=&#8221;no&#8221; type=&#8221;full_width&#8221; angled_section=&#8221;no&#8221; text_align=&#8221;left&#8221; background_image_as_pattern=&#8221;without_pattern&#8221;][vc_column][vc_raw_html]JTNDZGl2JTIwY2xhc3MlM0QlMjJkLWZsZXglMjIlMjBzdHlsZSUzRCUyMmRpc3BsYXklM0FmbGV4JTIyJTIwJTIxaW1wb3J0YW50JTNCJTNFJTBBJTNDaW1nJTIwc3JjJTNEJTIyJTJGd3AtY29udGVudCUyRnVwbG9hZHMlMkYyMDI1JTJGMTIlMkZQaWN0dXJlMl9pbXJlc2l6ZXItMi5qcGclMjIlM0UlMEElM0NoMSUyMHN0eWxlJTNEJTIyJTIwY29sb3IlM0ElMjByZWQlM0IlMjBwYWRkaW5nJTNBJTIwMTBweCUyMiUzRVdFSVRFUkUlMjBSRVNTT1VSQ0VOJTIwJTNDJTJGaDElM0UlMEElM0MlMkZkaXYlM0U=[\/vc_raw_html][\/vc_column][\/vc_row][vc_row css_animation=&#8221;&#8221; row_type=&#8221;row&#8221; use_row_as_full_screen_section=&#8221;no&#8221; type=&#8221;full_width&#8221; angled_section=&#8221;no&#8221; text_align=&#8221;left&#8221; background_image_as_pattern=&#8221;without_pattern&#8221; z_index=&#8221;&#8221; padding_top=&#8221;30&#8243; padding_bottom=&#8221;20&#8243;][vc_column css=&#8221;.vc_custom_1615550437479{padding-bottom: 20px !important;}&#8221;][vc_column_text] Bei Equinix wird unser Handeln stets von Integrit\u00e4t und Ethik begleitet. Jeder von uns hilft mit, eine Kultur zu schaffen, die auf Vertrauen und&#8230;<\/p>\n","protected":false},"author":1,"featured_media":0,"parent":0,"menu_order":0,"comment_status":"closed","ping_status":"closed","template":"","meta":{"inline_featured_image":false,"footnotes":""},"class_list":["post-687","page","type-page","status-publish","hentry"],"yoast_head":"<!-- This site is optimized with the Yoast SEO plugin v25.8 - https:\/\/yoast.com\/wordpress\/plugins\/seo\/ -->\n<title>WEITERE RESSOURCEN - Equinix Code of Business Conduct<\/title>\n<meta name=\"robots\" content=\"index, follow, max-snippet:-1, max-image-preview:large, max-video-preview:-1\" \/>\n<link rel=\"canonical\" href=\"https:\/\/codeofbusinessconduct.equinix.com\/de\/additional-resources\/\" \/>\n<meta property=\"og:locale\" content=\"de_DE\" \/>\n<meta property=\"og:type\" content=\"article\" \/>\n<meta property=\"og:title\" content=\"WEITERE RESSOURCEN - Equinix Code of Business Conduct\" \/>\n<meta property=\"og:description\" content=\"[vc_row css_animation=&#8221;&#8221; row_type=&#8221;row&#8221; use_row_as_full_screen_section=&#8221;no&#8221; type=&#8221;full_width&#8221; angled_section=&#8221;no&#8221; text_align=&#8221;left&#8221; background_image_as_pattern=&#8221;without_pattern&#8221;][vc_column][vc_raw_html]JTNDZGl2JTIwY2xhc3MlM0QlMjJkLWZsZXglMjIlMjBzdHlsZSUzRCUyMmRpc3BsYXklM0FmbGV4JTIyJTIwJTIxaW1wb3J0YW50JTNCJTNFJTBBJTNDaW1nJTIwc3JjJTNEJTIyJTJGd3AtY29udGVudCUyRnVwbG9hZHMlMkYyMDI1JTJGMTIlMkZQaWN0dXJlMl9pbXJlc2l6ZXItMi5qcGclMjIlM0UlMEElM0NoMSUyMHN0eWxlJTNEJTIyJTIwY29sb3IlM0ElMjByZWQlM0IlMjBwYWRkaW5nJTNBJTIwMTBweCUyMiUzRVdFSVRFUkUlMjBSRVNTT1VSQ0VOJTIwJTNDJTJGaDElM0UlMEElM0MlMkZkaXYlM0U=[\/vc_raw_html][\/vc_column][\/vc_row][vc_row css_animation=&#8221;&#8221; row_type=&#8221;row&#8221; use_row_as_full_screen_section=&#8221;no&#8221; type=&#8221;full_width&#8221; angled_section=&#8221;no&#8221; text_align=&#8221;left&#8221; background_image_as_pattern=&#8221;without_pattern&#8221; z_index=&#8221;&#8221; padding_top=&#8221;30&#8243; padding_bottom=&#8221;20&#8243;][vc_column css=&#8221;.vc_custom_1615550437479{padding-bottom: 20px !important;}&#8221;][vc_column_text] Bei Equinix wird unser Handeln stets von Integrit\u00e4t und Ethik begleitet. Jeder von uns hilft mit, eine Kultur zu schaffen, die auf Vertrauen und...\" \/>\n<meta property=\"og:url\" content=\"https:\/\/codeofbusinessconduct.equinix.com\/de\/additional-resources\/\" \/>\n<meta property=\"og:site_name\" content=\"Equinix Code of Business Conduct\" \/>\n<meta property=\"article:modified_time\" content=\"2025-12-15T11:26:24+00:00\" \/>\n<meta name=\"twitter:card\" content=\"summary_large_image\" \/>\n<meta name=\"twitter:label1\" content=\"Gesch\u00e4tzte Lesezeit\" \/>\n\t<meta name=\"twitter:data1\" content=\"3\u00a0Minuten\" \/>\n<script type=\"application\/ld+json\" class=\"yoast-schema-graph\">{\"@context\":\"https:\/\/schema.org\",\"@graph\":[{\"@type\":\"WebPage\",\"@id\":\"https:\/\/codeofbusinessconduct.equinix.com\/de\/additional-resources\/\",\"url\":\"https:\/\/codeofbusinessconduct.equinix.com\/de\/additional-resources\/\",\"name\":\"WEITERE RESSOURCEN - Equinix Code of Business Conduct\",\"isPartOf\":{\"@id\":\"https:\/\/cobc-prod.azurewebsites.net\/#website\"},\"datePublished\":\"2021-03-10T06:22:20+00:00\",\"dateModified\":\"2025-12-15T11:26:24+00:00\",\"breadcrumb\":{\"@id\":\"https:\/\/codeofbusinessconduct.equinix.com\/de\/additional-resources\/#breadcrumb\"},\"inLanguage\":\"de\",\"potentialAction\":[{\"@type\":\"ReadAction\",\"target\":[\"https:\/\/codeofbusinessconduct.equinix.com\/de\/additional-resources\/\"]}]},{\"@type\":\"BreadcrumbList\",\"@id\":\"https:\/\/codeofbusinessconduct.equinix.com\/de\/additional-resources\/#breadcrumb\",\"itemListElement\":[{\"@type\":\"ListItem\",\"position\":1,\"name\":\"Home\",\"item\":\"https:\/\/169.254.129.2\/\"},{\"@type\":\"ListItem\",\"position\":2,\"name\":\"WEITERE RESSOURCEN\"}]},{\"@type\":\"WebSite\",\"@id\":\"https:\/\/cobc-prod.azurewebsites.net\/#website\",\"url\":\"https:\/\/cobc-prod.azurewebsites.net\/\",\"name\":\"Equinix Code of Business Conduct\",\"description\":\"\",\"potentialAction\":[{\"@type\":\"SearchAction\",\"target\":{\"@type\":\"EntryPoint\",\"urlTemplate\":\"https:\/\/cobc-prod.azurewebsites.net\/?s={search_term_string}\"},\"query-input\":{\"@type\":\"PropertyValueSpecification\",\"valueRequired\":true,\"valueName\":\"search_term_string\"}}],\"inLanguage\":\"de\"}]}<\/script>\n<!-- \/ Yoast SEO plugin. -->","yoast_head_json":{"title":"WEITERE RESSOURCEN - Equinix Code of Business Conduct","robots":{"index":"index","follow":"follow","max-snippet":"max-snippet:-1","max-image-preview":"max-image-preview:large","max-video-preview":"max-video-preview:-1"},"canonical":"https:\/\/codeofbusinessconduct.equinix.com\/de\/additional-resources\/","og_locale":"de_DE","og_type":"article","og_title":"WEITERE RESSOURCEN - Equinix Code of Business Conduct","og_description":"[vc_row css_animation=&#8221;&#8221; row_type=&#8221;row&#8221; use_row_as_full_screen_section=&#8221;no&#8221; type=&#8221;full_width&#8221; angled_section=&#8221;no&#8221; text_align=&#8221;left&#8221; background_image_as_pattern=&#8221;without_pattern&#8221;][vc_column][vc_raw_html]JTNDZGl2JTIwY2xhc3MlM0QlMjJkLWZsZXglMjIlMjBzdHlsZSUzRCUyMmRpc3BsYXklM0FmbGV4JTIyJTIwJTIxaW1wb3J0YW50JTNCJTNFJTBBJTNDaW1nJTIwc3JjJTNEJTIyJTJGd3AtY29udGVudCUyRnVwbG9hZHMlMkYyMDI1JTJGMTIlMkZQaWN0dXJlMl9pbXJlc2l6ZXItMi5qcGclMjIlM0UlMEElM0NoMSUyMHN0eWxlJTNEJTIyJTIwY29sb3IlM0ElMjByZWQlM0IlMjBwYWRkaW5nJTNBJTIwMTBweCUyMiUzRVdFSVRFUkUlMjBSRVNTT1VSQ0VOJTIwJTNDJTJGaDElM0UlMEElM0MlMkZkaXYlM0U=[\/vc_raw_html][\/vc_column][\/vc_row][vc_row css_animation=&#8221;&#8221; row_type=&#8221;row&#8221; use_row_as_full_screen_section=&#8221;no&#8221; type=&#8221;full_width&#8221; angled_section=&#8221;no&#8221; text_align=&#8221;left&#8221; background_image_as_pattern=&#8221;without_pattern&#8221; z_index=&#8221;&#8221; padding_top=&#8221;30&#8243; padding_bottom=&#8221;20&#8243;][vc_column css=&#8221;.vc_custom_1615550437479{padding-bottom: 20px !important;}&#8221;][vc_column_text] Bei Equinix wird unser Handeln stets von Integrit\u00e4t und Ethik begleitet. Jeder von uns hilft mit, eine Kultur zu schaffen, die auf Vertrauen und...","og_url":"https:\/\/codeofbusinessconduct.equinix.com\/de\/additional-resources\/","og_site_name":"Equinix Code of Business Conduct","article_modified_time":"2025-12-15T11:26:24+00:00","twitter_card":"summary_large_image","twitter_misc":{"Gesch\u00e4tzte Lesezeit":"3\u00a0Minuten"},"schema":{"@context":"https:\/\/schema.org","@graph":[{"@type":"WebPage","@id":"https:\/\/codeofbusinessconduct.equinix.com\/de\/additional-resources\/","url":"https:\/\/codeofbusinessconduct.equinix.com\/de\/additional-resources\/","name":"WEITERE RESSOURCEN - Equinix Code of Business Conduct","isPartOf":{"@id":"https:\/\/cobc-prod.azurewebsites.net\/#website"},"datePublished":"2021-03-10T06:22:20+00:00","dateModified":"2025-12-15T11:26:24+00:00","breadcrumb":{"@id":"https:\/\/codeofbusinessconduct.equinix.com\/de\/additional-resources\/#breadcrumb"},"inLanguage":"de","potentialAction":[{"@type":"ReadAction","target":["https:\/\/codeofbusinessconduct.equinix.com\/de\/additional-resources\/"]}]},{"@type":"BreadcrumbList","@id":"https:\/\/codeofbusinessconduct.equinix.com\/de\/additional-resources\/#breadcrumb","itemListElement":[{"@type":"ListItem","position":1,"name":"Home","item":"https:\/\/169.254.129.2\/"},{"@type":"ListItem","position":2,"name":"WEITERE RESSOURCEN"}]},{"@type":"WebSite","@id":"https:\/\/cobc-prod.azurewebsites.net\/#website","url":"https:\/\/cobc-prod.azurewebsites.net\/","name":"Equinix Code of Business Conduct","description":"","potentialAction":[{"@type":"SearchAction","target":{"@type":"EntryPoint","urlTemplate":"https:\/\/cobc-prod.azurewebsites.net\/?s={search_term_string}"},"query-input":{"@type":"PropertyValueSpecification","valueRequired":true,"valueName":"search_term_string"}}],"inLanguage":"de"}]}},"_links":{"self":[{"href":"https:\/\/codeofbusinessconduct.equinix.com\/de\/wp-json\/wp\/v2\/pages\/687","targetHints":{"allow":["GET"]}}],"collection":[{"href":"https:\/\/codeofbusinessconduct.equinix.com\/de\/wp-json\/wp\/v2\/pages"}],"about":[{"href":"https:\/\/codeofbusinessconduct.equinix.com\/de\/wp-json\/wp\/v2\/types\/page"}],"author":[{"embeddable":true,"href":"https:\/\/codeofbusinessconduct.equinix.com\/de\/wp-json\/wp\/v2\/users\/1"}],"replies":[{"embeddable":true,"href":"https:\/\/codeofbusinessconduct.equinix.com\/de\/wp-json\/wp\/v2\/comments?post=687"}],"version-history":[{"count":11,"href":"https:\/\/codeofbusinessconduct.equinix.com\/de\/wp-json\/wp\/v2\/pages\/687\/revisions"}],"predecessor-version":[{"id":5316,"href":"https:\/\/codeofbusinessconduct.equinix.com\/de\/wp-json\/wp\/v2\/pages\/687\/revisions\/5316"}],"wp:attachment":[{"href":"https:\/\/codeofbusinessconduct.equinix.com\/de\/wp-json\/wp\/v2\/media?parent=687"}],"curies":[{"name":"wp","href":"https:\/\/api.w.org\/{rel}","templated":true}]}}