{"id":591,"date":"2021-03-10T06:21:42","date_gmt":"2021-03-10T06:21:42","guid":{"rendered":"https:\/\/codeofbusinessconduct.equinix.com\/our-community\/"},"modified":"2025-12-15T11:35:53","modified_gmt":"2025-12-15T11:35:53","slug":"our-community","status":"publish","type":"page","link":"https:\/\/codeofbusinessconduct.equinix.com\/de\/our-community\/","title":{"rendered":"UNSERE GEMEINSCHAFT"},"content":{"rendered":"<section class=\"wpb-content-wrapper\"><p>[vc_row css_animation=&#8221;&#8221; row_type=&#8221;row&#8221; use_row_as_full_screen_section=&#8221;no&#8221; type=&#8221;full_width&#8221; angled_section=&#8221;no&#8221; text_align=&#8221;left&#8221; background_image_as_pattern=&#8221;without_pattern&#8221;][vc_column][vc_single_image image=&#8221;4107&#8243; img_size=&#8221;full&#8221; qode_css_animation=&#8221;&#8221;][vc_empty_space height=&#8221;8px&#8221;][vc_column_text]<\/p>\n<h3>UNSERE GEMEINSCHAFT<\/h3>\n<div class=\"lead\">Einen positiven Beitrag f\u00fcr unsere Gemeinden und in aller Welt leisten<\/div>\n<p>[\/vc_column_text][\/vc_column][\/vc_row][vc_row css_animation=&#8221;&#8221; row_type=&#8221;row&#8221; use_row_as_full_screen_section=&#8221;no&#8221; type=&#8221;full_width&#8221; angled_section=&#8221;no&#8221; text_align=&#8221;left&#8221; background_image_as_pattern=&#8221;without_pattern&#8221; z_index=&#8221;&#8221; padding_top=&#8221;34&#8243; padding_bottom=&#8221;20&#8243; anchor=&#8221;Human_rights&#8221;][vc_column width=&#8221;1\/3&#8243; css=&#8221;.vc_custom_1616046555280{padding-bottom: 20px !important;}&#8221;][vc_column_text]<\/p>\n<h4>MENSCHENRECHTE<\/h4>\n<p>Equinix unterst\u00fctzt und respektiert den Schutz der Menschenrechte in aller Welt. Wir verpflichten uns zur Wahrung der grundlegenden Menschenrechte aller unserer Mitarbeiter und der Mitarbeiter der Unternehmen, die wir beauftragen. Wir erwarten von unseren Lieferanten und Partnern, dass sie diese hohen Standards ebenfalls einhalten.[\/vc_column_text][\/vc_column][vc_column width=&#8221;2\/3&#8243; css=&#8221;.vc_custom_1615547407753{padding-bottom: 20px !important;}&#8221;][vc_single_image image=&#8221;592&#8243; img_size=&#8221;full&#8221; alignment=&#8221;center&#8221; qode_css_animation=&#8221;&#8221;][\/vc_column][\/vc_row][vc_row css_animation=&#8221;&#8221; row_type=&#8221;row&#8221; use_row_as_full_screen_section=&#8221;no&#8221; type=&#8221;full_width&#8221; angled_section=&#8221;no&#8221; text_align=&#8221;left&#8221; background_image_as_pattern=&#8221;without_pattern&#8221; z_index=&#8221;&#8221; padding_bottom=&#8221;30&#8243; anchor=&#8221;Charitable_contributions&#8221;][vc_column width=&#8221;1\/2&#8243; el_class=&#8221;purpose_values&#8221;][vc_column_text]<\/p>\n<h4>WOHLT\u00c4TIGE BEITR\u00c4GE<\/h4>\n<p><strong>Etwas an unsere Gemeinden zur\u00fcckgeben.<\/strong> Equinix ermutigt Mitarbeiter dazu, positive Beitr\u00e4ge in den Gemeinden, in denen sie leben und arbeiten, zu leisten. Equinix hat sich auch verpflichtet, relevante soziale, wirtschaftliche und nachhaltige Themen zu unterst\u00fctzen, die f\u00fcr unser Gesch\u00e4ft, unsere Mitarbeiter und unsere Gemeinden besonders wichtig sind. Equinix hat eine Reihe von Fokusbereichen f\u00fcr wohlt\u00e4tige Spenden benannt, die mit unserem Gesch\u00e4ft in Zusammenhang stehen und vom Unternehmen unterst\u00fctzt werden. Daher akzeptieren wir grunds\u00e4tzlich keine sonstigen Finanzierungsanfragen. Stattdessen laden wir zu Anfragen ein, die zu unseren strategischen Bereichen und Finanzierungspriorit\u00e4ten passen. Das Corporate Social Responsibility Team ist verantwortlich f\u00fcr die Pr\u00fcfung und Auswertung solcher Anfragen.<\/p>\n<p>Equinix ermutigt einzelne Mitarbeiter dazu, ihre eigenen wohlt\u00e4tigen Spenden zu leisten. Jedoch erstattet Equinix keinesfalls einzelne oder private Beitr\u00e4ge von Mitarbeitern f\u00fcr wohlt\u00e4tige Organisationen, Schulen, nicht gewinnorientierte Organisationen oder NGOs.<\/p>\n<p>Au\u00dferdem d\u00fcrfen Sie keine privaten Zahlungen im Namen von Equinix an wohlt\u00e4tige Organisationen, Schulen, nicht gewinnorientierte Organisationen oder NGOs leisten \u2013 auch keine Zahlungen f\u00fcr Veranstaltungskarten -, weil Equinix diese Ausgaben nicht erstattet. Ausnahmen von dieser Regelung sind vom Regional Controller und\/oder Corporate Social Responsibility Team zu genehmigen.[\/vc_column_text][\/vc_column][vc_column width=&#8221;1\/2&#8243; el_class=&#8221;purpose_values&#8221; css=&#8221;.vc_custom_1615789919910{padding-top: 35px !important;}&#8221;][vc_column_text]Weitere Informationen zu unserer Spendenstrategie finden Sie in der Globalen Spendenrichtlinie oder wenden Sie sich an das Corporate Social Responsibility Team.[\/vc_column_text][vc_empty_space height=&#8221;20px&#8221;]<a class=\"recom-read-link\" href=\"\/de\/additional-resources\/#recommended_readings\" target=\"_self\"><div class=\"recommend_book\"><div class=\"recommend_icon\"><img decoding=\"async\" src=\"https:\/\/codeofbusinessconduct.equinix.com\/wp-content\/uploads\/2021\/03\/recommend_book.svg\" \/><\/div><div class=\"recommend_content\"><h4>EMPFOHLENE LEKT\u00dcRE:<br>GLOBALE SPENDENRICHTLINIE VON EQUINIX<\/h4><\/div><\/div><\/a>[vc_empty_space height=&#8221;10px&#8221;][vc_column_text]<strong>Erg\u00e4nzende Geschenke.<\/strong> Equinix verf\u00fcgt \u00fcber ein Matching-Gift-Programm zur Unterst\u00fctzung von Mitarbeitern bei ihren eigenen philanthropischen Bem\u00fchungen, wohlt\u00e4tigen Spenden und freiwilligen Projekten. Wenn Sie eine Geldspende oder freiwillige Arbeit f\u00fcr eine wohlt\u00e4tige Organisation leisten, \u201eerg\u00e4nzt\u201c Equinix die Geldspende oder freiwillige Arbeit um einen entsprechenden Geldbetrag.<\/p>\n<p>Weitere Informationen und die Voraussetzungen f\u00fcr die Richtlinie und das Programm zu erg\u00e4nzenden Geschenken, einschlie\u00dflich Teilnahmevoraussetzungen f\u00fcr Mitarbeiter und Organisationen finden Sie im Programm f\u00fcr erg\u00e4nzende Geschenke von Equinix.[\/vc_column_text][vc_empty_space height=&#8221;15px&#8221;]<a class=\"recom-read-link\" href=\"\/de\/additional-resources\/#recommended_readings\" target=\"_self\"><div class=\"recommend_book\"><div class=\"recommend_icon\"><img decoding=\"async\" src=\"https:\/\/codeofbusinessconduct.equinix.com\/wp-content\/uploads\/2021\/03\/recommend_book.svg\" \/><\/div><div class=\"recommend_content\"><h4>EMPFOHLENE LEKT\u00dcRE:<br>PROGRAMM F\u00dcR ERG\u00c4NZENDE GESCHENKE VON EQUINIX<\/h4><\/div><\/div><\/a>[\/vc_column][\/vc_row][vc_row css_animation=&#8221;&#8221; row_type=&#8221;row&#8221; use_row_as_full_screen_section=&#8221;no&#8221; type=&#8221;full_width&#8221; angled_section=&#8221;no&#8221; text_align=&#8221;left&#8221; background_image_as_pattern=&#8221;without_pattern&#8221; z_index=&#8221;&#8221; padding_top=&#8221;20&#8243; padding_bottom=&#8221;30&#8243;][vc_column][vc_single_image image=&#8221;600&#8243; img_size=&#8221;full&#8221; alignment=&#8221;center&#8221; qode_css_animation=&#8221;&#8221; el_class=&#8221;w-100&#8243;][\/vc_column][\/vc_row][vc_row css_animation=&#8221;&#8221; row_type=&#8221;row&#8221; use_row_as_full_screen_section=&#8221;no&#8221; type=&#8221;full_width&#8221; angled_section=&#8221;no&#8221; text_align=&#8221;left&#8221; background_image_as_pattern=&#8221;without_pattern&#8221; z_index=&#8221;&#8221; padding_bottom=&#8221;160&#8243; el_class=&#8221;purpose_values political_space&#8221; anchor=&#8221;Political_activities_and_contributions&#8221;][vc_column width=&#8221;2\/3&#8243;][vc_column_text]<\/p>\n<h4>POLITISCHE AKTIVIT\u00c4TEN UND BEITR\u00c4GE<\/h4>\n<p>Wir unterst\u00fctzen gute Beziehungen zu den Gemeinden, in denen wir t\u00e4tig sind. Sie k\u00f6nnen sich an lokalen Aktivit\u00e4ten beteiligen, die den Bed\u00fcrfnissen der Gemeinde, in der Sie leben und arbeiten, dienen. Als Privatb\u00fcrger k\u00f6nnen Sie auch den lokalen politischen Prozess durch private Beitr\u00e4ge und Freiwilligenarbeit unterst\u00fctzen. Diese Aktivit\u00e4ten d\u00fcrfen jedoch nicht w\u00e4hrend der Arbeitszeit oder mit Hilfe von Ressourcen des Unternehmens ausgef\u00fchrt werden. Sie d\u00fcrfen keine politischen Beitr\u00e4ge im Namen von Equinix leisten oder in Aussicht stellen.<\/p>\n<p>Achten Sie darauf, dass Ihre Beteiligung an politischen Aktivit\u00e4ten den geltenden US-amerikanischen und lokalen Gesetzen entspricht und nicht durch Equinix-Richtlinien untersagt wird.[\/vc_column_text][vc_row_inner row_type=&#8221;row&#8221; type=&#8221;full_width&#8221; text_align=&#8221;left&#8221; css_animation=&#8221;&#8221; anchor=&#8221;The_environment&#8221;][vc_column_inner][vc_empty_space height=&#8221;25px&#8221;][vc_column_text]<\/p>\n<h4>DIE UMWELT<\/h4>\n<p>Wir bei Equinix k\u00fcmmern uns um die Umwelt und die Ressourcen, die wir verbrauchen, mit dem Ziel der Minimierung unserer CO2-Belastung. Dabei fokussieren wir uns auf:<\/p>\n<ul>\n<li>effiziente Gestaltung, effizienten Bau und effizienten Betrieb zur Reduzierung unseres Ressourcenverbrauchs, einschlie\u00dflich Strom, Wasser, Erdgas, Diesel und K\u00fchlmittel<\/li>\n<li>eine aktive Rolle in Bezug auf die \u00d6kologisierung unseres Gesch\u00e4fts und die \u00dcbernahme einer F\u00fchrungsposition bei der Auswertung und Anwendung innovativer L\u00f6sungen<\/li>\n<li>die Messung unserer Leistung an Best Practices der Branche und den konkreten KPIs von Equinix, \u00f6ffentlich festgelegten Zielen und Fortschrittsberichten auf transparente Weise<\/li>\n<\/ul>\n<p>[\/vc_column_text][\/vc_column_inner][\/vc_row_inner][vc_empty_space height=&#8221;25px&#8221;]<a class=\"recom-read-link\" href=\"\/de\/additional-resources\/#recommended_readings\" target=\"_self\"><div class=\"recommend_book\"><div class=\"recommend_icon\"><img decoding=\"async\" src=\"https:\/\/codeofbusinessconduct.equinix.com\/wp-content\/uploads\/2021\/03\/recommend_book.svg\" \/><\/div><div class=\"recommend_content\"><h4>EMPFOHLENE LEKT\u00dcRE<br>Nachhaltigkeit<\/h4><\/div><\/div><\/a>[\/vc_column][vc_column width=&#8221;1\/3&#8243;][\/vc_column][\/vc_row]<\/p>\n<\/section>","protected":false},"excerpt":{"rendered":"<p>[vc_row css_animation=&#8221;&#8221; row_type=&#8221;row&#8221; use_row_as_full_screen_section=&#8221;no&#8221; type=&#8221;full_width&#8221; angled_section=&#8221;no&#8221; text_align=&#8221;left&#8221; background_image_as_pattern=&#8221;without_pattern&#8221;][vc_column][vc_single_image image=&#8221;4107&#8243; img_size=&#8221;full&#8221; qode_css_animation=&#8221;&#8221;][vc_empty_space height=&#8221;8px&#8221;][vc_column_text] UNSERE GEMEINSCHAFT Einen positiven Beitrag f\u00fcr unsere Gemeinden und in aller Welt leisten [\/vc_column_text][\/vc_column][\/vc_row][vc_row css_animation=&#8221;&#8221; row_type=&#8221;row&#8221; use_row_as_full_screen_section=&#8221;no&#8221; type=&#8221;full_width&#8221; angled_section=&#8221;no&#8221; text_align=&#8221;left&#8221; background_image_as_pattern=&#8221;without_pattern&#8221; z_index=&#8221;&#8221; padding_top=&#8221;34&#8243; padding_bottom=&#8221;20&#8243; anchor=&#8221;Human_rights&#8221;][vc_column width=&#8221;1\/3&#8243; css=&#8221;.vc_custom_1616046555280{padding-bottom: 20px !important;}&#8221;][vc_column_text] MENSCHENRECHTE Equinix unterst\u00fctzt und&#8230;<\/p>\n","protected":false},"author":1,"featured_media":0,"parent":0,"menu_order":0,"comment_status":"closed","ping_status":"closed","template":"","meta":{"inline_featured_image":false,"footnotes":""},"class_list":["post-591","page","type-page","status-publish","hentry"],"yoast_head":"<!-- This site is optimized with the Yoast SEO plugin v25.8 - https:\/\/yoast.com\/wordpress\/plugins\/seo\/ -->\n<title>UNSERE GEMEINSCHAFT - Equinix Code of Business Conduct<\/title>\n<meta name=\"robots\" content=\"index, follow, max-snippet:-1, max-image-preview:large, max-video-preview:-1\" \/>\n<link rel=\"canonical\" href=\"https:\/\/169.254.129.2\/our-community\/\" \/>\n<meta property=\"og:locale\" content=\"de_DE\" \/>\n<meta property=\"og:type\" content=\"article\" \/>\n<meta property=\"og:title\" content=\"UNSERE GEMEINSCHAFT - Equinix Code of Business Conduct\" \/>\n<meta property=\"og:description\" content=\"[vc_row css_animation=&#8221;&#8221; row_type=&#8221;row&#8221; use_row_as_full_screen_section=&#8221;no&#8221; type=&#8221;full_width&#8221; angled_section=&#8221;no&#8221; text_align=&#8221;left&#8221; background_image_as_pattern=&#8221;without_pattern&#8221;][vc_column][vc_single_image image=&#8221;4107&#8243; img_size=&#8221;full&#8221; qode_css_animation=&#8221;&#8221;][vc_empty_space height=&#8221;8px&#8221;][vc_column_text] UNSERE GEMEINSCHAFT Einen positiven Beitrag f\u00fcr unsere Gemeinden und in aller Welt leisten [\/vc_column_text][\/vc_column][\/vc_row][vc_row css_animation=&#8221;&#8221; row_type=&#8221;row&#8221; use_row_as_full_screen_section=&#8221;no&#8221; type=&#8221;full_width&#8221; angled_section=&#8221;no&#8221; text_align=&#8221;left&#8221; background_image_as_pattern=&#8221;without_pattern&#8221; z_index=&#8221;&#8221; padding_top=&#8221;34&#8243; padding_bottom=&#8221;20&#8243; anchor=&#8221;Human_rights&#8221;][vc_column width=&#8221;1\/3&#8243; css=&#8221;.vc_custom_1616046555280{padding-bottom: 20px !important;}&#8221;][vc_column_text] MENSCHENRECHTE Equinix unterst\u00fctzt und...\" \/>\n<meta property=\"og:url\" content=\"https:\/\/169.254.129.2\/our-community\/\" \/>\n<meta property=\"og:site_name\" content=\"Equinix Code of Business Conduct\" \/>\n<meta property=\"article:modified_time\" content=\"2025-12-15T11:35:53+00:00\" \/>\n<meta name=\"twitter:card\" content=\"summary_large_image\" \/>\n<meta name=\"twitter:label1\" content=\"Gesch\u00e4tzte Lesezeit\" \/>\n\t<meta name=\"twitter:data1\" content=\"3\u00a0Minuten\" \/>\n<script type=\"application\/ld+json\" class=\"yoast-schema-graph\">{\"@context\":\"https:\/\/schema.org\",\"@graph\":[{\"@type\":\"WebPage\",\"@id\":\"https:\/\/169.254.129.2\/our-community\/\",\"url\":\"https:\/\/169.254.129.2\/our-community\/\",\"name\":\"UNSERE GEMEINSCHAFT - Equinix Code of Business Conduct\",\"isPartOf\":{\"@id\":\"https:\/\/cobc-prod.azurewebsites.net\/#website\"},\"datePublished\":\"2021-03-10T06:21:42+00:00\",\"dateModified\":\"2025-12-15T11:35:53+00:00\",\"breadcrumb\":{\"@id\":\"https:\/\/169.254.129.2\/our-community\/#breadcrumb\"},\"inLanguage\":\"de\",\"potentialAction\":[{\"@type\":\"ReadAction\",\"target\":[\"https:\/\/169.254.129.2\/our-community\/\"]}]},{\"@type\":\"BreadcrumbList\",\"@id\":\"https:\/\/169.254.129.2\/our-community\/#breadcrumb\",\"itemListElement\":[{\"@type\":\"ListItem\",\"position\":1,\"name\":\"Home\",\"item\":\"https:\/\/169.254.129.2\/\"},{\"@type\":\"ListItem\",\"position\":2,\"name\":\"UNSERE GEMEINSCHAFT\"}]},{\"@type\":\"WebSite\",\"@id\":\"https:\/\/cobc-prod.azurewebsites.net\/#website\",\"url\":\"https:\/\/cobc-prod.azurewebsites.net\/\",\"name\":\"Equinix Code of Business Conduct\",\"description\":\"\",\"potentialAction\":[{\"@type\":\"SearchAction\",\"target\":{\"@type\":\"EntryPoint\",\"urlTemplate\":\"https:\/\/cobc-prod.azurewebsites.net\/?s={search_term_string}\"},\"query-input\":{\"@type\":\"PropertyValueSpecification\",\"valueRequired\":true,\"valueName\":\"search_term_string\"}}],\"inLanguage\":\"de\"}]}<\/script>\n<!-- \/ Yoast SEO plugin. -->","yoast_head_json":{"title":"UNSERE GEMEINSCHAFT - Equinix Code of Business Conduct","robots":{"index":"index","follow":"follow","max-snippet":"max-snippet:-1","max-image-preview":"max-image-preview:large","max-video-preview":"max-video-preview:-1"},"canonical":"https:\/\/169.254.129.2\/our-community\/","og_locale":"de_DE","og_type":"article","og_title":"UNSERE GEMEINSCHAFT - Equinix Code of Business Conduct","og_description":"[vc_row css_animation=&#8221;&#8221; row_type=&#8221;row&#8221; use_row_as_full_screen_section=&#8221;no&#8221; type=&#8221;full_width&#8221; angled_section=&#8221;no&#8221; text_align=&#8221;left&#8221; background_image_as_pattern=&#8221;without_pattern&#8221;][vc_column][vc_single_image image=&#8221;4107&#8243; img_size=&#8221;full&#8221; qode_css_animation=&#8221;&#8221;][vc_empty_space height=&#8221;8px&#8221;][vc_column_text] UNSERE GEMEINSCHAFT Einen positiven Beitrag f\u00fcr unsere Gemeinden und in aller Welt leisten [\/vc_column_text][\/vc_column][\/vc_row][vc_row css_animation=&#8221;&#8221; row_type=&#8221;row&#8221; use_row_as_full_screen_section=&#8221;no&#8221; type=&#8221;full_width&#8221; angled_section=&#8221;no&#8221; text_align=&#8221;left&#8221; background_image_as_pattern=&#8221;without_pattern&#8221; z_index=&#8221;&#8221; padding_top=&#8221;34&#8243; padding_bottom=&#8221;20&#8243; anchor=&#8221;Human_rights&#8221;][vc_column width=&#8221;1\/3&#8243; css=&#8221;.vc_custom_1616046555280{padding-bottom: 20px !important;}&#8221;][vc_column_text] MENSCHENRECHTE Equinix unterst\u00fctzt und...","og_url":"https:\/\/169.254.129.2\/our-community\/","og_site_name":"Equinix Code of Business Conduct","article_modified_time":"2025-12-15T11:35:53+00:00","twitter_card":"summary_large_image","twitter_misc":{"Gesch\u00e4tzte Lesezeit":"3\u00a0Minuten"},"schema":{"@context":"https:\/\/schema.org","@graph":[{"@type":"WebPage","@id":"https:\/\/169.254.129.2\/our-community\/","url":"https:\/\/169.254.129.2\/our-community\/","name":"UNSERE GEMEINSCHAFT - Equinix Code of Business Conduct","isPartOf":{"@id":"https:\/\/cobc-prod.azurewebsites.net\/#website"},"datePublished":"2021-03-10T06:21:42+00:00","dateModified":"2025-12-15T11:35:53+00:00","breadcrumb":{"@id":"https:\/\/169.254.129.2\/our-community\/#breadcrumb"},"inLanguage":"de","potentialAction":[{"@type":"ReadAction","target":["https:\/\/169.254.129.2\/our-community\/"]}]},{"@type":"BreadcrumbList","@id":"https:\/\/169.254.129.2\/our-community\/#breadcrumb","itemListElement":[{"@type":"ListItem","position":1,"name":"Home","item":"https:\/\/169.254.129.2\/"},{"@type":"ListItem","position":2,"name":"UNSERE GEMEINSCHAFT"}]},{"@type":"WebSite","@id":"https:\/\/cobc-prod.azurewebsites.net\/#website","url":"https:\/\/cobc-prod.azurewebsites.net\/","name":"Equinix Code of Business Conduct","description":"","potentialAction":[{"@type":"SearchAction","target":{"@type":"EntryPoint","urlTemplate":"https:\/\/cobc-prod.azurewebsites.net\/?s={search_term_string}"},"query-input":{"@type":"PropertyValueSpecification","valueRequired":true,"valueName":"search_term_string"}}],"inLanguage":"de"}]}},"_links":{"self":[{"href":"https:\/\/codeofbusinessconduct.equinix.com\/de\/wp-json\/wp\/v2\/pages\/591","targetHints":{"allow":["GET"]}}],"collection":[{"href":"https:\/\/codeofbusinessconduct.equinix.com\/de\/wp-json\/wp\/v2\/pages"}],"about":[{"href":"https:\/\/codeofbusinessconduct.equinix.com\/de\/wp-json\/wp\/v2\/types\/page"}],"author":[{"embeddable":true,"href":"https:\/\/codeofbusinessconduct.equinix.com\/de\/wp-json\/wp\/v2\/users\/1"}],"replies":[{"embeddable":true,"href":"https:\/\/codeofbusinessconduct.equinix.com\/de\/wp-json\/wp\/v2\/comments?post=591"}],"version-history":[{"count":22,"href":"https:\/\/codeofbusinessconduct.equinix.com\/de\/wp-json\/wp\/v2\/pages\/591\/revisions"}],"predecessor-version":[{"id":5319,"href":"https:\/\/codeofbusinessconduct.equinix.com\/de\/wp-json\/wp\/v2\/pages\/591\/revisions\/5319"}],"wp:attachment":[{"href":"https:\/\/codeofbusinessconduct.equinix.com\/de\/wp-json\/wp\/v2\/media?parent=591"}],"curies":[{"name":"wp","href":"https:\/\/api.w.org\/{rel}","templated":true}]}}