{"id":571,"date":"2021-03-10T06:21:26","date_gmt":"2021-03-10T06:21:26","guid":{"rendered":"https:\/\/codeofbusinessconduct.equinix.com\/our-commitment-to-the-law\/"},"modified":"2025-12-15T11:16:56","modified_gmt":"2025-12-15T11:16:56","slug":"our-commitment-to-the-law","status":"publish","type":"page","link":"https:\/\/codeofbusinessconduct.equinix.com\/de\/our-commitment-to-the-law\/","title":{"rendered":"UNSERE VERPFLICHTUNG ZUM GESETZ"},"content":{"rendered":"<section class=\"wpb-content-wrapper\"><p>[vc_row css_animation=&#8221;&#8221; row_type=&#8221;row&#8221; use_row_as_full_screen_section=&#8221;no&#8221; type=&#8221;full_width&#8221; angled_section=&#8221;no&#8221; text_align=&#8221;left&#8221; background_image_as_pattern=&#8221;without_pattern&#8221;][vc_column][vc_single_image image=&#8221;4088&#8243; img_size=&#8221;full&#8221; qode_css_animation=&#8221;&#8221;][vc_empty_space height=&#8221;8px&#8221;][vc_column_text]<\/p>\n<h3>UNSERE VERPFLICHTUNG ZUM GESETZ<\/h3>\n<div class=\"lead\">Rechtm\u00e4\u00dfige Gesch\u00e4ftspraktiken verstehen und einhalten<\/div>\n<p>[\/vc_column_text][\/vc_column][\/vc_row][vc_row css_animation=&#8221;&#8221; row_type=&#8221;row&#8221; use_row_as_full_screen_section=&#8221;no&#8221; type=&#8221;full_width&#8221; angled_section=&#8221;no&#8221; text_align=&#8221;left&#8221; background_image_as_pattern=&#8221;without_pattern&#8221; z_index=&#8221;&#8221; padding_top=&#8221;32&#8243; padding_bottom=&#8221;40&#8243;][vc_column][vc_single_image image=&#8221;572&#8243; img_size=&#8221;full&#8221; alignment=&#8221;center&#8221; qode_css_animation=&#8221;&#8221; el_class=&#8221;w-100&#8243;][\/vc_column][\/vc_row][vc_row css_animation=&#8221;&#8221; row_type=&#8221;row&#8221; use_row_as_full_screen_section=&#8221;no&#8221; type=&#8221;full_width&#8221; angled_section=&#8221;no&#8221; text_align=&#8221;left&#8221; background_image_as_pattern=&#8221;without_pattern&#8221; z_index=&#8221;&#8221; anchor=&#8221;Competition_and_fair_dealing&#8221;][vc_column width=&#8221;2\/3&#8243; el_class=&#8221;purpose_values&#8221; css=&#8221;.vc_custom_1615545389684{padding-bottom: 30px !important;}&#8221;][vc_column_text css=&#8221;.vc_custom_1648139198486{margin-bottom: 20px !important;}&#8221;]Ein ethisches und ehrliches Unternehmen zu sein bedeutet auch, sich an das Gesetz zu halten. Als globales Unternehmen m\u00fcssen wir uns an die Gesetze aller L\u00e4nder, in denen wir gesch\u00e4ftlich t\u00e4tig sind, halten. Und als Equinix-Mitarbeiter sind wir daf\u00fcr verantwortlich, alle Gesetze und Vorschriften, die sich auf unsere Arbeit auswirken, zu verstehen und einzuhalten.<\/p>\n<h4>WETTBEWERB UN FAIRER HANDEL<\/h4>\n<p>Wir bei Equinix sch\u00e4tzen den freien und offenen Markt und wollen auf faire und ehrliche Weise in den Wettbewerb treten. Wir bem\u00fchen uns nicht darum, Einblick in die gesch\u00fctzten Informationen anderer zu nehmen, in den Besitz von Gesch\u00e4ftsgeheimnissen zu gelangen, die ohne die Zustimmung des Eigent\u00fcmers in Erfahrung gebracht wurden oder derzeitige oder fr\u00fcherer Mitarbeiter anderer Unternehmen dazu zu bringen, gesch\u00fctzte Informationen dieser Unternehmen an uns weiterzugeben.<\/p>\n<p>Wir haben uns dem fairen und ehrlichen Umgang mit allen unseren Lieferanten verpflichtet, unabh\u00e4ngig von ihrem Standort oder der Art von Produkten oder Dienstleistungen, die sie anbieten. Unsere Beschaffungsvorg\u00e4nge sind offen und fair; Lieferanten werden auf Wettbewerbsbasis ausgew\u00e4hlt und wir f\u00fchren f\u00fcr beide Seiten lohnende Gesch\u00e4ftsbeziehungen, gepr\u00e4gt von enger Zusammenarbeit und offener Kommunikation.[\/vc_column_text][vc_row_inner row_type=&#8221;row&#8221; type=&#8221;full_width&#8221; text_align=&#8221;left&#8221; css_animation=&#8221;&#8221; anchor=&#8221;Daily_privacy&#8221;][vc_column_inner][vc_column_text]<\/p>\n<h4>DATENSCHUTZ<\/h4>\n<p>Datenschutzgesetze und -vorschriften k\u00f6nnen komplex sein und variieren von Land zu Land. Wir bei Equinix wahren die Vertraulichkeit personenbezogener Daten von Mitarbeitern und sind bestrebt, solche Informationen zu zu sch\u00fctzen und ausschlie\u00dflich auf angemessene und geeignete Weise zum Zweck Ihrer Besch\u00e4ftigung bei Equinix zu nutzen. Es wird von Ihnen erwartet, dass Sie sich an alle Unternehmensrichtlinien zum Umgang mit und zur Aufbewahrung von personenbezogenen Daten halten. Falls Sie Fragen zum Datenschutz haben, wenden Sie sich an Ihren lokalen Datenschutzbeauftragten.[\/vc_column_text][\/vc_column_inner][\/vc_row_inner][\/vc_column][vc_column width=&#8221;1\/3&#8243; css=&#8221;.vc_custom_1615545397340{padding-bottom: 30px !important;}&#8221;][vc_column_text]<\/p>\n<h4 class=\"exclaimation\">Nicht vergessen:<\/h4>\n<div class=\"lead\">W\u00fcrdigen und sch\u00fctzen Sie stets vertrauliche oder gesch\u00fctzte Informationen von Lieferanten \u2013 und lassen Sie sie wissen, dass wir erwarten, dass sie auf ebenso sorgsame Weise mit unseren Informationen umgehen.<\/div>\n<p>[\/vc_column_text][\/vc_column][\/vc_row][vc_row css_animation=&#8221;&#8221; row_type=&#8221;row&#8221; use_row_as_full_screen_section=&#8221;no&#8221; type=&#8221;full_width&#8221; angled_section=&#8221;no&#8221; text_align=&#8221;left&#8221; background_image_as_pattern=&#8221;without_pattern&#8221; z_index=&#8221;&#8221; anchor=&#8221;Anti-bribery_and_corruption&#8221;][vc_column width=&#8221;1\/2&#8243; el_class=&#8221;purpose_values&#8221; css=&#8221;.vc_custom_1616046403361{padding-bottom: 20px !important;}&#8221;][vc_column_text]<\/p>\n<h4>BESTECHUNG UND KORRUPTION<\/h4>\n<p>Die Gesch\u00e4ftspraktiken von Equinix basieren auf Ehrlichkeit und Integrit\u00e4t. Wir zahlen oder empfangen keine Bestechungs- oder Schmiergelder oder sonstigen unangemessenen Betr\u00e4ge.<\/p>\n<p>Als globales Unternehmen m\u00fcssen wir uns an die Gesetze zur Bek\u00e4mpfung von Bestechung und Korruption in den L\u00e4ndern, in denen wir t\u00e4tig sind, halten, darunter der U.S. Foreign Corrupt Practices Act (FCPA) und der U.K. Bribery Act. Diese Gesetze verbieten Bestechung und Korruption, insbesondere wenn Regierungsvertreter beteiligt sind. Mitarbeiter, leitende Angestellte, Handlungsbevollm\u00e4chtigte oder selbst\u00e4ndige Vertragspartner von Equinix d\u00fcrfen in unserem Namen keine Wertgegenst\u00e4nde anbieten oder annehmen, um sich Auftr\u00e4ge zu sichern oder einen unfairen Vorteil zu verschaffen. Verst\u00f6\u00dfe k\u00f6nnen zu schweren Strafen und Rufsch\u00e4digung f\u00fcr Sie und Equinix f\u00fchren.<\/p>\n<p>Die US-amerikanischen Gesetze zur Bek\u00e4mpfung von Bestechung sind sehr breit gefasst, was bedeutet, dass viele Geschenke oder Unterhaltungsangebote an Regierungsvertreter ggf. als unangemessen erachtet werden. Daher d\u00fcrfen Mitarbeiter keine Zahlungen, Vorteile oder Geld- oder andere Geschenke an Regierungsvertreter \u00fcbergeben, anbieten, in Aussicht stellen oder autorisieren, es sei denn, dies f\u00e4llt unter die folgenden sehr beschr\u00e4nkten Ausnahmeregelungen. Diese Regel greift unabh\u00e4ngig davon, ob Sie das Geschenk oder den Vorteil selbst oder \u00fcber einen Dritten, z.\u00b0B. einen Vertreiber oder selbst\u00e4ndigen Vertragspartner, gew\u00e4hren.<\/p>\n<p>Diese Regel gilt au\u00dferdem unabh\u00e4ngig davon, ob Sie versuchen, sich einen Auftrag oder einen Vorteil gegen\u00fcber anderen zu sichern (z. B. eine Vorzugs- oder Sonderbehandlung, die Konkurrenten nicht angeboten wird). Geschenke oder Unterhaltungsangebote, die Regierungsvertretern angeboten werden, m\u00fcssen die folgenden Kriterien erf\u00fcllen:[\/vc_column_text][\/vc_column][vc_column width=&#8221;1\/2&#8243; el_class=&#8221;purpose_values&#8221; css=&#8221;.vc_custom_1615545765099{padding-bottom: 20px !important;}&#8221;][vc_single_image image=&#8221;581&#8243; img_size=&#8221;full&#8221; alignment=&#8221;center&#8221; qode_css_animation=&#8221;&#8221; el_class=&#8221;w-100&#8243;][vc_empty_space height=&#8221;65px&#8221;][vc_column_text]<\/p>\n<ul>\n<li>Unterhaltungsangebote m\u00fcssen angemessen sein, guten Glaubens angeboten werden und sich direkt auf die Bewerbung, Demonstration oder Erl\u00e4uterung von Produkten oder Dienstleistungen beziehen oder mit der Erf\u00fcllung eines Vertrags zwischen Equinix und der Beh\u00f6rde in Verbindung stehen.<\/li>\n<li>Alle Geschenke und Unterhaltungsangebote m\u00fcssen allen Equinix-Richtlinien, einschlie\u00dflich unserer Reise- und Ausgabenrichtlinie entsprechen.<\/li>\n<li>Geschenke oder Unterhaltungsangebote d\u00fcrfen Regierungsvertretern nicht zum Zweck der Sicherung eines unangemessenen gesch\u00e4ftlichen Vorteils angeboten werden.<\/li>\n<\/ul>\n<p>[\/vc_column_text][\/vc_column][\/vc_row][vc_row css_animation=&#8221;&#8221; row_type=&#8221;row&#8221; use_row_as_full_screen_section=&#8221;no&#8221; type=&#8221;full_width&#8221; angled_section=&#8221;no&#8221; text_align=&#8221;left&#8221; background_image_as_pattern=&#8221;without_pattern&#8221; z_index=&#8221;&#8221;][vc_column width=&#8221;1\/2&#8243; css=&#8221;.vc_custom_1615545826324{padding-bottom: 26px !important;}&#8221;][vc_single_image image=&#8221;582&#8243; img_size=&#8221;full&#8221; alignment=&#8221;center&#8221; qode_css_animation=&#8221;&#8221; el_class=&#8221;w-100&#8243;][\/vc_column][vc_column width=&#8221;1\/2&#8243; el_class=&#8221;purpose_values&#8221; css=&#8221;.vc_custom_1615545831124{padding-bottom: 26px !important;}&#8221;][vc_column_text]Sie m\u00fcssen sicherstellen, dass Geschenke im Zusammenhang mit Ihrer Arbeit transparent sind, ordnungsgem\u00e4\u00df in den B\u00fcchern des Unternehmens erfasst werden und unter unserer Richtlinie zul\u00e4ssig sind. Wenn Sie das Geschenk erfassen, m\u00fcssen Sie Zweck und Empf\u00e4nger benennen. Wenn es sich um ein Geschenk f\u00fcr einen Regierungsvertreter handelt, holen Sie im Vorfeld die Genehmigung vom Compliance Office ein.<\/p>\n<p>Falls Sie dazu Fragen haben oder Hilfe ben\u00f6tigen, wenden Sie sich an den Compliance Officer von Equinix. Wenn Sie von einem mutma\u00dflichen oder tats\u00e4chlichen Versto\u00df gegen diese Richtlinie Kenntnis erlangen, sind Sie verpflichtet, dies sofort zu melden.[\/vc_column_text][\/vc_column][\/vc_row][vc_row css_animation=&#8221;&#8221; row_type=&#8221;row&#8221; use_row_as_full_screen_section=&#8221;no&#8221; type=&#8221;full_width&#8221; angled_section=&#8221;no&#8221; text_align=&#8221;left&#8221; background_image_as_pattern=&#8221;without_pattern&#8221; z_index=&#8221;&#8221; anchor=&#8221;Intellectual_property&#8221;][vc_column width=&#8221;2\/3&#8243; el_class=&#8221;purpose_values&#8221;][vc_column_text]<\/p>\n<h4>GEISTIGES EIGENTUM<\/h4>\n<p>Zu geistigem Eigentum z\u00e4hlen Urheberrechte, Patente, Warenzeichen, Gesch\u00e4ftsgeheimnisse und sonstiges immaterielles Eigentum. Wir ergreifen aktiv Ma\u00dfnahmen, um unsere geistigen Eigentumsrechte zu sch\u00fctzen und durchzusetzen und wir m\u00fcssen \u00e4hnliche Ma\u00dfnahmen ergreifen, um das geistige Eigentum Dritter zu sch\u00fctzen. Wenn wir unser geistiges Eigentum an Dritte weitergeben, m\u00fcssen wir sicherstellen, dass sie zustimmen, es in \u00dcbereinstimmung mit unseren Equinix- Richtlinien zu nutzen und zu sch\u00fctzen.<\/p>\n<p>Viele Materialen, die Sie jeden Tag nutzen, sind durch Urheberrechtsgesetze gesch\u00fctzt, darunter Computersoftware, B\u00fccher, Handb\u00fccher, Audio- und Videodateien, Fachzeitschriften und Magazine. Weitere weniger offenkundige Beispiele sind Pr\u00e4sentationsfolien, Schulungsmaterialien Gesch\u00e4ftsmodelle und Probleml\u00f6sungsmethoden. Wir d\u00fcrfen niemals wissentlich die geistigen Eigentumsrechte Dritter verletzen. Equinix verbietet streng jede Reproduktion, Verbreitung oder \u00c4nderung von urheberrechtlich gesch\u00fctzten Materialien ohne die Erlaubnis des Eigent\u00fcmers oder seines autorisierten Vertreters. Sie m\u00fcssen au\u00dferdem sicherstellen, dass Sie niemals vom Unternehmen lizenzierte Computersoftware auf rechtswidrige Weise zu privaten oder gesch\u00e4ftlichen Zwecken nutzen.[\/vc_column_text][\/vc_column][vc_column width=&#8221;1\/3&#8243;][\/vc_column][\/vc_row][vc_row css_animation=&#8221;&#8221; row_type=&#8221;row&#8221; use_row_as_full_screen_section=&#8221;no&#8221; type=&#8221;full_width&#8221; angled_section=&#8221;no&#8221; text_align=&#8221;left&#8221; background_image_as_pattern=&#8221;without_pattern&#8221; z_index=&#8221;&#8221; padding_top=&#8221;16&#8243; padding_bottom=&#8221;142&#8243; el_class=&#8221;inside_space&#8221; anchor=&#8221;Inside_information_and_securities_trading&#8221;][vc_column width=&#8221;2\/3&#8243; el_class=&#8221;purpose_values&#8221;][vc_column_text]<\/p>\n<h4>INSIDERINFORMATIONEN UND WERTPAPIERHANDEL<\/h4>\n<p>Sie d\u00fcrfen keine Equinix-Aktien kaufen oder verkaufen, wenn Sie \u00fcber \u201ewesentliche Informationen\u201c \u00fcber das Unternehmen verf\u00fcgen, die der \u00d6ffentlichkeit nicht bekannt sind (auch als \u201eInsiderinformationen\u201c bezeichnet). Ebenso wenig d\u00fcrfen Sie Aktien von anderen Unternehmen, z.\u00b0B. Kunden oder Lieferanten, kaufen oder verkaufen, wenn Sie \u00fcber Insiderinformationen zu diesen Unternehmen verf\u00fcgen. Wenn Sie Insiderinformationen weitergeben oder einem Dritten Tipps geben, der dann auf dieser Grundlage handelt, k\u00f6nnen Sie f\u00fcr illegalen Handel zur Verantwortung gezogen werden.<\/p>\n<p>Sie k\u00f6nnen auch f\u00fcr den Handel mit Wertpapieren auf der Grundlage vertraulicher Informationen, die Sie weitergegeben haben \u2013 auch an Angeh\u00f6rige oder Freunde \u2013 verantwortlich gemacht werden. Wenn Sie Insiderinformationen weitergeben, die einen Angeh\u00f6rigen oder Freund dahingehend beeinflussen, Equinix-Aktien zu kaufen oder zu verkaufen, k\u00f6nnen Sie als Tippgeber unter den Bundeswertpapiergesetzen strafrechtlich verfolgt werden.<\/p>\n<p>Equinix betrachtet es f\u00fcr Personen, die bei Equinix besch\u00e4ftigt oder mit Equinix verbunden sind, als unangemessen, sich an kurzfristigen oder spekulativen Transaktionen mit Equinix-Wertpapieren oder anderen Transaktionen mit Equinix-Wertpapieren zu beteiligen, die zu Verst\u00f6\u00dfen gegen Gesetze zu Insiderhandel f\u00fchren. Demzufolge unterliegt Ihr Handel mit Equinix-Wertpapieren den in der Equinix-Richtlinie zum Wertpapierhandel ausf\u00fchrlicher beschriebenen zus\u00e4tzlichen Vorgaben.<\/p>\n<p>Um sicherzugehen, dass Sie die Gesetze zum Insiderhandel einhalten, lesen Sie bitte die Equinix-Richtlinie zum Wertpapierhandel. Bei Fragen wenden Sie sich an das Compliance Office.[\/vc_column_text][vc_empty_space height=&#8221;24px&#8221;]<a class=\"recom-read-link\" href=\"\/de\/additional-resources\/#recommended_readings\" target=\"_self\"><div class=\"recommend_book\"><div class=\"recommend_icon\"><img decoding=\"async\" src=\"https:\/\/codeofbusinessconduct.equinix.com\/wp-content\/uploads\/2021\/03\/recommend_book.svg\" \/><\/div><div class=\"recommend_content\"><h4>EMPFOHLENE LITERATUR:<br>EQUINIX-RICHTLINIE ZUM WERTPAPIERHANDEL<\/h4><\/div><\/div><\/a>[\/vc_column][vc_column width=&#8221;1\/3&#8243; css=&#8221;.vc_custom_1615790628304{padding-top: 35px !important;}&#8221;][vc_column_text]<\/p>\n<h4 class=\"exclaimation\">Nicht vergessen:<\/h4>\n<div class=\"lead\">Insiderinformationen sind vertrauliche Informationen, die sich auf Entscheidungen von Investoren zum Kauf, Verkauf oder Halten von Equinix-Aktien auswirken k\u00f6nnten, wenn sie \u00f6ffentlich bekannt w\u00fcrden.<\/div>\n<p>[\/vc_column_text][\/vc_column][\/vc_row]<\/p>\n<\/section>","protected":false},"excerpt":{"rendered":"<p>[vc_row css_animation=&#8221;&#8221; row_type=&#8221;row&#8221; use_row_as_full_screen_section=&#8221;no&#8221; type=&#8221;full_width&#8221; angled_section=&#8221;no&#8221; text_align=&#8221;left&#8221; background_image_as_pattern=&#8221;without_pattern&#8221;][vc_column][vc_single_image image=&#8221;4088&#8243; img_size=&#8221;full&#8221; qode_css_animation=&#8221;&#8221;][vc_empty_space height=&#8221;8px&#8221;][vc_column_text] UNSERE VERPFLICHTUNG ZUM GESETZ Rechtm\u00e4\u00dfige Gesch\u00e4ftspraktiken verstehen und einhalten [\/vc_column_text][\/vc_column][\/vc_row][vc_row css_animation=&#8221;&#8221; row_type=&#8221;row&#8221; use_row_as_full_screen_section=&#8221;no&#8221; type=&#8221;full_width&#8221; angled_section=&#8221;no&#8221; text_align=&#8221;left&#8221; background_image_as_pattern=&#8221;without_pattern&#8221; z_index=&#8221;&#8221; padding_top=&#8221;32&#8243; padding_bottom=&#8221;40&#8243;][vc_column][vc_single_image image=&#8221;572&#8243; img_size=&#8221;full&#8221; alignment=&#8221;center&#8221; qode_css_animation=&#8221;&#8221; el_class=&#8221;w-100&#8243;][\/vc_column][\/vc_row][vc_row css_animation=&#8221;&#8221; row_type=&#8221;row&#8221; use_row_as_full_screen_section=&#8221;no&#8221; type=&#8221;full_width&#8221; angled_section=&#8221;no&#8221; text_align=&#8221;left&#8221; background_image_as_pattern=&#8221;without_pattern&#8221; z_index=&#8221;&#8221;&#8230;<\/p>\n","protected":false},"author":1,"featured_media":0,"parent":0,"menu_order":0,"comment_status":"closed","ping_status":"closed","template":"","meta":{"inline_featured_image":false,"footnotes":""},"class_list":["post-571","page","type-page","status-publish","hentry"],"yoast_head":"<!-- This site is optimized with the Yoast SEO plugin v25.8 - https:\/\/yoast.com\/wordpress\/plugins\/seo\/ -->\n<title>UNSERE VERPFLICHTUNG ZUM GESETZ - Equinix Code of Business Conduct<\/title>\n<meta name=\"robots\" content=\"index, follow, max-snippet:-1, max-image-preview:large, max-video-preview:-1\" \/>\n<link rel=\"canonical\" href=\"https:\/\/169.254.129.2\/our-commitment-to-the-law\/\" \/>\n<meta property=\"og:locale\" content=\"de_DE\" \/>\n<meta property=\"og:type\" content=\"article\" \/>\n<meta property=\"og:title\" content=\"UNSERE VERPFLICHTUNG ZUM GESETZ - Equinix Code of Business Conduct\" \/>\n<meta property=\"og:description\" content=\"[vc_row css_animation=&#8221;&#8221; row_type=&#8221;row&#8221; use_row_as_full_screen_section=&#8221;no&#8221; type=&#8221;full_width&#8221; angled_section=&#8221;no&#8221; text_align=&#8221;left&#8221; background_image_as_pattern=&#8221;without_pattern&#8221;][vc_column][vc_single_image image=&#8221;4088&#8243; img_size=&#8221;full&#8221; qode_css_animation=&#8221;&#8221;][vc_empty_space height=&#8221;8px&#8221;][vc_column_text] UNSERE VERPFLICHTUNG ZUM GESETZ Rechtm\u00e4\u00dfige Gesch\u00e4ftspraktiken verstehen und einhalten [\/vc_column_text][\/vc_column][\/vc_row][vc_row css_animation=&#8221;&#8221; row_type=&#8221;row&#8221; use_row_as_full_screen_section=&#8221;no&#8221; type=&#8221;full_width&#8221; angled_section=&#8221;no&#8221; text_align=&#8221;left&#8221; background_image_as_pattern=&#8221;without_pattern&#8221; z_index=&#8221;&#8221; padding_top=&#8221;32&#8243; padding_bottom=&#8221;40&#8243;][vc_column][vc_single_image image=&#8221;572&#8243; img_size=&#8221;full&#8221; alignment=&#8221;center&#8221; qode_css_animation=&#8221;&#8221; el_class=&#8221;w-100&#8243;][\/vc_column][\/vc_row][vc_row css_animation=&#8221;&#8221; row_type=&#8221;row&#8221; use_row_as_full_screen_section=&#8221;no&#8221; type=&#8221;full_width&#8221; angled_section=&#8221;no&#8221; text_align=&#8221;left&#8221; background_image_as_pattern=&#8221;without_pattern&#8221; z_index=&#8221;&#8221;...\" \/>\n<meta property=\"og:url\" content=\"https:\/\/169.254.129.2\/our-commitment-to-the-law\/\" \/>\n<meta property=\"og:site_name\" content=\"Equinix Code of Business Conduct\" \/>\n<meta property=\"article:modified_time\" content=\"2025-12-15T11:16:56+00:00\" \/>\n<meta name=\"twitter:card\" content=\"summary_large_image\" \/>\n<meta name=\"twitter:label1\" content=\"Gesch\u00e4tzte Lesezeit\" \/>\n\t<meta name=\"twitter:data1\" content=\"7\u00a0Minuten\" \/>\n<script type=\"application\/ld+json\" class=\"yoast-schema-graph\">{\"@context\":\"https:\/\/schema.org\",\"@graph\":[{\"@type\":\"WebPage\",\"@id\":\"https:\/\/169.254.129.2\/our-commitment-to-the-law\/\",\"url\":\"https:\/\/169.254.129.2\/our-commitment-to-the-law\/\",\"name\":\"UNSERE VERPFLICHTUNG ZUM GESETZ - Equinix Code of Business Conduct\",\"isPartOf\":{\"@id\":\"https:\/\/cobc-prod.azurewebsites.net\/#website\"},\"datePublished\":\"2021-03-10T06:21:26+00:00\",\"dateModified\":\"2025-12-15T11:16:56+00:00\",\"breadcrumb\":{\"@id\":\"https:\/\/169.254.129.2\/our-commitment-to-the-law\/#breadcrumb\"},\"inLanguage\":\"de\",\"potentialAction\":[{\"@type\":\"ReadAction\",\"target\":[\"https:\/\/169.254.129.2\/our-commitment-to-the-law\/\"]}]},{\"@type\":\"BreadcrumbList\",\"@id\":\"https:\/\/169.254.129.2\/our-commitment-to-the-law\/#breadcrumb\",\"itemListElement\":[{\"@type\":\"ListItem\",\"position\":1,\"name\":\"Home\",\"item\":\"https:\/\/169.254.129.2\/\"},{\"@type\":\"ListItem\",\"position\":2,\"name\":\"UNSERE VERPFLICHTUNG ZUM GESETZ\"}]},{\"@type\":\"WebSite\",\"@id\":\"https:\/\/cobc-prod.azurewebsites.net\/#website\",\"url\":\"https:\/\/cobc-prod.azurewebsites.net\/\",\"name\":\"Equinix Code of Business Conduct\",\"description\":\"\",\"potentialAction\":[{\"@type\":\"SearchAction\",\"target\":{\"@type\":\"EntryPoint\",\"urlTemplate\":\"https:\/\/cobc-prod.azurewebsites.net\/?s={search_term_string}\"},\"query-input\":{\"@type\":\"PropertyValueSpecification\",\"valueRequired\":true,\"valueName\":\"search_term_string\"}}],\"inLanguage\":\"de\"}]}<\/script>\n<!-- \/ Yoast SEO plugin. -->","yoast_head_json":{"title":"UNSERE VERPFLICHTUNG ZUM GESETZ - Equinix Code of Business Conduct","robots":{"index":"index","follow":"follow","max-snippet":"max-snippet:-1","max-image-preview":"max-image-preview:large","max-video-preview":"max-video-preview:-1"},"canonical":"https:\/\/169.254.129.2\/our-commitment-to-the-law\/","og_locale":"de_DE","og_type":"article","og_title":"UNSERE VERPFLICHTUNG ZUM GESETZ - Equinix Code of Business Conduct","og_description":"[vc_row css_animation=&#8221;&#8221; row_type=&#8221;row&#8221; use_row_as_full_screen_section=&#8221;no&#8221; type=&#8221;full_width&#8221; angled_section=&#8221;no&#8221; text_align=&#8221;left&#8221; background_image_as_pattern=&#8221;without_pattern&#8221;][vc_column][vc_single_image image=&#8221;4088&#8243; img_size=&#8221;full&#8221; qode_css_animation=&#8221;&#8221;][vc_empty_space height=&#8221;8px&#8221;][vc_column_text] UNSERE VERPFLICHTUNG ZUM GESETZ Rechtm\u00e4\u00dfige Gesch\u00e4ftspraktiken verstehen und einhalten [\/vc_column_text][\/vc_column][\/vc_row][vc_row css_animation=&#8221;&#8221; row_type=&#8221;row&#8221; use_row_as_full_screen_section=&#8221;no&#8221; type=&#8221;full_width&#8221; angled_section=&#8221;no&#8221; text_align=&#8221;left&#8221; background_image_as_pattern=&#8221;without_pattern&#8221; z_index=&#8221;&#8221; padding_top=&#8221;32&#8243; padding_bottom=&#8221;40&#8243;][vc_column][vc_single_image image=&#8221;572&#8243; img_size=&#8221;full&#8221; alignment=&#8221;center&#8221; qode_css_animation=&#8221;&#8221; el_class=&#8221;w-100&#8243;][\/vc_column][\/vc_row][vc_row css_animation=&#8221;&#8221; row_type=&#8221;row&#8221; use_row_as_full_screen_section=&#8221;no&#8221; type=&#8221;full_width&#8221; angled_section=&#8221;no&#8221; text_align=&#8221;left&#8221; background_image_as_pattern=&#8221;without_pattern&#8221; z_index=&#8221;&#8221;...","og_url":"https:\/\/169.254.129.2\/our-commitment-to-the-law\/","og_site_name":"Equinix Code of Business Conduct","article_modified_time":"2025-12-15T11:16:56+00:00","twitter_card":"summary_large_image","twitter_misc":{"Gesch\u00e4tzte Lesezeit":"7\u00a0Minuten"},"schema":{"@context":"https:\/\/schema.org","@graph":[{"@type":"WebPage","@id":"https:\/\/169.254.129.2\/our-commitment-to-the-law\/","url":"https:\/\/169.254.129.2\/our-commitment-to-the-law\/","name":"UNSERE VERPFLICHTUNG ZUM GESETZ - Equinix Code of Business Conduct","isPartOf":{"@id":"https:\/\/cobc-prod.azurewebsites.net\/#website"},"datePublished":"2021-03-10T06:21:26+00:00","dateModified":"2025-12-15T11:16:56+00:00","breadcrumb":{"@id":"https:\/\/169.254.129.2\/our-commitment-to-the-law\/#breadcrumb"},"inLanguage":"de","potentialAction":[{"@type":"ReadAction","target":["https:\/\/169.254.129.2\/our-commitment-to-the-law\/"]}]},{"@type":"BreadcrumbList","@id":"https:\/\/169.254.129.2\/our-commitment-to-the-law\/#breadcrumb","itemListElement":[{"@type":"ListItem","position":1,"name":"Home","item":"https:\/\/169.254.129.2\/"},{"@type":"ListItem","position":2,"name":"UNSERE VERPFLICHTUNG ZUM GESETZ"}]},{"@type":"WebSite","@id":"https:\/\/cobc-prod.azurewebsites.net\/#website","url":"https:\/\/cobc-prod.azurewebsites.net\/","name":"Equinix Code of Business Conduct","description":"","potentialAction":[{"@type":"SearchAction","target":{"@type":"EntryPoint","urlTemplate":"https:\/\/cobc-prod.azurewebsites.net\/?s={search_term_string}"},"query-input":{"@type":"PropertyValueSpecification","valueRequired":true,"valueName":"search_term_string"}}],"inLanguage":"de"}]}},"_links":{"self":[{"href":"https:\/\/codeofbusinessconduct.equinix.com\/de\/wp-json\/wp\/v2\/pages\/571","targetHints":{"allow":["GET"]}}],"collection":[{"href":"https:\/\/codeofbusinessconduct.equinix.com\/de\/wp-json\/wp\/v2\/pages"}],"about":[{"href":"https:\/\/codeofbusinessconduct.equinix.com\/de\/wp-json\/wp\/v2\/types\/page"}],"author":[{"embeddable":true,"href":"https:\/\/codeofbusinessconduct.equinix.com\/de\/wp-json\/wp\/v2\/users\/1"}],"replies":[{"embeddable":true,"href":"https:\/\/codeofbusinessconduct.equinix.com\/de\/wp-json\/wp\/v2\/comments?post=571"}],"version-history":[{"count":15,"href":"https:\/\/codeofbusinessconduct.equinix.com\/de\/wp-json\/wp\/v2\/pages\/571\/revisions"}],"predecessor-version":[{"id":5315,"href":"https:\/\/codeofbusinessconduct.equinix.com\/de\/wp-json\/wp\/v2\/pages\/571\/revisions\/5315"}],"wp:attachment":[{"href":"https:\/\/codeofbusinessconduct.equinix.com\/de\/wp-json\/wp\/v2\/media?parent=571"}],"curies":[{"name":"wp","href":"https:\/\/api.w.org\/{rel}","templated":true}]}}