{"id":491,"date":"2021-03-10T05:32:20","date_gmt":"2021-03-10T05:32:20","guid":{"rendered":"https:\/\/codeofbusinessconduct.equinix.com\/homepage\/"},"modified":"2024-11-27T00:33:29","modified_gmt":"2024-11-27T00:33:29","slug":"homepage","status":"publish","type":"page","link":"https:\/\/codeofbusinessconduct.equinix.com\/de\/","title":{"rendered":"Homepage"},"content":{"rendered":"<section class=\"wpb-content-wrapper\"><p>[vc_row css_animation=&#8221;&#8221; row_type=&#8221;row&#8221; use_row_as_full_screen_section=&#8221;no&#8221; type=&#8221;full_width&#8221; angled_section=&#8221;no&#8221; text_align=&#8221;center&#8221; background_image_as_pattern=&#8221;without_pattern&#8221; z_index=&#8221;&#8221; background_image=&#8221;469&#8243; el_class=&#8221;slider-image&#8221;][vc_column][vc_column_text]<\/p>\n<h1>EQUINIX VERHALTENSKODEX<\/h1>\n<p>[\/vc_column_text][\/vc_column][\/vc_row][vc_row css_animation=&#8221;&#8221; row_type=&#8221;row&#8221; use_row_as_full_screen_section=&#8221;no&#8221; type=&#8221;grid&#8221; angled_section=&#8221;no&#8221; text_align=&#8221;left&#8221; background_image_as_pattern=&#8221;without_pattern&#8221; z_index=&#8221;&#8221; padding_top=&#8221;50&#8243; padding_bottom=&#8221;32&#8243; el_class=&#8221;our-message&#8221;][vc_column width=&#8221;2\/3&#8243;][vc_single_image image=&#8221;503&#8243; img_size=&#8221;full&#8221; qode_css_animation=&#8221;&#8221;][vc_empty_space height=&#8221;8px&#8221;][vc_column_text]<\/p>\n<h3>UNSERE BOTSCHAFT<\/h3>\n<div class=\"lead\">\n<p><span data-contrast=\"auto\">Liebe Kolleginnen und Kollegen,<\/span><span data-ccp-props=\"{}\">\u00a0<\/span><\/p>\n<p><span data-ccp-props=\"{}\">\u00a0<\/span><span data-contrast=\"auto\">wir bei Equinix sind unglaublich stolz auf die erfolgreiche Organisation, die wir gemeinsam aufgebaut haben. Als globales, branchenf\u00fchrendes Unternehmen hat Equinix die Chance und die Verantwortung, einen Standard f\u00fcr ethische Gesch\u00e4ftspraktiken zu setzen, der unseren Kunden und Partnern zeigt, dass sie unserem Unternehmen und den von uns gelieferten Produkten und Dienstleistungen vertrauen k\u00f6nnen. Unser ethischer Ruf ist eines unserer st\u00e4rksten Unterscheidungsmerkmale, das wir alle unterst\u00fctzen m\u00fcssen.\u202f<\/span><span data-ccp-props=\"{}\">\u00a0<\/span><\/p>\n<p><span data-contrast=\"auto\">Unser Verhaltenskodex spiegelt die ethischen Werte und Standards wider, die f\u00fcr Equinix von grundlegender Bedeutung sind. Er stellt uns die Informationen, Ressourcen und Werkzeuge zur Verf\u00fcgung, die wir ben\u00f6tigen, um klare, konsistente globale Standards f\u00fcr ethisches Gesch\u00e4ftsverhalten und die Einhaltung von Gesetzen zu schaffen. Von uns allen wird erwartet, dass wir unseren Kodex kennen und ihn nutzen, um unsere Bem\u00fchungen im Namen des Unternehmens zu leiten. Er soll uns helfen, die richtigen Entscheidungen zu treffen, wenn wir auf herausfordernde ethische Situationen sto\u00dfen.\u202f<\/span><span data-ccp-props=\"{}\">\u00a0<\/span><\/p>\n<p><span data-contrast=\"auto\">Als Mitarbeiter von Equinix haben wir alle das Recht und die Verantwortung, unsere Unternehmenskultur vor jeglichem Verhalten zu sch\u00fctzen, das unsere Werte bedroht oder unserem Ruf schadet. Dass wir uns gegenseitig daf\u00fcr verantwortlich machen, unsere Werte zu leben, ist Teil dessen, was Equinix zu einem besonderen Ort macht. Wenn Sie jemals Fragen oder Bedenken haben, dass gegen unseren Verhaltenskodex versto\u00dfen wird, wenden Sie sich bitte an uns. Wir empfehlen Ihnen, mit Ihrem Vorgesetzten, dem Chief Compliance Officer von Equinix, dem Global General Counsel oder dem Chief Legal and HR Officer zu sprechen. Sie k\u00f6nnen auch anonym \u00fcber unser Online-Ethikformular oder unseren mehrsprachigen Telefondienst Mitteilungen machen.\u202f<\/span><span data-ccp-props=\"{}\">\u00a0<\/span><\/p>\n<p><span data-contrast=\"auto\">Wir bei Equinix sind stolz darauf, Menschen zu sein, die ethisch, engagiert und selbstbestimmt sind. Unsere Mitarbeiter und unsere Kultur haben Equinix zu dem f\u00fchrenden Unternehmen gemacht, das es heute ist \u2013 und sie werden das Fundament sein, auf dem wir unseren anhaltenden Erfolg aufbauen.<\/span><span data-ccp-props=\"{}\">\u00a0<\/span><\/p>\n<p><strong>\u202fAdaire Fox-Martin\u00a0<\/strong><\/p>\n<p><span data-contrast=\"auto\">Chief Executive Officer und Pr\u00e4sident<\/span><span data-ccp-props=\"{}\">\u00a0<\/span><\/p>\n<p><span data-contrast=\"auto\">\u202f<\/span><span data-ccp-props=\"{}\">\u00a0<\/span><\/p>\n<p><strong>Charles Meyers\u00a0<\/strong><\/p>\n<p><span data-contrast=\"auto\">Gesch\u00e4ftsf\u00fchrender Vorsitzender<\/span><span data-ccp-props=\"{}\">\u00a0<\/span><\/p>\n<\/div>\n<p>[\/vc_column_text][\/vc_column][vc_column width=&#8221;1\/3&#8243; el_class=&#8221;chief-images&#8221;][vc_single_image image=&#8221;4731&#8243; img_size=&#8221;full&#8221; qode_css_animation=&#8221;&#8221;][vc_single_image image=&#8221;4651&#8243; img_size=&#8221;full&#8221; qode_css_animation=&#8221;&#8221;][vc_column_text el_class=&#8221;team_header&#8221;]<strong>Adaire Fox-Martin\u00a0<\/strong><\/p>\n<p><span data-contrast=\"auto\">Chief Executive Officer und Pr\u00e4sident<\/span><span data-ccp-props=\"{}\">\u00a0<\/span>[\/vc_column_text][vc_empty_space height=&#8221;30px&#8221;][vc_single_image image=&#8221;4771&#8243; img_size=&#8221;full&#8221; qode_css_animation=&#8221;&#8221;][vc_single_image image=&#8221;4791&#8243; img_size=&#8221;full&#8221; qode_css_animation=&#8221;&#8221;][vc_column_text el_class=&#8221;team_header&#8221;]<strong>Charles Meyers\u00a0<\/strong><\/p>\n<p><span data-contrast=\"auto\">Gesch\u00e4ftsf\u00fchrender Vorsitzender<\/span><span data-ccp-props=\"{}\">\u00a0<\/span>[\/vc_column_text][\/vc_column][\/vc_row][vc_row css_animation=&#8221;&#8221; row_type=&#8221;row&#8221; use_row_as_full_screen_section=&#8221;yes&#8221; type=&#8221;grid&#8221; angled_section=&#8221;no&#8221; text_align=&#8221;left&#8221; background_image_as_pattern=&#8221;without_pattern&#8221; z_index=&#8221;&#8221; background_color=&#8221;#eeeeee&#8221; padding_top=&#8221;34&#8243; padding_bottom=&#8221;68&#8243; el_class=&#8221;table-of-contents&#8221;][vc_column][vc_column_text]<\/p>\n<h3>Inhaltsverzeichnis<\/h3>\n<p>[\/vc_column_text][vc_row_inner row_type=&#8221;row&#8221; type=&#8221;full_width&#8221; text_align=&#8221;left&#8221; css_animation=&#8221;&#8221;][vc_column_inner width=&#8221;1\/2&#8243;][vc_column_text]<a class=\"anchor\" href=\"#Our_Purpose_and_Values\"><strong>UNSER ZWECK UND UNSERE WERTE<\/strong><\/a><\/p>\n<p><a href=\"\/de\/our-code\"><strong>UNSER KODEX<\/strong><\/a><\/p>\n<ul>\n<li><a href=\"\/de\/our-code\/#why_we_have_a_code_of_business_conduct\">Warum ein Verhaltenskodex?<\/a><\/li>\n<li><a href=\"\/de\/our-code\/#who_is_required_to_follow_our_code\">Wer muss sich an unseren Kodex halten?<\/a><\/li>\n<li><a href=\"\/de\/our-code\/#ethics_in_action:_what_our_code_means_for_you\">Ethik in der Praxis: Was unser Kodex f\u00fcr Sie bedeutet<\/a><\/li>\n<\/ul>\n<p><a href=\"\/de\/our-people\"><strong>UNSERE BELEGSCHAFT<\/strong><\/a><\/p>\n<ul>\n<li><a href=\"\/de\/our-people\/#diversity\">Vielfalt<\/a><\/li>\n<li><a href=\"\/de\/our-people\/#dignity_and_respect\">W\u00fcrde und Respekt<\/a><\/li>\n<li><a href=\"\/de\/our-people\/#safety\">Sicherheit<\/a><\/li>\n<\/ul>\n<p><a href=\"\/de\/our-business-relationships\"><strong>UNSERE GESCH\u00c4FTSBEZIEHUNGEN<\/strong><\/a><\/p>\n<ul>\n<li><a href=\"\/de\/our-business-relationships\/#Conflicts_of_interest\">Interessenkonflikte<\/a><\/li>\n<li><a href=\"\/de\/our-business-relationships\/#Gifts_and_entertainment\">Geschenke und Unterhaltung<\/a><\/li>\n<li><a href=\"\/de\/our-business-relationships\/#Prohibited_payments_and_gifts_to_government_personnel\">Verbotene Zahlungen und Geschenke an Regierungs-mitarbeiter<\/a><\/li>\n<li><a href=\"\/de\/our-business-relationships\/#Protecting_our_reputation_and_property\">Schutz unseres Rufs und Eigentums<\/a><\/li>\n<li><a href=\"\/de\/our-business-relationships\/#Speaking_on_behalf_of_our_company\">F\u00fcr das Unternehmen sprechen<\/a><\/li>\n<\/ul>\n<p>[\/vc_column_text][\/vc_column_inner][vc_column_inner width=&#8221;1\/2&#8243;][vc_column_text]<a href=\"\/de\/our-commitment-to-the-law\/#Competition_and_fair_dealing\"><strong>UNSERE VERPFLICHTUNG ZUM GESETZ<\/strong><\/a><\/p>\n<ul>\n<li><a href=\"\/de\/our-commitment-to-the-law\/#Competition_and_fair_dealing\">Wettbewerb und fairer Handel<\/a><\/li>\n<li><a href=\"\/de\/our-commitment-to-the-law\/#Daily_privacy\">Datenschutz<\/a><\/li>\n<li><a href=\"\/de\/our-commitment-to-the-law\/#Anti-bribery_and_corruption\">Bestechung und Korruption<\/a><\/li>\n<li><a href=\"\/de\/our-commitment-to-the-law\/#Intellectual_property\">Geistiges Eigentum<\/a><\/li>\n<li><a href=\"\/de\/our-commitment-to-the-law\/#Inside_information_and_securities_trading\">Insiderinformationen und Wertpapier- handel<\/a><\/li>\n<\/ul>\n<p><a href=\"\/de\/our-community\/\"><strong>UNSERE GEMEINSCHAFT<\/strong><\/a><\/p>\n<ul>\n<li><a href=\"\/de\/our-community\/#Human_rights\">Menschenrechte<\/a><\/li>\n<li><a href=\"\/de\/our-community\/#Charitable_contributions\">Wohlt\u00e4tige Beitr\u00e4ge<\/a><\/li>\n<li><a href=\"\/de\/our-community\/#Political_activities_and_contributions\">Politische Aktivit\u00e4ten und Beitr\u00e4ge<\/a><\/li>\n<li><a href=\"\/de\/our-community\/#The_environment\">Die Umwelt<\/a><\/li>\n<\/ul>\n<p><a href=\"\/de\/our-responsibility\"><strong>UNSERE VERANTWORTUNG<\/strong><\/a><\/p>\n<ul>\n<li><a href=\"\/de\/our-responsibility\/#Your_voice_matters\">Ihre Stimme z\u00e4hlt<\/a><\/li>\n<li><a href=\"\/de\/our-responsibility\/#Ways_to_speak_up\">Meldeoptionen<\/a><\/li>\n<li><a href=\"\/de\/our-responsibility\/#Whistleblower_protection_policy\">Whistleblower-Schutzrichtlinie<\/a><\/li>\n<li><a href=\"\/de\/our-responsibility\/#Code_of_business_conduct_waivers\">Verzicht auf die Durchsetzung des Verhaltenskodex<\/a><\/li>\n<\/ul>\n<p><a href=\"\/de\/additional-resources\/\"><strong>WEITERE RESSOURCEN<\/strong><\/a>[\/vc_column_text][\/vc_column_inner][\/vc_row_inner][\/vc_column][\/vc_row][vc_row css_animation=&#8221;&#8221; row_type=&#8221;row&#8221; use_row_as_full_screen_section=&#8221;no&#8221; type=&#8221;grid&#8221; angled_section=&#8221;no&#8221; text_align=&#8221;left&#8221; background_image_as_pattern=&#8221;without_pattern&#8221; z_index=&#8221;&#8221; padding_top=&#8221;32&#8243; padding_bottom=&#8221;50&#8243; el_class=&#8221;purpose_values our_space&#8221; anchor=&#8221;Our_Purpose_and_Values&#8221;][vc_column width=&#8221;1\/2&#8243; css=&#8221;.vc_custom_1615551557750{padding-bottom: 40px !important;}&#8221;][vc_single_image image=&#8221;501&#8243; img_size=&#8221;full&#8221; alignment=&#8221;center&#8221; qode_css_animation=&#8221;&#8221; el_class=&#8221;w-100&#8243;][\/vc_column][vc_column width=&#8221;1\/2&#8243; css=&#8221;.vc_custom_1615792034246{padding-bottom: 40px !important;}&#8221;][vc_single_image image=&#8221;502&#8243; img_size=&#8221;full&#8221; qode_css_animation=&#8221;&#8221;][vc_empty_space height=&#8221;8px&#8221;][vc_column_text]<\/p>\n<h3>UNSERE ZWECK, UNSER TRAUM UND UNSERE WERTE<\/h3>\n<div class=\"lead\">Das Equinix-Versprechen<\/div>\n<h4>UNSER ZWECK<\/h4>\n<p>Die Plattform zu sein, auf der die Welt zusammenkommt, und die Innovationen zu bef\u00e4higen, die unsere Arbeit, unser Leben und unseren Planeten bereichern.<\/p>\n<h4>UNSERE WERTE<\/h4>\n<ul>\n<li>Kunden z\u00e4hlen darauf, dass wir unsere Zusagen einhalten.<\/li>\n<li>Bei Equinix geht es vor allem um engagierte Menschen, die sich gegenseitig in die Pflicht nehmen, was die \u00fcberlegene Umsetzung betrifft.<\/li>\n<li>Wir pflegen eine Kultur des disziplinierten Denkens und Handelns.<\/li>\n<li>Wir bei Equinix setzen hohe Standards in Sachen Exzellenz.<\/li>\n<li>Unsere Leidenschaft f\u00fcr die Schaffung eines langlebigen Unternehmens ist unsere h\u00f6chste Priorit\u00e4t.<\/li>\n<\/ul>\n<p>[\/vc_column_text][\/vc_column][\/vc_row]<\/p>\n<\/section>","protected":false},"excerpt":{"rendered":"<p>[vc_row css_animation=&#8221;&#8221; row_type=&#8221;row&#8221; use_row_as_full_screen_section=&#8221;no&#8221; type=&#8221;full_width&#8221; angled_section=&#8221;no&#8221; text_align=&#8221;center&#8221; background_image_as_pattern=&#8221;without_pattern&#8221; z_index=&#8221;&#8221; background_image=&#8221;469&#8243; el_class=&#8221;slider-image&#8221;][vc_column][vc_column_text] EQUINIX VERHALTENSKODEX [\/vc_column_text][\/vc_column][\/vc_row][vc_row css_animation=&#8221;&#8221; row_type=&#8221;row&#8221; use_row_as_full_screen_section=&#8221;no&#8221; type=&#8221;grid&#8221; angled_section=&#8221;no&#8221; text_align=&#8221;left&#8221; background_image_as_pattern=&#8221;without_pattern&#8221; z_index=&#8221;&#8221; padding_top=&#8221;50&#8243; padding_bottom=&#8221;32&#8243; el_class=&#8221;our-message&#8221;][vc_column width=&#8221;2\/3&#8243;][vc_single_image image=&#8221;503&#8243; img_size=&#8221;full&#8221; qode_css_animation=&#8221;&#8221;][vc_empty_space height=&#8221;8px&#8221;][vc_column_text] UNSERE BOTSCHAFT Liebe Kolleginnen und Kollegen,\u00a0 \u00a0wir bei Equinix sind unglaublich stolz auf die erfolgreiche&#8230;<\/p>\n","protected":false},"author":1,"featured_media":0,"parent":0,"menu_order":0,"comment_status":"closed","ping_status":"closed","template":"full_width.php","meta":{"inline_featured_image":false,"footnotes":""},"class_list":["post-491","page","type-page","status-publish","hentry"],"yoast_head":"<!-- This site is optimized with the Yoast SEO plugin v25.8 - https:\/\/yoast.com\/wordpress\/plugins\/seo\/ -->\n<title>Homepage - Equinix Code of Business Conduct<\/title>\n<meta name=\"robots\" content=\"index, follow, max-snippet:-1, max-image-preview:large, max-video-preview:-1\" \/>\n<link rel=\"canonical\" href=\"https:\/\/169.254.129.2\/\" \/>\n<meta property=\"og:locale\" content=\"de_DE\" \/>\n<meta property=\"og:type\" content=\"article\" \/>\n<meta property=\"og:title\" content=\"Homepage - Equinix Code of Business Conduct\" \/>\n<meta property=\"og:description\" content=\"[vc_row css_animation=&#8221;&#8221; row_type=&#8221;row&#8221; use_row_as_full_screen_section=&#8221;no&#8221; type=&#8221;full_width&#8221; angled_section=&#8221;no&#8221; text_align=&#8221;center&#8221; background_image_as_pattern=&#8221;without_pattern&#8221; z_index=&#8221;&#8221; background_image=&#8221;469&#8243; el_class=&#8221;slider-image&#8221;][vc_column][vc_column_text] EQUINIX VERHALTENSKODEX [\/vc_column_text][\/vc_column][\/vc_row][vc_row css_animation=&#8221;&#8221; row_type=&#8221;row&#8221; use_row_as_full_screen_section=&#8221;no&#8221; type=&#8221;grid&#8221; angled_section=&#8221;no&#8221; text_align=&#8221;left&#8221; background_image_as_pattern=&#8221;without_pattern&#8221; z_index=&#8221;&#8221; padding_top=&#8221;50&#8243; padding_bottom=&#8221;32&#8243; el_class=&#8221;our-message&#8221;][vc_column width=&#8221;2\/3&#8243;][vc_single_image image=&#8221;503&#8243; img_size=&#8221;full&#8221; qode_css_animation=&#8221;&#8221;][vc_empty_space height=&#8221;8px&#8221;][vc_column_text] UNSERE BOTSCHAFT Liebe Kolleginnen und Kollegen,\u00a0 \u00a0wir bei Equinix sind unglaublich stolz auf die erfolgreiche...\" \/>\n<meta property=\"og:url\" content=\"https:\/\/169.254.129.2\/\" \/>\n<meta property=\"og:site_name\" content=\"Equinix Code of Business Conduct\" \/>\n<meta property=\"article:modified_time\" content=\"2024-11-27T00:33:29+00:00\" \/>\n<meta name=\"twitter:card\" content=\"summary_large_image\" \/>\n<meta name=\"twitter:label1\" content=\"Gesch\u00e4tzte Lesezeit\" \/>\n\t<meta name=\"twitter:data1\" content=\"5\u00a0Minuten\" \/>\n<script type=\"application\/ld+json\" class=\"yoast-schema-graph\">{\"@context\":\"https:\/\/schema.org\",\"@graph\":[{\"@type\":\"WebPage\",\"@id\":\"https:\/\/169.254.129.2\/\",\"url\":\"https:\/\/169.254.129.2\/\",\"name\":\"Homepage - Equinix Code of Business Conduct\",\"isPartOf\":{\"@id\":\"https:\/\/cobc-prod.azurewebsites.net\/#website\"},\"datePublished\":\"2021-03-10T05:32:20+00:00\",\"dateModified\":\"2024-11-27T00:33:29+00:00\",\"breadcrumb\":{\"@id\":\"https:\/\/169.254.129.2\/#breadcrumb\"},\"inLanguage\":\"de\",\"potentialAction\":[{\"@type\":\"ReadAction\",\"target\":[\"https:\/\/169.254.129.2\/\"]}]},{\"@type\":\"BreadcrumbList\",\"@id\":\"https:\/\/169.254.129.2\/#breadcrumb\",\"itemListElement\":[{\"@type\":\"ListItem\",\"position\":1,\"name\":\"Home\",\"item\":\"https:\/\/169.254.129.2\/\"},{\"@type\":\"ListItem\",\"position\":2,\"name\":\"Homepage\"}]},{\"@type\":\"WebSite\",\"@id\":\"https:\/\/cobc-prod.azurewebsites.net\/#website\",\"url\":\"https:\/\/cobc-prod.azurewebsites.net\/\",\"name\":\"Equinix Code of Business Conduct\",\"description\":\"\",\"potentialAction\":[{\"@type\":\"SearchAction\",\"target\":{\"@type\":\"EntryPoint\",\"urlTemplate\":\"https:\/\/cobc-prod.azurewebsites.net\/?s={search_term_string}\"},\"query-input\":{\"@type\":\"PropertyValueSpecification\",\"valueRequired\":true,\"valueName\":\"search_term_string\"}}],\"inLanguage\":\"de\"}]}<\/script>\n<!-- \/ Yoast SEO plugin. -->","yoast_head_json":{"title":"Homepage - Equinix Code of Business Conduct","robots":{"index":"index","follow":"follow","max-snippet":"max-snippet:-1","max-image-preview":"max-image-preview:large","max-video-preview":"max-video-preview:-1"},"canonical":"https:\/\/169.254.129.2\/","og_locale":"de_DE","og_type":"article","og_title":"Homepage - Equinix Code of Business Conduct","og_description":"[vc_row css_animation=&#8221;&#8221; row_type=&#8221;row&#8221; use_row_as_full_screen_section=&#8221;no&#8221; type=&#8221;full_width&#8221; angled_section=&#8221;no&#8221; text_align=&#8221;center&#8221; background_image_as_pattern=&#8221;without_pattern&#8221; z_index=&#8221;&#8221; background_image=&#8221;469&#8243; el_class=&#8221;slider-image&#8221;][vc_column][vc_column_text] EQUINIX VERHALTENSKODEX [\/vc_column_text][\/vc_column][\/vc_row][vc_row css_animation=&#8221;&#8221; row_type=&#8221;row&#8221; use_row_as_full_screen_section=&#8221;no&#8221; type=&#8221;grid&#8221; angled_section=&#8221;no&#8221; text_align=&#8221;left&#8221; background_image_as_pattern=&#8221;without_pattern&#8221; z_index=&#8221;&#8221; padding_top=&#8221;50&#8243; padding_bottom=&#8221;32&#8243; el_class=&#8221;our-message&#8221;][vc_column width=&#8221;2\/3&#8243;][vc_single_image image=&#8221;503&#8243; img_size=&#8221;full&#8221; qode_css_animation=&#8221;&#8221;][vc_empty_space height=&#8221;8px&#8221;][vc_column_text] UNSERE BOTSCHAFT Liebe Kolleginnen und Kollegen,\u00a0 \u00a0wir bei Equinix sind unglaublich stolz auf die erfolgreiche...","og_url":"https:\/\/169.254.129.2\/","og_site_name":"Equinix Code of Business Conduct","article_modified_time":"2024-11-27T00:33:29+00:00","twitter_card":"summary_large_image","twitter_misc":{"Gesch\u00e4tzte Lesezeit":"5\u00a0Minuten"},"schema":{"@context":"https:\/\/schema.org","@graph":[{"@type":"WebPage","@id":"https:\/\/169.254.129.2\/","url":"https:\/\/169.254.129.2\/","name":"Homepage - Equinix Code of Business Conduct","isPartOf":{"@id":"https:\/\/cobc-prod.azurewebsites.net\/#website"},"datePublished":"2021-03-10T05:32:20+00:00","dateModified":"2024-11-27T00:33:29+00:00","breadcrumb":{"@id":"https:\/\/169.254.129.2\/#breadcrumb"},"inLanguage":"de","potentialAction":[{"@type":"ReadAction","target":["https:\/\/169.254.129.2\/"]}]},{"@type":"BreadcrumbList","@id":"https:\/\/169.254.129.2\/#breadcrumb","itemListElement":[{"@type":"ListItem","position":1,"name":"Home","item":"https:\/\/169.254.129.2\/"},{"@type":"ListItem","position":2,"name":"Homepage"}]},{"@type":"WebSite","@id":"https:\/\/cobc-prod.azurewebsites.net\/#website","url":"https:\/\/cobc-prod.azurewebsites.net\/","name":"Equinix Code of Business Conduct","description":"","potentialAction":[{"@type":"SearchAction","target":{"@type":"EntryPoint","urlTemplate":"https:\/\/cobc-prod.azurewebsites.net\/?s={search_term_string}"},"query-input":{"@type":"PropertyValueSpecification","valueRequired":true,"valueName":"search_term_string"}}],"inLanguage":"de"}]}},"_links":{"self":[{"href":"https:\/\/codeofbusinessconduct.equinix.com\/de\/wp-json\/wp\/v2\/pages\/491","targetHints":{"allow":["GET"]}}],"collection":[{"href":"https:\/\/codeofbusinessconduct.equinix.com\/de\/wp-json\/wp\/v2\/pages"}],"about":[{"href":"https:\/\/codeofbusinessconduct.equinix.com\/de\/wp-json\/wp\/v2\/types\/page"}],"author":[{"embeddable":true,"href":"https:\/\/codeofbusinessconduct.equinix.com\/de\/wp-json\/wp\/v2\/users\/1"}],"replies":[{"embeddable":true,"href":"https:\/\/codeofbusinessconduct.equinix.com\/de\/wp-json\/wp\/v2\/comments?post=491"}],"version-history":[{"count":12,"href":"https:\/\/codeofbusinessconduct.equinix.com\/de\/wp-json\/wp\/v2\/pages\/491\/revisions"}],"predecessor-version":[{"id":4889,"href":"https:\/\/codeofbusinessconduct.equinix.com\/de\/wp-json\/wp\/v2\/pages\/491\/revisions\/4889"}],"wp:attachment":[{"href":"https:\/\/codeofbusinessconduct.equinix.com\/de\/wp-json\/wp\/v2\/media?parent=491"}],"curies":[{"name":"wp","href":"https:\/\/api.w.org\/{rel}","templated":true}]}}